{"id":9815,"date":"2021-06-24T18:09:05","date_gmt":"2021-06-24T18:09:05","guid":{"rendered":"https:\/\/amedis.es\/tienda\/?post_type=product&#038;p=9815"},"modified":"2026-02-12T17:22:47","modified_gmt":"2026-02-12T17:22:47","slug":"aspirador-quirurgico-esteril-omnia-32-f2046","status":"publish","type":"product","link":"https:\/\/amedis.es\/tienda\/producto\/aspirador-quirurgico-esteril-omnia-32-f2046\/","title":{"rendered":"ASPIRADOR QUIR\u00daRGICO EST\u00c9RIL OMNIA 32.F2046"},"content":{"rendered":"<p>Aspirador quir\u00fargico est\u00e9ril con c\u00e1nula, fabricado en PVC transparente. Contiene 10 unidades por caja. Manguera est\u00e9ril desechable sin recuperador de hueso.<\/p>\n","protected":false},"excerpt":{"rendered":"<p>CONTENIDO: 10 unidades x 2,20 m.<\/p>\n","protected":false},"featured_media":2688,"template":"","meta":[],"pwb-brand":[2390],"product_brand":[],"product_cat":[474,89],"product_tag":[],"class_list":{"0":"post-9815","1":"product","2":"type-product","3":"status-publish","4":"has-post-thumbnail","6":"pwb-brand-omnia","7":"product_cat-aspiradores-quirurgicos","8":"product_cat-desechables","10":"first","11":"instock","12":"sale","13":"taxable","14":"shipping-taxable","15":"purchasable","16":"product-type-simple"},"yoast_head":"<!-- This site is optimized with the Yoast SEO plugin v27.4 - https:\/\/yoast.com\/product\/yoast-seo-wordpress\/ -->\n<title>Amedis | ASPIRADOR QUIR\u00daRGICO EST\u00c9RIL OMNIA 32.F2046 | Omnia<\/title>\n<meta name=\"description\" content=\"Aspirador quir\u00fargico est\u00e9ril con c\u00e1nula, fabricado en PVC transparente. Contiene 10 unidades por caja. Manguera est\u00e9ril\" \/>\n<meta name=\"robots\" content=\"index, follow, max-snippet:-1, max-image-preview:large, max-video-preview:-1\" \/>\n<link rel=\"canonical\" href=\"https:\/\/amedis.es\/tienda\/producto\/aspirador-quirurgico-esteril-omnia-32-f2046\/\" \/>\n<meta property=\"og:locale\" content=\"es_ES\" \/>\n<meta property=\"og:type\" content=\"article\" \/>\n<meta property=\"og:title\" content=\"Amedis | ASPIRADOR QUIR\u00daRGICO EST\u00c9RIL OMNIA 32.F2046 | Omnia\" \/>\n<meta property=\"og:description\" content=\"Aspirador quir\u00fargico est\u00e9ril con c\u00e1nula, fabricado en PVC transparente. Contiene 10 unidades por caja. Manguera est\u00e9ril\" \/>\n<meta property=\"og:url\" content=\"https:\/\/amedis.es\/tienda\/producto\/aspirador-quirurgico-esteril-omnia-32-f2046\/\" \/>\n<meta property=\"og:site_name\" content=\"Amedis\" \/>\n<meta property=\"article:modified_time\" content=\"2026-02-12T17:22:47+00:00\" \/>\n<meta property=\"og:image\" content=\"https:\/\/amedis.es\/tienda\/wp-content\/uploads\/2020\/11\/ASPIRADOR-QUIRURGICO-OMNA.jpg\" \/>\n\t<meta property=\"og:image:width\" content=\"600\" \/>\n\t<meta property=\"og:image:height\" content=\"600\" \/>\n\t<meta property=\"og:image:type\" content=\"image\/jpeg\" \/>\n<meta name=\"twitter:card\" content=\"summary_large_image\" \/>\n<meta name=\"twitter:label1\" content=\"Tiempo de lectura\" \/>\n\t<meta name=\"twitter:data1\" content=\"1 minuto\" \/>\n<script type=\"application\/ld+json\" class=\"yoast-schema-graph\">{\"@context\":\"https:\\\/\\\/schema.org\",\"@graph\":[{\"@type\":\"WebPage\",\"@id\":\"https:\\\/\\\/amedis.es\\\/tienda\\\/producto\\\/aspirador-quirurgico-esteril-omnia-32-f2046\\\/\",\"url\":\"https:\\\/\\\/amedis.es\\\/tienda\\\/producto\\\/aspirador-quirurgico-esteril-omnia-32-f2046\\\/\",\"name\":\"Amedis | ASPIRADOR QUIR\u00daRGICO EST\u00c9RIL OMNIA 32.F2046 | Omnia\",\"isPartOf\":{\"@id\":\"https:\\\/\\\/amedis.es\\\/tienda\\\/#website\"},\"primaryImageOfPage\":{\"@id\":\"https:\\\/\\\/amedis.es\\\/tienda\\\/producto\\\/aspirador-quirurgico-esteril-omnia-32-f2046\\\/#primaryimage\"},\"image\":{\"@id\":\"https:\\\/\\\/amedis.es\\\/tienda\\\/producto\\\/aspirador-quirurgico-esteril-omnia-32-f2046\\\/#primaryimage\"},\"thumbnailUrl\":\"https:\\\/\\\/amedis.es\\\/tienda\\\/wp-content\\\/uploads\\\/2020\\\/11\\\/ASPIRADOR-QUIRURGICO-OMNA.jpg\",\"datePublished\":\"2021-06-24T18:09:05+00:00\",\"dateModified\":\"2026-02-12T17:22:47+00:00\",\"description\":\"Aspirador quir\u00fargico est\u00e9ril con c\u00e1nula, fabricado en PVC transparente. Contiene 10 unidades por caja. Manguera est\u00e9ril\",\"breadcrumb\":{\"@id\":\"https:\\\/\\\/amedis.es\\\/tienda\\\/producto\\\/aspirador-quirurgico-esteril-omnia-32-f2046\\\/#breadcrumb\"},\"inLanguage\":\"es\",\"potentialAction\":[{\"@type\":\"ReadAction\",\"target\":[\"https:\\\/\\\/amedis.es\\\/tienda\\\/producto\\\/aspirador-quirurgico-esteril-omnia-32-f2046\\\/\"]}]},{\"@type\":\"ImageObject\",\"inLanguage\":\"es\",\"@id\":\"https:\\\/\\\/amedis.es\\\/tienda\\\/producto\\\/aspirador-quirurgico-esteril-omnia-32-f2046\\\/#primaryimage\",\"url\":\"https:\\\/\\\/amedis.es\\\/tienda\\\/wp-content\\\/uploads\\\/2020\\\/11\\\/ASPIRADOR-QUIRURGICO-OMNA.jpg\",\"contentUrl\":\"https:\\\/\\\/amedis.es\\\/tienda\\\/wp-content\\\/uploads\\\/2020\\\/11\\\/ASPIRADOR-QUIRURGICO-OMNA.jpg\",\"width\":600,\"height\":600,\"caption\":\"Amedis ASPIRADOR QUIRURGICO OMNA\"},{\"@type\":\"BreadcrumbList\",\"@id\":\"https:\\\/\\\/amedis.es\\\/tienda\\\/producto\\\/aspirador-quirurgico-esteril-omnia-32-f2046\\\/#breadcrumb\",\"itemListElement\":[{\"@type\":\"ListItem\",\"position\":1,\"name\":\"Portada\",\"item\":\"https:\\\/\\\/amedis.es\\\/tienda\\\/\"},{\"@type\":\"ListItem\",\"position\":2,\"name\":\"Amedis | Suministros M\u00e9dicos y Dentales | Tienda\",\"item\":\"https:\\\/\\\/amedis.es\\\/tienda\\\/suministros-medicos-y-dentales\\\/\"},{\"@type\":\"ListItem\",\"position\":3,\"name\":\"ASPIRADOR QUIR\u00daRGICO EST\u00c9RIL OMNIA 32.F2046\"}]},{\"@type\":\"WebSite\",\"@id\":\"https:\\\/\\\/amedis.es\\\/tienda\\\/#website\",\"url\":\"https:\\\/\\\/amedis.es\\\/tienda\\\/\",\"name\":\"Amedis\",\"description\":\"Suministros M\u00e9dicos y Dentales\",\"publisher\":{\"@id\":\"https:\\\/\\\/amedis.es\\\/tienda\\\/#organization\"},\"potentialAction\":[{\"@type\":\"SearchAction\",\"target\":{\"@type\":\"EntryPoint\",\"urlTemplate\":\"https:\\\/\\\/amedis.es\\\/tienda\\\/?s={search_term_string}\"},\"query-input\":{\"@type\":\"PropertyValueSpecification\",\"valueRequired\":true,\"valueName\":\"search_term_string\"}}],\"inLanguage\":\"es\"},{\"@type\":\"Organization\",\"@id\":\"https:\\\/\\\/amedis.es\\\/tienda\\\/#organization\",\"name\":\"Amedis | Suministros M\u00e9dicos y Dentales\",\"url\":\"https:\\\/\\\/amedis.es\\\/tienda\\\/\",\"logo\":{\"@type\":\"ImageObject\",\"inLanguage\":\"es\",\"@id\":\"https:\\\/\\\/amedis.es\\\/tienda\\\/#\\\/schema\\\/logo\\\/image\\\/\",\"url\":\"https:\\\/\\\/amedis.es\\\/tienda\\\/wp-content\\\/uploads\\\/2020\\\/05\\\/logo-1.png\",\"contentUrl\":\"https:\\\/\\\/amedis.es\\\/tienda\\\/wp-content\\\/uploads\\\/2020\\\/05\\\/logo-1.png\",\"width\":191,\"height\":80,\"caption\":\"Amedis | Suministros M\u00e9dicos y Dentales\"},\"image\":{\"@id\":\"https:\\\/\\\/amedis.es\\\/tienda\\\/#\\\/schema\\\/logo\\\/image\\\/\"}}]}<\/script>\n<!-- \/ Yoast SEO plugin. -->","yoast_head_json":{"title":"Amedis | ASPIRADOR QUIR\u00daRGICO EST\u00c9RIL OMNIA 32.F2046 | Omnia","description":"Aspirador quir\u00fargico est\u00e9ril con c\u00e1nula, fabricado en PVC transparente. Contiene 10 unidades por caja. Manguera est\u00e9ril","robots":{"index":"index","follow":"follow","max-snippet":"max-snippet:-1","max-image-preview":"max-image-preview:large","max-video-preview":"max-video-preview:-1"},"canonical":"https:\/\/amedis.es\/tienda\/producto\/aspirador-quirurgico-esteril-omnia-32-f2046\/","og_locale":"es_ES","og_type":"article","og_title":"Amedis | ASPIRADOR QUIR\u00daRGICO EST\u00c9RIL OMNIA 32.F2046 | Omnia","og_description":"Aspirador quir\u00fargico est\u00e9ril con c\u00e1nula, fabricado en PVC transparente. Contiene 10 unidades por caja. Manguera est\u00e9ril","og_url":"https:\/\/amedis.es\/tienda\/producto\/aspirador-quirurgico-esteril-omnia-32-f2046\/","og_site_name":"Amedis","article_modified_time":"2026-02-12T17:22:47+00:00","og_image":[{"width":600,"height":600,"url":"https:\/\/amedis.es\/tienda\/wp-content\/uploads\/2020\/11\/ASPIRADOR-QUIRURGICO-OMNA.jpg","type":"image\/jpeg"}],"twitter_card":"summary_large_image","twitter_misc":{"Tiempo de lectura":"1 minuto"},"schema":{"@context":"https:\/\/schema.org","@graph":[{"@type":"WebPage","@id":"https:\/\/amedis.es\/tienda\/producto\/aspirador-quirurgico-esteril-omnia-32-f2046\/","url":"https:\/\/amedis.es\/tienda\/producto\/aspirador-quirurgico-esteril-omnia-32-f2046\/","name":"Amedis | ASPIRADOR QUIR\u00daRGICO EST\u00c9RIL OMNIA 32.F2046 | Omnia","isPartOf":{"@id":"https:\/\/amedis.es\/tienda\/#website"},"primaryImageOfPage":{"@id":"https:\/\/amedis.es\/tienda\/producto\/aspirador-quirurgico-esteril-omnia-32-f2046\/#primaryimage"},"image":{"@id":"https:\/\/amedis.es\/tienda\/producto\/aspirador-quirurgico-esteril-omnia-32-f2046\/#primaryimage"},"thumbnailUrl":"https:\/\/amedis.es\/tienda\/wp-content\/uploads\/2020\/11\/ASPIRADOR-QUIRURGICO-OMNA.jpg","datePublished":"2021-06-24T18:09:05+00:00","dateModified":"2026-02-12T17:22:47+00:00","description":"Aspirador quir\u00fargico est\u00e9ril con c\u00e1nula, fabricado en PVC transparente. Contiene 10 unidades por caja. Manguera est\u00e9ril","breadcrumb":{"@id":"https:\/\/amedis.es\/tienda\/producto\/aspirador-quirurgico-esteril-omnia-32-f2046\/#breadcrumb"},"inLanguage":"es","potentialAction":[{"@type":"ReadAction","target":["https:\/\/amedis.es\/tienda\/producto\/aspirador-quirurgico-esteril-omnia-32-f2046\/"]}]},{"@type":"ImageObject","inLanguage":"es","@id":"https:\/\/amedis.es\/tienda\/producto\/aspirador-quirurgico-esteril-omnia-32-f2046\/#primaryimage","url":"https:\/\/amedis.es\/tienda\/wp-content\/uploads\/2020\/11\/ASPIRADOR-QUIRURGICO-OMNA.jpg","contentUrl":"https:\/\/amedis.es\/tienda\/wp-content\/uploads\/2020\/11\/ASPIRADOR-QUIRURGICO-OMNA.jpg","width":600,"height":600,"caption":"Amedis ASPIRADOR QUIRURGICO OMNA"},{"@type":"BreadcrumbList","@id":"https:\/\/amedis.es\/tienda\/producto\/aspirador-quirurgico-esteril-omnia-32-f2046\/#breadcrumb","itemListElement":[{"@type":"ListItem","position":1,"name":"Portada","item":"https:\/\/amedis.es\/tienda\/"},{"@type":"ListItem","position":2,"name":"Amedis | Suministros M\u00e9dicos y Dentales | Tienda","item":"https:\/\/amedis.es\/tienda\/suministros-medicos-y-dentales\/"},{"@type":"ListItem","position":3,"name":"ASPIRADOR QUIR\u00daRGICO EST\u00c9RIL OMNIA 32.F2046"}]},{"@type":"WebSite","@id":"https:\/\/amedis.es\/tienda\/#website","url":"https:\/\/amedis.es\/tienda\/","name":"Amedis","description":"Suministros M\u00e9dicos y Dentales","publisher":{"@id":"https:\/\/amedis.es\/tienda\/#organization"},"potentialAction":[{"@type":"SearchAction","target":{"@type":"EntryPoint","urlTemplate":"https:\/\/amedis.es\/tienda\/?s={search_term_string}"},"query-input":{"@type":"PropertyValueSpecification","valueRequired":true,"valueName":"search_term_string"}}],"inLanguage":"es"},{"@type":"Organization","@id":"https:\/\/amedis.es\/tienda\/#organization","name":"Amedis | Suministros M\u00e9dicos y Dentales","url":"https:\/\/amedis.es\/tienda\/","logo":{"@type":"ImageObject","inLanguage":"es","@id":"https:\/\/amedis.es\/tienda\/#\/schema\/logo\/image\/","url":"https:\/\/amedis.es\/tienda\/wp-content\/uploads\/2020\/05\/logo-1.png","contentUrl":"https:\/\/amedis.es\/tienda\/wp-content\/uploads\/2020\/05\/logo-1.png","width":191,"height":80,"caption":"Amedis | Suministros M\u00e9dicos y Dentales"},"image":{"@id":"https:\/\/amedis.es\/tienda\/#\/schema\/logo\/image\/"}}]}},"brands":[{"id":2390,"name":"OMNIA","slug":"omnia"}],"_links":{"self":[{"href":"https:\/\/amedis.es\/tienda\/wp-json\/wp\/v2\/product\/9815","targetHints":{"allow":["GET"]}}],"collection":[{"href":"https:\/\/amedis.es\/tienda\/wp-json\/wp\/v2\/product"}],"about":[{"href":"https:\/\/amedis.es\/tienda\/wp-json\/wp\/v2\/types\/product"}],"wp:featuredmedia":[{"embeddable":true,"href":"https:\/\/amedis.es\/tienda\/wp-json\/wp\/v2\/media\/2688"}],"wp:attachment":[{"href":"https:\/\/amedis.es\/tienda\/wp-json\/wp\/v2\/media?parent=9815"}],"wp:term":[{"taxonomy":"pwb-brand","embeddable":true,"href":"https:\/\/amedis.es\/tienda\/wp-json\/wp\/v2\/pwb-brand?post=9815"},{"taxonomy":"product_brand","embeddable":true,"href":"https:\/\/amedis.es\/tienda\/wp-json\/wp\/v2\/product_brand?post=9815"},{"taxonomy":"product_cat","embeddable":true,"href":"https:\/\/amedis.es\/tienda\/wp-json\/wp\/v2\/product_cat?post=9815"},{"taxonomy":"product_tag","embeddable":true,"href":"https:\/\/amedis.es\/tienda\/wp-json\/wp\/v2\/product_tag?post=9815"}],"curies":[{"name":"wp","href":"https:\/\/api.w.org\/{rel}","templated":true}]}}