{"id":9736,"date":"2021-06-17T19:09:10","date_gmt":"2021-06-17T19:09:10","guid":{"rendered":"https:\/\/amedis.es\/tienda\/?post_type=product&#038;p=9736"},"modified":"2026-04-07T09:58:47","modified_gmt":"2026-04-07T09:58:47","slug":"dispensador-roeko-rollomat-plastico-blanco","status":"publish","type":"product","link":"https:\/\/amedis.es\/tienda\/producto\/dispensador-roeko-rollomat-plastico-blanco\/","title":{"rendered":"DISPENSADOR ROEKO ROLLOMAT PLASTICO BLANCO"},"content":{"rendered":"<p>Dispensador Roeko rollomat pl\u00e1stico blanco. El sistema es tan simple como genial: una breve presi\u00f3n sobre la tapa basta para dispensar un \u00fanico rollo de algod\u00f3n que queda situado en la leng\u00fceta dispensadora de forma fiable.<\/p>\n","protected":false},"excerpt":{"rendered":"<p>CONTENIDO: 1 unidad.<\/p>\n","protected":false},"featured_media":9737,"template":"","meta":[],"pwb-brand":[2383],"product_brand":[],"product_cat":[114,89],"product_tag":[],"class_list":{"0":"post-9736","1":"product","2":"type-product","3":"status-publish","4":"has-post-thumbnail","6":"pwb-brand-roeko","7":"product_cat-algodoneras-y-dispensadores","8":"product_cat-desechables","10":"first","11":"onbackorder","12":"sale","13":"taxable","14":"shipping-taxable","15":"purchasable","16":"product-type-simple"},"yoast_head":"<!-- This site is optimized with the Yoast SEO plugin v27.3 - https:\/\/yoast.com\/product\/yoast-seo-wordpress\/ -->\n<title>DISPENSADOR ROEKO ROLLOMAT PLASTICO BLANCO | Amedis<\/title>\n<meta name=\"description\" content=\"Dispensador Roeko rollomat plastico blanco. El sistema es tan simple como genial: una breve presi\u00f3n sobre la tapa\" \/>\n<meta name=\"robots\" content=\"index, follow, max-snippet:-1, max-image-preview:large, max-video-preview:-1\" \/>\n<link rel=\"canonical\" href=\"https:\/\/amedis.es\/tienda\/producto\/dispensador-roeko-rollomat-plastico-blanco\/\" \/>\n<meta property=\"og:locale\" content=\"es_ES\" \/>\n<meta property=\"og:type\" content=\"article\" \/>\n<meta property=\"og:title\" content=\"DISPENSADOR ROEKO ROLLOMAT PLASTICO BLANCO | Amedis\" \/>\n<meta property=\"og:description\" content=\"Dispensador Roeko rollomat plastico blanco. El sistema es tan simple como genial: una breve presi\u00f3n sobre la tapa\" \/>\n<meta property=\"og:url\" content=\"https:\/\/amedis.es\/tienda\/producto\/dispensador-roeko-rollomat-plastico-blanco\/\" \/>\n<meta property=\"og:site_name\" content=\"Amedis\" \/>\n<meta property=\"article:modified_time\" content=\"2026-04-07T09:58:47+00:00\" \/>\n<meta property=\"og:image\" content=\"https:\/\/amedis.es\/tienda\/wp-content\/uploads\/2021\/06\/DISPENSADOR-ROEKO-ROLLOMAT-PLASTICO-BLANCO.jpg\" \/>\n\t<meta property=\"og:image:width\" content=\"600\" \/>\n\t<meta property=\"og:image:height\" content=\"600\" \/>\n\t<meta property=\"og:image:type\" content=\"image\/jpeg\" \/>\n<meta name=\"twitter:card\" content=\"summary_large_image\" \/>\n<meta name=\"twitter:label1\" content=\"Tiempo de lectura\" \/>\n\t<meta name=\"twitter:data1\" content=\"1 minuto\" \/>\n<script type=\"application\/ld+json\" class=\"yoast-schema-graph\">{\"@context\":\"https:\\\/\\\/schema.org\",\"@graph\":[{\"@type\":\"WebPage\",\"@id\":\"https:\\\/\\\/amedis.es\\\/tienda\\\/producto\\\/dispensador-roeko-rollomat-plastico-blanco\\\/\",\"url\":\"https:\\\/\\\/amedis.es\\\/tienda\\\/producto\\\/dispensador-roeko-rollomat-plastico-blanco\\\/\",\"name\":\"DISPENSADOR ROEKO ROLLOMAT PLASTICO BLANCO | Amedis\",\"isPartOf\":{\"@id\":\"https:\\\/\\\/amedis.es\\\/tienda\\\/#website\"},\"primaryImageOfPage\":{\"@id\":\"https:\\\/\\\/amedis.es\\\/tienda\\\/producto\\\/dispensador-roeko-rollomat-plastico-blanco\\\/#primaryimage\"},\"image\":{\"@id\":\"https:\\\/\\\/amedis.es\\\/tienda\\\/producto\\\/dispensador-roeko-rollomat-plastico-blanco\\\/#primaryimage\"},\"thumbnailUrl\":\"https:\\\/\\\/amedis.es\\\/tienda\\\/wp-content\\\/uploads\\\/2021\\\/06\\\/DISPENSADOR-ROEKO-ROLLOMAT-PLASTICO-BLANCO.jpg\",\"datePublished\":\"2021-06-17T19:09:10+00:00\",\"dateModified\":\"2026-04-07T09:58:47+00:00\",\"description\":\"Dispensador Roeko rollomat plastico blanco. El sistema es tan simple como genial: una breve presi\u00f3n sobre la tapa\",\"breadcrumb\":{\"@id\":\"https:\\\/\\\/amedis.es\\\/tienda\\\/producto\\\/dispensador-roeko-rollomat-plastico-blanco\\\/#breadcrumb\"},\"inLanguage\":\"es\",\"potentialAction\":[{\"@type\":\"ReadAction\",\"target\":[\"https:\\\/\\\/amedis.es\\\/tienda\\\/producto\\\/dispensador-roeko-rollomat-plastico-blanco\\\/\"]}]},{\"@type\":\"ImageObject\",\"inLanguage\":\"es\",\"@id\":\"https:\\\/\\\/amedis.es\\\/tienda\\\/producto\\\/dispensador-roeko-rollomat-plastico-blanco\\\/#primaryimage\",\"url\":\"https:\\\/\\\/amedis.es\\\/tienda\\\/wp-content\\\/uploads\\\/2021\\\/06\\\/DISPENSADOR-ROEKO-ROLLOMAT-PLASTICO-BLANCO.jpg\",\"contentUrl\":\"https:\\\/\\\/amedis.es\\\/tienda\\\/wp-content\\\/uploads\\\/2021\\\/06\\\/DISPENSADOR-ROEKO-ROLLOMAT-PLASTICO-BLANCO.jpg\",\"width\":600,\"height\":600,\"caption\":\"Amedis DISPENSADOR ROEKO ROLLOMAT PLASTICO BLANCO\"},{\"@type\":\"BreadcrumbList\",\"@id\":\"https:\\\/\\\/amedis.es\\\/tienda\\\/producto\\\/dispensador-roeko-rollomat-plastico-blanco\\\/#breadcrumb\",\"itemListElement\":[{\"@type\":\"ListItem\",\"position\":1,\"name\":\"Portada\",\"item\":\"https:\\\/\\\/amedis.es\\\/tienda\\\/\"},{\"@type\":\"ListItem\",\"position\":2,\"name\":\"Amedis | Suministros M\u00e9dicos y Dentales | Tienda\",\"item\":\"https:\\\/\\\/amedis.es\\\/tienda\\\/suministros-medicos-y-dentales\\\/\"},{\"@type\":\"ListItem\",\"position\":3,\"name\":\"DISPENSADOR ROEKO ROLLOMAT PLASTICO BLANCO\"}]},{\"@type\":\"WebSite\",\"@id\":\"https:\\\/\\\/amedis.es\\\/tienda\\\/#website\",\"url\":\"https:\\\/\\\/amedis.es\\\/tienda\\\/\",\"name\":\"Amedis\",\"description\":\"Suministros M\u00e9dicos y Dentales\",\"publisher\":{\"@id\":\"https:\\\/\\\/amedis.es\\\/tienda\\\/#organization\"},\"potentialAction\":[{\"@type\":\"SearchAction\",\"target\":{\"@type\":\"EntryPoint\",\"urlTemplate\":\"https:\\\/\\\/amedis.es\\\/tienda\\\/?s={search_term_string}\"},\"query-input\":{\"@type\":\"PropertyValueSpecification\",\"valueRequired\":true,\"valueName\":\"search_term_string\"}}],\"inLanguage\":\"es\"},{\"@type\":\"Organization\",\"@id\":\"https:\\\/\\\/amedis.es\\\/tienda\\\/#organization\",\"name\":\"Amedis | Suministros M\u00e9dicos y Dentales\",\"url\":\"https:\\\/\\\/amedis.es\\\/tienda\\\/\",\"logo\":{\"@type\":\"ImageObject\",\"inLanguage\":\"es\",\"@id\":\"https:\\\/\\\/amedis.es\\\/tienda\\\/#\\\/schema\\\/logo\\\/image\\\/\",\"url\":\"https:\\\/\\\/amedis.es\\\/tienda\\\/wp-content\\\/uploads\\\/2020\\\/05\\\/logo-1.png\",\"contentUrl\":\"https:\\\/\\\/amedis.es\\\/tienda\\\/wp-content\\\/uploads\\\/2020\\\/05\\\/logo-1.png\",\"width\":191,\"height\":80,\"caption\":\"Amedis | Suministros M\u00e9dicos y Dentales\"},\"image\":{\"@id\":\"https:\\\/\\\/amedis.es\\\/tienda\\\/#\\\/schema\\\/logo\\\/image\\\/\"}}]}<\/script>\n<!-- \/ Yoast SEO plugin. -->","yoast_head_json":{"title":"DISPENSADOR ROEKO ROLLOMAT PLASTICO BLANCO | Amedis","description":"Dispensador Roeko rollomat plastico blanco. El sistema es tan simple como genial: una breve presi\u00f3n sobre la tapa","robots":{"index":"index","follow":"follow","max-snippet":"max-snippet:-1","max-image-preview":"max-image-preview:large","max-video-preview":"max-video-preview:-1"},"canonical":"https:\/\/amedis.es\/tienda\/producto\/dispensador-roeko-rollomat-plastico-blanco\/","og_locale":"es_ES","og_type":"article","og_title":"DISPENSADOR ROEKO ROLLOMAT PLASTICO BLANCO | Amedis","og_description":"Dispensador Roeko rollomat plastico blanco. El sistema es tan simple como genial: una breve presi\u00f3n sobre la tapa","og_url":"https:\/\/amedis.es\/tienda\/producto\/dispensador-roeko-rollomat-plastico-blanco\/","og_site_name":"Amedis","article_modified_time":"2026-04-07T09:58:47+00:00","og_image":[{"width":600,"height":600,"url":"https:\/\/amedis.es\/tienda\/wp-content\/uploads\/2021\/06\/DISPENSADOR-ROEKO-ROLLOMAT-PLASTICO-BLANCO.jpg","type":"image\/jpeg"}],"twitter_card":"summary_large_image","twitter_misc":{"Tiempo de lectura":"1 minuto"},"schema":{"@context":"https:\/\/schema.org","@graph":[{"@type":"WebPage","@id":"https:\/\/amedis.es\/tienda\/producto\/dispensador-roeko-rollomat-plastico-blanco\/","url":"https:\/\/amedis.es\/tienda\/producto\/dispensador-roeko-rollomat-plastico-blanco\/","name":"DISPENSADOR ROEKO ROLLOMAT PLASTICO BLANCO | Amedis","isPartOf":{"@id":"https:\/\/amedis.es\/tienda\/#website"},"primaryImageOfPage":{"@id":"https:\/\/amedis.es\/tienda\/producto\/dispensador-roeko-rollomat-plastico-blanco\/#primaryimage"},"image":{"@id":"https:\/\/amedis.es\/tienda\/producto\/dispensador-roeko-rollomat-plastico-blanco\/#primaryimage"},"thumbnailUrl":"https:\/\/amedis.es\/tienda\/wp-content\/uploads\/2021\/06\/DISPENSADOR-ROEKO-ROLLOMAT-PLASTICO-BLANCO.jpg","datePublished":"2021-06-17T19:09:10+00:00","dateModified":"2026-04-07T09:58:47+00:00","description":"Dispensador Roeko rollomat plastico blanco. El sistema es tan simple como genial: una breve presi\u00f3n sobre la tapa","breadcrumb":{"@id":"https:\/\/amedis.es\/tienda\/producto\/dispensador-roeko-rollomat-plastico-blanco\/#breadcrumb"},"inLanguage":"es","potentialAction":[{"@type":"ReadAction","target":["https:\/\/amedis.es\/tienda\/producto\/dispensador-roeko-rollomat-plastico-blanco\/"]}]},{"@type":"ImageObject","inLanguage":"es","@id":"https:\/\/amedis.es\/tienda\/producto\/dispensador-roeko-rollomat-plastico-blanco\/#primaryimage","url":"https:\/\/amedis.es\/tienda\/wp-content\/uploads\/2021\/06\/DISPENSADOR-ROEKO-ROLLOMAT-PLASTICO-BLANCO.jpg","contentUrl":"https:\/\/amedis.es\/tienda\/wp-content\/uploads\/2021\/06\/DISPENSADOR-ROEKO-ROLLOMAT-PLASTICO-BLANCO.jpg","width":600,"height":600,"caption":"Amedis DISPENSADOR ROEKO ROLLOMAT PLASTICO BLANCO"},{"@type":"BreadcrumbList","@id":"https:\/\/amedis.es\/tienda\/producto\/dispensador-roeko-rollomat-plastico-blanco\/#breadcrumb","itemListElement":[{"@type":"ListItem","position":1,"name":"Portada","item":"https:\/\/amedis.es\/tienda\/"},{"@type":"ListItem","position":2,"name":"Amedis | Suministros M\u00e9dicos y Dentales | Tienda","item":"https:\/\/amedis.es\/tienda\/suministros-medicos-y-dentales\/"},{"@type":"ListItem","position":3,"name":"DISPENSADOR ROEKO ROLLOMAT PLASTICO BLANCO"}]},{"@type":"WebSite","@id":"https:\/\/amedis.es\/tienda\/#website","url":"https:\/\/amedis.es\/tienda\/","name":"Amedis","description":"Suministros M\u00e9dicos y Dentales","publisher":{"@id":"https:\/\/amedis.es\/tienda\/#organization"},"potentialAction":[{"@type":"SearchAction","target":{"@type":"EntryPoint","urlTemplate":"https:\/\/amedis.es\/tienda\/?s={search_term_string}"},"query-input":{"@type":"PropertyValueSpecification","valueRequired":true,"valueName":"search_term_string"}}],"inLanguage":"es"},{"@type":"Organization","@id":"https:\/\/amedis.es\/tienda\/#organization","name":"Amedis | Suministros M\u00e9dicos y Dentales","url":"https:\/\/amedis.es\/tienda\/","logo":{"@type":"ImageObject","inLanguage":"es","@id":"https:\/\/amedis.es\/tienda\/#\/schema\/logo\/image\/","url":"https:\/\/amedis.es\/tienda\/wp-content\/uploads\/2020\/05\/logo-1.png","contentUrl":"https:\/\/amedis.es\/tienda\/wp-content\/uploads\/2020\/05\/logo-1.png","width":191,"height":80,"caption":"Amedis | Suministros M\u00e9dicos y Dentales"},"image":{"@id":"https:\/\/amedis.es\/tienda\/#\/schema\/logo\/image\/"}}]}},"brands":[{"id":2383,"name":"ROEKO","slug":"roeko"}],"_links":{"self":[{"href":"https:\/\/amedis.es\/tienda\/wp-json\/wp\/v2\/product\/9736","targetHints":{"allow":["GET"]}}],"collection":[{"href":"https:\/\/amedis.es\/tienda\/wp-json\/wp\/v2\/product"}],"about":[{"href":"https:\/\/amedis.es\/tienda\/wp-json\/wp\/v2\/types\/product"}],"wp:featuredmedia":[{"embeddable":true,"href":"https:\/\/amedis.es\/tienda\/wp-json\/wp\/v2\/media\/9737"}],"wp:attachment":[{"href":"https:\/\/amedis.es\/tienda\/wp-json\/wp\/v2\/media?parent=9736"}],"wp:term":[{"taxonomy":"pwb-brand","embeddable":true,"href":"https:\/\/amedis.es\/tienda\/wp-json\/wp\/v2\/pwb-brand?post=9736"},{"taxonomy":"product_brand","embeddable":true,"href":"https:\/\/amedis.es\/tienda\/wp-json\/wp\/v2\/product_brand?post=9736"},{"taxonomy":"product_cat","embeddable":true,"href":"https:\/\/amedis.es\/tienda\/wp-json\/wp\/v2\/product_cat?post=9736"},{"taxonomy":"product_tag","embeddable":true,"href":"https:\/\/amedis.es\/tienda\/wp-json\/wp\/v2\/product_tag?post=9736"}],"curies":[{"name":"wp","href":"https:\/\/api.w.org\/{rel}","templated":true}]}}