{"id":9024,"date":"2021-05-26T18:38:28","date_gmt":"2021-05-26T18:38:28","guid":{"rendered":"https:\/\/amedis.es\/tienda\/?post_type=product&#038;p=9024"},"modified":"2025-03-28T20:27:03","modified_gmt":"2025-03-28T20:27:03","slug":"multicore-flow-automezcla","status":"publish","type":"product","link":"https:\/\/amedis.es\/tienda\/producto\/multicore-flow-automezcla\/","title":{"rendered":"MULTICORE FLOW AUTOMEZCLA"},"content":{"rendered":"<p>Multicore flow automezcla. Material de mu\u00f1ones en base a composite autopolimerizable con la opci\u00f3n de fotopolimerizaci\u00f3n. Las dos consistencias dos t\u00e9cnicas y 3 colores de MultiCore ofrecen una excelente base para la elaboraci\u00f3n de mu\u00f1ones de dientes vitales y desvitalizados. Una consistencia adecuada para cada t\u00e9cnica: MultiCore HB para la elaboraci\u00f3n de mu\u00f1ones modelados y MultiCore flow para la elaboraci\u00f3n de mu\u00f1ones utilizando matrices.<\/p>\n","protected":false},"excerpt":{"rendered":"<p>CONTENIDO: 1 Jeringa de 10 gr.<\/p>\n","protected":false},"featured_media":9030,"template":"","meta":[],"pwb-brand":[2359],"product_brand":[],"product_cat":[56,63],"product_tag":[],"class_list":{"0":"post-9024","1":"product","2":"type-product","3":"status-publish","4":"has-post-thumbnail","6":"pwb-brand-ivoclar","7":"product_cat-cementos","8":"product_cat-reconstruccion-de-munones","10":"first","11":"instock","12":"sale","13":"taxable","14":"shipping-taxable","15":"purchasable","16":"product-type-variable"},"yoast_head":"<!-- This site is optimized with the Yoast SEO plugin v27.4 - https:\/\/yoast.com\/product\/yoast-seo-wordpress\/ -->\n<title>MULTICORE FLOW AUTOMEZCLA | Amedis | IVOCLAR VIVADENT<\/title>\n<meta name=\"description\" content=\"Multicore flow automezcla. Material de mu\u00f1ones en base a composite autopolimerizable con la opci\u00f3n de fotopolimerizaci\u00f3n.\" \/>\n<meta name=\"robots\" content=\"index, follow, max-snippet:-1, max-image-preview:large, max-video-preview:-1\" \/>\n<link rel=\"canonical\" href=\"https:\/\/amedis.es\/tienda\/?product=multicore-flow-automezcla\" \/>\n<meta property=\"og:locale\" content=\"es_ES\" \/>\n<meta property=\"og:type\" content=\"article\" \/>\n<meta property=\"og:title\" content=\"MULTICORE FLOW AUTOMEZCLA | Amedis | IVOCLAR VIVADENT\" \/>\n<meta property=\"og:description\" content=\"Multicore flow automezcla. Material de mu\u00f1ones en base a composite autopolimerizable con la opci\u00f3n de fotopolimerizaci\u00f3n.\" \/>\n<meta property=\"og:url\" content=\"https:\/\/amedis.es\/tienda\/?product=multicore-flow-automezcla\" \/>\n<meta property=\"og:site_name\" content=\"Amedis\" \/>\n<meta property=\"article:modified_time\" content=\"2025-03-28T20:27:03+00:00\" \/>\n<meta property=\"og:image\" content=\"https:\/\/amedis.es\/tienda\/wp-content\/uploads\/2021\/05\/MULTICORE-FLOW-AUTOMEZCLA-GC.jpg\" \/>\n\t<meta property=\"og:image:width\" content=\"600\" \/>\n\t<meta property=\"og:image:height\" content=\"600\" \/>\n\t<meta property=\"og:image:type\" content=\"image\/jpeg\" \/>\n<meta name=\"twitter:card\" content=\"summary_large_image\" \/>\n<meta name=\"twitter:label1\" content=\"Tiempo de lectura\" \/>\n\t<meta name=\"twitter:data1\" content=\"1 minuto\" \/>\n<script type=\"application\/ld+json\" class=\"yoast-schema-graph\">{\"@context\":\"https:\\\/\\\/schema.org\",\"@graph\":[{\"@type\":\"WebPage\",\"@id\":\"https:\\\/\\\/amedis.es\\\/tienda\\\/?product=multicore-flow-automezcla\",\"url\":\"https:\\\/\\\/amedis.es\\\/tienda\\\/?product=multicore-flow-automezcla\",\"name\":\"MULTICORE FLOW AUTOMEZCLA | Amedis | IVOCLAR VIVADENT\",\"isPartOf\":{\"@id\":\"https:\\\/\\\/amedis.es\\\/tienda\\\/#website\"},\"primaryImageOfPage\":{\"@id\":\"https:\\\/\\\/amedis.es\\\/tienda\\\/?product=multicore-flow-automezcla#primaryimage\"},\"image\":{\"@id\":\"https:\\\/\\\/amedis.es\\\/tienda\\\/?product=multicore-flow-automezcla#primaryimage\"},\"thumbnailUrl\":\"https:\\\/\\\/amedis.es\\\/tienda\\\/wp-content\\\/uploads\\\/2021\\\/05\\\/MULTICORE-FLOW-AUTOMEZCLA-GC.jpg\",\"datePublished\":\"2021-05-26T18:38:28+00:00\",\"dateModified\":\"2025-03-28T20:27:03+00:00\",\"description\":\"Multicore flow automezcla. Material de mu\u00f1ones en base a composite autopolimerizable con la opci\u00f3n de fotopolimerizaci\u00f3n.\",\"breadcrumb\":{\"@id\":\"https:\\\/\\\/amedis.es\\\/tienda\\\/?product=multicore-flow-automezcla#breadcrumb\"},\"inLanguage\":\"es\",\"potentialAction\":[{\"@type\":\"ReadAction\",\"target\":[\"https:\\\/\\\/amedis.es\\\/tienda\\\/?product=multicore-flow-automezcla\"]}]},{\"@type\":\"ImageObject\",\"inLanguage\":\"es\",\"@id\":\"https:\\\/\\\/amedis.es\\\/tienda\\\/?product=multicore-flow-automezcla#primaryimage\",\"url\":\"https:\\\/\\\/amedis.es\\\/tienda\\\/wp-content\\\/uploads\\\/2021\\\/05\\\/MULTICORE-FLOW-AUTOMEZCLA-GC.jpg\",\"contentUrl\":\"https:\\\/\\\/amedis.es\\\/tienda\\\/wp-content\\\/uploads\\\/2021\\\/05\\\/MULTICORE-FLOW-AUTOMEZCLA-GC.jpg\",\"width\":600,\"height\":600,\"caption\":\"Amedis MULTICORE FLOW AUTOMEZCLA GC\"},{\"@type\":\"BreadcrumbList\",\"@id\":\"https:\\\/\\\/amedis.es\\\/tienda\\\/?product=multicore-flow-automezcla#breadcrumb\",\"itemListElement\":[{\"@type\":\"ListItem\",\"position\":1,\"name\":\"Portada\",\"item\":\"https:\\\/\\\/amedis.es\\\/tienda\\\/\"},{\"@type\":\"ListItem\",\"position\":2,\"name\":\"Amedis | Suministros M\u00e9dicos y Dentales | Tienda\",\"item\":\"https:\\\/\\\/amedis.es\\\/tienda\\\/suministros-medicos-y-dentales\\\/\"},{\"@type\":\"ListItem\",\"position\":3,\"name\":\"MULTICORE FLOW AUTOMEZCLA\"}]},{\"@type\":\"WebSite\",\"@id\":\"https:\\\/\\\/amedis.es\\\/tienda\\\/#website\",\"url\":\"https:\\\/\\\/amedis.es\\\/tienda\\\/\",\"name\":\"Amedis\",\"description\":\"Suministros M\u00e9dicos y Dentales\",\"publisher\":{\"@id\":\"https:\\\/\\\/amedis.es\\\/tienda\\\/#organization\"},\"potentialAction\":[{\"@type\":\"SearchAction\",\"target\":{\"@type\":\"EntryPoint\",\"urlTemplate\":\"https:\\\/\\\/amedis.es\\\/tienda\\\/?s={search_term_string}\"},\"query-input\":{\"@type\":\"PropertyValueSpecification\",\"valueRequired\":true,\"valueName\":\"search_term_string\"}}],\"inLanguage\":\"es\"},{\"@type\":\"Organization\",\"@id\":\"https:\\\/\\\/amedis.es\\\/tienda\\\/#organization\",\"name\":\"Amedis | Suministros M\u00e9dicos y Dentales\",\"url\":\"https:\\\/\\\/amedis.es\\\/tienda\\\/\",\"logo\":{\"@type\":\"ImageObject\",\"inLanguage\":\"es\",\"@id\":\"https:\\\/\\\/amedis.es\\\/tienda\\\/#\\\/schema\\\/logo\\\/image\\\/\",\"url\":\"https:\\\/\\\/amedis.es\\\/tienda\\\/wp-content\\\/uploads\\\/2020\\\/05\\\/logo-1.png\",\"contentUrl\":\"https:\\\/\\\/amedis.es\\\/tienda\\\/wp-content\\\/uploads\\\/2020\\\/05\\\/logo-1.png\",\"width\":191,\"height\":80,\"caption\":\"Amedis | Suministros M\u00e9dicos y Dentales\"},\"image\":{\"@id\":\"https:\\\/\\\/amedis.es\\\/tienda\\\/#\\\/schema\\\/logo\\\/image\\\/\"}}]}<\/script>\n<!-- \/ Yoast SEO plugin. -->","yoast_head_json":{"title":"MULTICORE FLOW AUTOMEZCLA | Amedis | IVOCLAR VIVADENT","description":"Multicore flow automezcla. Material de mu\u00f1ones en base a composite autopolimerizable con la opci\u00f3n de fotopolimerizaci\u00f3n.","robots":{"index":"index","follow":"follow","max-snippet":"max-snippet:-1","max-image-preview":"max-image-preview:large","max-video-preview":"max-video-preview:-1"},"canonical":"https:\/\/amedis.es\/tienda\/?product=multicore-flow-automezcla","og_locale":"es_ES","og_type":"article","og_title":"MULTICORE FLOW AUTOMEZCLA | Amedis | IVOCLAR VIVADENT","og_description":"Multicore flow automezcla. Material de mu\u00f1ones en base a composite autopolimerizable con la opci\u00f3n de fotopolimerizaci\u00f3n.","og_url":"https:\/\/amedis.es\/tienda\/?product=multicore-flow-automezcla","og_site_name":"Amedis","article_modified_time":"2025-03-28T20:27:03+00:00","og_image":[{"width":600,"height":600,"url":"https:\/\/amedis.es\/tienda\/wp-content\/uploads\/2021\/05\/MULTICORE-FLOW-AUTOMEZCLA-GC.jpg","type":"image\/jpeg"}],"twitter_card":"summary_large_image","twitter_misc":{"Tiempo de lectura":"1 minuto"},"schema":{"@context":"https:\/\/schema.org","@graph":[{"@type":"WebPage","@id":"https:\/\/amedis.es\/tienda\/?product=multicore-flow-automezcla","url":"https:\/\/amedis.es\/tienda\/?product=multicore-flow-automezcla","name":"MULTICORE FLOW AUTOMEZCLA | Amedis | IVOCLAR VIVADENT","isPartOf":{"@id":"https:\/\/amedis.es\/tienda\/#website"},"primaryImageOfPage":{"@id":"https:\/\/amedis.es\/tienda\/?product=multicore-flow-automezcla#primaryimage"},"image":{"@id":"https:\/\/amedis.es\/tienda\/?product=multicore-flow-automezcla#primaryimage"},"thumbnailUrl":"https:\/\/amedis.es\/tienda\/wp-content\/uploads\/2021\/05\/MULTICORE-FLOW-AUTOMEZCLA-GC.jpg","datePublished":"2021-05-26T18:38:28+00:00","dateModified":"2025-03-28T20:27:03+00:00","description":"Multicore flow automezcla. Material de mu\u00f1ones en base a composite autopolimerizable con la opci\u00f3n de fotopolimerizaci\u00f3n.","breadcrumb":{"@id":"https:\/\/amedis.es\/tienda\/?product=multicore-flow-automezcla#breadcrumb"},"inLanguage":"es","potentialAction":[{"@type":"ReadAction","target":["https:\/\/amedis.es\/tienda\/?product=multicore-flow-automezcla"]}]},{"@type":"ImageObject","inLanguage":"es","@id":"https:\/\/amedis.es\/tienda\/?product=multicore-flow-automezcla#primaryimage","url":"https:\/\/amedis.es\/tienda\/wp-content\/uploads\/2021\/05\/MULTICORE-FLOW-AUTOMEZCLA-GC.jpg","contentUrl":"https:\/\/amedis.es\/tienda\/wp-content\/uploads\/2021\/05\/MULTICORE-FLOW-AUTOMEZCLA-GC.jpg","width":600,"height":600,"caption":"Amedis MULTICORE FLOW AUTOMEZCLA GC"},{"@type":"BreadcrumbList","@id":"https:\/\/amedis.es\/tienda\/?product=multicore-flow-automezcla#breadcrumb","itemListElement":[{"@type":"ListItem","position":1,"name":"Portada","item":"https:\/\/amedis.es\/tienda\/"},{"@type":"ListItem","position":2,"name":"Amedis | Suministros M\u00e9dicos y Dentales | Tienda","item":"https:\/\/amedis.es\/tienda\/suministros-medicos-y-dentales\/"},{"@type":"ListItem","position":3,"name":"MULTICORE FLOW AUTOMEZCLA"}]},{"@type":"WebSite","@id":"https:\/\/amedis.es\/tienda\/#website","url":"https:\/\/amedis.es\/tienda\/","name":"Amedis","description":"Suministros M\u00e9dicos y Dentales","publisher":{"@id":"https:\/\/amedis.es\/tienda\/#organization"},"potentialAction":[{"@type":"SearchAction","target":{"@type":"EntryPoint","urlTemplate":"https:\/\/amedis.es\/tienda\/?s={search_term_string}"},"query-input":{"@type":"PropertyValueSpecification","valueRequired":true,"valueName":"search_term_string"}}],"inLanguage":"es"},{"@type":"Organization","@id":"https:\/\/amedis.es\/tienda\/#organization","name":"Amedis | Suministros M\u00e9dicos y Dentales","url":"https:\/\/amedis.es\/tienda\/","logo":{"@type":"ImageObject","inLanguage":"es","@id":"https:\/\/amedis.es\/tienda\/#\/schema\/logo\/image\/","url":"https:\/\/amedis.es\/tienda\/wp-content\/uploads\/2020\/05\/logo-1.png","contentUrl":"https:\/\/amedis.es\/tienda\/wp-content\/uploads\/2020\/05\/logo-1.png","width":191,"height":80,"caption":"Amedis | Suministros M\u00e9dicos y Dentales"},"image":{"@id":"https:\/\/amedis.es\/tienda\/#\/schema\/logo\/image\/"}}]}},"brands":[{"id":2359,"name":"IVOCLAR","slug":"ivoclar"}],"_links":{"self":[{"href":"https:\/\/amedis.es\/tienda\/wp-json\/wp\/v2\/product\/9024","targetHints":{"allow":["GET"]}}],"collection":[{"href":"https:\/\/amedis.es\/tienda\/wp-json\/wp\/v2\/product"}],"about":[{"href":"https:\/\/amedis.es\/tienda\/wp-json\/wp\/v2\/types\/product"}],"wp:featuredmedia":[{"embeddable":true,"href":"https:\/\/amedis.es\/tienda\/wp-json\/wp\/v2\/media\/9030"}],"wp:attachment":[{"href":"https:\/\/amedis.es\/tienda\/wp-json\/wp\/v2\/media?parent=9024"}],"wp:term":[{"taxonomy":"pwb-brand","embeddable":true,"href":"https:\/\/amedis.es\/tienda\/wp-json\/wp\/v2\/pwb-brand?post=9024"},{"taxonomy":"product_brand","embeddable":true,"href":"https:\/\/amedis.es\/tienda\/wp-json\/wp\/v2\/product_brand?post=9024"},{"taxonomy":"product_cat","embeddable":true,"href":"https:\/\/amedis.es\/tienda\/wp-json\/wp\/v2\/product_cat?post=9024"},{"taxonomy":"product_tag","embeddable":true,"href":"https:\/\/amedis.es\/tienda\/wp-json\/wp\/v2\/product_tag?post=9024"}],"curies":[{"name":"wp","href":"https:\/\/api.w.org\/{rel}","templated":true}]}}