{"id":8869,"date":"2021-05-21T19:50:23","date_gmt":"2021-05-21T19:50:23","guid":{"rendered":"https:\/\/amedis.es\/tienda\/?post_type=product&#038;p=8869"},"modified":"2025-02-25T20:26:57","modified_gmt":"2025-02-25T20:26:57","slug":"ketac-cem-plus-automix-1-jeringa","status":"publish","type":"product","link":"https:\/\/amedis.es\/tienda\/producto\/ketac-cem-plus-automix-1-jeringa\/","title":{"rendered":"KETAC CEM PLUS AUTOMIX 1 JERINGA"},"content":{"rendered":"<p>Ketac cem plus automix 1 jeringa. Cemento de Ion\u00f3mero de Vidrio modificado con Resina. El cemento para metal porcelana. Fraguado con golpe de luz de 5 seg. \u00fanico sencillo y m\u00e1s r\u00e1pido de limpiar que los cementos de ion\u00f3mero de vidrio modificados con resina. Ideal para la cementaci\u00f3n de todo tipo de coronas sobre implantes. Altos valores de adhesi\u00f3n al diente y al metal. Liberaci\u00f3n de fl\u00faor prolongada en el tiempo.<\/p>\n","protected":false},"excerpt":{"rendered":"<p>CONTENIDO: 1 Jeringa de 8,5 gr. + 12 Puntas mezcla.<\/p>\n","protected":false},"featured_media":1765,"template":"","meta":[],"pwb-brand":[2358],"product_brand":[],"product_cat":[56,68,27],"product_tag":[],"class_list":{"0":"post-8869","1":"product","2":"type-product","3":"status-publish","4":"has-post-thumbnail","6":"pwb-brand-solventum-3m","7":"product_cat-cementos","8":"product_cat-cementos-definitivos-ionomeros-de-vidrio-reforzados","9":"product_cat-clinica","11":"first","12":"instock","13":"sale","14":"taxable","15":"shipping-taxable","16":"purchasable","17":"product-type-simple"},"yoast_head":"<!-- This site is optimized with the Yoast SEO plugin v27.4 - https:\/\/yoast.com\/product\/yoast-seo-wordpress\/ -->\n<title>Amedis | KETAC CEM PLUS AUTOMIX 1 JERINGA | 3M<\/title>\n<meta name=\"description\" content=\"Ketac cem plus automix 1 jeringa. Cemento de Ion\u00f3mero de Vidrio modificado con Resina. El cemento para metal porcelana. Fraguado con golpe de luz de 5 seg.\" \/>\n<meta name=\"robots\" content=\"index, follow, max-snippet:-1, max-image-preview:large, max-video-preview:-1\" \/>\n<link rel=\"canonical\" href=\"https:\/\/amedis.es\/tienda\/producto\/ketac-cem-plus-automix-1-jeringa\/\" \/>\n<meta property=\"og:locale\" content=\"es_ES\" \/>\n<meta property=\"og:type\" content=\"article\" \/>\n<meta property=\"og:title\" content=\"Amedis | KETAC CEM PLUS AUTOMIX 1 JERINGA | 3M\" \/>\n<meta property=\"og:description\" content=\"Ketac cem plus automix 1 jeringa. Cemento de Ion\u00f3mero de Vidrio modificado con Resina. El cemento para metal porcelana. Fraguado con golpe de luz de 5 seg.\" \/>\n<meta property=\"og:url\" content=\"https:\/\/amedis.es\/tienda\/producto\/ketac-cem-plus-automix-1-jeringa\/\" \/>\n<meta property=\"og:site_name\" content=\"Amedis\" \/>\n<meta property=\"article:modified_time\" content=\"2025-02-25T20:26:57+00:00\" \/>\n<meta property=\"og:image\" content=\"https:\/\/amedis.es\/tienda\/wp-content\/uploads\/2020\/09\/KETAC-CEM-PLUS-AUTOMIX-1-JERINGA.jpg\" \/>\n\t<meta property=\"og:image:width\" content=\"600\" \/>\n\t<meta property=\"og:image:height\" content=\"600\" \/>\n\t<meta property=\"og:image:type\" content=\"image\/jpeg\" \/>\n<meta name=\"twitter:card\" content=\"summary_large_image\" \/>\n<meta name=\"twitter:label1\" content=\"Tiempo de lectura\" \/>\n\t<meta name=\"twitter:data1\" content=\"1 minuto\" \/>\n<script type=\"application\/ld+json\" class=\"yoast-schema-graph\">{\"@context\":\"https:\\\/\\\/schema.org\",\"@graph\":[{\"@type\":\"WebPage\",\"@id\":\"https:\\\/\\\/amedis.es\\\/tienda\\\/producto\\\/ketac-cem-plus-automix-1-jeringa\\\/\",\"url\":\"https:\\\/\\\/amedis.es\\\/tienda\\\/producto\\\/ketac-cem-plus-automix-1-jeringa\\\/\",\"name\":\"Amedis | KETAC CEM PLUS AUTOMIX 1 JERINGA | 3M\",\"isPartOf\":{\"@id\":\"https:\\\/\\\/amedis.es\\\/tienda\\\/#website\"},\"primaryImageOfPage\":{\"@id\":\"https:\\\/\\\/amedis.es\\\/tienda\\\/producto\\\/ketac-cem-plus-automix-1-jeringa\\\/#primaryimage\"},\"image\":{\"@id\":\"https:\\\/\\\/amedis.es\\\/tienda\\\/producto\\\/ketac-cem-plus-automix-1-jeringa\\\/#primaryimage\"},\"thumbnailUrl\":\"https:\\\/\\\/amedis.es\\\/tienda\\\/wp-content\\\/uploads\\\/2020\\\/09\\\/KETAC-CEM-PLUS-AUTOMIX-1-JERINGA.jpg\",\"datePublished\":\"2021-05-21T19:50:23+00:00\",\"dateModified\":\"2025-02-25T20:26:57+00:00\",\"description\":\"Ketac cem plus automix 1 jeringa. Cemento de Ion\u00f3mero de Vidrio modificado con Resina. El cemento para metal porcelana. Fraguado con golpe de luz de 5 seg.\",\"breadcrumb\":{\"@id\":\"https:\\\/\\\/amedis.es\\\/tienda\\\/producto\\\/ketac-cem-plus-automix-1-jeringa\\\/#breadcrumb\"},\"inLanguage\":\"es\",\"potentialAction\":[{\"@type\":\"ReadAction\",\"target\":[\"https:\\\/\\\/amedis.es\\\/tienda\\\/producto\\\/ketac-cem-plus-automix-1-jeringa\\\/\"]}]},{\"@type\":\"ImageObject\",\"inLanguage\":\"es\",\"@id\":\"https:\\\/\\\/amedis.es\\\/tienda\\\/producto\\\/ketac-cem-plus-automix-1-jeringa\\\/#primaryimage\",\"url\":\"https:\\\/\\\/amedis.es\\\/tienda\\\/wp-content\\\/uploads\\\/2020\\\/09\\\/KETAC-CEM-PLUS-AUTOMIX-1-JERINGA.jpg\",\"contentUrl\":\"https:\\\/\\\/amedis.es\\\/tienda\\\/wp-content\\\/uploads\\\/2020\\\/09\\\/KETAC-CEM-PLUS-AUTOMIX-1-JERINGA.jpg\",\"width\":600,\"height\":600,\"caption\":\"Amedis KETAC CEM PLUS AUTOMIX 1 JERINGA\"},{\"@type\":\"BreadcrumbList\",\"@id\":\"https:\\\/\\\/amedis.es\\\/tienda\\\/producto\\\/ketac-cem-plus-automix-1-jeringa\\\/#breadcrumb\",\"itemListElement\":[{\"@type\":\"ListItem\",\"position\":1,\"name\":\"Portada\",\"item\":\"https:\\\/\\\/amedis.es\\\/tienda\\\/\"},{\"@type\":\"ListItem\",\"position\":2,\"name\":\"Amedis | Suministros M\u00e9dicos y Dentales | Tienda\",\"item\":\"https:\\\/\\\/amedis.es\\\/tienda\\\/suministros-medicos-y-dentales\\\/\"},{\"@type\":\"ListItem\",\"position\":3,\"name\":\"KETAC CEM PLUS AUTOMIX 1 JERINGA\"}]},{\"@type\":\"WebSite\",\"@id\":\"https:\\\/\\\/amedis.es\\\/tienda\\\/#website\",\"url\":\"https:\\\/\\\/amedis.es\\\/tienda\\\/\",\"name\":\"Amedis\",\"description\":\"Suministros M\u00e9dicos y Dentales\",\"publisher\":{\"@id\":\"https:\\\/\\\/amedis.es\\\/tienda\\\/#organization\"},\"potentialAction\":[{\"@type\":\"SearchAction\",\"target\":{\"@type\":\"EntryPoint\",\"urlTemplate\":\"https:\\\/\\\/amedis.es\\\/tienda\\\/?s={search_term_string}\"},\"query-input\":{\"@type\":\"PropertyValueSpecification\",\"valueRequired\":true,\"valueName\":\"search_term_string\"}}],\"inLanguage\":\"es\"},{\"@type\":\"Organization\",\"@id\":\"https:\\\/\\\/amedis.es\\\/tienda\\\/#organization\",\"name\":\"Amedis | Suministros M\u00e9dicos y Dentales\",\"url\":\"https:\\\/\\\/amedis.es\\\/tienda\\\/\",\"logo\":{\"@type\":\"ImageObject\",\"inLanguage\":\"es\",\"@id\":\"https:\\\/\\\/amedis.es\\\/tienda\\\/#\\\/schema\\\/logo\\\/image\\\/\",\"url\":\"https:\\\/\\\/amedis.es\\\/tienda\\\/wp-content\\\/uploads\\\/2020\\\/05\\\/logo-1.png\",\"contentUrl\":\"https:\\\/\\\/amedis.es\\\/tienda\\\/wp-content\\\/uploads\\\/2020\\\/05\\\/logo-1.png\",\"width\":191,\"height\":80,\"caption\":\"Amedis | Suministros M\u00e9dicos y Dentales\"},\"image\":{\"@id\":\"https:\\\/\\\/amedis.es\\\/tienda\\\/#\\\/schema\\\/logo\\\/image\\\/\"}}]}<\/script>\n<!-- \/ Yoast SEO plugin. -->","yoast_head_json":{"title":"Amedis | KETAC CEM PLUS AUTOMIX 1 JERINGA | 3M","description":"Ketac cem plus automix 1 jeringa. Cemento de Ion\u00f3mero de Vidrio modificado con Resina. El cemento para metal porcelana. Fraguado con golpe de luz de 5 seg.","robots":{"index":"index","follow":"follow","max-snippet":"max-snippet:-1","max-image-preview":"max-image-preview:large","max-video-preview":"max-video-preview:-1"},"canonical":"https:\/\/amedis.es\/tienda\/producto\/ketac-cem-plus-automix-1-jeringa\/","og_locale":"es_ES","og_type":"article","og_title":"Amedis | KETAC CEM PLUS AUTOMIX 1 JERINGA | 3M","og_description":"Ketac cem plus automix 1 jeringa. Cemento de Ion\u00f3mero de Vidrio modificado con Resina. El cemento para metal porcelana. Fraguado con golpe de luz de 5 seg.","og_url":"https:\/\/amedis.es\/tienda\/producto\/ketac-cem-plus-automix-1-jeringa\/","og_site_name":"Amedis","article_modified_time":"2025-02-25T20:26:57+00:00","og_image":[{"width":600,"height":600,"url":"https:\/\/amedis.es\/tienda\/wp-content\/uploads\/2020\/09\/KETAC-CEM-PLUS-AUTOMIX-1-JERINGA.jpg","type":"image\/jpeg"}],"twitter_card":"summary_large_image","twitter_misc":{"Tiempo de lectura":"1 minuto"},"schema":{"@context":"https:\/\/schema.org","@graph":[{"@type":"WebPage","@id":"https:\/\/amedis.es\/tienda\/producto\/ketac-cem-plus-automix-1-jeringa\/","url":"https:\/\/amedis.es\/tienda\/producto\/ketac-cem-plus-automix-1-jeringa\/","name":"Amedis | KETAC CEM PLUS AUTOMIX 1 JERINGA | 3M","isPartOf":{"@id":"https:\/\/amedis.es\/tienda\/#website"},"primaryImageOfPage":{"@id":"https:\/\/amedis.es\/tienda\/producto\/ketac-cem-plus-automix-1-jeringa\/#primaryimage"},"image":{"@id":"https:\/\/amedis.es\/tienda\/producto\/ketac-cem-plus-automix-1-jeringa\/#primaryimage"},"thumbnailUrl":"https:\/\/amedis.es\/tienda\/wp-content\/uploads\/2020\/09\/KETAC-CEM-PLUS-AUTOMIX-1-JERINGA.jpg","datePublished":"2021-05-21T19:50:23+00:00","dateModified":"2025-02-25T20:26:57+00:00","description":"Ketac cem plus automix 1 jeringa. Cemento de Ion\u00f3mero de Vidrio modificado con Resina. El cemento para metal porcelana. Fraguado con golpe de luz de 5 seg.","breadcrumb":{"@id":"https:\/\/amedis.es\/tienda\/producto\/ketac-cem-plus-automix-1-jeringa\/#breadcrumb"},"inLanguage":"es","potentialAction":[{"@type":"ReadAction","target":["https:\/\/amedis.es\/tienda\/producto\/ketac-cem-plus-automix-1-jeringa\/"]}]},{"@type":"ImageObject","inLanguage":"es","@id":"https:\/\/amedis.es\/tienda\/producto\/ketac-cem-plus-automix-1-jeringa\/#primaryimage","url":"https:\/\/amedis.es\/tienda\/wp-content\/uploads\/2020\/09\/KETAC-CEM-PLUS-AUTOMIX-1-JERINGA.jpg","contentUrl":"https:\/\/amedis.es\/tienda\/wp-content\/uploads\/2020\/09\/KETAC-CEM-PLUS-AUTOMIX-1-JERINGA.jpg","width":600,"height":600,"caption":"Amedis KETAC CEM PLUS AUTOMIX 1 JERINGA"},{"@type":"BreadcrumbList","@id":"https:\/\/amedis.es\/tienda\/producto\/ketac-cem-plus-automix-1-jeringa\/#breadcrumb","itemListElement":[{"@type":"ListItem","position":1,"name":"Portada","item":"https:\/\/amedis.es\/tienda\/"},{"@type":"ListItem","position":2,"name":"Amedis | Suministros M\u00e9dicos y Dentales | Tienda","item":"https:\/\/amedis.es\/tienda\/suministros-medicos-y-dentales\/"},{"@type":"ListItem","position":3,"name":"KETAC CEM PLUS AUTOMIX 1 JERINGA"}]},{"@type":"WebSite","@id":"https:\/\/amedis.es\/tienda\/#website","url":"https:\/\/amedis.es\/tienda\/","name":"Amedis","description":"Suministros M\u00e9dicos y Dentales","publisher":{"@id":"https:\/\/amedis.es\/tienda\/#organization"},"potentialAction":[{"@type":"SearchAction","target":{"@type":"EntryPoint","urlTemplate":"https:\/\/amedis.es\/tienda\/?s={search_term_string}"},"query-input":{"@type":"PropertyValueSpecification","valueRequired":true,"valueName":"search_term_string"}}],"inLanguage":"es"},{"@type":"Organization","@id":"https:\/\/amedis.es\/tienda\/#organization","name":"Amedis | Suministros M\u00e9dicos y Dentales","url":"https:\/\/amedis.es\/tienda\/","logo":{"@type":"ImageObject","inLanguage":"es","@id":"https:\/\/amedis.es\/tienda\/#\/schema\/logo\/image\/","url":"https:\/\/amedis.es\/tienda\/wp-content\/uploads\/2020\/05\/logo-1.png","contentUrl":"https:\/\/amedis.es\/tienda\/wp-content\/uploads\/2020\/05\/logo-1.png","width":191,"height":80,"caption":"Amedis | Suministros M\u00e9dicos y Dentales"},"image":{"@id":"https:\/\/amedis.es\/tienda\/#\/schema\/logo\/image\/"}}]}},"brands":[{"id":2358,"name":"SOLVENTUM (3M)","slug":"solventum-3m"}],"_links":{"self":[{"href":"https:\/\/amedis.es\/tienda\/wp-json\/wp\/v2\/product\/8869","targetHints":{"allow":["GET"]}}],"collection":[{"href":"https:\/\/amedis.es\/tienda\/wp-json\/wp\/v2\/product"}],"about":[{"href":"https:\/\/amedis.es\/tienda\/wp-json\/wp\/v2\/types\/product"}],"wp:featuredmedia":[{"embeddable":true,"href":"https:\/\/amedis.es\/tienda\/wp-json\/wp\/v2\/media\/1765"}],"wp:attachment":[{"href":"https:\/\/amedis.es\/tienda\/wp-json\/wp\/v2\/media?parent=8869"}],"wp:term":[{"taxonomy":"pwb-brand","embeddable":true,"href":"https:\/\/amedis.es\/tienda\/wp-json\/wp\/v2\/pwb-brand?post=8869"},{"taxonomy":"product_brand","embeddable":true,"href":"https:\/\/amedis.es\/tienda\/wp-json\/wp\/v2\/product_brand?post=8869"},{"taxonomy":"product_cat","embeddable":true,"href":"https:\/\/amedis.es\/tienda\/wp-json\/wp\/v2\/product_cat?post=8869"},{"taxonomy":"product_tag","embeddable":true,"href":"https:\/\/amedis.es\/tienda\/wp-json\/wp\/v2\/product_tag?post=8869"}],"curies":[{"name":"wp","href":"https:\/\/api.w.org\/{rel}","templated":true}]}}