{"id":8856,"date":"2021-05-21T19:28:32","date_gmt":"2021-05-21T19:28:32","guid":{"rendered":"https:\/\/amedis.es\/tienda\/?post_type=product&#038;p=8856"},"modified":"2025-06-18T18:43:00","modified_gmt":"2025-06-18T18:43:00","slug":"meron-plus-jeringa-qm","status":"publish","type":"product","link":"https:\/\/amedis.es\/tienda\/producto\/meron-plus-jeringa-qm\/","title":{"rendered":"MERON PLUS JERINGA QM"},"content":{"rendered":"<p>Meron plus jeringa QM. Cemento de ion\u00f3mero de vidrio de fijaciones reforzado con resina en formato jeringa automezcla. Valores de adhesi\u00f3n m\u00e1s elevados en comparaci\u00f3n con cementos de ion\u00f3meros de vidrio convencionales para fijaciones. Sellado marginal exacto. Autoadhesivo: adhesi\u00f3n segura y r\u00e1pida. Remoci\u00f3n de excedentes sin tiempo de espera por la fotopolimerizaci\u00f3n a corto plazo opcional.<\/p>\n","protected":false},"excerpt":{"rendered":"<p>CONTENIDO:1 jeringa de 8,5gr<\/p>\n","protected":false},"featured_media":8857,"template":"","meta":[],"pwb-brand":[2353],"product_brand":[],"product_cat":[56,68],"product_tag":[],"class_list":{"0":"post-8856","1":"product","2":"type-product","3":"status-publish","4":"has-post-thumbnail","6":"pwb-brand-voco","7":"product_cat-cementos","8":"product_cat-cementos-definitivos-ionomeros-de-vidrio-reforzados","10":"first","11":"instock","12":"sale","13":"taxable","14":"shipping-taxable","15":"purchasable","16":"product-type-simple"},"yoast_head":"<!-- This site is optimized with the Yoast SEO plugin v27.4 - https:\/\/yoast.com\/product\/yoast-seo-wordpress\/ -->\n<title>MERON PLUS JERINGA QM | Amedis | CEMENTO VOCO<\/title>\n<meta name=\"description\" content=\"MERON PLUS JERINGA QM. Cemento de ion\u00f3mero de vidrio de fijaciones reforzado con resina en formato jeringa automezcla.\" \/>\n<meta name=\"robots\" content=\"index, follow, max-snippet:-1, max-image-preview:large, max-video-preview:-1\" \/>\n<link rel=\"canonical\" href=\"https:\/\/amedis.es\/tienda\/producto\/meron-plus-jeringa-qm\/\" \/>\n<meta property=\"og:locale\" content=\"es_ES\" \/>\n<meta property=\"og:type\" content=\"article\" \/>\n<meta property=\"og:title\" content=\"MERON PLUS JERINGA QM | Amedis | CEMENTO VOCO\" \/>\n<meta property=\"og:description\" content=\"MERON PLUS JERINGA QM. Cemento de ion\u00f3mero de vidrio de fijaciones reforzado con resina en formato jeringa automezcla.\" \/>\n<meta property=\"og:url\" content=\"https:\/\/amedis.es\/tienda\/producto\/meron-plus-jeringa-qm\/\" \/>\n<meta property=\"og:site_name\" content=\"Amedis\" \/>\n<meta property=\"article:modified_time\" content=\"2025-06-18T18:43:00+00:00\" \/>\n<meta property=\"og:image\" content=\"https:\/\/amedis.es\/tienda\/wp-content\/uploads\/2021\/05\/MERON-PLUS-JERINGA-QM.jpg\" \/>\n\t<meta property=\"og:image:width\" content=\"600\" \/>\n\t<meta property=\"og:image:height\" content=\"600\" \/>\n\t<meta property=\"og:image:type\" content=\"image\/jpeg\" \/>\n<meta name=\"twitter:card\" content=\"summary_large_image\" \/>\n<meta name=\"twitter:label1\" content=\"Tiempo de lectura\" \/>\n\t<meta name=\"twitter:data1\" content=\"1 minuto\" \/>\n<script type=\"application\/ld+json\" class=\"yoast-schema-graph\">{\"@context\":\"https:\\\/\\\/schema.org\",\"@graph\":[{\"@type\":\"WebPage\",\"@id\":\"https:\\\/\\\/amedis.es\\\/tienda\\\/producto\\\/meron-plus-jeringa-qm\\\/\",\"url\":\"https:\\\/\\\/amedis.es\\\/tienda\\\/producto\\\/meron-plus-jeringa-qm\\\/\",\"name\":\"MERON PLUS JERINGA QM | Amedis | CEMENTO VOCO\",\"isPartOf\":{\"@id\":\"https:\\\/\\\/amedis.es\\\/tienda\\\/#website\"},\"primaryImageOfPage\":{\"@id\":\"https:\\\/\\\/amedis.es\\\/tienda\\\/producto\\\/meron-plus-jeringa-qm\\\/#primaryimage\"},\"image\":{\"@id\":\"https:\\\/\\\/amedis.es\\\/tienda\\\/producto\\\/meron-plus-jeringa-qm\\\/#primaryimage\"},\"thumbnailUrl\":\"https:\\\/\\\/amedis.es\\\/tienda\\\/wp-content\\\/uploads\\\/2021\\\/05\\\/MERON-PLUS-JERINGA-QM.jpg\",\"datePublished\":\"2021-05-21T19:28:32+00:00\",\"dateModified\":\"2025-06-18T18:43:00+00:00\",\"description\":\"MERON PLUS JERINGA QM. Cemento de ion\u00f3mero de vidrio de fijaciones reforzado con resina en formato jeringa automezcla.\",\"breadcrumb\":{\"@id\":\"https:\\\/\\\/amedis.es\\\/tienda\\\/producto\\\/meron-plus-jeringa-qm\\\/#breadcrumb\"},\"inLanguage\":\"es\",\"potentialAction\":[{\"@type\":\"ReadAction\",\"target\":[\"https:\\\/\\\/amedis.es\\\/tienda\\\/producto\\\/meron-plus-jeringa-qm\\\/\"]}]},{\"@type\":\"ImageObject\",\"inLanguage\":\"es\",\"@id\":\"https:\\\/\\\/amedis.es\\\/tienda\\\/producto\\\/meron-plus-jeringa-qm\\\/#primaryimage\",\"url\":\"https:\\\/\\\/amedis.es\\\/tienda\\\/wp-content\\\/uploads\\\/2021\\\/05\\\/MERON-PLUS-JERINGA-QM.jpg\",\"contentUrl\":\"https:\\\/\\\/amedis.es\\\/tienda\\\/wp-content\\\/uploads\\\/2021\\\/05\\\/MERON-PLUS-JERINGA-QM.jpg\",\"width\":600,\"height\":600,\"caption\":\"Amedis MERON PLUS JERINGA QM\"},{\"@type\":\"BreadcrumbList\",\"@id\":\"https:\\\/\\\/amedis.es\\\/tienda\\\/producto\\\/meron-plus-jeringa-qm\\\/#breadcrumb\",\"itemListElement\":[{\"@type\":\"ListItem\",\"position\":1,\"name\":\"Portada\",\"item\":\"https:\\\/\\\/amedis.es\\\/tienda\\\/\"},{\"@type\":\"ListItem\",\"position\":2,\"name\":\"Amedis | Suministros M\u00e9dicos y Dentales | Tienda\",\"item\":\"https:\\\/\\\/amedis.es\\\/tienda\\\/suministros-medicos-y-dentales\\\/\"},{\"@type\":\"ListItem\",\"position\":3,\"name\":\"MERON PLUS JERINGA QM\"}]},{\"@type\":\"WebSite\",\"@id\":\"https:\\\/\\\/amedis.es\\\/tienda\\\/#website\",\"url\":\"https:\\\/\\\/amedis.es\\\/tienda\\\/\",\"name\":\"Amedis\",\"description\":\"Suministros M\u00e9dicos y Dentales\",\"publisher\":{\"@id\":\"https:\\\/\\\/amedis.es\\\/tienda\\\/#organization\"},\"potentialAction\":[{\"@type\":\"SearchAction\",\"target\":{\"@type\":\"EntryPoint\",\"urlTemplate\":\"https:\\\/\\\/amedis.es\\\/tienda\\\/?s={search_term_string}\"},\"query-input\":{\"@type\":\"PropertyValueSpecification\",\"valueRequired\":true,\"valueName\":\"search_term_string\"}}],\"inLanguage\":\"es\"},{\"@type\":\"Organization\",\"@id\":\"https:\\\/\\\/amedis.es\\\/tienda\\\/#organization\",\"name\":\"Amedis | Suministros M\u00e9dicos y Dentales\",\"url\":\"https:\\\/\\\/amedis.es\\\/tienda\\\/\",\"logo\":{\"@type\":\"ImageObject\",\"inLanguage\":\"es\",\"@id\":\"https:\\\/\\\/amedis.es\\\/tienda\\\/#\\\/schema\\\/logo\\\/image\\\/\",\"url\":\"https:\\\/\\\/amedis.es\\\/tienda\\\/wp-content\\\/uploads\\\/2020\\\/05\\\/logo-1.png\",\"contentUrl\":\"https:\\\/\\\/amedis.es\\\/tienda\\\/wp-content\\\/uploads\\\/2020\\\/05\\\/logo-1.png\",\"width\":191,\"height\":80,\"caption\":\"Amedis | Suministros M\u00e9dicos y Dentales\"},\"image\":{\"@id\":\"https:\\\/\\\/amedis.es\\\/tienda\\\/#\\\/schema\\\/logo\\\/image\\\/\"}}]}<\/script>\n<!-- \/ Yoast SEO plugin. -->","yoast_head_json":{"title":"MERON PLUS JERINGA QM | Amedis | CEMENTO VOCO","description":"MERON PLUS JERINGA QM. Cemento de ion\u00f3mero de vidrio de fijaciones reforzado con resina en formato jeringa automezcla.","robots":{"index":"index","follow":"follow","max-snippet":"max-snippet:-1","max-image-preview":"max-image-preview:large","max-video-preview":"max-video-preview:-1"},"canonical":"https:\/\/amedis.es\/tienda\/producto\/meron-plus-jeringa-qm\/","og_locale":"es_ES","og_type":"article","og_title":"MERON PLUS JERINGA QM | Amedis | CEMENTO VOCO","og_description":"MERON PLUS JERINGA QM. Cemento de ion\u00f3mero de vidrio de fijaciones reforzado con resina en formato jeringa automezcla.","og_url":"https:\/\/amedis.es\/tienda\/producto\/meron-plus-jeringa-qm\/","og_site_name":"Amedis","article_modified_time":"2025-06-18T18:43:00+00:00","og_image":[{"width":600,"height":600,"url":"https:\/\/amedis.es\/tienda\/wp-content\/uploads\/2021\/05\/MERON-PLUS-JERINGA-QM.jpg","type":"image\/jpeg"}],"twitter_card":"summary_large_image","twitter_misc":{"Tiempo de lectura":"1 minuto"},"schema":{"@context":"https:\/\/schema.org","@graph":[{"@type":"WebPage","@id":"https:\/\/amedis.es\/tienda\/producto\/meron-plus-jeringa-qm\/","url":"https:\/\/amedis.es\/tienda\/producto\/meron-plus-jeringa-qm\/","name":"MERON PLUS JERINGA QM | Amedis | CEMENTO VOCO","isPartOf":{"@id":"https:\/\/amedis.es\/tienda\/#website"},"primaryImageOfPage":{"@id":"https:\/\/amedis.es\/tienda\/producto\/meron-plus-jeringa-qm\/#primaryimage"},"image":{"@id":"https:\/\/amedis.es\/tienda\/producto\/meron-plus-jeringa-qm\/#primaryimage"},"thumbnailUrl":"https:\/\/amedis.es\/tienda\/wp-content\/uploads\/2021\/05\/MERON-PLUS-JERINGA-QM.jpg","datePublished":"2021-05-21T19:28:32+00:00","dateModified":"2025-06-18T18:43:00+00:00","description":"MERON PLUS JERINGA QM. Cemento de ion\u00f3mero de vidrio de fijaciones reforzado con resina en formato jeringa automezcla.","breadcrumb":{"@id":"https:\/\/amedis.es\/tienda\/producto\/meron-plus-jeringa-qm\/#breadcrumb"},"inLanguage":"es","potentialAction":[{"@type":"ReadAction","target":["https:\/\/amedis.es\/tienda\/producto\/meron-plus-jeringa-qm\/"]}]},{"@type":"ImageObject","inLanguage":"es","@id":"https:\/\/amedis.es\/tienda\/producto\/meron-plus-jeringa-qm\/#primaryimage","url":"https:\/\/amedis.es\/tienda\/wp-content\/uploads\/2021\/05\/MERON-PLUS-JERINGA-QM.jpg","contentUrl":"https:\/\/amedis.es\/tienda\/wp-content\/uploads\/2021\/05\/MERON-PLUS-JERINGA-QM.jpg","width":600,"height":600,"caption":"Amedis MERON PLUS JERINGA QM"},{"@type":"BreadcrumbList","@id":"https:\/\/amedis.es\/tienda\/producto\/meron-plus-jeringa-qm\/#breadcrumb","itemListElement":[{"@type":"ListItem","position":1,"name":"Portada","item":"https:\/\/amedis.es\/tienda\/"},{"@type":"ListItem","position":2,"name":"Amedis | Suministros M\u00e9dicos y Dentales | Tienda","item":"https:\/\/amedis.es\/tienda\/suministros-medicos-y-dentales\/"},{"@type":"ListItem","position":3,"name":"MERON PLUS JERINGA QM"}]},{"@type":"WebSite","@id":"https:\/\/amedis.es\/tienda\/#website","url":"https:\/\/amedis.es\/tienda\/","name":"Amedis","description":"Suministros M\u00e9dicos y Dentales","publisher":{"@id":"https:\/\/amedis.es\/tienda\/#organization"},"potentialAction":[{"@type":"SearchAction","target":{"@type":"EntryPoint","urlTemplate":"https:\/\/amedis.es\/tienda\/?s={search_term_string}"},"query-input":{"@type":"PropertyValueSpecification","valueRequired":true,"valueName":"search_term_string"}}],"inLanguage":"es"},{"@type":"Organization","@id":"https:\/\/amedis.es\/tienda\/#organization","name":"Amedis | Suministros M\u00e9dicos y Dentales","url":"https:\/\/amedis.es\/tienda\/","logo":{"@type":"ImageObject","inLanguage":"es","@id":"https:\/\/amedis.es\/tienda\/#\/schema\/logo\/image\/","url":"https:\/\/amedis.es\/tienda\/wp-content\/uploads\/2020\/05\/logo-1.png","contentUrl":"https:\/\/amedis.es\/tienda\/wp-content\/uploads\/2020\/05\/logo-1.png","width":191,"height":80,"caption":"Amedis | Suministros M\u00e9dicos y Dentales"},"image":{"@id":"https:\/\/amedis.es\/tienda\/#\/schema\/logo\/image\/"}}]}},"brands":[{"id":2353,"name":"VOCO","slug":"voco"}],"_links":{"self":[{"href":"https:\/\/amedis.es\/tienda\/wp-json\/wp\/v2\/product\/8856","targetHints":{"allow":["GET"]}}],"collection":[{"href":"https:\/\/amedis.es\/tienda\/wp-json\/wp\/v2\/product"}],"about":[{"href":"https:\/\/amedis.es\/tienda\/wp-json\/wp\/v2\/types\/product"}],"wp:featuredmedia":[{"embeddable":true,"href":"https:\/\/amedis.es\/tienda\/wp-json\/wp\/v2\/media\/8857"}],"wp:attachment":[{"href":"https:\/\/amedis.es\/tienda\/wp-json\/wp\/v2\/media?parent=8856"}],"wp:term":[{"taxonomy":"pwb-brand","embeddable":true,"href":"https:\/\/amedis.es\/tienda\/wp-json\/wp\/v2\/pwb-brand?post=8856"},{"taxonomy":"product_brand","embeddable":true,"href":"https:\/\/amedis.es\/tienda\/wp-json\/wp\/v2\/product_brand?post=8856"},{"taxonomy":"product_cat","embeddable":true,"href":"https:\/\/amedis.es\/tienda\/wp-json\/wp\/v2\/product_cat?post=8856"},{"taxonomy":"product_tag","embeddable":true,"href":"https:\/\/amedis.es\/tienda\/wp-json\/wp\/v2\/product_tag?post=8856"}],"curies":[{"name":"wp","href":"https:\/\/api.w.org\/{rel}","templated":true}]}}