{"id":8681,"date":"2021-05-18T17:17:13","date_gmt":"2021-05-18T17:17:13","guid":{"rendered":"https:\/\/amedis.es\/tienda\/?post_type=product&#038;p=8681"},"modified":"2025-04-11T20:14:30","modified_gmt":"2025-04-11T20:14:30","slug":"relyx-universal","status":"publish","type":"product","link":"https:\/\/amedis.es\/tienda\/producto\/relyx-universal\/","title":{"rendered":"RELYX UNIVERSAL"},"content":{"rendered":"<p>Relyx universal. El cemento de resina 3M\u2122 RelyX\u2122 Universal se presenta en una jeringa de autocierre con unas puntas de mezcla que minimizan el desperdicio de material. Junto con el adhesivo 3M\u2122 Scotchbond\u2122 Universal Plus forman un sistema completo que cubre pr\u00e1cticamente todas las indicaciones de cementos adhesivos y autoadhesivos proporcionando una excelente fuerza de adhesi\u00f3n, retirada sencilla del exceso y alta est\u00e9tica. Este sistema de dos componentes permite procedimientos sencillos para un menor estr\u00e9s y mayor ahorro.<\/p>\n","protected":false},"excerpt":{"rendered":"<p>CONTENIDO: 1 jeringa x 3,4 gr. + 15 micro puntas de mezcla + 5 puntas endo elongaci\u00f3n.<\/p>\n","protected":false},"featured_media":8682,"template":"","meta":[],"pwb-brand":[2358],"product_brand":[],"product_cat":[56,70],"product_tag":[],"class_list":{"0":"post-8681","1":"product","2":"type-product","3":"status-publish","4":"has-post-thumbnail","6":"pwb-brand-solventum-3m","7":"product_cat-cementos","8":"product_cat-cementos-definitivos-de-resina","10":"first","11":"instock","12":"sale","13":"taxable","14":"shipping-taxable","15":"purchasable","16":"product-type-variable"},"yoast_head":"<!-- This site is optimized with the Yoast SEO plugin v27.4 - https:\/\/yoast.com\/product\/yoast-seo-wordpress\/ -->\n<title>RELYX UNIVERSAL | Amedis | CEMENTO DE RESINA 3M<\/title>\n<meta name=\"description\" content=\"Relyx universal. El cemento de resina 3M\u2122 RelyX\u2122 Universal se presenta en una jeringa de autocierre con unas puntas de mezcla\" \/>\n<meta name=\"robots\" content=\"index, follow, max-snippet:-1, max-image-preview:large, max-video-preview:-1\" \/>\n<link rel=\"canonical\" href=\"https:\/\/amedis.es\/tienda\/producto\/relyx-universal\/\" \/>\n<meta property=\"og:locale\" content=\"es_ES\" \/>\n<meta property=\"og:type\" content=\"article\" \/>\n<meta property=\"og:title\" content=\"RELYX UNIVERSAL | Amedis | CEMENTO DE RESINA 3M\" \/>\n<meta property=\"og:description\" content=\"Relyx universal. El cemento de resina 3M\u2122 RelyX\u2122 Universal se presenta en una jeringa de autocierre con unas puntas de mezcla\" \/>\n<meta property=\"og:url\" content=\"https:\/\/amedis.es\/tienda\/producto\/relyx-universal\/\" \/>\n<meta property=\"og:site_name\" content=\"Amedis\" \/>\n<meta property=\"article:modified_time\" content=\"2025-04-11T20:14:30+00:00\" \/>\n<meta property=\"og:image\" content=\"https:\/\/amedis.es\/tienda\/wp-content\/uploads\/2021\/05\/RELYX-UNIVERSAL.jpg\" \/>\n\t<meta property=\"og:image:width\" content=\"600\" \/>\n\t<meta property=\"og:image:height\" content=\"600\" \/>\n\t<meta property=\"og:image:type\" content=\"image\/jpeg\" \/>\n<meta name=\"twitter:card\" content=\"summary_large_image\" \/>\n<meta name=\"twitter:label1\" content=\"Tiempo de lectura\" \/>\n\t<meta name=\"twitter:data1\" content=\"1 minuto\" \/>\n<script type=\"application\/ld+json\" class=\"yoast-schema-graph\">{\"@context\":\"https:\\\/\\\/schema.org\",\"@graph\":[{\"@type\":\"WebPage\",\"@id\":\"https:\\\/\\\/amedis.es\\\/tienda\\\/producto\\\/relyx-universal\\\/\",\"url\":\"https:\\\/\\\/amedis.es\\\/tienda\\\/producto\\\/relyx-universal\\\/\",\"name\":\"RELYX UNIVERSAL | Amedis | CEMENTO DE RESINA 3M\",\"isPartOf\":{\"@id\":\"https:\\\/\\\/amedis.es\\\/tienda\\\/#website\"},\"primaryImageOfPage\":{\"@id\":\"https:\\\/\\\/amedis.es\\\/tienda\\\/producto\\\/relyx-universal\\\/#primaryimage\"},\"image\":{\"@id\":\"https:\\\/\\\/amedis.es\\\/tienda\\\/producto\\\/relyx-universal\\\/#primaryimage\"},\"thumbnailUrl\":\"https:\\\/\\\/amedis.es\\\/tienda\\\/wp-content\\\/uploads\\\/2021\\\/05\\\/RELYX-UNIVERSAL.jpg\",\"datePublished\":\"2021-05-18T17:17:13+00:00\",\"dateModified\":\"2025-04-11T20:14:30+00:00\",\"description\":\"Relyx universal. El cemento de resina 3M\u2122 RelyX\u2122 Universal se presenta en una jeringa de autocierre con unas puntas de mezcla\",\"breadcrumb\":{\"@id\":\"https:\\\/\\\/amedis.es\\\/tienda\\\/producto\\\/relyx-universal\\\/#breadcrumb\"},\"inLanguage\":\"es\",\"potentialAction\":[{\"@type\":\"ReadAction\",\"target\":[\"https:\\\/\\\/amedis.es\\\/tienda\\\/producto\\\/relyx-universal\\\/\"]}]},{\"@type\":\"ImageObject\",\"inLanguage\":\"es\",\"@id\":\"https:\\\/\\\/amedis.es\\\/tienda\\\/producto\\\/relyx-universal\\\/#primaryimage\",\"url\":\"https:\\\/\\\/amedis.es\\\/tienda\\\/wp-content\\\/uploads\\\/2021\\\/05\\\/RELYX-UNIVERSAL.jpg\",\"contentUrl\":\"https:\\\/\\\/amedis.es\\\/tienda\\\/wp-content\\\/uploads\\\/2021\\\/05\\\/RELYX-UNIVERSAL.jpg\",\"width\":600,\"height\":600,\"caption\":\"Amedis RELYX UNIVERSAL\"},{\"@type\":\"BreadcrumbList\",\"@id\":\"https:\\\/\\\/amedis.es\\\/tienda\\\/producto\\\/relyx-universal\\\/#breadcrumb\",\"itemListElement\":[{\"@type\":\"ListItem\",\"position\":1,\"name\":\"Portada\",\"item\":\"https:\\\/\\\/amedis.es\\\/tienda\\\/\"},{\"@type\":\"ListItem\",\"position\":2,\"name\":\"Amedis | Suministros M\u00e9dicos y Dentales | Tienda\",\"item\":\"https:\\\/\\\/amedis.es\\\/tienda\\\/suministros-medicos-y-dentales\\\/\"},{\"@type\":\"ListItem\",\"position\":3,\"name\":\"RELYX UNIVERSAL\"}]},{\"@type\":\"WebSite\",\"@id\":\"https:\\\/\\\/amedis.es\\\/tienda\\\/#website\",\"url\":\"https:\\\/\\\/amedis.es\\\/tienda\\\/\",\"name\":\"Amedis\",\"description\":\"Suministros M\u00e9dicos y Dentales\",\"publisher\":{\"@id\":\"https:\\\/\\\/amedis.es\\\/tienda\\\/#organization\"},\"potentialAction\":[{\"@type\":\"SearchAction\",\"target\":{\"@type\":\"EntryPoint\",\"urlTemplate\":\"https:\\\/\\\/amedis.es\\\/tienda\\\/?s={search_term_string}\"},\"query-input\":{\"@type\":\"PropertyValueSpecification\",\"valueRequired\":true,\"valueName\":\"search_term_string\"}}],\"inLanguage\":\"es\"},{\"@type\":\"Organization\",\"@id\":\"https:\\\/\\\/amedis.es\\\/tienda\\\/#organization\",\"name\":\"Amedis | Suministros M\u00e9dicos y Dentales\",\"url\":\"https:\\\/\\\/amedis.es\\\/tienda\\\/\",\"logo\":{\"@type\":\"ImageObject\",\"inLanguage\":\"es\",\"@id\":\"https:\\\/\\\/amedis.es\\\/tienda\\\/#\\\/schema\\\/logo\\\/image\\\/\",\"url\":\"https:\\\/\\\/amedis.es\\\/tienda\\\/wp-content\\\/uploads\\\/2020\\\/05\\\/logo-1.png\",\"contentUrl\":\"https:\\\/\\\/amedis.es\\\/tienda\\\/wp-content\\\/uploads\\\/2020\\\/05\\\/logo-1.png\",\"width\":191,\"height\":80,\"caption\":\"Amedis | Suministros M\u00e9dicos y Dentales\"},\"image\":{\"@id\":\"https:\\\/\\\/amedis.es\\\/tienda\\\/#\\\/schema\\\/logo\\\/image\\\/\"}}]}<\/script>\n<!-- \/ Yoast SEO plugin. -->","yoast_head_json":{"title":"RELYX UNIVERSAL | Amedis | CEMENTO DE RESINA 3M","description":"Relyx universal. El cemento de resina 3M\u2122 RelyX\u2122 Universal se presenta en una jeringa de autocierre con unas puntas de mezcla","robots":{"index":"index","follow":"follow","max-snippet":"max-snippet:-1","max-image-preview":"max-image-preview:large","max-video-preview":"max-video-preview:-1"},"canonical":"https:\/\/amedis.es\/tienda\/producto\/relyx-universal\/","og_locale":"es_ES","og_type":"article","og_title":"RELYX UNIVERSAL | Amedis | CEMENTO DE RESINA 3M","og_description":"Relyx universal. El cemento de resina 3M\u2122 RelyX\u2122 Universal se presenta en una jeringa de autocierre con unas puntas de mezcla","og_url":"https:\/\/amedis.es\/tienda\/producto\/relyx-universal\/","og_site_name":"Amedis","article_modified_time":"2025-04-11T20:14:30+00:00","og_image":[{"width":600,"height":600,"url":"https:\/\/amedis.es\/tienda\/wp-content\/uploads\/2021\/05\/RELYX-UNIVERSAL.jpg","type":"image\/jpeg"}],"twitter_card":"summary_large_image","twitter_misc":{"Tiempo de lectura":"1 minuto"},"schema":{"@context":"https:\/\/schema.org","@graph":[{"@type":"WebPage","@id":"https:\/\/amedis.es\/tienda\/producto\/relyx-universal\/","url":"https:\/\/amedis.es\/tienda\/producto\/relyx-universal\/","name":"RELYX UNIVERSAL | Amedis | CEMENTO DE RESINA 3M","isPartOf":{"@id":"https:\/\/amedis.es\/tienda\/#website"},"primaryImageOfPage":{"@id":"https:\/\/amedis.es\/tienda\/producto\/relyx-universal\/#primaryimage"},"image":{"@id":"https:\/\/amedis.es\/tienda\/producto\/relyx-universal\/#primaryimage"},"thumbnailUrl":"https:\/\/amedis.es\/tienda\/wp-content\/uploads\/2021\/05\/RELYX-UNIVERSAL.jpg","datePublished":"2021-05-18T17:17:13+00:00","dateModified":"2025-04-11T20:14:30+00:00","description":"Relyx universal. El cemento de resina 3M\u2122 RelyX\u2122 Universal se presenta en una jeringa de autocierre con unas puntas de mezcla","breadcrumb":{"@id":"https:\/\/amedis.es\/tienda\/producto\/relyx-universal\/#breadcrumb"},"inLanguage":"es","potentialAction":[{"@type":"ReadAction","target":["https:\/\/amedis.es\/tienda\/producto\/relyx-universal\/"]}]},{"@type":"ImageObject","inLanguage":"es","@id":"https:\/\/amedis.es\/tienda\/producto\/relyx-universal\/#primaryimage","url":"https:\/\/amedis.es\/tienda\/wp-content\/uploads\/2021\/05\/RELYX-UNIVERSAL.jpg","contentUrl":"https:\/\/amedis.es\/tienda\/wp-content\/uploads\/2021\/05\/RELYX-UNIVERSAL.jpg","width":600,"height":600,"caption":"Amedis RELYX UNIVERSAL"},{"@type":"BreadcrumbList","@id":"https:\/\/amedis.es\/tienda\/producto\/relyx-universal\/#breadcrumb","itemListElement":[{"@type":"ListItem","position":1,"name":"Portada","item":"https:\/\/amedis.es\/tienda\/"},{"@type":"ListItem","position":2,"name":"Amedis | Suministros M\u00e9dicos y Dentales | Tienda","item":"https:\/\/amedis.es\/tienda\/suministros-medicos-y-dentales\/"},{"@type":"ListItem","position":3,"name":"RELYX UNIVERSAL"}]},{"@type":"WebSite","@id":"https:\/\/amedis.es\/tienda\/#website","url":"https:\/\/amedis.es\/tienda\/","name":"Amedis","description":"Suministros M\u00e9dicos y Dentales","publisher":{"@id":"https:\/\/amedis.es\/tienda\/#organization"},"potentialAction":[{"@type":"SearchAction","target":{"@type":"EntryPoint","urlTemplate":"https:\/\/amedis.es\/tienda\/?s={search_term_string}"},"query-input":{"@type":"PropertyValueSpecification","valueRequired":true,"valueName":"search_term_string"}}],"inLanguage":"es"},{"@type":"Organization","@id":"https:\/\/amedis.es\/tienda\/#organization","name":"Amedis | Suministros M\u00e9dicos y Dentales","url":"https:\/\/amedis.es\/tienda\/","logo":{"@type":"ImageObject","inLanguage":"es","@id":"https:\/\/amedis.es\/tienda\/#\/schema\/logo\/image\/","url":"https:\/\/amedis.es\/tienda\/wp-content\/uploads\/2020\/05\/logo-1.png","contentUrl":"https:\/\/amedis.es\/tienda\/wp-content\/uploads\/2020\/05\/logo-1.png","width":191,"height":80,"caption":"Amedis | Suministros M\u00e9dicos y Dentales"},"image":{"@id":"https:\/\/amedis.es\/tienda\/#\/schema\/logo\/image\/"}}]}},"brands":[{"id":2358,"name":"SOLVENTUM (3M)","slug":"solventum-3m"}],"_links":{"self":[{"href":"https:\/\/amedis.es\/tienda\/wp-json\/wp\/v2\/product\/8681","targetHints":{"allow":["GET"]}}],"collection":[{"href":"https:\/\/amedis.es\/tienda\/wp-json\/wp\/v2\/product"}],"about":[{"href":"https:\/\/amedis.es\/tienda\/wp-json\/wp\/v2\/types\/product"}],"wp:featuredmedia":[{"embeddable":true,"href":"https:\/\/amedis.es\/tienda\/wp-json\/wp\/v2\/media\/8682"}],"wp:attachment":[{"href":"https:\/\/amedis.es\/tienda\/wp-json\/wp\/v2\/media?parent=8681"}],"wp:term":[{"taxonomy":"pwb-brand","embeddable":true,"href":"https:\/\/amedis.es\/tienda\/wp-json\/wp\/v2\/pwb-brand?post=8681"},{"taxonomy":"product_brand","embeddable":true,"href":"https:\/\/amedis.es\/tienda\/wp-json\/wp\/v2\/product_brand?post=8681"},{"taxonomy":"product_cat","embeddable":true,"href":"https:\/\/amedis.es\/tienda\/wp-json\/wp\/v2\/product_cat?post=8681"},{"taxonomy":"product_tag","embeddable":true,"href":"https:\/\/amedis.es\/tienda\/wp-json\/wp\/v2\/product_tag?post=8681"}],"curies":[{"name":"wp","href":"https:\/\/api.w.org\/{rel}","templated":true}]}}