{"id":8654,"date":"2021-05-17T18:58:20","date_gmt":"2021-05-17T18:58:20","guid":{"rendered":"https:\/\/amedis.es\/tienda\/?post_type=product&#038;p=8654"},"modified":"2025-04-11T20:23:25","modified_gmt":"2025-04-11T20:23:25","slug":"multilink-primer-ab","status":"publish","type":"product","link":"https:\/\/amedis.es\/tienda\/producto\/multilink-primer-ab\/","title":{"rendered":"MULTILINK PRIMER A+B"},"content":{"rendered":"<p>Multilink primer A+B. Cemento Composite Universal. Multilink es un sistema de cementaci\u00f3n universal autogabante para lar\u00e1pida y fiable cementaci\u00f3n adhesiva de restauraciones indirectas realizadas con todo tipo de materiales. Multilink Automix es autopolimerizable (fraguado qu\u00edmico) con opci\u00f3n de fotopolimerizaci\u00f3n y puede aplicarse directamente. Con Multilink Automix no es necesaria la mezcla manual.<\/p>\n","protected":false},"excerpt":{"rendered":"<p>CONTENIDO: 1 Bote Primer A x 3 gr. + 1 Bote Primer B x 3 gr.<\/p>\n","protected":false},"featured_media":30304,"template":"","meta":[],"pwb-brand":[2359],"product_brand":[],"product_cat":[56,70],"product_tag":[],"class_list":{"0":"post-8654","1":"product","2":"type-product","3":"status-publish","4":"has-post-thumbnail","6":"pwb-brand-ivoclar","7":"product_cat-cementos","8":"product_cat-cementos-definitivos-de-resina","10":"first","11":"instock","12":"sale","13":"taxable","14":"shipping-taxable","15":"purchasable","16":"product-type-simple"},"yoast_head":"<!-- This site is optimized with the Yoast SEO plugin v27.4 - https:\/\/yoast.com\/product\/yoast-seo-wordpress\/ -->\n<title>MULTILINK PRIMER A+B | Amedis | IVOCLAR VIVADENT<\/title>\n<meta name=\"description\" content=\"Multilink primer A+B. Cemento Composite Universal. Multilink es un sistema de cementaci\u00f3n universal autogabante para lar\u00e1pida.\" \/>\n<meta name=\"robots\" content=\"index, follow, max-snippet:-1, max-image-preview:large, max-video-preview:-1\" \/>\n<link rel=\"canonical\" href=\"https:\/\/amedis.es\/tienda\/?product=multilink-primer-ab\" \/>\n<meta property=\"og:locale\" content=\"es_ES\" \/>\n<meta property=\"og:type\" content=\"article\" \/>\n<meta property=\"og:title\" content=\"MULTILINK PRIMER A+B | Amedis | IVOCLAR VIVADENT\" \/>\n<meta property=\"og:description\" content=\"Multilink primer A+B. Cemento Composite Universal. Multilink es un sistema de cementaci\u00f3n universal autogabante para lar\u00e1pida.\" \/>\n<meta property=\"og:url\" content=\"https:\/\/amedis.es\/tienda\/?product=multilink-primer-ab\" \/>\n<meta property=\"og:site_name\" content=\"Amedis\" \/>\n<meta property=\"article:modified_time\" content=\"2025-04-11T20:23:25+00:00\" \/>\n<meta property=\"og:image\" content=\"https:\/\/amedis.es\/tienda\/wp-content\/uploads\/2021\/05\/MULTILINK-PRIMER-AB-1.jpg\" \/>\n\t<meta property=\"og:image:width\" content=\"600\" \/>\n\t<meta property=\"og:image:height\" content=\"600\" \/>\n\t<meta property=\"og:image:type\" content=\"image\/jpeg\" \/>\n<meta name=\"twitter:card\" content=\"summary_large_image\" \/>\n<meta name=\"twitter:label1\" content=\"Tiempo de lectura\" \/>\n\t<meta name=\"twitter:data1\" content=\"1 minuto\" \/>\n<script type=\"application\/ld+json\" class=\"yoast-schema-graph\">{\"@context\":\"https:\\\/\\\/schema.org\",\"@graph\":[{\"@type\":\"WebPage\",\"@id\":\"https:\\\/\\\/amedis.es\\\/tienda\\\/?product=multilink-primer-ab\",\"url\":\"https:\\\/\\\/amedis.es\\\/tienda\\\/?product=multilink-primer-ab\",\"name\":\"MULTILINK PRIMER A+B | Amedis | IVOCLAR VIVADENT\",\"isPartOf\":{\"@id\":\"https:\\\/\\\/amedis.es\\\/tienda\\\/#website\"},\"primaryImageOfPage\":{\"@id\":\"https:\\\/\\\/amedis.es\\\/tienda\\\/?product=multilink-primer-ab#primaryimage\"},\"image\":{\"@id\":\"https:\\\/\\\/amedis.es\\\/tienda\\\/?product=multilink-primer-ab#primaryimage\"},\"thumbnailUrl\":\"https:\\\/\\\/amedis.es\\\/tienda\\\/wp-content\\\/uploads\\\/2021\\\/05\\\/MULTILINK-PRIMER-AB-1.jpg\",\"datePublished\":\"2021-05-17T18:58:20+00:00\",\"dateModified\":\"2025-04-11T20:23:25+00:00\",\"description\":\"Multilink primer A+B. Cemento Composite Universal. Multilink es un sistema de cementaci\u00f3n universal autogabante para lar\u00e1pida.\",\"breadcrumb\":{\"@id\":\"https:\\\/\\\/amedis.es\\\/tienda\\\/?product=multilink-primer-ab#breadcrumb\"},\"inLanguage\":\"es\",\"potentialAction\":[{\"@type\":\"ReadAction\",\"target\":[\"https:\\\/\\\/amedis.es\\\/tienda\\\/?product=multilink-primer-ab\"]}]},{\"@type\":\"ImageObject\",\"inLanguage\":\"es\",\"@id\":\"https:\\\/\\\/amedis.es\\\/tienda\\\/?product=multilink-primer-ab#primaryimage\",\"url\":\"https:\\\/\\\/amedis.es\\\/tienda\\\/wp-content\\\/uploads\\\/2021\\\/05\\\/MULTILINK-PRIMER-AB-1.jpg\",\"contentUrl\":\"https:\\\/\\\/amedis.es\\\/tienda\\\/wp-content\\\/uploads\\\/2021\\\/05\\\/MULTILINK-PRIMER-AB-1.jpg\",\"width\":600,\"height\":600,\"caption\":\"Amedis MULTILINK PRIMER A+B\"},{\"@type\":\"BreadcrumbList\",\"@id\":\"https:\\\/\\\/amedis.es\\\/tienda\\\/?product=multilink-primer-ab#breadcrumb\",\"itemListElement\":[{\"@type\":\"ListItem\",\"position\":1,\"name\":\"Portada\",\"item\":\"https:\\\/\\\/amedis.es\\\/tienda\\\/\"},{\"@type\":\"ListItem\",\"position\":2,\"name\":\"Amedis | Suministros M\u00e9dicos y Dentales | Tienda\",\"item\":\"https:\\\/\\\/amedis.es\\\/tienda\\\/suministros-medicos-y-dentales\\\/\"},{\"@type\":\"ListItem\",\"position\":3,\"name\":\"MULTILINK PRIMER A+B\"}]},{\"@type\":\"WebSite\",\"@id\":\"https:\\\/\\\/amedis.es\\\/tienda\\\/#website\",\"url\":\"https:\\\/\\\/amedis.es\\\/tienda\\\/\",\"name\":\"Amedis\",\"description\":\"Suministros M\u00e9dicos y Dentales\",\"publisher\":{\"@id\":\"https:\\\/\\\/amedis.es\\\/tienda\\\/#organization\"},\"potentialAction\":[{\"@type\":\"SearchAction\",\"target\":{\"@type\":\"EntryPoint\",\"urlTemplate\":\"https:\\\/\\\/amedis.es\\\/tienda\\\/?s={search_term_string}\"},\"query-input\":{\"@type\":\"PropertyValueSpecification\",\"valueRequired\":true,\"valueName\":\"search_term_string\"}}],\"inLanguage\":\"es\"},{\"@type\":\"Organization\",\"@id\":\"https:\\\/\\\/amedis.es\\\/tienda\\\/#organization\",\"name\":\"Amedis | Suministros M\u00e9dicos y Dentales\",\"url\":\"https:\\\/\\\/amedis.es\\\/tienda\\\/\",\"logo\":{\"@type\":\"ImageObject\",\"inLanguage\":\"es\",\"@id\":\"https:\\\/\\\/amedis.es\\\/tienda\\\/#\\\/schema\\\/logo\\\/image\\\/\",\"url\":\"https:\\\/\\\/amedis.es\\\/tienda\\\/wp-content\\\/uploads\\\/2020\\\/05\\\/logo-1.png\",\"contentUrl\":\"https:\\\/\\\/amedis.es\\\/tienda\\\/wp-content\\\/uploads\\\/2020\\\/05\\\/logo-1.png\",\"width\":191,\"height\":80,\"caption\":\"Amedis | Suministros M\u00e9dicos y Dentales\"},\"image\":{\"@id\":\"https:\\\/\\\/amedis.es\\\/tienda\\\/#\\\/schema\\\/logo\\\/image\\\/\"}}]}<\/script>\n<!-- \/ Yoast SEO plugin. -->","yoast_head_json":{"title":"MULTILINK PRIMER A+B | Amedis | IVOCLAR VIVADENT","description":"Multilink primer A+B. Cemento Composite Universal. Multilink es un sistema de cementaci\u00f3n universal autogabante para lar\u00e1pida.","robots":{"index":"index","follow":"follow","max-snippet":"max-snippet:-1","max-image-preview":"max-image-preview:large","max-video-preview":"max-video-preview:-1"},"canonical":"https:\/\/amedis.es\/tienda\/?product=multilink-primer-ab","og_locale":"es_ES","og_type":"article","og_title":"MULTILINK PRIMER A+B | Amedis | IVOCLAR VIVADENT","og_description":"Multilink primer A+B. Cemento Composite Universal. Multilink es un sistema de cementaci\u00f3n universal autogabante para lar\u00e1pida.","og_url":"https:\/\/amedis.es\/tienda\/?product=multilink-primer-ab","og_site_name":"Amedis","article_modified_time":"2025-04-11T20:23:25+00:00","og_image":[{"width":600,"height":600,"url":"https:\/\/amedis.es\/tienda\/wp-content\/uploads\/2021\/05\/MULTILINK-PRIMER-AB-1.jpg","type":"image\/jpeg"}],"twitter_card":"summary_large_image","twitter_misc":{"Tiempo de lectura":"1 minuto"},"schema":{"@context":"https:\/\/schema.org","@graph":[{"@type":"WebPage","@id":"https:\/\/amedis.es\/tienda\/?product=multilink-primer-ab","url":"https:\/\/amedis.es\/tienda\/?product=multilink-primer-ab","name":"MULTILINK PRIMER A+B | Amedis | IVOCLAR VIVADENT","isPartOf":{"@id":"https:\/\/amedis.es\/tienda\/#website"},"primaryImageOfPage":{"@id":"https:\/\/amedis.es\/tienda\/?product=multilink-primer-ab#primaryimage"},"image":{"@id":"https:\/\/amedis.es\/tienda\/?product=multilink-primer-ab#primaryimage"},"thumbnailUrl":"https:\/\/amedis.es\/tienda\/wp-content\/uploads\/2021\/05\/MULTILINK-PRIMER-AB-1.jpg","datePublished":"2021-05-17T18:58:20+00:00","dateModified":"2025-04-11T20:23:25+00:00","description":"Multilink primer A+B. Cemento Composite Universal. Multilink es un sistema de cementaci\u00f3n universal autogabante para lar\u00e1pida.","breadcrumb":{"@id":"https:\/\/amedis.es\/tienda\/?product=multilink-primer-ab#breadcrumb"},"inLanguage":"es","potentialAction":[{"@type":"ReadAction","target":["https:\/\/amedis.es\/tienda\/?product=multilink-primer-ab"]}]},{"@type":"ImageObject","inLanguage":"es","@id":"https:\/\/amedis.es\/tienda\/?product=multilink-primer-ab#primaryimage","url":"https:\/\/amedis.es\/tienda\/wp-content\/uploads\/2021\/05\/MULTILINK-PRIMER-AB-1.jpg","contentUrl":"https:\/\/amedis.es\/tienda\/wp-content\/uploads\/2021\/05\/MULTILINK-PRIMER-AB-1.jpg","width":600,"height":600,"caption":"Amedis MULTILINK PRIMER A+B"},{"@type":"BreadcrumbList","@id":"https:\/\/amedis.es\/tienda\/?product=multilink-primer-ab#breadcrumb","itemListElement":[{"@type":"ListItem","position":1,"name":"Portada","item":"https:\/\/amedis.es\/tienda\/"},{"@type":"ListItem","position":2,"name":"Amedis | Suministros M\u00e9dicos y Dentales | Tienda","item":"https:\/\/amedis.es\/tienda\/suministros-medicos-y-dentales\/"},{"@type":"ListItem","position":3,"name":"MULTILINK PRIMER A+B"}]},{"@type":"WebSite","@id":"https:\/\/amedis.es\/tienda\/#website","url":"https:\/\/amedis.es\/tienda\/","name":"Amedis","description":"Suministros M\u00e9dicos y Dentales","publisher":{"@id":"https:\/\/amedis.es\/tienda\/#organization"},"potentialAction":[{"@type":"SearchAction","target":{"@type":"EntryPoint","urlTemplate":"https:\/\/amedis.es\/tienda\/?s={search_term_string}"},"query-input":{"@type":"PropertyValueSpecification","valueRequired":true,"valueName":"search_term_string"}}],"inLanguage":"es"},{"@type":"Organization","@id":"https:\/\/amedis.es\/tienda\/#organization","name":"Amedis | Suministros M\u00e9dicos y Dentales","url":"https:\/\/amedis.es\/tienda\/","logo":{"@type":"ImageObject","inLanguage":"es","@id":"https:\/\/amedis.es\/tienda\/#\/schema\/logo\/image\/","url":"https:\/\/amedis.es\/tienda\/wp-content\/uploads\/2020\/05\/logo-1.png","contentUrl":"https:\/\/amedis.es\/tienda\/wp-content\/uploads\/2020\/05\/logo-1.png","width":191,"height":80,"caption":"Amedis | Suministros M\u00e9dicos y Dentales"},"image":{"@id":"https:\/\/amedis.es\/tienda\/#\/schema\/logo\/image\/"}}]}},"brands":[{"id":2359,"name":"IVOCLAR","slug":"ivoclar"}],"_links":{"self":[{"href":"https:\/\/amedis.es\/tienda\/wp-json\/wp\/v2\/product\/8654","targetHints":{"allow":["GET"]}}],"collection":[{"href":"https:\/\/amedis.es\/tienda\/wp-json\/wp\/v2\/product"}],"about":[{"href":"https:\/\/amedis.es\/tienda\/wp-json\/wp\/v2\/types\/product"}],"wp:featuredmedia":[{"embeddable":true,"href":"https:\/\/amedis.es\/tienda\/wp-json\/wp\/v2\/media\/30304"}],"wp:attachment":[{"href":"https:\/\/amedis.es\/tienda\/wp-json\/wp\/v2\/media?parent=8654"}],"wp:term":[{"taxonomy":"pwb-brand","embeddable":true,"href":"https:\/\/amedis.es\/tienda\/wp-json\/wp\/v2\/pwb-brand?post=8654"},{"taxonomy":"product_brand","embeddable":true,"href":"https:\/\/amedis.es\/tienda\/wp-json\/wp\/v2\/product_brand?post=8654"},{"taxonomy":"product_cat","embeddable":true,"href":"https:\/\/amedis.es\/tienda\/wp-json\/wp\/v2\/product_cat?post=8654"},{"taxonomy":"product_tag","embeddable":true,"href":"https:\/\/amedis.es\/tienda\/wp-json\/wp\/v2\/product_tag?post=8654"}],"curies":[{"name":"wp","href":"https:\/\/api.w.org\/{rel}","templated":true}]}}