{"id":8650,"date":"2021-05-17T18:42:40","date_gmt":"2021-05-17T18:42:40","guid":{"rendered":"https:\/\/amedis.es\/tienda\/?post_type=product&#038;p=8650"},"modified":"2025-04-11T20:24:32","modified_gmt":"2025-04-11T20:24:32","slug":"variolink-esthetic-dc-system-kit-pen","status":"publish","type":"product","link":"https:\/\/amedis.es\/tienda\/producto\/variolink-esthetic-dc-system-kit-pen\/","title":{"rendered":"KIT VARIOLINK ESTHETIC DC BOTE NEUTRO"},"content":{"rendered":"<p>Kit variolink esthetic DC bote neutro. Cemento de composite de polimerizaci\u00f3n dual para la cementaci\u00f3n permanente de restauraciones de cer\u00e1mica y composites. Variolink Esthetic DC est\u00e1 indicado para la cementaci\u00f3n permanente de cer\u00e1mica v\u00edtrea, cer\u00e1mica v\u00edtrea de disilicato de litio y restauraciones de composite (inlays, onlays, coronas y puentes).Variolink Esthetic es un sistema de cementaci\u00f3n adhesiva de color estable para la cementaci\u00f3n permanente de restauraciones de composite y cer\u00e1mica. Variolink Esthetic se presenta en una versi\u00f3n puramente fotopolimerizable (Variolink Esthetic LC) y una versi\u00f3n de polimerizaci\u00f3n dual (Variolink Esthetic DC). El cemento est\u00e1 inspirado en los composites de cementaci\u00f3n est\u00e9ticos Variolink II y Variolink Veneer, que durante muchos a\u00f1os han demostrado su valor en cl\u00ednica. Variolink Esthetic presenta una excepcional estabilidad del color. Esto es posible gracias al patentado, fotoiniciador Ivocerin\u00ae, cien por cien libre de co-iniciadores basados en amina. Variolink Esthetic constituye la base para unos resultados est\u00e9ticos duraderos y fiables. Incluso si es sometido a una luz intensa o a un ambiente h\u00famedo, Variolink Esthetic no est\u00e1 sujeto a cambios visibles de su color. El tono WO blanco opaco sirve para enmascarar eficazmente la estructura dental descolorida.<\/p>\n","protected":false},"excerpt":{"rendered":"<p>CONTENIDO: 1 Jeringas Variolink Esthetic DC de 9 g color neutral + 1 Jeringas Variolink Esthetic Try-in Paste de 1,7 g color neutral + 1 Adhese Universal frasco 5 g + 1 Frasco Monobond Plus de 5 g + 1 Jeringa Liquid Strip de 2,5 g + Accesorios varios.<\/p>\n","protected":false},"featured_media":30313,"template":"","meta":[],"pwb-brand":[2359],"product_brand":[],"product_cat":[56,70],"product_tag":[],"class_list":{"0":"post-8650","1":"product","2":"type-product","3":"status-publish","4":"has-post-thumbnail","6":"pwb-brand-ivoclar","7":"product_cat-cementos","8":"product_cat-cementos-definitivos-de-resina","10":"first","11":"instock","12":"sale","13":"taxable","14":"shipping-taxable","15":"purchasable","16":"product-type-simple"},"yoast_head":"<!-- This site is optimized with the Yoast SEO plugin v27.4 - https:\/\/yoast.com\/product\/yoast-seo-wordpress\/ -->\n<title>KIT VARIOLINK ESTHETIC DC BOTE NEUTRO | Amedis | IVOCLAR<\/title>\n<meta name=\"description\" content=\"Kit variolink esthetic DC bote neutro. Cemento de composite de polimerizaci\u00f3n dual para la cementaci\u00f3n permanente de restauraciones de cer\u00e1mica y composites.\" \/>\n<meta name=\"robots\" content=\"index, follow, max-snippet:-1, max-image-preview:large, max-video-preview:-1\" \/>\n<link rel=\"canonical\" href=\"https:\/\/amedis.es\/tienda\/?product=variolink-esthetic-dc-system-kit-pen\" \/>\n<meta property=\"og:locale\" content=\"es_ES\" \/>\n<meta property=\"og:type\" content=\"article\" \/>\n<meta property=\"og:title\" content=\"KIT VARIOLINK ESTHETIC DC BOTE NEUTRO | Amedis | IVOCLAR\" \/>\n<meta property=\"og:description\" content=\"Kit variolink esthetic DC bote neutro. Cemento de composite de polimerizaci\u00f3n dual para la cementaci\u00f3n permanente de restauraciones de cer\u00e1mica y composites.\" \/>\n<meta property=\"og:url\" content=\"https:\/\/amedis.es\/tienda\/?product=variolink-esthetic-dc-system-kit-pen\" \/>\n<meta property=\"og:site_name\" content=\"Amedis\" \/>\n<meta property=\"article:modified_time\" content=\"2025-04-11T20:24:32+00:00\" \/>\n<meta property=\"og:image\" content=\"https:\/\/amedis.es\/tienda\/wp-content\/uploads\/2021\/05\/KIT-VARIOLINK-ESTHETIC-DC-BOTE-NEUTRO.jpg\" \/>\n\t<meta property=\"og:image:width\" content=\"600\" \/>\n\t<meta property=\"og:image:height\" content=\"634\" \/>\n\t<meta property=\"og:image:type\" content=\"image\/jpeg\" \/>\n<meta name=\"twitter:card\" content=\"summary_large_image\" \/>\n<meta name=\"twitter:label1\" content=\"Tiempo de lectura\" \/>\n\t<meta name=\"twitter:data1\" content=\"2 minutos\" \/>\n<script type=\"application\/ld+json\" class=\"yoast-schema-graph\">{\"@context\":\"https:\\\/\\\/schema.org\",\"@graph\":[{\"@type\":\"WebPage\",\"@id\":\"https:\\\/\\\/amedis.es\\\/tienda\\\/?product=variolink-esthetic-dc-system-kit-pen\",\"url\":\"https:\\\/\\\/amedis.es\\\/tienda\\\/?product=variolink-esthetic-dc-system-kit-pen\",\"name\":\"KIT VARIOLINK ESTHETIC DC BOTE NEUTRO | Amedis | IVOCLAR\",\"isPartOf\":{\"@id\":\"https:\\\/\\\/amedis.es\\\/tienda\\\/#website\"},\"primaryImageOfPage\":{\"@id\":\"https:\\\/\\\/amedis.es\\\/tienda\\\/?product=variolink-esthetic-dc-system-kit-pen#primaryimage\"},\"image\":{\"@id\":\"https:\\\/\\\/amedis.es\\\/tienda\\\/?product=variolink-esthetic-dc-system-kit-pen#primaryimage\"},\"thumbnailUrl\":\"https:\\\/\\\/amedis.es\\\/tienda\\\/wp-content\\\/uploads\\\/2021\\\/05\\\/KIT-VARIOLINK-ESTHETIC-DC-BOTE-NEUTRO.jpg\",\"datePublished\":\"2021-05-17T18:42:40+00:00\",\"dateModified\":\"2025-04-11T20:24:32+00:00\",\"description\":\"Kit variolink esthetic DC bote neutro. Cemento de composite de polimerizaci\u00f3n dual para la cementaci\u00f3n permanente de restauraciones de cer\u00e1mica y composites.\",\"breadcrumb\":{\"@id\":\"https:\\\/\\\/amedis.es\\\/tienda\\\/?product=variolink-esthetic-dc-system-kit-pen#breadcrumb\"},\"inLanguage\":\"es\",\"potentialAction\":[{\"@type\":\"ReadAction\",\"target\":[\"https:\\\/\\\/amedis.es\\\/tienda\\\/?product=variolink-esthetic-dc-system-kit-pen\"]}]},{\"@type\":\"ImageObject\",\"inLanguage\":\"es\",\"@id\":\"https:\\\/\\\/amedis.es\\\/tienda\\\/?product=variolink-esthetic-dc-system-kit-pen#primaryimage\",\"url\":\"https:\\\/\\\/amedis.es\\\/tienda\\\/wp-content\\\/uploads\\\/2021\\\/05\\\/KIT-VARIOLINK-ESTHETIC-DC-BOTE-NEUTRO.jpg\",\"contentUrl\":\"https:\\\/\\\/amedis.es\\\/tienda\\\/wp-content\\\/uploads\\\/2021\\\/05\\\/KIT-VARIOLINK-ESTHETIC-DC-BOTE-NEUTRO.jpg\",\"width\":600,\"height\":634,\"caption\":\"Amedis KIT VARIOLINK ESTHETIC DC BOTE NEUTRO\"},{\"@type\":\"BreadcrumbList\",\"@id\":\"https:\\\/\\\/amedis.es\\\/tienda\\\/?product=variolink-esthetic-dc-system-kit-pen#breadcrumb\",\"itemListElement\":[{\"@type\":\"ListItem\",\"position\":1,\"name\":\"Portada\",\"item\":\"https:\\\/\\\/amedis.es\\\/tienda\\\/\"},{\"@type\":\"ListItem\",\"position\":2,\"name\":\"Amedis | Suministros M\u00e9dicos y Dentales | Tienda\",\"item\":\"https:\\\/\\\/amedis.es\\\/tienda\\\/suministros-medicos-y-dentales\\\/\"},{\"@type\":\"ListItem\",\"position\":3,\"name\":\"KIT VARIOLINK ESTHETIC DC BOTE NEUTRO\"}]},{\"@type\":\"WebSite\",\"@id\":\"https:\\\/\\\/amedis.es\\\/tienda\\\/#website\",\"url\":\"https:\\\/\\\/amedis.es\\\/tienda\\\/\",\"name\":\"Amedis\",\"description\":\"Suministros M\u00e9dicos y Dentales\",\"publisher\":{\"@id\":\"https:\\\/\\\/amedis.es\\\/tienda\\\/#organization\"},\"potentialAction\":[{\"@type\":\"SearchAction\",\"target\":{\"@type\":\"EntryPoint\",\"urlTemplate\":\"https:\\\/\\\/amedis.es\\\/tienda\\\/?s={search_term_string}\"},\"query-input\":{\"@type\":\"PropertyValueSpecification\",\"valueRequired\":true,\"valueName\":\"search_term_string\"}}],\"inLanguage\":\"es\"},{\"@type\":\"Organization\",\"@id\":\"https:\\\/\\\/amedis.es\\\/tienda\\\/#organization\",\"name\":\"Amedis | Suministros M\u00e9dicos y Dentales\",\"url\":\"https:\\\/\\\/amedis.es\\\/tienda\\\/\",\"logo\":{\"@type\":\"ImageObject\",\"inLanguage\":\"es\",\"@id\":\"https:\\\/\\\/amedis.es\\\/tienda\\\/#\\\/schema\\\/logo\\\/image\\\/\",\"url\":\"https:\\\/\\\/amedis.es\\\/tienda\\\/wp-content\\\/uploads\\\/2020\\\/05\\\/logo-1.png\",\"contentUrl\":\"https:\\\/\\\/amedis.es\\\/tienda\\\/wp-content\\\/uploads\\\/2020\\\/05\\\/logo-1.png\",\"width\":191,\"height\":80,\"caption\":\"Amedis | Suministros M\u00e9dicos y Dentales\"},\"image\":{\"@id\":\"https:\\\/\\\/amedis.es\\\/tienda\\\/#\\\/schema\\\/logo\\\/image\\\/\"}}]}<\/script>\n<!-- \/ Yoast SEO plugin. -->","yoast_head_json":{"title":"KIT VARIOLINK ESTHETIC DC BOTE NEUTRO | Amedis | IVOCLAR","description":"Kit variolink esthetic DC bote neutro. Cemento de composite de polimerizaci\u00f3n dual para la cementaci\u00f3n permanente de restauraciones de cer\u00e1mica y composites.","robots":{"index":"index","follow":"follow","max-snippet":"max-snippet:-1","max-image-preview":"max-image-preview:large","max-video-preview":"max-video-preview:-1"},"canonical":"https:\/\/amedis.es\/tienda\/?product=variolink-esthetic-dc-system-kit-pen","og_locale":"es_ES","og_type":"article","og_title":"KIT VARIOLINK ESTHETIC DC BOTE NEUTRO | Amedis | IVOCLAR","og_description":"Kit variolink esthetic DC bote neutro. Cemento de composite de polimerizaci\u00f3n dual para la cementaci\u00f3n permanente de restauraciones de cer\u00e1mica y composites.","og_url":"https:\/\/amedis.es\/tienda\/?product=variolink-esthetic-dc-system-kit-pen","og_site_name":"Amedis","article_modified_time":"2025-04-11T20:24:32+00:00","og_image":[{"width":600,"height":634,"url":"https:\/\/amedis.es\/tienda\/wp-content\/uploads\/2021\/05\/KIT-VARIOLINK-ESTHETIC-DC-BOTE-NEUTRO.jpg","type":"image\/jpeg"}],"twitter_card":"summary_large_image","twitter_misc":{"Tiempo de lectura":"2 minutos"},"schema":{"@context":"https:\/\/schema.org","@graph":[{"@type":"WebPage","@id":"https:\/\/amedis.es\/tienda\/?product=variolink-esthetic-dc-system-kit-pen","url":"https:\/\/amedis.es\/tienda\/?product=variolink-esthetic-dc-system-kit-pen","name":"KIT VARIOLINK ESTHETIC DC BOTE NEUTRO | Amedis | IVOCLAR","isPartOf":{"@id":"https:\/\/amedis.es\/tienda\/#website"},"primaryImageOfPage":{"@id":"https:\/\/amedis.es\/tienda\/?product=variolink-esthetic-dc-system-kit-pen#primaryimage"},"image":{"@id":"https:\/\/amedis.es\/tienda\/?product=variolink-esthetic-dc-system-kit-pen#primaryimage"},"thumbnailUrl":"https:\/\/amedis.es\/tienda\/wp-content\/uploads\/2021\/05\/KIT-VARIOLINK-ESTHETIC-DC-BOTE-NEUTRO.jpg","datePublished":"2021-05-17T18:42:40+00:00","dateModified":"2025-04-11T20:24:32+00:00","description":"Kit variolink esthetic DC bote neutro. Cemento de composite de polimerizaci\u00f3n dual para la cementaci\u00f3n permanente de restauraciones de cer\u00e1mica y composites.","breadcrumb":{"@id":"https:\/\/amedis.es\/tienda\/?product=variolink-esthetic-dc-system-kit-pen#breadcrumb"},"inLanguage":"es","potentialAction":[{"@type":"ReadAction","target":["https:\/\/amedis.es\/tienda\/?product=variolink-esthetic-dc-system-kit-pen"]}]},{"@type":"ImageObject","inLanguage":"es","@id":"https:\/\/amedis.es\/tienda\/?product=variolink-esthetic-dc-system-kit-pen#primaryimage","url":"https:\/\/amedis.es\/tienda\/wp-content\/uploads\/2021\/05\/KIT-VARIOLINK-ESTHETIC-DC-BOTE-NEUTRO.jpg","contentUrl":"https:\/\/amedis.es\/tienda\/wp-content\/uploads\/2021\/05\/KIT-VARIOLINK-ESTHETIC-DC-BOTE-NEUTRO.jpg","width":600,"height":634,"caption":"Amedis KIT VARIOLINK ESTHETIC DC BOTE NEUTRO"},{"@type":"BreadcrumbList","@id":"https:\/\/amedis.es\/tienda\/?product=variolink-esthetic-dc-system-kit-pen#breadcrumb","itemListElement":[{"@type":"ListItem","position":1,"name":"Portada","item":"https:\/\/amedis.es\/tienda\/"},{"@type":"ListItem","position":2,"name":"Amedis | Suministros M\u00e9dicos y Dentales | Tienda","item":"https:\/\/amedis.es\/tienda\/suministros-medicos-y-dentales\/"},{"@type":"ListItem","position":3,"name":"KIT VARIOLINK ESTHETIC DC BOTE NEUTRO"}]},{"@type":"WebSite","@id":"https:\/\/amedis.es\/tienda\/#website","url":"https:\/\/amedis.es\/tienda\/","name":"Amedis","description":"Suministros M\u00e9dicos y Dentales","publisher":{"@id":"https:\/\/amedis.es\/tienda\/#organization"},"potentialAction":[{"@type":"SearchAction","target":{"@type":"EntryPoint","urlTemplate":"https:\/\/amedis.es\/tienda\/?s={search_term_string}"},"query-input":{"@type":"PropertyValueSpecification","valueRequired":true,"valueName":"search_term_string"}}],"inLanguage":"es"},{"@type":"Organization","@id":"https:\/\/amedis.es\/tienda\/#organization","name":"Amedis | Suministros M\u00e9dicos y Dentales","url":"https:\/\/amedis.es\/tienda\/","logo":{"@type":"ImageObject","inLanguage":"es","@id":"https:\/\/amedis.es\/tienda\/#\/schema\/logo\/image\/","url":"https:\/\/amedis.es\/tienda\/wp-content\/uploads\/2020\/05\/logo-1.png","contentUrl":"https:\/\/amedis.es\/tienda\/wp-content\/uploads\/2020\/05\/logo-1.png","width":191,"height":80,"caption":"Amedis | Suministros M\u00e9dicos y Dentales"},"image":{"@id":"https:\/\/amedis.es\/tienda\/#\/schema\/logo\/image\/"}}]}},"brands":[{"id":2359,"name":"IVOCLAR","slug":"ivoclar"}],"_links":{"self":[{"href":"https:\/\/amedis.es\/tienda\/wp-json\/wp\/v2\/product\/8650","targetHints":{"allow":["GET"]}}],"collection":[{"href":"https:\/\/amedis.es\/tienda\/wp-json\/wp\/v2\/product"}],"about":[{"href":"https:\/\/amedis.es\/tienda\/wp-json\/wp\/v2\/types\/product"}],"wp:featuredmedia":[{"embeddable":true,"href":"https:\/\/amedis.es\/tienda\/wp-json\/wp\/v2\/media\/30313"}],"wp:attachment":[{"href":"https:\/\/amedis.es\/tienda\/wp-json\/wp\/v2\/media?parent=8650"}],"wp:term":[{"taxonomy":"pwb-brand","embeddable":true,"href":"https:\/\/amedis.es\/tienda\/wp-json\/wp\/v2\/pwb-brand?post=8650"},{"taxonomy":"product_brand","embeddable":true,"href":"https:\/\/amedis.es\/tienda\/wp-json\/wp\/v2\/product_brand?post=8650"},{"taxonomy":"product_cat","embeddable":true,"href":"https:\/\/amedis.es\/tienda\/wp-json\/wp\/v2\/product_cat?post=8650"},{"taxonomy":"product_tag","embeddable":true,"href":"https:\/\/amedis.es\/tienda\/wp-json\/wp\/v2\/product_tag?post=8650"}],"curies":[{"name":"wp","href":"https:\/\/api.w.org\/{rel}","templated":true}]}}