{"id":8574,"date":"2021-05-16T18:15:52","date_gmt":"2021-05-16T18:15:52","guid":{"rendered":"https:\/\/amedis.es\/tienda\/?post_type=product&#038;p=8574"},"modified":"2024-08-28T19:29:41","modified_gmt":"2024-08-28T19:29:41","slug":"calibra-silane-coupling-agent","status":"publish","type":"product","link":"https:\/\/amedis.es\/tienda\/producto\/calibra-silane-coupling-agent\/","title":{"rendered":"CALIBRA SILANE COUPLING AGENT"},"content":{"rendered":"<p>Calibra silane coupling agent. El agente de acoplamiento de silano Calibra de componente \u00fanico, al ser aplicado sobre la parte grabada de la restauraci\u00f3n cer\u00e1mica, forma una superficie que es qu\u00edmicamente compatible con el cemento definitivo de resina Calibra. Aplicar a las superficies de cer\u00e1mica, porcelana, inlays y onlays de composite.<\/p>\n","protected":false},"excerpt":{"rendered":"<p>CONTENIDO: 1 Jeringa de 3 ml de silano.<\/p>\n","protected":false},"featured_media":8575,"template":"","meta":[],"pwb-brand":[2355],"product_brand":[],"product_cat":[56,70],"product_tag":[],"class_list":{"0":"post-8574","1":"product","2":"type-product","3":"status-publish","4":"has-post-thumbnail","6":"pwb-brand-dentsply","7":"product_cat-cementos","8":"product_cat-cementos-definitivos-de-resina","10":"first","11":"instock","12":"sale","13":"taxable","14":"shipping-taxable","15":"purchasable","16":"product-type-simple"},"yoast_head":"<!-- This site is optimized with the Yoast SEO plugin v27.4 - https:\/\/yoast.com\/product\/yoast-seo-wordpress\/ -->\n<title>CALIBRA SILANE COUPLING AGENT | Amedis | DENTSPLY<\/title>\n<meta name=\"description\" content=\"Calibra silane coupling agent. El agente de acoplamiento de silano Calibra de componente \u00fanico, al ser aplicado sobre la parte grabada\" \/>\n<meta name=\"robots\" content=\"index, follow, max-snippet:-1, max-image-preview:large, max-video-preview:-1\" \/>\n<link rel=\"canonical\" href=\"https:\/\/amedis.es\/tienda\/producto\/calibra-silane-coupling-agent\/\" \/>\n<meta property=\"og:locale\" content=\"es_ES\" \/>\n<meta property=\"og:type\" content=\"article\" \/>\n<meta property=\"og:title\" content=\"CALIBRA SILANE COUPLING AGENT | Amedis | DENTSPLY\" \/>\n<meta property=\"og:description\" content=\"Calibra silane coupling agent. El agente de acoplamiento de silano Calibra de componente \u00fanico, al ser aplicado sobre la parte grabada\" \/>\n<meta property=\"og:url\" content=\"https:\/\/amedis.es\/tienda\/producto\/calibra-silane-coupling-agent\/\" \/>\n<meta property=\"og:site_name\" content=\"Amedis\" \/>\n<meta property=\"article:modified_time\" content=\"2024-08-28T19:29:41+00:00\" \/>\n<meta property=\"og:image\" content=\"https:\/\/amedis.es\/tienda\/wp-content\/uploads\/2021\/05\/CALIBRA-SILANE-COUPLING-AGENT.jpg\" \/>\n\t<meta property=\"og:image:width\" content=\"600\" \/>\n\t<meta property=\"og:image:height\" content=\"600\" \/>\n\t<meta property=\"og:image:type\" content=\"image\/jpeg\" \/>\n<meta name=\"twitter:card\" content=\"summary_large_image\" \/>\n<meta name=\"twitter:label1\" content=\"Tiempo de lectura\" \/>\n\t<meta name=\"twitter:data1\" content=\"1 minuto\" \/>\n<script type=\"application\/ld+json\" class=\"yoast-schema-graph\">{\"@context\":\"https:\\\/\\\/schema.org\",\"@graph\":[{\"@type\":\"WebPage\",\"@id\":\"https:\\\/\\\/amedis.es\\\/tienda\\\/producto\\\/calibra-silane-coupling-agent\\\/\",\"url\":\"https:\\\/\\\/amedis.es\\\/tienda\\\/producto\\\/calibra-silane-coupling-agent\\\/\",\"name\":\"CALIBRA SILANE COUPLING AGENT | Amedis | DENTSPLY\",\"isPartOf\":{\"@id\":\"https:\\\/\\\/amedis.es\\\/tienda\\\/#website\"},\"primaryImageOfPage\":{\"@id\":\"https:\\\/\\\/amedis.es\\\/tienda\\\/producto\\\/calibra-silane-coupling-agent\\\/#primaryimage\"},\"image\":{\"@id\":\"https:\\\/\\\/amedis.es\\\/tienda\\\/producto\\\/calibra-silane-coupling-agent\\\/#primaryimage\"},\"thumbnailUrl\":\"https:\\\/\\\/amedis.es\\\/tienda\\\/wp-content\\\/uploads\\\/2021\\\/05\\\/CALIBRA-SILANE-COUPLING-AGENT.jpg\",\"datePublished\":\"2021-05-16T18:15:52+00:00\",\"dateModified\":\"2024-08-28T19:29:41+00:00\",\"description\":\"Calibra silane coupling agent. El agente de acoplamiento de silano Calibra de componente \u00fanico, al ser aplicado sobre la parte grabada\",\"breadcrumb\":{\"@id\":\"https:\\\/\\\/amedis.es\\\/tienda\\\/producto\\\/calibra-silane-coupling-agent\\\/#breadcrumb\"},\"inLanguage\":\"es\",\"potentialAction\":[{\"@type\":\"ReadAction\",\"target\":[\"https:\\\/\\\/amedis.es\\\/tienda\\\/producto\\\/calibra-silane-coupling-agent\\\/\"]}]},{\"@type\":\"ImageObject\",\"inLanguage\":\"es\",\"@id\":\"https:\\\/\\\/amedis.es\\\/tienda\\\/producto\\\/calibra-silane-coupling-agent\\\/#primaryimage\",\"url\":\"https:\\\/\\\/amedis.es\\\/tienda\\\/wp-content\\\/uploads\\\/2021\\\/05\\\/CALIBRA-SILANE-COUPLING-AGENT.jpg\",\"contentUrl\":\"https:\\\/\\\/amedis.es\\\/tienda\\\/wp-content\\\/uploads\\\/2021\\\/05\\\/CALIBRA-SILANE-COUPLING-AGENT.jpg\",\"width\":600,\"height\":600,\"caption\":\"Amedis CALIBRA SILANE COUPLING AGENT\"},{\"@type\":\"BreadcrumbList\",\"@id\":\"https:\\\/\\\/amedis.es\\\/tienda\\\/producto\\\/calibra-silane-coupling-agent\\\/#breadcrumb\",\"itemListElement\":[{\"@type\":\"ListItem\",\"position\":1,\"name\":\"Portada\",\"item\":\"https:\\\/\\\/amedis.es\\\/tienda\\\/\"},{\"@type\":\"ListItem\",\"position\":2,\"name\":\"Amedis | Suministros M\u00e9dicos y Dentales | Tienda\",\"item\":\"https:\\\/\\\/amedis.es\\\/tienda\\\/suministros-medicos-y-dentales\\\/\"},{\"@type\":\"ListItem\",\"position\":3,\"name\":\"CALIBRA SILANE COUPLING AGENT\"}]},{\"@type\":\"WebSite\",\"@id\":\"https:\\\/\\\/amedis.es\\\/tienda\\\/#website\",\"url\":\"https:\\\/\\\/amedis.es\\\/tienda\\\/\",\"name\":\"Amedis\",\"description\":\"Suministros M\u00e9dicos y Dentales\",\"publisher\":{\"@id\":\"https:\\\/\\\/amedis.es\\\/tienda\\\/#organization\"},\"potentialAction\":[{\"@type\":\"SearchAction\",\"target\":{\"@type\":\"EntryPoint\",\"urlTemplate\":\"https:\\\/\\\/amedis.es\\\/tienda\\\/?s={search_term_string}\"},\"query-input\":{\"@type\":\"PropertyValueSpecification\",\"valueRequired\":true,\"valueName\":\"search_term_string\"}}],\"inLanguage\":\"es\"},{\"@type\":\"Organization\",\"@id\":\"https:\\\/\\\/amedis.es\\\/tienda\\\/#organization\",\"name\":\"Amedis | Suministros M\u00e9dicos y Dentales\",\"url\":\"https:\\\/\\\/amedis.es\\\/tienda\\\/\",\"logo\":{\"@type\":\"ImageObject\",\"inLanguage\":\"es\",\"@id\":\"https:\\\/\\\/amedis.es\\\/tienda\\\/#\\\/schema\\\/logo\\\/image\\\/\",\"url\":\"https:\\\/\\\/amedis.es\\\/tienda\\\/wp-content\\\/uploads\\\/2020\\\/05\\\/logo-1.png\",\"contentUrl\":\"https:\\\/\\\/amedis.es\\\/tienda\\\/wp-content\\\/uploads\\\/2020\\\/05\\\/logo-1.png\",\"width\":191,\"height\":80,\"caption\":\"Amedis | Suministros M\u00e9dicos y Dentales\"},\"image\":{\"@id\":\"https:\\\/\\\/amedis.es\\\/tienda\\\/#\\\/schema\\\/logo\\\/image\\\/\"}}]}<\/script>\n<!-- \/ Yoast SEO plugin. -->","yoast_head_json":{"title":"CALIBRA SILANE COUPLING AGENT | Amedis | DENTSPLY","description":"Calibra silane coupling agent. El agente de acoplamiento de silano Calibra de componente \u00fanico, al ser aplicado sobre la parte grabada","robots":{"index":"index","follow":"follow","max-snippet":"max-snippet:-1","max-image-preview":"max-image-preview:large","max-video-preview":"max-video-preview:-1"},"canonical":"https:\/\/amedis.es\/tienda\/producto\/calibra-silane-coupling-agent\/","og_locale":"es_ES","og_type":"article","og_title":"CALIBRA SILANE COUPLING AGENT | Amedis | DENTSPLY","og_description":"Calibra silane coupling agent. El agente de acoplamiento de silano Calibra de componente \u00fanico, al ser aplicado sobre la parte grabada","og_url":"https:\/\/amedis.es\/tienda\/producto\/calibra-silane-coupling-agent\/","og_site_name":"Amedis","article_modified_time":"2024-08-28T19:29:41+00:00","og_image":[{"width":600,"height":600,"url":"https:\/\/amedis.es\/tienda\/wp-content\/uploads\/2021\/05\/CALIBRA-SILANE-COUPLING-AGENT.jpg","type":"image\/jpeg"}],"twitter_card":"summary_large_image","twitter_misc":{"Tiempo de lectura":"1 minuto"},"schema":{"@context":"https:\/\/schema.org","@graph":[{"@type":"WebPage","@id":"https:\/\/amedis.es\/tienda\/producto\/calibra-silane-coupling-agent\/","url":"https:\/\/amedis.es\/tienda\/producto\/calibra-silane-coupling-agent\/","name":"CALIBRA SILANE COUPLING AGENT | Amedis | DENTSPLY","isPartOf":{"@id":"https:\/\/amedis.es\/tienda\/#website"},"primaryImageOfPage":{"@id":"https:\/\/amedis.es\/tienda\/producto\/calibra-silane-coupling-agent\/#primaryimage"},"image":{"@id":"https:\/\/amedis.es\/tienda\/producto\/calibra-silane-coupling-agent\/#primaryimage"},"thumbnailUrl":"https:\/\/amedis.es\/tienda\/wp-content\/uploads\/2021\/05\/CALIBRA-SILANE-COUPLING-AGENT.jpg","datePublished":"2021-05-16T18:15:52+00:00","dateModified":"2024-08-28T19:29:41+00:00","description":"Calibra silane coupling agent. El agente de acoplamiento de silano Calibra de componente \u00fanico, al ser aplicado sobre la parte grabada","breadcrumb":{"@id":"https:\/\/amedis.es\/tienda\/producto\/calibra-silane-coupling-agent\/#breadcrumb"},"inLanguage":"es","potentialAction":[{"@type":"ReadAction","target":["https:\/\/amedis.es\/tienda\/producto\/calibra-silane-coupling-agent\/"]}]},{"@type":"ImageObject","inLanguage":"es","@id":"https:\/\/amedis.es\/tienda\/producto\/calibra-silane-coupling-agent\/#primaryimage","url":"https:\/\/amedis.es\/tienda\/wp-content\/uploads\/2021\/05\/CALIBRA-SILANE-COUPLING-AGENT.jpg","contentUrl":"https:\/\/amedis.es\/tienda\/wp-content\/uploads\/2021\/05\/CALIBRA-SILANE-COUPLING-AGENT.jpg","width":600,"height":600,"caption":"Amedis CALIBRA SILANE COUPLING AGENT"},{"@type":"BreadcrumbList","@id":"https:\/\/amedis.es\/tienda\/producto\/calibra-silane-coupling-agent\/#breadcrumb","itemListElement":[{"@type":"ListItem","position":1,"name":"Portada","item":"https:\/\/amedis.es\/tienda\/"},{"@type":"ListItem","position":2,"name":"Amedis | Suministros M\u00e9dicos y Dentales | Tienda","item":"https:\/\/amedis.es\/tienda\/suministros-medicos-y-dentales\/"},{"@type":"ListItem","position":3,"name":"CALIBRA SILANE COUPLING AGENT"}]},{"@type":"WebSite","@id":"https:\/\/amedis.es\/tienda\/#website","url":"https:\/\/amedis.es\/tienda\/","name":"Amedis","description":"Suministros M\u00e9dicos y Dentales","publisher":{"@id":"https:\/\/amedis.es\/tienda\/#organization"},"potentialAction":[{"@type":"SearchAction","target":{"@type":"EntryPoint","urlTemplate":"https:\/\/amedis.es\/tienda\/?s={search_term_string}"},"query-input":{"@type":"PropertyValueSpecification","valueRequired":true,"valueName":"search_term_string"}}],"inLanguage":"es"},{"@type":"Organization","@id":"https:\/\/amedis.es\/tienda\/#organization","name":"Amedis | Suministros M\u00e9dicos y Dentales","url":"https:\/\/amedis.es\/tienda\/","logo":{"@type":"ImageObject","inLanguage":"es","@id":"https:\/\/amedis.es\/tienda\/#\/schema\/logo\/image\/","url":"https:\/\/amedis.es\/tienda\/wp-content\/uploads\/2020\/05\/logo-1.png","contentUrl":"https:\/\/amedis.es\/tienda\/wp-content\/uploads\/2020\/05\/logo-1.png","width":191,"height":80,"caption":"Amedis | Suministros M\u00e9dicos y Dentales"},"image":{"@id":"https:\/\/amedis.es\/tienda\/#\/schema\/logo\/image\/"}}]}},"brands":[{"id":2355,"name":"DENTSPLY","slug":"dentsply"}],"_links":{"self":[{"href":"https:\/\/amedis.es\/tienda\/wp-json\/wp\/v2\/product\/8574","targetHints":{"allow":["GET"]}}],"collection":[{"href":"https:\/\/amedis.es\/tienda\/wp-json\/wp\/v2\/product"}],"about":[{"href":"https:\/\/amedis.es\/tienda\/wp-json\/wp\/v2\/types\/product"}],"wp:featuredmedia":[{"embeddable":true,"href":"https:\/\/amedis.es\/tienda\/wp-json\/wp\/v2\/media\/8575"}],"wp:attachment":[{"href":"https:\/\/amedis.es\/tienda\/wp-json\/wp\/v2\/media?parent=8574"}],"wp:term":[{"taxonomy":"pwb-brand","embeddable":true,"href":"https:\/\/amedis.es\/tienda\/wp-json\/wp\/v2\/pwb-brand?post=8574"},{"taxonomy":"product_brand","embeddable":true,"href":"https:\/\/amedis.es\/tienda\/wp-json\/wp\/v2\/product_brand?post=8574"},{"taxonomy":"product_cat","embeddable":true,"href":"https:\/\/amedis.es\/tienda\/wp-json\/wp\/v2\/product_cat?post=8574"},{"taxonomy":"product_tag","embeddable":true,"href":"https:\/\/amedis.es\/tienda\/wp-json\/wp\/v2\/product_tag?post=8574"}],"curies":[{"name":"wp","href":"https:\/\/api.w.org\/{rel}","templated":true}]}}