{"id":7888,"date":"2021-04-29T16:57:37","date_gmt":"2021-04-29T16:57:37","guid":{"rendered":"https:\/\/amedis.es\/tienda\/?post_type=product&#038;p=7888"},"modified":"2025-08-19T13:22:33","modified_gmt":"2025-08-19T13:22:33","slug":"reposicion-quick-up-adhesivo-bote","status":"publish","type":"product","link":"https:\/\/amedis.es\/tienda\/producto\/reposicion-quick-up-adhesivo-bote\/","title":{"rendered":"REPOSICI\u00d3N QUICK UP ADHESIVO BOTE"},"content":{"rendered":"<p>Quick Up es un material de fijaci\u00f3n de anclaje del color de la enc\u00eda y autopolimerizable que se utiliza para pegar anclajes como retenedores de bola, Locator\u00ae y retenedores telesc\u00f3picos, as\u00ed como otros elementos de soporte en pr\u00f3tesis a base sint\u00e9tica (PMMA). Adem\u00e1s, el material se puede emplear para sujetar elementos secundarios de una pr\u00f3tesis como sujeciones de barras.<\/p>\n","protected":false},"excerpt":{"rendered":"<p>CONTENIDO: 1 Unidad de 4 ml.<\/p>\n","protected":false},"featured_media":33876,"template":"","meta":[],"pwb-brand":[2353],"product_brand":[],"product_cat":[276,262],"product_tag":[],"class_list":{"0":"post-7888","1":"product","2":"type-product","3":"status-publish","4":"has-post-thumbnail","6":"pwb-brand-voco","7":"product_cat-composites-autopolimerizables","8":"product_cat-restauracion","10":"first","11":"instock","12":"sale","13":"taxable","14":"shipping-taxable","15":"purchasable","16":"product-type-simple"},"yoast_head":"<!-- This site is optimized with the Yoast SEO plugin v27.3 - https:\/\/yoast.com\/product\/yoast-seo-wordpress\/ -->\n<title>REPOSICI\u00d3N QUICK UP ADHESIVO BOTE | Amedis<\/title>\n<meta name=\"description\" content=\"Quick Up es un material de fijaci\u00f3n de anclaje del color de la enc\u00eda y autopolimerizable que se utiliza para pegar anclajes como retenedores de bola.\" \/>\n<meta name=\"robots\" content=\"index, follow, max-snippet:-1, max-image-preview:large, max-video-preview:-1\" \/>\n<link rel=\"canonical\" href=\"https:\/\/amedis.es\/tienda\/producto\/reposicion-quick-up-adhesivo-bote\/\" \/>\n<meta property=\"og:locale\" content=\"es_ES\" \/>\n<meta property=\"og:type\" content=\"article\" \/>\n<meta property=\"og:title\" content=\"REPOSICI\u00d3N QUICK UP ADHESIVO BOTE | Amedis\" \/>\n<meta property=\"og:description\" content=\"Quick Up es un material de fijaci\u00f3n de anclaje del color de la enc\u00eda y autopolimerizable que se utiliza para pegar anclajes como retenedores de bola.\" \/>\n<meta property=\"og:url\" content=\"https:\/\/amedis.es\/tienda\/producto\/reposicion-quick-up-adhesivo-bote\/\" \/>\n<meta property=\"og:site_name\" content=\"Amedis\" \/>\n<meta property=\"article:modified_time\" content=\"2025-08-19T13:22:33+00:00\" \/>\n<meta property=\"og:image\" content=\"https:\/\/amedis.es\/tienda\/wp-content\/uploads\/2021\/04\/REPOSICION-QUICK-UP-ADHESIVO-BOTE.jpg\" \/>\n\t<meta property=\"og:image:width\" content=\"600\" \/>\n\t<meta property=\"og:image:height\" content=\"600\" \/>\n\t<meta property=\"og:image:type\" content=\"image\/jpeg\" \/>\n<meta name=\"twitter:card\" content=\"summary_large_image\" \/>\n<meta name=\"twitter:label1\" content=\"Tiempo de lectura\" \/>\n\t<meta name=\"twitter:data1\" content=\"1 minuto\" \/>\n<script type=\"application\/ld+json\" class=\"yoast-schema-graph\">{\"@context\":\"https:\\\/\\\/schema.org\",\"@graph\":[{\"@type\":\"WebPage\",\"@id\":\"https:\\\/\\\/amedis.es\\\/tienda\\\/producto\\\/reposicion-quick-up-adhesivo-bote\\\/\",\"url\":\"https:\\\/\\\/amedis.es\\\/tienda\\\/producto\\\/reposicion-quick-up-adhesivo-bote\\\/\",\"name\":\"REPOSICI\u00d3N QUICK UP ADHESIVO BOTE | Amedis\",\"isPartOf\":{\"@id\":\"https:\\\/\\\/amedis.es\\\/tienda\\\/#website\"},\"primaryImageOfPage\":{\"@id\":\"https:\\\/\\\/amedis.es\\\/tienda\\\/producto\\\/reposicion-quick-up-adhesivo-bote\\\/#primaryimage\"},\"image\":{\"@id\":\"https:\\\/\\\/amedis.es\\\/tienda\\\/producto\\\/reposicion-quick-up-adhesivo-bote\\\/#primaryimage\"},\"thumbnailUrl\":\"https:\\\/\\\/amedis.es\\\/tienda\\\/wp-content\\\/uploads\\\/2021\\\/04\\\/REPOSICION-QUICK-UP-ADHESIVO-BOTE.jpg\",\"datePublished\":\"2021-04-29T16:57:37+00:00\",\"dateModified\":\"2025-08-19T13:22:33+00:00\",\"description\":\"Quick Up es un material de fijaci\u00f3n de anclaje del color de la enc\u00eda y autopolimerizable que se utiliza para pegar anclajes como retenedores de bola.\",\"breadcrumb\":{\"@id\":\"https:\\\/\\\/amedis.es\\\/tienda\\\/producto\\\/reposicion-quick-up-adhesivo-bote\\\/#breadcrumb\"},\"inLanguage\":\"es\",\"potentialAction\":[{\"@type\":\"ReadAction\",\"target\":[\"https:\\\/\\\/amedis.es\\\/tienda\\\/producto\\\/reposicion-quick-up-adhesivo-bote\\\/\"]}]},{\"@type\":\"ImageObject\",\"inLanguage\":\"es\",\"@id\":\"https:\\\/\\\/amedis.es\\\/tienda\\\/producto\\\/reposicion-quick-up-adhesivo-bote\\\/#primaryimage\",\"url\":\"https:\\\/\\\/amedis.es\\\/tienda\\\/wp-content\\\/uploads\\\/2021\\\/04\\\/REPOSICION-QUICK-UP-ADHESIVO-BOTE.jpg\",\"contentUrl\":\"https:\\\/\\\/amedis.es\\\/tienda\\\/wp-content\\\/uploads\\\/2021\\\/04\\\/REPOSICION-QUICK-UP-ADHESIVO-BOTE.jpg\",\"width\":600,\"height\":600,\"caption\":\"Amedis REPOSICI\u00d3N QUICK UP ADHESIVO BOTE\"},{\"@type\":\"BreadcrumbList\",\"@id\":\"https:\\\/\\\/amedis.es\\\/tienda\\\/producto\\\/reposicion-quick-up-adhesivo-bote\\\/#breadcrumb\",\"itemListElement\":[{\"@type\":\"ListItem\",\"position\":1,\"name\":\"Portada\",\"item\":\"https:\\\/\\\/amedis.es\\\/tienda\\\/\"},{\"@type\":\"ListItem\",\"position\":2,\"name\":\"Amedis | Suministros M\u00e9dicos y Dentales | Tienda\",\"item\":\"https:\\\/\\\/amedis.es\\\/tienda\\\/suministros-medicos-y-dentales\\\/\"},{\"@type\":\"ListItem\",\"position\":3,\"name\":\"REPOSICI\u00d3N QUICK UP ADHESIVO BOTE\"}]},{\"@type\":\"WebSite\",\"@id\":\"https:\\\/\\\/amedis.es\\\/tienda\\\/#website\",\"url\":\"https:\\\/\\\/amedis.es\\\/tienda\\\/\",\"name\":\"Amedis\",\"description\":\"Suministros M\u00e9dicos y Dentales\",\"publisher\":{\"@id\":\"https:\\\/\\\/amedis.es\\\/tienda\\\/#organization\"},\"potentialAction\":[{\"@type\":\"SearchAction\",\"target\":{\"@type\":\"EntryPoint\",\"urlTemplate\":\"https:\\\/\\\/amedis.es\\\/tienda\\\/?s={search_term_string}\"},\"query-input\":{\"@type\":\"PropertyValueSpecification\",\"valueRequired\":true,\"valueName\":\"search_term_string\"}}],\"inLanguage\":\"es\"},{\"@type\":\"Organization\",\"@id\":\"https:\\\/\\\/amedis.es\\\/tienda\\\/#organization\",\"name\":\"Amedis | Suministros M\u00e9dicos y Dentales\",\"url\":\"https:\\\/\\\/amedis.es\\\/tienda\\\/\",\"logo\":{\"@type\":\"ImageObject\",\"inLanguage\":\"es\",\"@id\":\"https:\\\/\\\/amedis.es\\\/tienda\\\/#\\\/schema\\\/logo\\\/image\\\/\",\"url\":\"https:\\\/\\\/amedis.es\\\/tienda\\\/wp-content\\\/uploads\\\/2020\\\/05\\\/logo-1.png\",\"contentUrl\":\"https:\\\/\\\/amedis.es\\\/tienda\\\/wp-content\\\/uploads\\\/2020\\\/05\\\/logo-1.png\",\"width\":191,\"height\":80,\"caption\":\"Amedis | Suministros M\u00e9dicos y Dentales\"},\"image\":{\"@id\":\"https:\\\/\\\/amedis.es\\\/tienda\\\/#\\\/schema\\\/logo\\\/image\\\/\"}}]}<\/script>\n<!-- \/ Yoast SEO plugin. -->","yoast_head_json":{"title":"REPOSICI\u00d3N QUICK UP ADHESIVO BOTE | Amedis","description":"Quick Up es un material de fijaci\u00f3n de anclaje del color de la enc\u00eda y autopolimerizable que se utiliza para pegar anclajes como retenedores de bola.","robots":{"index":"index","follow":"follow","max-snippet":"max-snippet:-1","max-image-preview":"max-image-preview:large","max-video-preview":"max-video-preview:-1"},"canonical":"https:\/\/amedis.es\/tienda\/producto\/reposicion-quick-up-adhesivo-bote\/","og_locale":"es_ES","og_type":"article","og_title":"REPOSICI\u00d3N QUICK UP ADHESIVO BOTE | Amedis","og_description":"Quick Up es un material de fijaci\u00f3n de anclaje del color de la enc\u00eda y autopolimerizable que se utiliza para pegar anclajes como retenedores de bola.","og_url":"https:\/\/amedis.es\/tienda\/producto\/reposicion-quick-up-adhesivo-bote\/","og_site_name":"Amedis","article_modified_time":"2025-08-19T13:22:33+00:00","og_image":[{"width":600,"height":600,"url":"https:\/\/amedis.es\/tienda\/wp-content\/uploads\/2021\/04\/REPOSICION-QUICK-UP-ADHESIVO-BOTE.jpg","type":"image\/jpeg"}],"twitter_card":"summary_large_image","twitter_misc":{"Tiempo de lectura":"1 minuto"},"schema":{"@context":"https:\/\/schema.org","@graph":[{"@type":"WebPage","@id":"https:\/\/amedis.es\/tienda\/producto\/reposicion-quick-up-adhesivo-bote\/","url":"https:\/\/amedis.es\/tienda\/producto\/reposicion-quick-up-adhesivo-bote\/","name":"REPOSICI\u00d3N QUICK UP ADHESIVO BOTE | Amedis","isPartOf":{"@id":"https:\/\/amedis.es\/tienda\/#website"},"primaryImageOfPage":{"@id":"https:\/\/amedis.es\/tienda\/producto\/reposicion-quick-up-adhesivo-bote\/#primaryimage"},"image":{"@id":"https:\/\/amedis.es\/tienda\/producto\/reposicion-quick-up-adhesivo-bote\/#primaryimage"},"thumbnailUrl":"https:\/\/amedis.es\/tienda\/wp-content\/uploads\/2021\/04\/REPOSICION-QUICK-UP-ADHESIVO-BOTE.jpg","datePublished":"2021-04-29T16:57:37+00:00","dateModified":"2025-08-19T13:22:33+00:00","description":"Quick Up es un material de fijaci\u00f3n de anclaje del color de la enc\u00eda y autopolimerizable que se utiliza para pegar anclajes como retenedores de bola.","breadcrumb":{"@id":"https:\/\/amedis.es\/tienda\/producto\/reposicion-quick-up-adhesivo-bote\/#breadcrumb"},"inLanguage":"es","potentialAction":[{"@type":"ReadAction","target":["https:\/\/amedis.es\/tienda\/producto\/reposicion-quick-up-adhesivo-bote\/"]}]},{"@type":"ImageObject","inLanguage":"es","@id":"https:\/\/amedis.es\/tienda\/producto\/reposicion-quick-up-adhesivo-bote\/#primaryimage","url":"https:\/\/amedis.es\/tienda\/wp-content\/uploads\/2021\/04\/REPOSICION-QUICK-UP-ADHESIVO-BOTE.jpg","contentUrl":"https:\/\/amedis.es\/tienda\/wp-content\/uploads\/2021\/04\/REPOSICION-QUICK-UP-ADHESIVO-BOTE.jpg","width":600,"height":600,"caption":"Amedis REPOSICI\u00d3N QUICK UP ADHESIVO BOTE"},{"@type":"BreadcrumbList","@id":"https:\/\/amedis.es\/tienda\/producto\/reposicion-quick-up-adhesivo-bote\/#breadcrumb","itemListElement":[{"@type":"ListItem","position":1,"name":"Portada","item":"https:\/\/amedis.es\/tienda\/"},{"@type":"ListItem","position":2,"name":"Amedis | Suministros M\u00e9dicos y Dentales | Tienda","item":"https:\/\/amedis.es\/tienda\/suministros-medicos-y-dentales\/"},{"@type":"ListItem","position":3,"name":"REPOSICI\u00d3N QUICK UP ADHESIVO BOTE"}]},{"@type":"WebSite","@id":"https:\/\/amedis.es\/tienda\/#website","url":"https:\/\/amedis.es\/tienda\/","name":"Amedis","description":"Suministros M\u00e9dicos y Dentales","publisher":{"@id":"https:\/\/amedis.es\/tienda\/#organization"},"potentialAction":[{"@type":"SearchAction","target":{"@type":"EntryPoint","urlTemplate":"https:\/\/amedis.es\/tienda\/?s={search_term_string}"},"query-input":{"@type":"PropertyValueSpecification","valueRequired":true,"valueName":"search_term_string"}}],"inLanguage":"es"},{"@type":"Organization","@id":"https:\/\/amedis.es\/tienda\/#organization","name":"Amedis | Suministros M\u00e9dicos y Dentales","url":"https:\/\/amedis.es\/tienda\/","logo":{"@type":"ImageObject","inLanguage":"es","@id":"https:\/\/amedis.es\/tienda\/#\/schema\/logo\/image\/","url":"https:\/\/amedis.es\/tienda\/wp-content\/uploads\/2020\/05\/logo-1.png","contentUrl":"https:\/\/amedis.es\/tienda\/wp-content\/uploads\/2020\/05\/logo-1.png","width":191,"height":80,"caption":"Amedis | Suministros M\u00e9dicos y Dentales"},"image":{"@id":"https:\/\/amedis.es\/tienda\/#\/schema\/logo\/image\/"}}]}},"brands":[{"id":2353,"name":"VOCO","slug":"voco"}],"_links":{"self":[{"href":"https:\/\/amedis.es\/tienda\/wp-json\/wp\/v2\/product\/7888","targetHints":{"allow":["GET"]}}],"collection":[{"href":"https:\/\/amedis.es\/tienda\/wp-json\/wp\/v2\/product"}],"about":[{"href":"https:\/\/amedis.es\/tienda\/wp-json\/wp\/v2\/types\/product"}],"wp:featuredmedia":[{"embeddable":true,"href":"https:\/\/amedis.es\/tienda\/wp-json\/wp\/v2\/media\/33876"}],"wp:attachment":[{"href":"https:\/\/amedis.es\/tienda\/wp-json\/wp\/v2\/media?parent=7888"}],"wp:term":[{"taxonomy":"pwb-brand","embeddable":true,"href":"https:\/\/amedis.es\/tienda\/wp-json\/wp\/v2\/pwb-brand?post=7888"},{"taxonomy":"product_brand","embeddable":true,"href":"https:\/\/amedis.es\/tienda\/wp-json\/wp\/v2\/product_brand?post=7888"},{"taxonomy":"product_cat","embeddable":true,"href":"https:\/\/amedis.es\/tienda\/wp-json\/wp\/v2\/product_cat?post=7888"},{"taxonomy":"product_tag","embeddable":true,"href":"https:\/\/amedis.es\/tienda\/wp-json\/wp\/v2\/product_tag?post=7888"}],"curies":[{"name":"wp","href":"https:\/\/api.w.org\/{rel}","templated":true}]}}