{"id":6881,"date":"2021-04-05T17:04:30","date_gmt":"2021-04-05T17:04:30","guid":{"rendered":"https:\/\/amedis.es\/tienda\/?post_type=product&#038;p=6881"},"modified":"2025-04-09T08:56:25","modified_gmt":"2025-04-09T08:56:25","slug":"coronas-iso-form-molares-reposicion","status":"publish","type":"product","link":"https:\/\/amedis.es\/tienda\/producto\/coronas-iso-form-molares-reposicion\/","title":{"rendered":"CORONAS ISO-FORM MOLARES REPOSICI\u00d3N"},"content":{"rendered":"<p>Las Coronas Iso-Form sirven para aplicaciones posteriores en adultos, para molares y bic\u00faspides, estas est\u00e1n pre-terminadas, contorneadas y acampanadas. Gracias a su forma anat\u00f3mica logra mantener los puntos de contacto y no irrita las enc\u00edas, permiten realizar los procedimientos diarios normales de higiene. Las coronas ISO-FORM son maleables, no galv\u00e1nicas y no tienen sabor.<\/p>\n<p>CARACTER\u00cdSTICAS:<\/p>\n<p>&#8211; Coronas temporales.<br \/>\n&#8211; Para bic\u00faspides y molares.<br \/>\n&#8211; Suave y d\u00factil.<br \/>\n&#8211; Protegen la dentina vital y la pulpa.<br \/>\n&#8211; Anatom\u00eda oclusal pre-formada.<br \/>\n&#8211; Compatibilidad con el tejido.<br \/>\n&#8211; Preterminado y acampanado para ahorrar tiempo de colocaci\u00f3n.<\/p>\n","protected":false},"excerpt":{"rendered":"<p>CONTENIDO: 5 unidades.<\/p>\n","protected":false},"featured_media":6882,"template":"","meta":[],"pwb-brand":[2358],"product_brand":[],"product_cat":[242,231],"product_tag":[],"class_list":{"0":"post-6881","1":"product","2":"type-product","3":"status-publish","4":"has-post-thumbnail","6":"pwb-brand-solventum-3m","7":"product_cat-coronas-metalicas","8":"product_cat-protesis","10":"first","11":"instock","12":"sale","13":"taxable","14":"shipping-taxable","15":"purchasable","16":"product-type-variable"},"yoast_head":"<!-- This site is optimized with the Yoast SEO plugin v27.4 - https:\/\/yoast.com\/product\/yoast-seo-wordpress\/ -->\n<title>CORONAS ISO-FORM MOLARES REPOSICI\u00d3N | Amedis<\/title>\n<meta name=\"description\" content=\"Las Coronas Iso-Form sirven para aplicaciones posteriores en adultos, para molares y bic\u00faspides, estas est\u00e1n pre-terminadas,\" \/>\n<meta name=\"robots\" content=\"index, follow, max-snippet:-1, max-image-preview:large, max-video-preview:-1\" \/>\n<link rel=\"canonical\" href=\"https:\/\/amedis.es\/tienda\/producto\/coronas-iso-form-molares-reposicion\/\" \/>\n<meta property=\"og:locale\" content=\"es_ES\" \/>\n<meta property=\"og:type\" content=\"article\" \/>\n<meta property=\"og:title\" content=\"CORONAS ISO-FORM MOLARES REPOSICI\u00d3N | Amedis\" \/>\n<meta property=\"og:description\" content=\"Las Coronas Iso-Form sirven para aplicaciones posteriores en adultos, para molares y bic\u00faspides, estas est\u00e1n pre-terminadas,\" \/>\n<meta property=\"og:url\" content=\"https:\/\/amedis.es\/tienda\/producto\/coronas-iso-form-molares-reposicion\/\" \/>\n<meta property=\"og:site_name\" content=\"Amedis\" \/>\n<meta property=\"article:modified_time\" content=\"2025-04-09T08:56:25+00:00\" \/>\n<meta property=\"og:image\" content=\"https:\/\/amedis.es\/tienda\/wp-content\/uploads\/2021\/04\/ISO-FORM-MOLARES-REPOSICION.jpg\" \/>\n\t<meta property=\"og:image:width\" content=\"600\" \/>\n\t<meta property=\"og:image:height\" content=\"600\" \/>\n\t<meta property=\"og:image:type\" content=\"image\/jpeg\" \/>\n<meta name=\"twitter:card\" content=\"summary_large_image\" \/>\n<meta name=\"twitter:label1\" content=\"Tiempo de lectura\" \/>\n\t<meta name=\"twitter:data1\" content=\"1 minuto\" \/>\n<script type=\"application\/ld+json\" class=\"yoast-schema-graph\">{\"@context\":\"https:\\\/\\\/schema.org\",\"@graph\":[{\"@type\":\"WebPage\",\"@id\":\"https:\\\/\\\/amedis.es\\\/tienda\\\/producto\\\/coronas-iso-form-molares-reposicion\\\/\",\"url\":\"https:\\\/\\\/amedis.es\\\/tienda\\\/producto\\\/coronas-iso-form-molares-reposicion\\\/\",\"name\":\"CORONAS ISO-FORM MOLARES REPOSICI\u00d3N | Amedis\",\"isPartOf\":{\"@id\":\"https:\\\/\\\/amedis.es\\\/tienda\\\/#website\"},\"primaryImageOfPage\":{\"@id\":\"https:\\\/\\\/amedis.es\\\/tienda\\\/producto\\\/coronas-iso-form-molares-reposicion\\\/#primaryimage\"},\"image\":{\"@id\":\"https:\\\/\\\/amedis.es\\\/tienda\\\/producto\\\/coronas-iso-form-molares-reposicion\\\/#primaryimage\"},\"thumbnailUrl\":\"https:\\\/\\\/amedis.es\\\/tienda\\\/wp-content\\\/uploads\\\/2021\\\/04\\\/ISO-FORM-MOLARES-REPOSICION.jpg\",\"datePublished\":\"2021-04-05T17:04:30+00:00\",\"dateModified\":\"2025-04-09T08:56:25+00:00\",\"description\":\"Las Coronas Iso-Form sirven para aplicaciones posteriores en adultos, para molares y bic\u00faspides, estas est\u00e1n pre-terminadas,\",\"breadcrumb\":{\"@id\":\"https:\\\/\\\/amedis.es\\\/tienda\\\/producto\\\/coronas-iso-form-molares-reposicion\\\/#breadcrumb\"},\"inLanguage\":\"es\",\"potentialAction\":[{\"@type\":\"ReadAction\",\"target\":[\"https:\\\/\\\/amedis.es\\\/tienda\\\/producto\\\/coronas-iso-form-molares-reposicion\\\/\"]}]},{\"@type\":\"ImageObject\",\"inLanguage\":\"es\",\"@id\":\"https:\\\/\\\/amedis.es\\\/tienda\\\/producto\\\/coronas-iso-form-molares-reposicion\\\/#primaryimage\",\"url\":\"https:\\\/\\\/amedis.es\\\/tienda\\\/wp-content\\\/uploads\\\/2021\\\/04\\\/ISO-FORM-MOLARES-REPOSICION.jpg\",\"contentUrl\":\"https:\\\/\\\/amedis.es\\\/tienda\\\/wp-content\\\/uploads\\\/2021\\\/04\\\/ISO-FORM-MOLARES-REPOSICION.jpg\",\"width\":600,\"height\":600,\"caption\":\"Amedis ISO-FORM MOLARES REPOSICI\u00d3N\"},{\"@type\":\"BreadcrumbList\",\"@id\":\"https:\\\/\\\/amedis.es\\\/tienda\\\/producto\\\/coronas-iso-form-molares-reposicion\\\/#breadcrumb\",\"itemListElement\":[{\"@type\":\"ListItem\",\"position\":1,\"name\":\"Portada\",\"item\":\"https:\\\/\\\/amedis.es\\\/tienda\\\/\"},{\"@type\":\"ListItem\",\"position\":2,\"name\":\"Amedis | Suministros M\u00e9dicos y Dentales | Tienda\",\"item\":\"https:\\\/\\\/amedis.es\\\/tienda\\\/suministros-medicos-y-dentales\\\/\"},{\"@type\":\"ListItem\",\"position\":3,\"name\":\"CORONAS ISO-FORM MOLARES REPOSICI\u00d3N\"}]},{\"@type\":\"WebSite\",\"@id\":\"https:\\\/\\\/amedis.es\\\/tienda\\\/#website\",\"url\":\"https:\\\/\\\/amedis.es\\\/tienda\\\/\",\"name\":\"Amedis\",\"description\":\"Suministros M\u00e9dicos y Dentales\",\"publisher\":{\"@id\":\"https:\\\/\\\/amedis.es\\\/tienda\\\/#organization\"},\"potentialAction\":[{\"@type\":\"SearchAction\",\"target\":{\"@type\":\"EntryPoint\",\"urlTemplate\":\"https:\\\/\\\/amedis.es\\\/tienda\\\/?s={search_term_string}\"},\"query-input\":{\"@type\":\"PropertyValueSpecification\",\"valueRequired\":true,\"valueName\":\"search_term_string\"}}],\"inLanguage\":\"es\"},{\"@type\":\"Organization\",\"@id\":\"https:\\\/\\\/amedis.es\\\/tienda\\\/#organization\",\"name\":\"Amedis | Suministros M\u00e9dicos y Dentales\",\"url\":\"https:\\\/\\\/amedis.es\\\/tienda\\\/\",\"logo\":{\"@type\":\"ImageObject\",\"inLanguage\":\"es\",\"@id\":\"https:\\\/\\\/amedis.es\\\/tienda\\\/#\\\/schema\\\/logo\\\/image\\\/\",\"url\":\"https:\\\/\\\/amedis.es\\\/tienda\\\/wp-content\\\/uploads\\\/2020\\\/05\\\/logo-1.png\",\"contentUrl\":\"https:\\\/\\\/amedis.es\\\/tienda\\\/wp-content\\\/uploads\\\/2020\\\/05\\\/logo-1.png\",\"width\":191,\"height\":80,\"caption\":\"Amedis | Suministros M\u00e9dicos y Dentales\"},\"image\":{\"@id\":\"https:\\\/\\\/amedis.es\\\/tienda\\\/#\\\/schema\\\/logo\\\/image\\\/\"}}]}<\/script>\n<!-- \/ Yoast SEO plugin. -->","yoast_head_json":{"title":"CORONAS ISO-FORM MOLARES REPOSICI\u00d3N | Amedis","description":"Las Coronas Iso-Form sirven para aplicaciones posteriores en adultos, para molares y bic\u00faspides, estas est\u00e1n pre-terminadas,","robots":{"index":"index","follow":"follow","max-snippet":"max-snippet:-1","max-image-preview":"max-image-preview:large","max-video-preview":"max-video-preview:-1"},"canonical":"https:\/\/amedis.es\/tienda\/producto\/coronas-iso-form-molares-reposicion\/","og_locale":"es_ES","og_type":"article","og_title":"CORONAS ISO-FORM MOLARES REPOSICI\u00d3N | Amedis","og_description":"Las Coronas Iso-Form sirven para aplicaciones posteriores en adultos, para molares y bic\u00faspides, estas est\u00e1n pre-terminadas,","og_url":"https:\/\/amedis.es\/tienda\/producto\/coronas-iso-form-molares-reposicion\/","og_site_name":"Amedis","article_modified_time":"2025-04-09T08:56:25+00:00","og_image":[{"width":600,"height":600,"url":"https:\/\/amedis.es\/tienda\/wp-content\/uploads\/2021\/04\/ISO-FORM-MOLARES-REPOSICION.jpg","type":"image\/jpeg"}],"twitter_card":"summary_large_image","twitter_misc":{"Tiempo de lectura":"1 minuto"},"schema":{"@context":"https:\/\/schema.org","@graph":[{"@type":"WebPage","@id":"https:\/\/amedis.es\/tienda\/producto\/coronas-iso-form-molares-reposicion\/","url":"https:\/\/amedis.es\/tienda\/producto\/coronas-iso-form-molares-reposicion\/","name":"CORONAS ISO-FORM MOLARES REPOSICI\u00d3N | Amedis","isPartOf":{"@id":"https:\/\/amedis.es\/tienda\/#website"},"primaryImageOfPage":{"@id":"https:\/\/amedis.es\/tienda\/producto\/coronas-iso-form-molares-reposicion\/#primaryimage"},"image":{"@id":"https:\/\/amedis.es\/tienda\/producto\/coronas-iso-form-molares-reposicion\/#primaryimage"},"thumbnailUrl":"https:\/\/amedis.es\/tienda\/wp-content\/uploads\/2021\/04\/ISO-FORM-MOLARES-REPOSICION.jpg","datePublished":"2021-04-05T17:04:30+00:00","dateModified":"2025-04-09T08:56:25+00:00","description":"Las Coronas Iso-Form sirven para aplicaciones posteriores en adultos, para molares y bic\u00faspides, estas est\u00e1n pre-terminadas,","breadcrumb":{"@id":"https:\/\/amedis.es\/tienda\/producto\/coronas-iso-form-molares-reposicion\/#breadcrumb"},"inLanguage":"es","potentialAction":[{"@type":"ReadAction","target":["https:\/\/amedis.es\/tienda\/producto\/coronas-iso-form-molares-reposicion\/"]}]},{"@type":"ImageObject","inLanguage":"es","@id":"https:\/\/amedis.es\/tienda\/producto\/coronas-iso-form-molares-reposicion\/#primaryimage","url":"https:\/\/amedis.es\/tienda\/wp-content\/uploads\/2021\/04\/ISO-FORM-MOLARES-REPOSICION.jpg","contentUrl":"https:\/\/amedis.es\/tienda\/wp-content\/uploads\/2021\/04\/ISO-FORM-MOLARES-REPOSICION.jpg","width":600,"height":600,"caption":"Amedis ISO-FORM MOLARES REPOSICI\u00d3N"},{"@type":"BreadcrumbList","@id":"https:\/\/amedis.es\/tienda\/producto\/coronas-iso-form-molares-reposicion\/#breadcrumb","itemListElement":[{"@type":"ListItem","position":1,"name":"Portada","item":"https:\/\/amedis.es\/tienda\/"},{"@type":"ListItem","position":2,"name":"Amedis | Suministros M\u00e9dicos y Dentales | Tienda","item":"https:\/\/amedis.es\/tienda\/suministros-medicos-y-dentales\/"},{"@type":"ListItem","position":3,"name":"CORONAS ISO-FORM MOLARES REPOSICI\u00d3N"}]},{"@type":"WebSite","@id":"https:\/\/amedis.es\/tienda\/#website","url":"https:\/\/amedis.es\/tienda\/","name":"Amedis","description":"Suministros M\u00e9dicos y Dentales","publisher":{"@id":"https:\/\/amedis.es\/tienda\/#organization"},"potentialAction":[{"@type":"SearchAction","target":{"@type":"EntryPoint","urlTemplate":"https:\/\/amedis.es\/tienda\/?s={search_term_string}"},"query-input":{"@type":"PropertyValueSpecification","valueRequired":true,"valueName":"search_term_string"}}],"inLanguage":"es"},{"@type":"Organization","@id":"https:\/\/amedis.es\/tienda\/#organization","name":"Amedis | Suministros M\u00e9dicos y Dentales","url":"https:\/\/amedis.es\/tienda\/","logo":{"@type":"ImageObject","inLanguage":"es","@id":"https:\/\/amedis.es\/tienda\/#\/schema\/logo\/image\/","url":"https:\/\/amedis.es\/tienda\/wp-content\/uploads\/2020\/05\/logo-1.png","contentUrl":"https:\/\/amedis.es\/tienda\/wp-content\/uploads\/2020\/05\/logo-1.png","width":191,"height":80,"caption":"Amedis | Suministros M\u00e9dicos y Dentales"},"image":{"@id":"https:\/\/amedis.es\/tienda\/#\/schema\/logo\/image\/"}}]}},"brands":[{"id":2358,"name":"SOLVENTUM (3M)","slug":"solventum-3m"}],"_links":{"self":[{"href":"https:\/\/amedis.es\/tienda\/wp-json\/wp\/v2\/product\/6881","targetHints":{"allow":["GET"]}}],"collection":[{"href":"https:\/\/amedis.es\/tienda\/wp-json\/wp\/v2\/product"}],"about":[{"href":"https:\/\/amedis.es\/tienda\/wp-json\/wp\/v2\/types\/product"}],"wp:featuredmedia":[{"embeddable":true,"href":"https:\/\/amedis.es\/tienda\/wp-json\/wp\/v2\/media\/6882"}],"wp:attachment":[{"href":"https:\/\/amedis.es\/tienda\/wp-json\/wp\/v2\/media?parent=6881"}],"wp:term":[{"taxonomy":"pwb-brand","embeddable":true,"href":"https:\/\/amedis.es\/tienda\/wp-json\/wp\/v2\/pwb-brand?post=6881"},{"taxonomy":"product_brand","embeddable":true,"href":"https:\/\/amedis.es\/tienda\/wp-json\/wp\/v2\/product_brand?post=6881"},{"taxonomy":"product_cat","embeddable":true,"href":"https:\/\/amedis.es\/tienda\/wp-json\/wp\/v2\/product_cat?post=6881"},{"taxonomy":"product_tag","embeddable":true,"href":"https:\/\/amedis.es\/tienda\/wp-json\/wp\/v2\/product_tag?post=6881"}],"curies":[{"name":"wp","href":"https:\/\/api.w.org\/{rel}","templated":true}]}}