{"id":6821,"date":"2021-04-05T15:21:39","date_gmt":"2021-04-05T15:21:39","guid":{"rendered":"https:\/\/amedis.es\/tienda\/?post_type=product&#038;p=6821"},"modified":"2026-02-05T18:31:33","modified_gmt":"2026-02-05T18:31:33","slug":"papel-de-articular-bk-02-rojo","status":"publish","type":"product","link":"https:\/\/amedis.es\/tienda\/producto\/papel-de-articular-bk-02-rojo\/","title":{"rendered":"PAPEL DE ARTICULAR BK 02 ROJO"},"content":{"rendered":"<p>Papel de articular Bk 02. El papel de articular Bausch de 200 micras con coloraci\u00f3n progresiva es ideal para visualizar contactos prematuros e interferencias existentes en las fuerzas masticatorias seg\u00fan la intensidad del color. Si la presi\u00f3n masticatoria es leve, dejar\u00e1 una marca de color claro. Si la presi\u00f3n masticatoria es fuerte, dejara una marca de color oscura.<\/p>\n","protected":false},"excerpt":{"rendered":"<p>CONTENIDO: 300 unidades.<\/p>\n","protected":false},"featured_media":6822,"template":"","meta":[],"pwb-brand":[2440],"product_brand":[],"product_cat":[241,231],"product_tag":[],"class_list":{"0":"post-6821","1":"product","2":"type-product","3":"status-publish","4":"has-post-thumbnail","6":"pwb-brand-bausch","7":"product_cat-papel-de-articular","8":"product_cat-protesis","10":"first","11":"instock","12":"sale","13":"taxable","14":"shipping-taxable","15":"purchasable","16":"product-type-simple"},"yoast_head":"<!-- This site is optimized with the Yoast SEO plugin v27.4 - https:\/\/yoast.com\/product\/yoast-seo-wordpress\/ -->\n<title>PAPEL DE ARTICULAR BK 02 ROJO | Amedis | BAUSCH<\/title>\n<meta name=\"description\" content=\"Papel de articular Bk 02. El papel de articular Bausch de 200 micras con coloraci\u00f3n progresiva es ideal para visualizar contactos prematuros\" \/>\n<meta name=\"robots\" content=\"index, follow, max-snippet:-1, max-image-preview:large, max-video-preview:-1\" \/>\n<link rel=\"canonical\" href=\"https:\/\/amedis.es\/tienda\/producto\/papel-de-articular-bk-02-rojo\/\" \/>\n<meta property=\"og:locale\" content=\"es_ES\" \/>\n<meta property=\"og:type\" content=\"article\" \/>\n<meta property=\"og:title\" content=\"PAPEL DE ARTICULAR BK 02 ROJO | Amedis | BAUSCH\" \/>\n<meta property=\"og:description\" content=\"Papel de articular Bk 02. El papel de articular Bausch de 200 micras con coloraci\u00f3n progresiva es ideal para visualizar contactos prematuros\" \/>\n<meta property=\"og:url\" content=\"https:\/\/amedis.es\/tienda\/producto\/papel-de-articular-bk-02-rojo\/\" \/>\n<meta property=\"og:site_name\" content=\"Amedis\" \/>\n<meta property=\"article:modified_time\" content=\"2026-02-05T18:31:33+00:00\" \/>\n<meta property=\"og:image\" content=\"https:\/\/amedis.es\/tienda\/wp-content\/uploads\/2021\/04\/PAPEL-DE-ARTICULAR-BK-02-ROJO.jpg\" \/>\n\t<meta property=\"og:image:width\" content=\"600\" \/>\n\t<meta property=\"og:image:height\" content=\"600\" \/>\n\t<meta property=\"og:image:type\" content=\"image\/jpeg\" \/>\n<meta name=\"twitter:card\" content=\"summary_large_image\" \/>\n<meta name=\"twitter:label1\" content=\"Tiempo de lectura\" \/>\n\t<meta name=\"twitter:data1\" content=\"1 minuto\" \/>\n<script type=\"application\/ld+json\" class=\"yoast-schema-graph\">{\"@context\":\"https:\\\/\\\/schema.org\",\"@graph\":[{\"@type\":\"WebPage\",\"@id\":\"https:\\\/\\\/amedis.es\\\/tienda\\\/producto\\\/papel-de-articular-bk-02-rojo\\\/\",\"url\":\"https:\\\/\\\/amedis.es\\\/tienda\\\/producto\\\/papel-de-articular-bk-02-rojo\\\/\",\"name\":\"PAPEL DE ARTICULAR BK 02 ROJO | Amedis | BAUSCH\",\"isPartOf\":{\"@id\":\"https:\\\/\\\/amedis.es\\\/tienda\\\/#website\"},\"primaryImageOfPage\":{\"@id\":\"https:\\\/\\\/amedis.es\\\/tienda\\\/producto\\\/papel-de-articular-bk-02-rojo\\\/#primaryimage\"},\"image\":{\"@id\":\"https:\\\/\\\/amedis.es\\\/tienda\\\/producto\\\/papel-de-articular-bk-02-rojo\\\/#primaryimage\"},\"thumbnailUrl\":\"https:\\\/\\\/amedis.es\\\/tienda\\\/wp-content\\\/uploads\\\/2021\\\/04\\\/PAPEL-DE-ARTICULAR-BK-02-ROJO.jpg\",\"datePublished\":\"2021-04-05T15:21:39+00:00\",\"dateModified\":\"2026-02-05T18:31:33+00:00\",\"description\":\"Papel de articular Bk 02. El papel de articular Bausch de 200 micras con coloraci\u00f3n progresiva es ideal para visualizar contactos prematuros\",\"breadcrumb\":{\"@id\":\"https:\\\/\\\/amedis.es\\\/tienda\\\/producto\\\/papel-de-articular-bk-02-rojo\\\/#breadcrumb\"},\"inLanguage\":\"es\",\"potentialAction\":[{\"@type\":\"ReadAction\",\"target\":[\"https:\\\/\\\/amedis.es\\\/tienda\\\/producto\\\/papel-de-articular-bk-02-rojo\\\/\"]}]},{\"@type\":\"ImageObject\",\"inLanguage\":\"es\",\"@id\":\"https:\\\/\\\/amedis.es\\\/tienda\\\/producto\\\/papel-de-articular-bk-02-rojo\\\/#primaryimage\",\"url\":\"https:\\\/\\\/amedis.es\\\/tienda\\\/wp-content\\\/uploads\\\/2021\\\/04\\\/PAPEL-DE-ARTICULAR-BK-02-ROJO.jpg\",\"contentUrl\":\"https:\\\/\\\/amedis.es\\\/tienda\\\/wp-content\\\/uploads\\\/2021\\\/04\\\/PAPEL-DE-ARTICULAR-BK-02-ROJO.jpg\",\"width\":600,\"height\":600,\"caption\":\"Amedis PAPEL DE ARTICULAR BK 02 ROJO\"},{\"@type\":\"BreadcrumbList\",\"@id\":\"https:\\\/\\\/amedis.es\\\/tienda\\\/producto\\\/papel-de-articular-bk-02-rojo\\\/#breadcrumb\",\"itemListElement\":[{\"@type\":\"ListItem\",\"position\":1,\"name\":\"Portada\",\"item\":\"https:\\\/\\\/amedis.es\\\/tienda\\\/\"},{\"@type\":\"ListItem\",\"position\":2,\"name\":\"Amedis | Suministros M\u00e9dicos y Dentales | Tienda\",\"item\":\"https:\\\/\\\/amedis.es\\\/tienda\\\/suministros-medicos-y-dentales\\\/\"},{\"@type\":\"ListItem\",\"position\":3,\"name\":\"PAPEL DE ARTICULAR BK 02 ROJO\"}]},{\"@type\":\"WebSite\",\"@id\":\"https:\\\/\\\/amedis.es\\\/tienda\\\/#website\",\"url\":\"https:\\\/\\\/amedis.es\\\/tienda\\\/\",\"name\":\"Amedis\",\"description\":\"Suministros M\u00e9dicos y Dentales\",\"publisher\":{\"@id\":\"https:\\\/\\\/amedis.es\\\/tienda\\\/#organization\"},\"potentialAction\":[{\"@type\":\"SearchAction\",\"target\":{\"@type\":\"EntryPoint\",\"urlTemplate\":\"https:\\\/\\\/amedis.es\\\/tienda\\\/?s={search_term_string}\"},\"query-input\":{\"@type\":\"PropertyValueSpecification\",\"valueRequired\":true,\"valueName\":\"search_term_string\"}}],\"inLanguage\":\"es\"},{\"@type\":\"Organization\",\"@id\":\"https:\\\/\\\/amedis.es\\\/tienda\\\/#organization\",\"name\":\"Amedis | Suministros M\u00e9dicos y Dentales\",\"url\":\"https:\\\/\\\/amedis.es\\\/tienda\\\/\",\"logo\":{\"@type\":\"ImageObject\",\"inLanguage\":\"es\",\"@id\":\"https:\\\/\\\/amedis.es\\\/tienda\\\/#\\\/schema\\\/logo\\\/image\\\/\",\"url\":\"https:\\\/\\\/amedis.es\\\/tienda\\\/wp-content\\\/uploads\\\/2020\\\/05\\\/logo-1.png\",\"contentUrl\":\"https:\\\/\\\/amedis.es\\\/tienda\\\/wp-content\\\/uploads\\\/2020\\\/05\\\/logo-1.png\",\"width\":191,\"height\":80,\"caption\":\"Amedis | Suministros M\u00e9dicos y Dentales\"},\"image\":{\"@id\":\"https:\\\/\\\/amedis.es\\\/tienda\\\/#\\\/schema\\\/logo\\\/image\\\/\"}}]}<\/script>\n<!-- \/ Yoast SEO plugin. -->","yoast_head_json":{"title":"PAPEL DE ARTICULAR BK 02 ROJO | Amedis | BAUSCH","description":"Papel de articular Bk 02. El papel de articular Bausch de 200 micras con coloraci\u00f3n progresiva es ideal para visualizar contactos prematuros","robots":{"index":"index","follow":"follow","max-snippet":"max-snippet:-1","max-image-preview":"max-image-preview:large","max-video-preview":"max-video-preview:-1"},"canonical":"https:\/\/amedis.es\/tienda\/producto\/papel-de-articular-bk-02-rojo\/","og_locale":"es_ES","og_type":"article","og_title":"PAPEL DE ARTICULAR BK 02 ROJO | Amedis | BAUSCH","og_description":"Papel de articular Bk 02. El papel de articular Bausch de 200 micras con coloraci\u00f3n progresiva es ideal para visualizar contactos prematuros","og_url":"https:\/\/amedis.es\/tienda\/producto\/papel-de-articular-bk-02-rojo\/","og_site_name":"Amedis","article_modified_time":"2026-02-05T18:31:33+00:00","og_image":[{"width":600,"height":600,"url":"https:\/\/amedis.es\/tienda\/wp-content\/uploads\/2021\/04\/PAPEL-DE-ARTICULAR-BK-02-ROJO.jpg","type":"image\/jpeg"}],"twitter_card":"summary_large_image","twitter_misc":{"Tiempo de lectura":"1 minuto"},"schema":{"@context":"https:\/\/schema.org","@graph":[{"@type":"WebPage","@id":"https:\/\/amedis.es\/tienda\/producto\/papel-de-articular-bk-02-rojo\/","url":"https:\/\/amedis.es\/tienda\/producto\/papel-de-articular-bk-02-rojo\/","name":"PAPEL DE ARTICULAR BK 02 ROJO | Amedis | BAUSCH","isPartOf":{"@id":"https:\/\/amedis.es\/tienda\/#website"},"primaryImageOfPage":{"@id":"https:\/\/amedis.es\/tienda\/producto\/papel-de-articular-bk-02-rojo\/#primaryimage"},"image":{"@id":"https:\/\/amedis.es\/tienda\/producto\/papel-de-articular-bk-02-rojo\/#primaryimage"},"thumbnailUrl":"https:\/\/amedis.es\/tienda\/wp-content\/uploads\/2021\/04\/PAPEL-DE-ARTICULAR-BK-02-ROJO.jpg","datePublished":"2021-04-05T15:21:39+00:00","dateModified":"2026-02-05T18:31:33+00:00","description":"Papel de articular Bk 02. El papel de articular Bausch de 200 micras con coloraci\u00f3n progresiva es ideal para visualizar contactos prematuros","breadcrumb":{"@id":"https:\/\/amedis.es\/tienda\/producto\/papel-de-articular-bk-02-rojo\/#breadcrumb"},"inLanguage":"es","potentialAction":[{"@type":"ReadAction","target":["https:\/\/amedis.es\/tienda\/producto\/papel-de-articular-bk-02-rojo\/"]}]},{"@type":"ImageObject","inLanguage":"es","@id":"https:\/\/amedis.es\/tienda\/producto\/papel-de-articular-bk-02-rojo\/#primaryimage","url":"https:\/\/amedis.es\/tienda\/wp-content\/uploads\/2021\/04\/PAPEL-DE-ARTICULAR-BK-02-ROJO.jpg","contentUrl":"https:\/\/amedis.es\/tienda\/wp-content\/uploads\/2021\/04\/PAPEL-DE-ARTICULAR-BK-02-ROJO.jpg","width":600,"height":600,"caption":"Amedis PAPEL DE ARTICULAR BK 02 ROJO"},{"@type":"BreadcrumbList","@id":"https:\/\/amedis.es\/tienda\/producto\/papel-de-articular-bk-02-rojo\/#breadcrumb","itemListElement":[{"@type":"ListItem","position":1,"name":"Portada","item":"https:\/\/amedis.es\/tienda\/"},{"@type":"ListItem","position":2,"name":"Amedis | Suministros M\u00e9dicos y Dentales | Tienda","item":"https:\/\/amedis.es\/tienda\/suministros-medicos-y-dentales\/"},{"@type":"ListItem","position":3,"name":"PAPEL DE ARTICULAR BK 02 ROJO"}]},{"@type":"WebSite","@id":"https:\/\/amedis.es\/tienda\/#website","url":"https:\/\/amedis.es\/tienda\/","name":"Amedis","description":"Suministros M\u00e9dicos y Dentales","publisher":{"@id":"https:\/\/amedis.es\/tienda\/#organization"},"potentialAction":[{"@type":"SearchAction","target":{"@type":"EntryPoint","urlTemplate":"https:\/\/amedis.es\/tienda\/?s={search_term_string}"},"query-input":{"@type":"PropertyValueSpecification","valueRequired":true,"valueName":"search_term_string"}}],"inLanguage":"es"},{"@type":"Organization","@id":"https:\/\/amedis.es\/tienda\/#organization","name":"Amedis | Suministros M\u00e9dicos y Dentales","url":"https:\/\/amedis.es\/tienda\/","logo":{"@type":"ImageObject","inLanguage":"es","@id":"https:\/\/amedis.es\/tienda\/#\/schema\/logo\/image\/","url":"https:\/\/amedis.es\/tienda\/wp-content\/uploads\/2020\/05\/logo-1.png","contentUrl":"https:\/\/amedis.es\/tienda\/wp-content\/uploads\/2020\/05\/logo-1.png","width":191,"height":80,"caption":"Amedis | Suministros M\u00e9dicos y Dentales"},"image":{"@id":"https:\/\/amedis.es\/tienda\/#\/schema\/logo\/image\/"}}]}},"brands":[{"id":2440,"name":"BAUSCH","slug":"bausch"}],"_links":{"self":[{"href":"https:\/\/amedis.es\/tienda\/wp-json\/wp\/v2\/product\/6821","targetHints":{"allow":["GET"]}}],"collection":[{"href":"https:\/\/amedis.es\/tienda\/wp-json\/wp\/v2\/product"}],"about":[{"href":"https:\/\/amedis.es\/tienda\/wp-json\/wp\/v2\/types\/product"}],"wp:featuredmedia":[{"embeddable":true,"href":"https:\/\/amedis.es\/tienda\/wp-json\/wp\/v2\/media\/6822"}],"wp:attachment":[{"href":"https:\/\/amedis.es\/tienda\/wp-json\/wp\/v2\/media?parent=6821"}],"wp:term":[{"taxonomy":"pwb-brand","embeddable":true,"href":"https:\/\/amedis.es\/tienda\/wp-json\/wp\/v2\/pwb-brand?post=6821"},{"taxonomy":"product_brand","embeddable":true,"href":"https:\/\/amedis.es\/tienda\/wp-json\/wp\/v2\/product_brand?post=6821"},{"taxonomy":"product_cat","embeddable":true,"href":"https:\/\/amedis.es\/tienda\/wp-json\/wp\/v2\/product_cat?post=6821"},{"taxonomy":"product_tag","embeddable":true,"href":"https:\/\/amedis.es\/tienda\/wp-json\/wp\/v2\/product_tag?post=6821"}],"curies":[{"name":"wp","href":"https:\/\/api.w.org\/{rel}","templated":true}]}}