{"id":6805,"date":"2021-04-05T15:00:56","date_gmt":"2021-04-05T15:00:56","guid":{"rendered":"https:\/\/amedis.es\/tienda\/?post_type=product&#038;p=6805"},"modified":"2026-02-05T18:45:56","modified_gmt":"2026-02-05T18:45:56","slug":"papel-de-articular-bk-62-rojo","status":"publish","type":"product","link":"https:\/\/amedis.es\/tienda\/producto\/papel-de-articular-bk-62-rojo\/","title":{"rendered":"PAPEL DE ARTICULAR BK 62 ROJO"},"content":{"rendered":"<p>Papel de articular BK 62 rojo. Los papeles de articular Bausch Arti-Check ultra delgados de 40 micras son resistentes al rompimiento y est\u00e1n cubiertos por ambos lados de colores l\u00edquidos, esto permite una marcaci\u00f3n clara de todos los contactos oclusales o interferencias.<br \/>\nTambi\u00e9n son v\u00e1lidos para superficies oclusales dif\u00edciles de controlar e impregnadas de saliva como por ejemplo oro, cer\u00e1mica, superficies met\u00e1licas pulidas o acr\u00edlicos.<\/p>\n<p>Son especialmente apropiados para la visualizaci\u00f3n de la oclusi\u00f3n est\u00e1tica y din\u00e1mica en dos colores. En el primer paso se controlan los contactos c\u00e9ntricos (oclusi\u00f3n est\u00e1tica) en rojo, en el segundo paso los contactos exc\u00e9ntricos (oclusi\u00f3n din\u00e1mica) en azul (el orden de los colores se puede cambiar).<\/p>\n","protected":false},"excerpt":{"rendered":"<p>CONTENIDO: 200 unidades.<\/p>\n","protected":false},"featured_media":6806,"template":"","meta":[],"pwb-brand":[2440],"product_brand":[],"product_cat":[241,231],"product_tag":[],"class_list":{"0":"post-6805","1":"product","2":"type-product","3":"status-publish","4":"has-post-thumbnail","6":"pwb-brand-bausch","7":"product_cat-papel-de-articular","8":"product_cat-protesis","10":"first","11":"instock","12":"sale","13":"taxable","14":"shipping-taxable","15":"purchasable","16":"product-type-simple"},"yoast_head":"<!-- This site is optimized with the Yoast SEO plugin v27.4 - https:\/\/yoast.com\/product\/yoast-seo-wordpress\/ -->\n<title>PAPEL DE ARTICULAR BK 62 ROJO | Amedis<\/title>\n<meta name=\"description\" content=\"Papel de articular BK 62 rojo. Los papeles de articular Bausch Arti-Check ultra delgados de 40 micras son resistentes al rompimiento.\" \/>\n<meta name=\"robots\" content=\"index, follow, max-snippet:-1, max-image-preview:large, max-video-preview:-1\" \/>\n<link rel=\"canonical\" href=\"https:\/\/amedis.es\/tienda\/producto\/papel-de-articular-bk-62-rojo\/\" \/>\n<meta property=\"og:locale\" content=\"es_ES\" \/>\n<meta property=\"og:type\" content=\"article\" \/>\n<meta property=\"og:title\" content=\"PAPEL DE ARTICULAR BK 62 ROJO | Amedis\" \/>\n<meta property=\"og:description\" content=\"Papel de articular BK 62 rojo. Los papeles de articular Bausch Arti-Check ultra delgados de 40 micras son resistentes al rompimiento.\" \/>\n<meta property=\"og:url\" content=\"https:\/\/amedis.es\/tienda\/producto\/papel-de-articular-bk-62-rojo\/\" \/>\n<meta property=\"og:site_name\" content=\"Amedis\" \/>\n<meta property=\"article:modified_time\" content=\"2026-02-05T18:45:56+00:00\" \/>\n<meta property=\"og:image\" content=\"https:\/\/amedis.es\/tienda\/wp-content\/uploads\/2021\/04\/PAPEL-DE-ARTICULAR-BK-62-ROJO-40-\u039cICRAS.jpg\" \/>\n\t<meta property=\"og:image:width\" content=\"600\" \/>\n\t<meta property=\"og:image:height\" content=\"600\" \/>\n\t<meta property=\"og:image:type\" content=\"image\/jpeg\" \/>\n<meta name=\"twitter:card\" content=\"summary_large_image\" \/>\n<meta name=\"twitter:label1\" content=\"Tiempo de lectura\" \/>\n\t<meta name=\"twitter:data1\" content=\"1 minuto\" \/>\n<script type=\"application\/ld+json\" class=\"yoast-schema-graph\">{\"@context\":\"https:\\\/\\\/schema.org\",\"@graph\":[{\"@type\":\"WebPage\",\"@id\":\"https:\\\/\\\/amedis.es\\\/tienda\\\/producto\\\/papel-de-articular-bk-62-rojo\\\/\",\"url\":\"https:\\\/\\\/amedis.es\\\/tienda\\\/producto\\\/papel-de-articular-bk-62-rojo\\\/\",\"name\":\"PAPEL DE ARTICULAR BK 62 ROJO | Amedis\",\"isPartOf\":{\"@id\":\"https:\\\/\\\/amedis.es\\\/tienda\\\/#website\"},\"primaryImageOfPage\":{\"@id\":\"https:\\\/\\\/amedis.es\\\/tienda\\\/producto\\\/papel-de-articular-bk-62-rojo\\\/#primaryimage\"},\"image\":{\"@id\":\"https:\\\/\\\/amedis.es\\\/tienda\\\/producto\\\/papel-de-articular-bk-62-rojo\\\/#primaryimage\"},\"thumbnailUrl\":\"https:\\\/\\\/amedis.es\\\/tienda\\\/wp-content\\\/uploads\\\/2021\\\/04\\\/PAPEL-DE-ARTICULAR-BK-62-ROJO-40-\u039cICRAS.jpg\",\"datePublished\":\"2021-04-05T15:00:56+00:00\",\"dateModified\":\"2026-02-05T18:45:56+00:00\",\"description\":\"Papel de articular BK 62 rojo. Los papeles de articular Bausch Arti-Check ultra delgados de 40 micras son resistentes al rompimiento.\",\"breadcrumb\":{\"@id\":\"https:\\\/\\\/amedis.es\\\/tienda\\\/producto\\\/papel-de-articular-bk-62-rojo\\\/#breadcrumb\"},\"inLanguage\":\"es\",\"potentialAction\":[{\"@type\":\"ReadAction\",\"target\":[\"https:\\\/\\\/amedis.es\\\/tienda\\\/producto\\\/papel-de-articular-bk-62-rojo\\\/\"]}]},{\"@type\":\"ImageObject\",\"inLanguage\":\"es\",\"@id\":\"https:\\\/\\\/amedis.es\\\/tienda\\\/producto\\\/papel-de-articular-bk-62-rojo\\\/#primaryimage\",\"url\":\"https:\\\/\\\/amedis.es\\\/tienda\\\/wp-content\\\/uploads\\\/2021\\\/04\\\/PAPEL-DE-ARTICULAR-BK-62-ROJO-40-\u039cICRAS.jpg\",\"contentUrl\":\"https:\\\/\\\/amedis.es\\\/tienda\\\/wp-content\\\/uploads\\\/2021\\\/04\\\/PAPEL-DE-ARTICULAR-BK-62-ROJO-40-\u039cICRAS.jpg\",\"width\":600,\"height\":600,\"caption\":\"Amedis PAPEL DE ARTICULAR BK 62 ROJO 40 \u039cICRAS\"},{\"@type\":\"BreadcrumbList\",\"@id\":\"https:\\\/\\\/amedis.es\\\/tienda\\\/producto\\\/papel-de-articular-bk-62-rojo\\\/#breadcrumb\",\"itemListElement\":[{\"@type\":\"ListItem\",\"position\":1,\"name\":\"Portada\",\"item\":\"https:\\\/\\\/amedis.es\\\/tienda\\\/\"},{\"@type\":\"ListItem\",\"position\":2,\"name\":\"Amedis | Suministros M\u00e9dicos y Dentales | Tienda\",\"item\":\"https:\\\/\\\/amedis.es\\\/tienda\\\/suministros-medicos-y-dentales\\\/\"},{\"@type\":\"ListItem\",\"position\":3,\"name\":\"PAPEL DE ARTICULAR BK 62 ROJO\"}]},{\"@type\":\"WebSite\",\"@id\":\"https:\\\/\\\/amedis.es\\\/tienda\\\/#website\",\"url\":\"https:\\\/\\\/amedis.es\\\/tienda\\\/\",\"name\":\"Amedis\",\"description\":\"Suministros M\u00e9dicos y Dentales\",\"publisher\":{\"@id\":\"https:\\\/\\\/amedis.es\\\/tienda\\\/#organization\"},\"potentialAction\":[{\"@type\":\"SearchAction\",\"target\":{\"@type\":\"EntryPoint\",\"urlTemplate\":\"https:\\\/\\\/amedis.es\\\/tienda\\\/?s={search_term_string}\"},\"query-input\":{\"@type\":\"PropertyValueSpecification\",\"valueRequired\":true,\"valueName\":\"search_term_string\"}}],\"inLanguage\":\"es\"},{\"@type\":\"Organization\",\"@id\":\"https:\\\/\\\/amedis.es\\\/tienda\\\/#organization\",\"name\":\"Amedis | Suministros M\u00e9dicos y Dentales\",\"url\":\"https:\\\/\\\/amedis.es\\\/tienda\\\/\",\"logo\":{\"@type\":\"ImageObject\",\"inLanguage\":\"es\",\"@id\":\"https:\\\/\\\/amedis.es\\\/tienda\\\/#\\\/schema\\\/logo\\\/image\\\/\",\"url\":\"https:\\\/\\\/amedis.es\\\/tienda\\\/wp-content\\\/uploads\\\/2020\\\/05\\\/logo-1.png\",\"contentUrl\":\"https:\\\/\\\/amedis.es\\\/tienda\\\/wp-content\\\/uploads\\\/2020\\\/05\\\/logo-1.png\",\"width\":191,\"height\":80,\"caption\":\"Amedis | Suministros M\u00e9dicos y Dentales\"},\"image\":{\"@id\":\"https:\\\/\\\/amedis.es\\\/tienda\\\/#\\\/schema\\\/logo\\\/image\\\/\"}}]}<\/script>\n<!-- \/ Yoast SEO plugin. -->","yoast_head_json":{"title":"PAPEL DE ARTICULAR BK 62 ROJO | Amedis","description":"Papel de articular BK 62 rojo. Los papeles de articular Bausch Arti-Check ultra delgados de 40 micras son resistentes al rompimiento.","robots":{"index":"index","follow":"follow","max-snippet":"max-snippet:-1","max-image-preview":"max-image-preview:large","max-video-preview":"max-video-preview:-1"},"canonical":"https:\/\/amedis.es\/tienda\/producto\/papel-de-articular-bk-62-rojo\/","og_locale":"es_ES","og_type":"article","og_title":"PAPEL DE ARTICULAR BK 62 ROJO | Amedis","og_description":"Papel de articular BK 62 rojo. Los papeles de articular Bausch Arti-Check ultra delgados de 40 micras son resistentes al rompimiento.","og_url":"https:\/\/amedis.es\/tienda\/producto\/papel-de-articular-bk-62-rojo\/","og_site_name":"Amedis","article_modified_time":"2026-02-05T18:45:56+00:00","og_image":[{"width":600,"height":600,"url":"https:\/\/amedis.es\/tienda\/wp-content\/uploads\/2021\/04\/PAPEL-DE-ARTICULAR-BK-62-ROJO-40-\u039cICRAS.jpg","type":"image\/jpeg"}],"twitter_card":"summary_large_image","twitter_misc":{"Tiempo de lectura":"1 minuto"},"schema":{"@context":"https:\/\/schema.org","@graph":[{"@type":"WebPage","@id":"https:\/\/amedis.es\/tienda\/producto\/papel-de-articular-bk-62-rojo\/","url":"https:\/\/amedis.es\/tienda\/producto\/papel-de-articular-bk-62-rojo\/","name":"PAPEL DE ARTICULAR BK 62 ROJO | Amedis","isPartOf":{"@id":"https:\/\/amedis.es\/tienda\/#website"},"primaryImageOfPage":{"@id":"https:\/\/amedis.es\/tienda\/producto\/papel-de-articular-bk-62-rojo\/#primaryimage"},"image":{"@id":"https:\/\/amedis.es\/tienda\/producto\/papel-de-articular-bk-62-rojo\/#primaryimage"},"thumbnailUrl":"https:\/\/amedis.es\/tienda\/wp-content\/uploads\/2021\/04\/PAPEL-DE-ARTICULAR-BK-62-ROJO-40-\u039cICRAS.jpg","datePublished":"2021-04-05T15:00:56+00:00","dateModified":"2026-02-05T18:45:56+00:00","description":"Papel de articular BK 62 rojo. Los papeles de articular Bausch Arti-Check ultra delgados de 40 micras son resistentes al rompimiento.","breadcrumb":{"@id":"https:\/\/amedis.es\/tienda\/producto\/papel-de-articular-bk-62-rojo\/#breadcrumb"},"inLanguage":"es","potentialAction":[{"@type":"ReadAction","target":["https:\/\/amedis.es\/tienda\/producto\/papel-de-articular-bk-62-rojo\/"]}]},{"@type":"ImageObject","inLanguage":"es","@id":"https:\/\/amedis.es\/tienda\/producto\/papel-de-articular-bk-62-rojo\/#primaryimage","url":"https:\/\/amedis.es\/tienda\/wp-content\/uploads\/2021\/04\/PAPEL-DE-ARTICULAR-BK-62-ROJO-40-\u039cICRAS.jpg","contentUrl":"https:\/\/amedis.es\/tienda\/wp-content\/uploads\/2021\/04\/PAPEL-DE-ARTICULAR-BK-62-ROJO-40-\u039cICRAS.jpg","width":600,"height":600,"caption":"Amedis PAPEL DE ARTICULAR BK 62 ROJO 40 \u039cICRAS"},{"@type":"BreadcrumbList","@id":"https:\/\/amedis.es\/tienda\/producto\/papel-de-articular-bk-62-rojo\/#breadcrumb","itemListElement":[{"@type":"ListItem","position":1,"name":"Portada","item":"https:\/\/amedis.es\/tienda\/"},{"@type":"ListItem","position":2,"name":"Amedis | Suministros M\u00e9dicos y Dentales | Tienda","item":"https:\/\/amedis.es\/tienda\/suministros-medicos-y-dentales\/"},{"@type":"ListItem","position":3,"name":"PAPEL DE ARTICULAR BK 62 ROJO"}]},{"@type":"WebSite","@id":"https:\/\/amedis.es\/tienda\/#website","url":"https:\/\/amedis.es\/tienda\/","name":"Amedis","description":"Suministros M\u00e9dicos y Dentales","publisher":{"@id":"https:\/\/amedis.es\/tienda\/#organization"},"potentialAction":[{"@type":"SearchAction","target":{"@type":"EntryPoint","urlTemplate":"https:\/\/amedis.es\/tienda\/?s={search_term_string}"},"query-input":{"@type":"PropertyValueSpecification","valueRequired":true,"valueName":"search_term_string"}}],"inLanguage":"es"},{"@type":"Organization","@id":"https:\/\/amedis.es\/tienda\/#organization","name":"Amedis | Suministros M\u00e9dicos y Dentales","url":"https:\/\/amedis.es\/tienda\/","logo":{"@type":"ImageObject","inLanguage":"es","@id":"https:\/\/amedis.es\/tienda\/#\/schema\/logo\/image\/","url":"https:\/\/amedis.es\/tienda\/wp-content\/uploads\/2020\/05\/logo-1.png","contentUrl":"https:\/\/amedis.es\/tienda\/wp-content\/uploads\/2020\/05\/logo-1.png","width":191,"height":80,"caption":"Amedis | Suministros M\u00e9dicos y Dentales"},"image":{"@id":"https:\/\/amedis.es\/tienda\/#\/schema\/logo\/image\/"}}]}},"brands":[{"id":2440,"name":"BAUSCH","slug":"bausch"}],"_links":{"self":[{"href":"https:\/\/amedis.es\/tienda\/wp-json\/wp\/v2\/product\/6805","targetHints":{"allow":["GET"]}}],"collection":[{"href":"https:\/\/amedis.es\/tienda\/wp-json\/wp\/v2\/product"}],"about":[{"href":"https:\/\/amedis.es\/tienda\/wp-json\/wp\/v2\/types\/product"}],"wp:featuredmedia":[{"embeddable":true,"href":"https:\/\/amedis.es\/tienda\/wp-json\/wp\/v2\/media\/6806"}],"wp:attachment":[{"href":"https:\/\/amedis.es\/tienda\/wp-json\/wp\/v2\/media?parent=6805"}],"wp:term":[{"taxonomy":"pwb-brand","embeddable":true,"href":"https:\/\/amedis.es\/tienda\/wp-json\/wp\/v2\/pwb-brand?post=6805"},{"taxonomy":"product_brand","embeddable":true,"href":"https:\/\/amedis.es\/tienda\/wp-json\/wp\/v2\/product_brand?post=6805"},{"taxonomy":"product_cat","embeddable":true,"href":"https:\/\/amedis.es\/tienda\/wp-json\/wp\/v2\/product_cat?post=6805"},{"taxonomy":"product_tag","embeddable":true,"href":"https:\/\/amedis.es\/tienda\/wp-json\/wp\/v2\/product_tag?post=6805"}],"curies":[{"name":"wp","href":"https:\/\/api.w.org\/{rel}","templated":true}]}}