{"id":6791,"date":"2021-04-05T14:29:28","date_gmt":"2021-04-05T14:29:28","guid":{"rendered":"https:\/\/amedis.es\/tienda\/?post_type=product&#038;p=6791"},"modified":"2026-02-05T19:12:03","modified_gmt":"2026-02-05T19:12:03","slug":"papel-articular-arti-fol-plastic-1-cara-8-micras-bk20-bk21-bk22-y-bk23","status":"publish","type":"product","link":"https:\/\/amedis.es\/tienda\/producto\/papel-articular-arti-fol-plastic-1-cara-8-micras-bk20-bk21-bk22-y-bk23\/","title":{"rendered":"PAPEL ARTICULAR ARTI-FOL PLASTIC 1 CARA 8 MICRAS (BK20, BK21, BK22 Y BK23)"},"content":{"rendered":"<p>Papel articular arti-fol plastic ultradelgado de 8 micras. Para poder localizar cualquier peque\u00f1o contacto prematuro. Particularmente apropiados para la visualizaci\u00f3n de la oclusi\u00f3n est\u00e1tica y din\u00e1mica por este motivo se suministra en varios colores.<\/p>\n<p>&#8211; 22 mm de ancho color negro.<br \/>\n&#8211; Colores negro, rojo, verde y azul.<\/p>\n","protected":false},"excerpt":{"rendered":"<p>CONTENIDO: 20 metros en dispensador unilateral.<\/p>\n","protected":false},"featured_media":6792,"template":"","meta":[],"pwb-brand":[],"product_brand":[],"product_cat":[241,231],"product_tag":[],"class_list":{"0":"post-6791","1":"product","2":"type-product","3":"status-publish","4":"has-post-thumbnail","6":"product_cat-papel-de-articular","7":"product_cat-protesis","9":"first","10":"instock","11":"sale","12":"taxable","13":"shipping-taxable","14":"purchasable","15":"product-type-variable"},"yoast_head":"<!-- This site is optimized with the Yoast SEO plugin v27.4 - https:\/\/yoast.com\/product\/yoast-seo-wordpress\/ -->\n<title>PAPEL ARTICULAR ARTI-FOL PLASTIC 1 CARA 8 MICRAS (BK20, BK21, BK22 Y BK23) | Amedis<\/title>\n<meta name=\"description\" content=\"Papel articular arti-fol plastic ultradelgado de 8 micras. Para poder localizar cualquier peque\u00f1o contacto prematuro.\" \/>\n<meta name=\"robots\" content=\"index, follow, max-snippet:-1, max-image-preview:large, max-video-preview:-1\" \/>\n<link rel=\"canonical\" href=\"https:\/\/amedis.es\/tienda\/producto\/papel-articular-arti-fol-plastic-1-cara-8-micras-bk20-bk21-bk22-y-bk23\/\" \/>\n<meta property=\"og:locale\" content=\"es_ES\" \/>\n<meta property=\"og:type\" content=\"article\" \/>\n<meta property=\"og:title\" content=\"PAPEL ARTICULAR ARTI-FOL PLASTIC 1 CARA 8 MICRAS (BK20, BK21, BK22 Y BK23) | Amedis\" \/>\n<meta property=\"og:description\" content=\"Papel articular arti-fol plastic ultradelgado de 8 micras. Para poder localizar cualquier peque\u00f1o contacto prematuro.\" \/>\n<meta property=\"og:url\" content=\"https:\/\/amedis.es\/tienda\/producto\/papel-articular-arti-fol-plastic-1-cara-8-micras-bk20-bk21-bk22-y-bk23\/\" \/>\n<meta property=\"og:site_name\" content=\"Amedis\" \/>\n<meta property=\"article:modified_time\" content=\"2026-02-05T19:12:03+00:00\" \/>\n<meta property=\"og:image\" content=\"https:\/\/amedis.es\/tienda\/wp-content\/uploads\/2021\/04\/PAPEL-ARTICULAR-ARTI-FOL-PLASTIC-1-CARA-8-MICRAS.jpg\" \/>\n\t<meta property=\"og:image:width\" content=\"600\" \/>\n\t<meta property=\"og:image:height\" content=\"600\" \/>\n\t<meta property=\"og:image:type\" content=\"image\/jpeg\" \/>\n<meta name=\"twitter:card\" content=\"summary_large_image\" \/>\n<meta name=\"twitter:label1\" content=\"Tiempo de lectura\" \/>\n\t<meta name=\"twitter:data1\" content=\"1 minuto\" \/>\n<script type=\"application\/ld+json\" class=\"yoast-schema-graph\">{\"@context\":\"https:\\\/\\\/schema.org\",\"@graph\":[{\"@type\":\"WebPage\",\"@id\":\"https:\\\/\\\/amedis.es\\\/tienda\\\/producto\\\/papel-articular-arti-fol-plastic-1-cara-8-micras-bk20-bk21-bk22-y-bk23\\\/\",\"url\":\"https:\\\/\\\/amedis.es\\\/tienda\\\/producto\\\/papel-articular-arti-fol-plastic-1-cara-8-micras-bk20-bk21-bk22-y-bk23\\\/\",\"name\":\"PAPEL ARTICULAR ARTI-FOL PLASTIC 1 CARA 8 MICRAS (BK20, BK21, BK22 Y BK23) | Amedis\",\"isPartOf\":{\"@id\":\"https:\\\/\\\/amedis.es\\\/tienda\\\/#website\"},\"primaryImageOfPage\":{\"@id\":\"https:\\\/\\\/amedis.es\\\/tienda\\\/producto\\\/papel-articular-arti-fol-plastic-1-cara-8-micras-bk20-bk21-bk22-y-bk23\\\/#primaryimage\"},\"image\":{\"@id\":\"https:\\\/\\\/amedis.es\\\/tienda\\\/producto\\\/papel-articular-arti-fol-plastic-1-cara-8-micras-bk20-bk21-bk22-y-bk23\\\/#primaryimage\"},\"thumbnailUrl\":\"https:\\\/\\\/amedis.es\\\/tienda\\\/wp-content\\\/uploads\\\/2021\\\/04\\\/PAPEL-ARTICULAR-ARTI-FOL-PLASTIC-1-CARA-8-MICRAS.jpg\",\"datePublished\":\"2021-04-05T14:29:28+00:00\",\"dateModified\":\"2026-02-05T19:12:03+00:00\",\"description\":\"Papel articular arti-fol plastic ultradelgado de 8 micras. Para poder localizar cualquier peque\u00f1o contacto prematuro.\",\"breadcrumb\":{\"@id\":\"https:\\\/\\\/amedis.es\\\/tienda\\\/producto\\\/papel-articular-arti-fol-plastic-1-cara-8-micras-bk20-bk21-bk22-y-bk23\\\/#breadcrumb\"},\"inLanguage\":\"es\",\"potentialAction\":[{\"@type\":\"ReadAction\",\"target\":[\"https:\\\/\\\/amedis.es\\\/tienda\\\/producto\\\/papel-articular-arti-fol-plastic-1-cara-8-micras-bk20-bk21-bk22-y-bk23\\\/\"]}]},{\"@type\":\"ImageObject\",\"inLanguage\":\"es\",\"@id\":\"https:\\\/\\\/amedis.es\\\/tienda\\\/producto\\\/papel-articular-arti-fol-plastic-1-cara-8-micras-bk20-bk21-bk22-y-bk23\\\/#primaryimage\",\"url\":\"https:\\\/\\\/amedis.es\\\/tienda\\\/wp-content\\\/uploads\\\/2021\\\/04\\\/PAPEL-ARTICULAR-ARTI-FOL-PLASTIC-1-CARA-8-MICRAS.jpg\",\"contentUrl\":\"https:\\\/\\\/amedis.es\\\/tienda\\\/wp-content\\\/uploads\\\/2021\\\/04\\\/PAPEL-ARTICULAR-ARTI-FOL-PLASTIC-1-CARA-8-MICRAS.jpg\",\"width\":600,\"height\":600,\"caption\":\"Amedis PAPEL ARTICULAR ARTI-FOL PLASTIC 1 CARA 8 MICRAS\"},{\"@type\":\"BreadcrumbList\",\"@id\":\"https:\\\/\\\/amedis.es\\\/tienda\\\/producto\\\/papel-articular-arti-fol-plastic-1-cara-8-micras-bk20-bk21-bk22-y-bk23\\\/#breadcrumb\",\"itemListElement\":[{\"@type\":\"ListItem\",\"position\":1,\"name\":\"Portada\",\"item\":\"https:\\\/\\\/amedis.es\\\/tienda\\\/\"},{\"@type\":\"ListItem\",\"position\":2,\"name\":\"Amedis | Suministros M\u00e9dicos y Dentales | Tienda\",\"item\":\"https:\\\/\\\/amedis.es\\\/tienda\\\/suministros-medicos-y-dentales\\\/\"},{\"@type\":\"ListItem\",\"position\":3,\"name\":\"PAPEL ARTICULAR ARTI-FOL PLASTIC 1 CARA 8 MICRAS (BK20, BK21, BK22 Y BK23)\"}]},{\"@type\":\"WebSite\",\"@id\":\"https:\\\/\\\/amedis.es\\\/tienda\\\/#website\",\"url\":\"https:\\\/\\\/amedis.es\\\/tienda\\\/\",\"name\":\"Amedis\",\"description\":\"Suministros M\u00e9dicos y Dentales\",\"publisher\":{\"@id\":\"https:\\\/\\\/amedis.es\\\/tienda\\\/#organization\"},\"potentialAction\":[{\"@type\":\"SearchAction\",\"target\":{\"@type\":\"EntryPoint\",\"urlTemplate\":\"https:\\\/\\\/amedis.es\\\/tienda\\\/?s={search_term_string}\"},\"query-input\":{\"@type\":\"PropertyValueSpecification\",\"valueRequired\":true,\"valueName\":\"search_term_string\"}}],\"inLanguage\":\"es\"},{\"@type\":\"Organization\",\"@id\":\"https:\\\/\\\/amedis.es\\\/tienda\\\/#organization\",\"name\":\"Amedis | Suministros M\u00e9dicos y Dentales\",\"url\":\"https:\\\/\\\/amedis.es\\\/tienda\\\/\",\"logo\":{\"@type\":\"ImageObject\",\"inLanguage\":\"es\",\"@id\":\"https:\\\/\\\/amedis.es\\\/tienda\\\/#\\\/schema\\\/logo\\\/image\\\/\",\"url\":\"https:\\\/\\\/amedis.es\\\/tienda\\\/wp-content\\\/uploads\\\/2020\\\/05\\\/logo-1.png\",\"contentUrl\":\"https:\\\/\\\/amedis.es\\\/tienda\\\/wp-content\\\/uploads\\\/2020\\\/05\\\/logo-1.png\",\"width\":191,\"height\":80,\"caption\":\"Amedis | Suministros M\u00e9dicos y Dentales\"},\"image\":{\"@id\":\"https:\\\/\\\/amedis.es\\\/tienda\\\/#\\\/schema\\\/logo\\\/image\\\/\"}}]}<\/script>\n<!-- \/ Yoast SEO plugin. -->","yoast_head_json":{"title":"PAPEL ARTICULAR ARTI-FOL PLASTIC 1 CARA 8 MICRAS (BK20, BK21, BK22 Y BK23) | Amedis","description":"Papel articular arti-fol plastic ultradelgado de 8 micras. Para poder localizar cualquier peque\u00f1o contacto prematuro.","robots":{"index":"index","follow":"follow","max-snippet":"max-snippet:-1","max-image-preview":"max-image-preview:large","max-video-preview":"max-video-preview:-1"},"canonical":"https:\/\/amedis.es\/tienda\/producto\/papel-articular-arti-fol-plastic-1-cara-8-micras-bk20-bk21-bk22-y-bk23\/","og_locale":"es_ES","og_type":"article","og_title":"PAPEL ARTICULAR ARTI-FOL PLASTIC 1 CARA 8 MICRAS (BK20, BK21, BK22 Y BK23) | Amedis","og_description":"Papel articular arti-fol plastic ultradelgado de 8 micras. Para poder localizar cualquier peque\u00f1o contacto prematuro.","og_url":"https:\/\/amedis.es\/tienda\/producto\/papel-articular-arti-fol-plastic-1-cara-8-micras-bk20-bk21-bk22-y-bk23\/","og_site_name":"Amedis","article_modified_time":"2026-02-05T19:12:03+00:00","og_image":[{"width":600,"height":600,"url":"https:\/\/amedis.es\/tienda\/wp-content\/uploads\/2021\/04\/PAPEL-ARTICULAR-ARTI-FOL-PLASTIC-1-CARA-8-MICRAS.jpg","type":"image\/jpeg"}],"twitter_card":"summary_large_image","twitter_misc":{"Tiempo de lectura":"1 minuto"},"schema":{"@context":"https:\/\/schema.org","@graph":[{"@type":"WebPage","@id":"https:\/\/amedis.es\/tienda\/producto\/papel-articular-arti-fol-plastic-1-cara-8-micras-bk20-bk21-bk22-y-bk23\/","url":"https:\/\/amedis.es\/tienda\/producto\/papel-articular-arti-fol-plastic-1-cara-8-micras-bk20-bk21-bk22-y-bk23\/","name":"PAPEL ARTICULAR ARTI-FOL PLASTIC 1 CARA 8 MICRAS (BK20, BK21, BK22 Y BK23) | Amedis","isPartOf":{"@id":"https:\/\/amedis.es\/tienda\/#website"},"primaryImageOfPage":{"@id":"https:\/\/amedis.es\/tienda\/producto\/papel-articular-arti-fol-plastic-1-cara-8-micras-bk20-bk21-bk22-y-bk23\/#primaryimage"},"image":{"@id":"https:\/\/amedis.es\/tienda\/producto\/papel-articular-arti-fol-plastic-1-cara-8-micras-bk20-bk21-bk22-y-bk23\/#primaryimage"},"thumbnailUrl":"https:\/\/amedis.es\/tienda\/wp-content\/uploads\/2021\/04\/PAPEL-ARTICULAR-ARTI-FOL-PLASTIC-1-CARA-8-MICRAS.jpg","datePublished":"2021-04-05T14:29:28+00:00","dateModified":"2026-02-05T19:12:03+00:00","description":"Papel articular arti-fol plastic ultradelgado de 8 micras. Para poder localizar cualquier peque\u00f1o contacto prematuro.","breadcrumb":{"@id":"https:\/\/amedis.es\/tienda\/producto\/papel-articular-arti-fol-plastic-1-cara-8-micras-bk20-bk21-bk22-y-bk23\/#breadcrumb"},"inLanguage":"es","potentialAction":[{"@type":"ReadAction","target":["https:\/\/amedis.es\/tienda\/producto\/papel-articular-arti-fol-plastic-1-cara-8-micras-bk20-bk21-bk22-y-bk23\/"]}]},{"@type":"ImageObject","inLanguage":"es","@id":"https:\/\/amedis.es\/tienda\/producto\/papel-articular-arti-fol-plastic-1-cara-8-micras-bk20-bk21-bk22-y-bk23\/#primaryimage","url":"https:\/\/amedis.es\/tienda\/wp-content\/uploads\/2021\/04\/PAPEL-ARTICULAR-ARTI-FOL-PLASTIC-1-CARA-8-MICRAS.jpg","contentUrl":"https:\/\/amedis.es\/tienda\/wp-content\/uploads\/2021\/04\/PAPEL-ARTICULAR-ARTI-FOL-PLASTIC-1-CARA-8-MICRAS.jpg","width":600,"height":600,"caption":"Amedis PAPEL ARTICULAR ARTI-FOL PLASTIC 1 CARA 8 MICRAS"},{"@type":"BreadcrumbList","@id":"https:\/\/amedis.es\/tienda\/producto\/papel-articular-arti-fol-plastic-1-cara-8-micras-bk20-bk21-bk22-y-bk23\/#breadcrumb","itemListElement":[{"@type":"ListItem","position":1,"name":"Portada","item":"https:\/\/amedis.es\/tienda\/"},{"@type":"ListItem","position":2,"name":"Amedis | Suministros M\u00e9dicos y Dentales | Tienda","item":"https:\/\/amedis.es\/tienda\/suministros-medicos-y-dentales\/"},{"@type":"ListItem","position":3,"name":"PAPEL ARTICULAR ARTI-FOL PLASTIC 1 CARA 8 MICRAS (BK20, BK21, BK22 Y BK23)"}]},{"@type":"WebSite","@id":"https:\/\/amedis.es\/tienda\/#website","url":"https:\/\/amedis.es\/tienda\/","name":"Amedis","description":"Suministros M\u00e9dicos y Dentales","publisher":{"@id":"https:\/\/amedis.es\/tienda\/#organization"},"potentialAction":[{"@type":"SearchAction","target":{"@type":"EntryPoint","urlTemplate":"https:\/\/amedis.es\/tienda\/?s={search_term_string}"},"query-input":{"@type":"PropertyValueSpecification","valueRequired":true,"valueName":"search_term_string"}}],"inLanguage":"es"},{"@type":"Organization","@id":"https:\/\/amedis.es\/tienda\/#organization","name":"Amedis | Suministros M\u00e9dicos y Dentales","url":"https:\/\/amedis.es\/tienda\/","logo":{"@type":"ImageObject","inLanguage":"es","@id":"https:\/\/amedis.es\/tienda\/#\/schema\/logo\/image\/","url":"https:\/\/amedis.es\/tienda\/wp-content\/uploads\/2020\/05\/logo-1.png","contentUrl":"https:\/\/amedis.es\/tienda\/wp-content\/uploads\/2020\/05\/logo-1.png","width":191,"height":80,"caption":"Amedis | Suministros M\u00e9dicos y Dentales"},"image":{"@id":"https:\/\/amedis.es\/tienda\/#\/schema\/logo\/image\/"}}]}},"brands":[],"_links":{"self":[{"href":"https:\/\/amedis.es\/tienda\/wp-json\/wp\/v2\/product\/6791","targetHints":{"allow":["GET"]}}],"collection":[{"href":"https:\/\/amedis.es\/tienda\/wp-json\/wp\/v2\/product"}],"about":[{"href":"https:\/\/amedis.es\/tienda\/wp-json\/wp\/v2\/types\/product"}],"wp:featuredmedia":[{"embeddable":true,"href":"https:\/\/amedis.es\/tienda\/wp-json\/wp\/v2\/media\/6792"}],"wp:attachment":[{"href":"https:\/\/amedis.es\/tienda\/wp-json\/wp\/v2\/media?parent=6791"}],"wp:term":[{"taxonomy":"pwb-brand","embeddable":true,"href":"https:\/\/amedis.es\/tienda\/wp-json\/wp\/v2\/pwb-brand?post=6791"},{"taxonomy":"product_brand","embeddable":true,"href":"https:\/\/amedis.es\/tienda\/wp-json\/wp\/v2\/product_brand?post=6791"},{"taxonomy":"product_cat","embeddable":true,"href":"https:\/\/amedis.es\/tienda\/wp-json\/wp\/v2\/product_cat?post=6791"},{"taxonomy":"product_tag","embeddable":true,"href":"https:\/\/amedis.es\/tienda\/wp-json\/wp\/v2\/product_tag?post=6791"}],"curies":[{"name":"wp","href":"https:\/\/api.w.org\/{rel}","templated":true}]}}