{"id":6750,"date":"2021-04-01T17:48:56","date_gmt":"2021-04-01T17:48:56","guid":{"rendered":"https:\/\/amedis.es\/tienda\/?post_type=product&#038;p=6750"},"modified":"2026-02-03T21:36:02","modified_gmt":"2026-02-03T21:36:02","slug":"viscogel","status":"publish","type":"product","link":"https:\/\/amedis.es\/tienda\/producto\/viscogel\/","title":{"rendered":"VISCOGEL"},"content":{"rendered":"<p>Viscogel. Acondicionador de tejidos. Visco-gel Base Temporal Suave para Removibles es una formulaci\u00f3n de metacrilato el\u00e1stico de auto-fraguado, destinada a su uso como material de recubrimiento blando por tiempo limitado para pr\u00f3tesis dentales completas y parciales. Cumple con el ISO 10139 para materiales el\u00e1sticos de revestimiento temporales para pr\u00f3tesis removibles.<\/p>\n<p>&#8211; Elevado tiempo de trabajo: permite todas las adaptaciones en la boca de los pacientes<br \/>\n&#8211; F\u00e1cil eliminaci\u00f3n del material en exceso<br \/>\n&#8211; La consistencia puede adaptarse a\u00f1adiendo m\u00e1s polvo si fuera necesario (P\/L).<\/p>\n<p>INDICACIONES:<\/p>\n<p>&#8211; Acondicionador de tejidos y recubrimiento temporal cuando los tejidos blandos que soportan la pr\u00f3tesis dental han sido deformados por trauma o infecci\u00f3n.<br \/>\n&#8211; Material de impresi\u00f3n funcional cuando hay que modificar o rehacer una pr\u00f3tesis dental completa.<br \/>\n&#8211; Recubrimiento blando, especialmente para personas de edad o pacientes con salud tisular deteriorada.<\/p>\n<p>CONTRAINDICACIONES:<\/p>\n<p>Visco-gel Base Temporal Suave para Removibles est\u00e1 contraindicado para su uso en pacientes que tengan historial de reacci\u00f3n al\u00e9rgica grave a resinas de metacrilato.<\/p>\n","protected":false},"excerpt":{"rendered":"<p>CONTENIDO: 120 gr. Polvo + 90 ml. L\u00edquido + 5 ml. lubricante + Accesorios.<\/p>\n","protected":false},"featured_media":25765,"template":"","meta":[],"pwb-brand":[2355],"product_brand":[],"product_cat":[231,237],"product_tag":[],"class_list":{"0":"post-6750","1":"product","2":"type-product","3":"status-publish","4":"has-post-thumbnail","6":"pwb-brand-dentsply","7":"product_cat-protesis","8":"product_cat-resinas-acondicionadoras","10":"first","11":"instock","12":"sale","13":"taxable","14":"shipping-taxable","15":"purchasable","16":"product-type-simple"},"yoast_head":"<!-- This site is optimized with the Yoast SEO plugin v27.4 - https:\/\/yoast.com\/product\/yoast-seo-wordpress\/ -->\n<title>VISCOGEL | Amedis<\/title>\n<meta name=\"description\" content=\"Viscogel. Acondicionador de tejidos. Visco-gel Base Temporal Suave para Removibles es una formulaci\u00f3n de metacrilato el\u00e1stico de auto-fraguado\" \/>\n<meta name=\"robots\" content=\"index, follow, max-snippet:-1, max-image-preview:large, max-video-preview:-1\" \/>\n<link rel=\"canonical\" href=\"https:\/\/amedis.es\/tienda\/producto\/viscogel\/\" \/>\n<meta property=\"og:locale\" content=\"es_ES\" \/>\n<meta property=\"og:type\" content=\"article\" \/>\n<meta property=\"og:title\" content=\"VISCOGEL | Amedis\" \/>\n<meta property=\"og:description\" content=\"Viscogel. Acondicionador de tejidos. Visco-gel Base Temporal Suave para Removibles es una formulaci\u00f3n de metacrilato el\u00e1stico de auto-fraguado\" \/>\n<meta property=\"og:url\" content=\"https:\/\/amedis.es\/tienda\/producto\/viscogel\/\" \/>\n<meta property=\"og:site_name\" content=\"Amedis\" \/>\n<meta property=\"article:modified_time\" content=\"2026-02-03T21:36:02+00:00\" \/>\n<meta property=\"og:image\" content=\"https:\/\/amedis.es\/tienda\/wp-content\/uploads\/2021\/04\/VISCOGEL-1.jpg\" \/>\n\t<meta property=\"og:image:width\" content=\"600\" \/>\n\t<meta property=\"og:image:height\" content=\"600\" \/>\n\t<meta property=\"og:image:type\" content=\"image\/jpeg\" \/>\n<meta name=\"twitter:card\" content=\"summary_large_image\" \/>\n<meta name=\"twitter:label1\" content=\"Tiempo de lectura\" \/>\n\t<meta name=\"twitter:data1\" content=\"1 minuto\" \/>\n<script type=\"application\/ld+json\" class=\"yoast-schema-graph\">{\"@context\":\"https:\\\/\\\/schema.org\",\"@graph\":[{\"@type\":\"WebPage\",\"@id\":\"https:\\\/\\\/amedis.es\\\/tienda\\\/producto\\\/viscogel\\\/\",\"url\":\"https:\\\/\\\/amedis.es\\\/tienda\\\/producto\\\/viscogel\\\/\",\"name\":\"VISCOGEL | Amedis\",\"isPartOf\":{\"@id\":\"https:\\\/\\\/amedis.es\\\/tienda\\\/#website\"},\"primaryImageOfPage\":{\"@id\":\"https:\\\/\\\/amedis.es\\\/tienda\\\/producto\\\/viscogel\\\/#primaryimage\"},\"image\":{\"@id\":\"https:\\\/\\\/amedis.es\\\/tienda\\\/producto\\\/viscogel\\\/#primaryimage\"},\"thumbnailUrl\":\"https:\\\/\\\/amedis.es\\\/tienda\\\/wp-content\\\/uploads\\\/2021\\\/04\\\/VISCOGEL-1.jpg\",\"datePublished\":\"2021-04-01T17:48:56+00:00\",\"dateModified\":\"2026-02-03T21:36:02+00:00\",\"description\":\"Viscogel. Acondicionador de tejidos. Visco-gel Base Temporal Suave para Removibles es una formulaci\u00f3n de metacrilato el\u00e1stico de auto-fraguado\",\"breadcrumb\":{\"@id\":\"https:\\\/\\\/amedis.es\\\/tienda\\\/producto\\\/viscogel\\\/#breadcrumb\"},\"inLanguage\":\"es\",\"potentialAction\":[{\"@type\":\"ReadAction\",\"target\":[\"https:\\\/\\\/amedis.es\\\/tienda\\\/producto\\\/viscogel\\\/\"]}]},{\"@type\":\"ImageObject\",\"inLanguage\":\"es\",\"@id\":\"https:\\\/\\\/amedis.es\\\/tienda\\\/producto\\\/viscogel\\\/#primaryimage\",\"url\":\"https:\\\/\\\/amedis.es\\\/tienda\\\/wp-content\\\/uploads\\\/2021\\\/04\\\/VISCOGEL-1.jpg\",\"contentUrl\":\"https:\\\/\\\/amedis.es\\\/tienda\\\/wp-content\\\/uploads\\\/2021\\\/04\\\/VISCOGEL-1.jpg\",\"width\":600,\"height\":600,\"caption\":\"Amedis VISCOGEL\"},{\"@type\":\"BreadcrumbList\",\"@id\":\"https:\\\/\\\/amedis.es\\\/tienda\\\/producto\\\/viscogel\\\/#breadcrumb\",\"itemListElement\":[{\"@type\":\"ListItem\",\"position\":1,\"name\":\"Portada\",\"item\":\"https:\\\/\\\/amedis.es\\\/tienda\\\/\"},{\"@type\":\"ListItem\",\"position\":2,\"name\":\"Amedis | Suministros M\u00e9dicos y Dentales | Tienda\",\"item\":\"https:\\\/\\\/amedis.es\\\/tienda\\\/suministros-medicos-y-dentales\\\/\"},{\"@type\":\"ListItem\",\"position\":3,\"name\":\"VISCOGEL\"}]},{\"@type\":\"WebSite\",\"@id\":\"https:\\\/\\\/amedis.es\\\/tienda\\\/#website\",\"url\":\"https:\\\/\\\/amedis.es\\\/tienda\\\/\",\"name\":\"Amedis\",\"description\":\"Suministros M\u00e9dicos y Dentales\",\"publisher\":{\"@id\":\"https:\\\/\\\/amedis.es\\\/tienda\\\/#organization\"},\"potentialAction\":[{\"@type\":\"SearchAction\",\"target\":{\"@type\":\"EntryPoint\",\"urlTemplate\":\"https:\\\/\\\/amedis.es\\\/tienda\\\/?s={search_term_string}\"},\"query-input\":{\"@type\":\"PropertyValueSpecification\",\"valueRequired\":true,\"valueName\":\"search_term_string\"}}],\"inLanguage\":\"es\"},{\"@type\":\"Organization\",\"@id\":\"https:\\\/\\\/amedis.es\\\/tienda\\\/#organization\",\"name\":\"Amedis | Suministros M\u00e9dicos y Dentales\",\"url\":\"https:\\\/\\\/amedis.es\\\/tienda\\\/\",\"logo\":{\"@type\":\"ImageObject\",\"inLanguage\":\"es\",\"@id\":\"https:\\\/\\\/amedis.es\\\/tienda\\\/#\\\/schema\\\/logo\\\/image\\\/\",\"url\":\"https:\\\/\\\/amedis.es\\\/tienda\\\/wp-content\\\/uploads\\\/2020\\\/05\\\/logo-1.png\",\"contentUrl\":\"https:\\\/\\\/amedis.es\\\/tienda\\\/wp-content\\\/uploads\\\/2020\\\/05\\\/logo-1.png\",\"width\":191,\"height\":80,\"caption\":\"Amedis | Suministros M\u00e9dicos y Dentales\"},\"image\":{\"@id\":\"https:\\\/\\\/amedis.es\\\/tienda\\\/#\\\/schema\\\/logo\\\/image\\\/\"}}]}<\/script>\n<!-- \/ Yoast SEO plugin. -->","yoast_head_json":{"title":"VISCOGEL | Amedis","description":"Viscogel. Acondicionador de tejidos. Visco-gel Base Temporal Suave para Removibles es una formulaci\u00f3n de metacrilato el\u00e1stico de auto-fraguado","robots":{"index":"index","follow":"follow","max-snippet":"max-snippet:-1","max-image-preview":"max-image-preview:large","max-video-preview":"max-video-preview:-1"},"canonical":"https:\/\/amedis.es\/tienda\/producto\/viscogel\/","og_locale":"es_ES","og_type":"article","og_title":"VISCOGEL | Amedis","og_description":"Viscogel. Acondicionador de tejidos. Visco-gel Base Temporal Suave para Removibles es una formulaci\u00f3n de metacrilato el\u00e1stico de auto-fraguado","og_url":"https:\/\/amedis.es\/tienda\/producto\/viscogel\/","og_site_name":"Amedis","article_modified_time":"2026-02-03T21:36:02+00:00","og_image":[{"width":600,"height":600,"url":"https:\/\/amedis.es\/tienda\/wp-content\/uploads\/2021\/04\/VISCOGEL-1.jpg","type":"image\/jpeg"}],"twitter_card":"summary_large_image","twitter_misc":{"Tiempo de lectura":"1 minuto"},"schema":{"@context":"https:\/\/schema.org","@graph":[{"@type":"WebPage","@id":"https:\/\/amedis.es\/tienda\/producto\/viscogel\/","url":"https:\/\/amedis.es\/tienda\/producto\/viscogel\/","name":"VISCOGEL | Amedis","isPartOf":{"@id":"https:\/\/amedis.es\/tienda\/#website"},"primaryImageOfPage":{"@id":"https:\/\/amedis.es\/tienda\/producto\/viscogel\/#primaryimage"},"image":{"@id":"https:\/\/amedis.es\/tienda\/producto\/viscogel\/#primaryimage"},"thumbnailUrl":"https:\/\/amedis.es\/tienda\/wp-content\/uploads\/2021\/04\/VISCOGEL-1.jpg","datePublished":"2021-04-01T17:48:56+00:00","dateModified":"2026-02-03T21:36:02+00:00","description":"Viscogel. Acondicionador de tejidos. Visco-gel Base Temporal Suave para Removibles es una formulaci\u00f3n de metacrilato el\u00e1stico de auto-fraguado","breadcrumb":{"@id":"https:\/\/amedis.es\/tienda\/producto\/viscogel\/#breadcrumb"},"inLanguage":"es","potentialAction":[{"@type":"ReadAction","target":["https:\/\/amedis.es\/tienda\/producto\/viscogel\/"]}]},{"@type":"ImageObject","inLanguage":"es","@id":"https:\/\/amedis.es\/tienda\/producto\/viscogel\/#primaryimage","url":"https:\/\/amedis.es\/tienda\/wp-content\/uploads\/2021\/04\/VISCOGEL-1.jpg","contentUrl":"https:\/\/amedis.es\/tienda\/wp-content\/uploads\/2021\/04\/VISCOGEL-1.jpg","width":600,"height":600,"caption":"Amedis VISCOGEL"},{"@type":"BreadcrumbList","@id":"https:\/\/amedis.es\/tienda\/producto\/viscogel\/#breadcrumb","itemListElement":[{"@type":"ListItem","position":1,"name":"Portada","item":"https:\/\/amedis.es\/tienda\/"},{"@type":"ListItem","position":2,"name":"Amedis | Suministros M\u00e9dicos y Dentales | Tienda","item":"https:\/\/amedis.es\/tienda\/suministros-medicos-y-dentales\/"},{"@type":"ListItem","position":3,"name":"VISCOGEL"}]},{"@type":"WebSite","@id":"https:\/\/amedis.es\/tienda\/#website","url":"https:\/\/amedis.es\/tienda\/","name":"Amedis","description":"Suministros M\u00e9dicos y Dentales","publisher":{"@id":"https:\/\/amedis.es\/tienda\/#organization"},"potentialAction":[{"@type":"SearchAction","target":{"@type":"EntryPoint","urlTemplate":"https:\/\/amedis.es\/tienda\/?s={search_term_string}"},"query-input":{"@type":"PropertyValueSpecification","valueRequired":true,"valueName":"search_term_string"}}],"inLanguage":"es"},{"@type":"Organization","@id":"https:\/\/amedis.es\/tienda\/#organization","name":"Amedis | Suministros M\u00e9dicos y Dentales","url":"https:\/\/amedis.es\/tienda\/","logo":{"@type":"ImageObject","inLanguage":"es","@id":"https:\/\/amedis.es\/tienda\/#\/schema\/logo\/image\/","url":"https:\/\/amedis.es\/tienda\/wp-content\/uploads\/2020\/05\/logo-1.png","contentUrl":"https:\/\/amedis.es\/tienda\/wp-content\/uploads\/2020\/05\/logo-1.png","width":191,"height":80,"caption":"Amedis | Suministros M\u00e9dicos y Dentales"},"image":{"@id":"https:\/\/amedis.es\/tienda\/#\/schema\/logo\/image\/"}}]}},"brands":[{"id":2355,"name":"DENTSPLY","slug":"dentsply"}],"_links":{"self":[{"href":"https:\/\/amedis.es\/tienda\/wp-json\/wp\/v2\/product\/6750","targetHints":{"allow":["GET"]}}],"collection":[{"href":"https:\/\/amedis.es\/tienda\/wp-json\/wp\/v2\/product"}],"about":[{"href":"https:\/\/amedis.es\/tienda\/wp-json\/wp\/v2\/types\/product"}],"wp:featuredmedia":[{"embeddable":true,"href":"https:\/\/amedis.es\/tienda\/wp-json\/wp\/v2\/media\/25765"}],"wp:attachment":[{"href":"https:\/\/amedis.es\/tienda\/wp-json\/wp\/v2\/media?parent=6750"}],"wp:term":[{"taxonomy":"pwb-brand","embeddable":true,"href":"https:\/\/amedis.es\/tienda\/wp-json\/wp\/v2\/pwb-brand?post=6750"},{"taxonomy":"product_brand","embeddable":true,"href":"https:\/\/amedis.es\/tienda\/wp-json\/wp\/v2\/product_brand?post=6750"},{"taxonomy":"product_cat","embeddable":true,"href":"https:\/\/amedis.es\/tienda\/wp-json\/wp\/v2\/product_cat?post=6750"},{"taxonomy":"product_tag","embeddable":true,"href":"https:\/\/amedis.es\/tienda\/wp-json\/wp\/v2\/product_tag?post=6750"}],"curies":[{"name":"wp","href":"https:\/\/api.w.org\/{rel}","templated":true}]}}