{"id":6746,"date":"2021-04-01T17:36:14","date_gmt":"2021-04-01T17:36:14","guid":{"rendered":"https:\/\/amedis.es\/tienda\/?post_type=product&#038;p=6746"},"modified":"2025-11-01T20:26:01","modified_gmt":"2025-11-01T20:26:01","slug":"tissue-reposicion-polvo-rosa","status":"publish","type":"product","link":"https:\/\/amedis.es\/tienda\/producto\/tissue-reposicion-polvo-rosa\/","title":{"rendered":"TISSUE REPOSICI\u00d3N POLVO ROSA"},"content":{"rendered":"<p>Tissue reposici\u00f3n polvo rosa. Material acr\u00edlico para rebases blandos y acondicionamiento de tejidos. GC Tissue Conditioner es el primer material de rebase acr\u00edlico todo en uno, una soluci\u00f3n completa para la cl\u00ednica. GC Tissue Conditioner es una gran elecci\u00f3n cuando se necesita un material blando de larga duraci\u00f3n, y que permanezca limpio a lo largo del tiempo. Su perfecta consistencia y fluidez hace que sea f\u00e1cil de aplicar de forma r\u00e1pida: solo 5 minutos de fraguado en boca. Su especial capa protectora, hace que el material no se deteriore con el paso del tiempo. Superficies especialmente suaves, lo que se traduce en muy buena capacidad de limpieza e higiene.<\/p>\n<p>Superficies blandas de larga duraci\u00f3n, capaz de adaptarse de acuerdo a los cambios de la mucosa a lo largo del tiempo, para una mejor cicatrizaci\u00f3n y mayor confort del paciente. Su mejorada resistencia al desgarre hace que sea f\u00e1cil de eliminar con la mano.<\/p>\n","protected":false},"excerpt":{"rendered":"<p>CONTENIDO: 90 gr. Polvo<\/p>\n","protected":false},"featured_media":6747,"template":"","meta":[],"pwb-brand":[2351],"product_brand":[],"product_cat":[231,237],"product_tag":[],"class_list":{"0":"post-6746","1":"product","2":"type-product","3":"status-publish","4":"has-post-thumbnail","6":"pwb-brand-gc","7":"product_cat-protesis","8":"product_cat-resinas-acondicionadoras","10":"first","11":"instock","12":"sale","13":"taxable","14":"shipping-taxable","15":"purchasable","16":"product-type-simple"},"yoast_head":"<!-- This site is optimized with the Yoast SEO plugin v27.4 - https:\/\/yoast.com\/product\/yoast-seo-wordpress\/ -->\n<title>TISSUE REPOSICI\u00d3N POLVO ROSA | Amedis<\/title>\n<meta name=\"description\" content=\"Tissue reposici\u00f3n polvo rosa. Material acr\u00edlico para rebases blandos y acondicionamiento de tejidos. GC Tissue Conditioner.\" \/>\n<meta name=\"robots\" content=\"index, follow, max-snippet:-1, max-image-preview:large, max-video-preview:-1\" \/>\n<link rel=\"canonical\" href=\"https:\/\/amedis.es\/tienda\/producto\/tissue-reposicion-polvo-rosa\/\" \/>\n<meta property=\"og:locale\" content=\"es_ES\" \/>\n<meta property=\"og:type\" content=\"article\" \/>\n<meta property=\"og:title\" content=\"TISSUE REPOSICI\u00d3N POLVO ROSA | Amedis\" \/>\n<meta property=\"og:description\" content=\"Tissue reposici\u00f3n polvo rosa. Material acr\u00edlico para rebases blandos y acondicionamiento de tejidos. GC Tissue Conditioner.\" \/>\n<meta property=\"og:url\" content=\"https:\/\/amedis.es\/tienda\/producto\/tissue-reposicion-polvo-rosa\/\" \/>\n<meta property=\"og:site_name\" content=\"Amedis\" \/>\n<meta property=\"article:modified_time\" content=\"2025-11-01T20:26:01+00:00\" \/>\n<meta property=\"og:image\" content=\"https:\/\/amedis.es\/tienda\/wp-content\/uploads\/2021\/04\/TISSUE-REPOSICION-POLVO-ROSA.jpg\" \/>\n\t<meta property=\"og:image:width\" content=\"600\" \/>\n\t<meta property=\"og:image:height\" content=\"600\" \/>\n\t<meta property=\"og:image:type\" content=\"image\/jpeg\" \/>\n<meta name=\"twitter:card\" content=\"summary_large_image\" \/>\n<meta name=\"twitter:label1\" content=\"Tiempo de lectura\" \/>\n\t<meta name=\"twitter:data1\" content=\"1 minuto\" \/>\n<script type=\"application\/ld+json\" class=\"yoast-schema-graph\">{\"@context\":\"https:\\\/\\\/schema.org\",\"@graph\":[{\"@type\":\"WebPage\",\"@id\":\"https:\\\/\\\/amedis.es\\\/tienda\\\/producto\\\/tissue-reposicion-polvo-rosa\\\/\",\"url\":\"https:\\\/\\\/amedis.es\\\/tienda\\\/producto\\\/tissue-reposicion-polvo-rosa\\\/\",\"name\":\"TISSUE REPOSICI\u00d3N POLVO ROSA | Amedis\",\"isPartOf\":{\"@id\":\"https:\\\/\\\/amedis.es\\\/tienda\\\/#website\"},\"primaryImageOfPage\":{\"@id\":\"https:\\\/\\\/amedis.es\\\/tienda\\\/producto\\\/tissue-reposicion-polvo-rosa\\\/#primaryimage\"},\"image\":{\"@id\":\"https:\\\/\\\/amedis.es\\\/tienda\\\/producto\\\/tissue-reposicion-polvo-rosa\\\/#primaryimage\"},\"thumbnailUrl\":\"https:\\\/\\\/amedis.es\\\/tienda\\\/wp-content\\\/uploads\\\/2021\\\/04\\\/TISSUE-REPOSICION-POLVO-ROSA.jpg\",\"datePublished\":\"2021-04-01T17:36:14+00:00\",\"dateModified\":\"2025-11-01T20:26:01+00:00\",\"description\":\"Tissue reposici\u00f3n polvo rosa. Material acr\u00edlico para rebases blandos y acondicionamiento de tejidos. GC Tissue Conditioner.\",\"breadcrumb\":{\"@id\":\"https:\\\/\\\/amedis.es\\\/tienda\\\/producto\\\/tissue-reposicion-polvo-rosa\\\/#breadcrumb\"},\"inLanguage\":\"es\",\"potentialAction\":[{\"@type\":\"ReadAction\",\"target\":[\"https:\\\/\\\/amedis.es\\\/tienda\\\/producto\\\/tissue-reposicion-polvo-rosa\\\/\"]}]},{\"@type\":\"ImageObject\",\"inLanguage\":\"es\",\"@id\":\"https:\\\/\\\/amedis.es\\\/tienda\\\/producto\\\/tissue-reposicion-polvo-rosa\\\/#primaryimage\",\"url\":\"https:\\\/\\\/amedis.es\\\/tienda\\\/wp-content\\\/uploads\\\/2021\\\/04\\\/TISSUE-REPOSICION-POLVO-ROSA.jpg\",\"contentUrl\":\"https:\\\/\\\/amedis.es\\\/tienda\\\/wp-content\\\/uploads\\\/2021\\\/04\\\/TISSUE-REPOSICION-POLVO-ROSA.jpg\",\"width\":600,\"height\":600,\"caption\":\"Amedis TISSUE REPOSICI\u00d3N POLVO ROSA\"},{\"@type\":\"BreadcrumbList\",\"@id\":\"https:\\\/\\\/amedis.es\\\/tienda\\\/producto\\\/tissue-reposicion-polvo-rosa\\\/#breadcrumb\",\"itemListElement\":[{\"@type\":\"ListItem\",\"position\":1,\"name\":\"Portada\",\"item\":\"https:\\\/\\\/amedis.es\\\/tienda\\\/\"},{\"@type\":\"ListItem\",\"position\":2,\"name\":\"Amedis | Suministros M\u00e9dicos y Dentales | Tienda\",\"item\":\"https:\\\/\\\/amedis.es\\\/tienda\\\/suministros-medicos-y-dentales\\\/\"},{\"@type\":\"ListItem\",\"position\":3,\"name\":\"TISSUE REPOSICI\u00d3N POLVO ROSA\"}]},{\"@type\":\"WebSite\",\"@id\":\"https:\\\/\\\/amedis.es\\\/tienda\\\/#website\",\"url\":\"https:\\\/\\\/amedis.es\\\/tienda\\\/\",\"name\":\"Amedis\",\"description\":\"Suministros M\u00e9dicos y Dentales\",\"publisher\":{\"@id\":\"https:\\\/\\\/amedis.es\\\/tienda\\\/#organization\"},\"potentialAction\":[{\"@type\":\"SearchAction\",\"target\":{\"@type\":\"EntryPoint\",\"urlTemplate\":\"https:\\\/\\\/amedis.es\\\/tienda\\\/?s={search_term_string}\"},\"query-input\":{\"@type\":\"PropertyValueSpecification\",\"valueRequired\":true,\"valueName\":\"search_term_string\"}}],\"inLanguage\":\"es\"},{\"@type\":\"Organization\",\"@id\":\"https:\\\/\\\/amedis.es\\\/tienda\\\/#organization\",\"name\":\"Amedis | Suministros M\u00e9dicos y Dentales\",\"url\":\"https:\\\/\\\/amedis.es\\\/tienda\\\/\",\"logo\":{\"@type\":\"ImageObject\",\"inLanguage\":\"es\",\"@id\":\"https:\\\/\\\/amedis.es\\\/tienda\\\/#\\\/schema\\\/logo\\\/image\\\/\",\"url\":\"https:\\\/\\\/amedis.es\\\/tienda\\\/wp-content\\\/uploads\\\/2020\\\/05\\\/logo-1.png\",\"contentUrl\":\"https:\\\/\\\/amedis.es\\\/tienda\\\/wp-content\\\/uploads\\\/2020\\\/05\\\/logo-1.png\",\"width\":191,\"height\":80,\"caption\":\"Amedis | Suministros M\u00e9dicos y Dentales\"},\"image\":{\"@id\":\"https:\\\/\\\/amedis.es\\\/tienda\\\/#\\\/schema\\\/logo\\\/image\\\/\"}}]}<\/script>\n<!-- \/ Yoast SEO plugin. -->","yoast_head_json":{"title":"TISSUE REPOSICI\u00d3N POLVO ROSA | Amedis","description":"Tissue reposici\u00f3n polvo rosa. Material acr\u00edlico para rebases blandos y acondicionamiento de tejidos. GC Tissue Conditioner.","robots":{"index":"index","follow":"follow","max-snippet":"max-snippet:-1","max-image-preview":"max-image-preview:large","max-video-preview":"max-video-preview:-1"},"canonical":"https:\/\/amedis.es\/tienda\/producto\/tissue-reposicion-polvo-rosa\/","og_locale":"es_ES","og_type":"article","og_title":"TISSUE REPOSICI\u00d3N POLVO ROSA | Amedis","og_description":"Tissue reposici\u00f3n polvo rosa. Material acr\u00edlico para rebases blandos y acondicionamiento de tejidos. GC Tissue Conditioner.","og_url":"https:\/\/amedis.es\/tienda\/producto\/tissue-reposicion-polvo-rosa\/","og_site_name":"Amedis","article_modified_time":"2025-11-01T20:26:01+00:00","og_image":[{"width":600,"height":600,"url":"https:\/\/amedis.es\/tienda\/wp-content\/uploads\/2021\/04\/TISSUE-REPOSICION-POLVO-ROSA.jpg","type":"image\/jpeg"}],"twitter_card":"summary_large_image","twitter_misc":{"Tiempo de lectura":"1 minuto"},"schema":{"@context":"https:\/\/schema.org","@graph":[{"@type":"WebPage","@id":"https:\/\/amedis.es\/tienda\/producto\/tissue-reposicion-polvo-rosa\/","url":"https:\/\/amedis.es\/tienda\/producto\/tissue-reposicion-polvo-rosa\/","name":"TISSUE REPOSICI\u00d3N POLVO ROSA | Amedis","isPartOf":{"@id":"https:\/\/amedis.es\/tienda\/#website"},"primaryImageOfPage":{"@id":"https:\/\/amedis.es\/tienda\/producto\/tissue-reposicion-polvo-rosa\/#primaryimage"},"image":{"@id":"https:\/\/amedis.es\/tienda\/producto\/tissue-reposicion-polvo-rosa\/#primaryimage"},"thumbnailUrl":"https:\/\/amedis.es\/tienda\/wp-content\/uploads\/2021\/04\/TISSUE-REPOSICION-POLVO-ROSA.jpg","datePublished":"2021-04-01T17:36:14+00:00","dateModified":"2025-11-01T20:26:01+00:00","description":"Tissue reposici\u00f3n polvo rosa. Material acr\u00edlico para rebases blandos y acondicionamiento de tejidos. GC Tissue Conditioner.","breadcrumb":{"@id":"https:\/\/amedis.es\/tienda\/producto\/tissue-reposicion-polvo-rosa\/#breadcrumb"},"inLanguage":"es","potentialAction":[{"@type":"ReadAction","target":["https:\/\/amedis.es\/tienda\/producto\/tissue-reposicion-polvo-rosa\/"]}]},{"@type":"ImageObject","inLanguage":"es","@id":"https:\/\/amedis.es\/tienda\/producto\/tissue-reposicion-polvo-rosa\/#primaryimage","url":"https:\/\/amedis.es\/tienda\/wp-content\/uploads\/2021\/04\/TISSUE-REPOSICION-POLVO-ROSA.jpg","contentUrl":"https:\/\/amedis.es\/tienda\/wp-content\/uploads\/2021\/04\/TISSUE-REPOSICION-POLVO-ROSA.jpg","width":600,"height":600,"caption":"Amedis TISSUE REPOSICI\u00d3N POLVO ROSA"},{"@type":"BreadcrumbList","@id":"https:\/\/amedis.es\/tienda\/producto\/tissue-reposicion-polvo-rosa\/#breadcrumb","itemListElement":[{"@type":"ListItem","position":1,"name":"Portada","item":"https:\/\/amedis.es\/tienda\/"},{"@type":"ListItem","position":2,"name":"Amedis | Suministros M\u00e9dicos y Dentales | Tienda","item":"https:\/\/amedis.es\/tienda\/suministros-medicos-y-dentales\/"},{"@type":"ListItem","position":3,"name":"TISSUE REPOSICI\u00d3N POLVO ROSA"}]},{"@type":"WebSite","@id":"https:\/\/amedis.es\/tienda\/#website","url":"https:\/\/amedis.es\/tienda\/","name":"Amedis","description":"Suministros M\u00e9dicos y Dentales","publisher":{"@id":"https:\/\/amedis.es\/tienda\/#organization"},"potentialAction":[{"@type":"SearchAction","target":{"@type":"EntryPoint","urlTemplate":"https:\/\/amedis.es\/tienda\/?s={search_term_string}"},"query-input":{"@type":"PropertyValueSpecification","valueRequired":true,"valueName":"search_term_string"}}],"inLanguage":"es"},{"@type":"Organization","@id":"https:\/\/amedis.es\/tienda\/#organization","name":"Amedis | Suministros M\u00e9dicos y Dentales","url":"https:\/\/amedis.es\/tienda\/","logo":{"@type":"ImageObject","inLanguage":"es","@id":"https:\/\/amedis.es\/tienda\/#\/schema\/logo\/image\/","url":"https:\/\/amedis.es\/tienda\/wp-content\/uploads\/2020\/05\/logo-1.png","contentUrl":"https:\/\/amedis.es\/tienda\/wp-content\/uploads\/2020\/05\/logo-1.png","width":191,"height":80,"caption":"Amedis | Suministros M\u00e9dicos y Dentales"},"image":{"@id":"https:\/\/amedis.es\/tienda\/#\/schema\/logo\/image\/"}}]}},"brands":[{"id":2351,"name":"GC","slug":"gc"}],"_links":{"self":[{"href":"https:\/\/amedis.es\/tienda\/wp-json\/wp\/v2\/product\/6746","targetHints":{"allow":["GET"]}}],"collection":[{"href":"https:\/\/amedis.es\/tienda\/wp-json\/wp\/v2\/product"}],"about":[{"href":"https:\/\/amedis.es\/tienda\/wp-json\/wp\/v2\/types\/product"}],"wp:featuredmedia":[{"embeddable":true,"href":"https:\/\/amedis.es\/tienda\/wp-json\/wp\/v2\/media\/6747"}],"wp:attachment":[{"href":"https:\/\/amedis.es\/tienda\/wp-json\/wp\/v2\/media?parent=6746"}],"wp:term":[{"taxonomy":"pwb-brand","embeddable":true,"href":"https:\/\/amedis.es\/tienda\/wp-json\/wp\/v2\/pwb-brand?post=6746"},{"taxonomy":"product_brand","embeddable":true,"href":"https:\/\/amedis.es\/tienda\/wp-json\/wp\/v2\/product_brand?post=6746"},{"taxonomy":"product_cat","embeddable":true,"href":"https:\/\/amedis.es\/tienda\/wp-json\/wp\/v2\/product_cat?post=6746"},{"taxonomy":"product_tag","embeddable":true,"href":"https:\/\/amedis.es\/tienda\/wp-json\/wp\/v2\/product_tag?post=6746"}],"curies":[{"name":"wp","href":"https:\/\/api.w.org\/{rel}","templated":true}]}}