{"id":6605,"date":"2021-03-28T21:22:06","date_gmt":"2021-03-28T21:22:06","guid":{"rendered":"https:\/\/amedis.es\/tienda\/?post_type=product&#038;p=6605"},"modified":"2025-11-25T19:43:04","modified_gmt":"2025-11-25T19:43:04","slug":"pola-night-50-jeringas","status":"publish","type":"product","link":"https:\/\/amedis.es\/tienda\/producto\/pola-night-50-jeringas\/","title":{"rendered":"POLA NIGHT 50 JERINGAS"},"content":{"rendered":"<p>Pola night. Sistema avanzado de blanqueamiento dental domiciliario a base de per\u00f3xido de carbamida. Liberador de fl\u00faor. Pola night incorpora aditivos especiales que minimizan la formaci\u00f3n de placa y permiten la remineralizaci\u00f3n para reducir la sensibilidad. El alto contenido en agua del gel reduce la deshidrataci\u00f3n del esmalte y disminuye la sensibilidad del paciente. La alta viscosidad del gel garantiza que pueda colocarse de forma segura y f\u00e1cil. Sabor agradable a menta. fresca y de larga duraci\u00f3n. Gu\u00eda de tratamiento:<\/p>\n<p>&#8211; Pola night 10% per\u00f3xido de carbamida de 2 h a toda la noche.<br \/>\n&#8211; Pola night 16% per\u00f3xido de carbamida de 90 min. a toda la noche.<\/p>\n<p>Caracter\u00edsticas:<\/p>\n<p>&#8211; Contiene desensibilizante<br \/>\n&#8211; Ph neutro<br \/>\n&#8211; Liberaci\u00f3n de fl\u00faor<br \/>\n&#8211; Sabor agradable de menta fresca y de larga duraci\u00f3n<br \/>\n&#8211; Con gu\u00eda de tratamiento<\/p>\n<p>VENTA EXCLUSIVA A ODONT\u00d3LOGOS<\/p>\n","protected":false},"excerpt":{"rendered":"<p>CONTENIDO: 50 jeringas x 1,3 g.<\/p>\n","protected":false},"featured_media":35706,"template":"","meta":[],"pwb-brand":[2367],"product_brand":[],"product_cat":[230,214],"product_tag":[],"class_list":{"0":"post-6605","1":"product","2":"type-product","3":"status-publish","4":"has-post-thumbnail","6":"pwb-brand-sdi","7":"product_cat-blanqueamiento-para-casa","8":"product_cat-prevencion-y-profilaxis","10":"first","11":"instock","12":"sale","13":"taxable","14":"shipping-taxable","15":"purchasable","16":"product-type-variable"},"yoast_head":"<!-- This site is optimized with the Yoast SEO plugin v27.4 - https:\/\/yoast.com\/product\/yoast-seo-wordpress\/ -->\n<title>POLA NIGHT 50 JERINGAS | Amedis | SDI AUSTRALIA<\/title>\n<meta name=\"description\" content=\"Pola night. Sistema avanzado de blanqueamiento dental domiciliario a base de per\u00f3xido de carbamida. Liberador de fl\u00faor.\" \/>\n<meta name=\"robots\" content=\"index, follow, max-snippet:-1, max-image-preview:large, max-video-preview:-1\" \/>\n<link rel=\"canonical\" href=\"https:\/\/amedis.es\/tienda\/producto\/pola-night-50-jeringas\/\" \/>\n<meta property=\"og:locale\" content=\"es_ES\" \/>\n<meta property=\"og:type\" content=\"article\" \/>\n<meta property=\"og:title\" content=\"POLA NIGHT 50 JERINGAS | Amedis | SDI AUSTRALIA\" \/>\n<meta property=\"og:description\" content=\"Pola night. Sistema avanzado de blanqueamiento dental domiciliario a base de per\u00f3xido de carbamida. Liberador de fl\u00faor.\" \/>\n<meta property=\"og:url\" content=\"https:\/\/amedis.es\/tienda\/producto\/pola-night-50-jeringas\/\" \/>\n<meta property=\"og:site_name\" content=\"Amedis\" \/>\n<meta property=\"article:modified_time\" content=\"2025-11-25T19:43:04+00:00\" \/>\n<meta property=\"og:image\" content=\"https:\/\/amedis.es\/tienda\/wp-content\/uploads\/2021\/03\/POLA-NIGHT-50-JERINGAS-1.jpg\" \/>\n\t<meta property=\"og:image:width\" content=\"600\" \/>\n\t<meta property=\"og:image:height\" content=\"600\" \/>\n\t<meta property=\"og:image:type\" content=\"image\/jpeg\" \/>\n<meta name=\"twitter:card\" content=\"summary_large_image\" \/>\n<meta name=\"twitter:label1\" content=\"Tiempo de lectura\" \/>\n\t<meta name=\"twitter:data1\" content=\"1 minuto\" \/>\n<script type=\"application\/ld+json\" class=\"yoast-schema-graph\">{\"@context\":\"https:\\\/\\\/schema.org\",\"@graph\":[{\"@type\":\"WebPage\",\"@id\":\"https:\\\/\\\/amedis.es\\\/tienda\\\/producto\\\/pola-night-50-jeringas\\\/\",\"url\":\"https:\\\/\\\/amedis.es\\\/tienda\\\/producto\\\/pola-night-50-jeringas\\\/\",\"name\":\"POLA NIGHT 50 JERINGAS | Amedis | SDI AUSTRALIA\",\"isPartOf\":{\"@id\":\"https:\\\/\\\/amedis.es\\\/tienda\\\/#website\"},\"primaryImageOfPage\":{\"@id\":\"https:\\\/\\\/amedis.es\\\/tienda\\\/producto\\\/pola-night-50-jeringas\\\/#primaryimage\"},\"image\":{\"@id\":\"https:\\\/\\\/amedis.es\\\/tienda\\\/producto\\\/pola-night-50-jeringas\\\/#primaryimage\"},\"thumbnailUrl\":\"https:\\\/\\\/amedis.es\\\/tienda\\\/wp-content\\\/uploads\\\/2021\\\/03\\\/POLA-NIGHT-50-JERINGAS-1.jpg\",\"datePublished\":\"2021-03-28T21:22:06+00:00\",\"dateModified\":\"2025-11-25T19:43:04+00:00\",\"description\":\"Pola night. Sistema avanzado de blanqueamiento dental domiciliario a base de per\u00f3xido de carbamida. Liberador de fl\u00faor.\",\"breadcrumb\":{\"@id\":\"https:\\\/\\\/amedis.es\\\/tienda\\\/producto\\\/pola-night-50-jeringas\\\/#breadcrumb\"},\"inLanguage\":\"es\",\"potentialAction\":[{\"@type\":\"ReadAction\",\"target\":[\"https:\\\/\\\/amedis.es\\\/tienda\\\/producto\\\/pola-night-50-jeringas\\\/\"]}]},{\"@type\":\"ImageObject\",\"inLanguage\":\"es\",\"@id\":\"https:\\\/\\\/amedis.es\\\/tienda\\\/producto\\\/pola-night-50-jeringas\\\/#primaryimage\",\"url\":\"https:\\\/\\\/amedis.es\\\/tienda\\\/wp-content\\\/uploads\\\/2021\\\/03\\\/POLA-NIGHT-50-JERINGAS-1.jpg\",\"contentUrl\":\"https:\\\/\\\/amedis.es\\\/tienda\\\/wp-content\\\/uploads\\\/2021\\\/03\\\/POLA-NIGHT-50-JERINGAS-1.jpg\",\"width\":600,\"height\":600,\"caption\":\"Amedis POLA NIGHT 50 JERINGAS\"},{\"@type\":\"BreadcrumbList\",\"@id\":\"https:\\\/\\\/amedis.es\\\/tienda\\\/producto\\\/pola-night-50-jeringas\\\/#breadcrumb\",\"itemListElement\":[{\"@type\":\"ListItem\",\"position\":1,\"name\":\"Portada\",\"item\":\"https:\\\/\\\/amedis.es\\\/tienda\\\/\"},{\"@type\":\"ListItem\",\"position\":2,\"name\":\"Amedis | Suministros M\u00e9dicos y Dentales | Tienda\",\"item\":\"https:\\\/\\\/amedis.es\\\/tienda\\\/suministros-medicos-y-dentales\\\/\"},{\"@type\":\"ListItem\",\"position\":3,\"name\":\"POLA NIGHT 50 JERINGAS\"}]},{\"@type\":\"WebSite\",\"@id\":\"https:\\\/\\\/amedis.es\\\/tienda\\\/#website\",\"url\":\"https:\\\/\\\/amedis.es\\\/tienda\\\/\",\"name\":\"Amedis\",\"description\":\"Suministros M\u00e9dicos y Dentales\",\"publisher\":{\"@id\":\"https:\\\/\\\/amedis.es\\\/tienda\\\/#organization\"},\"potentialAction\":[{\"@type\":\"SearchAction\",\"target\":{\"@type\":\"EntryPoint\",\"urlTemplate\":\"https:\\\/\\\/amedis.es\\\/tienda\\\/?s={search_term_string}\"},\"query-input\":{\"@type\":\"PropertyValueSpecification\",\"valueRequired\":true,\"valueName\":\"search_term_string\"}}],\"inLanguage\":\"es\"},{\"@type\":\"Organization\",\"@id\":\"https:\\\/\\\/amedis.es\\\/tienda\\\/#organization\",\"name\":\"Amedis | Suministros M\u00e9dicos y Dentales\",\"url\":\"https:\\\/\\\/amedis.es\\\/tienda\\\/\",\"logo\":{\"@type\":\"ImageObject\",\"inLanguage\":\"es\",\"@id\":\"https:\\\/\\\/amedis.es\\\/tienda\\\/#\\\/schema\\\/logo\\\/image\\\/\",\"url\":\"https:\\\/\\\/amedis.es\\\/tienda\\\/wp-content\\\/uploads\\\/2020\\\/05\\\/logo-1.png\",\"contentUrl\":\"https:\\\/\\\/amedis.es\\\/tienda\\\/wp-content\\\/uploads\\\/2020\\\/05\\\/logo-1.png\",\"width\":191,\"height\":80,\"caption\":\"Amedis | Suministros M\u00e9dicos y Dentales\"},\"image\":{\"@id\":\"https:\\\/\\\/amedis.es\\\/tienda\\\/#\\\/schema\\\/logo\\\/image\\\/\"}}]}<\/script>\n<!-- \/ Yoast SEO plugin. -->","yoast_head_json":{"title":"POLA NIGHT 50 JERINGAS | Amedis | SDI AUSTRALIA","description":"Pola night. Sistema avanzado de blanqueamiento dental domiciliario a base de per\u00f3xido de carbamida. Liberador de fl\u00faor.","robots":{"index":"index","follow":"follow","max-snippet":"max-snippet:-1","max-image-preview":"max-image-preview:large","max-video-preview":"max-video-preview:-1"},"canonical":"https:\/\/amedis.es\/tienda\/producto\/pola-night-50-jeringas\/","og_locale":"es_ES","og_type":"article","og_title":"POLA NIGHT 50 JERINGAS | Amedis | SDI AUSTRALIA","og_description":"Pola night. Sistema avanzado de blanqueamiento dental domiciliario a base de per\u00f3xido de carbamida. Liberador de fl\u00faor.","og_url":"https:\/\/amedis.es\/tienda\/producto\/pola-night-50-jeringas\/","og_site_name":"Amedis","article_modified_time":"2025-11-25T19:43:04+00:00","og_image":[{"width":600,"height":600,"url":"https:\/\/amedis.es\/tienda\/wp-content\/uploads\/2021\/03\/POLA-NIGHT-50-JERINGAS-1.jpg","type":"image\/jpeg"}],"twitter_card":"summary_large_image","twitter_misc":{"Tiempo de lectura":"1 minuto"},"schema":{"@context":"https:\/\/schema.org","@graph":[{"@type":"WebPage","@id":"https:\/\/amedis.es\/tienda\/producto\/pola-night-50-jeringas\/","url":"https:\/\/amedis.es\/tienda\/producto\/pola-night-50-jeringas\/","name":"POLA NIGHT 50 JERINGAS | Amedis | SDI AUSTRALIA","isPartOf":{"@id":"https:\/\/amedis.es\/tienda\/#website"},"primaryImageOfPage":{"@id":"https:\/\/amedis.es\/tienda\/producto\/pola-night-50-jeringas\/#primaryimage"},"image":{"@id":"https:\/\/amedis.es\/tienda\/producto\/pola-night-50-jeringas\/#primaryimage"},"thumbnailUrl":"https:\/\/amedis.es\/tienda\/wp-content\/uploads\/2021\/03\/POLA-NIGHT-50-JERINGAS-1.jpg","datePublished":"2021-03-28T21:22:06+00:00","dateModified":"2025-11-25T19:43:04+00:00","description":"Pola night. Sistema avanzado de blanqueamiento dental domiciliario a base de per\u00f3xido de carbamida. Liberador de fl\u00faor.","breadcrumb":{"@id":"https:\/\/amedis.es\/tienda\/producto\/pola-night-50-jeringas\/#breadcrumb"},"inLanguage":"es","potentialAction":[{"@type":"ReadAction","target":["https:\/\/amedis.es\/tienda\/producto\/pola-night-50-jeringas\/"]}]},{"@type":"ImageObject","inLanguage":"es","@id":"https:\/\/amedis.es\/tienda\/producto\/pola-night-50-jeringas\/#primaryimage","url":"https:\/\/amedis.es\/tienda\/wp-content\/uploads\/2021\/03\/POLA-NIGHT-50-JERINGAS-1.jpg","contentUrl":"https:\/\/amedis.es\/tienda\/wp-content\/uploads\/2021\/03\/POLA-NIGHT-50-JERINGAS-1.jpg","width":600,"height":600,"caption":"Amedis POLA NIGHT 50 JERINGAS"},{"@type":"BreadcrumbList","@id":"https:\/\/amedis.es\/tienda\/producto\/pola-night-50-jeringas\/#breadcrumb","itemListElement":[{"@type":"ListItem","position":1,"name":"Portada","item":"https:\/\/amedis.es\/tienda\/"},{"@type":"ListItem","position":2,"name":"Amedis | Suministros M\u00e9dicos y Dentales | Tienda","item":"https:\/\/amedis.es\/tienda\/suministros-medicos-y-dentales\/"},{"@type":"ListItem","position":3,"name":"POLA NIGHT 50 JERINGAS"}]},{"@type":"WebSite","@id":"https:\/\/amedis.es\/tienda\/#website","url":"https:\/\/amedis.es\/tienda\/","name":"Amedis","description":"Suministros M\u00e9dicos y Dentales","publisher":{"@id":"https:\/\/amedis.es\/tienda\/#organization"},"potentialAction":[{"@type":"SearchAction","target":{"@type":"EntryPoint","urlTemplate":"https:\/\/amedis.es\/tienda\/?s={search_term_string}"},"query-input":{"@type":"PropertyValueSpecification","valueRequired":true,"valueName":"search_term_string"}}],"inLanguage":"es"},{"@type":"Organization","@id":"https:\/\/amedis.es\/tienda\/#organization","name":"Amedis | Suministros M\u00e9dicos y Dentales","url":"https:\/\/amedis.es\/tienda\/","logo":{"@type":"ImageObject","inLanguage":"es","@id":"https:\/\/amedis.es\/tienda\/#\/schema\/logo\/image\/","url":"https:\/\/amedis.es\/tienda\/wp-content\/uploads\/2020\/05\/logo-1.png","contentUrl":"https:\/\/amedis.es\/tienda\/wp-content\/uploads\/2020\/05\/logo-1.png","width":191,"height":80,"caption":"Amedis | Suministros M\u00e9dicos y Dentales"},"image":{"@id":"https:\/\/amedis.es\/tienda\/#\/schema\/logo\/image\/"}}]}},"brands":[{"id":2367,"name":"SDI","slug":"sdi"}],"_links":{"self":[{"href":"https:\/\/amedis.es\/tienda\/wp-json\/wp\/v2\/product\/6605","targetHints":{"allow":["GET"]}}],"collection":[{"href":"https:\/\/amedis.es\/tienda\/wp-json\/wp\/v2\/product"}],"about":[{"href":"https:\/\/amedis.es\/tienda\/wp-json\/wp\/v2\/types\/product"}],"wp:featuredmedia":[{"embeddable":true,"href":"https:\/\/amedis.es\/tienda\/wp-json\/wp\/v2\/media\/35706"}],"wp:attachment":[{"href":"https:\/\/amedis.es\/tienda\/wp-json\/wp\/v2\/media?parent=6605"}],"wp:term":[{"taxonomy":"pwb-brand","embeddable":true,"href":"https:\/\/amedis.es\/tienda\/wp-json\/wp\/v2\/pwb-brand?post=6605"},{"taxonomy":"product_brand","embeddable":true,"href":"https:\/\/amedis.es\/tienda\/wp-json\/wp\/v2\/product_brand?post=6605"},{"taxonomy":"product_cat","embeddable":true,"href":"https:\/\/amedis.es\/tienda\/wp-json\/wp\/v2\/product_cat?post=6605"},{"taxonomy":"product_tag","embeddable":true,"href":"https:\/\/amedis.es\/tienda\/wp-json\/wp\/v2\/product_tag?post=6605"}],"curies":[{"name":"wp","href":"https:\/\/api.w.org\/{rel}","templated":true}]}}