{"id":6582,"date":"2021-03-28T20:23:22","date_gmt":"2021-03-28T20:23:22","guid":{"rendered":"https:\/\/amedis.es\/tienda\/?post_type=product&#038;p=6582"},"modified":"2025-05-05T16:03:19","modified_gmt":"2025-05-05T16:03:19","slug":"ilumine-home-patient-kit","status":"publish","type":"product","link":"https:\/\/amedis.es\/tienda\/producto\/ilumine-home-patient-kit\/","title":{"rendered":"ILUMIN\u00c9 HOME PATIENT KIT"},"content":{"rendered":"<p>Ilumin\u00e9 home patient kit. Sistema innovador de blanqueamiento dental. Con las nuevas propiedades de su revolucionario material Illumin\u00e9 Office crea un nuevo est\u00e1ndar en terapia de blanqueamiento. La presentaci\u00f3n Illumine Office contiene una combinaci\u00f3n \u00fanica de per\u00f3xido de hidr\u00f3geno y polvo de mezcla. El producto mezclado contiene 15% de per\u00f3xido de hidr\u00f3geno activo. Illumine Office se puede utilizar como un tratamiento intensivo previo a 3 d\u00edas de tratamiento en casa con Illumine Home como un blanqueamiento posterior al de casa y como tratamiento intensivo \u00fanico (1-3 sesiones). La consistencia semis\u00f3lida del material tras la mezcla permite un tratamiento eficiente sin producir irritaci\u00f3n gingival alguna. La consistencia gomosa final del material facilita su f\u00e1cil limpieza tras el tratamiento.<\/p>\n<p>VENTA EXCLUSIVA A ODONT\u00d3LOGOS<\/p>\n","protected":false},"excerpt":{"rendered":"<p>CONTENIDO: 3 Jeringas x 3 ml. + Porta f\u00e9rulas + Neceser.<\/p>\n","protected":false},"featured_media":6583,"template":"","meta":[],"pwb-brand":[2355],"product_brand":[],"product_cat":[230,214],"product_tag":[],"class_list":{"0":"post-6582","1":"product","2":"type-product","3":"status-publish","4":"has-post-thumbnail","6":"pwb-brand-dentsply","7":"product_cat-blanqueamiento-para-casa","8":"product_cat-prevencion-y-profilaxis","10":"first","11":"instock","12":"sale","13":"taxable","14":"shipping-taxable","15":"purchasable","16":"product-type-variable"},"yoast_head":"<!-- This site is optimized with the Yoast SEO plugin v27.4 - https:\/\/yoast.com\/product\/yoast-seo-wordpress\/ -->\n<title>ILUMIN\u00c9 HOME PATIENT KIT | Amedis | DENTSPLY<\/title>\n<meta name=\"description\" content=\"Ilumin\u00e9 home patient kit. Sistema innovador de blanqueamiento dental. Con las nuevas propiedades de su revolucionario material.\" \/>\n<meta name=\"robots\" content=\"index, follow, max-snippet:-1, max-image-preview:large, max-video-preview:-1\" \/>\n<link rel=\"canonical\" href=\"https:\/\/amedis.es\/tienda\/producto\/ilumine-home-patient-kit\/\" \/>\n<meta property=\"og:locale\" content=\"es_ES\" \/>\n<meta property=\"og:type\" content=\"article\" \/>\n<meta property=\"og:title\" content=\"ILUMIN\u00c9 HOME PATIENT KIT | Amedis | DENTSPLY\" \/>\n<meta property=\"og:description\" content=\"Ilumin\u00e9 home patient kit. Sistema innovador de blanqueamiento dental. Con las nuevas propiedades de su revolucionario material.\" \/>\n<meta property=\"og:url\" content=\"https:\/\/amedis.es\/tienda\/producto\/ilumine-home-patient-kit\/\" \/>\n<meta property=\"og:site_name\" content=\"Amedis\" \/>\n<meta property=\"article:modified_time\" content=\"2025-05-05T16:03:19+00:00\" \/>\n<meta property=\"og:image\" content=\"https:\/\/amedis.es\/tienda\/wp-content\/uploads\/2021\/03\/ILUMINE-HOME-PATIENT-KIT.jpg\" \/>\n\t<meta property=\"og:image:width\" content=\"600\" \/>\n\t<meta property=\"og:image:height\" content=\"600\" \/>\n\t<meta property=\"og:image:type\" content=\"image\/jpeg\" \/>\n<meta name=\"twitter:card\" content=\"summary_large_image\" \/>\n<meta name=\"twitter:label1\" content=\"Tiempo de lectura\" \/>\n\t<meta name=\"twitter:data1\" content=\"1 minuto\" \/>\n<script type=\"application\/ld+json\" class=\"yoast-schema-graph\">{\"@context\":\"https:\\\/\\\/schema.org\",\"@graph\":[{\"@type\":\"WebPage\",\"@id\":\"https:\\\/\\\/amedis.es\\\/tienda\\\/producto\\\/ilumine-home-patient-kit\\\/\",\"url\":\"https:\\\/\\\/amedis.es\\\/tienda\\\/producto\\\/ilumine-home-patient-kit\\\/\",\"name\":\"ILUMIN\u00c9 HOME PATIENT KIT | Amedis | DENTSPLY\",\"isPartOf\":{\"@id\":\"https:\\\/\\\/amedis.es\\\/tienda\\\/#website\"},\"primaryImageOfPage\":{\"@id\":\"https:\\\/\\\/amedis.es\\\/tienda\\\/producto\\\/ilumine-home-patient-kit\\\/#primaryimage\"},\"image\":{\"@id\":\"https:\\\/\\\/amedis.es\\\/tienda\\\/producto\\\/ilumine-home-patient-kit\\\/#primaryimage\"},\"thumbnailUrl\":\"https:\\\/\\\/amedis.es\\\/tienda\\\/wp-content\\\/uploads\\\/2021\\\/03\\\/ILUMINE-HOME-PATIENT-KIT.jpg\",\"datePublished\":\"2021-03-28T20:23:22+00:00\",\"dateModified\":\"2025-05-05T16:03:19+00:00\",\"description\":\"Ilumin\u00e9 home patient kit. Sistema innovador de blanqueamiento dental. Con las nuevas propiedades de su revolucionario material.\",\"breadcrumb\":{\"@id\":\"https:\\\/\\\/amedis.es\\\/tienda\\\/producto\\\/ilumine-home-patient-kit\\\/#breadcrumb\"},\"inLanguage\":\"es\",\"potentialAction\":[{\"@type\":\"ReadAction\",\"target\":[\"https:\\\/\\\/amedis.es\\\/tienda\\\/producto\\\/ilumine-home-patient-kit\\\/\"]}]},{\"@type\":\"ImageObject\",\"inLanguage\":\"es\",\"@id\":\"https:\\\/\\\/amedis.es\\\/tienda\\\/producto\\\/ilumine-home-patient-kit\\\/#primaryimage\",\"url\":\"https:\\\/\\\/amedis.es\\\/tienda\\\/wp-content\\\/uploads\\\/2021\\\/03\\\/ILUMINE-HOME-PATIENT-KIT.jpg\",\"contentUrl\":\"https:\\\/\\\/amedis.es\\\/tienda\\\/wp-content\\\/uploads\\\/2021\\\/03\\\/ILUMINE-HOME-PATIENT-KIT.jpg\",\"width\":600,\"height\":600,\"caption\":\"Amedis ILUMIN\u00c9 HOME PATIENT KIT\"},{\"@type\":\"BreadcrumbList\",\"@id\":\"https:\\\/\\\/amedis.es\\\/tienda\\\/producto\\\/ilumine-home-patient-kit\\\/#breadcrumb\",\"itemListElement\":[{\"@type\":\"ListItem\",\"position\":1,\"name\":\"Portada\",\"item\":\"https:\\\/\\\/amedis.es\\\/tienda\\\/\"},{\"@type\":\"ListItem\",\"position\":2,\"name\":\"Amedis | Suministros M\u00e9dicos y Dentales | Tienda\",\"item\":\"https:\\\/\\\/amedis.es\\\/tienda\\\/suministros-medicos-y-dentales\\\/\"},{\"@type\":\"ListItem\",\"position\":3,\"name\":\"ILUMIN\u00c9 HOME PATIENT KIT\"}]},{\"@type\":\"WebSite\",\"@id\":\"https:\\\/\\\/amedis.es\\\/tienda\\\/#website\",\"url\":\"https:\\\/\\\/amedis.es\\\/tienda\\\/\",\"name\":\"Amedis\",\"description\":\"Suministros M\u00e9dicos y Dentales\",\"publisher\":{\"@id\":\"https:\\\/\\\/amedis.es\\\/tienda\\\/#organization\"},\"potentialAction\":[{\"@type\":\"SearchAction\",\"target\":{\"@type\":\"EntryPoint\",\"urlTemplate\":\"https:\\\/\\\/amedis.es\\\/tienda\\\/?s={search_term_string}\"},\"query-input\":{\"@type\":\"PropertyValueSpecification\",\"valueRequired\":true,\"valueName\":\"search_term_string\"}}],\"inLanguage\":\"es\"},{\"@type\":\"Organization\",\"@id\":\"https:\\\/\\\/amedis.es\\\/tienda\\\/#organization\",\"name\":\"Amedis | Suministros M\u00e9dicos y Dentales\",\"url\":\"https:\\\/\\\/amedis.es\\\/tienda\\\/\",\"logo\":{\"@type\":\"ImageObject\",\"inLanguage\":\"es\",\"@id\":\"https:\\\/\\\/amedis.es\\\/tienda\\\/#\\\/schema\\\/logo\\\/image\\\/\",\"url\":\"https:\\\/\\\/amedis.es\\\/tienda\\\/wp-content\\\/uploads\\\/2020\\\/05\\\/logo-1.png\",\"contentUrl\":\"https:\\\/\\\/amedis.es\\\/tienda\\\/wp-content\\\/uploads\\\/2020\\\/05\\\/logo-1.png\",\"width\":191,\"height\":80,\"caption\":\"Amedis | Suministros M\u00e9dicos y Dentales\"},\"image\":{\"@id\":\"https:\\\/\\\/amedis.es\\\/tienda\\\/#\\\/schema\\\/logo\\\/image\\\/\"}}]}<\/script>\n<!-- \/ Yoast SEO plugin. -->","yoast_head_json":{"title":"ILUMIN\u00c9 HOME PATIENT KIT | Amedis | DENTSPLY","description":"Ilumin\u00e9 home patient kit. Sistema innovador de blanqueamiento dental. Con las nuevas propiedades de su revolucionario material.","robots":{"index":"index","follow":"follow","max-snippet":"max-snippet:-1","max-image-preview":"max-image-preview:large","max-video-preview":"max-video-preview:-1"},"canonical":"https:\/\/amedis.es\/tienda\/producto\/ilumine-home-patient-kit\/","og_locale":"es_ES","og_type":"article","og_title":"ILUMIN\u00c9 HOME PATIENT KIT | Amedis | DENTSPLY","og_description":"Ilumin\u00e9 home patient kit. Sistema innovador de blanqueamiento dental. Con las nuevas propiedades de su revolucionario material.","og_url":"https:\/\/amedis.es\/tienda\/producto\/ilumine-home-patient-kit\/","og_site_name":"Amedis","article_modified_time":"2025-05-05T16:03:19+00:00","og_image":[{"width":600,"height":600,"url":"https:\/\/amedis.es\/tienda\/wp-content\/uploads\/2021\/03\/ILUMINE-HOME-PATIENT-KIT.jpg","type":"image\/jpeg"}],"twitter_card":"summary_large_image","twitter_misc":{"Tiempo de lectura":"1 minuto"},"schema":{"@context":"https:\/\/schema.org","@graph":[{"@type":"WebPage","@id":"https:\/\/amedis.es\/tienda\/producto\/ilumine-home-patient-kit\/","url":"https:\/\/amedis.es\/tienda\/producto\/ilumine-home-patient-kit\/","name":"ILUMIN\u00c9 HOME PATIENT KIT | Amedis | DENTSPLY","isPartOf":{"@id":"https:\/\/amedis.es\/tienda\/#website"},"primaryImageOfPage":{"@id":"https:\/\/amedis.es\/tienda\/producto\/ilumine-home-patient-kit\/#primaryimage"},"image":{"@id":"https:\/\/amedis.es\/tienda\/producto\/ilumine-home-patient-kit\/#primaryimage"},"thumbnailUrl":"https:\/\/amedis.es\/tienda\/wp-content\/uploads\/2021\/03\/ILUMINE-HOME-PATIENT-KIT.jpg","datePublished":"2021-03-28T20:23:22+00:00","dateModified":"2025-05-05T16:03:19+00:00","description":"Ilumin\u00e9 home patient kit. Sistema innovador de blanqueamiento dental. Con las nuevas propiedades de su revolucionario material.","breadcrumb":{"@id":"https:\/\/amedis.es\/tienda\/producto\/ilumine-home-patient-kit\/#breadcrumb"},"inLanguage":"es","potentialAction":[{"@type":"ReadAction","target":["https:\/\/amedis.es\/tienda\/producto\/ilumine-home-patient-kit\/"]}]},{"@type":"ImageObject","inLanguage":"es","@id":"https:\/\/amedis.es\/tienda\/producto\/ilumine-home-patient-kit\/#primaryimage","url":"https:\/\/amedis.es\/tienda\/wp-content\/uploads\/2021\/03\/ILUMINE-HOME-PATIENT-KIT.jpg","contentUrl":"https:\/\/amedis.es\/tienda\/wp-content\/uploads\/2021\/03\/ILUMINE-HOME-PATIENT-KIT.jpg","width":600,"height":600,"caption":"Amedis ILUMIN\u00c9 HOME PATIENT KIT"},{"@type":"BreadcrumbList","@id":"https:\/\/amedis.es\/tienda\/producto\/ilumine-home-patient-kit\/#breadcrumb","itemListElement":[{"@type":"ListItem","position":1,"name":"Portada","item":"https:\/\/amedis.es\/tienda\/"},{"@type":"ListItem","position":2,"name":"Amedis | Suministros M\u00e9dicos y Dentales | Tienda","item":"https:\/\/amedis.es\/tienda\/suministros-medicos-y-dentales\/"},{"@type":"ListItem","position":3,"name":"ILUMIN\u00c9 HOME PATIENT KIT"}]},{"@type":"WebSite","@id":"https:\/\/amedis.es\/tienda\/#website","url":"https:\/\/amedis.es\/tienda\/","name":"Amedis","description":"Suministros M\u00e9dicos y Dentales","publisher":{"@id":"https:\/\/amedis.es\/tienda\/#organization"},"potentialAction":[{"@type":"SearchAction","target":{"@type":"EntryPoint","urlTemplate":"https:\/\/amedis.es\/tienda\/?s={search_term_string}"},"query-input":{"@type":"PropertyValueSpecification","valueRequired":true,"valueName":"search_term_string"}}],"inLanguage":"es"},{"@type":"Organization","@id":"https:\/\/amedis.es\/tienda\/#organization","name":"Amedis | Suministros M\u00e9dicos y Dentales","url":"https:\/\/amedis.es\/tienda\/","logo":{"@type":"ImageObject","inLanguage":"es","@id":"https:\/\/amedis.es\/tienda\/#\/schema\/logo\/image\/","url":"https:\/\/amedis.es\/tienda\/wp-content\/uploads\/2020\/05\/logo-1.png","contentUrl":"https:\/\/amedis.es\/tienda\/wp-content\/uploads\/2020\/05\/logo-1.png","width":191,"height":80,"caption":"Amedis | Suministros M\u00e9dicos y Dentales"},"image":{"@id":"https:\/\/amedis.es\/tienda\/#\/schema\/logo\/image\/"}}]}},"brands":[{"id":2355,"name":"DENTSPLY","slug":"dentsply"}],"_links":{"self":[{"href":"https:\/\/amedis.es\/tienda\/wp-json\/wp\/v2\/product\/6582","targetHints":{"allow":["GET"]}}],"collection":[{"href":"https:\/\/amedis.es\/tienda\/wp-json\/wp\/v2\/product"}],"about":[{"href":"https:\/\/amedis.es\/tienda\/wp-json\/wp\/v2\/types\/product"}],"wp:featuredmedia":[{"embeddable":true,"href":"https:\/\/amedis.es\/tienda\/wp-json\/wp\/v2\/media\/6583"}],"wp:attachment":[{"href":"https:\/\/amedis.es\/tienda\/wp-json\/wp\/v2\/media?parent=6582"}],"wp:term":[{"taxonomy":"pwb-brand","embeddable":true,"href":"https:\/\/amedis.es\/tienda\/wp-json\/wp\/v2\/pwb-brand?post=6582"},{"taxonomy":"product_brand","embeddable":true,"href":"https:\/\/amedis.es\/tienda\/wp-json\/wp\/v2\/product_brand?post=6582"},{"taxonomy":"product_cat","embeddable":true,"href":"https:\/\/amedis.es\/tienda\/wp-json\/wp\/v2\/product_cat?post=6582"},{"taxonomy":"product_tag","embeddable":true,"href":"https:\/\/amedis.es\/tienda\/wp-json\/wp\/v2\/product_tag?post=6582"}],"curies":[{"name":"wp","href":"https:\/\/api.w.org\/{rel}","templated":true}]}}