{"id":6344,"date":"2021-03-23T16:25:56","date_gmt":"2021-03-23T16:25:56","guid":{"rendered":"https:\/\/amedis.es\/tienda\/?post_type=product&#038;p=6344"},"modified":"2025-04-22T14:30:20","modified_gmt":"2025-04-22T14:30:20","slug":"carbopost-kit-surtido","status":"publish","type":"product","link":"https:\/\/amedis.es\/tienda\/producto\/carbopost-kit-surtido\/","title":{"rendered":"CARBOPOST KIT SURTIDO"},"content":{"rendered":"<p>Carbopost kit surtido. Los Carbopost de Abrasive Technology son postes de fibra reforzada. Estos postes est\u00e1n compuestos 60% de fibra de carbono reforzadas con un 40% de resina epoxi. Indicados para la reconstrucci\u00f3n de dientes tras una endodoncia. Es la opci\u00f3n ideal para restauraciones libres de metal. Estos postes han demostrado tener el mismo comportamiento mec\u00e1nico que los postes de metal. Tan resistentes como ellos pero a la vez reducen el esfuerzo ya que transmiten el estr\u00e9s de una manera progresiva y regular a toda la superficie recubierta. Con forma anat\u00f3mica, codificados por colores.<\/p>\n<p>Los postes Carbopost absorben los impactos y tienen una alta resistencia a la fatiga. Biocompatible y libre de corrosi\u00f3n. Radiopaco. Esterilizables en autoclave hasta 135\u00baC. Carbopost posee unas cualidades adhesivas superiores, provocando una uni\u00f3n real entre el poste, el diente y el producto.<\/p>\n<p>CARACTERISTICAS<\/p>\n<p>\u2013 Postes de fibra de carbono reforzada.<br \/>\n\u2013 60% fibra de carbono + 40% resina epoxi.<br \/>\n\u2013 Para la reconstrucci\u00f3n de dientes tras una endodoncia.<br \/>\n\u2013 Transmite el estr\u00e9s de forma progresiva y regular.<br \/>\n\u2013 Forma anat\u00f3mica.<br \/>\n\u2013 Codificados por colores.<br \/>\n\u2013 Absorben los impactos.<br \/>\n\u2013 Alta resistencia a la fatiga.<br \/>\n\u2013 Biocompatible y libre de corrosi\u00f3n.<br \/>\n\u2013 Radiopaco.<br \/>\n\u2013 Autoclavable hasta 135\u00baC.<br \/>\n\u2013 Cualidades adhesivas superiores.<\/p>\n","protected":false},"excerpt":{"rendered":"<p>CONTENIDO: 20 unidades + 4 taladros.<\/p>\n","protected":false},"featured_media":6345,"template":"","meta":[],"pwb-brand":[2404],"product_brand":[],"product_cat":[207,212],"product_tag":[],"class_list":{"0":"post-6344","1":"product","2":"type-product","3":"status-publish","4":"has-post-thumbnail","6":"pwb-brand-carbotech","7":"product_cat-postes","8":"product_cat-postes-de-carbono","10":"first","11":"instock","12":"sale","13":"taxable","14":"shipping-taxable","15":"purchasable","16":"product-type-simple"},"yoast_head":"<!-- This site is optimized with the Yoast SEO plugin v27.4 - https:\/\/yoast.com\/product\/yoast-seo-wordpress\/ -->\n<title>CARBOPOST KIT SURTIDO | Amedis<\/title>\n<meta name=\"description\" content=\"Carbopost kit surtido 20 und. + 4 taladros. Los Carbopost de Abrasive Technology son postes de fibra reforzada.\" \/>\n<meta name=\"robots\" content=\"index, follow, max-snippet:-1, max-image-preview:large, max-video-preview:-1\" \/>\n<link rel=\"canonical\" href=\"https:\/\/amedis.es\/tienda\/?product=carbopost-kit-surtido\" \/>\n<meta property=\"og:locale\" content=\"es_ES\" \/>\n<meta property=\"og:type\" content=\"article\" \/>\n<meta property=\"og:title\" content=\"CARBOPOST KIT SURTIDO | Amedis\" \/>\n<meta property=\"og:description\" content=\"Carbopost kit surtido 20 und. + 4 taladros. Los Carbopost de Abrasive Technology son postes de fibra reforzada.\" \/>\n<meta property=\"og:url\" content=\"https:\/\/amedis.es\/tienda\/?product=carbopost-kit-surtido\" \/>\n<meta property=\"og:site_name\" content=\"Amedis\" \/>\n<meta property=\"article:modified_time\" content=\"2025-04-22T14:30:20+00:00\" \/>\n<meta property=\"og:image\" content=\"https:\/\/amedis.es\/tienda\/wp-content\/uploads\/2021\/03\/CARBOPOST-KIT-SURTIDO-20-und.-4-TALADROS.jpg\" \/>\n\t<meta property=\"og:image:width\" content=\"600\" \/>\n\t<meta property=\"og:image:height\" content=\"600\" \/>\n\t<meta property=\"og:image:type\" content=\"image\/jpeg\" \/>\n<meta name=\"twitter:card\" content=\"summary_large_image\" \/>\n<meta name=\"twitter:label1\" content=\"Tiempo de lectura\" \/>\n\t<meta name=\"twitter:data1\" content=\"2 minutos\" \/>\n<script type=\"application\/ld+json\" class=\"yoast-schema-graph\">{\"@context\":\"https:\\\/\\\/schema.org\",\"@graph\":[{\"@type\":\"WebPage\",\"@id\":\"https:\\\/\\\/amedis.es\\\/tienda\\\/?product=carbopost-kit-surtido\",\"url\":\"https:\\\/\\\/amedis.es\\\/tienda\\\/?product=carbopost-kit-surtido\",\"name\":\"CARBOPOST KIT SURTIDO | Amedis\",\"isPartOf\":{\"@id\":\"https:\\\/\\\/amedis.es\\\/tienda\\\/#website\"},\"primaryImageOfPage\":{\"@id\":\"https:\\\/\\\/amedis.es\\\/tienda\\\/?product=carbopost-kit-surtido#primaryimage\"},\"image\":{\"@id\":\"https:\\\/\\\/amedis.es\\\/tienda\\\/?product=carbopost-kit-surtido#primaryimage\"},\"thumbnailUrl\":\"https:\\\/\\\/amedis.es\\\/tienda\\\/wp-content\\\/uploads\\\/2021\\\/03\\\/CARBOPOST-KIT-SURTIDO-20-und.-4-TALADROS.jpg\",\"datePublished\":\"2021-03-23T16:25:56+00:00\",\"dateModified\":\"2025-04-22T14:30:20+00:00\",\"description\":\"Carbopost kit surtido 20 und. + 4 taladros. Los Carbopost de Abrasive Technology son postes de fibra reforzada.\",\"breadcrumb\":{\"@id\":\"https:\\\/\\\/amedis.es\\\/tienda\\\/?product=carbopost-kit-surtido#breadcrumb\"},\"inLanguage\":\"es\",\"potentialAction\":[{\"@type\":\"ReadAction\",\"target\":[\"https:\\\/\\\/amedis.es\\\/tienda\\\/?product=carbopost-kit-surtido\"]}]},{\"@type\":\"ImageObject\",\"inLanguage\":\"es\",\"@id\":\"https:\\\/\\\/amedis.es\\\/tienda\\\/?product=carbopost-kit-surtido#primaryimage\",\"url\":\"https:\\\/\\\/amedis.es\\\/tienda\\\/wp-content\\\/uploads\\\/2021\\\/03\\\/CARBOPOST-KIT-SURTIDO-20-und.-4-TALADROS.jpg\",\"contentUrl\":\"https:\\\/\\\/amedis.es\\\/tienda\\\/wp-content\\\/uploads\\\/2021\\\/03\\\/CARBOPOST-KIT-SURTIDO-20-und.-4-TALADROS.jpg\",\"width\":600,\"height\":600,\"caption\":\"Amedis CARBOPOST KIT SURTIDO 20 und. + 4 TALADROS\"},{\"@type\":\"BreadcrumbList\",\"@id\":\"https:\\\/\\\/amedis.es\\\/tienda\\\/?product=carbopost-kit-surtido#breadcrumb\",\"itemListElement\":[{\"@type\":\"ListItem\",\"position\":1,\"name\":\"Portada\",\"item\":\"https:\\\/\\\/amedis.es\\\/tienda\\\/\"},{\"@type\":\"ListItem\",\"position\":2,\"name\":\"Amedis | Suministros M\u00e9dicos y Dentales | Tienda\",\"item\":\"https:\\\/\\\/amedis.es\\\/tienda\\\/suministros-medicos-y-dentales\\\/\"},{\"@type\":\"ListItem\",\"position\":3,\"name\":\"CARBOPOST KIT SURTIDO\"}]},{\"@type\":\"WebSite\",\"@id\":\"https:\\\/\\\/amedis.es\\\/tienda\\\/#website\",\"url\":\"https:\\\/\\\/amedis.es\\\/tienda\\\/\",\"name\":\"Amedis\",\"description\":\"Suministros M\u00e9dicos y Dentales\",\"publisher\":{\"@id\":\"https:\\\/\\\/amedis.es\\\/tienda\\\/#organization\"},\"potentialAction\":[{\"@type\":\"SearchAction\",\"target\":{\"@type\":\"EntryPoint\",\"urlTemplate\":\"https:\\\/\\\/amedis.es\\\/tienda\\\/?s={search_term_string}\"},\"query-input\":{\"@type\":\"PropertyValueSpecification\",\"valueRequired\":true,\"valueName\":\"search_term_string\"}}],\"inLanguage\":\"es\"},{\"@type\":\"Organization\",\"@id\":\"https:\\\/\\\/amedis.es\\\/tienda\\\/#organization\",\"name\":\"Amedis | Suministros M\u00e9dicos y Dentales\",\"url\":\"https:\\\/\\\/amedis.es\\\/tienda\\\/\",\"logo\":{\"@type\":\"ImageObject\",\"inLanguage\":\"es\",\"@id\":\"https:\\\/\\\/amedis.es\\\/tienda\\\/#\\\/schema\\\/logo\\\/image\\\/\",\"url\":\"https:\\\/\\\/amedis.es\\\/tienda\\\/wp-content\\\/uploads\\\/2020\\\/05\\\/logo-1.png\",\"contentUrl\":\"https:\\\/\\\/amedis.es\\\/tienda\\\/wp-content\\\/uploads\\\/2020\\\/05\\\/logo-1.png\",\"width\":191,\"height\":80,\"caption\":\"Amedis | Suministros M\u00e9dicos y Dentales\"},\"image\":{\"@id\":\"https:\\\/\\\/amedis.es\\\/tienda\\\/#\\\/schema\\\/logo\\\/image\\\/\"}}]}<\/script>\n<!-- \/ Yoast SEO plugin. -->","yoast_head_json":{"title":"CARBOPOST KIT SURTIDO | Amedis","description":"Carbopost kit surtido 20 und. + 4 taladros. Los Carbopost de Abrasive Technology son postes de fibra reforzada.","robots":{"index":"index","follow":"follow","max-snippet":"max-snippet:-1","max-image-preview":"max-image-preview:large","max-video-preview":"max-video-preview:-1"},"canonical":"https:\/\/amedis.es\/tienda\/?product=carbopost-kit-surtido","og_locale":"es_ES","og_type":"article","og_title":"CARBOPOST KIT SURTIDO | Amedis","og_description":"Carbopost kit surtido 20 und. + 4 taladros. Los Carbopost de Abrasive Technology son postes de fibra reforzada.","og_url":"https:\/\/amedis.es\/tienda\/?product=carbopost-kit-surtido","og_site_name":"Amedis","article_modified_time":"2025-04-22T14:30:20+00:00","og_image":[{"width":600,"height":600,"url":"https:\/\/amedis.es\/tienda\/wp-content\/uploads\/2021\/03\/CARBOPOST-KIT-SURTIDO-20-und.-4-TALADROS.jpg","type":"image\/jpeg"}],"twitter_card":"summary_large_image","twitter_misc":{"Tiempo de lectura":"2 minutos"},"schema":{"@context":"https:\/\/schema.org","@graph":[{"@type":"WebPage","@id":"https:\/\/amedis.es\/tienda\/?product=carbopost-kit-surtido","url":"https:\/\/amedis.es\/tienda\/?product=carbopost-kit-surtido","name":"CARBOPOST KIT SURTIDO | Amedis","isPartOf":{"@id":"https:\/\/amedis.es\/tienda\/#website"},"primaryImageOfPage":{"@id":"https:\/\/amedis.es\/tienda\/?product=carbopost-kit-surtido#primaryimage"},"image":{"@id":"https:\/\/amedis.es\/tienda\/?product=carbopost-kit-surtido#primaryimage"},"thumbnailUrl":"https:\/\/amedis.es\/tienda\/wp-content\/uploads\/2021\/03\/CARBOPOST-KIT-SURTIDO-20-und.-4-TALADROS.jpg","datePublished":"2021-03-23T16:25:56+00:00","dateModified":"2025-04-22T14:30:20+00:00","description":"Carbopost kit surtido 20 und. + 4 taladros. Los Carbopost de Abrasive Technology son postes de fibra reforzada.","breadcrumb":{"@id":"https:\/\/amedis.es\/tienda\/?product=carbopost-kit-surtido#breadcrumb"},"inLanguage":"es","potentialAction":[{"@type":"ReadAction","target":["https:\/\/amedis.es\/tienda\/?product=carbopost-kit-surtido"]}]},{"@type":"ImageObject","inLanguage":"es","@id":"https:\/\/amedis.es\/tienda\/?product=carbopost-kit-surtido#primaryimage","url":"https:\/\/amedis.es\/tienda\/wp-content\/uploads\/2021\/03\/CARBOPOST-KIT-SURTIDO-20-und.-4-TALADROS.jpg","contentUrl":"https:\/\/amedis.es\/tienda\/wp-content\/uploads\/2021\/03\/CARBOPOST-KIT-SURTIDO-20-und.-4-TALADROS.jpg","width":600,"height":600,"caption":"Amedis CARBOPOST KIT SURTIDO 20 und. + 4 TALADROS"},{"@type":"BreadcrumbList","@id":"https:\/\/amedis.es\/tienda\/?product=carbopost-kit-surtido#breadcrumb","itemListElement":[{"@type":"ListItem","position":1,"name":"Portada","item":"https:\/\/amedis.es\/tienda\/"},{"@type":"ListItem","position":2,"name":"Amedis | Suministros M\u00e9dicos y Dentales | Tienda","item":"https:\/\/amedis.es\/tienda\/suministros-medicos-y-dentales\/"},{"@type":"ListItem","position":3,"name":"CARBOPOST KIT SURTIDO"}]},{"@type":"WebSite","@id":"https:\/\/amedis.es\/tienda\/#website","url":"https:\/\/amedis.es\/tienda\/","name":"Amedis","description":"Suministros M\u00e9dicos y Dentales","publisher":{"@id":"https:\/\/amedis.es\/tienda\/#organization"},"potentialAction":[{"@type":"SearchAction","target":{"@type":"EntryPoint","urlTemplate":"https:\/\/amedis.es\/tienda\/?s={search_term_string}"},"query-input":{"@type":"PropertyValueSpecification","valueRequired":true,"valueName":"search_term_string"}}],"inLanguage":"es"},{"@type":"Organization","@id":"https:\/\/amedis.es\/tienda\/#organization","name":"Amedis | Suministros M\u00e9dicos y Dentales","url":"https:\/\/amedis.es\/tienda\/","logo":{"@type":"ImageObject","inLanguage":"es","@id":"https:\/\/amedis.es\/tienda\/#\/schema\/logo\/image\/","url":"https:\/\/amedis.es\/tienda\/wp-content\/uploads\/2020\/05\/logo-1.png","contentUrl":"https:\/\/amedis.es\/tienda\/wp-content\/uploads\/2020\/05\/logo-1.png","width":191,"height":80,"caption":"Amedis | Suministros M\u00e9dicos y Dentales"},"image":{"@id":"https:\/\/amedis.es\/tienda\/#\/schema\/logo\/image\/"}}]}},"brands":[{"id":2404,"name":"CARBOTECH","slug":"carbotech"}],"_links":{"self":[{"href":"https:\/\/amedis.es\/tienda\/wp-json\/wp\/v2\/product\/6344","targetHints":{"allow":["GET"]}}],"collection":[{"href":"https:\/\/amedis.es\/tienda\/wp-json\/wp\/v2\/product"}],"about":[{"href":"https:\/\/amedis.es\/tienda\/wp-json\/wp\/v2\/types\/product"}],"wp:featuredmedia":[{"embeddable":true,"href":"https:\/\/amedis.es\/tienda\/wp-json\/wp\/v2\/media\/6345"}],"wp:attachment":[{"href":"https:\/\/amedis.es\/tienda\/wp-json\/wp\/v2\/media?parent=6344"}],"wp:term":[{"taxonomy":"pwb-brand","embeddable":true,"href":"https:\/\/amedis.es\/tienda\/wp-json\/wp\/v2\/pwb-brand?post=6344"},{"taxonomy":"product_brand","embeddable":true,"href":"https:\/\/amedis.es\/tienda\/wp-json\/wp\/v2\/product_brand?post=6344"},{"taxonomy":"product_cat","embeddable":true,"href":"https:\/\/amedis.es\/tienda\/wp-json\/wp\/v2\/product_cat?post=6344"},{"taxonomy":"product_tag","embeddable":true,"href":"https:\/\/amedis.es\/tienda\/wp-json\/wp\/v2\/product_tag?post=6344"}],"curies":[{"name":"wp","href":"https:\/\/api.w.org\/{rel}","templated":true}]}}