{"id":6093,"date":"2021-03-20T11:52:03","date_gmt":"2021-03-20T11:52:03","guid":{"rendered":"https:\/\/amedis.es\/tienda\/?post_type=product&#038;p=6093"},"modified":"2025-04-18T12:08:26","modified_gmt":"2025-04-18T12:08:26","slug":"cubetas-coe-gc-superiores-e-inferiores","status":"publish","type":"product","link":"https:\/\/amedis.es\/tienda\/producto\/cubetas-coe-gc-superiores-e-inferiores\/","title":{"rendered":"CUBETAS COE GC SUPERIORES E INFERIORES"},"content":{"rendered":"<p>Cubetas COE para impresiones. Cubetas desechables con un dise\u00f1o anat\u00f3mico \u00fanico de barra en zig-zag para las superficies oclusales, permiten colocar la cubeta a la profundidad correcta y delimitar un mayor espacio para el material de impresi\u00f3n. Color verde.<\/p>\n<p>&#8211; \u00danico dise\u00f1o en &#8216;zig zag&#8217; para evitar el contacto de la c\u00faspide con la cubeta.<br \/>\n&#8211; Bordes &#8216;Rimlock&#8217;: presi\u00f3n durante la toma de la impresi\u00f3n.<\/p>\n","protected":false},"excerpt":{"rendered":"<p>CONTENIDO: 12 unidades.<\/p>\n","protected":false},"featured_media":32979,"template":"","meta":[],"pwb-brand":[2351],"product_brand":[],"product_cat":[196,176],"product_tag":[],"class_list":{"0":"post-6093","1":"product","2":"type-product","3":"status-publish","4":"has-post-thumbnail","6":"pwb-brand-gc","7":"product_cat-cubetas-de-plastico","8":"product_cat-impresion","10":"first","11":"instock","12":"sale","13":"taxable","14":"shipping-taxable","15":"purchasable","16":"product-type-variable"},"yoast_head":"<!-- This site is optimized with the Yoast SEO plugin v27.4 - https:\/\/yoast.com\/product\/yoast-seo-wordpress\/ -->\n<title>CUBETAS COE GC SUPERIORES E INFERIORES | Amedis<\/title>\n<meta name=\"description\" content=\"Cubetas COE para impresiones. Cubetas desechables con un dise\u00f1o anat\u00f3mico \u00fanico de barra en zig-zag para las superficies oclusales\" \/>\n<meta name=\"robots\" content=\"index, follow, max-snippet:-1, max-image-preview:large, max-video-preview:-1\" \/>\n<link rel=\"canonical\" href=\"https:\/\/amedis.es\/tienda\/?product=cubetas-coe-gc-superiores-e-inferiores\" \/>\n<meta property=\"og:locale\" content=\"es_ES\" \/>\n<meta property=\"og:type\" content=\"article\" \/>\n<meta property=\"og:title\" content=\"CUBETAS COE GC SUPERIORES E INFERIORES | Amedis\" \/>\n<meta property=\"og:description\" content=\"Cubetas COE para impresiones. Cubetas desechables con un dise\u00f1o anat\u00f3mico \u00fanico de barra en zig-zag para las superficies oclusales\" \/>\n<meta property=\"og:url\" content=\"https:\/\/amedis.es\/tienda\/?product=cubetas-coe-gc-superiores-e-inferiores\" \/>\n<meta property=\"og:site_name\" content=\"Amedis\" \/>\n<meta property=\"article:modified_time\" content=\"2025-04-18T12:08:26+00:00\" \/>\n<meta property=\"og:image\" content=\"https:\/\/amedis.es\/tienda\/wp-content\/uploads\/2021\/03\/CUBETAS-COE-GC-SUPERIORES-E-INFERIORES.jpg\" \/>\n\t<meta property=\"og:image:width\" content=\"600\" \/>\n\t<meta property=\"og:image:height\" content=\"600\" \/>\n\t<meta property=\"og:image:type\" content=\"image\/jpeg\" \/>\n<meta name=\"twitter:card\" content=\"summary_large_image\" \/>\n<meta name=\"twitter:label1\" content=\"Tiempo de lectura\" \/>\n\t<meta name=\"twitter:data1\" content=\"1 minuto\" \/>\n<script type=\"application\/ld+json\" class=\"yoast-schema-graph\">{\"@context\":\"https:\\\/\\\/schema.org\",\"@graph\":[{\"@type\":\"WebPage\",\"@id\":\"https:\\\/\\\/amedis.es\\\/tienda\\\/?product=cubetas-coe-gc-superiores-e-inferiores\",\"url\":\"https:\\\/\\\/amedis.es\\\/tienda\\\/?product=cubetas-coe-gc-superiores-e-inferiores\",\"name\":\"CUBETAS COE GC SUPERIORES E INFERIORES | Amedis\",\"isPartOf\":{\"@id\":\"https:\\\/\\\/amedis.es\\\/tienda\\\/#website\"},\"primaryImageOfPage\":{\"@id\":\"https:\\\/\\\/amedis.es\\\/tienda\\\/?product=cubetas-coe-gc-superiores-e-inferiores#primaryimage\"},\"image\":{\"@id\":\"https:\\\/\\\/amedis.es\\\/tienda\\\/?product=cubetas-coe-gc-superiores-e-inferiores#primaryimage\"},\"thumbnailUrl\":\"https:\\\/\\\/amedis.es\\\/tienda\\\/wp-content\\\/uploads\\\/2021\\\/03\\\/CUBETAS-COE-GC-SUPERIORES-E-INFERIORES.jpg\",\"datePublished\":\"2021-03-20T11:52:03+00:00\",\"dateModified\":\"2025-04-18T12:08:26+00:00\",\"description\":\"Cubetas COE para impresiones. Cubetas desechables con un dise\u00f1o anat\u00f3mico \u00fanico de barra en zig-zag para las superficies oclusales\",\"breadcrumb\":{\"@id\":\"https:\\\/\\\/amedis.es\\\/tienda\\\/?product=cubetas-coe-gc-superiores-e-inferiores#breadcrumb\"},\"inLanguage\":\"es\",\"potentialAction\":[{\"@type\":\"ReadAction\",\"target\":[\"https:\\\/\\\/amedis.es\\\/tienda\\\/?product=cubetas-coe-gc-superiores-e-inferiores\"]}]},{\"@type\":\"ImageObject\",\"inLanguage\":\"es\",\"@id\":\"https:\\\/\\\/amedis.es\\\/tienda\\\/?product=cubetas-coe-gc-superiores-e-inferiores#primaryimage\",\"url\":\"https:\\\/\\\/amedis.es\\\/tienda\\\/wp-content\\\/uploads\\\/2021\\\/03\\\/CUBETAS-COE-GC-SUPERIORES-E-INFERIORES.jpg\",\"contentUrl\":\"https:\\\/\\\/amedis.es\\\/tienda\\\/wp-content\\\/uploads\\\/2021\\\/03\\\/CUBETAS-COE-GC-SUPERIORES-E-INFERIORES.jpg\",\"width\":600,\"height\":600,\"caption\":\"Amedis CUBETAS COE GC SUPERIORES E INFERIORES\"},{\"@type\":\"BreadcrumbList\",\"@id\":\"https:\\\/\\\/amedis.es\\\/tienda\\\/?product=cubetas-coe-gc-superiores-e-inferiores#breadcrumb\",\"itemListElement\":[{\"@type\":\"ListItem\",\"position\":1,\"name\":\"Portada\",\"item\":\"https:\\\/\\\/amedis.es\\\/tienda\\\/\"},{\"@type\":\"ListItem\",\"position\":2,\"name\":\"Amedis | Suministros M\u00e9dicos y Dentales | Tienda\",\"item\":\"https:\\\/\\\/amedis.es\\\/tienda\\\/suministros-medicos-y-dentales\\\/\"},{\"@type\":\"ListItem\",\"position\":3,\"name\":\"CUBETAS COE GC SUPERIORES E INFERIORES\"}]},{\"@type\":\"WebSite\",\"@id\":\"https:\\\/\\\/amedis.es\\\/tienda\\\/#website\",\"url\":\"https:\\\/\\\/amedis.es\\\/tienda\\\/\",\"name\":\"Amedis\",\"description\":\"Suministros M\u00e9dicos y Dentales\",\"publisher\":{\"@id\":\"https:\\\/\\\/amedis.es\\\/tienda\\\/#organization\"},\"potentialAction\":[{\"@type\":\"SearchAction\",\"target\":{\"@type\":\"EntryPoint\",\"urlTemplate\":\"https:\\\/\\\/amedis.es\\\/tienda\\\/?s={search_term_string}\"},\"query-input\":{\"@type\":\"PropertyValueSpecification\",\"valueRequired\":true,\"valueName\":\"search_term_string\"}}],\"inLanguage\":\"es\"},{\"@type\":\"Organization\",\"@id\":\"https:\\\/\\\/amedis.es\\\/tienda\\\/#organization\",\"name\":\"Amedis | Suministros M\u00e9dicos y Dentales\",\"url\":\"https:\\\/\\\/amedis.es\\\/tienda\\\/\",\"logo\":{\"@type\":\"ImageObject\",\"inLanguage\":\"es\",\"@id\":\"https:\\\/\\\/amedis.es\\\/tienda\\\/#\\\/schema\\\/logo\\\/image\\\/\",\"url\":\"https:\\\/\\\/amedis.es\\\/tienda\\\/wp-content\\\/uploads\\\/2020\\\/05\\\/logo-1.png\",\"contentUrl\":\"https:\\\/\\\/amedis.es\\\/tienda\\\/wp-content\\\/uploads\\\/2020\\\/05\\\/logo-1.png\",\"width\":191,\"height\":80,\"caption\":\"Amedis | Suministros M\u00e9dicos y Dentales\"},\"image\":{\"@id\":\"https:\\\/\\\/amedis.es\\\/tienda\\\/#\\\/schema\\\/logo\\\/image\\\/\"}}]}<\/script>\n<!-- \/ Yoast SEO plugin. -->","yoast_head_json":{"title":"CUBETAS COE GC SUPERIORES E INFERIORES | Amedis","description":"Cubetas COE para impresiones. Cubetas desechables con un dise\u00f1o anat\u00f3mico \u00fanico de barra en zig-zag para las superficies oclusales","robots":{"index":"index","follow":"follow","max-snippet":"max-snippet:-1","max-image-preview":"max-image-preview:large","max-video-preview":"max-video-preview:-1"},"canonical":"https:\/\/amedis.es\/tienda\/?product=cubetas-coe-gc-superiores-e-inferiores","og_locale":"es_ES","og_type":"article","og_title":"CUBETAS COE GC SUPERIORES E INFERIORES | Amedis","og_description":"Cubetas COE para impresiones. Cubetas desechables con un dise\u00f1o anat\u00f3mico \u00fanico de barra en zig-zag para las superficies oclusales","og_url":"https:\/\/amedis.es\/tienda\/?product=cubetas-coe-gc-superiores-e-inferiores","og_site_name":"Amedis","article_modified_time":"2025-04-18T12:08:26+00:00","og_image":[{"width":600,"height":600,"url":"https:\/\/amedis.es\/tienda\/wp-content\/uploads\/2021\/03\/CUBETAS-COE-GC-SUPERIORES-E-INFERIORES.jpg","type":"image\/jpeg"}],"twitter_card":"summary_large_image","twitter_misc":{"Tiempo de lectura":"1 minuto"},"schema":{"@context":"https:\/\/schema.org","@graph":[{"@type":"WebPage","@id":"https:\/\/amedis.es\/tienda\/?product=cubetas-coe-gc-superiores-e-inferiores","url":"https:\/\/amedis.es\/tienda\/?product=cubetas-coe-gc-superiores-e-inferiores","name":"CUBETAS COE GC SUPERIORES E INFERIORES | Amedis","isPartOf":{"@id":"https:\/\/amedis.es\/tienda\/#website"},"primaryImageOfPage":{"@id":"https:\/\/amedis.es\/tienda\/?product=cubetas-coe-gc-superiores-e-inferiores#primaryimage"},"image":{"@id":"https:\/\/amedis.es\/tienda\/?product=cubetas-coe-gc-superiores-e-inferiores#primaryimage"},"thumbnailUrl":"https:\/\/amedis.es\/tienda\/wp-content\/uploads\/2021\/03\/CUBETAS-COE-GC-SUPERIORES-E-INFERIORES.jpg","datePublished":"2021-03-20T11:52:03+00:00","dateModified":"2025-04-18T12:08:26+00:00","description":"Cubetas COE para impresiones. Cubetas desechables con un dise\u00f1o anat\u00f3mico \u00fanico de barra en zig-zag para las superficies oclusales","breadcrumb":{"@id":"https:\/\/amedis.es\/tienda\/?product=cubetas-coe-gc-superiores-e-inferiores#breadcrumb"},"inLanguage":"es","potentialAction":[{"@type":"ReadAction","target":["https:\/\/amedis.es\/tienda\/?product=cubetas-coe-gc-superiores-e-inferiores"]}]},{"@type":"ImageObject","inLanguage":"es","@id":"https:\/\/amedis.es\/tienda\/?product=cubetas-coe-gc-superiores-e-inferiores#primaryimage","url":"https:\/\/amedis.es\/tienda\/wp-content\/uploads\/2021\/03\/CUBETAS-COE-GC-SUPERIORES-E-INFERIORES.jpg","contentUrl":"https:\/\/amedis.es\/tienda\/wp-content\/uploads\/2021\/03\/CUBETAS-COE-GC-SUPERIORES-E-INFERIORES.jpg","width":600,"height":600,"caption":"Amedis CUBETAS COE GC SUPERIORES E INFERIORES"},{"@type":"BreadcrumbList","@id":"https:\/\/amedis.es\/tienda\/?product=cubetas-coe-gc-superiores-e-inferiores#breadcrumb","itemListElement":[{"@type":"ListItem","position":1,"name":"Portada","item":"https:\/\/amedis.es\/tienda\/"},{"@type":"ListItem","position":2,"name":"Amedis | Suministros M\u00e9dicos y Dentales | Tienda","item":"https:\/\/amedis.es\/tienda\/suministros-medicos-y-dentales\/"},{"@type":"ListItem","position":3,"name":"CUBETAS COE GC SUPERIORES E INFERIORES"}]},{"@type":"WebSite","@id":"https:\/\/amedis.es\/tienda\/#website","url":"https:\/\/amedis.es\/tienda\/","name":"Amedis","description":"Suministros M\u00e9dicos y Dentales","publisher":{"@id":"https:\/\/amedis.es\/tienda\/#organization"},"potentialAction":[{"@type":"SearchAction","target":{"@type":"EntryPoint","urlTemplate":"https:\/\/amedis.es\/tienda\/?s={search_term_string}"},"query-input":{"@type":"PropertyValueSpecification","valueRequired":true,"valueName":"search_term_string"}}],"inLanguage":"es"},{"@type":"Organization","@id":"https:\/\/amedis.es\/tienda\/#organization","name":"Amedis | Suministros M\u00e9dicos y Dentales","url":"https:\/\/amedis.es\/tienda\/","logo":{"@type":"ImageObject","inLanguage":"es","@id":"https:\/\/amedis.es\/tienda\/#\/schema\/logo\/image\/","url":"https:\/\/amedis.es\/tienda\/wp-content\/uploads\/2020\/05\/logo-1.png","contentUrl":"https:\/\/amedis.es\/tienda\/wp-content\/uploads\/2020\/05\/logo-1.png","width":191,"height":80,"caption":"Amedis | Suministros M\u00e9dicos y Dentales"},"image":{"@id":"https:\/\/amedis.es\/tienda\/#\/schema\/logo\/image\/"}}]}},"brands":[{"id":2351,"name":"GC","slug":"gc"}],"_links":{"self":[{"href":"https:\/\/amedis.es\/tienda\/wp-json\/wp\/v2\/product\/6093","targetHints":{"allow":["GET"]}}],"collection":[{"href":"https:\/\/amedis.es\/tienda\/wp-json\/wp\/v2\/product"}],"about":[{"href":"https:\/\/amedis.es\/tienda\/wp-json\/wp\/v2\/types\/product"}],"wp:featuredmedia":[{"embeddable":true,"href":"https:\/\/amedis.es\/tienda\/wp-json\/wp\/v2\/media\/32979"}],"wp:attachment":[{"href":"https:\/\/amedis.es\/tienda\/wp-json\/wp\/v2\/media?parent=6093"}],"wp:term":[{"taxonomy":"pwb-brand","embeddable":true,"href":"https:\/\/amedis.es\/tienda\/wp-json\/wp\/v2\/pwb-brand?post=6093"},{"taxonomy":"product_brand","embeddable":true,"href":"https:\/\/amedis.es\/tienda\/wp-json\/wp\/v2\/product_brand?post=6093"},{"taxonomy":"product_cat","embeddable":true,"href":"https:\/\/amedis.es\/tienda\/wp-json\/wp\/v2\/product_cat?post=6093"},{"taxonomy":"product_tag","embeddable":true,"href":"https:\/\/amedis.es\/tienda\/wp-json\/wp\/v2\/product_tag?post=6093"}],"curies":[{"name":"wp","href":"https:\/\/api.w.org\/{rel}","templated":true}]}}