{"id":5961,"date":"2021-03-18T18:47:13","date_gmt":"2021-03-18T18:47:13","guid":{"rendered":"https:\/\/amedis.es\/tienda\/?post_type=product&#038;p=5961"},"modified":"2024-10-04T18:28:05","modified_gmt":"2024-10-04T18:28:05","slug":"hilo-retractor-ultrapak-cleancut-kit","status":"publish","type":"product","link":"https:\/\/amedis.es\/tienda\/producto\/hilo-retractor-ultrapak-cleancut-kit\/","title":{"rendered":"HILO RETRACTOR ULTRAPAK CLEANCUT KIT"},"content":{"rendered":"<p>Hilo retractor ultrapak cleancut kit. Hilo fabricado en 100% algod\u00f3n para retracci\u00f3n r\u00e1pida y de colocaci\u00f3n f\u00e1cil. Disponible en varios tama\u00f1os. Los hilos m\u00e1s peque\u00f1os son ideales para casos pedi\u00e1tricos y como primer hilo en t\u00e9cnicas de doble hilo. Los tama\u00f1os m\u00e1s grandes son ideales como segundo hilo en la t\u00e9cnica de doble hilo y en \u00e1reas que presentan un tejido gingival muy espeso que necesita mucha fuerza para ser retra\u00eddo.<\/p>\n<p>CARACTER\u00cdSTICAS<\/p>\n<p>&#8211; El dise\u00f1o \u00fanico de Ultrapak ofrece una fuerza suave y continua hacia fuera despu\u00e9s de su colocaci\u00f3n ya que los bucles de punto tratan de abrirse.<br \/>\n&#8211; El desplazamiento del tejido \u00f3ptimo se produce al cabo de 3-8 minutos.<br \/>\n&#8211; El hilo original y m\u00e1s peque\u00f1o del mercado.<br \/>\n&#8211; Proporciona un r\u00e1pido desplazamiento de los tejidos, m\u00e1rgenes detallados e impresiones de calidad.<br \/>\n&#8211; Se comprime durante la aplicaci\u00f3n y luego se expande para una retracci\u00f3n \u00f3ptima.<br \/>\n&#8211; Colores brillantes que facilitan su localizaci\u00f3n y eliminaci\u00f3n.<br \/>\n&#8211; El envase viene con una etiqueta que facilita una medici\u00f3n c\u00f3moda y f\u00e1cil del hilo.<\/p>\n<p>ENVASE: 4 unidades + organizador.<\/p>\n<p>REFERENCIA 120476<\/p>\n","protected":false},"excerpt":{"rendered":"<p>ULTRADENT<\/p>\n","protected":false},"featured_media":5962,"template":"","meta":[],"pwb-brand":[2361],"product_brand":[],"product_cat":[192,176],"product_tag":[],"class_list":{"0":"post-5961","1":"product","2":"type-product","3":"status-publish","4":"has-post-thumbnail","6":"pwb-brand-ultradent","7":"product_cat-hilo-retractor","8":"product_cat-impresion","10":"first","11":"instock","12":"sale","13":"taxable","14":"shipping-taxable","15":"purchasable","16":"product-type-simple"},"yoast_head":"<!-- This site is optimized with the Yoast SEO plugin v27.3 - https:\/\/yoast.com\/product\/yoast-seo-wordpress\/ -->\n<title>HILO RETRACTOR ULTRAPAK CLEANCUT KIT | Amedis | ULTRADENT<\/title>\n<meta name=\"description\" content=\"Hilo retractor ultrapak cleancut kit. Hilo fabricado en 100% algod\u00f3n para retracci\u00f3n r\u00e1pida y de colocaci\u00f3n f\u00e1cil. Disponible en varios.\" \/>\n<meta name=\"robots\" content=\"index, follow, max-snippet:-1, max-image-preview:large, max-video-preview:-1\" \/>\n<link rel=\"canonical\" href=\"https:\/\/amedis.es\/tienda\/producto\/hilo-retractor-ultrapak-cleancut-kit\/\" \/>\n<meta property=\"og:locale\" content=\"es_ES\" \/>\n<meta property=\"og:type\" content=\"article\" \/>\n<meta property=\"og:title\" content=\"HILO RETRACTOR ULTRAPAK CLEANCUT KIT | Amedis | ULTRADENT\" \/>\n<meta property=\"og:description\" content=\"Hilo retractor ultrapak cleancut kit. Hilo fabricado en 100% algod\u00f3n para retracci\u00f3n r\u00e1pida y de colocaci\u00f3n f\u00e1cil. Disponible en varios.\" \/>\n<meta property=\"og:url\" content=\"https:\/\/amedis.es\/tienda\/producto\/hilo-retractor-ultrapak-cleancut-kit\/\" \/>\n<meta property=\"og:site_name\" content=\"Amedis\" \/>\n<meta property=\"article:modified_time\" content=\"2024-10-04T18:28:05+00:00\" \/>\n<meta property=\"og:image\" content=\"https:\/\/amedis.es\/tienda\/wp-content\/uploads\/2021\/03\/HILO-ULTRAPAK-KIT.jpg\" \/>\n\t<meta property=\"og:image:width\" content=\"600\" \/>\n\t<meta property=\"og:image:height\" content=\"600\" \/>\n\t<meta property=\"og:image:type\" content=\"image\/jpeg\" \/>\n<meta name=\"twitter:card\" content=\"summary_large_image\" \/>\n<meta name=\"twitter:label1\" content=\"Tiempo de lectura\" \/>\n\t<meta name=\"twitter:data1\" content=\"1 minuto\" \/>\n<script type=\"application\/ld+json\" class=\"yoast-schema-graph\">{\"@context\":\"https:\\\/\\\/schema.org\",\"@graph\":[{\"@type\":\"WebPage\",\"@id\":\"https:\\\/\\\/amedis.es\\\/tienda\\\/producto\\\/hilo-retractor-ultrapak-cleancut-kit\\\/\",\"url\":\"https:\\\/\\\/amedis.es\\\/tienda\\\/producto\\\/hilo-retractor-ultrapak-cleancut-kit\\\/\",\"name\":\"HILO RETRACTOR ULTRAPAK CLEANCUT KIT | Amedis | ULTRADENT\",\"isPartOf\":{\"@id\":\"https:\\\/\\\/amedis.es\\\/tienda\\\/#website\"},\"primaryImageOfPage\":{\"@id\":\"https:\\\/\\\/amedis.es\\\/tienda\\\/producto\\\/hilo-retractor-ultrapak-cleancut-kit\\\/#primaryimage\"},\"image\":{\"@id\":\"https:\\\/\\\/amedis.es\\\/tienda\\\/producto\\\/hilo-retractor-ultrapak-cleancut-kit\\\/#primaryimage\"},\"thumbnailUrl\":\"https:\\\/\\\/amedis.es\\\/tienda\\\/wp-content\\\/uploads\\\/2021\\\/03\\\/HILO-ULTRAPAK-KIT.jpg\",\"datePublished\":\"2021-03-18T18:47:13+00:00\",\"dateModified\":\"2024-10-04T18:28:05+00:00\",\"description\":\"Hilo retractor ultrapak cleancut kit. Hilo fabricado en 100% algod\u00f3n para retracci\u00f3n r\u00e1pida y de colocaci\u00f3n f\u00e1cil. Disponible en varios.\",\"breadcrumb\":{\"@id\":\"https:\\\/\\\/amedis.es\\\/tienda\\\/producto\\\/hilo-retractor-ultrapak-cleancut-kit\\\/#breadcrumb\"},\"inLanguage\":\"es\",\"potentialAction\":[{\"@type\":\"ReadAction\",\"target\":[\"https:\\\/\\\/amedis.es\\\/tienda\\\/producto\\\/hilo-retractor-ultrapak-cleancut-kit\\\/\"]}]},{\"@type\":\"ImageObject\",\"inLanguage\":\"es\",\"@id\":\"https:\\\/\\\/amedis.es\\\/tienda\\\/producto\\\/hilo-retractor-ultrapak-cleancut-kit\\\/#primaryimage\",\"url\":\"https:\\\/\\\/amedis.es\\\/tienda\\\/wp-content\\\/uploads\\\/2021\\\/03\\\/HILO-ULTRAPAK-KIT.jpg\",\"contentUrl\":\"https:\\\/\\\/amedis.es\\\/tienda\\\/wp-content\\\/uploads\\\/2021\\\/03\\\/HILO-ULTRAPAK-KIT.jpg\",\"width\":600,\"height\":600,\"caption\":\"Amedis HILO ULTRAPAK KIT\"},{\"@type\":\"BreadcrumbList\",\"@id\":\"https:\\\/\\\/amedis.es\\\/tienda\\\/producto\\\/hilo-retractor-ultrapak-cleancut-kit\\\/#breadcrumb\",\"itemListElement\":[{\"@type\":\"ListItem\",\"position\":1,\"name\":\"Portada\",\"item\":\"https:\\\/\\\/amedis.es\\\/tienda\\\/\"},{\"@type\":\"ListItem\",\"position\":2,\"name\":\"Amedis | Suministros M\u00e9dicos y Dentales | Tienda\",\"item\":\"https:\\\/\\\/amedis.es\\\/tienda\\\/suministros-medicos-y-dentales\\\/\"},{\"@type\":\"ListItem\",\"position\":3,\"name\":\"HILO RETRACTOR ULTRAPAK CLEANCUT KIT\"}]},{\"@type\":\"WebSite\",\"@id\":\"https:\\\/\\\/amedis.es\\\/tienda\\\/#website\",\"url\":\"https:\\\/\\\/amedis.es\\\/tienda\\\/\",\"name\":\"Amedis\",\"description\":\"Suministros M\u00e9dicos y Dentales\",\"publisher\":{\"@id\":\"https:\\\/\\\/amedis.es\\\/tienda\\\/#organization\"},\"potentialAction\":[{\"@type\":\"SearchAction\",\"target\":{\"@type\":\"EntryPoint\",\"urlTemplate\":\"https:\\\/\\\/amedis.es\\\/tienda\\\/?s={search_term_string}\"},\"query-input\":{\"@type\":\"PropertyValueSpecification\",\"valueRequired\":true,\"valueName\":\"search_term_string\"}}],\"inLanguage\":\"es\"},{\"@type\":\"Organization\",\"@id\":\"https:\\\/\\\/amedis.es\\\/tienda\\\/#organization\",\"name\":\"Amedis | Suministros M\u00e9dicos y Dentales\",\"url\":\"https:\\\/\\\/amedis.es\\\/tienda\\\/\",\"logo\":{\"@type\":\"ImageObject\",\"inLanguage\":\"es\",\"@id\":\"https:\\\/\\\/amedis.es\\\/tienda\\\/#\\\/schema\\\/logo\\\/image\\\/\",\"url\":\"https:\\\/\\\/amedis.es\\\/tienda\\\/wp-content\\\/uploads\\\/2020\\\/05\\\/logo-1.png\",\"contentUrl\":\"https:\\\/\\\/amedis.es\\\/tienda\\\/wp-content\\\/uploads\\\/2020\\\/05\\\/logo-1.png\",\"width\":191,\"height\":80,\"caption\":\"Amedis | Suministros M\u00e9dicos y Dentales\"},\"image\":{\"@id\":\"https:\\\/\\\/amedis.es\\\/tienda\\\/#\\\/schema\\\/logo\\\/image\\\/\"}}]}<\/script>\n<!-- \/ Yoast SEO plugin. -->","yoast_head_json":{"title":"HILO RETRACTOR ULTRAPAK CLEANCUT KIT | Amedis | ULTRADENT","description":"Hilo retractor ultrapak cleancut kit. Hilo fabricado en 100% algod\u00f3n para retracci\u00f3n r\u00e1pida y de colocaci\u00f3n f\u00e1cil. Disponible en varios.","robots":{"index":"index","follow":"follow","max-snippet":"max-snippet:-1","max-image-preview":"max-image-preview:large","max-video-preview":"max-video-preview:-1"},"canonical":"https:\/\/amedis.es\/tienda\/producto\/hilo-retractor-ultrapak-cleancut-kit\/","og_locale":"es_ES","og_type":"article","og_title":"HILO RETRACTOR ULTRAPAK CLEANCUT KIT | Amedis | ULTRADENT","og_description":"Hilo retractor ultrapak cleancut kit. Hilo fabricado en 100% algod\u00f3n para retracci\u00f3n r\u00e1pida y de colocaci\u00f3n f\u00e1cil. Disponible en varios.","og_url":"https:\/\/amedis.es\/tienda\/producto\/hilo-retractor-ultrapak-cleancut-kit\/","og_site_name":"Amedis","article_modified_time":"2024-10-04T18:28:05+00:00","og_image":[{"width":600,"height":600,"url":"https:\/\/amedis.es\/tienda\/wp-content\/uploads\/2021\/03\/HILO-ULTRAPAK-KIT.jpg","type":"image\/jpeg"}],"twitter_card":"summary_large_image","twitter_misc":{"Tiempo de lectura":"1 minuto"},"schema":{"@context":"https:\/\/schema.org","@graph":[{"@type":"WebPage","@id":"https:\/\/amedis.es\/tienda\/producto\/hilo-retractor-ultrapak-cleancut-kit\/","url":"https:\/\/amedis.es\/tienda\/producto\/hilo-retractor-ultrapak-cleancut-kit\/","name":"HILO RETRACTOR ULTRAPAK CLEANCUT KIT | Amedis | ULTRADENT","isPartOf":{"@id":"https:\/\/amedis.es\/tienda\/#website"},"primaryImageOfPage":{"@id":"https:\/\/amedis.es\/tienda\/producto\/hilo-retractor-ultrapak-cleancut-kit\/#primaryimage"},"image":{"@id":"https:\/\/amedis.es\/tienda\/producto\/hilo-retractor-ultrapak-cleancut-kit\/#primaryimage"},"thumbnailUrl":"https:\/\/amedis.es\/tienda\/wp-content\/uploads\/2021\/03\/HILO-ULTRAPAK-KIT.jpg","datePublished":"2021-03-18T18:47:13+00:00","dateModified":"2024-10-04T18:28:05+00:00","description":"Hilo retractor ultrapak cleancut kit. Hilo fabricado en 100% algod\u00f3n para retracci\u00f3n r\u00e1pida y de colocaci\u00f3n f\u00e1cil. Disponible en varios.","breadcrumb":{"@id":"https:\/\/amedis.es\/tienda\/producto\/hilo-retractor-ultrapak-cleancut-kit\/#breadcrumb"},"inLanguage":"es","potentialAction":[{"@type":"ReadAction","target":["https:\/\/amedis.es\/tienda\/producto\/hilo-retractor-ultrapak-cleancut-kit\/"]}]},{"@type":"ImageObject","inLanguage":"es","@id":"https:\/\/amedis.es\/tienda\/producto\/hilo-retractor-ultrapak-cleancut-kit\/#primaryimage","url":"https:\/\/amedis.es\/tienda\/wp-content\/uploads\/2021\/03\/HILO-ULTRAPAK-KIT.jpg","contentUrl":"https:\/\/amedis.es\/tienda\/wp-content\/uploads\/2021\/03\/HILO-ULTRAPAK-KIT.jpg","width":600,"height":600,"caption":"Amedis HILO ULTRAPAK KIT"},{"@type":"BreadcrumbList","@id":"https:\/\/amedis.es\/tienda\/producto\/hilo-retractor-ultrapak-cleancut-kit\/#breadcrumb","itemListElement":[{"@type":"ListItem","position":1,"name":"Portada","item":"https:\/\/amedis.es\/tienda\/"},{"@type":"ListItem","position":2,"name":"Amedis | Suministros M\u00e9dicos y Dentales | Tienda","item":"https:\/\/amedis.es\/tienda\/suministros-medicos-y-dentales\/"},{"@type":"ListItem","position":3,"name":"HILO RETRACTOR ULTRAPAK CLEANCUT KIT"}]},{"@type":"WebSite","@id":"https:\/\/amedis.es\/tienda\/#website","url":"https:\/\/amedis.es\/tienda\/","name":"Amedis","description":"Suministros M\u00e9dicos y Dentales","publisher":{"@id":"https:\/\/amedis.es\/tienda\/#organization"},"potentialAction":[{"@type":"SearchAction","target":{"@type":"EntryPoint","urlTemplate":"https:\/\/amedis.es\/tienda\/?s={search_term_string}"},"query-input":{"@type":"PropertyValueSpecification","valueRequired":true,"valueName":"search_term_string"}}],"inLanguage":"es"},{"@type":"Organization","@id":"https:\/\/amedis.es\/tienda\/#organization","name":"Amedis | Suministros M\u00e9dicos y Dentales","url":"https:\/\/amedis.es\/tienda\/","logo":{"@type":"ImageObject","inLanguage":"es","@id":"https:\/\/amedis.es\/tienda\/#\/schema\/logo\/image\/","url":"https:\/\/amedis.es\/tienda\/wp-content\/uploads\/2020\/05\/logo-1.png","contentUrl":"https:\/\/amedis.es\/tienda\/wp-content\/uploads\/2020\/05\/logo-1.png","width":191,"height":80,"caption":"Amedis | Suministros M\u00e9dicos y Dentales"},"image":{"@id":"https:\/\/amedis.es\/tienda\/#\/schema\/logo\/image\/"}}]}},"brands":[{"id":2361,"name":"ULTRADENT","slug":"ultradent"}],"_links":{"self":[{"href":"https:\/\/amedis.es\/tienda\/wp-json\/wp\/v2\/product\/5961","targetHints":{"allow":["GET"]}}],"collection":[{"href":"https:\/\/amedis.es\/tienda\/wp-json\/wp\/v2\/product"}],"about":[{"href":"https:\/\/amedis.es\/tienda\/wp-json\/wp\/v2\/types\/product"}],"wp:featuredmedia":[{"embeddable":true,"href":"https:\/\/amedis.es\/tienda\/wp-json\/wp\/v2\/media\/5962"}],"wp:attachment":[{"href":"https:\/\/amedis.es\/tienda\/wp-json\/wp\/v2\/media?parent=5961"}],"wp:term":[{"taxonomy":"pwb-brand","embeddable":true,"href":"https:\/\/amedis.es\/tienda\/wp-json\/wp\/v2\/pwb-brand?post=5961"},{"taxonomy":"product_brand","embeddable":true,"href":"https:\/\/amedis.es\/tienda\/wp-json\/wp\/v2\/product_brand?post=5961"},{"taxonomy":"product_cat","embeddable":true,"href":"https:\/\/amedis.es\/tienda\/wp-json\/wp\/v2\/product_cat?post=5961"},{"taxonomy":"product_tag","embeddable":true,"href":"https:\/\/amedis.es\/tienda\/wp-json\/wp\/v2\/product_tag?post=5961"}],"curies":[{"name":"wp","href":"https:\/\/api.w.org\/{rel}","templated":true}]}}