{"id":5947,"date":"2021-03-18T18:31:58","date_gmt":"2021-03-18T18:31:58","guid":{"rendered":"https:\/\/amedis.es\/tienda\/?post_type=product&#038;p=5947"},"modified":"2023-02-01T20:52:57","modified_gmt":"2023-02-01T20:52:57","slug":"hilo-retractor-dentaflux-n-1","status":"publish","type":"product","link":"https:\/\/amedis.es\/tienda\/producto\/hilo-retractor-dentaflux-n-1\/","title":{"rendered":"HILO RETRACTOR DENTAFLUX N\u00ba 1"},"content":{"rendered":"<p>Hilo retractor Dentaflux n\u00ba 1. Hilos de retracci\u00f3n para la retracci\u00f3n gingival antes de realizar una impresi\u00f3n dental o de la colocaci\u00f3n de coronas puentes. Hilo de retracci\u00f3n trenzado 100% algod\u00f3n de 254cm. Super absorbente no se deshilacha inserci\u00f3n sencilla envase inteligente con cortador integrado para mayor facilidad.<\/p>\n<p>ENVASE: 1 bote de 2,54 m.<\/p>\n<p>REFERENCIA 120491<\/p>\n","protected":false},"excerpt":{"rendered":"<p>DENTAFLUX<\/p>\n","protected":false},"featured_media":21999,"template":"","meta":[],"pwb-brand":[],"product_brand":[],"product_cat":[1150,192,176],"product_tag":[],"class_list":{"0":"post-5947","1":"product","2":"type-product","3":"status-publish","4":"has-post-thumbnail","6":"product_cat-dentaflux-hilo-retractor","7":"product_cat-hilo-retractor","8":"product_cat-impresion","10":"first","11":"instock","12":"sale","13":"taxable","14":"shipping-taxable","15":"purchasable","16":"product-type-simple"},"yoast_head":"<!-- This site is optimized with the Yoast SEO plugin v27.4 - https:\/\/yoast.com\/product\/yoast-seo-wordpress\/ -->\n<title>HILO RETRACTOR DENTAFLUX N\u00ba 1 | Amedis | DENTAFLUX<\/title>\n<meta name=\"description\" content=\"Hilo retractor Dentaflux n\u00ba 1. Retracci\u00f3n de la enc\u00eda para toma de impresiones de hilo trenzado no impregnado. Retrae la enc\u00eda\" \/>\n<meta name=\"robots\" content=\"index, follow, max-snippet:-1, max-image-preview:large, max-video-preview:-1\" \/>\n<link rel=\"canonical\" href=\"https:\/\/amedis.es\/tienda\/?product=hilo-retractor-dentaflux-n-1\" \/>\n<meta property=\"og:locale\" content=\"es_ES\" \/>\n<meta property=\"og:type\" content=\"article\" \/>\n<meta property=\"og:title\" content=\"HILO RETRACTOR DENTAFLUX N\u00ba 1 | Amedis | DENTAFLUX\" \/>\n<meta property=\"og:description\" content=\"Hilo retractor Dentaflux n\u00ba 1. Retracci\u00f3n de la enc\u00eda para toma de impresiones de hilo trenzado no impregnado. Retrae la enc\u00eda\" \/>\n<meta property=\"og:url\" content=\"https:\/\/amedis.es\/tienda\/?product=hilo-retractor-dentaflux-n-1\" \/>\n<meta property=\"og:site_name\" content=\"Amedis\" \/>\n<meta property=\"article:modified_time\" content=\"2023-02-01T20:52:57+00:00\" \/>\n<meta property=\"og:image\" content=\"https:\/\/amedis.es\/tienda\/wp-content\/uploads\/2021\/03\/HILOS-DE-RETRACCION-DENTAFLUX.jpg\" \/>\n\t<meta property=\"og:image:width\" content=\"600\" \/>\n\t<meta property=\"og:image:height\" content=\"600\" \/>\n\t<meta property=\"og:image:type\" content=\"image\/jpeg\" \/>\n<meta name=\"twitter:card\" content=\"summary_large_image\" \/>\n<script type=\"application\/ld+json\" class=\"yoast-schema-graph\">{\"@context\":\"https:\\\/\\\/schema.org\",\"@graph\":[{\"@type\":\"WebPage\",\"@id\":\"https:\\\/\\\/amedis.es\\\/tienda\\\/?product=hilo-retractor-dentaflux-n-1\",\"url\":\"https:\\\/\\\/amedis.es\\\/tienda\\\/?product=hilo-retractor-dentaflux-n-1\",\"name\":\"HILO RETRACTOR DENTAFLUX N\u00ba 1 | Amedis | DENTAFLUX\",\"isPartOf\":{\"@id\":\"https:\\\/\\\/amedis.es\\\/tienda\\\/#website\"},\"primaryImageOfPage\":{\"@id\":\"https:\\\/\\\/amedis.es\\\/tienda\\\/?product=hilo-retractor-dentaflux-n-1#primaryimage\"},\"image\":{\"@id\":\"https:\\\/\\\/amedis.es\\\/tienda\\\/?product=hilo-retractor-dentaflux-n-1#primaryimage\"},\"thumbnailUrl\":\"https:\\\/\\\/amedis.es\\\/tienda\\\/wp-content\\\/uploads\\\/2021\\\/03\\\/HILOS-DE-RETRACCION-DENTAFLUX.jpg\",\"datePublished\":\"2021-03-18T18:31:58+00:00\",\"dateModified\":\"2023-02-01T20:52:57+00:00\",\"description\":\"Hilo retractor Dentaflux n\u00ba 1. Retracci\u00f3n de la enc\u00eda para toma de impresiones de hilo trenzado no impregnado. Retrae la enc\u00eda\",\"breadcrumb\":{\"@id\":\"https:\\\/\\\/amedis.es\\\/tienda\\\/?product=hilo-retractor-dentaflux-n-1#breadcrumb\"},\"inLanguage\":\"es\",\"potentialAction\":[{\"@type\":\"ReadAction\",\"target\":[\"https:\\\/\\\/amedis.es\\\/tienda\\\/?product=hilo-retractor-dentaflux-n-1\"]}]},{\"@type\":\"ImageObject\",\"inLanguage\":\"es\",\"@id\":\"https:\\\/\\\/amedis.es\\\/tienda\\\/?product=hilo-retractor-dentaflux-n-1#primaryimage\",\"url\":\"https:\\\/\\\/amedis.es\\\/tienda\\\/wp-content\\\/uploads\\\/2021\\\/03\\\/HILOS-DE-RETRACCION-DENTAFLUX.jpg\",\"contentUrl\":\"https:\\\/\\\/amedis.es\\\/tienda\\\/wp-content\\\/uploads\\\/2021\\\/03\\\/HILOS-DE-RETRACCION-DENTAFLUX.jpg\",\"width\":600,\"height\":600,\"caption\":\"Amedis HILOS DE RETRACCION DENTAFLUX\"},{\"@type\":\"BreadcrumbList\",\"@id\":\"https:\\\/\\\/amedis.es\\\/tienda\\\/?product=hilo-retractor-dentaflux-n-1#breadcrumb\",\"itemListElement\":[{\"@type\":\"ListItem\",\"position\":1,\"name\":\"Portada\",\"item\":\"https:\\\/\\\/amedis.es\\\/tienda\\\/\"},{\"@type\":\"ListItem\",\"position\":2,\"name\":\"Amedis | Suministros M\u00e9dicos y Dentales | Tienda\",\"item\":\"https:\\\/\\\/amedis.es\\\/tienda\\\/suministros-medicos-y-dentales\\\/\"},{\"@type\":\"ListItem\",\"position\":3,\"name\":\"HILO RETRACTOR DENTAFLUX N\u00ba 1\"}]},{\"@type\":\"WebSite\",\"@id\":\"https:\\\/\\\/amedis.es\\\/tienda\\\/#website\",\"url\":\"https:\\\/\\\/amedis.es\\\/tienda\\\/\",\"name\":\"Amedis\",\"description\":\"Suministros M\u00e9dicos y Dentales\",\"publisher\":{\"@id\":\"https:\\\/\\\/amedis.es\\\/tienda\\\/#organization\"},\"potentialAction\":[{\"@type\":\"SearchAction\",\"target\":{\"@type\":\"EntryPoint\",\"urlTemplate\":\"https:\\\/\\\/amedis.es\\\/tienda\\\/?s={search_term_string}\"},\"query-input\":{\"@type\":\"PropertyValueSpecification\",\"valueRequired\":true,\"valueName\":\"search_term_string\"}}],\"inLanguage\":\"es\"},{\"@type\":\"Organization\",\"@id\":\"https:\\\/\\\/amedis.es\\\/tienda\\\/#organization\",\"name\":\"Amedis | Suministros M\u00e9dicos y Dentales\",\"url\":\"https:\\\/\\\/amedis.es\\\/tienda\\\/\",\"logo\":{\"@type\":\"ImageObject\",\"inLanguage\":\"es\",\"@id\":\"https:\\\/\\\/amedis.es\\\/tienda\\\/#\\\/schema\\\/logo\\\/image\\\/\",\"url\":\"https:\\\/\\\/amedis.es\\\/tienda\\\/wp-content\\\/uploads\\\/2020\\\/05\\\/logo-1.png\",\"contentUrl\":\"https:\\\/\\\/amedis.es\\\/tienda\\\/wp-content\\\/uploads\\\/2020\\\/05\\\/logo-1.png\",\"width\":191,\"height\":80,\"caption\":\"Amedis | Suministros M\u00e9dicos y Dentales\"},\"image\":{\"@id\":\"https:\\\/\\\/amedis.es\\\/tienda\\\/#\\\/schema\\\/logo\\\/image\\\/\"}}]}<\/script>\n<!-- \/ Yoast SEO plugin. -->","yoast_head_json":{"title":"HILO RETRACTOR DENTAFLUX N\u00ba 1 | Amedis | DENTAFLUX","description":"Hilo retractor Dentaflux n\u00ba 1. Retracci\u00f3n de la enc\u00eda para toma de impresiones de hilo trenzado no impregnado. Retrae la enc\u00eda","robots":{"index":"index","follow":"follow","max-snippet":"max-snippet:-1","max-image-preview":"max-image-preview:large","max-video-preview":"max-video-preview:-1"},"canonical":"https:\/\/amedis.es\/tienda\/?product=hilo-retractor-dentaflux-n-1","og_locale":"es_ES","og_type":"article","og_title":"HILO RETRACTOR DENTAFLUX N\u00ba 1 | Amedis | DENTAFLUX","og_description":"Hilo retractor Dentaflux n\u00ba 1. Retracci\u00f3n de la enc\u00eda para toma de impresiones de hilo trenzado no impregnado. Retrae la enc\u00eda","og_url":"https:\/\/amedis.es\/tienda\/?product=hilo-retractor-dentaflux-n-1","og_site_name":"Amedis","article_modified_time":"2023-02-01T20:52:57+00:00","og_image":[{"width":600,"height":600,"url":"https:\/\/amedis.es\/tienda\/wp-content\/uploads\/2021\/03\/HILOS-DE-RETRACCION-DENTAFLUX.jpg","type":"image\/jpeg"}],"twitter_card":"summary_large_image","schema":{"@context":"https:\/\/schema.org","@graph":[{"@type":"WebPage","@id":"https:\/\/amedis.es\/tienda\/?product=hilo-retractor-dentaflux-n-1","url":"https:\/\/amedis.es\/tienda\/?product=hilo-retractor-dentaflux-n-1","name":"HILO RETRACTOR DENTAFLUX N\u00ba 1 | Amedis | DENTAFLUX","isPartOf":{"@id":"https:\/\/amedis.es\/tienda\/#website"},"primaryImageOfPage":{"@id":"https:\/\/amedis.es\/tienda\/?product=hilo-retractor-dentaflux-n-1#primaryimage"},"image":{"@id":"https:\/\/amedis.es\/tienda\/?product=hilo-retractor-dentaflux-n-1#primaryimage"},"thumbnailUrl":"https:\/\/amedis.es\/tienda\/wp-content\/uploads\/2021\/03\/HILOS-DE-RETRACCION-DENTAFLUX.jpg","datePublished":"2021-03-18T18:31:58+00:00","dateModified":"2023-02-01T20:52:57+00:00","description":"Hilo retractor Dentaflux n\u00ba 1. Retracci\u00f3n de la enc\u00eda para toma de impresiones de hilo trenzado no impregnado. Retrae la enc\u00eda","breadcrumb":{"@id":"https:\/\/amedis.es\/tienda\/?product=hilo-retractor-dentaflux-n-1#breadcrumb"},"inLanguage":"es","potentialAction":[{"@type":"ReadAction","target":["https:\/\/amedis.es\/tienda\/?product=hilo-retractor-dentaflux-n-1"]}]},{"@type":"ImageObject","inLanguage":"es","@id":"https:\/\/amedis.es\/tienda\/?product=hilo-retractor-dentaflux-n-1#primaryimage","url":"https:\/\/amedis.es\/tienda\/wp-content\/uploads\/2021\/03\/HILOS-DE-RETRACCION-DENTAFLUX.jpg","contentUrl":"https:\/\/amedis.es\/tienda\/wp-content\/uploads\/2021\/03\/HILOS-DE-RETRACCION-DENTAFLUX.jpg","width":600,"height":600,"caption":"Amedis HILOS DE RETRACCION DENTAFLUX"},{"@type":"BreadcrumbList","@id":"https:\/\/amedis.es\/tienda\/?product=hilo-retractor-dentaflux-n-1#breadcrumb","itemListElement":[{"@type":"ListItem","position":1,"name":"Portada","item":"https:\/\/amedis.es\/tienda\/"},{"@type":"ListItem","position":2,"name":"Amedis | Suministros M\u00e9dicos y Dentales | Tienda","item":"https:\/\/amedis.es\/tienda\/suministros-medicos-y-dentales\/"},{"@type":"ListItem","position":3,"name":"HILO RETRACTOR DENTAFLUX N\u00ba 1"}]},{"@type":"WebSite","@id":"https:\/\/amedis.es\/tienda\/#website","url":"https:\/\/amedis.es\/tienda\/","name":"Amedis","description":"Suministros M\u00e9dicos y Dentales","publisher":{"@id":"https:\/\/amedis.es\/tienda\/#organization"},"potentialAction":[{"@type":"SearchAction","target":{"@type":"EntryPoint","urlTemplate":"https:\/\/amedis.es\/tienda\/?s={search_term_string}"},"query-input":{"@type":"PropertyValueSpecification","valueRequired":true,"valueName":"search_term_string"}}],"inLanguage":"es"},{"@type":"Organization","@id":"https:\/\/amedis.es\/tienda\/#organization","name":"Amedis | Suministros M\u00e9dicos y Dentales","url":"https:\/\/amedis.es\/tienda\/","logo":{"@type":"ImageObject","inLanguage":"es","@id":"https:\/\/amedis.es\/tienda\/#\/schema\/logo\/image\/","url":"https:\/\/amedis.es\/tienda\/wp-content\/uploads\/2020\/05\/logo-1.png","contentUrl":"https:\/\/amedis.es\/tienda\/wp-content\/uploads\/2020\/05\/logo-1.png","width":191,"height":80,"caption":"Amedis | Suministros M\u00e9dicos y Dentales"},"image":{"@id":"https:\/\/amedis.es\/tienda\/#\/schema\/logo\/image\/"}}]}},"brands":[],"_links":{"self":[{"href":"https:\/\/amedis.es\/tienda\/wp-json\/wp\/v2\/product\/5947","targetHints":{"allow":["GET"]}}],"collection":[{"href":"https:\/\/amedis.es\/tienda\/wp-json\/wp\/v2\/product"}],"about":[{"href":"https:\/\/amedis.es\/tienda\/wp-json\/wp\/v2\/types\/product"}],"wp:featuredmedia":[{"embeddable":true,"href":"https:\/\/amedis.es\/tienda\/wp-json\/wp\/v2\/media\/21999"}],"wp:attachment":[{"href":"https:\/\/amedis.es\/tienda\/wp-json\/wp\/v2\/media?parent=5947"}],"wp:term":[{"taxonomy":"pwb-brand","embeddable":true,"href":"https:\/\/amedis.es\/tienda\/wp-json\/wp\/v2\/pwb-brand?post=5947"},{"taxonomy":"product_brand","embeddable":true,"href":"https:\/\/amedis.es\/tienda\/wp-json\/wp\/v2\/product_brand?post=5947"},{"taxonomy":"product_cat","embeddable":true,"href":"https:\/\/amedis.es\/tienda\/wp-json\/wp\/v2\/product_cat?post=5947"},{"taxonomy":"product_tag","embeddable":true,"href":"https:\/\/amedis.es\/tienda\/wp-json\/wp\/v2\/product_tag?post=5947"}],"curies":[{"name":"wp","href":"https:\/\/api.w.org\/{rel}","templated":true}]}}