{"id":5923,"date":"2021-03-18T17:42:43","date_gmt":"2021-03-18T17:42:43","guid":{"rendered":"https:\/\/amedis.es\/tienda\/?post_type=product&#038;p=5923"},"modified":"2024-10-02T15:55:39","modified_gmt":"2024-10-02T15:55:39","slug":"kit-de-primera-exploracion-bader","status":"publish","type":"product","link":"https:\/\/amedis.es\/tienda\/producto\/kit-de-primera-exploracion-bader\/","title":{"rendered":"KIT DE PRIMERA EXPLORACION BADER"},"content":{"rendered":"<p>Kit de primera exploraci\u00f3n Bader que incorpora los instrumentos necesarios para realizar una exploraci\u00f3n dental b\u00e1sica.<\/p>\n<p>&#8211; Material: acero inoxidable.<br \/>\n&#8211; Incluye: pinza Meriam, explorador doble n\u00ba5, mango de espejo y espejo.<br \/>\n&#8211; El explorador doble o sonda de exploraci\u00f3n doble, es un instrumento con punta redondeada y triangular para el diagn\u00f3stico de caries y uso general en odontolog\u00eda.<br \/>\n&#8211; La pinza de exploraci\u00f3n goza de una punta de mayor tama\u00f1o y angulaci\u00f3n.<br \/>\n&#8211; El mango para espejo viene con rosca Cone Socket.<\/p>\n<p>REFERENCIA 123057<\/p>\n","protected":false},"excerpt":{"rendered":"<p>BADER<\/p>\n","protected":false},"featured_media":5924,"template":"","meta":[],"pwb-brand":[2398],"product_brand":[],"product_cat":[1635,199,201],"product_tag":[],"class_list":{"0":"post-5923","1":"product","2":"type-product","3":"status-publish","4":"has-post-thumbnail","6":"pwb-brand-bader","7":"product_cat-bader-varios-instrumental","8":"product_cat-instrumental","9":"product_cat-varios-instrumental","11":"first","12":"instock","13":"sale","14":"taxable","15":"shipping-taxable","16":"purchasable","17":"product-type-simple"},"yoast_head":"<!-- This site is optimized with the Yoast SEO plugin v27.4 - https:\/\/yoast.com\/product\/yoast-seo-wordpress\/ -->\n<title>KIT DE PRIMERA EXPLORACION BADER | Amedis<\/title>\n<meta name=\"description\" content=\"Kit de primera exploraci\u00f3n Bader que incorpora los instrumentos necesarios para realizar una exploraci\u00f3n dental b\u00e1sica. Acero inoxidable.\" \/>\n<meta name=\"robots\" content=\"index, follow, max-snippet:-1, max-image-preview:large, max-video-preview:-1\" \/>\n<link rel=\"canonical\" href=\"https:\/\/amedis.es\/tienda\/producto\/kit-de-primera-exploracion-bader\/\" \/>\n<meta property=\"og:locale\" content=\"es_ES\" \/>\n<meta property=\"og:type\" content=\"article\" \/>\n<meta property=\"og:title\" content=\"KIT DE PRIMERA EXPLORACION BADER | Amedis\" \/>\n<meta property=\"og:description\" content=\"Kit de primera exploraci\u00f3n Bader que incorpora los instrumentos necesarios para realizar una exploraci\u00f3n dental b\u00e1sica. Acero inoxidable.\" \/>\n<meta property=\"og:url\" content=\"https:\/\/amedis.es\/tienda\/producto\/kit-de-primera-exploracion-bader\/\" \/>\n<meta property=\"og:site_name\" content=\"Amedis\" \/>\n<meta property=\"article:modified_time\" content=\"2024-10-02T15:55:39+00:00\" \/>\n<meta property=\"og:image\" content=\"https:\/\/amedis.es\/tienda\/wp-content\/uploads\/2021\/03\/KIT-DE-PRIMERA-EXPLORACION-BADER.jpg\" \/>\n\t<meta property=\"og:image:width\" content=\"600\" \/>\n\t<meta property=\"og:image:height\" content=\"600\" \/>\n\t<meta property=\"og:image:type\" content=\"image\/jpeg\" \/>\n<meta name=\"twitter:card\" content=\"summary_large_image\" \/>\n<script type=\"application\/ld+json\" class=\"yoast-schema-graph\">{\"@context\":\"https:\\\/\\\/schema.org\",\"@graph\":[{\"@type\":\"WebPage\",\"@id\":\"https:\\\/\\\/amedis.es\\\/tienda\\\/producto\\\/kit-de-primera-exploracion-bader\\\/\",\"url\":\"https:\\\/\\\/amedis.es\\\/tienda\\\/producto\\\/kit-de-primera-exploracion-bader\\\/\",\"name\":\"KIT DE PRIMERA EXPLORACION BADER | Amedis\",\"isPartOf\":{\"@id\":\"https:\\\/\\\/amedis.es\\\/tienda\\\/#website\"},\"primaryImageOfPage\":{\"@id\":\"https:\\\/\\\/amedis.es\\\/tienda\\\/producto\\\/kit-de-primera-exploracion-bader\\\/#primaryimage\"},\"image\":{\"@id\":\"https:\\\/\\\/amedis.es\\\/tienda\\\/producto\\\/kit-de-primera-exploracion-bader\\\/#primaryimage\"},\"thumbnailUrl\":\"https:\\\/\\\/amedis.es\\\/tienda\\\/wp-content\\\/uploads\\\/2021\\\/03\\\/KIT-DE-PRIMERA-EXPLORACION-BADER.jpg\",\"datePublished\":\"2021-03-18T17:42:43+00:00\",\"dateModified\":\"2024-10-02T15:55:39+00:00\",\"description\":\"Kit de primera exploraci\u00f3n Bader que incorpora los instrumentos necesarios para realizar una exploraci\u00f3n dental b\u00e1sica. Acero inoxidable.\",\"breadcrumb\":{\"@id\":\"https:\\\/\\\/amedis.es\\\/tienda\\\/producto\\\/kit-de-primera-exploracion-bader\\\/#breadcrumb\"},\"inLanguage\":\"es\",\"potentialAction\":[{\"@type\":\"ReadAction\",\"target\":[\"https:\\\/\\\/amedis.es\\\/tienda\\\/producto\\\/kit-de-primera-exploracion-bader\\\/\"]}]},{\"@type\":\"ImageObject\",\"inLanguage\":\"es\",\"@id\":\"https:\\\/\\\/amedis.es\\\/tienda\\\/producto\\\/kit-de-primera-exploracion-bader\\\/#primaryimage\",\"url\":\"https:\\\/\\\/amedis.es\\\/tienda\\\/wp-content\\\/uploads\\\/2021\\\/03\\\/KIT-DE-PRIMERA-EXPLORACION-BADER.jpg\",\"contentUrl\":\"https:\\\/\\\/amedis.es\\\/tienda\\\/wp-content\\\/uploads\\\/2021\\\/03\\\/KIT-DE-PRIMERA-EXPLORACION-BADER.jpg\",\"width\":600,\"height\":600,\"caption\":\"Amedis KIT DE PRIMERA EXPLORACION BADER\"},{\"@type\":\"BreadcrumbList\",\"@id\":\"https:\\\/\\\/amedis.es\\\/tienda\\\/producto\\\/kit-de-primera-exploracion-bader\\\/#breadcrumb\",\"itemListElement\":[{\"@type\":\"ListItem\",\"position\":1,\"name\":\"Portada\",\"item\":\"https:\\\/\\\/amedis.es\\\/tienda\\\/\"},{\"@type\":\"ListItem\",\"position\":2,\"name\":\"Amedis | Suministros M\u00e9dicos y Dentales | Tienda\",\"item\":\"https:\\\/\\\/amedis.es\\\/tienda\\\/suministros-medicos-y-dentales\\\/\"},{\"@type\":\"ListItem\",\"position\":3,\"name\":\"KIT DE PRIMERA EXPLORACION BADER\"}]},{\"@type\":\"WebSite\",\"@id\":\"https:\\\/\\\/amedis.es\\\/tienda\\\/#website\",\"url\":\"https:\\\/\\\/amedis.es\\\/tienda\\\/\",\"name\":\"Amedis\",\"description\":\"Suministros M\u00e9dicos y Dentales\",\"publisher\":{\"@id\":\"https:\\\/\\\/amedis.es\\\/tienda\\\/#organization\"},\"potentialAction\":[{\"@type\":\"SearchAction\",\"target\":{\"@type\":\"EntryPoint\",\"urlTemplate\":\"https:\\\/\\\/amedis.es\\\/tienda\\\/?s={search_term_string}\"},\"query-input\":{\"@type\":\"PropertyValueSpecification\",\"valueRequired\":true,\"valueName\":\"search_term_string\"}}],\"inLanguage\":\"es\"},{\"@type\":\"Organization\",\"@id\":\"https:\\\/\\\/amedis.es\\\/tienda\\\/#organization\",\"name\":\"Amedis | Suministros M\u00e9dicos y Dentales\",\"url\":\"https:\\\/\\\/amedis.es\\\/tienda\\\/\",\"logo\":{\"@type\":\"ImageObject\",\"inLanguage\":\"es\",\"@id\":\"https:\\\/\\\/amedis.es\\\/tienda\\\/#\\\/schema\\\/logo\\\/image\\\/\",\"url\":\"https:\\\/\\\/amedis.es\\\/tienda\\\/wp-content\\\/uploads\\\/2020\\\/05\\\/logo-1.png\",\"contentUrl\":\"https:\\\/\\\/amedis.es\\\/tienda\\\/wp-content\\\/uploads\\\/2020\\\/05\\\/logo-1.png\",\"width\":191,\"height\":80,\"caption\":\"Amedis | Suministros M\u00e9dicos y Dentales\"},\"image\":{\"@id\":\"https:\\\/\\\/amedis.es\\\/tienda\\\/#\\\/schema\\\/logo\\\/image\\\/\"}}]}<\/script>\n<!-- \/ Yoast SEO plugin. -->","yoast_head_json":{"title":"KIT DE PRIMERA EXPLORACION BADER | Amedis","description":"Kit de primera exploraci\u00f3n Bader que incorpora los instrumentos necesarios para realizar una exploraci\u00f3n dental b\u00e1sica. Acero inoxidable.","robots":{"index":"index","follow":"follow","max-snippet":"max-snippet:-1","max-image-preview":"max-image-preview:large","max-video-preview":"max-video-preview:-1"},"canonical":"https:\/\/amedis.es\/tienda\/producto\/kit-de-primera-exploracion-bader\/","og_locale":"es_ES","og_type":"article","og_title":"KIT DE PRIMERA EXPLORACION BADER | Amedis","og_description":"Kit de primera exploraci\u00f3n Bader que incorpora los instrumentos necesarios para realizar una exploraci\u00f3n dental b\u00e1sica. Acero inoxidable.","og_url":"https:\/\/amedis.es\/tienda\/producto\/kit-de-primera-exploracion-bader\/","og_site_name":"Amedis","article_modified_time":"2024-10-02T15:55:39+00:00","og_image":[{"width":600,"height":600,"url":"https:\/\/amedis.es\/tienda\/wp-content\/uploads\/2021\/03\/KIT-DE-PRIMERA-EXPLORACION-BADER.jpg","type":"image\/jpeg"}],"twitter_card":"summary_large_image","schema":{"@context":"https:\/\/schema.org","@graph":[{"@type":"WebPage","@id":"https:\/\/amedis.es\/tienda\/producto\/kit-de-primera-exploracion-bader\/","url":"https:\/\/amedis.es\/tienda\/producto\/kit-de-primera-exploracion-bader\/","name":"KIT DE PRIMERA EXPLORACION BADER | Amedis","isPartOf":{"@id":"https:\/\/amedis.es\/tienda\/#website"},"primaryImageOfPage":{"@id":"https:\/\/amedis.es\/tienda\/producto\/kit-de-primera-exploracion-bader\/#primaryimage"},"image":{"@id":"https:\/\/amedis.es\/tienda\/producto\/kit-de-primera-exploracion-bader\/#primaryimage"},"thumbnailUrl":"https:\/\/amedis.es\/tienda\/wp-content\/uploads\/2021\/03\/KIT-DE-PRIMERA-EXPLORACION-BADER.jpg","datePublished":"2021-03-18T17:42:43+00:00","dateModified":"2024-10-02T15:55:39+00:00","description":"Kit de primera exploraci\u00f3n Bader que incorpora los instrumentos necesarios para realizar una exploraci\u00f3n dental b\u00e1sica. Acero inoxidable.","breadcrumb":{"@id":"https:\/\/amedis.es\/tienda\/producto\/kit-de-primera-exploracion-bader\/#breadcrumb"},"inLanguage":"es","potentialAction":[{"@type":"ReadAction","target":["https:\/\/amedis.es\/tienda\/producto\/kit-de-primera-exploracion-bader\/"]}]},{"@type":"ImageObject","inLanguage":"es","@id":"https:\/\/amedis.es\/tienda\/producto\/kit-de-primera-exploracion-bader\/#primaryimage","url":"https:\/\/amedis.es\/tienda\/wp-content\/uploads\/2021\/03\/KIT-DE-PRIMERA-EXPLORACION-BADER.jpg","contentUrl":"https:\/\/amedis.es\/tienda\/wp-content\/uploads\/2021\/03\/KIT-DE-PRIMERA-EXPLORACION-BADER.jpg","width":600,"height":600,"caption":"Amedis KIT DE PRIMERA EXPLORACION BADER"},{"@type":"BreadcrumbList","@id":"https:\/\/amedis.es\/tienda\/producto\/kit-de-primera-exploracion-bader\/#breadcrumb","itemListElement":[{"@type":"ListItem","position":1,"name":"Portada","item":"https:\/\/amedis.es\/tienda\/"},{"@type":"ListItem","position":2,"name":"Amedis | Suministros M\u00e9dicos y Dentales | Tienda","item":"https:\/\/amedis.es\/tienda\/suministros-medicos-y-dentales\/"},{"@type":"ListItem","position":3,"name":"KIT DE PRIMERA EXPLORACION BADER"}]},{"@type":"WebSite","@id":"https:\/\/amedis.es\/tienda\/#website","url":"https:\/\/amedis.es\/tienda\/","name":"Amedis","description":"Suministros M\u00e9dicos y Dentales","publisher":{"@id":"https:\/\/amedis.es\/tienda\/#organization"},"potentialAction":[{"@type":"SearchAction","target":{"@type":"EntryPoint","urlTemplate":"https:\/\/amedis.es\/tienda\/?s={search_term_string}"},"query-input":{"@type":"PropertyValueSpecification","valueRequired":true,"valueName":"search_term_string"}}],"inLanguage":"es"},{"@type":"Organization","@id":"https:\/\/amedis.es\/tienda\/#organization","name":"Amedis | Suministros M\u00e9dicos y Dentales","url":"https:\/\/amedis.es\/tienda\/","logo":{"@type":"ImageObject","inLanguage":"es","@id":"https:\/\/amedis.es\/tienda\/#\/schema\/logo\/image\/","url":"https:\/\/amedis.es\/tienda\/wp-content\/uploads\/2020\/05\/logo-1.png","contentUrl":"https:\/\/amedis.es\/tienda\/wp-content\/uploads\/2020\/05\/logo-1.png","width":191,"height":80,"caption":"Amedis | Suministros M\u00e9dicos y Dentales"},"image":{"@id":"https:\/\/amedis.es\/tienda\/#\/schema\/logo\/image\/"}}]}},"brands":[{"id":2398,"name":"BADER","slug":"bader"}],"_links":{"self":[{"href":"https:\/\/amedis.es\/tienda\/wp-json\/wp\/v2\/product\/5923","targetHints":{"allow":["GET"]}}],"collection":[{"href":"https:\/\/amedis.es\/tienda\/wp-json\/wp\/v2\/product"}],"about":[{"href":"https:\/\/amedis.es\/tienda\/wp-json\/wp\/v2\/types\/product"}],"wp:featuredmedia":[{"embeddable":true,"href":"https:\/\/amedis.es\/tienda\/wp-json\/wp\/v2\/media\/5924"}],"wp:attachment":[{"href":"https:\/\/amedis.es\/tienda\/wp-json\/wp\/v2\/media?parent=5923"}],"wp:term":[{"taxonomy":"pwb-brand","embeddable":true,"href":"https:\/\/amedis.es\/tienda\/wp-json\/wp\/v2\/pwb-brand?post=5923"},{"taxonomy":"product_brand","embeddable":true,"href":"https:\/\/amedis.es\/tienda\/wp-json\/wp\/v2\/product_brand?post=5923"},{"taxonomy":"product_cat","embeddable":true,"href":"https:\/\/amedis.es\/tienda\/wp-json\/wp\/v2\/product_cat?post=5923"},{"taxonomy":"product_tag","embeddable":true,"href":"https:\/\/amedis.es\/tienda\/wp-json\/wp\/v2\/product_tag?post=5923"}],"curies":[{"name":"wp","href":"https:\/\/api.w.org\/{rel}","templated":true}]}}