{"id":5909,"date":"2021-03-18T15:08:04","date_gmt":"2021-03-18T15:08:04","guid":{"rendered":"https:\/\/amedis.es\/tienda\/?post_type=product&#038;p=5909"},"modified":"2024-10-02T16:00:46","modified_gmt":"2024-10-02T16:00:46","slug":"hilo-de-retraccion-septofil","status":"publish","type":"product","link":"https:\/\/amedis.es\/tienda\/producto\/hilo-de-retraccion-septofil\/","title":{"rendered":"HILO DE RETRACCI\u00d3N SEPTOFIL"},"content":{"rendered":"<p>Hilo de retracci\u00f3n Septofil. Hilo de retracci\u00f3n de tejido no impregnado. Algod\u00f3n procesado naturalmente. Hace que el control de la humedad sea efectivo al tiempo que minimiza la irritaci\u00f3n gingival. Mejor absorci\u00f3n y expansi\u00f3n. Sin riesgos de efectos secundarios. <\/p>\n<p>ENVASE: 1 bote de 2,54 metros.<\/p>\n","protected":false},"excerpt":{"rendered":"<p>SEPTODONT<\/p>\n","protected":false},"featured_media":21991,"template":"","meta":[],"pwb-brand":[2371],"product_brand":[],"product_cat":[192,176],"product_tag":[],"class_list":{"0":"post-5909","1":"product","2":"type-product","3":"status-publish","4":"has-post-thumbnail","6":"pwb-brand-septodont","7":"product_cat-hilo-retractor","8":"product_cat-impresion","10":"first","11":"instock","12":"sale","13":"taxable","14":"shipping-taxable","15":"purchasable","16":"product-type-variable"},"yoast_head":"<!-- This site is optimized with the Yoast SEO plugin v27.4 - https:\/\/yoast.com\/product\/yoast-seo-wordpress\/ -->\n<title>HILO DE RETRACCI\u00d3N SEPTOFIL | Amedis | SEPTODONT<\/title>\n<meta name=\"description\" content=\"Hilo de retracci\u00f3n Septofil. Hilo de retracci\u00f3n de tejido no impregnado. Algod\u00f3n procesado naturalmente. Sin riesgos de efectos secundarios.\" \/>\n<meta name=\"robots\" content=\"index, follow, max-snippet:-1, max-image-preview:large, max-video-preview:-1\" \/>\n<link rel=\"canonical\" href=\"https:\/\/amedis.es\/tienda\/?product=hilo-de-retraccion-septofil\" \/>\n<meta property=\"og:locale\" content=\"es_ES\" \/>\n<meta property=\"og:type\" content=\"article\" \/>\n<meta property=\"og:title\" content=\"HILO DE RETRACCI\u00d3N SEPTOFIL | Amedis | SEPTODONT\" \/>\n<meta property=\"og:description\" content=\"Hilo de retracci\u00f3n Septofil. Hilo de retracci\u00f3n de tejido no impregnado. Algod\u00f3n procesado naturalmente. Sin riesgos de efectos secundarios.\" \/>\n<meta property=\"og:url\" content=\"https:\/\/amedis.es\/tienda\/?product=hilo-de-retraccion-septofil\" \/>\n<meta property=\"og:site_name\" content=\"Amedis\" \/>\n<meta property=\"article:modified_time\" content=\"2024-10-02T16:00:46+00:00\" \/>\n<meta property=\"og:image\" content=\"https:\/\/amedis.es\/tienda\/wp-content\/uploads\/2021\/03\/HILO-DE-RETRACCION-SEPTOFIL-.jpg\" \/>\n\t<meta property=\"og:image:width\" content=\"600\" \/>\n\t<meta property=\"og:image:height\" content=\"600\" \/>\n\t<meta property=\"og:image:type\" content=\"image\/jpeg\" \/>\n<meta name=\"twitter:card\" content=\"summary_large_image\" \/>\n<script type=\"application\/ld+json\" class=\"yoast-schema-graph\">{\"@context\":\"https:\\\/\\\/schema.org\",\"@graph\":[{\"@type\":\"WebPage\",\"@id\":\"https:\\\/\\\/amedis.es\\\/tienda\\\/?product=hilo-de-retraccion-septofil\",\"url\":\"https:\\\/\\\/amedis.es\\\/tienda\\\/?product=hilo-de-retraccion-septofil\",\"name\":\"HILO DE RETRACCI\u00d3N SEPTOFIL | Amedis | SEPTODONT\",\"isPartOf\":{\"@id\":\"https:\\\/\\\/amedis.es\\\/tienda\\\/#website\"},\"primaryImageOfPage\":{\"@id\":\"https:\\\/\\\/amedis.es\\\/tienda\\\/?product=hilo-de-retraccion-septofil#primaryimage\"},\"image\":{\"@id\":\"https:\\\/\\\/amedis.es\\\/tienda\\\/?product=hilo-de-retraccion-septofil#primaryimage\"},\"thumbnailUrl\":\"https:\\\/\\\/amedis.es\\\/tienda\\\/wp-content\\\/uploads\\\/2021\\\/03\\\/HILO-DE-RETRACCION-SEPTOFIL-.jpg\",\"datePublished\":\"2021-03-18T15:08:04+00:00\",\"dateModified\":\"2024-10-02T16:00:46+00:00\",\"description\":\"Hilo de retracci\u00f3n Septofil. Hilo de retracci\u00f3n de tejido no impregnado. Algod\u00f3n procesado naturalmente. Sin riesgos de efectos secundarios.\",\"breadcrumb\":{\"@id\":\"https:\\\/\\\/amedis.es\\\/tienda\\\/?product=hilo-de-retraccion-septofil#breadcrumb\"},\"inLanguage\":\"es\",\"potentialAction\":[{\"@type\":\"ReadAction\",\"target\":[\"https:\\\/\\\/amedis.es\\\/tienda\\\/?product=hilo-de-retraccion-septofil\"]}]},{\"@type\":\"ImageObject\",\"inLanguage\":\"es\",\"@id\":\"https:\\\/\\\/amedis.es\\\/tienda\\\/?product=hilo-de-retraccion-septofil#primaryimage\",\"url\":\"https:\\\/\\\/amedis.es\\\/tienda\\\/wp-content\\\/uploads\\\/2021\\\/03\\\/HILO-DE-RETRACCION-SEPTOFIL-.jpg\",\"contentUrl\":\"https:\\\/\\\/amedis.es\\\/tienda\\\/wp-content\\\/uploads\\\/2021\\\/03\\\/HILO-DE-RETRACCION-SEPTOFIL-.jpg\",\"width\":600,\"height\":600,\"caption\":\"Amedis HILO DE RETRACCI\u00d3N SEPTOFIL\"},{\"@type\":\"BreadcrumbList\",\"@id\":\"https:\\\/\\\/amedis.es\\\/tienda\\\/?product=hilo-de-retraccion-septofil#breadcrumb\",\"itemListElement\":[{\"@type\":\"ListItem\",\"position\":1,\"name\":\"Portada\",\"item\":\"https:\\\/\\\/amedis.es\\\/tienda\\\/\"},{\"@type\":\"ListItem\",\"position\":2,\"name\":\"Amedis | Suministros M\u00e9dicos y Dentales | Tienda\",\"item\":\"https:\\\/\\\/amedis.es\\\/tienda\\\/suministros-medicos-y-dentales\\\/\"},{\"@type\":\"ListItem\",\"position\":3,\"name\":\"HILO DE RETRACCI\u00d3N SEPTOFIL\"}]},{\"@type\":\"WebSite\",\"@id\":\"https:\\\/\\\/amedis.es\\\/tienda\\\/#website\",\"url\":\"https:\\\/\\\/amedis.es\\\/tienda\\\/\",\"name\":\"Amedis\",\"description\":\"Suministros M\u00e9dicos y Dentales\",\"publisher\":{\"@id\":\"https:\\\/\\\/amedis.es\\\/tienda\\\/#organization\"},\"potentialAction\":[{\"@type\":\"SearchAction\",\"target\":{\"@type\":\"EntryPoint\",\"urlTemplate\":\"https:\\\/\\\/amedis.es\\\/tienda\\\/?s={search_term_string}\"},\"query-input\":{\"@type\":\"PropertyValueSpecification\",\"valueRequired\":true,\"valueName\":\"search_term_string\"}}],\"inLanguage\":\"es\"},{\"@type\":\"Organization\",\"@id\":\"https:\\\/\\\/amedis.es\\\/tienda\\\/#organization\",\"name\":\"Amedis | Suministros M\u00e9dicos y Dentales\",\"url\":\"https:\\\/\\\/amedis.es\\\/tienda\\\/\",\"logo\":{\"@type\":\"ImageObject\",\"inLanguage\":\"es\",\"@id\":\"https:\\\/\\\/amedis.es\\\/tienda\\\/#\\\/schema\\\/logo\\\/image\\\/\",\"url\":\"https:\\\/\\\/amedis.es\\\/tienda\\\/wp-content\\\/uploads\\\/2020\\\/05\\\/logo-1.png\",\"contentUrl\":\"https:\\\/\\\/amedis.es\\\/tienda\\\/wp-content\\\/uploads\\\/2020\\\/05\\\/logo-1.png\",\"width\":191,\"height\":80,\"caption\":\"Amedis | Suministros M\u00e9dicos y Dentales\"},\"image\":{\"@id\":\"https:\\\/\\\/amedis.es\\\/tienda\\\/#\\\/schema\\\/logo\\\/image\\\/\"}}]}<\/script>\n<!-- \/ Yoast SEO plugin. -->","yoast_head_json":{"title":"HILO DE RETRACCI\u00d3N SEPTOFIL | Amedis | SEPTODONT","description":"Hilo de retracci\u00f3n Septofil. Hilo de retracci\u00f3n de tejido no impregnado. Algod\u00f3n procesado naturalmente. Sin riesgos de efectos secundarios.","robots":{"index":"index","follow":"follow","max-snippet":"max-snippet:-1","max-image-preview":"max-image-preview:large","max-video-preview":"max-video-preview:-1"},"canonical":"https:\/\/amedis.es\/tienda\/?product=hilo-de-retraccion-septofil","og_locale":"es_ES","og_type":"article","og_title":"HILO DE RETRACCI\u00d3N SEPTOFIL | Amedis | SEPTODONT","og_description":"Hilo de retracci\u00f3n Septofil. Hilo de retracci\u00f3n de tejido no impregnado. Algod\u00f3n procesado naturalmente. Sin riesgos de efectos secundarios.","og_url":"https:\/\/amedis.es\/tienda\/?product=hilo-de-retraccion-septofil","og_site_name":"Amedis","article_modified_time":"2024-10-02T16:00:46+00:00","og_image":[{"width":600,"height":600,"url":"https:\/\/amedis.es\/tienda\/wp-content\/uploads\/2021\/03\/HILO-DE-RETRACCION-SEPTOFIL-.jpg","type":"image\/jpeg"}],"twitter_card":"summary_large_image","schema":{"@context":"https:\/\/schema.org","@graph":[{"@type":"WebPage","@id":"https:\/\/amedis.es\/tienda\/?product=hilo-de-retraccion-septofil","url":"https:\/\/amedis.es\/tienda\/?product=hilo-de-retraccion-septofil","name":"HILO DE RETRACCI\u00d3N SEPTOFIL | Amedis | SEPTODONT","isPartOf":{"@id":"https:\/\/amedis.es\/tienda\/#website"},"primaryImageOfPage":{"@id":"https:\/\/amedis.es\/tienda\/?product=hilo-de-retraccion-septofil#primaryimage"},"image":{"@id":"https:\/\/amedis.es\/tienda\/?product=hilo-de-retraccion-septofil#primaryimage"},"thumbnailUrl":"https:\/\/amedis.es\/tienda\/wp-content\/uploads\/2021\/03\/HILO-DE-RETRACCION-SEPTOFIL-.jpg","datePublished":"2021-03-18T15:08:04+00:00","dateModified":"2024-10-02T16:00:46+00:00","description":"Hilo de retracci\u00f3n Septofil. Hilo de retracci\u00f3n de tejido no impregnado. Algod\u00f3n procesado naturalmente. Sin riesgos de efectos secundarios.","breadcrumb":{"@id":"https:\/\/amedis.es\/tienda\/?product=hilo-de-retraccion-septofil#breadcrumb"},"inLanguage":"es","potentialAction":[{"@type":"ReadAction","target":["https:\/\/amedis.es\/tienda\/?product=hilo-de-retraccion-septofil"]}]},{"@type":"ImageObject","inLanguage":"es","@id":"https:\/\/amedis.es\/tienda\/?product=hilo-de-retraccion-septofil#primaryimage","url":"https:\/\/amedis.es\/tienda\/wp-content\/uploads\/2021\/03\/HILO-DE-RETRACCION-SEPTOFIL-.jpg","contentUrl":"https:\/\/amedis.es\/tienda\/wp-content\/uploads\/2021\/03\/HILO-DE-RETRACCION-SEPTOFIL-.jpg","width":600,"height":600,"caption":"Amedis HILO DE RETRACCI\u00d3N SEPTOFIL"},{"@type":"BreadcrumbList","@id":"https:\/\/amedis.es\/tienda\/?product=hilo-de-retraccion-septofil#breadcrumb","itemListElement":[{"@type":"ListItem","position":1,"name":"Portada","item":"https:\/\/amedis.es\/tienda\/"},{"@type":"ListItem","position":2,"name":"Amedis | Suministros M\u00e9dicos y Dentales | Tienda","item":"https:\/\/amedis.es\/tienda\/suministros-medicos-y-dentales\/"},{"@type":"ListItem","position":3,"name":"HILO DE RETRACCI\u00d3N SEPTOFIL"}]},{"@type":"WebSite","@id":"https:\/\/amedis.es\/tienda\/#website","url":"https:\/\/amedis.es\/tienda\/","name":"Amedis","description":"Suministros M\u00e9dicos y Dentales","publisher":{"@id":"https:\/\/amedis.es\/tienda\/#organization"},"potentialAction":[{"@type":"SearchAction","target":{"@type":"EntryPoint","urlTemplate":"https:\/\/amedis.es\/tienda\/?s={search_term_string}"},"query-input":{"@type":"PropertyValueSpecification","valueRequired":true,"valueName":"search_term_string"}}],"inLanguage":"es"},{"@type":"Organization","@id":"https:\/\/amedis.es\/tienda\/#organization","name":"Amedis | Suministros M\u00e9dicos y Dentales","url":"https:\/\/amedis.es\/tienda\/","logo":{"@type":"ImageObject","inLanguage":"es","@id":"https:\/\/amedis.es\/tienda\/#\/schema\/logo\/image\/","url":"https:\/\/amedis.es\/tienda\/wp-content\/uploads\/2020\/05\/logo-1.png","contentUrl":"https:\/\/amedis.es\/tienda\/wp-content\/uploads\/2020\/05\/logo-1.png","width":191,"height":80,"caption":"Amedis | Suministros M\u00e9dicos y Dentales"},"image":{"@id":"https:\/\/amedis.es\/tienda\/#\/schema\/logo\/image\/"}}]}},"brands":[{"id":2371,"name":"SEPTODONT","slug":"septodont"}],"_links":{"self":[{"href":"https:\/\/amedis.es\/tienda\/wp-json\/wp\/v2\/product\/5909","targetHints":{"allow":["GET"]}}],"collection":[{"href":"https:\/\/amedis.es\/tienda\/wp-json\/wp\/v2\/product"}],"about":[{"href":"https:\/\/amedis.es\/tienda\/wp-json\/wp\/v2\/types\/product"}],"wp:featuredmedia":[{"embeddable":true,"href":"https:\/\/amedis.es\/tienda\/wp-json\/wp\/v2\/media\/21991"}],"wp:attachment":[{"href":"https:\/\/amedis.es\/tienda\/wp-json\/wp\/v2\/media?parent=5909"}],"wp:term":[{"taxonomy":"pwb-brand","embeddable":true,"href":"https:\/\/amedis.es\/tienda\/wp-json\/wp\/v2\/pwb-brand?post=5909"},{"taxonomy":"product_brand","embeddable":true,"href":"https:\/\/amedis.es\/tienda\/wp-json\/wp\/v2\/product_brand?post=5909"},{"taxonomy":"product_cat","embeddable":true,"href":"https:\/\/amedis.es\/tienda\/wp-json\/wp\/v2\/product_cat?post=5909"},{"taxonomy":"product_tag","embeddable":true,"href":"https:\/\/amedis.es\/tienda\/wp-json\/wp\/v2\/product_tag?post=5909"}],"curies":[{"name":"wp","href":"https:\/\/api.w.org\/{rel}","templated":true}]}}