{"id":5777,"date":"2021-03-15T18:41:34","date_gmt":"2021-03-15T18:41:34","guid":{"rendered":"https:\/\/amedis.es\/tienda\/?post_type=product&#038;p=5777"},"modified":"2025-11-02T18:13:27","modified_gmt":"2025-11-02T18:13:27","slug":"jerina-ultracalm-plus-clarben","status":"publish","type":"product","link":"https:\/\/amedis.es\/tienda\/producto\/jerina-ultracalm-plus-clarben\/","title":{"rendered":"JERINGA ULTRACALM PLUS CLARBEN"},"content":{"rendered":"<p>Jeringa ultracalm plus de acero inoxidable de alta calidad. Con un dise\u00f1o pensado para proporcionar una mayor comodidad durante el proceso de inyecci\u00f3n, Adem\u00e1s dispone de un sistema de doble anilla de sujeci\u00f3n para una mayor seguridad y doble gancho para una aspiraci\u00f3n efectiva.<\/p>\n<p>&#8211; Compatible para todos los sistemas de carpules.<br \/>\n&#8211; Carga lateral. Dise\u00f1o atractivo y ergon\u00f3mico.<br \/>\n&#8211; Esterilizable por cualquier m\u00e9todo manual y en autoclave, cumpliendo con la norma ISO 11134.<\/p>\n","protected":false},"excerpt":{"rendered":"<p>CONTENIDO: 1 unidad.<\/p>\n","protected":false},"featured_media":1337,"template":"","meta":[],"pwb-brand":[2362],"product_brand":[],"product_cat":[45,27,48],"product_tag":[],"class_list":{"0":"post-5777","1":"product","2":"type-product","3":"status-publish","4":"has-post-thumbnail","6":"pwb-brand-laboratorios-clarben","7":"product_cat-agujas-y-anestesias","8":"product_cat-clinica","9":"product_cat-jeringas-de-anestesia","11":"first","12":"instock","13":"sale","14":"taxable","15":"shipping-taxable","16":"purchasable","17":"product-type-simple"},"yoast_head":"<!-- This site is optimized with the Yoast SEO plugin v27.4 - https:\/\/yoast.com\/product\/yoast-seo-wordpress\/ -->\n<title>Amedis JERINGA ULTRACALM PLUS CLARBEN |<\/title>\n<meta name=\"description\" content=\"Jeringa ultracalm plus de acero inoxidable de alta calidad. Con un dise\u00f1o pensado para proporcionar una mayor comodidad.\" \/>\n<meta name=\"robots\" content=\"index, follow, max-snippet:-1, max-image-preview:large, max-video-preview:-1\" \/>\n<link rel=\"canonical\" href=\"https:\/\/amedis.es\/tienda\/producto\/jerina-ultracalm-plus-clarben\/\" \/>\n<meta property=\"og:locale\" content=\"es_ES\" \/>\n<meta property=\"og:type\" content=\"article\" \/>\n<meta property=\"og:title\" content=\"Amedis JERINGA ULTRACALM PLUS CLARBEN |\" \/>\n<meta property=\"og:description\" content=\"Jeringa ultracalm plus de acero inoxidable de alta calidad. Con un dise\u00f1o pensado para proporcionar una mayor comodidad.\" \/>\n<meta property=\"og:url\" content=\"https:\/\/amedis.es\/tienda\/producto\/jerina-ultracalm-plus-clarben\/\" \/>\n<meta property=\"og:site_name\" content=\"Amedis\" \/>\n<meta property=\"article:modified_time\" content=\"2025-11-02T18:13:27+00:00\" \/>\n<meta property=\"og:image\" content=\"https:\/\/amedis.es\/tienda\/wp-content\/uploads\/2020\/08\/JERINGA-ULTRACAM-PLUS-rotated.jpg\" \/>\n\t<meta property=\"og:image:width\" content=\"600\" \/>\n\t<meta property=\"og:image:height\" content=\"600\" \/>\n\t<meta property=\"og:image:type\" content=\"image\/jpeg\" \/>\n<meta name=\"twitter:card\" content=\"summary_large_image\" \/>\n<meta name=\"twitter:label1\" content=\"Tiempo de lectura\" \/>\n\t<meta name=\"twitter:data1\" content=\"1 minuto\" \/>\n<script type=\"application\/ld+json\" class=\"yoast-schema-graph\">{\"@context\":\"https:\\\/\\\/schema.org\",\"@graph\":[{\"@type\":\"WebPage\",\"@id\":\"https:\\\/\\\/amedis.es\\\/tienda\\\/producto\\\/jerina-ultracalm-plus-clarben\\\/\",\"url\":\"https:\\\/\\\/amedis.es\\\/tienda\\\/producto\\\/jerina-ultracalm-plus-clarben\\\/\",\"name\":\"Amedis JERINGA ULTRACALM PLUS CLARBEN |\",\"isPartOf\":{\"@id\":\"https:\\\/\\\/amedis.es\\\/tienda\\\/#website\"},\"primaryImageOfPage\":{\"@id\":\"https:\\\/\\\/amedis.es\\\/tienda\\\/producto\\\/jerina-ultracalm-plus-clarben\\\/#primaryimage\"},\"image\":{\"@id\":\"https:\\\/\\\/amedis.es\\\/tienda\\\/producto\\\/jerina-ultracalm-plus-clarben\\\/#primaryimage\"},\"thumbnailUrl\":\"https:\\\/\\\/amedis.es\\\/tienda\\\/wp-content\\\/uploads\\\/2020\\\/08\\\/JERINGA-ULTRACAM-PLUS-rotated.jpg\",\"datePublished\":\"2021-03-15T18:41:34+00:00\",\"dateModified\":\"2025-11-02T18:13:27+00:00\",\"description\":\"Jeringa ultracalm plus de acero inoxidable de alta calidad. Con un dise\u00f1o pensado para proporcionar una mayor comodidad.\",\"breadcrumb\":{\"@id\":\"https:\\\/\\\/amedis.es\\\/tienda\\\/producto\\\/jerina-ultracalm-plus-clarben\\\/#breadcrumb\"},\"inLanguage\":\"es\",\"potentialAction\":[{\"@type\":\"ReadAction\",\"target\":[\"https:\\\/\\\/amedis.es\\\/tienda\\\/producto\\\/jerina-ultracalm-plus-clarben\\\/\"]}]},{\"@type\":\"ImageObject\",\"inLanguage\":\"es\",\"@id\":\"https:\\\/\\\/amedis.es\\\/tienda\\\/producto\\\/jerina-ultracalm-plus-clarben\\\/#primaryimage\",\"url\":\"https:\\\/\\\/amedis.es\\\/tienda\\\/wp-content\\\/uploads\\\/2020\\\/08\\\/JERINGA-ULTRACAM-PLUS-rotated.jpg\",\"contentUrl\":\"https:\\\/\\\/amedis.es\\\/tienda\\\/wp-content\\\/uploads\\\/2020\\\/08\\\/JERINGA-ULTRACAM-PLUS-rotated.jpg\",\"width\":600,\"height\":600,\"caption\":\"Amedis JERINGA ULTRACAM PLUS\"},{\"@type\":\"BreadcrumbList\",\"@id\":\"https:\\\/\\\/amedis.es\\\/tienda\\\/producto\\\/jerina-ultracalm-plus-clarben\\\/#breadcrumb\",\"itemListElement\":[{\"@type\":\"ListItem\",\"position\":1,\"name\":\"Portada\",\"item\":\"https:\\\/\\\/amedis.es\\\/tienda\\\/\"},{\"@type\":\"ListItem\",\"position\":2,\"name\":\"Amedis | Suministros M\u00e9dicos y Dentales | Tienda\",\"item\":\"https:\\\/\\\/amedis.es\\\/tienda\\\/suministros-medicos-y-dentales\\\/\"},{\"@type\":\"ListItem\",\"position\":3,\"name\":\"JERINGA ULTRACALM PLUS CLARBEN\"}]},{\"@type\":\"WebSite\",\"@id\":\"https:\\\/\\\/amedis.es\\\/tienda\\\/#website\",\"url\":\"https:\\\/\\\/amedis.es\\\/tienda\\\/\",\"name\":\"Amedis\",\"description\":\"Suministros M\u00e9dicos y Dentales\",\"publisher\":{\"@id\":\"https:\\\/\\\/amedis.es\\\/tienda\\\/#organization\"},\"potentialAction\":[{\"@type\":\"SearchAction\",\"target\":{\"@type\":\"EntryPoint\",\"urlTemplate\":\"https:\\\/\\\/amedis.es\\\/tienda\\\/?s={search_term_string}\"},\"query-input\":{\"@type\":\"PropertyValueSpecification\",\"valueRequired\":true,\"valueName\":\"search_term_string\"}}],\"inLanguage\":\"es\"},{\"@type\":\"Organization\",\"@id\":\"https:\\\/\\\/amedis.es\\\/tienda\\\/#organization\",\"name\":\"Amedis | Suministros M\u00e9dicos y Dentales\",\"url\":\"https:\\\/\\\/amedis.es\\\/tienda\\\/\",\"logo\":{\"@type\":\"ImageObject\",\"inLanguage\":\"es\",\"@id\":\"https:\\\/\\\/amedis.es\\\/tienda\\\/#\\\/schema\\\/logo\\\/image\\\/\",\"url\":\"https:\\\/\\\/amedis.es\\\/tienda\\\/wp-content\\\/uploads\\\/2020\\\/05\\\/logo-1.png\",\"contentUrl\":\"https:\\\/\\\/amedis.es\\\/tienda\\\/wp-content\\\/uploads\\\/2020\\\/05\\\/logo-1.png\",\"width\":191,\"height\":80,\"caption\":\"Amedis | Suministros M\u00e9dicos y Dentales\"},\"image\":{\"@id\":\"https:\\\/\\\/amedis.es\\\/tienda\\\/#\\\/schema\\\/logo\\\/image\\\/\"}}]}<\/script>\n<!-- \/ Yoast SEO plugin. -->","yoast_head_json":{"title":"Amedis JERINGA ULTRACALM PLUS CLARBEN |","description":"Jeringa ultracalm plus de acero inoxidable de alta calidad. Con un dise\u00f1o pensado para proporcionar una mayor comodidad.","robots":{"index":"index","follow":"follow","max-snippet":"max-snippet:-1","max-image-preview":"max-image-preview:large","max-video-preview":"max-video-preview:-1"},"canonical":"https:\/\/amedis.es\/tienda\/producto\/jerina-ultracalm-plus-clarben\/","og_locale":"es_ES","og_type":"article","og_title":"Amedis JERINGA ULTRACALM PLUS CLARBEN |","og_description":"Jeringa ultracalm plus de acero inoxidable de alta calidad. Con un dise\u00f1o pensado para proporcionar una mayor comodidad.","og_url":"https:\/\/amedis.es\/tienda\/producto\/jerina-ultracalm-plus-clarben\/","og_site_name":"Amedis","article_modified_time":"2025-11-02T18:13:27+00:00","og_image":[{"width":600,"height":600,"url":"https:\/\/amedis.es\/tienda\/wp-content\/uploads\/2020\/08\/JERINGA-ULTRACAM-PLUS-rotated.jpg","type":"image\/jpeg"}],"twitter_card":"summary_large_image","twitter_misc":{"Tiempo de lectura":"1 minuto"},"schema":{"@context":"https:\/\/schema.org","@graph":[{"@type":"WebPage","@id":"https:\/\/amedis.es\/tienda\/producto\/jerina-ultracalm-plus-clarben\/","url":"https:\/\/amedis.es\/tienda\/producto\/jerina-ultracalm-plus-clarben\/","name":"Amedis JERINGA ULTRACALM PLUS CLARBEN |","isPartOf":{"@id":"https:\/\/amedis.es\/tienda\/#website"},"primaryImageOfPage":{"@id":"https:\/\/amedis.es\/tienda\/producto\/jerina-ultracalm-plus-clarben\/#primaryimage"},"image":{"@id":"https:\/\/amedis.es\/tienda\/producto\/jerina-ultracalm-plus-clarben\/#primaryimage"},"thumbnailUrl":"https:\/\/amedis.es\/tienda\/wp-content\/uploads\/2020\/08\/JERINGA-ULTRACAM-PLUS-rotated.jpg","datePublished":"2021-03-15T18:41:34+00:00","dateModified":"2025-11-02T18:13:27+00:00","description":"Jeringa ultracalm plus de acero inoxidable de alta calidad. Con un dise\u00f1o pensado para proporcionar una mayor comodidad.","breadcrumb":{"@id":"https:\/\/amedis.es\/tienda\/producto\/jerina-ultracalm-plus-clarben\/#breadcrumb"},"inLanguage":"es","potentialAction":[{"@type":"ReadAction","target":["https:\/\/amedis.es\/tienda\/producto\/jerina-ultracalm-plus-clarben\/"]}]},{"@type":"ImageObject","inLanguage":"es","@id":"https:\/\/amedis.es\/tienda\/producto\/jerina-ultracalm-plus-clarben\/#primaryimage","url":"https:\/\/amedis.es\/tienda\/wp-content\/uploads\/2020\/08\/JERINGA-ULTRACAM-PLUS-rotated.jpg","contentUrl":"https:\/\/amedis.es\/tienda\/wp-content\/uploads\/2020\/08\/JERINGA-ULTRACAM-PLUS-rotated.jpg","width":600,"height":600,"caption":"Amedis JERINGA ULTRACAM PLUS"},{"@type":"BreadcrumbList","@id":"https:\/\/amedis.es\/tienda\/producto\/jerina-ultracalm-plus-clarben\/#breadcrumb","itemListElement":[{"@type":"ListItem","position":1,"name":"Portada","item":"https:\/\/amedis.es\/tienda\/"},{"@type":"ListItem","position":2,"name":"Amedis | Suministros M\u00e9dicos y Dentales | Tienda","item":"https:\/\/amedis.es\/tienda\/suministros-medicos-y-dentales\/"},{"@type":"ListItem","position":3,"name":"JERINGA ULTRACALM PLUS CLARBEN"}]},{"@type":"WebSite","@id":"https:\/\/amedis.es\/tienda\/#website","url":"https:\/\/amedis.es\/tienda\/","name":"Amedis","description":"Suministros M\u00e9dicos y Dentales","publisher":{"@id":"https:\/\/amedis.es\/tienda\/#organization"},"potentialAction":[{"@type":"SearchAction","target":{"@type":"EntryPoint","urlTemplate":"https:\/\/amedis.es\/tienda\/?s={search_term_string}"},"query-input":{"@type":"PropertyValueSpecification","valueRequired":true,"valueName":"search_term_string"}}],"inLanguage":"es"},{"@type":"Organization","@id":"https:\/\/amedis.es\/tienda\/#organization","name":"Amedis | Suministros M\u00e9dicos y Dentales","url":"https:\/\/amedis.es\/tienda\/","logo":{"@type":"ImageObject","inLanguage":"es","@id":"https:\/\/amedis.es\/tienda\/#\/schema\/logo\/image\/","url":"https:\/\/amedis.es\/tienda\/wp-content\/uploads\/2020\/05\/logo-1.png","contentUrl":"https:\/\/amedis.es\/tienda\/wp-content\/uploads\/2020\/05\/logo-1.png","width":191,"height":80,"caption":"Amedis | Suministros M\u00e9dicos y Dentales"},"image":{"@id":"https:\/\/amedis.es\/tienda\/#\/schema\/logo\/image\/"}}]}},"brands":[{"id":2362,"name":"LABORATORIOS CLARBEN","slug":"laboratorios-clarben"}],"_links":{"self":[{"href":"https:\/\/amedis.es\/tienda\/wp-json\/wp\/v2\/product\/5777","targetHints":{"allow":["GET"]}}],"collection":[{"href":"https:\/\/amedis.es\/tienda\/wp-json\/wp\/v2\/product"}],"about":[{"href":"https:\/\/amedis.es\/tienda\/wp-json\/wp\/v2\/types\/product"}],"wp:featuredmedia":[{"embeddable":true,"href":"https:\/\/amedis.es\/tienda\/wp-json\/wp\/v2\/media\/1337"}],"wp:attachment":[{"href":"https:\/\/amedis.es\/tienda\/wp-json\/wp\/v2\/media?parent=5777"}],"wp:term":[{"taxonomy":"pwb-brand","embeddable":true,"href":"https:\/\/amedis.es\/tienda\/wp-json\/wp\/v2\/pwb-brand?post=5777"},{"taxonomy":"product_brand","embeddable":true,"href":"https:\/\/amedis.es\/tienda\/wp-json\/wp\/v2\/product_brand?post=5777"},{"taxonomy":"product_cat","embeddable":true,"href":"https:\/\/amedis.es\/tienda\/wp-json\/wp\/v2\/product_cat?post=5777"},{"taxonomy":"product_tag","embeddable":true,"href":"https:\/\/amedis.es\/tienda\/wp-json\/wp\/v2\/product_tag?post=5777"}],"curies":[{"name":"wp","href":"https:\/\/api.w.org\/{rel}","templated":true}]}}