{"id":5762,"date":"2021-03-15T16:34:20","date_gmt":"2021-03-15T16:34:20","guid":{"rendered":"https:\/\/amedis.es\/tienda\/?post_type=product&#038;p=5762"},"modified":"2026-03-01T19:27:07","modified_gmt":"2026-03-01T19:27:07","slug":"spray-refrigerante-cryopulp","status":"publish","type":"product","link":"https:\/\/amedis.es\/tienda\/producto\/spray-refrigerante-cryopulp\/","title":{"rendered":"SPRAY REFRIGERANTE CRYOPULP"},"content":{"rendered":"<p>Spray refrigerante CryoPulp. Adecuado, sobre todo para la congelaci\u00f3n r\u00e1pida de bolas de algod\u00f3n o espuma para pruebas de vitalidad de dientes y enfriamiento de materiales de impresi\u00f3n\/fundici\u00f3n. Adem\u00e1s su Sabor es de menta. No rociar directamente sobre la mucosa.<\/p>\n<p>&#8211; Gas ecol\u00f3gico: propano-butano.<br \/>\n&#8211; Enfr\u00eda hasta -40 \u00ba C.<\/p>\n","protected":false},"excerpt":{"rendered":"<p>CONTENIDO: 1 bote de 200 ml.<\/p>\n","protected":false},"featured_media":5763,"template":"","meta":[],"pwb-brand":[2371],"product_brand":[],"product_cat":[1920,45,30,47],"product_tag":[],"class_list":{"0":"post-5762","1":"product","2":"type-product","3":"status-publish","4":"has-post-thumbnail","6":"pwb-brand-septodont","7":"product_cat-agujas-y-anestesia","8":"product_cat-agujas-y-anestesias","9":"product_cat-outlet","10":"product_cat-refrigerantes","12":"first","13":"instock","14":"sale","15":"taxable","16":"shipping-taxable","17":"purchasable","18":"product-type-simple"},"yoast_head":"<!-- This site is optimized with the Yoast SEO plugin v27.4 - https:\/\/yoast.com\/product\/yoast-seo-wordpress\/ -->\n<title>Amedis | SPRAY REFRIGERANTE CRYOPULP | SEPTODONT<\/title>\n<meta name=\"description\" content=\"Spray refrigerante CryoPulp, adecuado para la congelaci\u00f3n r\u00e1pida de bolas de algod\u00f3n o espuma, para pruebas de vitalidad de dientes.\" \/>\n<meta name=\"robots\" content=\"index, follow, max-snippet:-1, max-image-preview:large, max-video-preview:-1\" \/>\n<link rel=\"canonical\" href=\"https:\/\/amedis.es\/tienda\/producto\/spray-refrigerante-cryopulp\/\" \/>\n<meta property=\"og:locale\" content=\"es_ES\" \/>\n<meta property=\"og:type\" content=\"article\" \/>\n<meta property=\"og:title\" content=\"Amedis | SPRAY REFRIGERANTE CRYOPULP | SEPTODONT\" \/>\n<meta property=\"og:description\" content=\"Spray refrigerante CryoPulp, adecuado para la congelaci\u00f3n r\u00e1pida de bolas de algod\u00f3n o espuma, para pruebas de vitalidad de dientes.\" \/>\n<meta property=\"og:url\" content=\"https:\/\/amedis.es\/tienda\/producto\/spray-refrigerante-cryopulp\/\" \/>\n<meta property=\"og:site_name\" content=\"Amedis\" \/>\n<meta property=\"article:modified_time\" content=\"2026-03-01T19:27:07+00:00\" \/>\n<meta property=\"og:image\" content=\"https:\/\/amedis.es\/tienda\/wp-content\/uploads\/2021\/03\/CRYOPULP.jpg\" \/>\n\t<meta property=\"og:image:width\" content=\"600\" \/>\n\t<meta property=\"og:image:height\" content=\"600\" \/>\n\t<meta property=\"og:image:type\" content=\"image\/jpeg\" \/>\n<meta name=\"twitter:card\" content=\"summary_large_image\" \/>\n<meta name=\"twitter:label1\" content=\"Tiempo de lectura\" \/>\n\t<meta name=\"twitter:data1\" content=\"1 minuto\" \/>\n<script type=\"application\/ld+json\" class=\"yoast-schema-graph\">{\"@context\":\"https:\\\/\\\/schema.org\",\"@graph\":[{\"@type\":\"WebPage\",\"@id\":\"https:\\\/\\\/amedis.es\\\/tienda\\\/producto\\\/spray-refrigerante-cryopulp\\\/\",\"url\":\"https:\\\/\\\/amedis.es\\\/tienda\\\/producto\\\/spray-refrigerante-cryopulp\\\/\",\"name\":\"Amedis | SPRAY REFRIGERANTE CRYOPULP | SEPTODONT\",\"isPartOf\":{\"@id\":\"https:\\\/\\\/amedis.es\\\/tienda\\\/#website\"},\"primaryImageOfPage\":{\"@id\":\"https:\\\/\\\/amedis.es\\\/tienda\\\/producto\\\/spray-refrigerante-cryopulp\\\/#primaryimage\"},\"image\":{\"@id\":\"https:\\\/\\\/amedis.es\\\/tienda\\\/producto\\\/spray-refrigerante-cryopulp\\\/#primaryimage\"},\"thumbnailUrl\":\"https:\\\/\\\/amedis.es\\\/tienda\\\/wp-content\\\/uploads\\\/2021\\\/03\\\/CRYOPULP.jpg\",\"datePublished\":\"2021-03-15T16:34:20+00:00\",\"dateModified\":\"2026-03-01T19:27:07+00:00\",\"description\":\"Spray refrigerante CryoPulp, adecuado para la congelaci\u00f3n r\u00e1pida de bolas de algod\u00f3n o espuma, para pruebas de vitalidad de dientes.\",\"breadcrumb\":{\"@id\":\"https:\\\/\\\/amedis.es\\\/tienda\\\/producto\\\/spray-refrigerante-cryopulp\\\/#breadcrumb\"},\"inLanguage\":\"es\",\"potentialAction\":[{\"@type\":\"ReadAction\",\"target\":[\"https:\\\/\\\/amedis.es\\\/tienda\\\/producto\\\/spray-refrigerante-cryopulp\\\/\"]}]},{\"@type\":\"ImageObject\",\"inLanguage\":\"es\",\"@id\":\"https:\\\/\\\/amedis.es\\\/tienda\\\/producto\\\/spray-refrigerante-cryopulp\\\/#primaryimage\",\"url\":\"https:\\\/\\\/amedis.es\\\/tienda\\\/wp-content\\\/uploads\\\/2021\\\/03\\\/CRYOPULP.jpg\",\"contentUrl\":\"https:\\\/\\\/amedis.es\\\/tienda\\\/wp-content\\\/uploads\\\/2021\\\/03\\\/CRYOPULP.jpg\",\"width\":600,\"height\":600,\"caption\":\"Amedis CRYOPULP\"},{\"@type\":\"BreadcrumbList\",\"@id\":\"https:\\\/\\\/amedis.es\\\/tienda\\\/producto\\\/spray-refrigerante-cryopulp\\\/#breadcrumb\",\"itemListElement\":[{\"@type\":\"ListItem\",\"position\":1,\"name\":\"Portada\",\"item\":\"https:\\\/\\\/amedis.es\\\/tienda\\\/\"},{\"@type\":\"ListItem\",\"position\":2,\"name\":\"Amedis | Suministros M\u00e9dicos y Dentales | Tienda\",\"item\":\"https:\\\/\\\/amedis.es\\\/tienda\\\/suministros-medicos-y-dentales\\\/\"},{\"@type\":\"ListItem\",\"position\":3,\"name\":\"SPRAY REFRIGERANTE CRYOPULP\"}]},{\"@type\":\"WebSite\",\"@id\":\"https:\\\/\\\/amedis.es\\\/tienda\\\/#website\",\"url\":\"https:\\\/\\\/amedis.es\\\/tienda\\\/\",\"name\":\"Amedis\",\"description\":\"Suministros M\u00e9dicos y Dentales\",\"publisher\":{\"@id\":\"https:\\\/\\\/amedis.es\\\/tienda\\\/#organization\"},\"potentialAction\":[{\"@type\":\"SearchAction\",\"target\":{\"@type\":\"EntryPoint\",\"urlTemplate\":\"https:\\\/\\\/amedis.es\\\/tienda\\\/?s={search_term_string}\"},\"query-input\":{\"@type\":\"PropertyValueSpecification\",\"valueRequired\":true,\"valueName\":\"search_term_string\"}}],\"inLanguage\":\"es\"},{\"@type\":\"Organization\",\"@id\":\"https:\\\/\\\/amedis.es\\\/tienda\\\/#organization\",\"name\":\"Amedis | Suministros M\u00e9dicos y Dentales\",\"url\":\"https:\\\/\\\/amedis.es\\\/tienda\\\/\",\"logo\":{\"@type\":\"ImageObject\",\"inLanguage\":\"es\",\"@id\":\"https:\\\/\\\/amedis.es\\\/tienda\\\/#\\\/schema\\\/logo\\\/image\\\/\",\"url\":\"https:\\\/\\\/amedis.es\\\/tienda\\\/wp-content\\\/uploads\\\/2020\\\/05\\\/logo-1.png\",\"contentUrl\":\"https:\\\/\\\/amedis.es\\\/tienda\\\/wp-content\\\/uploads\\\/2020\\\/05\\\/logo-1.png\",\"width\":191,\"height\":80,\"caption\":\"Amedis | Suministros M\u00e9dicos y Dentales\"},\"image\":{\"@id\":\"https:\\\/\\\/amedis.es\\\/tienda\\\/#\\\/schema\\\/logo\\\/image\\\/\"}}]}<\/script>\n<!-- \/ Yoast SEO plugin. -->","yoast_head_json":{"title":"Amedis | SPRAY REFRIGERANTE CRYOPULP | SEPTODONT","description":"Spray refrigerante CryoPulp, adecuado para la congelaci\u00f3n r\u00e1pida de bolas de algod\u00f3n o espuma, para pruebas de vitalidad de dientes.","robots":{"index":"index","follow":"follow","max-snippet":"max-snippet:-1","max-image-preview":"max-image-preview:large","max-video-preview":"max-video-preview:-1"},"canonical":"https:\/\/amedis.es\/tienda\/producto\/spray-refrigerante-cryopulp\/","og_locale":"es_ES","og_type":"article","og_title":"Amedis | SPRAY REFRIGERANTE CRYOPULP | SEPTODONT","og_description":"Spray refrigerante CryoPulp, adecuado para la congelaci\u00f3n r\u00e1pida de bolas de algod\u00f3n o espuma, para pruebas de vitalidad de dientes.","og_url":"https:\/\/amedis.es\/tienda\/producto\/spray-refrigerante-cryopulp\/","og_site_name":"Amedis","article_modified_time":"2026-03-01T19:27:07+00:00","og_image":[{"width":600,"height":600,"url":"https:\/\/amedis.es\/tienda\/wp-content\/uploads\/2021\/03\/CRYOPULP.jpg","type":"image\/jpeg"}],"twitter_card":"summary_large_image","twitter_misc":{"Tiempo de lectura":"1 minuto"},"schema":{"@context":"https:\/\/schema.org","@graph":[{"@type":"WebPage","@id":"https:\/\/amedis.es\/tienda\/producto\/spray-refrigerante-cryopulp\/","url":"https:\/\/amedis.es\/tienda\/producto\/spray-refrigerante-cryopulp\/","name":"Amedis | SPRAY REFRIGERANTE CRYOPULP | SEPTODONT","isPartOf":{"@id":"https:\/\/amedis.es\/tienda\/#website"},"primaryImageOfPage":{"@id":"https:\/\/amedis.es\/tienda\/producto\/spray-refrigerante-cryopulp\/#primaryimage"},"image":{"@id":"https:\/\/amedis.es\/tienda\/producto\/spray-refrigerante-cryopulp\/#primaryimage"},"thumbnailUrl":"https:\/\/amedis.es\/tienda\/wp-content\/uploads\/2021\/03\/CRYOPULP.jpg","datePublished":"2021-03-15T16:34:20+00:00","dateModified":"2026-03-01T19:27:07+00:00","description":"Spray refrigerante CryoPulp, adecuado para la congelaci\u00f3n r\u00e1pida de bolas de algod\u00f3n o espuma, para pruebas de vitalidad de dientes.","breadcrumb":{"@id":"https:\/\/amedis.es\/tienda\/producto\/spray-refrigerante-cryopulp\/#breadcrumb"},"inLanguage":"es","potentialAction":[{"@type":"ReadAction","target":["https:\/\/amedis.es\/tienda\/producto\/spray-refrigerante-cryopulp\/"]}]},{"@type":"ImageObject","inLanguage":"es","@id":"https:\/\/amedis.es\/tienda\/producto\/spray-refrigerante-cryopulp\/#primaryimage","url":"https:\/\/amedis.es\/tienda\/wp-content\/uploads\/2021\/03\/CRYOPULP.jpg","contentUrl":"https:\/\/amedis.es\/tienda\/wp-content\/uploads\/2021\/03\/CRYOPULP.jpg","width":600,"height":600,"caption":"Amedis CRYOPULP"},{"@type":"BreadcrumbList","@id":"https:\/\/amedis.es\/tienda\/producto\/spray-refrigerante-cryopulp\/#breadcrumb","itemListElement":[{"@type":"ListItem","position":1,"name":"Portada","item":"https:\/\/amedis.es\/tienda\/"},{"@type":"ListItem","position":2,"name":"Amedis | Suministros M\u00e9dicos y Dentales | Tienda","item":"https:\/\/amedis.es\/tienda\/suministros-medicos-y-dentales\/"},{"@type":"ListItem","position":3,"name":"SPRAY REFRIGERANTE CRYOPULP"}]},{"@type":"WebSite","@id":"https:\/\/amedis.es\/tienda\/#website","url":"https:\/\/amedis.es\/tienda\/","name":"Amedis","description":"Suministros M\u00e9dicos y Dentales","publisher":{"@id":"https:\/\/amedis.es\/tienda\/#organization"},"potentialAction":[{"@type":"SearchAction","target":{"@type":"EntryPoint","urlTemplate":"https:\/\/amedis.es\/tienda\/?s={search_term_string}"},"query-input":{"@type":"PropertyValueSpecification","valueRequired":true,"valueName":"search_term_string"}}],"inLanguage":"es"},{"@type":"Organization","@id":"https:\/\/amedis.es\/tienda\/#organization","name":"Amedis | Suministros M\u00e9dicos y Dentales","url":"https:\/\/amedis.es\/tienda\/","logo":{"@type":"ImageObject","inLanguage":"es","@id":"https:\/\/amedis.es\/tienda\/#\/schema\/logo\/image\/","url":"https:\/\/amedis.es\/tienda\/wp-content\/uploads\/2020\/05\/logo-1.png","contentUrl":"https:\/\/amedis.es\/tienda\/wp-content\/uploads\/2020\/05\/logo-1.png","width":191,"height":80,"caption":"Amedis | Suministros M\u00e9dicos y Dentales"},"image":{"@id":"https:\/\/amedis.es\/tienda\/#\/schema\/logo\/image\/"}}]}},"brands":[{"id":2371,"name":"SEPTODONT","slug":"septodont"}],"_links":{"self":[{"href":"https:\/\/amedis.es\/tienda\/wp-json\/wp\/v2\/product\/5762","targetHints":{"allow":["GET"]}}],"collection":[{"href":"https:\/\/amedis.es\/tienda\/wp-json\/wp\/v2\/product"}],"about":[{"href":"https:\/\/amedis.es\/tienda\/wp-json\/wp\/v2\/types\/product"}],"wp:featuredmedia":[{"embeddable":true,"href":"https:\/\/amedis.es\/tienda\/wp-json\/wp\/v2\/media\/5763"}],"wp:attachment":[{"href":"https:\/\/amedis.es\/tienda\/wp-json\/wp\/v2\/media?parent=5762"}],"wp:term":[{"taxonomy":"pwb-brand","embeddable":true,"href":"https:\/\/amedis.es\/tienda\/wp-json\/wp\/v2\/pwb-brand?post=5762"},{"taxonomy":"product_brand","embeddable":true,"href":"https:\/\/amedis.es\/tienda\/wp-json\/wp\/v2\/product_brand?post=5762"},{"taxonomy":"product_cat","embeddable":true,"href":"https:\/\/amedis.es\/tienda\/wp-json\/wp\/v2\/product_cat?post=5762"},{"taxonomy":"product_tag","embeddable":true,"href":"https:\/\/amedis.es\/tienda\/wp-json\/wp\/v2\/product_tag?post=5762"}],"curies":[{"name":"wp","href":"https:\/\/api.w.org\/{rel}","templated":true}]}}