{"id":5342,"date":"2021-02-13T21:43:55","date_gmt":"2021-02-13T21:43:55","guid":{"rendered":"https:\/\/amedis.es\/tienda\/?post_type=product&#038;p=5342"},"modified":"2023-03-14T17:56:04","modified_gmt":"2023-03-14T17:56:04","slug":"fresa-komet-186a-204-001-maxiloprep-condense","status":"publish","type":"product","link":"https:\/\/amedis.es\/tienda\/producto\/fresa-komet-186a-204-001-maxiloprep-condense\/","title":{"rendered":"FRESA KOMET 186A.204.001 MAXILOPREP CONDENSE"},"content":{"rendered":"<p>Fresa Komet 186A.204.001 Maxiloprep condense. Fresa de centrado. fresa triangular de alta eficacia de corte. para el centrado exacto de la perforaci\u00f3n opcional. microprep condense. sistema para la condensaci\u00f3n del hueso y la expansi\u00f3n de cresta.<\/p>\n<p>ENVASE: 1 unidad.<\/p>\n<p>REFERENCIA 125870<\/p>\n","protected":false},"excerpt":{"rendered":"<p>KOMET<\/p>\n","protected":false},"featured_media":5343,"template":"","meta":[],"pwb-brand":[],"product_brand":[],"product_cat":[162,170],"product_tag":[],"class_list":{"0":"post-5342","1":"product","2":"type-product","3":"status-publish","4":"has-post-thumbnail","6":"product_cat-fresas","7":"product_cat-fresas-tungsteno-para-endodoncia-y-cirugia","9":"first","10":"instock","11":"taxable","12":"shipping-taxable","13":"purchasable","14":"product-type-simple"},"yoast_head":"<!-- This site is optimized with the Yoast SEO plugin v27.4 - https:\/\/yoast.com\/product\/yoast-seo-wordpress\/ -->\n<title>Amedis | FRESA KOMET 186A.204.001 MAXILOPREP CONDENSE<\/title>\n<meta name=\"description\" content=\"Fresa Komet 186A.204.001 Maxiloprep condense. Fresa de centrado. fresa triangular de alta eficacia de corte. para el centrado exacto\" \/>\n<meta name=\"robots\" content=\"index, follow, max-snippet:-1, max-image-preview:large, max-video-preview:-1\" \/>\n<link rel=\"canonical\" href=\"https:\/\/amedis.es\/tienda\/?product=fresa-komet-186a-204-001-maxiloprep-condense\" \/>\n<meta property=\"og:locale\" content=\"es_ES\" \/>\n<meta property=\"og:type\" content=\"article\" \/>\n<meta property=\"og:title\" content=\"Amedis | FRESA KOMET 186A.204.001 MAXILOPREP CONDENSE\" \/>\n<meta property=\"og:description\" content=\"Fresa Komet 186A.204.001 Maxiloprep condense. Fresa de centrado. fresa triangular de alta eficacia de corte. para el centrado exacto\" \/>\n<meta property=\"og:url\" content=\"https:\/\/amedis.es\/tienda\/?product=fresa-komet-186a-204-001-maxiloprep-condense\" \/>\n<meta property=\"og:site_name\" content=\"Amedis\" \/>\n<meta property=\"article:modified_time\" content=\"2023-03-14T17:56:04+00:00\" \/>\n<meta property=\"og:image\" content=\"https:\/\/amedis.es\/tienda\/wp-content\/uploads\/2021\/02\/FRESA-KOMET-186A.204.001-MAXILOPREP-CONDENSE.jpg\" \/>\n\t<meta property=\"og:image:width\" content=\"600\" \/>\n\t<meta property=\"og:image:height\" content=\"600\" \/>\n\t<meta property=\"og:image:type\" content=\"image\/jpeg\" \/>\n<meta name=\"twitter:card\" content=\"summary_large_image\" \/>\n<script type=\"application\/ld+json\" class=\"yoast-schema-graph\">{\"@context\":\"https:\\\/\\\/schema.org\",\"@graph\":[{\"@type\":\"WebPage\",\"@id\":\"https:\\\/\\\/amedis.es\\\/tienda\\\/?product=fresa-komet-186a-204-001-maxiloprep-condense\",\"url\":\"https:\\\/\\\/amedis.es\\\/tienda\\\/?product=fresa-komet-186a-204-001-maxiloprep-condense\",\"name\":\"Amedis | FRESA KOMET 186A.204.001 MAXILOPREP CONDENSE\",\"isPartOf\":{\"@id\":\"https:\\\/\\\/amedis.es\\\/tienda\\\/#website\"},\"primaryImageOfPage\":{\"@id\":\"https:\\\/\\\/amedis.es\\\/tienda\\\/?product=fresa-komet-186a-204-001-maxiloprep-condense#primaryimage\"},\"image\":{\"@id\":\"https:\\\/\\\/amedis.es\\\/tienda\\\/?product=fresa-komet-186a-204-001-maxiloprep-condense#primaryimage\"},\"thumbnailUrl\":\"https:\\\/\\\/amedis.es\\\/tienda\\\/wp-content\\\/uploads\\\/2021\\\/02\\\/FRESA-KOMET-186A.204.001-MAXILOPREP-CONDENSE.jpg\",\"datePublished\":\"2021-02-13T21:43:55+00:00\",\"dateModified\":\"2023-03-14T17:56:04+00:00\",\"description\":\"Fresa Komet 186A.204.001 Maxiloprep condense. Fresa de centrado. fresa triangular de alta eficacia de corte. para el centrado exacto\",\"breadcrumb\":{\"@id\":\"https:\\\/\\\/amedis.es\\\/tienda\\\/?product=fresa-komet-186a-204-001-maxiloprep-condense#breadcrumb\"},\"inLanguage\":\"es\",\"potentialAction\":[{\"@type\":\"ReadAction\",\"target\":[\"https:\\\/\\\/amedis.es\\\/tienda\\\/?product=fresa-komet-186a-204-001-maxiloprep-condense\"]}]},{\"@type\":\"ImageObject\",\"inLanguage\":\"es\",\"@id\":\"https:\\\/\\\/amedis.es\\\/tienda\\\/?product=fresa-komet-186a-204-001-maxiloprep-condense#primaryimage\",\"url\":\"https:\\\/\\\/amedis.es\\\/tienda\\\/wp-content\\\/uploads\\\/2021\\\/02\\\/FRESA-KOMET-186A.204.001-MAXILOPREP-CONDENSE.jpg\",\"contentUrl\":\"https:\\\/\\\/amedis.es\\\/tienda\\\/wp-content\\\/uploads\\\/2021\\\/02\\\/FRESA-KOMET-186A.204.001-MAXILOPREP-CONDENSE.jpg\",\"width\":600,\"height\":600,\"caption\":\"Amedis FRESA KOMET 186A.204.001 MAXILOPREP CONDENSE\"},{\"@type\":\"BreadcrumbList\",\"@id\":\"https:\\\/\\\/amedis.es\\\/tienda\\\/?product=fresa-komet-186a-204-001-maxiloprep-condense#breadcrumb\",\"itemListElement\":[{\"@type\":\"ListItem\",\"position\":1,\"name\":\"Portada\",\"item\":\"https:\\\/\\\/amedis.es\\\/tienda\\\/\"},{\"@type\":\"ListItem\",\"position\":2,\"name\":\"Amedis | Suministros M\u00e9dicos y Dentales | Tienda\",\"item\":\"https:\\\/\\\/amedis.es\\\/tienda\\\/suministros-medicos-y-dentales\\\/\"},{\"@type\":\"ListItem\",\"position\":3,\"name\":\"FRESA KOMET 186A.204.001 MAXILOPREP CONDENSE\"}]},{\"@type\":\"WebSite\",\"@id\":\"https:\\\/\\\/amedis.es\\\/tienda\\\/#website\",\"url\":\"https:\\\/\\\/amedis.es\\\/tienda\\\/\",\"name\":\"Amedis\",\"description\":\"Suministros M\u00e9dicos y Dentales\",\"publisher\":{\"@id\":\"https:\\\/\\\/amedis.es\\\/tienda\\\/#organization\"},\"potentialAction\":[{\"@type\":\"SearchAction\",\"target\":{\"@type\":\"EntryPoint\",\"urlTemplate\":\"https:\\\/\\\/amedis.es\\\/tienda\\\/?s={search_term_string}\"},\"query-input\":{\"@type\":\"PropertyValueSpecification\",\"valueRequired\":true,\"valueName\":\"search_term_string\"}}],\"inLanguage\":\"es\"},{\"@type\":\"Organization\",\"@id\":\"https:\\\/\\\/amedis.es\\\/tienda\\\/#organization\",\"name\":\"Amedis | Suministros M\u00e9dicos y Dentales\",\"url\":\"https:\\\/\\\/amedis.es\\\/tienda\\\/\",\"logo\":{\"@type\":\"ImageObject\",\"inLanguage\":\"es\",\"@id\":\"https:\\\/\\\/amedis.es\\\/tienda\\\/#\\\/schema\\\/logo\\\/image\\\/\",\"url\":\"https:\\\/\\\/amedis.es\\\/tienda\\\/wp-content\\\/uploads\\\/2020\\\/05\\\/logo-1.png\",\"contentUrl\":\"https:\\\/\\\/amedis.es\\\/tienda\\\/wp-content\\\/uploads\\\/2020\\\/05\\\/logo-1.png\",\"width\":191,\"height\":80,\"caption\":\"Amedis | Suministros M\u00e9dicos y Dentales\"},\"image\":{\"@id\":\"https:\\\/\\\/amedis.es\\\/tienda\\\/#\\\/schema\\\/logo\\\/image\\\/\"}}]}<\/script>\n<!-- \/ Yoast SEO plugin. -->","yoast_head_json":{"title":"Amedis | FRESA KOMET 186A.204.001 MAXILOPREP CONDENSE","description":"Fresa Komet 186A.204.001 Maxiloprep condense. Fresa de centrado. fresa triangular de alta eficacia de corte. para el centrado exacto","robots":{"index":"index","follow":"follow","max-snippet":"max-snippet:-1","max-image-preview":"max-image-preview:large","max-video-preview":"max-video-preview:-1"},"canonical":"https:\/\/amedis.es\/tienda\/?product=fresa-komet-186a-204-001-maxiloprep-condense","og_locale":"es_ES","og_type":"article","og_title":"Amedis | FRESA KOMET 186A.204.001 MAXILOPREP CONDENSE","og_description":"Fresa Komet 186A.204.001 Maxiloprep condense. Fresa de centrado. fresa triangular de alta eficacia de corte. para el centrado exacto","og_url":"https:\/\/amedis.es\/tienda\/?product=fresa-komet-186a-204-001-maxiloprep-condense","og_site_name":"Amedis","article_modified_time":"2023-03-14T17:56:04+00:00","og_image":[{"width":600,"height":600,"url":"https:\/\/amedis.es\/tienda\/wp-content\/uploads\/2021\/02\/FRESA-KOMET-186A.204.001-MAXILOPREP-CONDENSE.jpg","type":"image\/jpeg"}],"twitter_card":"summary_large_image","schema":{"@context":"https:\/\/schema.org","@graph":[{"@type":"WebPage","@id":"https:\/\/amedis.es\/tienda\/?product=fresa-komet-186a-204-001-maxiloprep-condense","url":"https:\/\/amedis.es\/tienda\/?product=fresa-komet-186a-204-001-maxiloprep-condense","name":"Amedis | FRESA KOMET 186A.204.001 MAXILOPREP CONDENSE","isPartOf":{"@id":"https:\/\/amedis.es\/tienda\/#website"},"primaryImageOfPage":{"@id":"https:\/\/amedis.es\/tienda\/?product=fresa-komet-186a-204-001-maxiloprep-condense#primaryimage"},"image":{"@id":"https:\/\/amedis.es\/tienda\/?product=fresa-komet-186a-204-001-maxiloprep-condense#primaryimage"},"thumbnailUrl":"https:\/\/amedis.es\/tienda\/wp-content\/uploads\/2021\/02\/FRESA-KOMET-186A.204.001-MAXILOPREP-CONDENSE.jpg","datePublished":"2021-02-13T21:43:55+00:00","dateModified":"2023-03-14T17:56:04+00:00","description":"Fresa Komet 186A.204.001 Maxiloprep condense. Fresa de centrado. fresa triangular de alta eficacia de corte. para el centrado exacto","breadcrumb":{"@id":"https:\/\/amedis.es\/tienda\/?product=fresa-komet-186a-204-001-maxiloprep-condense#breadcrumb"},"inLanguage":"es","potentialAction":[{"@type":"ReadAction","target":["https:\/\/amedis.es\/tienda\/?product=fresa-komet-186a-204-001-maxiloprep-condense"]}]},{"@type":"ImageObject","inLanguage":"es","@id":"https:\/\/amedis.es\/tienda\/?product=fresa-komet-186a-204-001-maxiloprep-condense#primaryimage","url":"https:\/\/amedis.es\/tienda\/wp-content\/uploads\/2021\/02\/FRESA-KOMET-186A.204.001-MAXILOPREP-CONDENSE.jpg","contentUrl":"https:\/\/amedis.es\/tienda\/wp-content\/uploads\/2021\/02\/FRESA-KOMET-186A.204.001-MAXILOPREP-CONDENSE.jpg","width":600,"height":600,"caption":"Amedis FRESA KOMET 186A.204.001 MAXILOPREP CONDENSE"},{"@type":"BreadcrumbList","@id":"https:\/\/amedis.es\/tienda\/?product=fresa-komet-186a-204-001-maxiloprep-condense#breadcrumb","itemListElement":[{"@type":"ListItem","position":1,"name":"Portada","item":"https:\/\/amedis.es\/tienda\/"},{"@type":"ListItem","position":2,"name":"Amedis | Suministros M\u00e9dicos y Dentales | Tienda","item":"https:\/\/amedis.es\/tienda\/suministros-medicos-y-dentales\/"},{"@type":"ListItem","position":3,"name":"FRESA KOMET 186A.204.001 MAXILOPREP CONDENSE"}]},{"@type":"WebSite","@id":"https:\/\/amedis.es\/tienda\/#website","url":"https:\/\/amedis.es\/tienda\/","name":"Amedis","description":"Suministros M\u00e9dicos y Dentales","publisher":{"@id":"https:\/\/amedis.es\/tienda\/#organization"},"potentialAction":[{"@type":"SearchAction","target":{"@type":"EntryPoint","urlTemplate":"https:\/\/amedis.es\/tienda\/?s={search_term_string}"},"query-input":{"@type":"PropertyValueSpecification","valueRequired":true,"valueName":"search_term_string"}}],"inLanguage":"es"},{"@type":"Organization","@id":"https:\/\/amedis.es\/tienda\/#organization","name":"Amedis | Suministros M\u00e9dicos y Dentales","url":"https:\/\/amedis.es\/tienda\/","logo":{"@type":"ImageObject","inLanguage":"es","@id":"https:\/\/amedis.es\/tienda\/#\/schema\/logo\/image\/","url":"https:\/\/amedis.es\/tienda\/wp-content\/uploads\/2020\/05\/logo-1.png","contentUrl":"https:\/\/amedis.es\/tienda\/wp-content\/uploads\/2020\/05\/logo-1.png","width":191,"height":80,"caption":"Amedis | Suministros M\u00e9dicos y Dentales"},"image":{"@id":"https:\/\/amedis.es\/tienda\/#\/schema\/logo\/image\/"}}]}},"brands":[],"_links":{"self":[{"href":"https:\/\/amedis.es\/tienda\/wp-json\/wp\/v2\/product\/5342","targetHints":{"allow":["GET"]}}],"collection":[{"href":"https:\/\/amedis.es\/tienda\/wp-json\/wp\/v2\/product"}],"about":[{"href":"https:\/\/amedis.es\/tienda\/wp-json\/wp\/v2\/types\/product"}],"wp:featuredmedia":[{"embeddable":true,"href":"https:\/\/amedis.es\/tienda\/wp-json\/wp\/v2\/media\/5343"}],"wp:attachment":[{"href":"https:\/\/amedis.es\/tienda\/wp-json\/wp\/v2\/media?parent=5342"}],"wp:term":[{"taxonomy":"pwb-brand","embeddable":true,"href":"https:\/\/amedis.es\/tienda\/wp-json\/wp\/v2\/pwb-brand?post=5342"},{"taxonomy":"product_brand","embeddable":true,"href":"https:\/\/amedis.es\/tienda\/wp-json\/wp\/v2\/product_brand?post=5342"},{"taxonomy":"product_cat","embeddable":true,"href":"https:\/\/amedis.es\/tienda\/wp-json\/wp\/v2\/product_cat?post=5342"},{"taxonomy":"product_tag","embeddable":true,"href":"https:\/\/amedis.es\/tienda\/wp-json\/wp\/v2\/product_tag?post=5342"}],"curies":[{"name":"wp","href":"https:\/\/api.w.org\/{rel}","templated":true}]}}