{"id":4978,"date":"2021-01-25T12:02:27","date_gmt":"2021-01-25T12:02:27","guid":{"rendered":"https:\/\/amedis.es\/tienda\/?post_type=product&#038;p=4978"},"modified":"2024-12-19T20:38:21","modified_gmt":"2024-12-19T20:38:21","slug":"fresero-komet-dialite-ii-pulido-de-ceramica-4313b","status":"publish","type":"product","link":"https:\/\/amedis.es\/tienda\/producto\/fresero-komet-dialite-ii-pulido-de-ceramica-4313b\/","title":{"rendered":"FRESERO C.A. 4313B DIALITE II PULIDO DE CER\u00c1MICAS"},"content":{"rendered":"<p>Fresero C.A. 4313B. Fresero para el pulido de cer\u00e1mica. Contiene 9 pulidores en las formas de llama peque\u00f1a, copa y lenteja y los granos grueso, medio y fino.<\/p>\n","protected":false},"excerpt":{"rendered":"<p>CONTENIDO: 1x94000C.204.030 + 1x94000M.204.030 + 1x94000F.204.030 + 1x94004C.204.060 + 1x94004M.204.060 + 1x94004F.204.060 + 1x94005C.204.100 + 1x94005M.204.100 + 1x94005F.204.100.<\/p>\n","protected":false},"featured_media":4979,"template":"","meta":[],"pwb-brand":[2399],"product_brand":[],"product_cat":[162,165],"product_tag":[],"class_list":{"0":"post-4978","1":"product","2":"type-product","3":"status-publish","4":"has-post-thumbnail","6":"pwb-brand-komet","7":"product_cat-fresas","8":"product_cat-freseros-sistema-de-trabajo","10":"first","11":"instock","12":"sale","13":"taxable","14":"shipping-taxable","15":"purchasable","16":"product-type-simple"},"yoast_head":"<!-- This site is optimized with the Yoast SEO plugin v27.4 - https:\/\/yoast.com\/product\/yoast-seo-wordpress\/ -->\n<title>FRESERO C.A. 4313B DIALITE II PULIDO DE CER\u00c1MICAS | Amedis<\/title>\n<meta name=\"description\" content=\"Fresero C.A. 4313B. Fresero para el pulido de cer\u00e1mica. Contiene 9 pulidores en las formas de llama peque\u00f1a.\" \/>\n<meta name=\"robots\" content=\"index, follow, max-snippet:-1, max-image-preview:large, max-video-preview:-1\" \/>\n<link rel=\"canonical\" href=\"https:\/\/amedis.es\/tienda\/?product=fresero-komet-dialite-ii-pulido-de-ceramica-4313b\" \/>\n<meta property=\"og:locale\" content=\"es_ES\" \/>\n<meta property=\"og:type\" content=\"article\" \/>\n<meta property=\"og:title\" content=\"FRESERO C.A. 4313B DIALITE II PULIDO DE CER\u00c1MICAS | Amedis\" \/>\n<meta property=\"og:description\" content=\"Fresero C.A. 4313B. Fresero para el pulido de cer\u00e1mica. Contiene 9 pulidores en las formas de llama peque\u00f1a.\" \/>\n<meta property=\"og:url\" content=\"https:\/\/amedis.es\/tienda\/?product=fresero-komet-dialite-ii-pulido-de-ceramica-4313b\" \/>\n<meta property=\"og:site_name\" content=\"Amedis\" \/>\n<meta property=\"article:modified_time\" content=\"2024-12-19T20:38:21+00:00\" \/>\n<meta property=\"og:image\" content=\"https:\/\/amedis.es\/tienda\/wp-content\/uploads\/2021\/01\/FRESERO-KOMET-DIALITE-II.-PULIDO-DE-CERAMICA-4313B.jpg\" \/>\n\t<meta property=\"og:image:width\" content=\"600\" \/>\n\t<meta property=\"og:image:height\" content=\"600\" \/>\n\t<meta property=\"og:image:type\" content=\"image\/jpeg\" \/>\n<meta name=\"twitter:card\" content=\"summary_large_image\" \/>\n<meta name=\"twitter:label1\" content=\"Tiempo de lectura\" \/>\n\t<meta name=\"twitter:data1\" content=\"1 minuto\" \/>\n<script type=\"application\/ld+json\" class=\"yoast-schema-graph\">{\"@context\":\"https:\\\/\\\/schema.org\",\"@graph\":[{\"@type\":\"WebPage\",\"@id\":\"https:\\\/\\\/amedis.es\\\/tienda\\\/?product=fresero-komet-dialite-ii-pulido-de-ceramica-4313b\",\"url\":\"https:\\\/\\\/amedis.es\\\/tienda\\\/?product=fresero-komet-dialite-ii-pulido-de-ceramica-4313b\",\"name\":\"FRESERO C.A. 4313B DIALITE II PULIDO DE CER\u00c1MICAS | Amedis\",\"isPartOf\":{\"@id\":\"https:\\\/\\\/amedis.es\\\/tienda\\\/#website\"},\"primaryImageOfPage\":{\"@id\":\"https:\\\/\\\/amedis.es\\\/tienda\\\/?product=fresero-komet-dialite-ii-pulido-de-ceramica-4313b#primaryimage\"},\"image\":{\"@id\":\"https:\\\/\\\/amedis.es\\\/tienda\\\/?product=fresero-komet-dialite-ii-pulido-de-ceramica-4313b#primaryimage\"},\"thumbnailUrl\":\"https:\\\/\\\/amedis.es\\\/tienda\\\/wp-content\\\/uploads\\\/2021\\\/01\\\/FRESERO-KOMET-DIALITE-II.-PULIDO-DE-CERAMICA-4313B.jpg\",\"datePublished\":\"2021-01-25T12:02:27+00:00\",\"dateModified\":\"2024-12-19T20:38:21+00:00\",\"description\":\"Fresero C.A. 4313B. Fresero para el pulido de cer\u00e1mica. Contiene 9 pulidores en las formas de llama peque\u00f1a.\",\"breadcrumb\":{\"@id\":\"https:\\\/\\\/amedis.es\\\/tienda\\\/?product=fresero-komet-dialite-ii-pulido-de-ceramica-4313b#breadcrumb\"},\"inLanguage\":\"es\",\"potentialAction\":[{\"@type\":\"ReadAction\",\"target\":[\"https:\\\/\\\/amedis.es\\\/tienda\\\/?product=fresero-komet-dialite-ii-pulido-de-ceramica-4313b\"]}]},{\"@type\":\"ImageObject\",\"inLanguage\":\"es\",\"@id\":\"https:\\\/\\\/amedis.es\\\/tienda\\\/?product=fresero-komet-dialite-ii-pulido-de-ceramica-4313b#primaryimage\",\"url\":\"https:\\\/\\\/amedis.es\\\/tienda\\\/wp-content\\\/uploads\\\/2021\\\/01\\\/FRESERO-KOMET-DIALITE-II.-PULIDO-DE-CERAMICA-4313B.jpg\",\"contentUrl\":\"https:\\\/\\\/amedis.es\\\/tienda\\\/wp-content\\\/uploads\\\/2021\\\/01\\\/FRESERO-KOMET-DIALITE-II.-PULIDO-DE-CERAMICA-4313B.jpg\",\"width\":600,\"height\":600,\"caption\":\"Amedis FRESERO KOMET DIALITE II. PULIDO DE CERAMICA 4313B\"},{\"@type\":\"BreadcrumbList\",\"@id\":\"https:\\\/\\\/amedis.es\\\/tienda\\\/?product=fresero-komet-dialite-ii-pulido-de-ceramica-4313b#breadcrumb\",\"itemListElement\":[{\"@type\":\"ListItem\",\"position\":1,\"name\":\"Portada\",\"item\":\"https:\\\/\\\/amedis.es\\\/tienda\\\/\"},{\"@type\":\"ListItem\",\"position\":2,\"name\":\"Amedis | Suministros M\u00e9dicos y Dentales | Tienda\",\"item\":\"https:\\\/\\\/amedis.es\\\/tienda\\\/suministros-medicos-y-dentales\\\/\"},{\"@type\":\"ListItem\",\"position\":3,\"name\":\"FRESERO C.A. 4313B DIALITE II PULIDO DE CER\u00c1MICAS\"}]},{\"@type\":\"WebSite\",\"@id\":\"https:\\\/\\\/amedis.es\\\/tienda\\\/#website\",\"url\":\"https:\\\/\\\/amedis.es\\\/tienda\\\/\",\"name\":\"Amedis\",\"description\":\"Suministros M\u00e9dicos y Dentales\",\"publisher\":{\"@id\":\"https:\\\/\\\/amedis.es\\\/tienda\\\/#organization\"},\"potentialAction\":[{\"@type\":\"SearchAction\",\"target\":{\"@type\":\"EntryPoint\",\"urlTemplate\":\"https:\\\/\\\/amedis.es\\\/tienda\\\/?s={search_term_string}\"},\"query-input\":{\"@type\":\"PropertyValueSpecification\",\"valueRequired\":true,\"valueName\":\"search_term_string\"}}],\"inLanguage\":\"es\"},{\"@type\":\"Organization\",\"@id\":\"https:\\\/\\\/amedis.es\\\/tienda\\\/#organization\",\"name\":\"Amedis | Suministros M\u00e9dicos y Dentales\",\"url\":\"https:\\\/\\\/amedis.es\\\/tienda\\\/\",\"logo\":{\"@type\":\"ImageObject\",\"inLanguage\":\"es\",\"@id\":\"https:\\\/\\\/amedis.es\\\/tienda\\\/#\\\/schema\\\/logo\\\/image\\\/\",\"url\":\"https:\\\/\\\/amedis.es\\\/tienda\\\/wp-content\\\/uploads\\\/2020\\\/05\\\/logo-1.png\",\"contentUrl\":\"https:\\\/\\\/amedis.es\\\/tienda\\\/wp-content\\\/uploads\\\/2020\\\/05\\\/logo-1.png\",\"width\":191,\"height\":80,\"caption\":\"Amedis | Suministros M\u00e9dicos y Dentales\"},\"image\":{\"@id\":\"https:\\\/\\\/amedis.es\\\/tienda\\\/#\\\/schema\\\/logo\\\/image\\\/\"}}]}<\/script>\n<!-- \/ Yoast SEO plugin. -->","yoast_head_json":{"title":"FRESERO C.A. 4313B DIALITE II PULIDO DE CER\u00c1MICAS | Amedis","description":"Fresero C.A. 4313B. Fresero para el pulido de cer\u00e1mica. Contiene 9 pulidores en las formas de llama peque\u00f1a.","robots":{"index":"index","follow":"follow","max-snippet":"max-snippet:-1","max-image-preview":"max-image-preview:large","max-video-preview":"max-video-preview:-1"},"canonical":"https:\/\/amedis.es\/tienda\/?product=fresero-komet-dialite-ii-pulido-de-ceramica-4313b","og_locale":"es_ES","og_type":"article","og_title":"FRESERO C.A. 4313B DIALITE II PULIDO DE CER\u00c1MICAS | Amedis","og_description":"Fresero C.A. 4313B. Fresero para el pulido de cer\u00e1mica. Contiene 9 pulidores en las formas de llama peque\u00f1a.","og_url":"https:\/\/amedis.es\/tienda\/?product=fresero-komet-dialite-ii-pulido-de-ceramica-4313b","og_site_name":"Amedis","article_modified_time":"2024-12-19T20:38:21+00:00","og_image":[{"width":600,"height":600,"url":"https:\/\/amedis.es\/tienda\/wp-content\/uploads\/2021\/01\/FRESERO-KOMET-DIALITE-II.-PULIDO-DE-CERAMICA-4313B.jpg","type":"image\/jpeg"}],"twitter_card":"summary_large_image","twitter_misc":{"Tiempo de lectura":"1 minuto"},"schema":{"@context":"https:\/\/schema.org","@graph":[{"@type":"WebPage","@id":"https:\/\/amedis.es\/tienda\/?product=fresero-komet-dialite-ii-pulido-de-ceramica-4313b","url":"https:\/\/amedis.es\/tienda\/?product=fresero-komet-dialite-ii-pulido-de-ceramica-4313b","name":"FRESERO C.A. 4313B DIALITE II PULIDO DE CER\u00c1MICAS | Amedis","isPartOf":{"@id":"https:\/\/amedis.es\/tienda\/#website"},"primaryImageOfPage":{"@id":"https:\/\/amedis.es\/tienda\/?product=fresero-komet-dialite-ii-pulido-de-ceramica-4313b#primaryimage"},"image":{"@id":"https:\/\/amedis.es\/tienda\/?product=fresero-komet-dialite-ii-pulido-de-ceramica-4313b#primaryimage"},"thumbnailUrl":"https:\/\/amedis.es\/tienda\/wp-content\/uploads\/2021\/01\/FRESERO-KOMET-DIALITE-II.-PULIDO-DE-CERAMICA-4313B.jpg","datePublished":"2021-01-25T12:02:27+00:00","dateModified":"2024-12-19T20:38:21+00:00","description":"Fresero C.A. 4313B. Fresero para el pulido de cer\u00e1mica. Contiene 9 pulidores en las formas de llama peque\u00f1a.","breadcrumb":{"@id":"https:\/\/amedis.es\/tienda\/?product=fresero-komet-dialite-ii-pulido-de-ceramica-4313b#breadcrumb"},"inLanguage":"es","potentialAction":[{"@type":"ReadAction","target":["https:\/\/amedis.es\/tienda\/?product=fresero-komet-dialite-ii-pulido-de-ceramica-4313b"]}]},{"@type":"ImageObject","inLanguage":"es","@id":"https:\/\/amedis.es\/tienda\/?product=fresero-komet-dialite-ii-pulido-de-ceramica-4313b#primaryimage","url":"https:\/\/amedis.es\/tienda\/wp-content\/uploads\/2021\/01\/FRESERO-KOMET-DIALITE-II.-PULIDO-DE-CERAMICA-4313B.jpg","contentUrl":"https:\/\/amedis.es\/tienda\/wp-content\/uploads\/2021\/01\/FRESERO-KOMET-DIALITE-II.-PULIDO-DE-CERAMICA-4313B.jpg","width":600,"height":600,"caption":"Amedis FRESERO KOMET DIALITE II. PULIDO DE CERAMICA 4313B"},{"@type":"BreadcrumbList","@id":"https:\/\/amedis.es\/tienda\/?product=fresero-komet-dialite-ii-pulido-de-ceramica-4313b#breadcrumb","itemListElement":[{"@type":"ListItem","position":1,"name":"Portada","item":"https:\/\/amedis.es\/tienda\/"},{"@type":"ListItem","position":2,"name":"Amedis | Suministros M\u00e9dicos y Dentales | Tienda","item":"https:\/\/amedis.es\/tienda\/suministros-medicos-y-dentales\/"},{"@type":"ListItem","position":3,"name":"FRESERO C.A. 4313B DIALITE II PULIDO DE CER\u00c1MICAS"}]},{"@type":"WebSite","@id":"https:\/\/amedis.es\/tienda\/#website","url":"https:\/\/amedis.es\/tienda\/","name":"Amedis","description":"Suministros M\u00e9dicos y Dentales","publisher":{"@id":"https:\/\/amedis.es\/tienda\/#organization"},"potentialAction":[{"@type":"SearchAction","target":{"@type":"EntryPoint","urlTemplate":"https:\/\/amedis.es\/tienda\/?s={search_term_string}"},"query-input":{"@type":"PropertyValueSpecification","valueRequired":true,"valueName":"search_term_string"}}],"inLanguage":"es"},{"@type":"Organization","@id":"https:\/\/amedis.es\/tienda\/#organization","name":"Amedis | Suministros M\u00e9dicos y Dentales","url":"https:\/\/amedis.es\/tienda\/","logo":{"@type":"ImageObject","inLanguage":"es","@id":"https:\/\/amedis.es\/tienda\/#\/schema\/logo\/image\/","url":"https:\/\/amedis.es\/tienda\/wp-content\/uploads\/2020\/05\/logo-1.png","contentUrl":"https:\/\/amedis.es\/tienda\/wp-content\/uploads\/2020\/05\/logo-1.png","width":191,"height":80,"caption":"Amedis | Suministros M\u00e9dicos y Dentales"},"image":{"@id":"https:\/\/amedis.es\/tienda\/#\/schema\/logo\/image\/"}}]}},"brands":[{"id":2399,"name":"KOMET","slug":"komet"}],"_links":{"self":[{"href":"https:\/\/amedis.es\/tienda\/wp-json\/wp\/v2\/product\/4978","targetHints":{"allow":["GET"]}}],"collection":[{"href":"https:\/\/amedis.es\/tienda\/wp-json\/wp\/v2\/product"}],"about":[{"href":"https:\/\/amedis.es\/tienda\/wp-json\/wp\/v2\/types\/product"}],"wp:featuredmedia":[{"embeddable":true,"href":"https:\/\/amedis.es\/tienda\/wp-json\/wp\/v2\/media\/4979"}],"wp:attachment":[{"href":"https:\/\/amedis.es\/tienda\/wp-json\/wp\/v2\/media?parent=4978"}],"wp:term":[{"taxonomy":"pwb-brand","embeddable":true,"href":"https:\/\/amedis.es\/tienda\/wp-json\/wp\/v2\/pwb-brand?post=4978"},{"taxonomy":"product_brand","embeddable":true,"href":"https:\/\/amedis.es\/tienda\/wp-json\/wp\/v2\/product_brand?post=4978"},{"taxonomy":"product_cat","embeddable":true,"href":"https:\/\/amedis.es\/tienda\/wp-json\/wp\/v2\/product_cat?post=4978"},{"taxonomy":"product_tag","embeddable":true,"href":"https:\/\/amedis.es\/tienda\/wp-json\/wp\/v2\/product_tag?post=4978"}],"curies":[{"name":"wp","href":"https:\/\/api.w.org\/{rel}","templated":true}]}}