{"id":36957,"date":"2026-04-07T15:52:31","date_gmt":"2026-04-07T15:52:31","guid":{"rendered":"https:\/\/amedis.es\/tienda\/?post_type=product&#038;p=36957"},"modified":"2026-04-07T15:55:47","modified_gmt":"2026-04-07T15:55:47","slug":"canulas-de-aspiracion-quirurgica-esteriles-kdm","status":"publish","type":"product","link":"https:\/\/amedis.es\/tienda\/producto\/canulas-de-aspiracion-quirurgica-esteriles-kdm\/","title":{"rendered":"C\u00c1NULAS DE ASPIRACI\u00d3N QUIR\u00daRGICA ESTERILES KDM"},"content":{"rendered":"<p>C\u00e1nulas de aspiraci\u00f3n quir\u00fargica KDM. C\u00e1nulas monouso de aspiraci\u00f3n quir\u00fargica, permite tener gracias a sus orificios una muy suave aspiraci\u00f3n durante toda la intervenci\u00f3n quir\u00fargica, elimina los riesgos de infecci\u00f3n. Conexi\u00f3n para aspirador est\u00e1ndar. Conexi\u00f3n doble incluida en la presentaci\u00f3n. Punta fina de 2,5 mm de di\u00e1metro.<\/p>\n","protected":false},"excerpt":{"rendered":"<p>CONTENIDO: 20 unidades + 1 adaptador doble.<\/p>\n","protected":false},"featured_media":36958,"template":"","meta":[],"pwb-brand":[2384],"product_brand":[],"product_cat":[474,89],"product_tag":[],"class_list":{"0":"post-36957","1":"product","2":"type-product","3":"status-publish","4":"has-post-thumbnail","6":"pwb-brand-kdm","7":"product_cat-aspiradores-quirurgicos","8":"product_cat-desechables","10":"first","11":"instock","12":"sale","13":"taxable","14":"shipping-taxable","15":"purchasable","16":"product-type-simple"},"yoast_head":"<!-- This site is optimized with the Yoast SEO plugin v27.4 - https:\/\/yoast.com\/product\/yoast-seo-wordpress\/ -->\n<title>C\u00c1NULAS DE ASPIRACI\u00d3N QUIR\u00daRGICA ESTERILES KDM | Amedis<\/title>\n<meta name=\"description\" content=\"C\u00e1nulas de aspiraci\u00f3n quir\u00fargica KDM. C\u00e1nulas monouso de aspiraci\u00f3n quir\u00fargica, permite tener gracias a sus orificios una muy suave aspiraci\u00f3n durante toda la intervenci\u00f3n quir\u00fargica, elimina los riesgos de infecci\u00f3n.\" \/>\n<meta name=\"robots\" content=\"index, follow, max-snippet:-1, max-image-preview:large, max-video-preview:-1\" \/>\n<link rel=\"canonical\" href=\"https:\/\/amedis.es\/tienda\/producto\/canulas-de-aspiracion-quirurgica-esteriles-kdm\/\" \/>\n<meta property=\"og:locale\" content=\"es_ES\" \/>\n<meta property=\"og:type\" content=\"article\" \/>\n<meta property=\"og:title\" content=\"C\u00c1NULAS DE ASPIRACI\u00d3N QUIR\u00daRGICA ESTERILES KDM | Amedis\" \/>\n<meta property=\"og:description\" content=\"C\u00e1nulas de aspiraci\u00f3n quir\u00fargica KDM. C\u00e1nulas monouso de aspiraci\u00f3n quir\u00fargica, permite tener gracias a sus orificios una muy suave aspiraci\u00f3n durante toda la intervenci\u00f3n quir\u00fargica, elimina los riesgos de infecci\u00f3n.\" \/>\n<meta property=\"og:url\" content=\"https:\/\/amedis.es\/tienda\/producto\/canulas-de-aspiracion-quirurgica-esteriles-kdm\/\" \/>\n<meta property=\"og:site_name\" content=\"Amedis\" \/>\n<meta property=\"article:modified_time\" content=\"2026-04-07T15:55:47+00:00\" \/>\n<meta property=\"og:image\" content=\"https:\/\/amedis.es\/tienda\/wp-content\/uploads\/2026\/04\/CANULAS-DE-ASPIRACION-QUIRURGICA-ESTERILES-KDM.jpg\" \/>\n\t<meta property=\"og:image:width\" content=\"600\" \/>\n\t<meta property=\"og:image:height\" content=\"600\" \/>\n\t<meta property=\"og:image:type\" content=\"image\/jpeg\" \/>\n<meta name=\"twitter:card\" content=\"summary_large_image\" \/>\n<meta name=\"twitter:label1\" content=\"Tiempo de lectura\" \/>\n\t<meta name=\"twitter:data1\" content=\"1 minuto\" \/>\n<script type=\"application\/ld+json\" class=\"yoast-schema-graph\">{\"@context\":\"https:\\\/\\\/schema.org\",\"@graph\":[{\"@type\":\"WebPage\",\"@id\":\"https:\\\/\\\/amedis.es\\\/tienda\\\/producto\\\/canulas-de-aspiracion-quirurgica-esteriles-kdm\\\/\",\"url\":\"https:\\\/\\\/amedis.es\\\/tienda\\\/producto\\\/canulas-de-aspiracion-quirurgica-esteriles-kdm\\\/\",\"name\":\"C\u00c1NULAS DE ASPIRACI\u00d3N QUIR\u00daRGICA ESTERILES KDM | Amedis\",\"isPartOf\":{\"@id\":\"https:\\\/\\\/amedis.es\\\/tienda\\\/#website\"},\"primaryImageOfPage\":{\"@id\":\"https:\\\/\\\/amedis.es\\\/tienda\\\/producto\\\/canulas-de-aspiracion-quirurgica-esteriles-kdm\\\/#primaryimage\"},\"image\":{\"@id\":\"https:\\\/\\\/amedis.es\\\/tienda\\\/producto\\\/canulas-de-aspiracion-quirurgica-esteriles-kdm\\\/#primaryimage\"},\"thumbnailUrl\":\"https:\\\/\\\/amedis.es\\\/tienda\\\/wp-content\\\/uploads\\\/2026\\\/04\\\/CANULAS-DE-ASPIRACION-QUIRURGICA-ESTERILES-KDM.jpg\",\"datePublished\":\"2026-04-07T15:52:31+00:00\",\"dateModified\":\"2026-04-07T15:55:47+00:00\",\"description\":\"C\u00e1nulas de aspiraci\u00f3n quir\u00fargica KDM. C\u00e1nulas monouso de aspiraci\u00f3n quir\u00fargica, permite tener gracias a sus orificios una muy suave aspiraci\u00f3n durante toda la intervenci\u00f3n quir\u00fargica, elimina los riesgos de infecci\u00f3n.\",\"breadcrumb\":{\"@id\":\"https:\\\/\\\/amedis.es\\\/tienda\\\/producto\\\/canulas-de-aspiracion-quirurgica-esteriles-kdm\\\/#breadcrumb\"},\"inLanguage\":\"es\",\"potentialAction\":[{\"@type\":\"ReadAction\",\"target\":[\"https:\\\/\\\/amedis.es\\\/tienda\\\/producto\\\/canulas-de-aspiracion-quirurgica-esteriles-kdm\\\/\"]}]},{\"@type\":\"ImageObject\",\"inLanguage\":\"es\",\"@id\":\"https:\\\/\\\/amedis.es\\\/tienda\\\/producto\\\/canulas-de-aspiracion-quirurgica-esteriles-kdm\\\/#primaryimage\",\"url\":\"https:\\\/\\\/amedis.es\\\/tienda\\\/wp-content\\\/uploads\\\/2026\\\/04\\\/CANULAS-DE-ASPIRACION-QUIRURGICA-ESTERILES-KDM.jpg\",\"contentUrl\":\"https:\\\/\\\/amedis.es\\\/tienda\\\/wp-content\\\/uploads\\\/2026\\\/04\\\/CANULAS-DE-ASPIRACION-QUIRURGICA-ESTERILES-KDM.jpg\",\"width\":600,\"height\":600,\"caption\":\"Amedis C\u00c1NULAS DE ASPIRACI\u00d3N QUIR\u00daRGICA ESTERILES KDM\"},{\"@type\":\"BreadcrumbList\",\"@id\":\"https:\\\/\\\/amedis.es\\\/tienda\\\/producto\\\/canulas-de-aspiracion-quirurgica-esteriles-kdm\\\/#breadcrumb\",\"itemListElement\":[{\"@type\":\"ListItem\",\"position\":1,\"name\":\"Portada\",\"item\":\"https:\\\/\\\/amedis.es\\\/tienda\\\/\"},{\"@type\":\"ListItem\",\"position\":2,\"name\":\"Amedis | Suministros M\u00e9dicos y Dentales | Tienda\",\"item\":\"https:\\\/\\\/amedis.es\\\/tienda\\\/suministros-medicos-y-dentales\\\/\"},{\"@type\":\"ListItem\",\"position\":3,\"name\":\"C\u00c1NULAS DE ASPIRACI\u00d3N QUIR\u00daRGICA ESTERILES KDM\"}]},{\"@type\":\"WebSite\",\"@id\":\"https:\\\/\\\/amedis.es\\\/tienda\\\/#website\",\"url\":\"https:\\\/\\\/amedis.es\\\/tienda\\\/\",\"name\":\"Amedis\",\"description\":\"Suministros M\u00e9dicos y Dentales\",\"publisher\":{\"@id\":\"https:\\\/\\\/amedis.es\\\/tienda\\\/#organization\"},\"potentialAction\":[{\"@type\":\"SearchAction\",\"target\":{\"@type\":\"EntryPoint\",\"urlTemplate\":\"https:\\\/\\\/amedis.es\\\/tienda\\\/?s={search_term_string}\"},\"query-input\":{\"@type\":\"PropertyValueSpecification\",\"valueRequired\":true,\"valueName\":\"search_term_string\"}}],\"inLanguage\":\"es\"},{\"@type\":\"Organization\",\"@id\":\"https:\\\/\\\/amedis.es\\\/tienda\\\/#organization\",\"name\":\"Amedis | Suministros M\u00e9dicos y Dentales\",\"url\":\"https:\\\/\\\/amedis.es\\\/tienda\\\/\",\"logo\":{\"@type\":\"ImageObject\",\"inLanguage\":\"es\",\"@id\":\"https:\\\/\\\/amedis.es\\\/tienda\\\/#\\\/schema\\\/logo\\\/image\\\/\",\"url\":\"https:\\\/\\\/amedis.es\\\/tienda\\\/wp-content\\\/uploads\\\/2020\\\/05\\\/logo-1.png\",\"contentUrl\":\"https:\\\/\\\/amedis.es\\\/tienda\\\/wp-content\\\/uploads\\\/2020\\\/05\\\/logo-1.png\",\"width\":191,\"height\":80,\"caption\":\"Amedis | Suministros M\u00e9dicos y Dentales\"},\"image\":{\"@id\":\"https:\\\/\\\/amedis.es\\\/tienda\\\/#\\\/schema\\\/logo\\\/image\\\/\"}}]}<\/script>\n<!-- \/ Yoast SEO plugin. -->","yoast_head_json":{"title":"C\u00c1NULAS DE ASPIRACI\u00d3N QUIR\u00daRGICA ESTERILES KDM | Amedis","description":"C\u00e1nulas de aspiraci\u00f3n quir\u00fargica KDM. C\u00e1nulas monouso de aspiraci\u00f3n quir\u00fargica, permite tener gracias a sus orificios una muy suave aspiraci\u00f3n durante toda la intervenci\u00f3n quir\u00fargica, elimina los riesgos de infecci\u00f3n.","robots":{"index":"index","follow":"follow","max-snippet":"max-snippet:-1","max-image-preview":"max-image-preview:large","max-video-preview":"max-video-preview:-1"},"canonical":"https:\/\/amedis.es\/tienda\/producto\/canulas-de-aspiracion-quirurgica-esteriles-kdm\/","og_locale":"es_ES","og_type":"article","og_title":"C\u00c1NULAS DE ASPIRACI\u00d3N QUIR\u00daRGICA ESTERILES KDM | Amedis","og_description":"C\u00e1nulas de aspiraci\u00f3n quir\u00fargica KDM. C\u00e1nulas monouso de aspiraci\u00f3n quir\u00fargica, permite tener gracias a sus orificios una muy suave aspiraci\u00f3n durante toda la intervenci\u00f3n quir\u00fargica, elimina los riesgos de infecci\u00f3n.","og_url":"https:\/\/amedis.es\/tienda\/producto\/canulas-de-aspiracion-quirurgica-esteriles-kdm\/","og_site_name":"Amedis","article_modified_time":"2026-04-07T15:55:47+00:00","og_image":[{"width":600,"height":600,"url":"https:\/\/amedis.es\/tienda\/wp-content\/uploads\/2026\/04\/CANULAS-DE-ASPIRACION-QUIRURGICA-ESTERILES-KDM.jpg","type":"image\/jpeg"}],"twitter_card":"summary_large_image","twitter_misc":{"Tiempo de lectura":"1 minuto"},"schema":{"@context":"https:\/\/schema.org","@graph":[{"@type":"WebPage","@id":"https:\/\/amedis.es\/tienda\/producto\/canulas-de-aspiracion-quirurgica-esteriles-kdm\/","url":"https:\/\/amedis.es\/tienda\/producto\/canulas-de-aspiracion-quirurgica-esteriles-kdm\/","name":"C\u00c1NULAS DE ASPIRACI\u00d3N QUIR\u00daRGICA ESTERILES KDM | Amedis","isPartOf":{"@id":"https:\/\/amedis.es\/tienda\/#website"},"primaryImageOfPage":{"@id":"https:\/\/amedis.es\/tienda\/producto\/canulas-de-aspiracion-quirurgica-esteriles-kdm\/#primaryimage"},"image":{"@id":"https:\/\/amedis.es\/tienda\/producto\/canulas-de-aspiracion-quirurgica-esteriles-kdm\/#primaryimage"},"thumbnailUrl":"https:\/\/amedis.es\/tienda\/wp-content\/uploads\/2026\/04\/CANULAS-DE-ASPIRACION-QUIRURGICA-ESTERILES-KDM.jpg","datePublished":"2026-04-07T15:52:31+00:00","dateModified":"2026-04-07T15:55:47+00:00","description":"C\u00e1nulas de aspiraci\u00f3n quir\u00fargica KDM. C\u00e1nulas monouso de aspiraci\u00f3n quir\u00fargica, permite tener gracias a sus orificios una muy suave aspiraci\u00f3n durante toda la intervenci\u00f3n quir\u00fargica, elimina los riesgos de infecci\u00f3n.","breadcrumb":{"@id":"https:\/\/amedis.es\/tienda\/producto\/canulas-de-aspiracion-quirurgica-esteriles-kdm\/#breadcrumb"},"inLanguage":"es","potentialAction":[{"@type":"ReadAction","target":["https:\/\/amedis.es\/tienda\/producto\/canulas-de-aspiracion-quirurgica-esteriles-kdm\/"]}]},{"@type":"ImageObject","inLanguage":"es","@id":"https:\/\/amedis.es\/tienda\/producto\/canulas-de-aspiracion-quirurgica-esteriles-kdm\/#primaryimage","url":"https:\/\/amedis.es\/tienda\/wp-content\/uploads\/2026\/04\/CANULAS-DE-ASPIRACION-QUIRURGICA-ESTERILES-KDM.jpg","contentUrl":"https:\/\/amedis.es\/tienda\/wp-content\/uploads\/2026\/04\/CANULAS-DE-ASPIRACION-QUIRURGICA-ESTERILES-KDM.jpg","width":600,"height":600,"caption":"Amedis C\u00c1NULAS DE ASPIRACI\u00d3N QUIR\u00daRGICA ESTERILES KDM"},{"@type":"BreadcrumbList","@id":"https:\/\/amedis.es\/tienda\/producto\/canulas-de-aspiracion-quirurgica-esteriles-kdm\/#breadcrumb","itemListElement":[{"@type":"ListItem","position":1,"name":"Portada","item":"https:\/\/amedis.es\/tienda\/"},{"@type":"ListItem","position":2,"name":"Amedis | Suministros M\u00e9dicos y Dentales | Tienda","item":"https:\/\/amedis.es\/tienda\/suministros-medicos-y-dentales\/"},{"@type":"ListItem","position":3,"name":"C\u00c1NULAS DE ASPIRACI\u00d3N QUIR\u00daRGICA ESTERILES KDM"}]},{"@type":"WebSite","@id":"https:\/\/amedis.es\/tienda\/#website","url":"https:\/\/amedis.es\/tienda\/","name":"Amedis","description":"Suministros M\u00e9dicos y Dentales","publisher":{"@id":"https:\/\/amedis.es\/tienda\/#organization"},"potentialAction":[{"@type":"SearchAction","target":{"@type":"EntryPoint","urlTemplate":"https:\/\/amedis.es\/tienda\/?s={search_term_string}"},"query-input":{"@type":"PropertyValueSpecification","valueRequired":true,"valueName":"search_term_string"}}],"inLanguage":"es"},{"@type":"Organization","@id":"https:\/\/amedis.es\/tienda\/#organization","name":"Amedis | Suministros M\u00e9dicos y Dentales","url":"https:\/\/amedis.es\/tienda\/","logo":{"@type":"ImageObject","inLanguage":"es","@id":"https:\/\/amedis.es\/tienda\/#\/schema\/logo\/image\/","url":"https:\/\/amedis.es\/tienda\/wp-content\/uploads\/2020\/05\/logo-1.png","contentUrl":"https:\/\/amedis.es\/tienda\/wp-content\/uploads\/2020\/05\/logo-1.png","width":191,"height":80,"caption":"Amedis | Suministros M\u00e9dicos y Dentales"},"image":{"@id":"https:\/\/amedis.es\/tienda\/#\/schema\/logo\/image\/"}}]}},"brands":[{"id":2384,"name":"KDM","slug":"kdm"}],"_links":{"self":[{"href":"https:\/\/amedis.es\/tienda\/wp-json\/wp\/v2\/product\/36957","targetHints":{"allow":["GET"]}}],"collection":[{"href":"https:\/\/amedis.es\/tienda\/wp-json\/wp\/v2\/product"}],"about":[{"href":"https:\/\/amedis.es\/tienda\/wp-json\/wp\/v2\/types\/product"}],"wp:featuredmedia":[{"embeddable":true,"href":"https:\/\/amedis.es\/tienda\/wp-json\/wp\/v2\/media\/36958"}],"wp:attachment":[{"href":"https:\/\/amedis.es\/tienda\/wp-json\/wp\/v2\/media?parent=36957"}],"wp:term":[{"taxonomy":"pwb-brand","embeddable":true,"href":"https:\/\/amedis.es\/tienda\/wp-json\/wp\/v2\/pwb-brand?post=36957"},{"taxonomy":"product_brand","embeddable":true,"href":"https:\/\/amedis.es\/tienda\/wp-json\/wp\/v2\/product_brand?post=36957"},{"taxonomy":"product_cat","embeddable":true,"href":"https:\/\/amedis.es\/tienda\/wp-json\/wp\/v2\/product_cat?post=36957"},{"taxonomy":"product_tag","embeddable":true,"href":"https:\/\/amedis.es\/tienda\/wp-json\/wp\/v2\/product_tag?post=36957"}],"curies":[{"name":"wp","href":"https:\/\/api.w.org\/{rel}","templated":true}]}}