{"id":36729,"date":"2026-03-05T12:52:10","date_gmt":"2026-03-05T12:52:10","guid":{"rendered":"https:\/\/amedis.es\/tienda\/?post_type=product&#038;p=36729"},"modified":"2026-03-05T13:01:34","modified_gmt":"2026-03-05T13:01:34","slug":"micromotor-surgic-pro-led-con-luz-y-contra-angulo","status":"publish","type":"product","link":"https:\/\/amedis.es\/tienda\/producto\/micromotor-surgic-pro-led-con-luz-y-contra-angulo\/","title":{"rendered":"MICROMOTOR SURGIC PRO LED CON LUZ Y CONTRA ANGULO"},"content":{"rendered":"<p>Micromotor surgic pro led con luz y contra \u00e1ngulo. Es un motor de cirug\u00eda, implantes que cuenta con un sistema de micromotor m\u00e1s ligero y peque\u00f1o, pero ofrece el mayor par motor disponible, en este sistema compacto. El pedal de control es f\u00e1cil de usar y permite el manejo de todas las funciones dentro de los par\u00e1metros preestablecidos sin necesidad de tocar el panel de control, para evitar activar accidentalmente el micromotor fuera de los l\u00edmites preestablecidos.<\/p>\n<p>Pantalla LCD con retroiluminaci\u00f3n y botones de manejo sencillo. No es necesario instalar ning\u00fan software espec\u00edfico. La AHC garantiza una velocidad y un torque de extraordinaria precisi\u00f3n para una m\u00e1xima seguridad durante su funcionamiento. La luz LED genera una luz natural que proporciona una visi\u00f3n m\u00e1s n\u00edtida que la luz hal\u00f3gena. Es 16.2 mm m\u00e1s corto y pesa 42 g menos que el micromotor quir\u00fargico \u00f3ptico convencional. Se puede acceder y descargar la informaci\u00f3n sobre el tratamiento utilizando un USB pendrive. Funciones del pedal de control: Bot\u00f3n de progr, pedal de control de velocidad, Bot\u00f3n de volumen de flujo de soluci\u00f3n refrig Bot\u00f3n avance \/ retroceso.<\/p>\n","protected":false},"excerpt":{"rendered":"<p>CONTENIDO: Unidad de control sin almacenamiento de datos + Micromotor LED SGL70M + Pedal de control FC-78 + Pieza de mano \u00f3ptica X-SG20L (Reducci\u00f3n 20:1) + Tubo de irrigaci\u00f3n (5 piezas) + otros accesorios.<\/p>\n","protected":false},"featured_media":25696,"template":"","meta":[],"pwb-brand":[2401],"product_brand":[],"product_cat":[2002,283,2003],"product_tag":[],"class_list":{"0":"post-36729","1":"product","2":"type-product","3":"status-publish","4":"has-post-thumbnail","6":"pwb-brand-nsk","7":"product_cat-cirugia-e-implantes","8":"product_cat-equipamiento","9":"product_cat-micromotor-de-implantes-con-luz","11":"first","12":"onbackorder","13":"sale","14":"taxable","15":"shipping-taxable","16":"purchasable","17":"product-type-simple"},"yoast_head":"<!-- This site is optimized with the Yoast SEO plugin v27.4 - https:\/\/yoast.com\/product\/yoast-seo-wordpress\/ -->\n<title>MICROMOTOR SURGIC PRO LED CON LUZ | Amedis<\/title>\n<meta name=\"description\" content=\"Micromotor surgic pro led con luz y contra angulo. Es un motor de cirug\u00eda, implantes que cuenta con un sistema de micromotor m\u00e1s ligero y peque\u00f1o\" \/>\n<meta name=\"robots\" content=\"index, follow, max-snippet:-1, max-image-preview:large, max-video-preview:-1\" \/>\n<link rel=\"canonical\" href=\"https:\/\/amedis.es\/tienda\/producto\/micromotor-surgic-pro-led-con-luz-y-contra-angulo\/\" \/>\n<meta property=\"og:locale\" content=\"es_ES\" \/>\n<meta property=\"og:type\" content=\"article\" \/>\n<meta property=\"og:title\" content=\"MICROMOTOR SURGIC PRO LED CON LUZ | Amedis\" \/>\n<meta property=\"og:description\" content=\"Micromotor surgic pro led con luz y contra angulo. Es un motor de cirug\u00eda, implantes que cuenta con un sistema de micromotor m\u00e1s ligero y peque\u00f1o\" \/>\n<meta property=\"og:url\" content=\"https:\/\/amedis.es\/tienda\/producto\/micromotor-surgic-pro-led-con-luz-y-contra-angulo\/\" \/>\n<meta property=\"og:site_name\" content=\"Amedis\" \/>\n<meta property=\"article:modified_time\" content=\"2026-03-05T13:01:34+00:00\" \/>\n<meta property=\"og:image\" content=\"https:\/\/amedis.es\/tienda\/wp-content\/uploads\/2023\/02\/MICROMOTOR-SURGIC-PRO-LED-CON-LUZ-Y-CONTRA-ANGULO.jpg\" \/>\n\t<meta property=\"og:image:width\" content=\"600\" \/>\n\t<meta property=\"og:image:height\" content=\"600\" \/>\n\t<meta property=\"og:image:type\" content=\"image\/jpeg\" \/>\n<meta name=\"twitter:card\" content=\"summary_large_image\" \/>\n<meta name=\"twitter:label1\" content=\"Tiempo de lectura\" \/>\n\t<meta name=\"twitter:data1\" content=\"2 minutos\" \/>\n<script type=\"application\/ld+json\" class=\"yoast-schema-graph\">{\"@context\":\"https:\\\/\\\/schema.org\",\"@graph\":[{\"@type\":\"WebPage\",\"@id\":\"https:\\\/\\\/amedis.es\\\/tienda\\\/producto\\\/micromotor-surgic-pro-led-con-luz-y-contra-angulo\\\/\",\"url\":\"https:\\\/\\\/amedis.es\\\/tienda\\\/producto\\\/micromotor-surgic-pro-led-con-luz-y-contra-angulo\\\/\",\"name\":\"MICROMOTOR SURGIC PRO LED CON LUZ | Amedis\",\"isPartOf\":{\"@id\":\"https:\\\/\\\/amedis.es\\\/tienda\\\/#website\"},\"primaryImageOfPage\":{\"@id\":\"https:\\\/\\\/amedis.es\\\/tienda\\\/producto\\\/micromotor-surgic-pro-led-con-luz-y-contra-angulo\\\/#primaryimage\"},\"image\":{\"@id\":\"https:\\\/\\\/amedis.es\\\/tienda\\\/producto\\\/micromotor-surgic-pro-led-con-luz-y-contra-angulo\\\/#primaryimage\"},\"thumbnailUrl\":\"https:\\\/\\\/amedis.es\\\/tienda\\\/wp-content\\\/uploads\\\/2023\\\/02\\\/MICROMOTOR-SURGIC-PRO-LED-CON-LUZ-Y-CONTRA-ANGULO.jpg\",\"datePublished\":\"2026-03-05T12:52:10+00:00\",\"dateModified\":\"2026-03-05T13:01:34+00:00\",\"description\":\"Micromotor surgic pro led con luz y contra angulo. Es un motor de cirug\u00eda, implantes que cuenta con un sistema de micromotor m\u00e1s ligero y peque\u00f1o\",\"breadcrumb\":{\"@id\":\"https:\\\/\\\/amedis.es\\\/tienda\\\/producto\\\/micromotor-surgic-pro-led-con-luz-y-contra-angulo\\\/#breadcrumb\"},\"inLanguage\":\"es\",\"potentialAction\":[{\"@type\":\"ReadAction\",\"target\":[\"https:\\\/\\\/amedis.es\\\/tienda\\\/producto\\\/micromotor-surgic-pro-led-con-luz-y-contra-angulo\\\/\"]}]},{\"@type\":\"ImageObject\",\"inLanguage\":\"es\",\"@id\":\"https:\\\/\\\/amedis.es\\\/tienda\\\/producto\\\/micromotor-surgic-pro-led-con-luz-y-contra-angulo\\\/#primaryimage\",\"url\":\"https:\\\/\\\/amedis.es\\\/tienda\\\/wp-content\\\/uploads\\\/2023\\\/02\\\/MICROMOTOR-SURGIC-PRO-LED-CON-LUZ-Y-CONTRA-ANGULO.jpg\",\"contentUrl\":\"https:\\\/\\\/amedis.es\\\/tienda\\\/wp-content\\\/uploads\\\/2023\\\/02\\\/MICROMOTOR-SURGIC-PRO-LED-CON-LUZ-Y-CONTRA-ANGULO.jpg\",\"width\":600,\"height\":600,\"caption\":\"Amedis MICROMOTOR SURGIC PRO LED CON LUZ Y CONTRA ANGULO\"},{\"@type\":\"BreadcrumbList\",\"@id\":\"https:\\\/\\\/amedis.es\\\/tienda\\\/producto\\\/micromotor-surgic-pro-led-con-luz-y-contra-angulo\\\/#breadcrumb\",\"itemListElement\":[{\"@type\":\"ListItem\",\"position\":1,\"name\":\"Portada\",\"item\":\"https:\\\/\\\/amedis.es\\\/tienda\\\/\"},{\"@type\":\"ListItem\",\"position\":2,\"name\":\"Amedis | Suministros M\u00e9dicos y Dentales | Tienda\",\"item\":\"https:\\\/\\\/amedis.es\\\/tienda\\\/suministros-medicos-y-dentales\\\/\"},{\"@type\":\"ListItem\",\"position\":3,\"name\":\"MICROMOTOR SURGIC PRO LED CON LUZ Y CONTRA ANGULO\"}]},{\"@type\":\"WebSite\",\"@id\":\"https:\\\/\\\/amedis.es\\\/tienda\\\/#website\",\"url\":\"https:\\\/\\\/amedis.es\\\/tienda\\\/\",\"name\":\"Amedis\",\"description\":\"Suministros M\u00e9dicos y Dentales\",\"publisher\":{\"@id\":\"https:\\\/\\\/amedis.es\\\/tienda\\\/#organization\"},\"potentialAction\":[{\"@type\":\"SearchAction\",\"target\":{\"@type\":\"EntryPoint\",\"urlTemplate\":\"https:\\\/\\\/amedis.es\\\/tienda\\\/?s={search_term_string}\"},\"query-input\":{\"@type\":\"PropertyValueSpecification\",\"valueRequired\":true,\"valueName\":\"search_term_string\"}}],\"inLanguage\":\"es\"},{\"@type\":\"Organization\",\"@id\":\"https:\\\/\\\/amedis.es\\\/tienda\\\/#organization\",\"name\":\"Amedis | Suministros M\u00e9dicos y Dentales\",\"url\":\"https:\\\/\\\/amedis.es\\\/tienda\\\/\",\"logo\":{\"@type\":\"ImageObject\",\"inLanguage\":\"es\",\"@id\":\"https:\\\/\\\/amedis.es\\\/tienda\\\/#\\\/schema\\\/logo\\\/image\\\/\",\"url\":\"https:\\\/\\\/amedis.es\\\/tienda\\\/wp-content\\\/uploads\\\/2020\\\/05\\\/logo-1.png\",\"contentUrl\":\"https:\\\/\\\/amedis.es\\\/tienda\\\/wp-content\\\/uploads\\\/2020\\\/05\\\/logo-1.png\",\"width\":191,\"height\":80,\"caption\":\"Amedis | Suministros M\u00e9dicos y Dentales\"},\"image\":{\"@id\":\"https:\\\/\\\/amedis.es\\\/tienda\\\/#\\\/schema\\\/logo\\\/image\\\/\"}}]}<\/script>\n<!-- \/ Yoast SEO plugin. -->","yoast_head_json":{"title":"MICROMOTOR SURGIC PRO LED CON LUZ | Amedis","description":"Micromotor surgic pro led con luz y contra angulo. Es un motor de cirug\u00eda, implantes que cuenta con un sistema de micromotor m\u00e1s ligero y peque\u00f1o","robots":{"index":"index","follow":"follow","max-snippet":"max-snippet:-1","max-image-preview":"max-image-preview:large","max-video-preview":"max-video-preview:-1"},"canonical":"https:\/\/amedis.es\/tienda\/producto\/micromotor-surgic-pro-led-con-luz-y-contra-angulo\/","og_locale":"es_ES","og_type":"article","og_title":"MICROMOTOR SURGIC PRO LED CON LUZ | Amedis","og_description":"Micromotor surgic pro led con luz y contra angulo. Es un motor de cirug\u00eda, implantes que cuenta con un sistema de micromotor m\u00e1s ligero y peque\u00f1o","og_url":"https:\/\/amedis.es\/tienda\/producto\/micromotor-surgic-pro-led-con-luz-y-contra-angulo\/","og_site_name":"Amedis","article_modified_time":"2026-03-05T13:01:34+00:00","og_image":[{"width":600,"height":600,"url":"https:\/\/amedis.es\/tienda\/wp-content\/uploads\/2023\/02\/MICROMOTOR-SURGIC-PRO-LED-CON-LUZ-Y-CONTRA-ANGULO.jpg","type":"image\/jpeg"}],"twitter_card":"summary_large_image","twitter_misc":{"Tiempo de lectura":"2 minutos"},"schema":{"@context":"https:\/\/schema.org","@graph":[{"@type":"WebPage","@id":"https:\/\/amedis.es\/tienda\/producto\/micromotor-surgic-pro-led-con-luz-y-contra-angulo\/","url":"https:\/\/amedis.es\/tienda\/producto\/micromotor-surgic-pro-led-con-luz-y-contra-angulo\/","name":"MICROMOTOR SURGIC PRO LED CON LUZ | Amedis","isPartOf":{"@id":"https:\/\/amedis.es\/tienda\/#website"},"primaryImageOfPage":{"@id":"https:\/\/amedis.es\/tienda\/producto\/micromotor-surgic-pro-led-con-luz-y-contra-angulo\/#primaryimage"},"image":{"@id":"https:\/\/amedis.es\/tienda\/producto\/micromotor-surgic-pro-led-con-luz-y-contra-angulo\/#primaryimage"},"thumbnailUrl":"https:\/\/amedis.es\/tienda\/wp-content\/uploads\/2023\/02\/MICROMOTOR-SURGIC-PRO-LED-CON-LUZ-Y-CONTRA-ANGULO.jpg","datePublished":"2026-03-05T12:52:10+00:00","dateModified":"2026-03-05T13:01:34+00:00","description":"Micromotor surgic pro led con luz y contra angulo. Es un motor de cirug\u00eda, implantes que cuenta con un sistema de micromotor m\u00e1s ligero y peque\u00f1o","breadcrumb":{"@id":"https:\/\/amedis.es\/tienda\/producto\/micromotor-surgic-pro-led-con-luz-y-contra-angulo\/#breadcrumb"},"inLanguage":"es","potentialAction":[{"@type":"ReadAction","target":["https:\/\/amedis.es\/tienda\/producto\/micromotor-surgic-pro-led-con-luz-y-contra-angulo\/"]}]},{"@type":"ImageObject","inLanguage":"es","@id":"https:\/\/amedis.es\/tienda\/producto\/micromotor-surgic-pro-led-con-luz-y-contra-angulo\/#primaryimage","url":"https:\/\/amedis.es\/tienda\/wp-content\/uploads\/2023\/02\/MICROMOTOR-SURGIC-PRO-LED-CON-LUZ-Y-CONTRA-ANGULO.jpg","contentUrl":"https:\/\/amedis.es\/tienda\/wp-content\/uploads\/2023\/02\/MICROMOTOR-SURGIC-PRO-LED-CON-LUZ-Y-CONTRA-ANGULO.jpg","width":600,"height":600,"caption":"Amedis MICROMOTOR SURGIC PRO LED CON LUZ Y CONTRA ANGULO"},{"@type":"BreadcrumbList","@id":"https:\/\/amedis.es\/tienda\/producto\/micromotor-surgic-pro-led-con-luz-y-contra-angulo\/#breadcrumb","itemListElement":[{"@type":"ListItem","position":1,"name":"Portada","item":"https:\/\/amedis.es\/tienda\/"},{"@type":"ListItem","position":2,"name":"Amedis | Suministros M\u00e9dicos y Dentales | Tienda","item":"https:\/\/amedis.es\/tienda\/suministros-medicos-y-dentales\/"},{"@type":"ListItem","position":3,"name":"MICROMOTOR SURGIC PRO LED CON LUZ Y CONTRA ANGULO"}]},{"@type":"WebSite","@id":"https:\/\/amedis.es\/tienda\/#website","url":"https:\/\/amedis.es\/tienda\/","name":"Amedis","description":"Suministros M\u00e9dicos y Dentales","publisher":{"@id":"https:\/\/amedis.es\/tienda\/#organization"},"potentialAction":[{"@type":"SearchAction","target":{"@type":"EntryPoint","urlTemplate":"https:\/\/amedis.es\/tienda\/?s={search_term_string}"},"query-input":{"@type":"PropertyValueSpecification","valueRequired":true,"valueName":"search_term_string"}}],"inLanguage":"es"},{"@type":"Organization","@id":"https:\/\/amedis.es\/tienda\/#organization","name":"Amedis | Suministros M\u00e9dicos y Dentales","url":"https:\/\/amedis.es\/tienda\/","logo":{"@type":"ImageObject","inLanguage":"es","@id":"https:\/\/amedis.es\/tienda\/#\/schema\/logo\/image\/","url":"https:\/\/amedis.es\/tienda\/wp-content\/uploads\/2020\/05\/logo-1.png","contentUrl":"https:\/\/amedis.es\/tienda\/wp-content\/uploads\/2020\/05\/logo-1.png","width":191,"height":80,"caption":"Amedis | Suministros M\u00e9dicos y Dentales"},"image":{"@id":"https:\/\/amedis.es\/tienda\/#\/schema\/logo\/image\/"}}]}},"brands":[{"id":2401,"name":"NSK","slug":"nsk"}],"_links":{"self":[{"href":"https:\/\/amedis.es\/tienda\/wp-json\/wp\/v2\/product\/36729","targetHints":{"allow":["GET"]}}],"collection":[{"href":"https:\/\/amedis.es\/tienda\/wp-json\/wp\/v2\/product"}],"about":[{"href":"https:\/\/amedis.es\/tienda\/wp-json\/wp\/v2\/types\/product"}],"wp:featuredmedia":[{"embeddable":true,"href":"https:\/\/amedis.es\/tienda\/wp-json\/wp\/v2\/media\/25696"}],"wp:attachment":[{"href":"https:\/\/amedis.es\/tienda\/wp-json\/wp\/v2\/media?parent=36729"}],"wp:term":[{"taxonomy":"pwb-brand","embeddable":true,"href":"https:\/\/amedis.es\/tienda\/wp-json\/wp\/v2\/pwb-brand?post=36729"},{"taxonomy":"product_brand","embeddable":true,"href":"https:\/\/amedis.es\/tienda\/wp-json\/wp\/v2\/product_brand?post=36729"},{"taxonomy":"product_cat","embeddable":true,"href":"https:\/\/amedis.es\/tienda\/wp-json\/wp\/v2\/product_cat?post=36729"},{"taxonomy":"product_tag","embeddable":true,"href":"https:\/\/amedis.es\/tienda\/wp-json\/wp\/v2\/product_tag?post=36729"}],"curies":[{"name":"wp","href":"https:\/\/api.w.org\/{rel}","templated":true}]}}