{"id":36722,"date":"2026-03-05T12:12:02","date_gmt":"2026-03-05T12:12:02","guid":{"rendered":"https:\/\/amedis.es\/tienda\/?post_type=product&#038;p=36722"},"modified":"2026-03-05T12:19:35","modified_gmt":"2026-03-05T12:19:35","slug":"mt-bone-piezosurgery-kit","status":"publish","type":"product","link":"https:\/\/amedis.es\/tienda\/producto\/mt-bone-piezosurgery-kit\/","title":{"rendered":"MT BONE PIEZOSURGERY KIT"},"content":{"rendered":"<p>MT Bone. Equipo para cirug\u00eda \u00f3sea que integra la tecnolog\u00eda ultras\u00f3nica de PIEZOSURGERY\u00ae y la tecnolog\u00eda PIEZODRILL\u00ae para preparaci\u00f3n del lecho de implantes. Es una herramienta vers\u00e1til, equipada con una pantalla t\u00e1ctil sensible y una interfaz intuitiva. Perfiles de usuario personalizados para una experiencia eficiente, permitiendo al profesional enfocarse \u00fanicamente en el procedimiento quir\u00fargico.<\/p>\n<p>IOT \u2013 CONECTIVIDAD INTELIGENTE: Gracias al m\u00f3dulo Wi-Fi integrado, MT-BONE puede conectarse f\u00e1cilmente a dispositivos m\u00f3viles para realizar actualizaciones de software y acceder a servicios adicionales, como soporte t\u00e9cnico remoto y diagn\u00f3stico a distancia. MyMectron APP. Activaci\u00f3n del dispositivo a trav\u00e9s de la app y acceso f\u00e1cil a toda la informaci\u00f3n del equipo.<\/p>\n<p>MT-BONE: ofrece una nueva generaci\u00f3n de PIEZOSURGERY\u00ae, con una ergonom\u00eda mejorada gracias a la incorporaci\u00f3n de ranuras y una eficiencia de corte optimizada con un incremento de la potencia de hasta el 20 %. Nueva luz LED circular (m\u00e1s de 90.000 LUX). Nuevo sistema de irrigaci\u00f3n: apertura de la bomba perist\u00e1ltica con un solo clic. L\u00ednea de irrigaci\u00f3n desechable.<\/p>\n<p>INSERTOS PIEZOSURGERY\u00ae: Compatible con todos los insertos disponibles. Lista personalizable con los insertos de uso m\u00e1s frecuente. Activaci\u00f3n autom\u00e1tica de los par\u00e1metros predefinidos al seleccionar cada inserto. Ordenaci\u00f3n alfab\u00e9tica de los insertos. M\u00e1s de 85 insertos, dise\u00f1ados espec\u00edficamente para una amplia variedad de aplicaciones en cirug\u00eda dental, implantolog\u00eda y procedimientos endod\u00f3nticos.<\/p>\n<p>MT-BONE presenta tecnolog\u00eda piezoel\u00e9ctrica &#8211; PIEZODRILL\u00ae, para la preparaci\u00f3n precisa del lecho implantario.<\/p>\n<p>-Configuraci\u00f3n de 3 niveles de potencia disponibles. La potencia depende de la energ\u00eda suministrada por el generador.<br \/>\n-Configuraci\u00f3n de 2 modos operativos: orificio piloto y ampliaci\u00f3n.<br \/>\n-Rango de frecuencia diferenciado.<br \/>\n-Pieza de mano: mejor acceso al campo quir\u00fargico gracias a los insertos de 90\u00b0.<br \/>\n&#8211; Nuevo concepto de transductor con piezocer\u00e1micas m\u00e1s anchas. Luz LED circular (m\u00e1s de 90.000 LUX).<br \/>\n-Precisi\u00f3n y seguridad: manipulaci\u00f3n quir\u00fargica simplificada con un movimiento exclusivamente \u00abarriba y abajo\u00bb. Mayor seguridad en comparaci\u00f3n con las fresas helicoidales. Los mismos beneficios histol\u00f3gicos que la preparaci\u00f3n implantar\u00eda ultras\u00f3nica.<\/p>\n<p>INSERTOS PIEZODRILL\u00ae 5 insertos con recubrimiento diamantado, irrigaci\u00f3n interna, conexi\u00f3n r\u00e1pida, di\u00e1metro de 1,8 a 3,5 mm y versiones con marcas de profundidad pares e impares.<\/p>\n","protected":false},"excerpt":{"rendered":"<p>CONTENIDO: 1 consola MT-BONE + 1 pieza de mano piezosurgery + 1 llave dinamom\u00e9trica K8 + 1 llave dinamom\u00e9trica K11 + 10 l\u00e1minas de protecci\u00f3n de un solo uso + 3 kit de irrigaci\u00f3n MT + 1 cable de alimentaci\u00f3n + 1 maleta.<\/p>\n","protected":false},"featured_media":36723,"template":"","meta":[],"pwb-brand":[2424],"product_brand":[],"product_cat":[2002,283,2003],"product_tag":[],"class_list":{"0":"post-36722","1":"product","2":"type-product","3":"status-publish","4":"has-post-thumbnail","6":"pwb-brand-mectron","7":"product_cat-cirugia-e-implantes","8":"product_cat-equipamiento","9":"product_cat-micromotor-de-implantes-con-luz","11":"first","12":"instock","13":"sale","14":"taxable","15":"shipping-taxable","16":"purchasable","17":"product-type-simple"},"yoast_head":"<!-- This site is optimized with the Yoast SEO plugin v27.4 - https:\/\/yoast.com\/product\/yoast-seo-wordpress\/ -->\n<title>EXPERTSURG LUX CON LUZ | Amedis<\/title>\n<meta name=\"description\" content=\"MT Bone. Equipo para cirug\u00eda \u00f3sea que integra la tecnolog\u00eda ultras\u00f3nica de PIEZOSURGERY\u00ae y la tecnolog\u00eda PIEZODRILL\u00ae\" \/>\n<meta name=\"robots\" content=\"index, follow, max-snippet:-1, max-image-preview:large, max-video-preview:-1\" \/>\n<link rel=\"canonical\" href=\"https:\/\/amedis.es\/tienda\/producto\/mt-bone-piezosurgery-kit\/\" \/>\n<meta property=\"og:locale\" content=\"es_ES\" \/>\n<meta property=\"og:type\" content=\"article\" \/>\n<meta property=\"og:title\" content=\"EXPERTSURG LUX CON LUZ | Amedis\" \/>\n<meta property=\"og:description\" content=\"MT Bone. Equipo para cirug\u00eda \u00f3sea que integra la tecnolog\u00eda ultras\u00f3nica de PIEZOSURGERY\u00ae y la tecnolog\u00eda PIEZODRILL\u00ae\" \/>\n<meta property=\"og:url\" content=\"https:\/\/amedis.es\/tienda\/producto\/mt-bone-piezosurgery-kit\/\" \/>\n<meta property=\"og:site_name\" content=\"Amedis\" \/>\n<meta property=\"article:modified_time\" content=\"2026-03-05T12:19:35+00:00\" \/>\n<meta property=\"og:image\" content=\"https:\/\/amedis.es\/tienda\/wp-content\/uploads\/2026\/03\/MT-BONE-PIEZOSURGERY-KIT.jpg\" \/>\n\t<meta property=\"og:image:width\" content=\"600\" \/>\n\t<meta property=\"og:image:height\" content=\"600\" \/>\n\t<meta property=\"og:image:type\" content=\"image\/jpeg\" \/>\n<meta name=\"twitter:card\" content=\"summary_large_image\" \/>\n<meta name=\"twitter:label1\" content=\"Tiempo de lectura\" \/>\n\t<meta name=\"twitter:data1\" content=\"2 minutos\" \/>\n<script type=\"application\/ld+json\" class=\"yoast-schema-graph\">{\"@context\":\"https:\\\/\\\/schema.org\",\"@graph\":[{\"@type\":\"WebPage\",\"@id\":\"https:\\\/\\\/amedis.es\\\/tienda\\\/producto\\\/mt-bone-piezosurgery-kit\\\/\",\"url\":\"https:\\\/\\\/amedis.es\\\/tienda\\\/producto\\\/mt-bone-piezosurgery-kit\\\/\",\"name\":\"EXPERTSURG LUX CON LUZ | Amedis\",\"isPartOf\":{\"@id\":\"https:\\\/\\\/amedis.es\\\/tienda\\\/#website\"},\"primaryImageOfPage\":{\"@id\":\"https:\\\/\\\/amedis.es\\\/tienda\\\/producto\\\/mt-bone-piezosurgery-kit\\\/#primaryimage\"},\"image\":{\"@id\":\"https:\\\/\\\/amedis.es\\\/tienda\\\/producto\\\/mt-bone-piezosurgery-kit\\\/#primaryimage\"},\"thumbnailUrl\":\"https:\\\/\\\/amedis.es\\\/tienda\\\/wp-content\\\/uploads\\\/2026\\\/03\\\/MT-BONE-PIEZOSURGERY-KIT.jpg\",\"datePublished\":\"2026-03-05T12:12:02+00:00\",\"dateModified\":\"2026-03-05T12:19:35+00:00\",\"description\":\"MT Bone. Equipo para cirug\u00eda \u00f3sea que integra la tecnolog\u00eda ultras\u00f3nica de PIEZOSURGERY\u00ae y la tecnolog\u00eda PIEZODRILL\u00ae\",\"breadcrumb\":{\"@id\":\"https:\\\/\\\/amedis.es\\\/tienda\\\/producto\\\/mt-bone-piezosurgery-kit\\\/#breadcrumb\"},\"inLanguage\":\"es\",\"potentialAction\":[{\"@type\":\"ReadAction\",\"target\":[\"https:\\\/\\\/amedis.es\\\/tienda\\\/producto\\\/mt-bone-piezosurgery-kit\\\/\"]}]},{\"@type\":\"ImageObject\",\"inLanguage\":\"es\",\"@id\":\"https:\\\/\\\/amedis.es\\\/tienda\\\/producto\\\/mt-bone-piezosurgery-kit\\\/#primaryimage\",\"url\":\"https:\\\/\\\/amedis.es\\\/tienda\\\/wp-content\\\/uploads\\\/2026\\\/03\\\/MT-BONE-PIEZOSURGERY-KIT.jpg\",\"contentUrl\":\"https:\\\/\\\/amedis.es\\\/tienda\\\/wp-content\\\/uploads\\\/2026\\\/03\\\/MT-BONE-PIEZOSURGERY-KIT.jpg\",\"width\":600,\"height\":600,\"caption\":\"Amedis MT BONE PIEZOSURGERY KIT\"},{\"@type\":\"BreadcrumbList\",\"@id\":\"https:\\\/\\\/amedis.es\\\/tienda\\\/producto\\\/mt-bone-piezosurgery-kit\\\/#breadcrumb\",\"itemListElement\":[{\"@type\":\"ListItem\",\"position\":1,\"name\":\"Portada\",\"item\":\"https:\\\/\\\/amedis.es\\\/tienda\\\/\"},{\"@type\":\"ListItem\",\"position\":2,\"name\":\"Amedis | Suministros M\u00e9dicos y Dentales | Tienda\",\"item\":\"https:\\\/\\\/amedis.es\\\/tienda\\\/suministros-medicos-y-dentales\\\/\"},{\"@type\":\"ListItem\",\"position\":3,\"name\":\"MT BONE PIEZOSURGERY KIT\"}]},{\"@type\":\"WebSite\",\"@id\":\"https:\\\/\\\/amedis.es\\\/tienda\\\/#website\",\"url\":\"https:\\\/\\\/amedis.es\\\/tienda\\\/\",\"name\":\"Amedis\",\"description\":\"Suministros M\u00e9dicos y Dentales\",\"publisher\":{\"@id\":\"https:\\\/\\\/amedis.es\\\/tienda\\\/#organization\"},\"potentialAction\":[{\"@type\":\"SearchAction\",\"target\":{\"@type\":\"EntryPoint\",\"urlTemplate\":\"https:\\\/\\\/amedis.es\\\/tienda\\\/?s={search_term_string}\"},\"query-input\":{\"@type\":\"PropertyValueSpecification\",\"valueRequired\":true,\"valueName\":\"search_term_string\"}}],\"inLanguage\":\"es\"},{\"@type\":\"Organization\",\"@id\":\"https:\\\/\\\/amedis.es\\\/tienda\\\/#organization\",\"name\":\"Amedis | Suministros M\u00e9dicos y Dentales\",\"url\":\"https:\\\/\\\/amedis.es\\\/tienda\\\/\",\"logo\":{\"@type\":\"ImageObject\",\"inLanguage\":\"es\",\"@id\":\"https:\\\/\\\/amedis.es\\\/tienda\\\/#\\\/schema\\\/logo\\\/image\\\/\",\"url\":\"https:\\\/\\\/amedis.es\\\/tienda\\\/wp-content\\\/uploads\\\/2020\\\/05\\\/logo-1.png\",\"contentUrl\":\"https:\\\/\\\/amedis.es\\\/tienda\\\/wp-content\\\/uploads\\\/2020\\\/05\\\/logo-1.png\",\"width\":191,\"height\":80,\"caption\":\"Amedis | Suministros M\u00e9dicos y Dentales\"},\"image\":{\"@id\":\"https:\\\/\\\/amedis.es\\\/tienda\\\/#\\\/schema\\\/logo\\\/image\\\/\"}}]}<\/script>\n<!-- \/ Yoast SEO plugin. -->","yoast_head_json":{"title":"EXPERTSURG LUX CON LUZ | Amedis","description":"MT Bone. Equipo para cirug\u00eda \u00f3sea que integra la tecnolog\u00eda ultras\u00f3nica de PIEZOSURGERY\u00ae y la tecnolog\u00eda PIEZODRILL\u00ae","robots":{"index":"index","follow":"follow","max-snippet":"max-snippet:-1","max-image-preview":"max-image-preview:large","max-video-preview":"max-video-preview:-1"},"canonical":"https:\/\/amedis.es\/tienda\/producto\/mt-bone-piezosurgery-kit\/","og_locale":"es_ES","og_type":"article","og_title":"EXPERTSURG LUX CON LUZ | Amedis","og_description":"MT Bone. Equipo para cirug\u00eda \u00f3sea que integra la tecnolog\u00eda ultras\u00f3nica de PIEZOSURGERY\u00ae y la tecnolog\u00eda PIEZODRILL\u00ae","og_url":"https:\/\/amedis.es\/tienda\/producto\/mt-bone-piezosurgery-kit\/","og_site_name":"Amedis","article_modified_time":"2026-03-05T12:19:35+00:00","og_image":[{"width":600,"height":600,"url":"https:\/\/amedis.es\/tienda\/wp-content\/uploads\/2026\/03\/MT-BONE-PIEZOSURGERY-KIT.jpg","type":"image\/jpeg"}],"twitter_card":"summary_large_image","twitter_misc":{"Tiempo de lectura":"2 minutos"},"schema":{"@context":"https:\/\/schema.org","@graph":[{"@type":"WebPage","@id":"https:\/\/amedis.es\/tienda\/producto\/mt-bone-piezosurgery-kit\/","url":"https:\/\/amedis.es\/tienda\/producto\/mt-bone-piezosurgery-kit\/","name":"EXPERTSURG LUX CON LUZ | Amedis","isPartOf":{"@id":"https:\/\/amedis.es\/tienda\/#website"},"primaryImageOfPage":{"@id":"https:\/\/amedis.es\/tienda\/producto\/mt-bone-piezosurgery-kit\/#primaryimage"},"image":{"@id":"https:\/\/amedis.es\/tienda\/producto\/mt-bone-piezosurgery-kit\/#primaryimage"},"thumbnailUrl":"https:\/\/amedis.es\/tienda\/wp-content\/uploads\/2026\/03\/MT-BONE-PIEZOSURGERY-KIT.jpg","datePublished":"2026-03-05T12:12:02+00:00","dateModified":"2026-03-05T12:19:35+00:00","description":"MT Bone. Equipo para cirug\u00eda \u00f3sea que integra la tecnolog\u00eda ultras\u00f3nica de PIEZOSURGERY\u00ae y la tecnolog\u00eda PIEZODRILL\u00ae","breadcrumb":{"@id":"https:\/\/amedis.es\/tienda\/producto\/mt-bone-piezosurgery-kit\/#breadcrumb"},"inLanguage":"es","potentialAction":[{"@type":"ReadAction","target":["https:\/\/amedis.es\/tienda\/producto\/mt-bone-piezosurgery-kit\/"]}]},{"@type":"ImageObject","inLanguage":"es","@id":"https:\/\/amedis.es\/tienda\/producto\/mt-bone-piezosurgery-kit\/#primaryimage","url":"https:\/\/amedis.es\/tienda\/wp-content\/uploads\/2026\/03\/MT-BONE-PIEZOSURGERY-KIT.jpg","contentUrl":"https:\/\/amedis.es\/tienda\/wp-content\/uploads\/2026\/03\/MT-BONE-PIEZOSURGERY-KIT.jpg","width":600,"height":600,"caption":"Amedis MT BONE PIEZOSURGERY KIT"},{"@type":"BreadcrumbList","@id":"https:\/\/amedis.es\/tienda\/producto\/mt-bone-piezosurgery-kit\/#breadcrumb","itemListElement":[{"@type":"ListItem","position":1,"name":"Portada","item":"https:\/\/amedis.es\/tienda\/"},{"@type":"ListItem","position":2,"name":"Amedis | Suministros M\u00e9dicos y Dentales | Tienda","item":"https:\/\/amedis.es\/tienda\/suministros-medicos-y-dentales\/"},{"@type":"ListItem","position":3,"name":"MT BONE PIEZOSURGERY KIT"}]},{"@type":"WebSite","@id":"https:\/\/amedis.es\/tienda\/#website","url":"https:\/\/amedis.es\/tienda\/","name":"Amedis","description":"Suministros M\u00e9dicos y Dentales","publisher":{"@id":"https:\/\/amedis.es\/tienda\/#organization"},"potentialAction":[{"@type":"SearchAction","target":{"@type":"EntryPoint","urlTemplate":"https:\/\/amedis.es\/tienda\/?s={search_term_string}"},"query-input":{"@type":"PropertyValueSpecification","valueRequired":true,"valueName":"search_term_string"}}],"inLanguage":"es"},{"@type":"Organization","@id":"https:\/\/amedis.es\/tienda\/#organization","name":"Amedis | Suministros M\u00e9dicos y Dentales","url":"https:\/\/amedis.es\/tienda\/","logo":{"@type":"ImageObject","inLanguage":"es","@id":"https:\/\/amedis.es\/tienda\/#\/schema\/logo\/image\/","url":"https:\/\/amedis.es\/tienda\/wp-content\/uploads\/2020\/05\/logo-1.png","contentUrl":"https:\/\/amedis.es\/tienda\/wp-content\/uploads\/2020\/05\/logo-1.png","width":191,"height":80,"caption":"Amedis | Suministros M\u00e9dicos y Dentales"},"image":{"@id":"https:\/\/amedis.es\/tienda\/#\/schema\/logo\/image\/"}}]}},"brands":[{"id":2424,"name":"MECTRON","slug":"mectron"}],"_links":{"self":[{"href":"https:\/\/amedis.es\/tienda\/wp-json\/wp\/v2\/product\/36722","targetHints":{"allow":["GET"]}}],"collection":[{"href":"https:\/\/amedis.es\/tienda\/wp-json\/wp\/v2\/product"}],"about":[{"href":"https:\/\/amedis.es\/tienda\/wp-json\/wp\/v2\/types\/product"}],"wp:featuredmedia":[{"embeddable":true,"href":"https:\/\/amedis.es\/tienda\/wp-json\/wp\/v2\/media\/36723"}],"wp:attachment":[{"href":"https:\/\/amedis.es\/tienda\/wp-json\/wp\/v2\/media?parent=36722"}],"wp:term":[{"taxonomy":"pwb-brand","embeddable":true,"href":"https:\/\/amedis.es\/tienda\/wp-json\/wp\/v2\/pwb-brand?post=36722"},{"taxonomy":"product_brand","embeddable":true,"href":"https:\/\/amedis.es\/tienda\/wp-json\/wp\/v2\/product_brand?post=36722"},{"taxonomy":"product_cat","embeddable":true,"href":"https:\/\/amedis.es\/tienda\/wp-json\/wp\/v2\/product_cat?post=36722"},{"taxonomy":"product_tag","embeddable":true,"href":"https:\/\/amedis.es\/tienda\/wp-json\/wp\/v2\/product_tag?post=36722"}],"curies":[{"name":"wp","href":"https:\/\/api.w.org\/{rel}","templated":true}]}}