{"id":36721,"date":"2026-03-05T12:08:32","date_gmt":"2026-03-05T12:08:32","guid":{"rendered":"https:\/\/amedis.es\/tienda\/?post_type=product&#038;p=36721"},"modified":"2026-03-05T12:09:03","modified_gmt":"2026-03-05T12:09:03","slug":"expertsurg-lux-con-luz-unidad-basica-sin-c-a","status":"publish","type":"product","link":"https:\/\/amedis.es\/tienda\/producto\/expertsurg-lux-con-luz-unidad-basica-sin-c-a\/","title":{"rendered":"EXPERTSURG LUX CON LUZ UNIDAD BASICA SIN C\/A"},"content":{"rendered":"<p>Expertsurg luz con luz. Trabaje de forma segura y con mucha precisi\u00f3n gracias a uno de los motores quir\u00fargicos y autocalibraci\u00f3n m\u00e1s ligeros y peque\u00f1os del mundo. Conf\u00ede en el alto rendimiento con un torque de 80 Ncm en el instrumento. Ahorre tiempo con su programaci\u00f3n intuitiva y una higiene sencilla<\/p>\n<p>Mayor fiabilidad con un rendimiento mejor. Con un torque de hasta 80 Ncm en el instrumento. Tecnolog\u00eda SMARTdrive para un alto torque y un inicio con pocas vibraciones<\/p>\n<p>Con seguridad con mayor precisi\u00f3n. Autocalibraci\u00f3n garantiza un n\u00famero de revoluciones y torque preciso para la m\u00e1xima seguridad. Trabajo ergon\u00f3mico con uno de los motores quir\u00fargicos m\u00e1s ligeros y cortos del mundo. Silencioso y pobre en vibraciones.<\/p>\n","protected":false},"excerpt":{"rendered":"<p>CONTENIDO: 1 motor quir\u00fargico INTRA LUX S600 LED + pedal multifunciones (longitud de cable 25 m) + cable de motor para S600 LED + juego de mangueras del arranque (5 unidades) + soporte del motor y de instrumentos soporte de botella.<\/p>\n","protected":false},"featured_media":25685,"template":"","meta":[],"pwb-brand":[2422],"product_brand":[],"product_cat":[2002,283,2003],"product_tag":[],"class_list":{"0":"post-36721","1":"product","2":"type-product","3":"status-publish","4":"has-post-thumbnail","6":"pwb-brand-kavo","7":"product_cat-cirugia-e-implantes","8":"product_cat-equipamiento","9":"product_cat-micromotor-de-implantes-con-luz","11":"first","12":"onbackorder","13":"sale","14":"taxable","15":"shipping-taxable","16":"purchasable","17":"product-type-simple"},"yoast_head":"<!-- This site is optimized with the Yoast SEO plugin v27.4 - https:\/\/yoast.com\/product\/yoast-seo-wordpress\/ -->\n<title>EXPERTSURG LUX CON LUZ | Amedis<\/title>\n<meta name=\"description\" content=\"Expertsurg luz con luz. Trabaje de forma segura y con mucha precisi\u00f3n gracias a uno de los motores quir\u00fargicos y autocalibraci\u00f3n\" \/>\n<meta name=\"robots\" content=\"index, follow, max-snippet:-1, max-image-preview:large, max-video-preview:-1\" \/>\n<link rel=\"canonical\" href=\"https:\/\/amedis.es\/tienda\/producto\/expertsurg-lux-con-luz-unidad-basica-sin-c-a\/\" \/>\n<meta property=\"og:locale\" content=\"es_ES\" \/>\n<meta property=\"og:type\" content=\"article\" \/>\n<meta property=\"og:title\" content=\"EXPERTSURG LUX CON LUZ | Amedis\" \/>\n<meta property=\"og:description\" content=\"Expertsurg luz con luz. Trabaje de forma segura y con mucha precisi\u00f3n gracias a uno de los motores quir\u00fargicos y autocalibraci\u00f3n\" \/>\n<meta property=\"og:url\" content=\"https:\/\/amedis.es\/tienda\/producto\/expertsurg-lux-con-luz-unidad-basica-sin-c-a\/\" \/>\n<meta property=\"og:site_name\" content=\"Amedis\" \/>\n<meta property=\"article:modified_time\" content=\"2026-03-05T12:09:03+00:00\" \/>\n<meta property=\"og:image\" content=\"https:\/\/amedis.es\/tienda\/wp-content\/uploads\/2023\/02\/EXPERTSURG-LUX.jpg\" \/>\n\t<meta property=\"og:image:width\" content=\"600\" \/>\n\t<meta property=\"og:image:height\" content=\"600\" \/>\n\t<meta property=\"og:image:type\" content=\"image\/jpeg\" \/>\n<meta name=\"twitter:card\" content=\"summary_large_image\" \/>\n<meta name=\"twitter:label1\" content=\"Tiempo de lectura\" \/>\n\t<meta name=\"twitter:data1\" content=\"1 minuto\" \/>\n<script type=\"application\/ld+json\" class=\"yoast-schema-graph\">{\"@context\":\"https:\\\/\\\/schema.org\",\"@graph\":[{\"@type\":\"WebPage\",\"@id\":\"https:\\\/\\\/amedis.es\\\/tienda\\\/producto\\\/expertsurg-lux-con-luz-unidad-basica-sin-c-a\\\/\",\"url\":\"https:\\\/\\\/amedis.es\\\/tienda\\\/producto\\\/expertsurg-lux-con-luz-unidad-basica-sin-c-a\\\/\",\"name\":\"EXPERTSURG LUX CON LUZ | Amedis\",\"isPartOf\":{\"@id\":\"https:\\\/\\\/amedis.es\\\/tienda\\\/#website\"},\"primaryImageOfPage\":{\"@id\":\"https:\\\/\\\/amedis.es\\\/tienda\\\/producto\\\/expertsurg-lux-con-luz-unidad-basica-sin-c-a\\\/#primaryimage\"},\"image\":{\"@id\":\"https:\\\/\\\/amedis.es\\\/tienda\\\/producto\\\/expertsurg-lux-con-luz-unidad-basica-sin-c-a\\\/#primaryimage\"},\"thumbnailUrl\":\"https:\\\/\\\/amedis.es\\\/tienda\\\/wp-content\\\/uploads\\\/2023\\\/02\\\/EXPERTSURG-LUX.jpg\",\"datePublished\":\"2026-03-05T12:08:32+00:00\",\"dateModified\":\"2026-03-05T12:09:03+00:00\",\"description\":\"Expertsurg luz con luz. Trabaje de forma segura y con mucha precisi\u00f3n gracias a uno de los motores quir\u00fargicos y autocalibraci\u00f3n\",\"breadcrumb\":{\"@id\":\"https:\\\/\\\/amedis.es\\\/tienda\\\/producto\\\/expertsurg-lux-con-luz-unidad-basica-sin-c-a\\\/#breadcrumb\"},\"inLanguage\":\"es\",\"potentialAction\":[{\"@type\":\"ReadAction\",\"target\":[\"https:\\\/\\\/amedis.es\\\/tienda\\\/producto\\\/expertsurg-lux-con-luz-unidad-basica-sin-c-a\\\/\"]}]},{\"@type\":\"ImageObject\",\"inLanguage\":\"es\",\"@id\":\"https:\\\/\\\/amedis.es\\\/tienda\\\/producto\\\/expertsurg-lux-con-luz-unidad-basica-sin-c-a\\\/#primaryimage\",\"url\":\"https:\\\/\\\/amedis.es\\\/tienda\\\/wp-content\\\/uploads\\\/2023\\\/02\\\/EXPERTSURG-LUX.jpg\",\"contentUrl\":\"https:\\\/\\\/amedis.es\\\/tienda\\\/wp-content\\\/uploads\\\/2023\\\/02\\\/EXPERTSURG-LUX.jpg\",\"width\":600,\"height\":600,\"caption\":\"Amedis EXPERTSURG LUX\"},{\"@type\":\"BreadcrumbList\",\"@id\":\"https:\\\/\\\/amedis.es\\\/tienda\\\/producto\\\/expertsurg-lux-con-luz-unidad-basica-sin-c-a\\\/#breadcrumb\",\"itemListElement\":[{\"@type\":\"ListItem\",\"position\":1,\"name\":\"Portada\",\"item\":\"https:\\\/\\\/amedis.es\\\/tienda\\\/\"},{\"@type\":\"ListItem\",\"position\":2,\"name\":\"Amedis | Suministros M\u00e9dicos y Dentales | Tienda\",\"item\":\"https:\\\/\\\/amedis.es\\\/tienda\\\/suministros-medicos-y-dentales\\\/\"},{\"@type\":\"ListItem\",\"position\":3,\"name\":\"EXPERTSURG LUX CON LUZ UNIDAD BASICA SIN C\\\/A\"}]},{\"@type\":\"WebSite\",\"@id\":\"https:\\\/\\\/amedis.es\\\/tienda\\\/#website\",\"url\":\"https:\\\/\\\/amedis.es\\\/tienda\\\/\",\"name\":\"Amedis\",\"description\":\"Suministros M\u00e9dicos y Dentales\",\"publisher\":{\"@id\":\"https:\\\/\\\/amedis.es\\\/tienda\\\/#organization\"},\"potentialAction\":[{\"@type\":\"SearchAction\",\"target\":{\"@type\":\"EntryPoint\",\"urlTemplate\":\"https:\\\/\\\/amedis.es\\\/tienda\\\/?s={search_term_string}\"},\"query-input\":{\"@type\":\"PropertyValueSpecification\",\"valueRequired\":true,\"valueName\":\"search_term_string\"}}],\"inLanguage\":\"es\"},{\"@type\":\"Organization\",\"@id\":\"https:\\\/\\\/amedis.es\\\/tienda\\\/#organization\",\"name\":\"Amedis | Suministros M\u00e9dicos y Dentales\",\"url\":\"https:\\\/\\\/amedis.es\\\/tienda\\\/\",\"logo\":{\"@type\":\"ImageObject\",\"inLanguage\":\"es\",\"@id\":\"https:\\\/\\\/amedis.es\\\/tienda\\\/#\\\/schema\\\/logo\\\/image\\\/\",\"url\":\"https:\\\/\\\/amedis.es\\\/tienda\\\/wp-content\\\/uploads\\\/2020\\\/05\\\/logo-1.png\",\"contentUrl\":\"https:\\\/\\\/amedis.es\\\/tienda\\\/wp-content\\\/uploads\\\/2020\\\/05\\\/logo-1.png\",\"width\":191,\"height\":80,\"caption\":\"Amedis | Suministros M\u00e9dicos y Dentales\"},\"image\":{\"@id\":\"https:\\\/\\\/amedis.es\\\/tienda\\\/#\\\/schema\\\/logo\\\/image\\\/\"}}]}<\/script>\n<!-- \/ Yoast SEO plugin. -->","yoast_head_json":{"title":"EXPERTSURG LUX CON LUZ | Amedis","description":"Expertsurg luz con luz. Trabaje de forma segura y con mucha precisi\u00f3n gracias a uno de los motores quir\u00fargicos y autocalibraci\u00f3n","robots":{"index":"index","follow":"follow","max-snippet":"max-snippet:-1","max-image-preview":"max-image-preview:large","max-video-preview":"max-video-preview:-1"},"canonical":"https:\/\/amedis.es\/tienda\/producto\/expertsurg-lux-con-luz-unidad-basica-sin-c-a\/","og_locale":"es_ES","og_type":"article","og_title":"EXPERTSURG LUX CON LUZ | Amedis","og_description":"Expertsurg luz con luz. Trabaje de forma segura y con mucha precisi\u00f3n gracias a uno de los motores quir\u00fargicos y autocalibraci\u00f3n","og_url":"https:\/\/amedis.es\/tienda\/producto\/expertsurg-lux-con-luz-unidad-basica-sin-c-a\/","og_site_name":"Amedis","article_modified_time":"2026-03-05T12:09:03+00:00","og_image":[{"width":600,"height":600,"url":"https:\/\/amedis.es\/tienda\/wp-content\/uploads\/2023\/02\/EXPERTSURG-LUX.jpg","type":"image\/jpeg"}],"twitter_card":"summary_large_image","twitter_misc":{"Tiempo de lectura":"1 minuto"},"schema":{"@context":"https:\/\/schema.org","@graph":[{"@type":"WebPage","@id":"https:\/\/amedis.es\/tienda\/producto\/expertsurg-lux-con-luz-unidad-basica-sin-c-a\/","url":"https:\/\/amedis.es\/tienda\/producto\/expertsurg-lux-con-luz-unidad-basica-sin-c-a\/","name":"EXPERTSURG LUX CON LUZ | Amedis","isPartOf":{"@id":"https:\/\/amedis.es\/tienda\/#website"},"primaryImageOfPage":{"@id":"https:\/\/amedis.es\/tienda\/producto\/expertsurg-lux-con-luz-unidad-basica-sin-c-a\/#primaryimage"},"image":{"@id":"https:\/\/amedis.es\/tienda\/producto\/expertsurg-lux-con-luz-unidad-basica-sin-c-a\/#primaryimage"},"thumbnailUrl":"https:\/\/amedis.es\/tienda\/wp-content\/uploads\/2023\/02\/EXPERTSURG-LUX.jpg","datePublished":"2026-03-05T12:08:32+00:00","dateModified":"2026-03-05T12:09:03+00:00","description":"Expertsurg luz con luz. Trabaje de forma segura y con mucha precisi\u00f3n gracias a uno de los motores quir\u00fargicos y autocalibraci\u00f3n","breadcrumb":{"@id":"https:\/\/amedis.es\/tienda\/producto\/expertsurg-lux-con-luz-unidad-basica-sin-c-a\/#breadcrumb"},"inLanguage":"es","potentialAction":[{"@type":"ReadAction","target":["https:\/\/amedis.es\/tienda\/producto\/expertsurg-lux-con-luz-unidad-basica-sin-c-a\/"]}]},{"@type":"ImageObject","inLanguage":"es","@id":"https:\/\/amedis.es\/tienda\/producto\/expertsurg-lux-con-luz-unidad-basica-sin-c-a\/#primaryimage","url":"https:\/\/amedis.es\/tienda\/wp-content\/uploads\/2023\/02\/EXPERTSURG-LUX.jpg","contentUrl":"https:\/\/amedis.es\/tienda\/wp-content\/uploads\/2023\/02\/EXPERTSURG-LUX.jpg","width":600,"height":600,"caption":"Amedis EXPERTSURG LUX"},{"@type":"BreadcrumbList","@id":"https:\/\/amedis.es\/tienda\/producto\/expertsurg-lux-con-luz-unidad-basica-sin-c-a\/#breadcrumb","itemListElement":[{"@type":"ListItem","position":1,"name":"Portada","item":"https:\/\/amedis.es\/tienda\/"},{"@type":"ListItem","position":2,"name":"Amedis | Suministros M\u00e9dicos y Dentales | Tienda","item":"https:\/\/amedis.es\/tienda\/suministros-medicos-y-dentales\/"},{"@type":"ListItem","position":3,"name":"EXPERTSURG LUX CON LUZ UNIDAD BASICA SIN C\/A"}]},{"@type":"WebSite","@id":"https:\/\/amedis.es\/tienda\/#website","url":"https:\/\/amedis.es\/tienda\/","name":"Amedis","description":"Suministros M\u00e9dicos y Dentales","publisher":{"@id":"https:\/\/amedis.es\/tienda\/#organization"},"potentialAction":[{"@type":"SearchAction","target":{"@type":"EntryPoint","urlTemplate":"https:\/\/amedis.es\/tienda\/?s={search_term_string}"},"query-input":{"@type":"PropertyValueSpecification","valueRequired":true,"valueName":"search_term_string"}}],"inLanguage":"es"},{"@type":"Organization","@id":"https:\/\/amedis.es\/tienda\/#organization","name":"Amedis | Suministros M\u00e9dicos y Dentales","url":"https:\/\/amedis.es\/tienda\/","logo":{"@type":"ImageObject","inLanguage":"es","@id":"https:\/\/amedis.es\/tienda\/#\/schema\/logo\/image\/","url":"https:\/\/amedis.es\/tienda\/wp-content\/uploads\/2020\/05\/logo-1.png","contentUrl":"https:\/\/amedis.es\/tienda\/wp-content\/uploads\/2020\/05\/logo-1.png","width":191,"height":80,"caption":"Amedis | Suministros M\u00e9dicos y Dentales"},"image":{"@id":"https:\/\/amedis.es\/tienda\/#\/schema\/logo\/image\/"}}]}},"brands":[{"id":2422,"name":"KAVO","slug":"kavo"}],"_links":{"self":[{"href":"https:\/\/amedis.es\/tienda\/wp-json\/wp\/v2\/product\/36721","targetHints":{"allow":["GET"]}}],"collection":[{"href":"https:\/\/amedis.es\/tienda\/wp-json\/wp\/v2\/product"}],"about":[{"href":"https:\/\/amedis.es\/tienda\/wp-json\/wp\/v2\/types\/product"}],"wp:featuredmedia":[{"embeddable":true,"href":"https:\/\/amedis.es\/tienda\/wp-json\/wp\/v2\/media\/25685"}],"wp:attachment":[{"href":"https:\/\/amedis.es\/tienda\/wp-json\/wp\/v2\/media?parent=36721"}],"wp:term":[{"taxonomy":"pwb-brand","embeddable":true,"href":"https:\/\/amedis.es\/tienda\/wp-json\/wp\/v2\/pwb-brand?post=36721"},{"taxonomy":"product_brand","embeddable":true,"href":"https:\/\/amedis.es\/tienda\/wp-json\/wp\/v2\/product_brand?post=36721"},{"taxonomy":"product_cat","embeddable":true,"href":"https:\/\/amedis.es\/tienda\/wp-json\/wp\/v2\/product_cat?post=36721"},{"taxonomy":"product_tag","embeddable":true,"href":"https:\/\/amedis.es\/tienda\/wp-json\/wp\/v2\/product_tag?post=36721"}],"curies":[{"name":"wp","href":"https:\/\/api.w.org\/{rel}","templated":true}]}}