{"id":36469,"date":"2026-02-03T17:06:23","date_gmt":"2026-02-03T17:06:23","guid":{"rendered":"https:\/\/amedis.es\/tienda\/?post_type=product&#038;p=36469"},"modified":"2026-02-03T17:08:46","modified_gmt":"2026-02-03T17:08:46","slug":"taburete-molar-baddy-bader-2","status":"publish","type":"product","link":"https:\/\/amedis.es\/tienda\/producto\/taburete-molar-baddy-bader-2\/","title":{"rendered":"TABURETE MOLAR BADDY BADER"},"content":{"rendered":"<p>Taburete en forma de muela ideal para tu cl\u00ednica dental. Modelo Baddy. Decora la sala de espera con este producto que ayudar\u00e1 a tus pacientes a sentirse m\u00e1s c\u00f3modos. Producto adaptado para menores, soporta un peso de hasta 110-120Kg.<\/p>\n<ul>\n<li>Resistente a temperaturas extremas (entre -40\u00ba y +80\u00ba).<\/li>\n<li>Dise\u00f1o ergon\u00f3mico. Resistente.<\/li>\n<li>Medidas: 45cm alto x 40cm ancho.<\/li>\n<li>Material: fibra de vidrio.<\/li>\n<li>Color: blanco.<\/li>\n<\/ul>\n","protected":false},"excerpt":{"rendered":"<p>CONTENIDO: 1 unidad.<\/p>\n","protected":false},"featured_media":36470,"template":"","meta":[],"pwb-brand":[2398],"product_brand":[],"product_cat":[27,2608,2434],"product_tag":[],"class_list":{"0":"post-36469","1":"product","2":"type-product","3":"status-publish","4":"has-post-thumbnail","6":"pwb-brand-bader","7":"product_cat-clinica","8":"product_cat-decoracion","9":"product_cat-varios","11":"first","12":"instock","13":"sale","14":"taxable","15":"shipping-taxable","16":"purchasable","17":"product-type-simple"},"yoast_head":"<!-- This site is optimized with the Yoast SEO plugin v27.4 - https:\/\/yoast.com\/product\/yoast-seo-wordpress\/ -->\n<title>TABURETE MOLAR BADDY BADER | Amedis<\/title>\n<meta name=\"description\" content=\"Taburete en forma de muela ideal para tu cl\u00ednica dental. Modelo Baddy. Decora la sala de espera con este producto que ayudar\u00e1 a tus pacientes a sentirse m\u00e1s c\u00f3modos.\" \/>\n<meta name=\"robots\" content=\"index, follow, max-snippet:-1, max-image-preview:large, max-video-preview:-1\" \/>\n<link rel=\"canonical\" href=\"https:\/\/amedis.es\/tienda\/producto\/taburete-molar-baddy-bader-2\/\" \/>\n<meta property=\"og:locale\" content=\"es_ES\" \/>\n<meta property=\"og:type\" content=\"article\" \/>\n<meta property=\"og:title\" content=\"TABURETE MOLAR BADDY BADER | Amedis\" \/>\n<meta property=\"og:description\" content=\"Taburete en forma de muela ideal para tu cl\u00ednica dental. Modelo Baddy. Decora la sala de espera con este producto que ayudar\u00e1 a tus pacientes a sentirse m\u00e1s c\u00f3modos.\" \/>\n<meta property=\"og:url\" content=\"https:\/\/amedis.es\/tienda\/producto\/taburete-molar-baddy-bader-2\/\" \/>\n<meta property=\"og:site_name\" content=\"Amedis\" \/>\n<meta property=\"article:modified_time\" content=\"2026-02-03T17:08:46+00:00\" \/>\n<meta property=\"og:image\" content=\"https:\/\/amedis.es\/tienda\/wp-content\/uploads\/2026\/02\/TABURETE-MOLAR-BADDY-BADER.jpg\" \/>\n\t<meta property=\"og:image:width\" content=\"600\" \/>\n\t<meta property=\"og:image:height\" content=\"600\" \/>\n\t<meta property=\"og:image:type\" content=\"image\/jpeg\" \/>\n<meta name=\"twitter:card\" content=\"summary_large_image\" \/>\n<meta name=\"twitter:label1\" content=\"Tiempo de lectura\" \/>\n\t<meta name=\"twitter:data1\" content=\"1 minuto\" \/>\n<script type=\"application\/ld+json\" class=\"yoast-schema-graph\">{\"@context\":\"https:\\\/\\\/schema.org\",\"@graph\":[{\"@type\":\"WebPage\",\"@id\":\"https:\\\/\\\/amedis.es\\\/tienda\\\/producto\\\/taburete-molar-baddy-bader-2\\\/\",\"url\":\"https:\\\/\\\/amedis.es\\\/tienda\\\/producto\\\/taburete-molar-baddy-bader-2\\\/\",\"name\":\"TABURETE MOLAR BADDY BADER | Amedis\",\"isPartOf\":{\"@id\":\"https:\\\/\\\/amedis.es\\\/tienda\\\/#website\"},\"primaryImageOfPage\":{\"@id\":\"https:\\\/\\\/amedis.es\\\/tienda\\\/producto\\\/taburete-molar-baddy-bader-2\\\/#primaryimage\"},\"image\":{\"@id\":\"https:\\\/\\\/amedis.es\\\/tienda\\\/producto\\\/taburete-molar-baddy-bader-2\\\/#primaryimage\"},\"thumbnailUrl\":\"https:\\\/\\\/amedis.es\\\/tienda\\\/wp-content\\\/uploads\\\/2026\\\/02\\\/TABURETE-MOLAR-BADDY-BADER.jpg\",\"datePublished\":\"2026-02-03T17:06:23+00:00\",\"dateModified\":\"2026-02-03T17:08:46+00:00\",\"description\":\"Taburete en forma de muela ideal para tu cl\u00ednica dental. Modelo Baddy. Decora la sala de espera con este producto que ayudar\u00e1 a tus pacientes a sentirse m\u00e1s c\u00f3modos.\",\"breadcrumb\":{\"@id\":\"https:\\\/\\\/amedis.es\\\/tienda\\\/producto\\\/taburete-molar-baddy-bader-2\\\/#breadcrumb\"},\"inLanguage\":\"es\",\"potentialAction\":[{\"@type\":\"ReadAction\",\"target\":[\"https:\\\/\\\/amedis.es\\\/tienda\\\/producto\\\/taburete-molar-baddy-bader-2\\\/\"]}]},{\"@type\":\"ImageObject\",\"inLanguage\":\"es\",\"@id\":\"https:\\\/\\\/amedis.es\\\/tienda\\\/producto\\\/taburete-molar-baddy-bader-2\\\/#primaryimage\",\"url\":\"https:\\\/\\\/amedis.es\\\/tienda\\\/wp-content\\\/uploads\\\/2026\\\/02\\\/TABURETE-MOLAR-BADDY-BADER.jpg\",\"contentUrl\":\"https:\\\/\\\/amedis.es\\\/tienda\\\/wp-content\\\/uploads\\\/2026\\\/02\\\/TABURETE-MOLAR-BADDY-BADER.jpg\",\"width\":600,\"height\":600,\"caption\":\"Amedis TABURETE MOLAR BADDY BADER\"},{\"@type\":\"BreadcrumbList\",\"@id\":\"https:\\\/\\\/amedis.es\\\/tienda\\\/producto\\\/taburete-molar-baddy-bader-2\\\/#breadcrumb\",\"itemListElement\":[{\"@type\":\"ListItem\",\"position\":1,\"name\":\"Portada\",\"item\":\"https:\\\/\\\/amedis.es\\\/tienda\\\/\"},{\"@type\":\"ListItem\",\"position\":2,\"name\":\"Amedis | Suministros M\u00e9dicos y Dentales | Tienda\",\"item\":\"https:\\\/\\\/amedis.es\\\/tienda\\\/suministros-medicos-y-dentales\\\/\"},{\"@type\":\"ListItem\",\"position\":3,\"name\":\"TABURETE MOLAR BADDY BADER\"}]},{\"@type\":\"WebSite\",\"@id\":\"https:\\\/\\\/amedis.es\\\/tienda\\\/#website\",\"url\":\"https:\\\/\\\/amedis.es\\\/tienda\\\/\",\"name\":\"Amedis\",\"description\":\"Suministros M\u00e9dicos y Dentales\",\"publisher\":{\"@id\":\"https:\\\/\\\/amedis.es\\\/tienda\\\/#organization\"},\"potentialAction\":[{\"@type\":\"SearchAction\",\"target\":{\"@type\":\"EntryPoint\",\"urlTemplate\":\"https:\\\/\\\/amedis.es\\\/tienda\\\/?s={search_term_string}\"},\"query-input\":{\"@type\":\"PropertyValueSpecification\",\"valueRequired\":true,\"valueName\":\"search_term_string\"}}],\"inLanguage\":\"es\"},{\"@type\":\"Organization\",\"@id\":\"https:\\\/\\\/amedis.es\\\/tienda\\\/#organization\",\"name\":\"Amedis | Suministros M\u00e9dicos y Dentales\",\"url\":\"https:\\\/\\\/amedis.es\\\/tienda\\\/\",\"logo\":{\"@type\":\"ImageObject\",\"inLanguage\":\"es\",\"@id\":\"https:\\\/\\\/amedis.es\\\/tienda\\\/#\\\/schema\\\/logo\\\/image\\\/\",\"url\":\"https:\\\/\\\/amedis.es\\\/tienda\\\/wp-content\\\/uploads\\\/2020\\\/05\\\/logo-1.png\",\"contentUrl\":\"https:\\\/\\\/amedis.es\\\/tienda\\\/wp-content\\\/uploads\\\/2020\\\/05\\\/logo-1.png\",\"width\":191,\"height\":80,\"caption\":\"Amedis | Suministros M\u00e9dicos y Dentales\"},\"image\":{\"@id\":\"https:\\\/\\\/amedis.es\\\/tienda\\\/#\\\/schema\\\/logo\\\/image\\\/\"}}]}<\/script>\n<!-- \/ Yoast SEO plugin. -->","yoast_head_json":{"title":"TABURETE MOLAR BADDY BADER | Amedis","description":"Taburete en forma de muela ideal para tu cl\u00ednica dental. Modelo Baddy. Decora la sala de espera con este producto que ayudar\u00e1 a tus pacientes a sentirse m\u00e1s c\u00f3modos.","robots":{"index":"index","follow":"follow","max-snippet":"max-snippet:-1","max-image-preview":"max-image-preview:large","max-video-preview":"max-video-preview:-1"},"canonical":"https:\/\/amedis.es\/tienda\/producto\/taburete-molar-baddy-bader-2\/","og_locale":"es_ES","og_type":"article","og_title":"TABURETE MOLAR BADDY BADER | Amedis","og_description":"Taburete en forma de muela ideal para tu cl\u00ednica dental. Modelo Baddy. Decora la sala de espera con este producto que ayudar\u00e1 a tus pacientes a sentirse m\u00e1s c\u00f3modos.","og_url":"https:\/\/amedis.es\/tienda\/producto\/taburete-molar-baddy-bader-2\/","og_site_name":"Amedis","article_modified_time":"2026-02-03T17:08:46+00:00","og_image":[{"width":600,"height":600,"url":"https:\/\/amedis.es\/tienda\/wp-content\/uploads\/2026\/02\/TABURETE-MOLAR-BADDY-BADER.jpg","type":"image\/jpeg"}],"twitter_card":"summary_large_image","twitter_misc":{"Tiempo de lectura":"1 minuto"},"schema":{"@context":"https:\/\/schema.org","@graph":[{"@type":"WebPage","@id":"https:\/\/amedis.es\/tienda\/producto\/taburete-molar-baddy-bader-2\/","url":"https:\/\/amedis.es\/tienda\/producto\/taburete-molar-baddy-bader-2\/","name":"TABURETE MOLAR BADDY BADER | Amedis","isPartOf":{"@id":"https:\/\/amedis.es\/tienda\/#website"},"primaryImageOfPage":{"@id":"https:\/\/amedis.es\/tienda\/producto\/taburete-molar-baddy-bader-2\/#primaryimage"},"image":{"@id":"https:\/\/amedis.es\/tienda\/producto\/taburete-molar-baddy-bader-2\/#primaryimage"},"thumbnailUrl":"https:\/\/amedis.es\/tienda\/wp-content\/uploads\/2026\/02\/TABURETE-MOLAR-BADDY-BADER.jpg","datePublished":"2026-02-03T17:06:23+00:00","dateModified":"2026-02-03T17:08:46+00:00","description":"Taburete en forma de muela ideal para tu cl\u00ednica dental. Modelo Baddy. Decora la sala de espera con este producto que ayudar\u00e1 a tus pacientes a sentirse m\u00e1s c\u00f3modos.","breadcrumb":{"@id":"https:\/\/amedis.es\/tienda\/producto\/taburete-molar-baddy-bader-2\/#breadcrumb"},"inLanguage":"es","potentialAction":[{"@type":"ReadAction","target":["https:\/\/amedis.es\/tienda\/producto\/taburete-molar-baddy-bader-2\/"]}]},{"@type":"ImageObject","inLanguage":"es","@id":"https:\/\/amedis.es\/tienda\/producto\/taburete-molar-baddy-bader-2\/#primaryimage","url":"https:\/\/amedis.es\/tienda\/wp-content\/uploads\/2026\/02\/TABURETE-MOLAR-BADDY-BADER.jpg","contentUrl":"https:\/\/amedis.es\/tienda\/wp-content\/uploads\/2026\/02\/TABURETE-MOLAR-BADDY-BADER.jpg","width":600,"height":600,"caption":"Amedis TABURETE MOLAR BADDY BADER"},{"@type":"BreadcrumbList","@id":"https:\/\/amedis.es\/tienda\/producto\/taburete-molar-baddy-bader-2\/#breadcrumb","itemListElement":[{"@type":"ListItem","position":1,"name":"Portada","item":"https:\/\/amedis.es\/tienda\/"},{"@type":"ListItem","position":2,"name":"Amedis | Suministros M\u00e9dicos y Dentales | Tienda","item":"https:\/\/amedis.es\/tienda\/suministros-medicos-y-dentales\/"},{"@type":"ListItem","position":3,"name":"TABURETE MOLAR BADDY BADER"}]},{"@type":"WebSite","@id":"https:\/\/amedis.es\/tienda\/#website","url":"https:\/\/amedis.es\/tienda\/","name":"Amedis","description":"Suministros M\u00e9dicos y Dentales","publisher":{"@id":"https:\/\/amedis.es\/tienda\/#organization"},"potentialAction":[{"@type":"SearchAction","target":{"@type":"EntryPoint","urlTemplate":"https:\/\/amedis.es\/tienda\/?s={search_term_string}"},"query-input":{"@type":"PropertyValueSpecification","valueRequired":true,"valueName":"search_term_string"}}],"inLanguage":"es"},{"@type":"Organization","@id":"https:\/\/amedis.es\/tienda\/#organization","name":"Amedis | Suministros M\u00e9dicos y Dentales","url":"https:\/\/amedis.es\/tienda\/","logo":{"@type":"ImageObject","inLanguage":"es","@id":"https:\/\/amedis.es\/tienda\/#\/schema\/logo\/image\/","url":"https:\/\/amedis.es\/tienda\/wp-content\/uploads\/2020\/05\/logo-1.png","contentUrl":"https:\/\/amedis.es\/tienda\/wp-content\/uploads\/2020\/05\/logo-1.png","width":191,"height":80,"caption":"Amedis | Suministros M\u00e9dicos y Dentales"},"image":{"@id":"https:\/\/amedis.es\/tienda\/#\/schema\/logo\/image\/"}}]}},"brands":[{"id":2398,"name":"BADER","slug":"bader"}],"_links":{"self":[{"href":"https:\/\/amedis.es\/tienda\/wp-json\/wp\/v2\/product\/36469","targetHints":{"allow":["GET"]}}],"collection":[{"href":"https:\/\/amedis.es\/tienda\/wp-json\/wp\/v2\/product"}],"about":[{"href":"https:\/\/amedis.es\/tienda\/wp-json\/wp\/v2\/types\/product"}],"wp:featuredmedia":[{"embeddable":true,"href":"https:\/\/amedis.es\/tienda\/wp-json\/wp\/v2\/media\/36470"}],"wp:attachment":[{"href":"https:\/\/amedis.es\/tienda\/wp-json\/wp\/v2\/media?parent=36469"}],"wp:term":[{"taxonomy":"pwb-brand","embeddable":true,"href":"https:\/\/amedis.es\/tienda\/wp-json\/wp\/v2\/pwb-brand?post=36469"},{"taxonomy":"product_brand","embeddable":true,"href":"https:\/\/amedis.es\/tienda\/wp-json\/wp\/v2\/product_brand?post=36469"},{"taxonomy":"product_cat","embeddable":true,"href":"https:\/\/amedis.es\/tienda\/wp-json\/wp\/v2\/product_cat?post=36469"},{"taxonomy":"product_tag","embeddable":true,"href":"https:\/\/amedis.es\/tienda\/wp-json\/wp\/v2\/product_tag?post=36469"}],"curies":[{"name":"wp","href":"https:\/\/api.w.org\/{rel}","templated":true}]}}