{"id":36187,"date":"2026-01-14T16:41:28","date_gmt":"2026-01-14T16:41:28","guid":{"rendered":"https:\/\/amedis.es\/tienda\/?post_type=product&#038;p=36187"},"modified":"2026-02-23T16:27:08","modified_gmt":"2026-02-23T16:27:08","slug":"turbina-eco-air-torque-borden-bader","status":"publish","type":"product","link":"https:\/\/amedis.es\/tienda\/producto\/turbina-eco-air-torque-borden-bader\/","title":{"rendered":"TURBINA ECO AIR TORQUE BORDEN BADER"},"content":{"rendered":"<p>Turbina eco air torque borden de Bader. Turbina no recomendada para un uso intensivo en cl\u00ednica dental. M\u00e1s recomendada para realizar pr\u00e1cticas universitarias los estudiantes de odontolog\u00eda. Turbina dental de conexi\u00f3n Borden directa a la manguera y spray simple, ergon\u00f3mica y de gran eficacia. Los rodamientos de la turbina son de cer\u00e1mica y la velocidad de trabajo superior a 330.000rpm. El nuevo dise\u00f1o del cambio de fresa mediante bot\u00f3n (push button) garantiza una excepcional retenci\u00f3n de la fresa y mayor seguridad para el paciente. Esterilizable en autoclave a 135\u00baC.<\/p>\n","protected":false},"excerpt":{"rendered":"<p>CONTENIDO: 1 unidad.<\/p>\n","protected":false},"featured_media":21003,"template":"","meta":[],"pwb-brand":[2398],"product_brand":[],"product_cat":[283,294,1600],"product_tag":[],"class_list":{"0":"post-36187","1":"product","2":"type-product","3":"status-publish","4":"has-post-thumbnail","6":"pwb-brand-bader","7":"product_cat-equipamiento","8":"product_cat-rotatorio","9":"product_cat-turbinas-sin-luz","11":"first","12":"instock","13":"sale","14":"taxable","15":"shipping-taxable","16":"purchasable","17":"product-type-simple"},"yoast_head":"<!-- This site is optimized with the Yoast SEO plugin v27.4 - https:\/\/yoast.com\/product\/yoast-seo-wordpress\/ -->\n<title>TURBINA ECO AIR TORQUE BORDEN BADER | Amedis<\/title>\n<meta name=\"description\" content=\"Turbina eco air torque borden de Bader. Turbina no recomendada para un uso intensivo en cl\u00ednica dental.\" \/>\n<meta name=\"robots\" content=\"index, follow, max-snippet:-1, max-image-preview:large, max-video-preview:-1\" \/>\n<link rel=\"canonical\" href=\"https:\/\/amedis.es\/tienda\/producto\/turbina-eco-air-torque-borden-bader\/\" \/>\n<meta property=\"og:locale\" content=\"es_ES\" \/>\n<meta property=\"og:type\" content=\"article\" \/>\n<meta property=\"og:title\" content=\"TURBINA ECO AIR TORQUE BORDEN BADER | Amedis\" \/>\n<meta property=\"og:description\" content=\"Turbina eco air torque borden de Bader. Turbina no recomendada para un uso intensivo en cl\u00ednica dental.\" \/>\n<meta property=\"og:url\" content=\"https:\/\/amedis.es\/tienda\/producto\/turbina-eco-air-torque-borden-bader\/\" \/>\n<meta property=\"og:site_name\" content=\"Amedis\" \/>\n<meta property=\"article:modified_time\" content=\"2026-02-23T16:27:08+00:00\" \/>\n<meta property=\"og:image\" content=\"https:\/\/amedis.es\/tienda\/wp-content\/uploads\/2022\/05\/TURBINA-ECO-AIR-TORQUE.jpg\" \/>\n\t<meta property=\"og:image:width\" content=\"600\" \/>\n\t<meta property=\"og:image:height\" content=\"600\" \/>\n\t<meta property=\"og:image:type\" content=\"image\/jpeg\" \/>\n<meta name=\"twitter:card\" content=\"summary_large_image\" \/>\n<meta name=\"twitter:label1\" content=\"Tiempo de lectura\" \/>\n\t<meta name=\"twitter:data1\" content=\"1 minuto\" \/>\n<script type=\"application\/ld+json\" class=\"yoast-schema-graph\">{\"@context\":\"https:\\\/\\\/schema.org\",\"@graph\":[{\"@type\":\"WebPage\",\"@id\":\"https:\\\/\\\/amedis.es\\\/tienda\\\/producto\\\/turbina-eco-air-torque-borden-bader\\\/\",\"url\":\"https:\\\/\\\/amedis.es\\\/tienda\\\/producto\\\/turbina-eco-air-torque-borden-bader\\\/\",\"name\":\"TURBINA ECO AIR TORQUE BORDEN BADER | Amedis\",\"isPartOf\":{\"@id\":\"https:\\\/\\\/amedis.es\\\/tienda\\\/#website\"},\"primaryImageOfPage\":{\"@id\":\"https:\\\/\\\/amedis.es\\\/tienda\\\/producto\\\/turbina-eco-air-torque-borden-bader\\\/#primaryimage\"},\"image\":{\"@id\":\"https:\\\/\\\/amedis.es\\\/tienda\\\/producto\\\/turbina-eco-air-torque-borden-bader\\\/#primaryimage\"},\"thumbnailUrl\":\"https:\\\/\\\/amedis.es\\\/tienda\\\/wp-content\\\/uploads\\\/2022\\\/05\\\/TURBINA-ECO-AIR-TORQUE.jpg\",\"datePublished\":\"2026-01-14T16:41:28+00:00\",\"dateModified\":\"2026-02-23T16:27:08+00:00\",\"description\":\"Turbina eco air torque borden de Bader. Turbina no recomendada para un uso intensivo en cl\u00ednica dental.\",\"breadcrumb\":{\"@id\":\"https:\\\/\\\/amedis.es\\\/tienda\\\/producto\\\/turbina-eco-air-torque-borden-bader\\\/#breadcrumb\"},\"inLanguage\":\"es\",\"potentialAction\":[{\"@type\":\"ReadAction\",\"target\":[\"https:\\\/\\\/amedis.es\\\/tienda\\\/producto\\\/turbina-eco-air-torque-borden-bader\\\/\"]}]},{\"@type\":\"ImageObject\",\"inLanguage\":\"es\",\"@id\":\"https:\\\/\\\/amedis.es\\\/tienda\\\/producto\\\/turbina-eco-air-torque-borden-bader\\\/#primaryimage\",\"url\":\"https:\\\/\\\/amedis.es\\\/tienda\\\/wp-content\\\/uploads\\\/2022\\\/05\\\/TURBINA-ECO-AIR-TORQUE.jpg\",\"contentUrl\":\"https:\\\/\\\/amedis.es\\\/tienda\\\/wp-content\\\/uploads\\\/2022\\\/05\\\/TURBINA-ECO-AIR-TORQUE.jpg\",\"width\":600,\"height\":600,\"caption\":\"Amedis TURBINA ECO AIR TORQUE\"},{\"@type\":\"BreadcrumbList\",\"@id\":\"https:\\\/\\\/amedis.es\\\/tienda\\\/producto\\\/turbina-eco-air-torque-borden-bader\\\/#breadcrumb\",\"itemListElement\":[{\"@type\":\"ListItem\",\"position\":1,\"name\":\"Portada\",\"item\":\"https:\\\/\\\/amedis.es\\\/tienda\\\/\"},{\"@type\":\"ListItem\",\"position\":2,\"name\":\"Amedis | Suministros M\u00e9dicos y Dentales | Tienda\",\"item\":\"https:\\\/\\\/amedis.es\\\/tienda\\\/suministros-medicos-y-dentales\\\/\"},{\"@type\":\"ListItem\",\"position\":3,\"name\":\"TURBINA ECO AIR TORQUE BORDEN BADER\"}]},{\"@type\":\"WebSite\",\"@id\":\"https:\\\/\\\/amedis.es\\\/tienda\\\/#website\",\"url\":\"https:\\\/\\\/amedis.es\\\/tienda\\\/\",\"name\":\"Amedis\",\"description\":\"Suministros M\u00e9dicos y Dentales\",\"publisher\":{\"@id\":\"https:\\\/\\\/amedis.es\\\/tienda\\\/#organization\"},\"potentialAction\":[{\"@type\":\"SearchAction\",\"target\":{\"@type\":\"EntryPoint\",\"urlTemplate\":\"https:\\\/\\\/amedis.es\\\/tienda\\\/?s={search_term_string}\"},\"query-input\":{\"@type\":\"PropertyValueSpecification\",\"valueRequired\":true,\"valueName\":\"search_term_string\"}}],\"inLanguage\":\"es\"},{\"@type\":\"Organization\",\"@id\":\"https:\\\/\\\/amedis.es\\\/tienda\\\/#organization\",\"name\":\"Amedis | Suministros M\u00e9dicos y Dentales\",\"url\":\"https:\\\/\\\/amedis.es\\\/tienda\\\/\",\"logo\":{\"@type\":\"ImageObject\",\"inLanguage\":\"es\",\"@id\":\"https:\\\/\\\/amedis.es\\\/tienda\\\/#\\\/schema\\\/logo\\\/image\\\/\",\"url\":\"https:\\\/\\\/amedis.es\\\/tienda\\\/wp-content\\\/uploads\\\/2020\\\/05\\\/logo-1.png\",\"contentUrl\":\"https:\\\/\\\/amedis.es\\\/tienda\\\/wp-content\\\/uploads\\\/2020\\\/05\\\/logo-1.png\",\"width\":191,\"height\":80,\"caption\":\"Amedis | Suministros M\u00e9dicos y Dentales\"},\"image\":{\"@id\":\"https:\\\/\\\/amedis.es\\\/tienda\\\/#\\\/schema\\\/logo\\\/image\\\/\"}}]}<\/script>\n<!-- \/ Yoast SEO plugin. -->","yoast_head_json":{"title":"TURBINA ECO AIR TORQUE BORDEN BADER | Amedis","description":"Turbina eco air torque borden de Bader. Turbina no recomendada para un uso intensivo en cl\u00ednica dental.","robots":{"index":"index","follow":"follow","max-snippet":"max-snippet:-1","max-image-preview":"max-image-preview:large","max-video-preview":"max-video-preview:-1"},"canonical":"https:\/\/amedis.es\/tienda\/producto\/turbina-eco-air-torque-borden-bader\/","og_locale":"es_ES","og_type":"article","og_title":"TURBINA ECO AIR TORQUE BORDEN BADER | Amedis","og_description":"Turbina eco air torque borden de Bader. Turbina no recomendada para un uso intensivo en cl\u00ednica dental.","og_url":"https:\/\/amedis.es\/tienda\/producto\/turbina-eco-air-torque-borden-bader\/","og_site_name":"Amedis","article_modified_time":"2026-02-23T16:27:08+00:00","og_image":[{"width":600,"height":600,"url":"https:\/\/amedis.es\/tienda\/wp-content\/uploads\/2022\/05\/TURBINA-ECO-AIR-TORQUE.jpg","type":"image\/jpeg"}],"twitter_card":"summary_large_image","twitter_misc":{"Tiempo de lectura":"1 minuto"},"schema":{"@context":"https:\/\/schema.org","@graph":[{"@type":"WebPage","@id":"https:\/\/amedis.es\/tienda\/producto\/turbina-eco-air-torque-borden-bader\/","url":"https:\/\/amedis.es\/tienda\/producto\/turbina-eco-air-torque-borden-bader\/","name":"TURBINA ECO AIR TORQUE BORDEN BADER | Amedis","isPartOf":{"@id":"https:\/\/amedis.es\/tienda\/#website"},"primaryImageOfPage":{"@id":"https:\/\/amedis.es\/tienda\/producto\/turbina-eco-air-torque-borden-bader\/#primaryimage"},"image":{"@id":"https:\/\/amedis.es\/tienda\/producto\/turbina-eco-air-torque-borden-bader\/#primaryimage"},"thumbnailUrl":"https:\/\/amedis.es\/tienda\/wp-content\/uploads\/2022\/05\/TURBINA-ECO-AIR-TORQUE.jpg","datePublished":"2026-01-14T16:41:28+00:00","dateModified":"2026-02-23T16:27:08+00:00","description":"Turbina eco air torque borden de Bader. Turbina no recomendada para un uso intensivo en cl\u00ednica dental.","breadcrumb":{"@id":"https:\/\/amedis.es\/tienda\/producto\/turbina-eco-air-torque-borden-bader\/#breadcrumb"},"inLanguage":"es","potentialAction":[{"@type":"ReadAction","target":["https:\/\/amedis.es\/tienda\/producto\/turbina-eco-air-torque-borden-bader\/"]}]},{"@type":"ImageObject","inLanguage":"es","@id":"https:\/\/amedis.es\/tienda\/producto\/turbina-eco-air-torque-borden-bader\/#primaryimage","url":"https:\/\/amedis.es\/tienda\/wp-content\/uploads\/2022\/05\/TURBINA-ECO-AIR-TORQUE.jpg","contentUrl":"https:\/\/amedis.es\/tienda\/wp-content\/uploads\/2022\/05\/TURBINA-ECO-AIR-TORQUE.jpg","width":600,"height":600,"caption":"Amedis TURBINA ECO AIR TORQUE"},{"@type":"BreadcrumbList","@id":"https:\/\/amedis.es\/tienda\/producto\/turbina-eco-air-torque-borden-bader\/#breadcrumb","itemListElement":[{"@type":"ListItem","position":1,"name":"Portada","item":"https:\/\/amedis.es\/tienda\/"},{"@type":"ListItem","position":2,"name":"Amedis | Suministros M\u00e9dicos y Dentales | Tienda","item":"https:\/\/amedis.es\/tienda\/suministros-medicos-y-dentales\/"},{"@type":"ListItem","position":3,"name":"TURBINA ECO AIR TORQUE BORDEN BADER"}]},{"@type":"WebSite","@id":"https:\/\/amedis.es\/tienda\/#website","url":"https:\/\/amedis.es\/tienda\/","name":"Amedis","description":"Suministros M\u00e9dicos y Dentales","publisher":{"@id":"https:\/\/amedis.es\/tienda\/#organization"},"potentialAction":[{"@type":"SearchAction","target":{"@type":"EntryPoint","urlTemplate":"https:\/\/amedis.es\/tienda\/?s={search_term_string}"},"query-input":{"@type":"PropertyValueSpecification","valueRequired":true,"valueName":"search_term_string"}}],"inLanguage":"es"},{"@type":"Organization","@id":"https:\/\/amedis.es\/tienda\/#organization","name":"Amedis | Suministros M\u00e9dicos y Dentales","url":"https:\/\/amedis.es\/tienda\/","logo":{"@type":"ImageObject","inLanguage":"es","@id":"https:\/\/amedis.es\/tienda\/#\/schema\/logo\/image\/","url":"https:\/\/amedis.es\/tienda\/wp-content\/uploads\/2020\/05\/logo-1.png","contentUrl":"https:\/\/amedis.es\/tienda\/wp-content\/uploads\/2020\/05\/logo-1.png","width":191,"height":80,"caption":"Amedis | Suministros M\u00e9dicos y Dentales"},"image":{"@id":"https:\/\/amedis.es\/tienda\/#\/schema\/logo\/image\/"}}]}},"brands":[{"id":2398,"name":"BADER","slug":"bader"}],"_links":{"self":[{"href":"https:\/\/amedis.es\/tienda\/wp-json\/wp\/v2\/product\/36187","targetHints":{"allow":["GET"]}}],"collection":[{"href":"https:\/\/amedis.es\/tienda\/wp-json\/wp\/v2\/product"}],"about":[{"href":"https:\/\/amedis.es\/tienda\/wp-json\/wp\/v2\/types\/product"}],"wp:featuredmedia":[{"embeddable":true,"href":"https:\/\/amedis.es\/tienda\/wp-json\/wp\/v2\/media\/21003"}],"wp:attachment":[{"href":"https:\/\/amedis.es\/tienda\/wp-json\/wp\/v2\/media?parent=36187"}],"wp:term":[{"taxonomy":"pwb-brand","embeddable":true,"href":"https:\/\/amedis.es\/tienda\/wp-json\/wp\/v2\/pwb-brand?post=36187"},{"taxonomy":"product_brand","embeddable":true,"href":"https:\/\/amedis.es\/tienda\/wp-json\/wp\/v2\/product_brand?post=36187"},{"taxonomy":"product_cat","embeddable":true,"href":"https:\/\/amedis.es\/tienda\/wp-json\/wp\/v2\/product_cat?post=36187"},{"taxonomy":"product_tag","embeddable":true,"href":"https:\/\/amedis.es\/tienda\/wp-json\/wp\/v2\/product_tag?post=36187"}],"curies":[{"name":"wp","href":"https:\/\/api.w.org\/{rel}","templated":true}]}}