{"id":36064,"date":"2026-01-04T17:42:26","date_gmt":"2026-01-04T17:42:26","guid":{"rendered":"https:\/\/amedis.es\/tienda\/?post_type=product&#038;p=36064"},"modified":"2026-01-04T17:43:31","modified_gmt":"2026-01-04T17:43:31","slug":"instrunet-inibsa-spray","status":"publish","type":"product","link":"https:\/\/amedis.es\/tienda\/producto\/instrunet-inibsa-spray\/","title":{"rendered":"INSTRUNET INIBSA SPRAY"},"content":{"rendered":"<p>Instrunet Inibsa Spray es un desinfectante de superficies listo para usar sin aldeh\u00eddos. Est\u00e1 indicado para la desinfecci\u00f3n r\u00e1pida de superficies de material m\u00e9dico (por ejemplo sill\u00f3n del dentista, l\u00e1mparas fotopolimerizadoras, etc.). Eficaz en 30 segundos. Es bactericida, micobactericida, levuricida, tuberculicida, fungicida y virucida.<\/p>\n","protected":false},"excerpt":{"rendered":"<p>CONTENIDO: 1 botella de 750 ml.<\/p>\n","protected":false},"featured_media":2326,"template":"","meta":[],"pwb-brand":[2363],"product_brand":[],"product_cat":[116,88],"product_tag":[],"class_list":{"0":"post-36064","1":"product","2":"type-product","3":"status-publish","4":"has-post-thumbnail","6":"pwb-brand-inibsa","7":"product_cat-desinfeccion","8":"product_cat-desinfeccion-de-superficies","10":"first","11":"instock","12":"sale","13":"taxable","14":"shipping-taxable","15":"purchasable","16":"product-type-simple"},"yoast_head":"<!-- This site is optimized with the Yoast SEO plugin v27.4 - https:\/\/yoast.com\/product\/yoast-seo-wordpress\/ -->\n<title>Amedis | INSTRUNET INIBSA SPRAY | INIBSA DESINFECCION<\/title>\n<meta name=\"description\" content=\"Instrunet Inibsa Spray es un desinfectante de superficies listo para usar sin aldeh\u00eddos. Est\u00e1 indicado para la desinfecci\u00f3n r\u00e1pida.\" \/>\n<meta name=\"robots\" content=\"index, follow, max-snippet:-1, max-image-preview:large, max-video-preview:-1\" \/>\n<link rel=\"canonical\" href=\"https:\/\/amedis.es\/tienda\/producto\/instrunet-inibsa-spray\/\" \/>\n<meta property=\"og:locale\" content=\"es_ES\" \/>\n<meta property=\"og:type\" content=\"article\" \/>\n<meta property=\"og:title\" content=\"Amedis | INSTRUNET INIBSA SPRAY | INIBSA DESINFECCION\" \/>\n<meta property=\"og:description\" content=\"Instrunet Inibsa Spray es un desinfectante de superficies listo para usar sin aldeh\u00eddos. Est\u00e1 indicado para la desinfecci\u00f3n r\u00e1pida.\" \/>\n<meta property=\"og:url\" content=\"https:\/\/amedis.es\/tienda\/producto\/instrunet-inibsa-spray\/\" \/>\n<meta property=\"og:site_name\" content=\"Amedis\" \/>\n<meta property=\"article:modified_time\" content=\"2026-01-04T17:43:31+00:00\" \/>\n<meta property=\"og:image\" content=\"https:\/\/amedis.es\/tienda\/wp-content\/uploads\/2020\/10\/instrunet-spray.png\" \/>\n\t<meta property=\"og:image:width\" content=\"600\" \/>\n\t<meta property=\"og:image:height\" content=\"600\" \/>\n\t<meta property=\"og:image:type\" content=\"image\/png\" \/>\n<meta name=\"twitter:card\" content=\"summary_large_image\" \/>\n<meta name=\"twitter:label1\" content=\"Tiempo de lectura\" \/>\n\t<meta name=\"twitter:data1\" content=\"1 minuto\" \/>\n<script type=\"application\/ld+json\" class=\"yoast-schema-graph\">{\"@context\":\"https:\\\/\\\/schema.org\",\"@graph\":[{\"@type\":\"WebPage\",\"@id\":\"https:\\\/\\\/amedis.es\\\/tienda\\\/producto\\\/instrunet-inibsa-spray\\\/\",\"url\":\"https:\\\/\\\/amedis.es\\\/tienda\\\/producto\\\/instrunet-inibsa-spray\\\/\",\"name\":\"Amedis | INSTRUNET INIBSA SPRAY | INIBSA DESINFECCION\",\"isPartOf\":{\"@id\":\"https:\\\/\\\/amedis.es\\\/tienda\\\/#website\"},\"primaryImageOfPage\":{\"@id\":\"https:\\\/\\\/amedis.es\\\/tienda\\\/producto\\\/instrunet-inibsa-spray\\\/#primaryimage\"},\"image\":{\"@id\":\"https:\\\/\\\/amedis.es\\\/tienda\\\/producto\\\/instrunet-inibsa-spray\\\/#primaryimage\"},\"thumbnailUrl\":\"https:\\\/\\\/amedis.es\\\/tienda\\\/wp-content\\\/uploads\\\/2020\\\/10\\\/instrunet-spray.png\",\"datePublished\":\"2026-01-04T17:42:26+00:00\",\"dateModified\":\"2026-01-04T17:43:31+00:00\",\"description\":\"Instrunet Inibsa Spray es un desinfectante de superficies listo para usar sin aldeh\u00eddos. Est\u00e1 indicado para la desinfecci\u00f3n r\u00e1pida.\",\"breadcrumb\":{\"@id\":\"https:\\\/\\\/amedis.es\\\/tienda\\\/producto\\\/instrunet-inibsa-spray\\\/#breadcrumb\"},\"inLanguage\":\"es\",\"potentialAction\":[{\"@type\":\"ReadAction\",\"target\":[\"https:\\\/\\\/amedis.es\\\/tienda\\\/producto\\\/instrunet-inibsa-spray\\\/\"]}]},{\"@type\":\"ImageObject\",\"inLanguage\":\"es\",\"@id\":\"https:\\\/\\\/amedis.es\\\/tienda\\\/producto\\\/instrunet-inibsa-spray\\\/#primaryimage\",\"url\":\"https:\\\/\\\/amedis.es\\\/tienda\\\/wp-content\\\/uploads\\\/2020\\\/10\\\/instrunet-spray.png\",\"contentUrl\":\"https:\\\/\\\/amedis.es\\\/tienda\\\/wp-content\\\/uploads\\\/2020\\\/10\\\/instrunet-spray.png\",\"width\":600,\"height\":600,\"caption\":\"Amedis instrunet spray\"},{\"@type\":\"BreadcrumbList\",\"@id\":\"https:\\\/\\\/amedis.es\\\/tienda\\\/producto\\\/instrunet-inibsa-spray\\\/#breadcrumb\",\"itemListElement\":[{\"@type\":\"ListItem\",\"position\":1,\"name\":\"Portada\",\"item\":\"https:\\\/\\\/amedis.es\\\/tienda\\\/\"},{\"@type\":\"ListItem\",\"position\":2,\"name\":\"Amedis | Suministros M\u00e9dicos y Dentales | Tienda\",\"item\":\"https:\\\/\\\/amedis.es\\\/tienda\\\/suministros-medicos-y-dentales\\\/\"},{\"@type\":\"ListItem\",\"position\":3,\"name\":\"INSTRUNET INIBSA SPRAY\"}]},{\"@type\":\"WebSite\",\"@id\":\"https:\\\/\\\/amedis.es\\\/tienda\\\/#website\",\"url\":\"https:\\\/\\\/amedis.es\\\/tienda\\\/\",\"name\":\"Amedis\",\"description\":\"Suministros M\u00e9dicos y Dentales\",\"publisher\":{\"@id\":\"https:\\\/\\\/amedis.es\\\/tienda\\\/#organization\"},\"potentialAction\":[{\"@type\":\"SearchAction\",\"target\":{\"@type\":\"EntryPoint\",\"urlTemplate\":\"https:\\\/\\\/amedis.es\\\/tienda\\\/?s={search_term_string}\"},\"query-input\":{\"@type\":\"PropertyValueSpecification\",\"valueRequired\":true,\"valueName\":\"search_term_string\"}}],\"inLanguage\":\"es\"},{\"@type\":\"Organization\",\"@id\":\"https:\\\/\\\/amedis.es\\\/tienda\\\/#organization\",\"name\":\"Amedis | Suministros M\u00e9dicos y Dentales\",\"url\":\"https:\\\/\\\/amedis.es\\\/tienda\\\/\",\"logo\":{\"@type\":\"ImageObject\",\"inLanguage\":\"es\",\"@id\":\"https:\\\/\\\/amedis.es\\\/tienda\\\/#\\\/schema\\\/logo\\\/image\\\/\",\"url\":\"https:\\\/\\\/amedis.es\\\/tienda\\\/wp-content\\\/uploads\\\/2020\\\/05\\\/logo-1.png\",\"contentUrl\":\"https:\\\/\\\/amedis.es\\\/tienda\\\/wp-content\\\/uploads\\\/2020\\\/05\\\/logo-1.png\",\"width\":191,\"height\":80,\"caption\":\"Amedis | Suministros M\u00e9dicos y Dentales\"},\"image\":{\"@id\":\"https:\\\/\\\/amedis.es\\\/tienda\\\/#\\\/schema\\\/logo\\\/image\\\/\"}}]}<\/script>\n<!-- \/ Yoast SEO plugin. -->","yoast_head_json":{"title":"Amedis | INSTRUNET INIBSA SPRAY | INIBSA DESINFECCION","description":"Instrunet Inibsa Spray es un desinfectante de superficies listo para usar sin aldeh\u00eddos. Est\u00e1 indicado para la desinfecci\u00f3n r\u00e1pida.","robots":{"index":"index","follow":"follow","max-snippet":"max-snippet:-1","max-image-preview":"max-image-preview:large","max-video-preview":"max-video-preview:-1"},"canonical":"https:\/\/amedis.es\/tienda\/producto\/instrunet-inibsa-spray\/","og_locale":"es_ES","og_type":"article","og_title":"Amedis | INSTRUNET INIBSA SPRAY | INIBSA DESINFECCION","og_description":"Instrunet Inibsa Spray es un desinfectante de superficies listo para usar sin aldeh\u00eddos. Est\u00e1 indicado para la desinfecci\u00f3n r\u00e1pida.","og_url":"https:\/\/amedis.es\/tienda\/producto\/instrunet-inibsa-spray\/","og_site_name":"Amedis","article_modified_time":"2026-01-04T17:43:31+00:00","og_image":[{"width":600,"height":600,"url":"https:\/\/amedis.es\/tienda\/wp-content\/uploads\/2020\/10\/instrunet-spray.png","type":"image\/png"}],"twitter_card":"summary_large_image","twitter_misc":{"Tiempo de lectura":"1 minuto"},"schema":{"@context":"https:\/\/schema.org","@graph":[{"@type":"WebPage","@id":"https:\/\/amedis.es\/tienda\/producto\/instrunet-inibsa-spray\/","url":"https:\/\/amedis.es\/tienda\/producto\/instrunet-inibsa-spray\/","name":"Amedis | INSTRUNET INIBSA SPRAY | INIBSA DESINFECCION","isPartOf":{"@id":"https:\/\/amedis.es\/tienda\/#website"},"primaryImageOfPage":{"@id":"https:\/\/amedis.es\/tienda\/producto\/instrunet-inibsa-spray\/#primaryimage"},"image":{"@id":"https:\/\/amedis.es\/tienda\/producto\/instrunet-inibsa-spray\/#primaryimage"},"thumbnailUrl":"https:\/\/amedis.es\/tienda\/wp-content\/uploads\/2020\/10\/instrunet-spray.png","datePublished":"2026-01-04T17:42:26+00:00","dateModified":"2026-01-04T17:43:31+00:00","description":"Instrunet Inibsa Spray es un desinfectante de superficies listo para usar sin aldeh\u00eddos. Est\u00e1 indicado para la desinfecci\u00f3n r\u00e1pida.","breadcrumb":{"@id":"https:\/\/amedis.es\/tienda\/producto\/instrunet-inibsa-spray\/#breadcrumb"},"inLanguage":"es","potentialAction":[{"@type":"ReadAction","target":["https:\/\/amedis.es\/tienda\/producto\/instrunet-inibsa-spray\/"]}]},{"@type":"ImageObject","inLanguage":"es","@id":"https:\/\/amedis.es\/tienda\/producto\/instrunet-inibsa-spray\/#primaryimage","url":"https:\/\/amedis.es\/tienda\/wp-content\/uploads\/2020\/10\/instrunet-spray.png","contentUrl":"https:\/\/amedis.es\/tienda\/wp-content\/uploads\/2020\/10\/instrunet-spray.png","width":600,"height":600,"caption":"Amedis instrunet spray"},{"@type":"BreadcrumbList","@id":"https:\/\/amedis.es\/tienda\/producto\/instrunet-inibsa-spray\/#breadcrumb","itemListElement":[{"@type":"ListItem","position":1,"name":"Portada","item":"https:\/\/amedis.es\/tienda\/"},{"@type":"ListItem","position":2,"name":"Amedis | Suministros M\u00e9dicos y Dentales | Tienda","item":"https:\/\/amedis.es\/tienda\/suministros-medicos-y-dentales\/"},{"@type":"ListItem","position":3,"name":"INSTRUNET INIBSA SPRAY"}]},{"@type":"WebSite","@id":"https:\/\/amedis.es\/tienda\/#website","url":"https:\/\/amedis.es\/tienda\/","name":"Amedis","description":"Suministros M\u00e9dicos y Dentales","publisher":{"@id":"https:\/\/amedis.es\/tienda\/#organization"},"potentialAction":[{"@type":"SearchAction","target":{"@type":"EntryPoint","urlTemplate":"https:\/\/amedis.es\/tienda\/?s={search_term_string}"},"query-input":{"@type":"PropertyValueSpecification","valueRequired":true,"valueName":"search_term_string"}}],"inLanguage":"es"},{"@type":"Organization","@id":"https:\/\/amedis.es\/tienda\/#organization","name":"Amedis | Suministros M\u00e9dicos y Dentales","url":"https:\/\/amedis.es\/tienda\/","logo":{"@type":"ImageObject","inLanguage":"es","@id":"https:\/\/amedis.es\/tienda\/#\/schema\/logo\/image\/","url":"https:\/\/amedis.es\/tienda\/wp-content\/uploads\/2020\/05\/logo-1.png","contentUrl":"https:\/\/amedis.es\/tienda\/wp-content\/uploads\/2020\/05\/logo-1.png","width":191,"height":80,"caption":"Amedis | Suministros M\u00e9dicos y Dentales"},"image":{"@id":"https:\/\/amedis.es\/tienda\/#\/schema\/logo\/image\/"}}]}},"brands":[{"id":2363,"name":"INIBSA","slug":"inibsa"}],"_links":{"self":[{"href":"https:\/\/amedis.es\/tienda\/wp-json\/wp\/v2\/product\/36064","targetHints":{"allow":["GET"]}}],"collection":[{"href":"https:\/\/amedis.es\/tienda\/wp-json\/wp\/v2\/product"}],"about":[{"href":"https:\/\/amedis.es\/tienda\/wp-json\/wp\/v2\/types\/product"}],"wp:featuredmedia":[{"embeddable":true,"href":"https:\/\/amedis.es\/tienda\/wp-json\/wp\/v2\/media\/2326"}],"wp:attachment":[{"href":"https:\/\/amedis.es\/tienda\/wp-json\/wp\/v2\/media?parent=36064"}],"wp:term":[{"taxonomy":"pwb-brand","embeddable":true,"href":"https:\/\/amedis.es\/tienda\/wp-json\/wp\/v2\/pwb-brand?post=36064"},{"taxonomy":"product_brand","embeddable":true,"href":"https:\/\/amedis.es\/tienda\/wp-json\/wp\/v2\/product_brand?post=36064"},{"taxonomy":"product_cat","embeddable":true,"href":"https:\/\/amedis.es\/tienda\/wp-json\/wp\/v2\/product_cat?post=36064"},{"taxonomy":"product_tag","embeddable":true,"href":"https:\/\/amedis.es\/tienda\/wp-json\/wp\/v2\/product_tag?post=36064"}],"curies":[{"name":"wp","href":"https:\/\/api.w.org\/{rel}","templated":true}]}}