{"id":36046,"date":"2026-01-03T21:44:45","date_gmt":"2026-01-03T21:44:45","guid":{"rendered":"https:\/\/amedis.es\/tienda\/?post_type=product&#038;p=36046"},"modified":"2026-01-03T22:06:48","modified_gmt":"2026-01-03T22:06:48","slug":"antiespumogeno-sanitizante","status":"publish","type":"product","link":"https:\/\/amedis.es\/tienda\/producto\/antiespumogeno-sanitizante\/","title":{"rendered":"ANTIESPUMOGENO-SANITIZANTE"},"content":{"rendered":"<p>Antiespumogeno-sanitizante. Pastillas antiespum\u00f3genas con desinfectante de amplio espectro (Bronopol), para conseguir la desinfecci\u00f3n continua desde el filtro de los tubos de aspiraci\u00f3n hasta el desag\u00fce. La silicona que incorporan las pastillas evita la formaci\u00f3n de espuma y las consiguientes aver\u00edas de los vasos separadores y sistema de aspiraci\u00f3n en general. En base a Bronopol.<\/p>\n<p>MODO DE USO: Utilizar por la ma\u00f1ana antes de empezar el trabajo, o por la tarde, despu\u00e9s del habitual lavado desinfectante del sistema de aspiraci\u00f3n. Introducir una o dos tabletas en el filtro de aspiraci\u00f3n del soporte de c\u00e1nulas.<\/p>\n","protected":false},"excerpt":{"rendered":"<p>CONTENIDO: 50 pastillas.<\/p>\n","protected":false},"featured_media":2923,"template":"","meta":[],"pwb-brand":[2418],"product_brand":[],"product_cat":[116,126],"product_tag":[],"class_list":{"0":"post-36046","1":"product","2":"type-product","3":"status-publish","4":"has-post-thumbnail","6":"pwb-brand-cattani","7":"product_cat-desinfeccion","8":"product_cat-desinfeccion-de-aspiracion","10":"first","11":"instock","12":"sale","13":"taxable","14":"shipping-taxable","15":"purchasable","16":"product-type-simple"},"yoast_head":"<!-- This site is optimized with the Yoast SEO plugin v27.4 - https:\/\/yoast.com\/product\/yoast-seo-wordpress\/ -->\n<title>Amedis | ANTIESPUMOGENO-SANITIZANTE | CATTANI<\/title>\n<meta name=\"description\" content=\"Antiespumogeno-sanitizante. Pastillas antiespum\u00f3genas con desinfectante de amplio espectro (Bronopol), para conseguir la desinfecci\u00f3n\" \/>\n<meta name=\"robots\" content=\"index, follow, max-snippet:-1, max-image-preview:large, max-video-preview:-1\" \/>\n<link rel=\"canonical\" href=\"https:\/\/amedis.es\/tienda\/producto\/antiespumogeno-sanitizante\/\" \/>\n<meta property=\"og:locale\" content=\"es_ES\" \/>\n<meta property=\"og:type\" content=\"article\" \/>\n<meta property=\"og:title\" content=\"Amedis | ANTIESPUMOGENO-SANITIZANTE | CATTANI\" \/>\n<meta property=\"og:description\" content=\"Antiespumogeno-sanitizante. Pastillas antiespum\u00f3genas con desinfectante de amplio espectro (Bronopol), para conseguir la desinfecci\u00f3n\" \/>\n<meta property=\"og:url\" content=\"https:\/\/amedis.es\/tienda\/producto\/antiespumogeno-sanitizante\/\" \/>\n<meta property=\"og:site_name\" content=\"Amedis\" \/>\n<meta property=\"article:modified_time\" content=\"2026-01-03T22:06:48+00:00\" \/>\n<meta property=\"og:image\" content=\"https:\/\/amedis.es\/tienda\/wp-content\/uploads\/2020\/11\/ANTIESPUMOGENO.jpg\" \/>\n\t<meta property=\"og:image:width\" content=\"600\" \/>\n\t<meta property=\"og:image:height\" content=\"600\" \/>\n\t<meta property=\"og:image:type\" content=\"image\/jpeg\" \/>\n<meta name=\"twitter:card\" content=\"summary_large_image\" \/>\n<meta name=\"twitter:label1\" content=\"Tiempo de lectura\" \/>\n\t<meta name=\"twitter:data1\" content=\"1 minuto\" \/>\n<script type=\"application\/ld+json\" class=\"yoast-schema-graph\">{\"@context\":\"https:\\\/\\\/schema.org\",\"@graph\":[{\"@type\":\"WebPage\",\"@id\":\"https:\\\/\\\/amedis.es\\\/tienda\\\/producto\\\/antiespumogeno-sanitizante\\\/\",\"url\":\"https:\\\/\\\/amedis.es\\\/tienda\\\/producto\\\/antiespumogeno-sanitizante\\\/\",\"name\":\"Amedis | ANTIESPUMOGENO-SANITIZANTE | CATTANI\",\"isPartOf\":{\"@id\":\"https:\\\/\\\/amedis.es\\\/tienda\\\/#website\"},\"primaryImageOfPage\":{\"@id\":\"https:\\\/\\\/amedis.es\\\/tienda\\\/producto\\\/antiespumogeno-sanitizante\\\/#primaryimage\"},\"image\":{\"@id\":\"https:\\\/\\\/amedis.es\\\/tienda\\\/producto\\\/antiespumogeno-sanitizante\\\/#primaryimage\"},\"thumbnailUrl\":\"https:\\\/\\\/amedis.es\\\/tienda\\\/wp-content\\\/uploads\\\/2020\\\/11\\\/ANTIESPUMOGENO.jpg\",\"datePublished\":\"2026-01-03T21:44:45+00:00\",\"dateModified\":\"2026-01-03T22:06:48+00:00\",\"description\":\"Antiespumogeno-sanitizante. Pastillas antiespum\u00f3genas con desinfectante de amplio espectro (Bronopol), para conseguir la desinfecci\u00f3n\",\"breadcrumb\":{\"@id\":\"https:\\\/\\\/amedis.es\\\/tienda\\\/producto\\\/antiespumogeno-sanitizante\\\/#breadcrumb\"},\"inLanguage\":\"es\",\"potentialAction\":[{\"@type\":\"ReadAction\",\"target\":[\"https:\\\/\\\/amedis.es\\\/tienda\\\/producto\\\/antiespumogeno-sanitizante\\\/\"]}]},{\"@type\":\"ImageObject\",\"inLanguage\":\"es\",\"@id\":\"https:\\\/\\\/amedis.es\\\/tienda\\\/producto\\\/antiespumogeno-sanitizante\\\/#primaryimage\",\"url\":\"https:\\\/\\\/amedis.es\\\/tienda\\\/wp-content\\\/uploads\\\/2020\\\/11\\\/ANTIESPUMOGENO.jpg\",\"contentUrl\":\"https:\\\/\\\/amedis.es\\\/tienda\\\/wp-content\\\/uploads\\\/2020\\\/11\\\/ANTIESPUMOGENO.jpg\",\"width\":600,\"height\":600,\"caption\":\"Amedis ANTIESPUMOGENO\"},{\"@type\":\"BreadcrumbList\",\"@id\":\"https:\\\/\\\/amedis.es\\\/tienda\\\/producto\\\/antiespumogeno-sanitizante\\\/#breadcrumb\",\"itemListElement\":[{\"@type\":\"ListItem\",\"position\":1,\"name\":\"Portada\",\"item\":\"https:\\\/\\\/amedis.es\\\/tienda\\\/\"},{\"@type\":\"ListItem\",\"position\":2,\"name\":\"Amedis | Suministros M\u00e9dicos y Dentales | Tienda\",\"item\":\"https:\\\/\\\/amedis.es\\\/tienda\\\/suministros-medicos-y-dentales\\\/\"},{\"@type\":\"ListItem\",\"position\":3,\"name\":\"ANTIESPUMOGENO-SANITIZANTE\"}]},{\"@type\":\"WebSite\",\"@id\":\"https:\\\/\\\/amedis.es\\\/tienda\\\/#website\",\"url\":\"https:\\\/\\\/amedis.es\\\/tienda\\\/\",\"name\":\"Amedis\",\"description\":\"Suministros M\u00e9dicos y Dentales\",\"publisher\":{\"@id\":\"https:\\\/\\\/amedis.es\\\/tienda\\\/#organization\"},\"potentialAction\":[{\"@type\":\"SearchAction\",\"target\":{\"@type\":\"EntryPoint\",\"urlTemplate\":\"https:\\\/\\\/amedis.es\\\/tienda\\\/?s={search_term_string}\"},\"query-input\":{\"@type\":\"PropertyValueSpecification\",\"valueRequired\":true,\"valueName\":\"search_term_string\"}}],\"inLanguage\":\"es\"},{\"@type\":\"Organization\",\"@id\":\"https:\\\/\\\/amedis.es\\\/tienda\\\/#organization\",\"name\":\"Amedis | Suministros M\u00e9dicos y Dentales\",\"url\":\"https:\\\/\\\/amedis.es\\\/tienda\\\/\",\"logo\":{\"@type\":\"ImageObject\",\"inLanguage\":\"es\",\"@id\":\"https:\\\/\\\/amedis.es\\\/tienda\\\/#\\\/schema\\\/logo\\\/image\\\/\",\"url\":\"https:\\\/\\\/amedis.es\\\/tienda\\\/wp-content\\\/uploads\\\/2020\\\/05\\\/logo-1.png\",\"contentUrl\":\"https:\\\/\\\/amedis.es\\\/tienda\\\/wp-content\\\/uploads\\\/2020\\\/05\\\/logo-1.png\",\"width\":191,\"height\":80,\"caption\":\"Amedis | Suministros M\u00e9dicos y Dentales\"},\"image\":{\"@id\":\"https:\\\/\\\/amedis.es\\\/tienda\\\/#\\\/schema\\\/logo\\\/image\\\/\"}}]}<\/script>\n<!-- \/ Yoast SEO plugin. -->","yoast_head_json":{"title":"Amedis | ANTIESPUMOGENO-SANITIZANTE | CATTANI","description":"Antiespumogeno-sanitizante. Pastillas antiespum\u00f3genas con desinfectante de amplio espectro (Bronopol), para conseguir la desinfecci\u00f3n","robots":{"index":"index","follow":"follow","max-snippet":"max-snippet:-1","max-image-preview":"max-image-preview:large","max-video-preview":"max-video-preview:-1"},"canonical":"https:\/\/amedis.es\/tienda\/producto\/antiespumogeno-sanitizante\/","og_locale":"es_ES","og_type":"article","og_title":"Amedis | ANTIESPUMOGENO-SANITIZANTE | CATTANI","og_description":"Antiespumogeno-sanitizante. Pastillas antiespum\u00f3genas con desinfectante de amplio espectro (Bronopol), para conseguir la desinfecci\u00f3n","og_url":"https:\/\/amedis.es\/tienda\/producto\/antiespumogeno-sanitizante\/","og_site_name":"Amedis","article_modified_time":"2026-01-03T22:06:48+00:00","og_image":[{"width":600,"height":600,"url":"https:\/\/amedis.es\/tienda\/wp-content\/uploads\/2020\/11\/ANTIESPUMOGENO.jpg","type":"image\/jpeg"}],"twitter_card":"summary_large_image","twitter_misc":{"Tiempo de lectura":"1 minuto"},"schema":{"@context":"https:\/\/schema.org","@graph":[{"@type":"WebPage","@id":"https:\/\/amedis.es\/tienda\/producto\/antiespumogeno-sanitizante\/","url":"https:\/\/amedis.es\/tienda\/producto\/antiespumogeno-sanitizante\/","name":"Amedis | ANTIESPUMOGENO-SANITIZANTE | CATTANI","isPartOf":{"@id":"https:\/\/amedis.es\/tienda\/#website"},"primaryImageOfPage":{"@id":"https:\/\/amedis.es\/tienda\/producto\/antiespumogeno-sanitizante\/#primaryimage"},"image":{"@id":"https:\/\/amedis.es\/tienda\/producto\/antiespumogeno-sanitizante\/#primaryimage"},"thumbnailUrl":"https:\/\/amedis.es\/tienda\/wp-content\/uploads\/2020\/11\/ANTIESPUMOGENO.jpg","datePublished":"2026-01-03T21:44:45+00:00","dateModified":"2026-01-03T22:06:48+00:00","description":"Antiespumogeno-sanitizante. Pastillas antiespum\u00f3genas con desinfectante de amplio espectro (Bronopol), para conseguir la desinfecci\u00f3n","breadcrumb":{"@id":"https:\/\/amedis.es\/tienda\/producto\/antiespumogeno-sanitizante\/#breadcrumb"},"inLanguage":"es","potentialAction":[{"@type":"ReadAction","target":["https:\/\/amedis.es\/tienda\/producto\/antiespumogeno-sanitizante\/"]}]},{"@type":"ImageObject","inLanguage":"es","@id":"https:\/\/amedis.es\/tienda\/producto\/antiespumogeno-sanitizante\/#primaryimage","url":"https:\/\/amedis.es\/tienda\/wp-content\/uploads\/2020\/11\/ANTIESPUMOGENO.jpg","contentUrl":"https:\/\/amedis.es\/tienda\/wp-content\/uploads\/2020\/11\/ANTIESPUMOGENO.jpg","width":600,"height":600,"caption":"Amedis ANTIESPUMOGENO"},{"@type":"BreadcrumbList","@id":"https:\/\/amedis.es\/tienda\/producto\/antiespumogeno-sanitizante\/#breadcrumb","itemListElement":[{"@type":"ListItem","position":1,"name":"Portada","item":"https:\/\/amedis.es\/tienda\/"},{"@type":"ListItem","position":2,"name":"Amedis | Suministros M\u00e9dicos y Dentales | Tienda","item":"https:\/\/amedis.es\/tienda\/suministros-medicos-y-dentales\/"},{"@type":"ListItem","position":3,"name":"ANTIESPUMOGENO-SANITIZANTE"}]},{"@type":"WebSite","@id":"https:\/\/amedis.es\/tienda\/#website","url":"https:\/\/amedis.es\/tienda\/","name":"Amedis","description":"Suministros M\u00e9dicos y Dentales","publisher":{"@id":"https:\/\/amedis.es\/tienda\/#organization"},"potentialAction":[{"@type":"SearchAction","target":{"@type":"EntryPoint","urlTemplate":"https:\/\/amedis.es\/tienda\/?s={search_term_string}"},"query-input":{"@type":"PropertyValueSpecification","valueRequired":true,"valueName":"search_term_string"}}],"inLanguage":"es"},{"@type":"Organization","@id":"https:\/\/amedis.es\/tienda\/#organization","name":"Amedis | Suministros M\u00e9dicos y Dentales","url":"https:\/\/amedis.es\/tienda\/","logo":{"@type":"ImageObject","inLanguage":"es","@id":"https:\/\/amedis.es\/tienda\/#\/schema\/logo\/image\/","url":"https:\/\/amedis.es\/tienda\/wp-content\/uploads\/2020\/05\/logo-1.png","contentUrl":"https:\/\/amedis.es\/tienda\/wp-content\/uploads\/2020\/05\/logo-1.png","width":191,"height":80,"caption":"Amedis | Suministros M\u00e9dicos y Dentales"},"image":{"@id":"https:\/\/amedis.es\/tienda\/#\/schema\/logo\/image\/"}}]}},"brands":[{"id":2418,"name":"CATTANI","slug":"cattani"}],"_links":{"self":[{"href":"https:\/\/amedis.es\/tienda\/wp-json\/wp\/v2\/product\/36046","targetHints":{"allow":["GET"]}}],"collection":[{"href":"https:\/\/amedis.es\/tienda\/wp-json\/wp\/v2\/product"}],"about":[{"href":"https:\/\/amedis.es\/tienda\/wp-json\/wp\/v2\/types\/product"}],"wp:featuredmedia":[{"embeddable":true,"href":"https:\/\/amedis.es\/tienda\/wp-json\/wp\/v2\/media\/2923"}],"wp:attachment":[{"href":"https:\/\/amedis.es\/tienda\/wp-json\/wp\/v2\/media?parent=36046"}],"wp:term":[{"taxonomy":"pwb-brand","embeddable":true,"href":"https:\/\/amedis.es\/tienda\/wp-json\/wp\/v2\/pwb-brand?post=36046"},{"taxonomy":"product_brand","embeddable":true,"href":"https:\/\/amedis.es\/tienda\/wp-json\/wp\/v2\/product_brand?post=36046"},{"taxonomy":"product_cat","embeddable":true,"href":"https:\/\/amedis.es\/tienda\/wp-json\/wp\/v2\/product_cat?post=36046"},{"taxonomy":"product_tag","embeddable":true,"href":"https:\/\/amedis.es\/tienda\/wp-json\/wp\/v2\/product_tag?post=36046"}],"curies":[{"name":"wp","href":"https:\/\/api.w.org\/{rel}","templated":true}]}}