{"id":36019,"date":"2026-01-03T14:58:35","date_gmt":"2026-01-03T14:58:35","guid":{"rendered":"https:\/\/amedis.es\/tienda\/?post_type=product&#038;p=36019"},"modified":"2026-02-20T11:48:05","modified_gmt":"2026-02-20T11:48:05","slug":"jeringa-2-anillas-con-aspiracion-bader","status":"publish","type":"product","link":"https:\/\/amedis.es\/tienda\/producto\/jeringa-2-anillas-con-aspiracion-bader\/","title":{"rendered":"JERINGA 2 ANILLAS CON ASPIRACION BADER"},"content":{"rendered":"<p>Jeringa 2 anillas con aspiraci\u00f3n Bader. La jeringa de 2 anillas con aspiraci\u00f3n se utiliza en odontolog\u00eda para administrar anestesia local de manera precisa y segura. Gracias a sus dos anillas, permite al dentista tener un control firme durante la inyecci\u00f3n, mientras que la funci\u00f3n de aspiraci\u00f3n permite verificar si la aguja ha penetrado en un vaso sangu\u00edneo antes de inyectar la anestesia. Esto reduce el riesgo de inyectar el anest\u00e9sico directamente en el torrente sangu\u00edneo, mejorando la seguridad del procedimiento y asegurando una aplicaci\u00f3n adecuada en el \u00e1rea deseada.<\/p>\n<p>CARACTERISTICAS:<\/p>\n<ul>\n<li>Jeringa tipo carpule con aspiraci\u00f3n 2 anillas.<\/li>\n<li>Longitud: 14 cm.<\/li>\n<li>Material: Acero inoxidable.<\/li>\n<li>Alta resistencia a la corrosi\u00f3n.<\/li>\n<li>Esterilizable en autoclave.<\/li>\n<\/ul>\n","protected":false},"excerpt":{"rendered":"<p>CONTENIDO: 1 unidad.<\/p>\n","protected":false},"featured_media":36020,"template":"","meta":[],"pwb-brand":[2398],"product_brand":[],"product_cat":[45,27,48],"product_tag":[],"class_list":{"0":"post-36019","1":"product","2":"type-product","3":"status-publish","4":"has-post-thumbnail","6":"pwb-brand-bader","7":"product_cat-agujas-y-anestesias","8":"product_cat-clinica","9":"product_cat-jeringas-de-anestesia","11":"first","12":"instock","13":"sale","14":"taxable","15":"shipping-taxable","16":"purchasable","17":"product-type-simple"},"yoast_head":"<!-- This site is optimized with the Yoast SEO plugin v27.4 - https:\/\/yoast.com\/product\/yoast-seo-wordpress\/ -->\n<title>JERINGA 2 ANILLAS CON ASPIRACION BADER | Amedis<\/title>\n<meta name=\"description\" content=\"Jeringa 2 anillas con aspiraci\u00f3n Bader. La jeringa de 2 anillas con aspiraci\u00f3n se utiliza en odontolog\u00eda para administrar anestesia local de manera precisa y segura.\" \/>\n<meta name=\"robots\" content=\"index, follow, max-snippet:-1, max-image-preview:large, max-video-preview:-1\" \/>\n<link rel=\"canonical\" href=\"https:\/\/amedis.es\/tienda\/producto\/jeringa-2-anillas-con-aspiracion-bader\/\" \/>\n<meta property=\"og:locale\" content=\"es_ES\" \/>\n<meta property=\"og:type\" content=\"article\" \/>\n<meta property=\"og:title\" content=\"JERINGA 2 ANILLAS CON ASPIRACION BADER | Amedis\" \/>\n<meta property=\"og:description\" content=\"Jeringa 2 anillas con aspiraci\u00f3n Bader. La jeringa de 2 anillas con aspiraci\u00f3n se utiliza en odontolog\u00eda para administrar anestesia local de manera precisa y segura.\" \/>\n<meta property=\"og:url\" content=\"https:\/\/amedis.es\/tienda\/producto\/jeringa-2-anillas-con-aspiracion-bader\/\" \/>\n<meta property=\"og:site_name\" content=\"Amedis\" \/>\n<meta property=\"article:modified_time\" content=\"2026-02-20T11:48:05+00:00\" \/>\n<meta property=\"og:image\" content=\"https:\/\/amedis.es\/tienda\/wp-content\/uploads\/2026\/01\/JERINGA-2-ANILLAS-CON-ASPIRACION-BADER.jpg\" \/>\n\t<meta property=\"og:image:width\" content=\"600\" \/>\n\t<meta property=\"og:image:height\" content=\"600\" \/>\n\t<meta property=\"og:image:type\" content=\"image\/jpeg\" \/>\n<meta name=\"twitter:card\" content=\"summary_large_image\" \/>\n<meta name=\"twitter:label1\" content=\"Tiempo de lectura\" \/>\n\t<meta name=\"twitter:data1\" content=\"1 minuto\" \/>\n<script type=\"application\/ld+json\" class=\"yoast-schema-graph\">{\"@context\":\"https:\\\/\\\/schema.org\",\"@graph\":[{\"@type\":\"WebPage\",\"@id\":\"https:\\\/\\\/amedis.es\\\/tienda\\\/producto\\\/jeringa-2-anillas-con-aspiracion-bader\\\/\",\"url\":\"https:\\\/\\\/amedis.es\\\/tienda\\\/producto\\\/jeringa-2-anillas-con-aspiracion-bader\\\/\",\"name\":\"JERINGA 2 ANILLAS CON ASPIRACION BADER | Amedis\",\"isPartOf\":{\"@id\":\"https:\\\/\\\/amedis.es\\\/tienda\\\/#website\"},\"primaryImageOfPage\":{\"@id\":\"https:\\\/\\\/amedis.es\\\/tienda\\\/producto\\\/jeringa-2-anillas-con-aspiracion-bader\\\/#primaryimage\"},\"image\":{\"@id\":\"https:\\\/\\\/amedis.es\\\/tienda\\\/producto\\\/jeringa-2-anillas-con-aspiracion-bader\\\/#primaryimage\"},\"thumbnailUrl\":\"https:\\\/\\\/amedis.es\\\/tienda\\\/wp-content\\\/uploads\\\/2026\\\/01\\\/JERINGA-2-ANILLAS-CON-ASPIRACION-BADER.jpg\",\"datePublished\":\"2026-01-03T14:58:35+00:00\",\"dateModified\":\"2026-02-20T11:48:05+00:00\",\"description\":\"Jeringa 2 anillas con aspiraci\u00f3n Bader. La jeringa de 2 anillas con aspiraci\u00f3n se utiliza en odontolog\u00eda para administrar anestesia local de manera precisa y segura.\",\"breadcrumb\":{\"@id\":\"https:\\\/\\\/amedis.es\\\/tienda\\\/producto\\\/jeringa-2-anillas-con-aspiracion-bader\\\/#breadcrumb\"},\"inLanguage\":\"es\",\"potentialAction\":[{\"@type\":\"ReadAction\",\"target\":[\"https:\\\/\\\/amedis.es\\\/tienda\\\/producto\\\/jeringa-2-anillas-con-aspiracion-bader\\\/\"]}]},{\"@type\":\"ImageObject\",\"inLanguage\":\"es\",\"@id\":\"https:\\\/\\\/amedis.es\\\/tienda\\\/producto\\\/jeringa-2-anillas-con-aspiracion-bader\\\/#primaryimage\",\"url\":\"https:\\\/\\\/amedis.es\\\/tienda\\\/wp-content\\\/uploads\\\/2026\\\/01\\\/JERINGA-2-ANILLAS-CON-ASPIRACION-BADER.jpg\",\"contentUrl\":\"https:\\\/\\\/amedis.es\\\/tienda\\\/wp-content\\\/uploads\\\/2026\\\/01\\\/JERINGA-2-ANILLAS-CON-ASPIRACION-BADER.jpg\",\"width\":600,\"height\":600,\"caption\":\"Amedis JERINGA 2 ANILLAS CON ASPIRACION BADER\"},{\"@type\":\"BreadcrumbList\",\"@id\":\"https:\\\/\\\/amedis.es\\\/tienda\\\/producto\\\/jeringa-2-anillas-con-aspiracion-bader\\\/#breadcrumb\",\"itemListElement\":[{\"@type\":\"ListItem\",\"position\":1,\"name\":\"Portada\",\"item\":\"https:\\\/\\\/amedis.es\\\/tienda\\\/\"},{\"@type\":\"ListItem\",\"position\":2,\"name\":\"Amedis | Suministros M\u00e9dicos y Dentales | Tienda\",\"item\":\"https:\\\/\\\/amedis.es\\\/tienda\\\/suministros-medicos-y-dentales\\\/\"},{\"@type\":\"ListItem\",\"position\":3,\"name\":\"JERINGA 2 ANILLAS CON ASPIRACION BADER\"}]},{\"@type\":\"WebSite\",\"@id\":\"https:\\\/\\\/amedis.es\\\/tienda\\\/#website\",\"url\":\"https:\\\/\\\/amedis.es\\\/tienda\\\/\",\"name\":\"Amedis\",\"description\":\"Suministros M\u00e9dicos y Dentales\",\"publisher\":{\"@id\":\"https:\\\/\\\/amedis.es\\\/tienda\\\/#organization\"},\"potentialAction\":[{\"@type\":\"SearchAction\",\"target\":{\"@type\":\"EntryPoint\",\"urlTemplate\":\"https:\\\/\\\/amedis.es\\\/tienda\\\/?s={search_term_string}\"},\"query-input\":{\"@type\":\"PropertyValueSpecification\",\"valueRequired\":true,\"valueName\":\"search_term_string\"}}],\"inLanguage\":\"es\"},{\"@type\":\"Organization\",\"@id\":\"https:\\\/\\\/amedis.es\\\/tienda\\\/#organization\",\"name\":\"Amedis | Suministros M\u00e9dicos y Dentales\",\"url\":\"https:\\\/\\\/amedis.es\\\/tienda\\\/\",\"logo\":{\"@type\":\"ImageObject\",\"inLanguage\":\"es\",\"@id\":\"https:\\\/\\\/amedis.es\\\/tienda\\\/#\\\/schema\\\/logo\\\/image\\\/\",\"url\":\"https:\\\/\\\/amedis.es\\\/tienda\\\/wp-content\\\/uploads\\\/2020\\\/05\\\/logo-1.png\",\"contentUrl\":\"https:\\\/\\\/amedis.es\\\/tienda\\\/wp-content\\\/uploads\\\/2020\\\/05\\\/logo-1.png\",\"width\":191,\"height\":80,\"caption\":\"Amedis | Suministros M\u00e9dicos y Dentales\"},\"image\":{\"@id\":\"https:\\\/\\\/amedis.es\\\/tienda\\\/#\\\/schema\\\/logo\\\/image\\\/\"}}]}<\/script>\n<!-- \/ Yoast SEO plugin. -->","yoast_head_json":{"title":"JERINGA 2 ANILLAS CON ASPIRACION BADER | Amedis","description":"Jeringa 2 anillas con aspiraci\u00f3n Bader. La jeringa de 2 anillas con aspiraci\u00f3n se utiliza en odontolog\u00eda para administrar anestesia local de manera precisa y segura.","robots":{"index":"index","follow":"follow","max-snippet":"max-snippet:-1","max-image-preview":"max-image-preview:large","max-video-preview":"max-video-preview:-1"},"canonical":"https:\/\/amedis.es\/tienda\/producto\/jeringa-2-anillas-con-aspiracion-bader\/","og_locale":"es_ES","og_type":"article","og_title":"JERINGA 2 ANILLAS CON ASPIRACION BADER | Amedis","og_description":"Jeringa 2 anillas con aspiraci\u00f3n Bader. La jeringa de 2 anillas con aspiraci\u00f3n se utiliza en odontolog\u00eda para administrar anestesia local de manera precisa y segura.","og_url":"https:\/\/amedis.es\/tienda\/producto\/jeringa-2-anillas-con-aspiracion-bader\/","og_site_name":"Amedis","article_modified_time":"2026-02-20T11:48:05+00:00","og_image":[{"width":600,"height":600,"url":"https:\/\/amedis.es\/tienda\/wp-content\/uploads\/2026\/01\/JERINGA-2-ANILLAS-CON-ASPIRACION-BADER.jpg","type":"image\/jpeg"}],"twitter_card":"summary_large_image","twitter_misc":{"Tiempo de lectura":"1 minuto"},"schema":{"@context":"https:\/\/schema.org","@graph":[{"@type":"WebPage","@id":"https:\/\/amedis.es\/tienda\/producto\/jeringa-2-anillas-con-aspiracion-bader\/","url":"https:\/\/amedis.es\/tienda\/producto\/jeringa-2-anillas-con-aspiracion-bader\/","name":"JERINGA 2 ANILLAS CON ASPIRACION BADER | Amedis","isPartOf":{"@id":"https:\/\/amedis.es\/tienda\/#website"},"primaryImageOfPage":{"@id":"https:\/\/amedis.es\/tienda\/producto\/jeringa-2-anillas-con-aspiracion-bader\/#primaryimage"},"image":{"@id":"https:\/\/amedis.es\/tienda\/producto\/jeringa-2-anillas-con-aspiracion-bader\/#primaryimage"},"thumbnailUrl":"https:\/\/amedis.es\/tienda\/wp-content\/uploads\/2026\/01\/JERINGA-2-ANILLAS-CON-ASPIRACION-BADER.jpg","datePublished":"2026-01-03T14:58:35+00:00","dateModified":"2026-02-20T11:48:05+00:00","description":"Jeringa 2 anillas con aspiraci\u00f3n Bader. La jeringa de 2 anillas con aspiraci\u00f3n se utiliza en odontolog\u00eda para administrar anestesia local de manera precisa y segura.","breadcrumb":{"@id":"https:\/\/amedis.es\/tienda\/producto\/jeringa-2-anillas-con-aspiracion-bader\/#breadcrumb"},"inLanguage":"es","potentialAction":[{"@type":"ReadAction","target":["https:\/\/amedis.es\/tienda\/producto\/jeringa-2-anillas-con-aspiracion-bader\/"]}]},{"@type":"ImageObject","inLanguage":"es","@id":"https:\/\/amedis.es\/tienda\/producto\/jeringa-2-anillas-con-aspiracion-bader\/#primaryimage","url":"https:\/\/amedis.es\/tienda\/wp-content\/uploads\/2026\/01\/JERINGA-2-ANILLAS-CON-ASPIRACION-BADER.jpg","contentUrl":"https:\/\/amedis.es\/tienda\/wp-content\/uploads\/2026\/01\/JERINGA-2-ANILLAS-CON-ASPIRACION-BADER.jpg","width":600,"height":600,"caption":"Amedis JERINGA 2 ANILLAS CON ASPIRACION BADER"},{"@type":"BreadcrumbList","@id":"https:\/\/amedis.es\/tienda\/producto\/jeringa-2-anillas-con-aspiracion-bader\/#breadcrumb","itemListElement":[{"@type":"ListItem","position":1,"name":"Portada","item":"https:\/\/amedis.es\/tienda\/"},{"@type":"ListItem","position":2,"name":"Amedis | Suministros M\u00e9dicos y Dentales | Tienda","item":"https:\/\/amedis.es\/tienda\/suministros-medicos-y-dentales\/"},{"@type":"ListItem","position":3,"name":"JERINGA 2 ANILLAS CON ASPIRACION BADER"}]},{"@type":"WebSite","@id":"https:\/\/amedis.es\/tienda\/#website","url":"https:\/\/amedis.es\/tienda\/","name":"Amedis","description":"Suministros M\u00e9dicos y Dentales","publisher":{"@id":"https:\/\/amedis.es\/tienda\/#organization"},"potentialAction":[{"@type":"SearchAction","target":{"@type":"EntryPoint","urlTemplate":"https:\/\/amedis.es\/tienda\/?s={search_term_string}"},"query-input":{"@type":"PropertyValueSpecification","valueRequired":true,"valueName":"search_term_string"}}],"inLanguage":"es"},{"@type":"Organization","@id":"https:\/\/amedis.es\/tienda\/#organization","name":"Amedis | Suministros M\u00e9dicos y Dentales","url":"https:\/\/amedis.es\/tienda\/","logo":{"@type":"ImageObject","inLanguage":"es","@id":"https:\/\/amedis.es\/tienda\/#\/schema\/logo\/image\/","url":"https:\/\/amedis.es\/tienda\/wp-content\/uploads\/2020\/05\/logo-1.png","contentUrl":"https:\/\/amedis.es\/tienda\/wp-content\/uploads\/2020\/05\/logo-1.png","width":191,"height":80,"caption":"Amedis | Suministros M\u00e9dicos y Dentales"},"image":{"@id":"https:\/\/amedis.es\/tienda\/#\/schema\/logo\/image\/"}}]}},"brands":[{"id":2398,"name":"BADER","slug":"bader"}],"_links":{"self":[{"href":"https:\/\/amedis.es\/tienda\/wp-json\/wp\/v2\/product\/36019","targetHints":{"allow":["GET"]}}],"collection":[{"href":"https:\/\/amedis.es\/tienda\/wp-json\/wp\/v2\/product"}],"about":[{"href":"https:\/\/amedis.es\/tienda\/wp-json\/wp\/v2\/types\/product"}],"wp:featuredmedia":[{"embeddable":true,"href":"https:\/\/amedis.es\/tienda\/wp-json\/wp\/v2\/media\/36020"}],"wp:attachment":[{"href":"https:\/\/amedis.es\/tienda\/wp-json\/wp\/v2\/media?parent=36019"}],"wp:term":[{"taxonomy":"pwb-brand","embeddable":true,"href":"https:\/\/amedis.es\/tienda\/wp-json\/wp\/v2\/pwb-brand?post=36019"},{"taxonomy":"product_brand","embeddable":true,"href":"https:\/\/amedis.es\/tienda\/wp-json\/wp\/v2\/product_brand?post=36019"},{"taxonomy":"product_cat","embeddable":true,"href":"https:\/\/amedis.es\/tienda\/wp-json\/wp\/v2\/product_cat?post=36019"},{"taxonomy":"product_tag","embeddable":true,"href":"https:\/\/amedis.es\/tienda\/wp-json\/wp\/v2\/product_tag?post=36019"}],"curies":[{"name":"wp","href":"https:\/\/api.w.org\/{rel}","templated":true}]}}