{"id":36015,"date":"2026-01-03T14:48:26","date_gmt":"2026-01-03T14:48:26","guid":{"rendered":"https:\/\/amedis.es\/tienda\/?post_type=product&#038;p=36015"},"modified":"2026-02-20T11:48:46","modified_gmt":"2026-02-20T11:48:46","slug":"jeringa-europea-bader","status":"publish","type":"product","link":"https:\/\/amedis.es\/tienda\/producto\/jeringa-europea-bader\/","title":{"rendered":"JERINGA EUROPEA BADER"},"content":{"rendered":"<p>Jeringa europea Bader. La jeringa europea se emplea en odontolog\u00eda para administrar anestesia local de manera precisa. Est\u00e1 dise\u00f1ada para contener cartuchos est\u00e1ndar de anest\u00e9sico de 1,8 ml y permite realizar aspiraci\u00f3n, lo que asegura que no se inyecte en un vaso sangu\u00edneo accidentalmente. Este dise\u00f1o proporciona al dentista un control mejorado durante la inyecci\u00f3n, aumentando tanto la seguridad como la efectividad de la anestesia en procedimientos dentales.<\/p>\n<p>CARACTERISTICAS:<\/p>\n<ul>\n<li>Hasta 1,8 ml.<\/li>\n<li>Permite el uso de todos los anestubos estandarizados (1,8 ml) con tap\u00f3n de goma (tap\u00f3n macizo y hueco).<\/li>\n<li>Material: acero inoxidable.<\/li>\n<li>Esterilizable en autoclave.<\/li>\n<li>No tiene aspiraci\u00f3n.<\/li>\n<li>Longitud: 14,5 cm.<\/li>\n<\/ul>\n<p>MANIPULACION:<\/p>\n<p>1. Con la ayuda del anillo hacer retroceder por completo la varilla del \u00e9mbolo.<br \/>\n2. Introducir el anestubo colocando primero el lado del tap\u00f3n de goma.<br \/>\n3. Sujetar el anestubo y deslizar el \u00e9mbolo de la jeringa hacia delante.<br \/>\n4. Con la aguja se perfora la membrana del anestubo en el centro mientras se enrosca la aguja. Se recomienda montar la aguja unos instantes antes de proceder a la inyecci\u00f3n. Despu\u00e9s de dispensar unas pocas gotas de soluci\u00f3n inyectable, la jeringa estar\u00e1 lista para usar.<\/p>\n<p>DESPUES DE LA INYECCION:<\/p>\n<p>1. Hacer retroceder el \u00e9mbolo de la jeringa para separar el arp\u00f3n del tap\u00f3n del anestubo.<br \/>\n2. Separar el anestubo de la aguja, en caso necesario auxili\u00e1ndose con el dedo pulgar. Informaciones para la esterilizaci\u00f3n.<br \/>\nEs recomendable esterilizar la jeringa en el autoclave despu\u00e9s de cada uso y conservarla en un entorno est\u00e9ril o bien en alcohol (alcohol isoprop\u00edlico o alcohol et\u00edlico al 70%).<\/p>\n<p>MANTENIMIENTO DE LA JERINGA:<\/p>\n<p>Para que la vida \u00fatil de la jeringa sea lo m\u00e1s larga posible, deber\u00e1 desmontarse para limpiar todos los residuos de sangre y saliva. La silicona sobre el arp\u00f3n deber\u00e1 cepillarse a fondo. Cuando se detecte una fuga lateral de soluci\u00f3n anest\u00e9sica durante la inyecci\u00f3n, esto indicar\u00e1 que existe una deformaci\u00f3n de la membrana de goma causada por la aguja. Para evitar esta deformaci\u00f3n, deber\u00e1 cuidarse de que la aguja perfore la membrana de forma completamente recta.<\/p>\n","protected":false},"excerpt":{"rendered":"<p>CONTENIDO: 1 unidad.<\/p>\n","protected":false},"featured_media":36016,"template":"","meta":[],"pwb-brand":[2398],"product_brand":[],"product_cat":[45,27,48],"product_tag":[],"class_list":{"0":"post-36015","1":"product","2":"type-product","3":"status-publish","4":"has-post-thumbnail","6":"pwb-brand-bader","7":"product_cat-agujas-y-anestesias","8":"product_cat-clinica","9":"product_cat-jeringas-de-anestesia","11":"first","12":"instock","13":"sale","14":"taxable","15":"shipping-taxable","16":"purchasable","17":"product-type-simple"},"yoast_head":"<!-- This site is optimized with the Yoast SEO plugin v27.4 - https:\/\/yoast.com\/product\/yoast-seo-wordpress\/ -->\n<title>JERINGA EUROPEA BADER | Amedis<\/title>\n<meta name=\"description\" content=\"Jeringa europea Bader. La jeringa europea se emplea en odontolog\u00eda para administrar anestesia local de manera precisa.\" \/>\n<meta name=\"robots\" content=\"index, follow, max-snippet:-1, max-image-preview:large, max-video-preview:-1\" \/>\n<link rel=\"canonical\" href=\"https:\/\/amedis.es\/tienda\/producto\/jeringa-europea-bader\/\" \/>\n<meta property=\"og:locale\" content=\"es_ES\" \/>\n<meta property=\"og:type\" content=\"article\" \/>\n<meta property=\"og:title\" content=\"JERINGA EUROPEA BADER | Amedis\" \/>\n<meta property=\"og:description\" content=\"Jeringa europea Bader. La jeringa europea se emplea en odontolog\u00eda para administrar anestesia local de manera precisa.\" \/>\n<meta property=\"og:url\" content=\"https:\/\/amedis.es\/tienda\/producto\/jeringa-europea-bader\/\" \/>\n<meta property=\"og:site_name\" content=\"Amedis\" \/>\n<meta property=\"article:modified_time\" content=\"2026-02-20T11:48:46+00:00\" \/>\n<meta property=\"og:image\" content=\"https:\/\/amedis.es\/tienda\/wp-content\/uploads\/2026\/01\/JERINGA-EUROPEA-BADER.jpg\" \/>\n\t<meta property=\"og:image:width\" content=\"600\" \/>\n\t<meta property=\"og:image:height\" content=\"600\" \/>\n\t<meta property=\"og:image:type\" content=\"image\/jpeg\" \/>\n<meta name=\"twitter:card\" content=\"summary_large_image\" \/>\n<meta name=\"twitter:label1\" content=\"Tiempo de lectura\" \/>\n\t<meta name=\"twitter:data1\" content=\"2 minutos\" \/>\n<script type=\"application\/ld+json\" class=\"yoast-schema-graph\">{\"@context\":\"https:\\\/\\\/schema.org\",\"@graph\":[{\"@type\":\"WebPage\",\"@id\":\"https:\\\/\\\/amedis.es\\\/tienda\\\/producto\\\/jeringa-europea-bader\\\/\",\"url\":\"https:\\\/\\\/amedis.es\\\/tienda\\\/producto\\\/jeringa-europea-bader\\\/\",\"name\":\"JERINGA EUROPEA BADER | Amedis\",\"isPartOf\":{\"@id\":\"https:\\\/\\\/amedis.es\\\/tienda\\\/#website\"},\"primaryImageOfPage\":{\"@id\":\"https:\\\/\\\/amedis.es\\\/tienda\\\/producto\\\/jeringa-europea-bader\\\/#primaryimage\"},\"image\":{\"@id\":\"https:\\\/\\\/amedis.es\\\/tienda\\\/producto\\\/jeringa-europea-bader\\\/#primaryimage\"},\"thumbnailUrl\":\"https:\\\/\\\/amedis.es\\\/tienda\\\/wp-content\\\/uploads\\\/2026\\\/01\\\/JERINGA-EUROPEA-BADER.jpg\",\"datePublished\":\"2026-01-03T14:48:26+00:00\",\"dateModified\":\"2026-02-20T11:48:46+00:00\",\"description\":\"Jeringa europea Bader. La jeringa europea se emplea en odontolog\u00eda para administrar anestesia local de manera precisa.\",\"breadcrumb\":{\"@id\":\"https:\\\/\\\/amedis.es\\\/tienda\\\/producto\\\/jeringa-europea-bader\\\/#breadcrumb\"},\"inLanguage\":\"es\",\"potentialAction\":[{\"@type\":\"ReadAction\",\"target\":[\"https:\\\/\\\/amedis.es\\\/tienda\\\/producto\\\/jeringa-europea-bader\\\/\"]}]},{\"@type\":\"ImageObject\",\"inLanguage\":\"es\",\"@id\":\"https:\\\/\\\/amedis.es\\\/tienda\\\/producto\\\/jeringa-europea-bader\\\/#primaryimage\",\"url\":\"https:\\\/\\\/amedis.es\\\/tienda\\\/wp-content\\\/uploads\\\/2026\\\/01\\\/JERINGA-EUROPEA-BADER.jpg\",\"contentUrl\":\"https:\\\/\\\/amedis.es\\\/tienda\\\/wp-content\\\/uploads\\\/2026\\\/01\\\/JERINGA-EUROPEA-BADER.jpg\",\"width\":600,\"height\":600,\"caption\":\"Amedis JERINGA EUROPEA BADER\"},{\"@type\":\"BreadcrumbList\",\"@id\":\"https:\\\/\\\/amedis.es\\\/tienda\\\/producto\\\/jeringa-europea-bader\\\/#breadcrumb\",\"itemListElement\":[{\"@type\":\"ListItem\",\"position\":1,\"name\":\"Portada\",\"item\":\"https:\\\/\\\/amedis.es\\\/tienda\\\/\"},{\"@type\":\"ListItem\",\"position\":2,\"name\":\"Amedis | Suministros M\u00e9dicos y Dentales | Tienda\",\"item\":\"https:\\\/\\\/amedis.es\\\/tienda\\\/suministros-medicos-y-dentales\\\/\"},{\"@type\":\"ListItem\",\"position\":3,\"name\":\"JERINGA EUROPEA BADER\"}]},{\"@type\":\"WebSite\",\"@id\":\"https:\\\/\\\/amedis.es\\\/tienda\\\/#website\",\"url\":\"https:\\\/\\\/amedis.es\\\/tienda\\\/\",\"name\":\"Amedis\",\"description\":\"Suministros M\u00e9dicos y Dentales\",\"publisher\":{\"@id\":\"https:\\\/\\\/amedis.es\\\/tienda\\\/#organization\"},\"potentialAction\":[{\"@type\":\"SearchAction\",\"target\":{\"@type\":\"EntryPoint\",\"urlTemplate\":\"https:\\\/\\\/amedis.es\\\/tienda\\\/?s={search_term_string}\"},\"query-input\":{\"@type\":\"PropertyValueSpecification\",\"valueRequired\":true,\"valueName\":\"search_term_string\"}}],\"inLanguage\":\"es\"},{\"@type\":\"Organization\",\"@id\":\"https:\\\/\\\/amedis.es\\\/tienda\\\/#organization\",\"name\":\"Amedis | Suministros M\u00e9dicos y Dentales\",\"url\":\"https:\\\/\\\/amedis.es\\\/tienda\\\/\",\"logo\":{\"@type\":\"ImageObject\",\"inLanguage\":\"es\",\"@id\":\"https:\\\/\\\/amedis.es\\\/tienda\\\/#\\\/schema\\\/logo\\\/image\\\/\",\"url\":\"https:\\\/\\\/amedis.es\\\/tienda\\\/wp-content\\\/uploads\\\/2020\\\/05\\\/logo-1.png\",\"contentUrl\":\"https:\\\/\\\/amedis.es\\\/tienda\\\/wp-content\\\/uploads\\\/2020\\\/05\\\/logo-1.png\",\"width\":191,\"height\":80,\"caption\":\"Amedis | Suministros M\u00e9dicos y Dentales\"},\"image\":{\"@id\":\"https:\\\/\\\/amedis.es\\\/tienda\\\/#\\\/schema\\\/logo\\\/image\\\/\"}}]}<\/script>\n<!-- \/ Yoast SEO plugin. -->","yoast_head_json":{"title":"JERINGA EUROPEA BADER | Amedis","description":"Jeringa europea Bader. La jeringa europea se emplea en odontolog\u00eda para administrar anestesia local de manera precisa.","robots":{"index":"index","follow":"follow","max-snippet":"max-snippet:-1","max-image-preview":"max-image-preview:large","max-video-preview":"max-video-preview:-1"},"canonical":"https:\/\/amedis.es\/tienda\/producto\/jeringa-europea-bader\/","og_locale":"es_ES","og_type":"article","og_title":"JERINGA EUROPEA BADER | Amedis","og_description":"Jeringa europea Bader. La jeringa europea se emplea en odontolog\u00eda para administrar anestesia local de manera precisa.","og_url":"https:\/\/amedis.es\/tienda\/producto\/jeringa-europea-bader\/","og_site_name":"Amedis","article_modified_time":"2026-02-20T11:48:46+00:00","og_image":[{"width":600,"height":600,"url":"https:\/\/amedis.es\/tienda\/wp-content\/uploads\/2026\/01\/JERINGA-EUROPEA-BADER.jpg","type":"image\/jpeg"}],"twitter_card":"summary_large_image","twitter_misc":{"Tiempo de lectura":"2 minutos"},"schema":{"@context":"https:\/\/schema.org","@graph":[{"@type":"WebPage","@id":"https:\/\/amedis.es\/tienda\/producto\/jeringa-europea-bader\/","url":"https:\/\/amedis.es\/tienda\/producto\/jeringa-europea-bader\/","name":"JERINGA EUROPEA BADER | Amedis","isPartOf":{"@id":"https:\/\/amedis.es\/tienda\/#website"},"primaryImageOfPage":{"@id":"https:\/\/amedis.es\/tienda\/producto\/jeringa-europea-bader\/#primaryimage"},"image":{"@id":"https:\/\/amedis.es\/tienda\/producto\/jeringa-europea-bader\/#primaryimage"},"thumbnailUrl":"https:\/\/amedis.es\/tienda\/wp-content\/uploads\/2026\/01\/JERINGA-EUROPEA-BADER.jpg","datePublished":"2026-01-03T14:48:26+00:00","dateModified":"2026-02-20T11:48:46+00:00","description":"Jeringa europea Bader. La jeringa europea se emplea en odontolog\u00eda para administrar anestesia local de manera precisa.","breadcrumb":{"@id":"https:\/\/amedis.es\/tienda\/producto\/jeringa-europea-bader\/#breadcrumb"},"inLanguage":"es","potentialAction":[{"@type":"ReadAction","target":["https:\/\/amedis.es\/tienda\/producto\/jeringa-europea-bader\/"]}]},{"@type":"ImageObject","inLanguage":"es","@id":"https:\/\/amedis.es\/tienda\/producto\/jeringa-europea-bader\/#primaryimage","url":"https:\/\/amedis.es\/tienda\/wp-content\/uploads\/2026\/01\/JERINGA-EUROPEA-BADER.jpg","contentUrl":"https:\/\/amedis.es\/tienda\/wp-content\/uploads\/2026\/01\/JERINGA-EUROPEA-BADER.jpg","width":600,"height":600,"caption":"Amedis JERINGA EUROPEA BADER"},{"@type":"BreadcrumbList","@id":"https:\/\/amedis.es\/tienda\/producto\/jeringa-europea-bader\/#breadcrumb","itemListElement":[{"@type":"ListItem","position":1,"name":"Portada","item":"https:\/\/amedis.es\/tienda\/"},{"@type":"ListItem","position":2,"name":"Amedis | Suministros M\u00e9dicos y Dentales | Tienda","item":"https:\/\/amedis.es\/tienda\/suministros-medicos-y-dentales\/"},{"@type":"ListItem","position":3,"name":"JERINGA EUROPEA BADER"}]},{"@type":"WebSite","@id":"https:\/\/amedis.es\/tienda\/#website","url":"https:\/\/amedis.es\/tienda\/","name":"Amedis","description":"Suministros M\u00e9dicos y Dentales","publisher":{"@id":"https:\/\/amedis.es\/tienda\/#organization"},"potentialAction":[{"@type":"SearchAction","target":{"@type":"EntryPoint","urlTemplate":"https:\/\/amedis.es\/tienda\/?s={search_term_string}"},"query-input":{"@type":"PropertyValueSpecification","valueRequired":true,"valueName":"search_term_string"}}],"inLanguage":"es"},{"@type":"Organization","@id":"https:\/\/amedis.es\/tienda\/#organization","name":"Amedis | Suministros M\u00e9dicos y Dentales","url":"https:\/\/amedis.es\/tienda\/","logo":{"@type":"ImageObject","inLanguage":"es","@id":"https:\/\/amedis.es\/tienda\/#\/schema\/logo\/image\/","url":"https:\/\/amedis.es\/tienda\/wp-content\/uploads\/2020\/05\/logo-1.png","contentUrl":"https:\/\/amedis.es\/tienda\/wp-content\/uploads\/2020\/05\/logo-1.png","width":191,"height":80,"caption":"Amedis | Suministros M\u00e9dicos y Dentales"},"image":{"@id":"https:\/\/amedis.es\/tienda\/#\/schema\/logo\/image\/"}}]}},"brands":[{"id":2398,"name":"BADER","slug":"bader"}],"_links":{"self":[{"href":"https:\/\/amedis.es\/tienda\/wp-json\/wp\/v2\/product\/36015","targetHints":{"allow":["GET"]}}],"collection":[{"href":"https:\/\/amedis.es\/tienda\/wp-json\/wp\/v2\/product"}],"about":[{"href":"https:\/\/amedis.es\/tienda\/wp-json\/wp\/v2\/types\/product"}],"wp:featuredmedia":[{"embeddable":true,"href":"https:\/\/amedis.es\/tienda\/wp-json\/wp\/v2\/media\/36016"}],"wp:attachment":[{"href":"https:\/\/amedis.es\/tienda\/wp-json\/wp\/v2\/media?parent=36015"}],"wp:term":[{"taxonomy":"pwb-brand","embeddable":true,"href":"https:\/\/amedis.es\/tienda\/wp-json\/wp\/v2\/pwb-brand?post=36015"},{"taxonomy":"product_brand","embeddable":true,"href":"https:\/\/amedis.es\/tienda\/wp-json\/wp\/v2\/product_brand?post=36015"},{"taxonomy":"product_cat","embeddable":true,"href":"https:\/\/amedis.es\/tienda\/wp-json\/wp\/v2\/product_cat?post=36015"},{"taxonomy":"product_tag","embeddable":true,"href":"https:\/\/amedis.es\/tienda\/wp-json\/wp\/v2\/product_tag?post=36015"}],"curies":[{"name":"wp","href":"https:\/\/api.w.org\/{rel}","templated":true}]}}