{"id":35387,"date":"2025-10-23T11:01:32","date_gmt":"2025-10-23T11:01:32","guid":{"rendered":"https:\/\/amedis.es\/tienda\/?post_type=product&#038;p=35387"},"modified":"2025-10-23T11:04:52","modified_gmt":"2025-10-23T11:04:52","slug":"prophyflex-sabor-naranja","status":"publish","type":"product","link":"https:\/\/amedis.es\/tienda\/producto\/prophyflex-sabor-naranja\/","title":{"rendered":"PROPHYFLEX SABOR NARANJA"},"content":{"rendered":"<p>Prophyflex es un nuevo polvo de limpieza de carbonato de calcio. La gran diferencia de este polvo de limpieza es que no tiene cantos ni aristas ya que su forma es redonda: la potencia de limpieza se ve incrementada por estas part\u00edculas con un sinf\u00edn de puntos de contacto con el diente, a la vez que se evita la creaci\u00f3n de grumos y da\u00f1os al esmalte. Las Prophyflex eliminan rodando concreciones, placa y sarro, con gran exactitud y de manera suave y eficaz. El carbonato de calcio no tiene sabor y se presenta en tubos de 15 gramos cada uno. Prophyflex es v\u00e1lido para cualquier aparato de limpieza por bicarbonato. Sabor naranja. Grano de 60-70 micras.<\/p>\n","protected":false},"excerpt":{"rendered":"<p>CONTENIDO: 80 unidades de 15 gr.<\/p>\n","protected":false},"featured_media":35390,"template":"","meta":[],"pwb-brand":[2422],"product_brand":[],"product_cat":[217,214],"product_tag":[],"class_list":{"0":"post-35387","1":"product","2":"type-product","3":"status-publish","4":"has-post-thumbnail","6":"pwb-brand-kavo","7":"product_cat-polvo-de-profilaxis","8":"product_cat-prevencion-y-profilaxis","10":"first","11":"instock","12":"sale","13":"taxable","14":"shipping-taxable","15":"purchasable","16":"product-type-simple"},"yoast_head":"<!-- This site is optimized with the Yoast SEO plugin v27.4 - https:\/\/yoast.com\/product\/yoast-seo-wordpress\/ -->\n<title>PROPHYFLEX SABOR NARANJA | Amedis<\/title>\n<meta name=\"description\" content=\"Prophyflex es un nuevo polvo de limpieza de carbonato de calcio. La gran diferencia de este polvo de limpieza es que no tiene cantos ni aristas ya que su forma es redonda\" \/>\n<meta name=\"robots\" content=\"index, follow, max-snippet:-1, max-image-preview:large, max-video-preview:-1\" \/>\n<link rel=\"canonical\" href=\"https:\/\/amedis.es\/tienda\/producto\/prophyflex-sabor-naranja\/\" \/>\n<meta property=\"og:locale\" content=\"es_ES\" \/>\n<meta property=\"og:type\" content=\"article\" \/>\n<meta property=\"og:title\" content=\"PROPHYFLEX SABOR NARANJA | Amedis\" \/>\n<meta property=\"og:description\" content=\"Prophyflex es un nuevo polvo de limpieza de carbonato de calcio. La gran diferencia de este polvo de limpieza es que no tiene cantos ni aristas ya que su forma es redonda\" \/>\n<meta property=\"og:url\" content=\"https:\/\/amedis.es\/tienda\/producto\/prophyflex-sabor-naranja\/\" \/>\n<meta property=\"og:site_name\" content=\"Amedis\" \/>\n<meta property=\"article:modified_time\" content=\"2025-10-23T11:04:52+00:00\" \/>\n<meta property=\"og:image\" content=\"https:\/\/amedis.es\/tienda\/wp-content\/uploads\/2025\/10\/PROPHYFLEX-SABOR-NARANJA.jpg\" \/>\n\t<meta property=\"og:image:width\" content=\"600\" \/>\n\t<meta property=\"og:image:height\" content=\"600\" \/>\n\t<meta property=\"og:image:type\" content=\"image\/jpeg\" \/>\n<meta name=\"twitter:card\" content=\"summary_large_image\" \/>\n<meta name=\"twitter:label1\" content=\"Tiempo de lectura\" \/>\n\t<meta name=\"twitter:data1\" content=\"1 minuto\" \/>\n<script type=\"application\/ld+json\" class=\"yoast-schema-graph\">{\"@context\":\"https:\\\/\\\/schema.org\",\"@graph\":[{\"@type\":\"WebPage\",\"@id\":\"https:\\\/\\\/amedis.es\\\/tienda\\\/producto\\\/prophyflex-sabor-naranja\\\/\",\"url\":\"https:\\\/\\\/amedis.es\\\/tienda\\\/producto\\\/prophyflex-sabor-naranja\\\/\",\"name\":\"PROPHYFLEX SABOR NARANJA | Amedis\",\"isPartOf\":{\"@id\":\"https:\\\/\\\/amedis.es\\\/tienda\\\/#website\"},\"primaryImageOfPage\":{\"@id\":\"https:\\\/\\\/amedis.es\\\/tienda\\\/producto\\\/prophyflex-sabor-naranja\\\/#primaryimage\"},\"image\":{\"@id\":\"https:\\\/\\\/amedis.es\\\/tienda\\\/producto\\\/prophyflex-sabor-naranja\\\/#primaryimage\"},\"thumbnailUrl\":\"https:\\\/\\\/amedis.es\\\/tienda\\\/wp-content\\\/uploads\\\/2025\\\/10\\\/PROPHYFLEX-SABOR-NARANJA.jpg\",\"datePublished\":\"2025-10-23T11:01:32+00:00\",\"dateModified\":\"2025-10-23T11:04:52+00:00\",\"description\":\"Prophyflex es un nuevo polvo de limpieza de carbonato de calcio. La gran diferencia de este polvo de limpieza es que no tiene cantos ni aristas ya que su forma es redonda\",\"breadcrumb\":{\"@id\":\"https:\\\/\\\/amedis.es\\\/tienda\\\/producto\\\/prophyflex-sabor-naranja\\\/#breadcrumb\"},\"inLanguage\":\"es\",\"potentialAction\":[{\"@type\":\"ReadAction\",\"target\":[\"https:\\\/\\\/amedis.es\\\/tienda\\\/producto\\\/prophyflex-sabor-naranja\\\/\"]}]},{\"@type\":\"ImageObject\",\"inLanguage\":\"es\",\"@id\":\"https:\\\/\\\/amedis.es\\\/tienda\\\/producto\\\/prophyflex-sabor-naranja\\\/#primaryimage\",\"url\":\"https:\\\/\\\/amedis.es\\\/tienda\\\/wp-content\\\/uploads\\\/2025\\\/10\\\/PROPHYFLEX-SABOR-NARANJA.jpg\",\"contentUrl\":\"https:\\\/\\\/amedis.es\\\/tienda\\\/wp-content\\\/uploads\\\/2025\\\/10\\\/PROPHYFLEX-SABOR-NARANJA.jpg\",\"width\":600,\"height\":600,\"caption\":\"Amedis PROPHYFLEX SABOR NARANJA\"},{\"@type\":\"BreadcrumbList\",\"@id\":\"https:\\\/\\\/amedis.es\\\/tienda\\\/producto\\\/prophyflex-sabor-naranja\\\/#breadcrumb\",\"itemListElement\":[{\"@type\":\"ListItem\",\"position\":1,\"name\":\"Portada\",\"item\":\"https:\\\/\\\/amedis.es\\\/tienda\\\/\"},{\"@type\":\"ListItem\",\"position\":2,\"name\":\"Amedis | Suministros M\u00e9dicos y Dentales | Tienda\",\"item\":\"https:\\\/\\\/amedis.es\\\/tienda\\\/suministros-medicos-y-dentales\\\/\"},{\"@type\":\"ListItem\",\"position\":3,\"name\":\"PROPHYFLEX SABOR NARANJA\"}]},{\"@type\":\"WebSite\",\"@id\":\"https:\\\/\\\/amedis.es\\\/tienda\\\/#website\",\"url\":\"https:\\\/\\\/amedis.es\\\/tienda\\\/\",\"name\":\"Amedis\",\"description\":\"Suministros M\u00e9dicos y Dentales\",\"publisher\":{\"@id\":\"https:\\\/\\\/amedis.es\\\/tienda\\\/#organization\"},\"potentialAction\":[{\"@type\":\"SearchAction\",\"target\":{\"@type\":\"EntryPoint\",\"urlTemplate\":\"https:\\\/\\\/amedis.es\\\/tienda\\\/?s={search_term_string}\"},\"query-input\":{\"@type\":\"PropertyValueSpecification\",\"valueRequired\":true,\"valueName\":\"search_term_string\"}}],\"inLanguage\":\"es\"},{\"@type\":\"Organization\",\"@id\":\"https:\\\/\\\/amedis.es\\\/tienda\\\/#organization\",\"name\":\"Amedis | Suministros M\u00e9dicos y Dentales\",\"url\":\"https:\\\/\\\/amedis.es\\\/tienda\\\/\",\"logo\":{\"@type\":\"ImageObject\",\"inLanguage\":\"es\",\"@id\":\"https:\\\/\\\/amedis.es\\\/tienda\\\/#\\\/schema\\\/logo\\\/image\\\/\",\"url\":\"https:\\\/\\\/amedis.es\\\/tienda\\\/wp-content\\\/uploads\\\/2020\\\/05\\\/logo-1.png\",\"contentUrl\":\"https:\\\/\\\/amedis.es\\\/tienda\\\/wp-content\\\/uploads\\\/2020\\\/05\\\/logo-1.png\",\"width\":191,\"height\":80,\"caption\":\"Amedis | Suministros M\u00e9dicos y Dentales\"},\"image\":{\"@id\":\"https:\\\/\\\/amedis.es\\\/tienda\\\/#\\\/schema\\\/logo\\\/image\\\/\"}}]}<\/script>\n<!-- \/ Yoast SEO plugin. -->","yoast_head_json":{"title":"PROPHYFLEX SABOR NARANJA | Amedis","description":"Prophyflex es un nuevo polvo de limpieza de carbonato de calcio. La gran diferencia de este polvo de limpieza es que no tiene cantos ni aristas ya que su forma es redonda","robots":{"index":"index","follow":"follow","max-snippet":"max-snippet:-1","max-image-preview":"max-image-preview:large","max-video-preview":"max-video-preview:-1"},"canonical":"https:\/\/amedis.es\/tienda\/producto\/prophyflex-sabor-naranja\/","og_locale":"es_ES","og_type":"article","og_title":"PROPHYFLEX SABOR NARANJA | Amedis","og_description":"Prophyflex es un nuevo polvo de limpieza de carbonato de calcio. La gran diferencia de este polvo de limpieza es que no tiene cantos ni aristas ya que su forma es redonda","og_url":"https:\/\/amedis.es\/tienda\/producto\/prophyflex-sabor-naranja\/","og_site_name":"Amedis","article_modified_time":"2025-10-23T11:04:52+00:00","og_image":[{"width":600,"height":600,"url":"https:\/\/amedis.es\/tienda\/wp-content\/uploads\/2025\/10\/PROPHYFLEX-SABOR-NARANJA.jpg","type":"image\/jpeg"}],"twitter_card":"summary_large_image","twitter_misc":{"Tiempo de lectura":"1 minuto"},"schema":{"@context":"https:\/\/schema.org","@graph":[{"@type":"WebPage","@id":"https:\/\/amedis.es\/tienda\/producto\/prophyflex-sabor-naranja\/","url":"https:\/\/amedis.es\/tienda\/producto\/prophyflex-sabor-naranja\/","name":"PROPHYFLEX SABOR NARANJA | Amedis","isPartOf":{"@id":"https:\/\/amedis.es\/tienda\/#website"},"primaryImageOfPage":{"@id":"https:\/\/amedis.es\/tienda\/producto\/prophyflex-sabor-naranja\/#primaryimage"},"image":{"@id":"https:\/\/amedis.es\/tienda\/producto\/prophyflex-sabor-naranja\/#primaryimage"},"thumbnailUrl":"https:\/\/amedis.es\/tienda\/wp-content\/uploads\/2025\/10\/PROPHYFLEX-SABOR-NARANJA.jpg","datePublished":"2025-10-23T11:01:32+00:00","dateModified":"2025-10-23T11:04:52+00:00","description":"Prophyflex es un nuevo polvo de limpieza de carbonato de calcio. La gran diferencia de este polvo de limpieza es que no tiene cantos ni aristas ya que su forma es redonda","breadcrumb":{"@id":"https:\/\/amedis.es\/tienda\/producto\/prophyflex-sabor-naranja\/#breadcrumb"},"inLanguage":"es","potentialAction":[{"@type":"ReadAction","target":["https:\/\/amedis.es\/tienda\/producto\/prophyflex-sabor-naranja\/"]}]},{"@type":"ImageObject","inLanguage":"es","@id":"https:\/\/amedis.es\/tienda\/producto\/prophyflex-sabor-naranja\/#primaryimage","url":"https:\/\/amedis.es\/tienda\/wp-content\/uploads\/2025\/10\/PROPHYFLEX-SABOR-NARANJA.jpg","contentUrl":"https:\/\/amedis.es\/tienda\/wp-content\/uploads\/2025\/10\/PROPHYFLEX-SABOR-NARANJA.jpg","width":600,"height":600,"caption":"Amedis PROPHYFLEX SABOR NARANJA"},{"@type":"BreadcrumbList","@id":"https:\/\/amedis.es\/tienda\/producto\/prophyflex-sabor-naranja\/#breadcrumb","itemListElement":[{"@type":"ListItem","position":1,"name":"Portada","item":"https:\/\/amedis.es\/tienda\/"},{"@type":"ListItem","position":2,"name":"Amedis | Suministros M\u00e9dicos y Dentales | Tienda","item":"https:\/\/amedis.es\/tienda\/suministros-medicos-y-dentales\/"},{"@type":"ListItem","position":3,"name":"PROPHYFLEX SABOR NARANJA"}]},{"@type":"WebSite","@id":"https:\/\/amedis.es\/tienda\/#website","url":"https:\/\/amedis.es\/tienda\/","name":"Amedis","description":"Suministros M\u00e9dicos y Dentales","publisher":{"@id":"https:\/\/amedis.es\/tienda\/#organization"},"potentialAction":[{"@type":"SearchAction","target":{"@type":"EntryPoint","urlTemplate":"https:\/\/amedis.es\/tienda\/?s={search_term_string}"},"query-input":{"@type":"PropertyValueSpecification","valueRequired":true,"valueName":"search_term_string"}}],"inLanguage":"es"},{"@type":"Organization","@id":"https:\/\/amedis.es\/tienda\/#organization","name":"Amedis | Suministros M\u00e9dicos y Dentales","url":"https:\/\/amedis.es\/tienda\/","logo":{"@type":"ImageObject","inLanguage":"es","@id":"https:\/\/amedis.es\/tienda\/#\/schema\/logo\/image\/","url":"https:\/\/amedis.es\/tienda\/wp-content\/uploads\/2020\/05\/logo-1.png","contentUrl":"https:\/\/amedis.es\/tienda\/wp-content\/uploads\/2020\/05\/logo-1.png","width":191,"height":80,"caption":"Amedis | Suministros M\u00e9dicos y Dentales"},"image":{"@id":"https:\/\/amedis.es\/tienda\/#\/schema\/logo\/image\/"}}]}},"brands":[{"id":2422,"name":"KAVO","slug":"kavo"}],"_links":{"self":[{"href":"https:\/\/amedis.es\/tienda\/wp-json\/wp\/v2\/product\/35387","targetHints":{"allow":["GET"]}}],"collection":[{"href":"https:\/\/amedis.es\/tienda\/wp-json\/wp\/v2\/product"}],"about":[{"href":"https:\/\/amedis.es\/tienda\/wp-json\/wp\/v2\/types\/product"}],"wp:featuredmedia":[{"embeddable":true,"href":"https:\/\/amedis.es\/tienda\/wp-json\/wp\/v2\/media\/35390"}],"wp:attachment":[{"href":"https:\/\/amedis.es\/tienda\/wp-json\/wp\/v2\/media?parent=35387"}],"wp:term":[{"taxonomy":"pwb-brand","embeddable":true,"href":"https:\/\/amedis.es\/tienda\/wp-json\/wp\/v2\/pwb-brand?post=35387"},{"taxonomy":"product_brand","embeddable":true,"href":"https:\/\/amedis.es\/tienda\/wp-json\/wp\/v2\/product_brand?post=35387"},{"taxonomy":"product_cat","embeddable":true,"href":"https:\/\/amedis.es\/tienda\/wp-json\/wp\/v2\/product_cat?post=35387"},{"taxonomy":"product_tag","embeddable":true,"href":"https:\/\/amedis.es\/tienda\/wp-json\/wp\/v2\/product_tag?post=35387"}],"curies":[{"name":"wp","href":"https:\/\/api.w.org\/{rel}","templated":true}]}}