{"id":35357,"date":"2025-10-21T18:05:34","date_gmt":"2025-10-21T18:05:34","guid":{"rendered":"https:\/\/amedis.es\/tienda\/?post_type=product&#038;p=35357"},"modified":"2025-10-21T18:58:15","modified_gmt":"2025-10-21T18:58:15","slug":"kit-estudiante-neo-bader-copia","status":"publish","type":"product","link":"https:\/\/amedis.es\/tienda\/producto\/kit-estudiante-neo-bader-copia\/","title":{"rendered":"KIT INSTRUMENTAL ROTATORIO NEO BADER"},"content":{"rendered":"<div>\n<div dir=\"auto\" data-message-author-role=\"assistant\" data-message-id=\"c52bc735-4981-43a3-9237-1bbf2de89d88\" data-message-model-slug=\"gpt-4o\">\n<p data-start=\"91\" data-end=\"446\">El Kit Rotatorio Dental neo es la mejor elecci\u00f3n para estudiantes de odontolog\u00eda que buscan herramientas de calidad y rendimiento en su formaci\u00f3n. Dise\u00f1ado para ofrecer precisi\u00f3n, durabilidad y ergonom\u00eda, este completo kit proporciona los instrumentos esenciales para desarrollar habilidades cl\u00ednicas con seguridad y eficiencia.<\/p>\n<p data-start=\"876\" data-end=\"1212\" data-is-last-node=\"\" data-is-only-node=\"\">En conclusi\u00f3n, los kits rotatorios para estudiantes de odontolog\u00eda representan una opci\u00f3n confiable\u00a0 para quienes desean perfeccionar sus habilidades cl\u00ednicas. Con una combinaci\u00f3n de precisi\u00f3n y durabilidad, estos kits facilitan una experiencia de aprendizaje integral, prepar\u00e1ndolos para el \u00e9xito en su carrera dental.<\/p>\n<\/div>\n<h5><strong>Nuestro kit bader neo incluye:<\/strong><\/h5>\n<\/div>\n<ul>\n<li>Garant\u00eda hasta final de estudio.<\/li>\n<li>Revisi\u00f3n anual gratuita del los rotatorios.<\/li>\n<\/ul>\n<p><em>Es fundamental realizar tanto la garant\u00eda como la revisi\u00f3n dentro del plazo de un a\u00f1o.<\/em><\/p>\n","protected":false},"excerpt":{"rendered":"<p>CONTENIDO: 1 Turbina Forcesilence 6000: spray triple. Rodamientos cer\u00e1micos. &gt;330000 rpm. Autoclavable 135\u00ba. Sin luz. V\u00e1lida para acoplamiento Multiflex\u00ae con o sin luz + 1 Acoplamiento Multiflex\u00ae con luz LED autogenerada + 1 Contra \u00e1ngulo Smartline: irrigaci\u00f3n interna. Transmisi\u00f3n 1:1 Rodamientos cer\u00e1micos y cambio de fresa mediante bot\u00f3n. 22000-40000rpm. Sin luz + 1 Pieza de mano Smartline: irrigaci\u00f3n interna. Transmisi\u00f3n 1:1. Rodamientos blindados. 22000-40000rpm. Sin luz + 1 Micromotor Smartline: neum\u00e1tico con irrigaci\u00f3n interna. 22000-40000rpm. Sin luz + 1 Malet\u00edn + 1 Mochila de regalo + 1 Spray Lubricante.<\/p>\n","protected":false},"featured_media":35371,"template":"","meta":[],"pwb-brand":[2398],"product_brand":[],"product_cat":[283,2613],"product_tag":[],"class_list":{"0":"post-35357","1":"product","2":"type-product","3":"status-publish","4":"has-post-thumbnail","6":"pwb-brand-bader","7":"product_cat-equipamiento","8":"product_cat-estudiantes-equipamiento","10":"first","11":"instock","12":"sale","13":"taxable","14":"shipping-taxable","15":"purchasable","16":"product-type-simple"},"yoast_head":"<!-- This site is optimized with the Yoast SEO plugin v27.4 - https:\/\/yoast.com\/product\/yoast-seo-wordpress\/ -->\n<title>KIT INSTRUMENTAL ROTATORIO NEO BADER | Amedis<\/title>\n<meta name=\"description\" content=\"El Kit Rotatorio Dental neo es la mejor elecci\u00f3n para estudiantes de odontolog\u00eda que buscan herramientas de calidad y rendimiento en su formaci\u00f3n.\" \/>\n<meta name=\"robots\" content=\"index, follow, max-snippet:-1, max-image-preview:large, max-video-preview:-1\" \/>\n<link rel=\"canonical\" href=\"https:\/\/amedis.es\/tienda\/producto\/kit-estudiante-neo-bader-copia\/\" \/>\n<meta property=\"og:locale\" content=\"es_ES\" \/>\n<meta property=\"og:type\" content=\"article\" \/>\n<meta property=\"og:title\" content=\"KIT INSTRUMENTAL ROTATORIO NEO BADER | Amedis\" \/>\n<meta property=\"og:description\" content=\"El Kit Rotatorio Dental neo es la mejor elecci\u00f3n para estudiantes de odontolog\u00eda que buscan herramientas de calidad y rendimiento en su formaci\u00f3n.\" \/>\n<meta property=\"og:url\" content=\"https:\/\/amedis.es\/tienda\/producto\/kit-estudiante-neo-bader-copia\/\" \/>\n<meta property=\"og:site_name\" content=\"Amedis\" \/>\n<meta property=\"article:modified_time\" content=\"2025-10-21T18:58:15+00:00\" \/>\n<meta property=\"og:image\" content=\"https:\/\/amedis.es\/tienda\/wp-content\/uploads\/2025\/10\/KIT-INSTRUMENTAL-ROTATORIO-NEO-BADER.jpg\" \/>\n\t<meta property=\"og:image:width\" content=\"600\" \/>\n\t<meta property=\"og:image:height\" content=\"600\" \/>\n\t<meta property=\"og:image:type\" content=\"image\/jpeg\" \/>\n<meta name=\"twitter:card\" content=\"summary_large_image\" \/>\n<meta name=\"twitter:label1\" content=\"Tiempo de lectura\" \/>\n\t<meta name=\"twitter:data1\" content=\"1 minuto\" \/>\n<script type=\"application\/ld+json\" class=\"yoast-schema-graph\">{\"@context\":\"https:\\\/\\\/schema.org\",\"@graph\":[{\"@type\":\"WebPage\",\"@id\":\"https:\\\/\\\/amedis.es\\\/tienda\\\/producto\\\/kit-estudiante-neo-bader-copia\\\/\",\"url\":\"https:\\\/\\\/amedis.es\\\/tienda\\\/producto\\\/kit-estudiante-neo-bader-copia\\\/\",\"name\":\"KIT INSTRUMENTAL ROTATORIO NEO BADER | Amedis\",\"isPartOf\":{\"@id\":\"https:\\\/\\\/amedis.es\\\/tienda\\\/#website\"},\"primaryImageOfPage\":{\"@id\":\"https:\\\/\\\/amedis.es\\\/tienda\\\/producto\\\/kit-estudiante-neo-bader-copia\\\/#primaryimage\"},\"image\":{\"@id\":\"https:\\\/\\\/amedis.es\\\/tienda\\\/producto\\\/kit-estudiante-neo-bader-copia\\\/#primaryimage\"},\"thumbnailUrl\":\"https:\\\/\\\/amedis.es\\\/tienda\\\/wp-content\\\/uploads\\\/2025\\\/10\\\/KIT-INSTRUMENTAL-ROTATORIO-NEO-BADER.jpg\",\"datePublished\":\"2025-10-21T18:05:34+00:00\",\"dateModified\":\"2025-10-21T18:58:15+00:00\",\"description\":\"El Kit Rotatorio Dental neo es la mejor elecci\u00f3n para estudiantes de odontolog\u00eda que buscan herramientas de calidad y rendimiento en su formaci\u00f3n.\",\"breadcrumb\":{\"@id\":\"https:\\\/\\\/amedis.es\\\/tienda\\\/producto\\\/kit-estudiante-neo-bader-copia\\\/#breadcrumb\"},\"inLanguage\":\"es\",\"potentialAction\":[{\"@type\":\"ReadAction\",\"target\":[\"https:\\\/\\\/amedis.es\\\/tienda\\\/producto\\\/kit-estudiante-neo-bader-copia\\\/\"]}]},{\"@type\":\"ImageObject\",\"inLanguage\":\"es\",\"@id\":\"https:\\\/\\\/amedis.es\\\/tienda\\\/producto\\\/kit-estudiante-neo-bader-copia\\\/#primaryimage\",\"url\":\"https:\\\/\\\/amedis.es\\\/tienda\\\/wp-content\\\/uploads\\\/2025\\\/10\\\/KIT-INSTRUMENTAL-ROTATORIO-NEO-BADER.jpg\",\"contentUrl\":\"https:\\\/\\\/amedis.es\\\/tienda\\\/wp-content\\\/uploads\\\/2025\\\/10\\\/KIT-INSTRUMENTAL-ROTATORIO-NEO-BADER.jpg\",\"width\":600,\"height\":600,\"caption\":\"Amedis KIT INSTRUMENTAL ROTATORIO NEO BADER\"},{\"@type\":\"BreadcrumbList\",\"@id\":\"https:\\\/\\\/amedis.es\\\/tienda\\\/producto\\\/kit-estudiante-neo-bader-copia\\\/#breadcrumb\",\"itemListElement\":[{\"@type\":\"ListItem\",\"position\":1,\"name\":\"Portada\",\"item\":\"https:\\\/\\\/amedis.es\\\/tienda\\\/\"},{\"@type\":\"ListItem\",\"position\":2,\"name\":\"Amedis | Suministros M\u00e9dicos y Dentales | Tienda\",\"item\":\"https:\\\/\\\/amedis.es\\\/tienda\\\/suministros-medicos-y-dentales\\\/\"},{\"@type\":\"ListItem\",\"position\":3,\"name\":\"KIT INSTRUMENTAL ROTATORIO NEO BADER\"}]},{\"@type\":\"WebSite\",\"@id\":\"https:\\\/\\\/amedis.es\\\/tienda\\\/#website\",\"url\":\"https:\\\/\\\/amedis.es\\\/tienda\\\/\",\"name\":\"Amedis\",\"description\":\"Suministros M\u00e9dicos y Dentales\",\"publisher\":{\"@id\":\"https:\\\/\\\/amedis.es\\\/tienda\\\/#organization\"},\"potentialAction\":[{\"@type\":\"SearchAction\",\"target\":{\"@type\":\"EntryPoint\",\"urlTemplate\":\"https:\\\/\\\/amedis.es\\\/tienda\\\/?s={search_term_string}\"},\"query-input\":{\"@type\":\"PropertyValueSpecification\",\"valueRequired\":true,\"valueName\":\"search_term_string\"}}],\"inLanguage\":\"es\"},{\"@type\":\"Organization\",\"@id\":\"https:\\\/\\\/amedis.es\\\/tienda\\\/#organization\",\"name\":\"Amedis | Suministros M\u00e9dicos y Dentales\",\"url\":\"https:\\\/\\\/amedis.es\\\/tienda\\\/\",\"logo\":{\"@type\":\"ImageObject\",\"inLanguage\":\"es\",\"@id\":\"https:\\\/\\\/amedis.es\\\/tienda\\\/#\\\/schema\\\/logo\\\/image\\\/\",\"url\":\"https:\\\/\\\/amedis.es\\\/tienda\\\/wp-content\\\/uploads\\\/2020\\\/05\\\/logo-1.png\",\"contentUrl\":\"https:\\\/\\\/amedis.es\\\/tienda\\\/wp-content\\\/uploads\\\/2020\\\/05\\\/logo-1.png\",\"width\":191,\"height\":80,\"caption\":\"Amedis | Suministros M\u00e9dicos y Dentales\"},\"image\":{\"@id\":\"https:\\\/\\\/amedis.es\\\/tienda\\\/#\\\/schema\\\/logo\\\/image\\\/\"}}]}<\/script>\n<!-- \/ Yoast SEO plugin. -->","yoast_head_json":{"title":"KIT INSTRUMENTAL ROTATORIO NEO BADER | Amedis","description":"El Kit Rotatorio Dental neo es la mejor elecci\u00f3n para estudiantes de odontolog\u00eda que buscan herramientas de calidad y rendimiento en su formaci\u00f3n.","robots":{"index":"index","follow":"follow","max-snippet":"max-snippet:-1","max-image-preview":"max-image-preview:large","max-video-preview":"max-video-preview:-1"},"canonical":"https:\/\/amedis.es\/tienda\/producto\/kit-estudiante-neo-bader-copia\/","og_locale":"es_ES","og_type":"article","og_title":"KIT INSTRUMENTAL ROTATORIO NEO BADER | Amedis","og_description":"El Kit Rotatorio Dental neo es la mejor elecci\u00f3n para estudiantes de odontolog\u00eda que buscan herramientas de calidad y rendimiento en su formaci\u00f3n.","og_url":"https:\/\/amedis.es\/tienda\/producto\/kit-estudiante-neo-bader-copia\/","og_site_name":"Amedis","article_modified_time":"2025-10-21T18:58:15+00:00","og_image":[{"width":600,"height":600,"url":"https:\/\/amedis.es\/tienda\/wp-content\/uploads\/2025\/10\/KIT-INSTRUMENTAL-ROTATORIO-NEO-BADER.jpg","type":"image\/jpeg"}],"twitter_card":"summary_large_image","twitter_misc":{"Tiempo de lectura":"1 minuto"},"schema":{"@context":"https:\/\/schema.org","@graph":[{"@type":"WebPage","@id":"https:\/\/amedis.es\/tienda\/producto\/kit-estudiante-neo-bader-copia\/","url":"https:\/\/amedis.es\/tienda\/producto\/kit-estudiante-neo-bader-copia\/","name":"KIT INSTRUMENTAL ROTATORIO NEO BADER | Amedis","isPartOf":{"@id":"https:\/\/amedis.es\/tienda\/#website"},"primaryImageOfPage":{"@id":"https:\/\/amedis.es\/tienda\/producto\/kit-estudiante-neo-bader-copia\/#primaryimage"},"image":{"@id":"https:\/\/amedis.es\/tienda\/producto\/kit-estudiante-neo-bader-copia\/#primaryimage"},"thumbnailUrl":"https:\/\/amedis.es\/tienda\/wp-content\/uploads\/2025\/10\/KIT-INSTRUMENTAL-ROTATORIO-NEO-BADER.jpg","datePublished":"2025-10-21T18:05:34+00:00","dateModified":"2025-10-21T18:58:15+00:00","description":"El Kit Rotatorio Dental neo es la mejor elecci\u00f3n para estudiantes de odontolog\u00eda que buscan herramientas de calidad y rendimiento en su formaci\u00f3n.","breadcrumb":{"@id":"https:\/\/amedis.es\/tienda\/producto\/kit-estudiante-neo-bader-copia\/#breadcrumb"},"inLanguage":"es","potentialAction":[{"@type":"ReadAction","target":["https:\/\/amedis.es\/tienda\/producto\/kit-estudiante-neo-bader-copia\/"]}]},{"@type":"ImageObject","inLanguage":"es","@id":"https:\/\/amedis.es\/tienda\/producto\/kit-estudiante-neo-bader-copia\/#primaryimage","url":"https:\/\/amedis.es\/tienda\/wp-content\/uploads\/2025\/10\/KIT-INSTRUMENTAL-ROTATORIO-NEO-BADER.jpg","contentUrl":"https:\/\/amedis.es\/tienda\/wp-content\/uploads\/2025\/10\/KIT-INSTRUMENTAL-ROTATORIO-NEO-BADER.jpg","width":600,"height":600,"caption":"Amedis KIT INSTRUMENTAL ROTATORIO NEO BADER"},{"@type":"BreadcrumbList","@id":"https:\/\/amedis.es\/tienda\/producto\/kit-estudiante-neo-bader-copia\/#breadcrumb","itemListElement":[{"@type":"ListItem","position":1,"name":"Portada","item":"https:\/\/amedis.es\/tienda\/"},{"@type":"ListItem","position":2,"name":"Amedis | Suministros M\u00e9dicos y Dentales | Tienda","item":"https:\/\/amedis.es\/tienda\/suministros-medicos-y-dentales\/"},{"@type":"ListItem","position":3,"name":"KIT INSTRUMENTAL ROTATORIO NEO BADER"}]},{"@type":"WebSite","@id":"https:\/\/amedis.es\/tienda\/#website","url":"https:\/\/amedis.es\/tienda\/","name":"Amedis","description":"Suministros M\u00e9dicos y Dentales","publisher":{"@id":"https:\/\/amedis.es\/tienda\/#organization"},"potentialAction":[{"@type":"SearchAction","target":{"@type":"EntryPoint","urlTemplate":"https:\/\/amedis.es\/tienda\/?s={search_term_string}"},"query-input":{"@type":"PropertyValueSpecification","valueRequired":true,"valueName":"search_term_string"}}],"inLanguage":"es"},{"@type":"Organization","@id":"https:\/\/amedis.es\/tienda\/#organization","name":"Amedis | Suministros M\u00e9dicos y Dentales","url":"https:\/\/amedis.es\/tienda\/","logo":{"@type":"ImageObject","inLanguage":"es","@id":"https:\/\/amedis.es\/tienda\/#\/schema\/logo\/image\/","url":"https:\/\/amedis.es\/tienda\/wp-content\/uploads\/2020\/05\/logo-1.png","contentUrl":"https:\/\/amedis.es\/tienda\/wp-content\/uploads\/2020\/05\/logo-1.png","width":191,"height":80,"caption":"Amedis | Suministros M\u00e9dicos y Dentales"},"image":{"@id":"https:\/\/amedis.es\/tienda\/#\/schema\/logo\/image\/"}}]}},"brands":[{"id":2398,"name":"BADER","slug":"bader"}],"_links":{"self":[{"href":"https:\/\/amedis.es\/tienda\/wp-json\/wp\/v2\/product\/35357","targetHints":{"allow":["GET"]}}],"collection":[{"href":"https:\/\/amedis.es\/tienda\/wp-json\/wp\/v2\/product"}],"about":[{"href":"https:\/\/amedis.es\/tienda\/wp-json\/wp\/v2\/types\/product"}],"wp:featuredmedia":[{"embeddable":true,"href":"https:\/\/amedis.es\/tienda\/wp-json\/wp\/v2\/media\/35371"}],"wp:attachment":[{"href":"https:\/\/amedis.es\/tienda\/wp-json\/wp\/v2\/media?parent=35357"}],"wp:term":[{"taxonomy":"pwb-brand","embeddable":true,"href":"https:\/\/amedis.es\/tienda\/wp-json\/wp\/v2\/pwb-brand?post=35357"},{"taxonomy":"product_brand","embeddable":true,"href":"https:\/\/amedis.es\/tienda\/wp-json\/wp\/v2\/product_brand?post=35357"},{"taxonomy":"product_cat","embeddable":true,"href":"https:\/\/amedis.es\/tienda\/wp-json\/wp\/v2\/product_cat?post=35357"},{"taxonomy":"product_tag","embeddable":true,"href":"https:\/\/amedis.es\/tienda\/wp-json\/wp\/v2\/product_tag?post=35357"}],"curies":[{"name":"wp","href":"https:\/\/api.w.org\/{rel}","templated":true}]}}