{"id":35356,"date":"2025-10-21T18:04:57","date_gmt":"2025-10-21T18:04:57","guid":{"rendered":"https:\/\/amedis.es\/tienda\/?post_type=product&#038;p=35356"},"modified":"2025-10-21T19:05:12","modified_gmt":"2025-10-21T19:05:12","slug":"kit-instrumental-rotatorio-uptrend-bader","status":"publish","type":"product","link":"https:\/\/amedis.es\/tienda\/producto\/kit-instrumental-rotatorio-uptrend-bader\/","title":{"rendered":"KIT INSTRUMENTAL ROTATORIO UPTREND BADER"},"content":{"rendered":"<p>Nuestro Kit de Instrumental Rotatorio Uptrend est\u00e1 ubicado en uno de las gamas m\u00e1s altas de la categor\u00eda kits de rotatorios, ya que consigue un buen rendimiento tanto para estudiantes como para el trabajo en la cl\u00ednica dental. Este kit de rotatorios es perfecto para futuros profesionales que buscan herramientas de calidad y con gran rendimiento.<\/p>\n<p>Dise\u00f1ado para proporcionar una experiencia de aprendizaje excepcional, este kit combina ergonom\u00eda y durabilidad, garantizando precisi\u00f3n en cada procedimiento. Este kit excepcional se adapta a todas las etapas de tu carrera, durante la pr\u00e1ctica y la carrera profesional.<\/p>\n<p><strong>Nuestro kit bader uptrend ncluye:<\/strong><\/p>\n<ul>\n<li>Garant\u00eda hasta final de estudio.<\/li>\n<li>Revisi\u00f3n anual gratuita del los rotatorios.<\/li>\n<li>Certificados de fabricaci\u00f3n + Servicio T\u00e9cnico Oficial.<\/li>\n<\/ul>\n<p><em>Es fundamental realizar tanto la garant\u00eda como la revisi\u00f3n dentro del plazo de un a\u00f1o.<\/em><\/p>\n","protected":false},"excerpt":{"rendered":"<p>CONTENIDO: 1 Turbina Forcesilence 6000: con luz. Sistema de fibra \u00f3ptica 25000 lux. Rodamientos cer\u00e1micos. Spray triple. &gt;330000rpm. Conexi\u00f3n Multiflex\u00ae. Cambio de fresa mediante bot\u00f3n. 22W + 1 Acoplamientos Multiflex\u00ae: Dos modelos: acoplamiento con luz LED y regulador de spray y acoplamiento sin luz y sin regulador de spray + 1 Micromotor Newmatic: Neum\u00e1tico con irrigaci\u00f3n interna. 22000rpm. Conexi\u00f3n Midwest 4. Sin luz + 1 Pieza de mano Complacent: irrigaci\u00f3n interna. Transmisi\u00f3n 1:1 Rodamientos blindados. 22000-40000rpm. Sin luz + 1 Contra \u00e1ngulo Complacent con luz LED: irrigaci\u00f3n interna. Transmisi\u00f3n 1:1 Rodamientos cer\u00e1micos y cambio de fresa mediante bot\u00f3n. Con luz LED. Hasta 60000rpm. Nivel sonoro \u00b1 65dB + 1 Malet\u00edn + 1 Mochila de regalo + 1 Spray Lubricante.<\/p>\n","protected":false},"featured_media":35372,"template":"","meta":[],"pwb-brand":[2398],"product_brand":[],"product_cat":[2613],"product_tag":[],"class_list":{"0":"post-35356","1":"product","2":"type-product","3":"status-publish","4":"has-post-thumbnail","6":"pwb-brand-bader","7":"product_cat-estudiantes-equipamiento","9":"first","10":"instock","11":"sale","12":"taxable","13":"shipping-taxable","14":"purchasable","15":"product-type-simple"},"yoast_head":"<!-- This site is optimized with the Yoast SEO plugin v27.4 - https:\/\/yoast.com\/product\/yoast-seo-wordpress\/ -->\n<title>KIT INSTRUMENTAL ROTATORIO UPTREND BADER | Amedis<\/title>\n<meta name=\"description\" content=\"Nuestro Kit de Instrumental Rotatorio Uptrend est\u00e1 ubicado en uno de las gamas m\u00e1s altas de la categor\u00eda kits de rotatorios, ya que consigue un buen rendimiento tanto para estudiantes como para el trabajo en la cl\u00ednica dental.\" \/>\n<meta name=\"robots\" content=\"index, follow, max-snippet:-1, max-image-preview:large, max-video-preview:-1\" \/>\n<link rel=\"canonical\" href=\"https:\/\/amedis.es\/tienda\/producto\/kit-instrumental-rotatorio-uptrend-bader\/\" \/>\n<meta property=\"og:locale\" content=\"es_ES\" \/>\n<meta property=\"og:type\" content=\"article\" \/>\n<meta property=\"og:title\" content=\"KIT INSTRUMENTAL ROTATORIO UPTREND BADER | Amedis\" \/>\n<meta property=\"og:description\" content=\"Nuestro Kit de Instrumental Rotatorio Uptrend est\u00e1 ubicado en uno de las gamas m\u00e1s altas de la categor\u00eda kits de rotatorios, ya que consigue un buen rendimiento tanto para estudiantes como para el trabajo en la cl\u00ednica dental.\" \/>\n<meta property=\"og:url\" content=\"https:\/\/amedis.es\/tienda\/producto\/kit-instrumental-rotatorio-uptrend-bader\/\" \/>\n<meta property=\"og:site_name\" content=\"Amedis\" \/>\n<meta property=\"article:modified_time\" content=\"2025-10-21T19:05:12+00:00\" \/>\n<meta property=\"og:image\" content=\"https:\/\/amedis.es\/tienda\/wp-content\/uploads\/2025\/10\/KIT-INSTRUMENTAL-ROTATORIO-UPTREND-BADER.jpg\" \/>\n\t<meta property=\"og:image:width\" content=\"600\" \/>\n\t<meta property=\"og:image:height\" content=\"600\" \/>\n\t<meta property=\"og:image:type\" content=\"image\/jpeg\" \/>\n<meta name=\"twitter:card\" content=\"summary_large_image\" \/>\n<meta name=\"twitter:label1\" content=\"Tiempo de lectura\" \/>\n\t<meta name=\"twitter:data1\" content=\"1 minuto\" \/>\n<script type=\"application\/ld+json\" class=\"yoast-schema-graph\">{\"@context\":\"https:\\\/\\\/schema.org\",\"@graph\":[{\"@type\":\"WebPage\",\"@id\":\"https:\\\/\\\/amedis.es\\\/tienda\\\/producto\\\/kit-instrumental-rotatorio-uptrend-bader\\\/\",\"url\":\"https:\\\/\\\/amedis.es\\\/tienda\\\/producto\\\/kit-instrumental-rotatorio-uptrend-bader\\\/\",\"name\":\"KIT INSTRUMENTAL ROTATORIO UPTREND BADER | Amedis\",\"isPartOf\":{\"@id\":\"https:\\\/\\\/amedis.es\\\/tienda\\\/#website\"},\"primaryImageOfPage\":{\"@id\":\"https:\\\/\\\/amedis.es\\\/tienda\\\/producto\\\/kit-instrumental-rotatorio-uptrend-bader\\\/#primaryimage\"},\"image\":{\"@id\":\"https:\\\/\\\/amedis.es\\\/tienda\\\/producto\\\/kit-instrumental-rotatorio-uptrend-bader\\\/#primaryimage\"},\"thumbnailUrl\":\"https:\\\/\\\/amedis.es\\\/tienda\\\/wp-content\\\/uploads\\\/2025\\\/10\\\/KIT-INSTRUMENTAL-ROTATORIO-UPTREND-BADER.jpg\",\"datePublished\":\"2025-10-21T18:04:57+00:00\",\"dateModified\":\"2025-10-21T19:05:12+00:00\",\"description\":\"Nuestro Kit de Instrumental Rotatorio Uptrend est\u00e1 ubicado en uno de las gamas m\u00e1s altas de la categor\u00eda kits de rotatorios, ya que consigue un buen rendimiento tanto para estudiantes como para el trabajo en la cl\u00ednica dental.\",\"breadcrumb\":{\"@id\":\"https:\\\/\\\/amedis.es\\\/tienda\\\/producto\\\/kit-instrumental-rotatorio-uptrend-bader\\\/#breadcrumb\"},\"inLanguage\":\"es\",\"potentialAction\":[{\"@type\":\"ReadAction\",\"target\":[\"https:\\\/\\\/amedis.es\\\/tienda\\\/producto\\\/kit-instrumental-rotatorio-uptrend-bader\\\/\"]}]},{\"@type\":\"ImageObject\",\"inLanguage\":\"es\",\"@id\":\"https:\\\/\\\/amedis.es\\\/tienda\\\/producto\\\/kit-instrumental-rotatorio-uptrend-bader\\\/#primaryimage\",\"url\":\"https:\\\/\\\/amedis.es\\\/tienda\\\/wp-content\\\/uploads\\\/2025\\\/10\\\/KIT-INSTRUMENTAL-ROTATORIO-UPTREND-BADER.jpg\",\"contentUrl\":\"https:\\\/\\\/amedis.es\\\/tienda\\\/wp-content\\\/uploads\\\/2025\\\/10\\\/KIT-INSTRUMENTAL-ROTATORIO-UPTREND-BADER.jpg\",\"width\":600,\"height\":600,\"caption\":\"Amedis KIT INSTRUMENTAL ROTATORIO UPTREND BADER\"},{\"@type\":\"BreadcrumbList\",\"@id\":\"https:\\\/\\\/amedis.es\\\/tienda\\\/producto\\\/kit-instrumental-rotatorio-uptrend-bader\\\/#breadcrumb\",\"itemListElement\":[{\"@type\":\"ListItem\",\"position\":1,\"name\":\"Portada\",\"item\":\"https:\\\/\\\/amedis.es\\\/tienda\\\/\"},{\"@type\":\"ListItem\",\"position\":2,\"name\":\"Amedis | Suministros M\u00e9dicos y Dentales | Tienda\",\"item\":\"https:\\\/\\\/amedis.es\\\/tienda\\\/suministros-medicos-y-dentales\\\/\"},{\"@type\":\"ListItem\",\"position\":3,\"name\":\"KIT INSTRUMENTAL ROTATORIO UPTREND BADER\"}]},{\"@type\":\"WebSite\",\"@id\":\"https:\\\/\\\/amedis.es\\\/tienda\\\/#website\",\"url\":\"https:\\\/\\\/amedis.es\\\/tienda\\\/\",\"name\":\"Amedis\",\"description\":\"Suministros M\u00e9dicos y Dentales\",\"publisher\":{\"@id\":\"https:\\\/\\\/amedis.es\\\/tienda\\\/#organization\"},\"potentialAction\":[{\"@type\":\"SearchAction\",\"target\":{\"@type\":\"EntryPoint\",\"urlTemplate\":\"https:\\\/\\\/amedis.es\\\/tienda\\\/?s={search_term_string}\"},\"query-input\":{\"@type\":\"PropertyValueSpecification\",\"valueRequired\":true,\"valueName\":\"search_term_string\"}}],\"inLanguage\":\"es\"},{\"@type\":\"Organization\",\"@id\":\"https:\\\/\\\/amedis.es\\\/tienda\\\/#organization\",\"name\":\"Amedis | Suministros M\u00e9dicos y Dentales\",\"url\":\"https:\\\/\\\/amedis.es\\\/tienda\\\/\",\"logo\":{\"@type\":\"ImageObject\",\"inLanguage\":\"es\",\"@id\":\"https:\\\/\\\/amedis.es\\\/tienda\\\/#\\\/schema\\\/logo\\\/image\\\/\",\"url\":\"https:\\\/\\\/amedis.es\\\/tienda\\\/wp-content\\\/uploads\\\/2020\\\/05\\\/logo-1.png\",\"contentUrl\":\"https:\\\/\\\/amedis.es\\\/tienda\\\/wp-content\\\/uploads\\\/2020\\\/05\\\/logo-1.png\",\"width\":191,\"height\":80,\"caption\":\"Amedis | Suministros M\u00e9dicos y Dentales\"},\"image\":{\"@id\":\"https:\\\/\\\/amedis.es\\\/tienda\\\/#\\\/schema\\\/logo\\\/image\\\/\"}}]}<\/script>\n<!-- \/ Yoast SEO plugin. -->","yoast_head_json":{"title":"KIT INSTRUMENTAL ROTATORIO UPTREND BADER | Amedis","description":"Nuestro Kit de Instrumental Rotatorio Uptrend est\u00e1 ubicado en uno de las gamas m\u00e1s altas de la categor\u00eda kits de rotatorios, ya que consigue un buen rendimiento tanto para estudiantes como para el trabajo en la cl\u00ednica dental.","robots":{"index":"index","follow":"follow","max-snippet":"max-snippet:-1","max-image-preview":"max-image-preview:large","max-video-preview":"max-video-preview:-1"},"canonical":"https:\/\/amedis.es\/tienda\/producto\/kit-instrumental-rotatorio-uptrend-bader\/","og_locale":"es_ES","og_type":"article","og_title":"KIT INSTRUMENTAL ROTATORIO UPTREND BADER | Amedis","og_description":"Nuestro Kit de Instrumental Rotatorio Uptrend est\u00e1 ubicado en uno de las gamas m\u00e1s altas de la categor\u00eda kits de rotatorios, ya que consigue un buen rendimiento tanto para estudiantes como para el trabajo en la cl\u00ednica dental.","og_url":"https:\/\/amedis.es\/tienda\/producto\/kit-instrumental-rotatorio-uptrend-bader\/","og_site_name":"Amedis","article_modified_time":"2025-10-21T19:05:12+00:00","og_image":[{"width":600,"height":600,"url":"https:\/\/amedis.es\/tienda\/wp-content\/uploads\/2025\/10\/KIT-INSTRUMENTAL-ROTATORIO-UPTREND-BADER.jpg","type":"image\/jpeg"}],"twitter_card":"summary_large_image","twitter_misc":{"Tiempo de lectura":"1 minuto"},"schema":{"@context":"https:\/\/schema.org","@graph":[{"@type":"WebPage","@id":"https:\/\/amedis.es\/tienda\/producto\/kit-instrumental-rotatorio-uptrend-bader\/","url":"https:\/\/amedis.es\/tienda\/producto\/kit-instrumental-rotatorio-uptrend-bader\/","name":"KIT INSTRUMENTAL ROTATORIO UPTREND BADER | Amedis","isPartOf":{"@id":"https:\/\/amedis.es\/tienda\/#website"},"primaryImageOfPage":{"@id":"https:\/\/amedis.es\/tienda\/producto\/kit-instrumental-rotatorio-uptrend-bader\/#primaryimage"},"image":{"@id":"https:\/\/amedis.es\/tienda\/producto\/kit-instrumental-rotatorio-uptrend-bader\/#primaryimage"},"thumbnailUrl":"https:\/\/amedis.es\/tienda\/wp-content\/uploads\/2025\/10\/KIT-INSTRUMENTAL-ROTATORIO-UPTREND-BADER.jpg","datePublished":"2025-10-21T18:04:57+00:00","dateModified":"2025-10-21T19:05:12+00:00","description":"Nuestro Kit de Instrumental Rotatorio Uptrend est\u00e1 ubicado en uno de las gamas m\u00e1s altas de la categor\u00eda kits de rotatorios, ya que consigue un buen rendimiento tanto para estudiantes como para el trabajo en la cl\u00ednica dental.","breadcrumb":{"@id":"https:\/\/amedis.es\/tienda\/producto\/kit-instrumental-rotatorio-uptrend-bader\/#breadcrumb"},"inLanguage":"es","potentialAction":[{"@type":"ReadAction","target":["https:\/\/amedis.es\/tienda\/producto\/kit-instrumental-rotatorio-uptrend-bader\/"]}]},{"@type":"ImageObject","inLanguage":"es","@id":"https:\/\/amedis.es\/tienda\/producto\/kit-instrumental-rotatorio-uptrend-bader\/#primaryimage","url":"https:\/\/amedis.es\/tienda\/wp-content\/uploads\/2025\/10\/KIT-INSTRUMENTAL-ROTATORIO-UPTREND-BADER.jpg","contentUrl":"https:\/\/amedis.es\/tienda\/wp-content\/uploads\/2025\/10\/KIT-INSTRUMENTAL-ROTATORIO-UPTREND-BADER.jpg","width":600,"height":600,"caption":"Amedis KIT INSTRUMENTAL ROTATORIO UPTREND BADER"},{"@type":"BreadcrumbList","@id":"https:\/\/amedis.es\/tienda\/producto\/kit-instrumental-rotatorio-uptrend-bader\/#breadcrumb","itemListElement":[{"@type":"ListItem","position":1,"name":"Portada","item":"https:\/\/amedis.es\/tienda\/"},{"@type":"ListItem","position":2,"name":"Amedis | Suministros M\u00e9dicos y Dentales | Tienda","item":"https:\/\/amedis.es\/tienda\/suministros-medicos-y-dentales\/"},{"@type":"ListItem","position":3,"name":"KIT INSTRUMENTAL ROTATORIO UPTREND BADER"}]},{"@type":"WebSite","@id":"https:\/\/amedis.es\/tienda\/#website","url":"https:\/\/amedis.es\/tienda\/","name":"Amedis","description":"Suministros M\u00e9dicos y Dentales","publisher":{"@id":"https:\/\/amedis.es\/tienda\/#organization"},"potentialAction":[{"@type":"SearchAction","target":{"@type":"EntryPoint","urlTemplate":"https:\/\/amedis.es\/tienda\/?s={search_term_string}"},"query-input":{"@type":"PropertyValueSpecification","valueRequired":true,"valueName":"search_term_string"}}],"inLanguage":"es"},{"@type":"Organization","@id":"https:\/\/amedis.es\/tienda\/#organization","name":"Amedis | Suministros M\u00e9dicos y Dentales","url":"https:\/\/amedis.es\/tienda\/","logo":{"@type":"ImageObject","inLanguage":"es","@id":"https:\/\/amedis.es\/tienda\/#\/schema\/logo\/image\/","url":"https:\/\/amedis.es\/tienda\/wp-content\/uploads\/2020\/05\/logo-1.png","contentUrl":"https:\/\/amedis.es\/tienda\/wp-content\/uploads\/2020\/05\/logo-1.png","width":191,"height":80,"caption":"Amedis | Suministros M\u00e9dicos y Dentales"},"image":{"@id":"https:\/\/amedis.es\/tienda\/#\/schema\/logo\/image\/"}}]}},"brands":[{"id":2398,"name":"BADER","slug":"bader"}],"_links":{"self":[{"href":"https:\/\/amedis.es\/tienda\/wp-json\/wp\/v2\/product\/35356","targetHints":{"allow":["GET"]}}],"collection":[{"href":"https:\/\/amedis.es\/tienda\/wp-json\/wp\/v2\/product"}],"about":[{"href":"https:\/\/amedis.es\/tienda\/wp-json\/wp\/v2\/types\/product"}],"wp:featuredmedia":[{"embeddable":true,"href":"https:\/\/amedis.es\/tienda\/wp-json\/wp\/v2\/media\/35372"}],"wp:attachment":[{"href":"https:\/\/amedis.es\/tienda\/wp-json\/wp\/v2\/media?parent=35356"}],"wp:term":[{"taxonomy":"pwb-brand","embeddable":true,"href":"https:\/\/amedis.es\/tienda\/wp-json\/wp\/v2\/pwb-brand?post=35356"},{"taxonomy":"product_brand","embeddable":true,"href":"https:\/\/amedis.es\/tienda\/wp-json\/wp\/v2\/product_brand?post=35356"},{"taxonomy":"product_cat","embeddable":true,"href":"https:\/\/amedis.es\/tienda\/wp-json\/wp\/v2\/product_cat?post=35356"},{"taxonomy":"product_tag","embeddable":true,"href":"https:\/\/amedis.es\/tienda\/wp-json\/wp\/v2\/product_tag?post=35356"}],"curies":[{"name":"wp","href":"https:\/\/api.w.org\/{rel}","templated":true}]}}