{"id":35352,"date":"2025-10-21T18:02:36","date_gmt":"2025-10-21T18:02:36","guid":{"rendered":"https:\/\/amedis.es\/tienda\/?post_type=product&#038;p=35352"},"modified":"2025-10-21T19:48:27","modified_gmt":"2025-10-21T19:48:27","slug":"kit-instrumental-rotatorio-smart-borden-bader","status":"publish","type":"product","link":"https:\/\/amedis.es\/tienda\/producto\/kit-instrumental-rotatorio-smart-borden-bader\/","title":{"rendered":"KIT INSTRUMENTAL ROTATORIO SMART BORDEN BADER"},"content":{"rendered":"<p>El\u00a0Kit de Rotatorios Smart BORDEN Bader\u00a0es la soluci\u00f3n perfecta para estudiantes de odontolog\u00eda que inician su formaci\u00f3n y necesitan un equipo\u00a0fiable, duradero y accesible. Dise\u00f1ado espec\u00edficamente para facilitar el aprendizaje desde el primer d\u00eda, este kit combina ergonom\u00eda, compatibilidad y alto rendimiento en cada pieza.<\/p>\n<p>Gracias a su\u00a0conexi\u00f3n BORDEN de 2 v\u00edas, es totalmente compatible con la mayor\u00eda de los equipos dentales utilizados en Portugal y Latinoam\u00e9rica, garantizando una integraci\u00f3n pr\u00e1ctica y sin complicaciones.<\/p>\n<p>Beneficios exclusivos para estudiantes<\/p>\n<ul>\n<li>Garant\u00eda hasta el final de los estudios, asegurando un uso prolongado y sin preocupaciones.<\/li>\n<li>Revisi\u00f3n anual gratuita de los rotatorios, para mantenerlos siempre en perfecto estado.<\/li>\n<li>Dise\u00f1o ergon\u00f3mico, pensado para favorecer la comodidad y precisi\u00f3n en cada pr\u00e1ctica.<\/li>\n<li>Compatibilidad internacional, ideal para universidades y cl\u00ednicas en Portugal y Latinoam\u00e9rica.<\/li>\n<li>Accesibilidad, con todo lo necesario en un solo kit, listo para empezar a usar desde el primer d\u00eda.<\/li>\n<\/ul>\n<p>Usos recomendados<\/p>\n<ul>\n<li>Estudiantes de odontolog\u00eda que comienzan sus pr\u00e1cticas cl\u00ednicas.<\/li>\n<li>Facultades y universidades que buscan kits completos y duraderos para sus alumnos.<\/li>\n<li>Cl\u00ednicas dentales que deseen contar con un set b\u00e1sico y accesible de instrumental rotatorio.<\/li>\n<\/ul>\n","protected":false},"excerpt":{"rendered":"<p>CONTENIDO: 1 Turbina Eco Air Torque BORDEN (Conexi\u00f3n directa BORDEN con spray simple, 330.000 rpm, Cambio de fresa mediante bot\u00f3n, Esterilizable en autoclave 134\u00ba, Rodamientos de cer\u00e1mica, Sin luz.) + 1 Contra \u00c1ngulo Smartline (Irrigaci\u00f3n interna, Transmisi\u00f3n 1:1, Rodamientos cer\u00e1micos, Velocidad: 22.000 \u2013 40.000 rpm, Cambio de fresa mediante bot\u00f3n, Sin luz) + 1 Pieza de Mano Smartline (Irrigaci\u00f3n interna, Transmisi\u00f3n 1:1, Rodamientos blindados, Velocidad: 22.000 \u2013 40.000 rpm, Sin luz) + 1 Micromotor Smartline BORDEN (Conexi\u00f3n BORDEN,\u00a0Neum\u00e1tico con irrigaci\u00f3n interna, 22.000 rpm, Sin luz) + 1\u00a0Malet\u00edn + 1 Mochila de regalo + 1 Spray lubricante.<\/p>\n","protected":false},"featured_media":35379,"template":"","meta":[],"pwb-brand":[2398],"product_brand":[],"product_cat":[283,2613],"product_tag":[],"class_list":{"0":"post-35352","1":"product","2":"type-product","3":"status-publish","4":"has-post-thumbnail","6":"pwb-brand-bader","7":"product_cat-equipamiento","8":"product_cat-estudiantes-equipamiento","10":"first","11":"instock","12":"sale","13":"taxable","14":"shipping-taxable","15":"purchasable","16":"product-type-simple"},"brands":[{"id":2398,"name":"BADER","slug":"bader"}],"_links":{"self":[{"href":"https:\/\/amedis.es\/tienda\/wp-json\/wp\/v2\/product\/35352","targetHints":{"allow":["GET"]}}],"collection":[{"href":"https:\/\/amedis.es\/tienda\/wp-json\/wp\/v2\/product"}],"about":[{"href":"https:\/\/amedis.es\/tienda\/wp-json\/wp\/v2\/types\/product"}],"wp:featuredmedia":[{"embeddable":true,"href":"https:\/\/amedis.es\/tienda\/wp-json\/wp\/v2\/media\/35379"}],"wp:attachment":[{"href":"https:\/\/amedis.es\/tienda\/wp-json\/wp\/v2\/media?parent=35352"}],"wp:term":[{"taxonomy":"pwb-brand","embeddable":true,"href":"https:\/\/amedis.es\/tienda\/wp-json\/wp\/v2\/pwb-brand?post=35352"},{"taxonomy":"product_brand","embeddable":true,"href":"https:\/\/amedis.es\/tienda\/wp-json\/wp\/v2\/product_brand?post=35352"},{"taxonomy":"product_cat","embeddable":true,"href":"https:\/\/amedis.es\/tienda\/wp-json\/wp\/v2\/product_cat?post=35352"},{"taxonomy":"product_tag","embeddable":true,"href":"https:\/\/amedis.es\/tienda\/wp-json\/wp\/v2\/product_tag?post=35352"}],"curies":[{"name":"wp","href":"https:\/\/api.w.org\/{rel}","templated":true}]}}