{"id":35350,"date":"2025-10-21T17:59:52","date_gmt":"2025-10-21T17:59:52","guid":{"rendered":"https:\/\/amedis.es\/tienda\/?post_type=product&#038;p=35350"},"modified":"2025-10-21T21:08:03","modified_gmt":"2025-10-21T21:08:03","slug":"kit-instrumental-rotatorio-europe-bader","status":"publish","type":"product","link":"https:\/\/amedis.es\/tienda\/producto\/kit-instrumental-rotatorio-europe-bader\/","title":{"rendered":"KIT INSTRUMENTAL ROTATORIO EUROPS BADER"},"content":{"rendered":"<p>El\u00a0Kit de Instrumental Rotatorio Europs de Baderest\u00e1 dise\u00f1ado para ofrecer m\u00e1xima precisi\u00f3n y rendimiento a futuros odont\u00f3logos o cl\u00ednicas dentales en funcionamiento. Su turbina\u00a0Ledultimate\u00a0con luz LED de 32,000 lux y rodamientos cer\u00e1micos garantiza una visibilidad y eficiencia excepcionales en cada procedimiento. Adem\u00e1s, sus piezas de mano y 2 contra-\u00e1ngulos con irrigaci\u00f3n interna y transmisi\u00f3n optimizada proporcionan un manejo ergon\u00f3mico y seguro. Con un micromotor de alto desempe\u00f1o y buena calidad, este kit es ideal para trabajos en la cl\u00ednica diarios o para estudiantes que quieran invertir ya en su futuro trabajo como odont\u00f3logo.<\/p>\n<p>Nuestro kit bader europs incluye:<\/p>\n<ul>\n<li>Garant\u00eda hasta final de estudio.<\/li>\n<li>Revisi\u00f3n anual gratuita del los rotatorios.<\/li>\n<\/ul>\n<p><em>Es fundamental realizar tanto la garant\u00eda como la revisi\u00f3n dentro del plazo de un a\u00f1o.<\/em><\/p>\n","protected":false},"excerpt":{"rendered":"<p>CONTENIDO: 1 Turbina Ledultimate con luz LED: spray cu\u00e1druple. Rodamientos cer\u00e1micos. &gt;330000rpm. Conexi\u00f3n Midwest 4. Cambio de fresa mediante bot\u00f3n. Autoclavable 135\u00ba. Con luz LED, 32000 lux. 21W + 1 Pieza de mano Complacent Sin luz: Transmisi\u00f3n 1:1. Spray interno. 22.000-40.000rpm y rodamientos cer\u00e1micos + 1 Contra \u00e1ngulo Complacent Sin luz: irrigaci\u00f3n interna. Transmisi\u00f3n 1:1 Rodamientos cer\u00e1micos y cambio de fresa mediante bot\u00f3n. Hasta 60000rpm. Nivel sonoro \u00b1 65dB + 1 Contra \u00e1ngulo Multiplicador 1:5 Sin luz: Transmisi\u00f3n 1:5. Hasta 22.000rpm. Spray interno + 1 Micromotor Newmatic: Hasta 22.000rpm. Refrigeraci\u00f3n interna y conexi\u00f3n Midwest 4 + 1 Malet\u00edn + 1 Mochila de regalo + 1 Spray Lubricante.<\/p>\n","protected":false},"featured_media":35385,"template":"","meta":[],"pwb-brand":[2398],"product_brand":[],"product_cat":[283,2613],"product_tag":[],"class_list":{"0":"post-35350","1":"product","2":"type-product","3":"status-publish","4":"has-post-thumbnail","6":"pwb-brand-bader","7":"product_cat-equipamiento","8":"product_cat-estudiantes-equipamiento","10":"first","11":"instock","12":"sale","13":"taxable","14":"shipping-taxable","15":"purchasable","16":"product-type-simple"},"yoast_head":"<!-- This site is optimized with the Yoast SEO plugin v27.3 - https:\/\/yoast.com\/product\/yoast-seo-wordpress\/ -->\n<title>KIT INSTRUMENTAL ROTATORIO EUROPS BADER | Amedis<\/title>\n<meta name=\"robots\" content=\"index, follow, max-snippet:-1, max-image-preview:large, max-video-preview:-1\" \/>\n<link rel=\"canonical\" href=\"https:\/\/amedis.es\/tienda\/producto\/kit-instrumental-rotatorio-europe-bader\/\" \/>\n<meta property=\"og:locale\" content=\"es_ES\" \/>\n<meta property=\"og:type\" content=\"article\" \/>\n<meta property=\"og:title\" content=\"KIT INSTRUMENTAL ROTATORIO EUROPS BADER | Amedis\" \/>\n<meta property=\"og:description\" content=\"CONTENIDO: 1 Turbina Ledultimate con luz LED: spray cu\u00e1druple. Rodamientos cer\u00e1micos. &gt;330000rpm. Conexi\u00f3n Midwest 4. Cambio de fresa mediante bot\u00f3n. Autoclavable 135\u00ba. Con luz LED, 32000 lux. 21W + 1 Pieza de mano Complacent Sin luz: Transmisi\u00f3n 1:1. Spray interno. 22.000-40.000rpm y rodamientos cer\u00e1micos + 1 Contra \u00e1ngulo Complacent Sin luz: irrigaci\u00f3n interna. Transmisi\u00f3n 1:1 Rodamientos cer\u00e1micos y cambio de fresa mediante bot\u00f3n. Hasta 60000rpm. Nivel sonoro \u00b1 65dB + 1 Contra \u00e1ngulo Multiplicador 1:5 Sin luz: Transmisi\u00f3n 1:5. Hasta 22.000rpm. Spray interno + 1 Micromotor Newmatic: Hasta 22.000rpm. Refrigeraci\u00f3n interna y conexi\u00f3n Midwest 4 + 1 Malet\u00edn + 1 Mochila de regalo + 1 Spray Lubricante.\" \/>\n<meta property=\"og:url\" content=\"https:\/\/amedis.es\/tienda\/producto\/kit-instrumental-rotatorio-europe-bader\/\" \/>\n<meta property=\"og:site_name\" content=\"Amedis\" \/>\n<meta property=\"article:modified_time\" content=\"2025-10-21T21:08:03+00:00\" \/>\n<meta property=\"og:image\" content=\"https:\/\/amedis.es\/tienda\/wp-content\/uploads\/2025\/10\/KIT-INSTRUMENTAL-ROTATORIO-EUROPS-BADER.jpg\" \/>\n\t<meta property=\"og:image:width\" content=\"600\" \/>\n\t<meta property=\"og:image:height\" content=\"600\" \/>\n\t<meta property=\"og:image:type\" content=\"image\/jpeg\" \/>\n<meta name=\"twitter:card\" content=\"summary_large_image\" \/>\n<meta name=\"twitter:label1\" content=\"Tiempo de lectura\" \/>\n\t<meta name=\"twitter:data1\" content=\"1 minuto\" \/>\n<script type=\"application\/ld+json\" class=\"yoast-schema-graph\">{\"@context\":\"https:\\\/\\\/schema.org\",\"@graph\":[{\"@type\":\"WebPage\",\"@id\":\"https:\\\/\\\/amedis.es\\\/tienda\\\/producto\\\/kit-instrumental-rotatorio-europe-bader\\\/\",\"url\":\"https:\\\/\\\/amedis.es\\\/tienda\\\/producto\\\/kit-instrumental-rotatorio-europe-bader\\\/\",\"name\":\"KIT INSTRUMENTAL ROTATORIO EUROPS BADER | Amedis\",\"isPartOf\":{\"@id\":\"https:\\\/\\\/amedis.es\\\/tienda\\\/#website\"},\"primaryImageOfPage\":{\"@id\":\"https:\\\/\\\/amedis.es\\\/tienda\\\/producto\\\/kit-instrumental-rotatorio-europe-bader\\\/#primaryimage\"},\"image\":{\"@id\":\"https:\\\/\\\/amedis.es\\\/tienda\\\/producto\\\/kit-instrumental-rotatorio-europe-bader\\\/#primaryimage\"},\"thumbnailUrl\":\"https:\\\/\\\/amedis.es\\\/tienda\\\/wp-content\\\/uploads\\\/2025\\\/10\\\/KIT-INSTRUMENTAL-ROTATORIO-EUROPS-BADER.jpg\",\"datePublished\":\"2025-10-21T17:59:52+00:00\",\"dateModified\":\"2025-10-21T21:08:03+00:00\",\"breadcrumb\":{\"@id\":\"https:\\\/\\\/amedis.es\\\/tienda\\\/producto\\\/kit-instrumental-rotatorio-europe-bader\\\/#breadcrumb\"},\"inLanguage\":\"es\",\"potentialAction\":[{\"@type\":\"ReadAction\",\"target\":[\"https:\\\/\\\/amedis.es\\\/tienda\\\/producto\\\/kit-instrumental-rotatorio-europe-bader\\\/\"]}]},{\"@type\":\"ImageObject\",\"inLanguage\":\"es\",\"@id\":\"https:\\\/\\\/amedis.es\\\/tienda\\\/producto\\\/kit-instrumental-rotatorio-europe-bader\\\/#primaryimage\",\"url\":\"https:\\\/\\\/amedis.es\\\/tienda\\\/wp-content\\\/uploads\\\/2025\\\/10\\\/KIT-INSTRUMENTAL-ROTATORIO-EUROPS-BADER.jpg\",\"contentUrl\":\"https:\\\/\\\/amedis.es\\\/tienda\\\/wp-content\\\/uploads\\\/2025\\\/10\\\/KIT-INSTRUMENTAL-ROTATORIO-EUROPS-BADER.jpg\",\"width\":600,\"height\":600,\"caption\":\"Amedis KIT INSTRUMENTAL ROTATORIO EUROPS BADER\"},{\"@type\":\"BreadcrumbList\",\"@id\":\"https:\\\/\\\/amedis.es\\\/tienda\\\/producto\\\/kit-instrumental-rotatorio-europe-bader\\\/#breadcrumb\",\"itemListElement\":[{\"@type\":\"ListItem\",\"position\":1,\"name\":\"Portada\",\"item\":\"https:\\\/\\\/amedis.es\\\/tienda\\\/\"},{\"@type\":\"ListItem\",\"position\":2,\"name\":\"Amedis | Suministros M\u00e9dicos y Dentales | Tienda\",\"item\":\"https:\\\/\\\/amedis.es\\\/tienda\\\/suministros-medicos-y-dentales\\\/\"},{\"@type\":\"ListItem\",\"position\":3,\"name\":\"KIT INSTRUMENTAL ROTATORIO EUROPS BADER\"}]},{\"@type\":\"WebSite\",\"@id\":\"https:\\\/\\\/amedis.es\\\/tienda\\\/#website\",\"url\":\"https:\\\/\\\/amedis.es\\\/tienda\\\/\",\"name\":\"Amedis\",\"description\":\"Suministros M\u00e9dicos y Dentales\",\"publisher\":{\"@id\":\"https:\\\/\\\/amedis.es\\\/tienda\\\/#organization\"},\"potentialAction\":[{\"@type\":\"SearchAction\",\"target\":{\"@type\":\"EntryPoint\",\"urlTemplate\":\"https:\\\/\\\/amedis.es\\\/tienda\\\/?s={search_term_string}\"},\"query-input\":{\"@type\":\"PropertyValueSpecification\",\"valueRequired\":true,\"valueName\":\"search_term_string\"}}],\"inLanguage\":\"es\"},{\"@type\":\"Organization\",\"@id\":\"https:\\\/\\\/amedis.es\\\/tienda\\\/#organization\",\"name\":\"Amedis | Suministros M\u00e9dicos y Dentales\",\"url\":\"https:\\\/\\\/amedis.es\\\/tienda\\\/\",\"logo\":{\"@type\":\"ImageObject\",\"inLanguage\":\"es\",\"@id\":\"https:\\\/\\\/amedis.es\\\/tienda\\\/#\\\/schema\\\/logo\\\/image\\\/\",\"url\":\"https:\\\/\\\/amedis.es\\\/tienda\\\/wp-content\\\/uploads\\\/2020\\\/05\\\/logo-1.png\",\"contentUrl\":\"https:\\\/\\\/amedis.es\\\/tienda\\\/wp-content\\\/uploads\\\/2020\\\/05\\\/logo-1.png\",\"width\":191,\"height\":80,\"caption\":\"Amedis | Suministros M\u00e9dicos y Dentales\"},\"image\":{\"@id\":\"https:\\\/\\\/amedis.es\\\/tienda\\\/#\\\/schema\\\/logo\\\/image\\\/\"}}]}<\/script>\n<!-- \/ Yoast SEO plugin. -->","yoast_head_json":{"title":"KIT INSTRUMENTAL ROTATORIO EUROPS BADER | Amedis","robots":{"index":"index","follow":"follow","max-snippet":"max-snippet:-1","max-image-preview":"max-image-preview:large","max-video-preview":"max-video-preview:-1"},"canonical":"https:\/\/amedis.es\/tienda\/producto\/kit-instrumental-rotatorio-europe-bader\/","og_locale":"es_ES","og_type":"article","og_title":"KIT INSTRUMENTAL ROTATORIO EUROPS BADER | Amedis","og_description":"CONTENIDO: 1 Turbina Ledultimate con luz LED: spray cu\u00e1druple. Rodamientos cer\u00e1micos. &gt;330000rpm. Conexi\u00f3n Midwest 4. Cambio de fresa mediante bot\u00f3n. Autoclavable 135\u00ba. Con luz LED, 32000 lux. 21W + 1 Pieza de mano Complacent Sin luz: Transmisi\u00f3n 1:1. Spray interno. 22.000-40.000rpm y rodamientos cer\u00e1micos + 1 Contra \u00e1ngulo Complacent Sin luz: irrigaci\u00f3n interna. Transmisi\u00f3n 1:1 Rodamientos cer\u00e1micos y cambio de fresa mediante bot\u00f3n. Hasta 60000rpm. Nivel sonoro \u00b1 65dB + 1 Contra \u00e1ngulo Multiplicador 1:5 Sin luz: Transmisi\u00f3n 1:5. Hasta 22.000rpm. Spray interno + 1 Micromotor Newmatic: Hasta 22.000rpm. Refrigeraci\u00f3n interna y conexi\u00f3n Midwest 4 + 1 Malet\u00edn + 1 Mochila de regalo + 1 Spray Lubricante.","og_url":"https:\/\/amedis.es\/tienda\/producto\/kit-instrumental-rotatorio-europe-bader\/","og_site_name":"Amedis","article_modified_time":"2025-10-21T21:08:03+00:00","og_image":[{"width":600,"height":600,"url":"https:\/\/amedis.es\/tienda\/wp-content\/uploads\/2025\/10\/KIT-INSTRUMENTAL-ROTATORIO-EUROPS-BADER.jpg","type":"image\/jpeg"}],"twitter_card":"summary_large_image","twitter_misc":{"Tiempo de lectura":"1 minuto"},"schema":{"@context":"https:\/\/schema.org","@graph":[{"@type":"WebPage","@id":"https:\/\/amedis.es\/tienda\/producto\/kit-instrumental-rotatorio-europe-bader\/","url":"https:\/\/amedis.es\/tienda\/producto\/kit-instrumental-rotatorio-europe-bader\/","name":"KIT INSTRUMENTAL ROTATORIO EUROPS BADER | Amedis","isPartOf":{"@id":"https:\/\/amedis.es\/tienda\/#website"},"primaryImageOfPage":{"@id":"https:\/\/amedis.es\/tienda\/producto\/kit-instrumental-rotatorio-europe-bader\/#primaryimage"},"image":{"@id":"https:\/\/amedis.es\/tienda\/producto\/kit-instrumental-rotatorio-europe-bader\/#primaryimage"},"thumbnailUrl":"https:\/\/amedis.es\/tienda\/wp-content\/uploads\/2025\/10\/KIT-INSTRUMENTAL-ROTATORIO-EUROPS-BADER.jpg","datePublished":"2025-10-21T17:59:52+00:00","dateModified":"2025-10-21T21:08:03+00:00","breadcrumb":{"@id":"https:\/\/amedis.es\/tienda\/producto\/kit-instrumental-rotatorio-europe-bader\/#breadcrumb"},"inLanguage":"es","potentialAction":[{"@type":"ReadAction","target":["https:\/\/amedis.es\/tienda\/producto\/kit-instrumental-rotatorio-europe-bader\/"]}]},{"@type":"ImageObject","inLanguage":"es","@id":"https:\/\/amedis.es\/tienda\/producto\/kit-instrumental-rotatorio-europe-bader\/#primaryimage","url":"https:\/\/amedis.es\/tienda\/wp-content\/uploads\/2025\/10\/KIT-INSTRUMENTAL-ROTATORIO-EUROPS-BADER.jpg","contentUrl":"https:\/\/amedis.es\/tienda\/wp-content\/uploads\/2025\/10\/KIT-INSTRUMENTAL-ROTATORIO-EUROPS-BADER.jpg","width":600,"height":600,"caption":"Amedis KIT INSTRUMENTAL ROTATORIO EUROPS BADER"},{"@type":"BreadcrumbList","@id":"https:\/\/amedis.es\/tienda\/producto\/kit-instrumental-rotatorio-europe-bader\/#breadcrumb","itemListElement":[{"@type":"ListItem","position":1,"name":"Portada","item":"https:\/\/amedis.es\/tienda\/"},{"@type":"ListItem","position":2,"name":"Amedis | Suministros M\u00e9dicos y Dentales | Tienda","item":"https:\/\/amedis.es\/tienda\/suministros-medicos-y-dentales\/"},{"@type":"ListItem","position":3,"name":"KIT INSTRUMENTAL ROTATORIO EUROPS BADER"}]},{"@type":"WebSite","@id":"https:\/\/amedis.es\/tienda\/#website","url":"https:\/\/amedis.es\/tienda\/","name":"Amedis","description":"Suministros M\u00e9dicos y Dentales","publisher":{"@id":"https:\/\/amedis.es\/tienda\/#organization"},"potentialAction":[{"@type":"SearchAction","target":{"@type":"EntryPoint","urlTemplate":"https:\/\/amedis.es\/tienda\/?s={search_term_string}"},"query-input":{"@type":"PropertyValueSpecification","valueRequired":true,"valueName":"search_term_string"}}],"inLanguage":"es"},{"@type":"Organization","@id":"https:\/\/amedis.es\/tienda\/#organization","name":"Amedis | Suministros M\u00e9dicos y Dentales","url":"https:\/\/amedis.es\/tienda\/","logo":{"@type":"ImageObject","inLanguage":"es","@id":"https:\/\/amedis.es\/tienda\/#\/schema\/logo\/image\/","url":"https:\/\/amedis.es\/tienda\/wp-content\/uploads\/2020\/05\/logo-1.png","contentUrl":"https:\/\/amedis.es\/tienda\/wp-content\/uploads\/2020\/05\/logo-1.png","width":191,"height":80,"caption":"Amedis | Suministros M\u00e9dicos y Dentales"},"image":{"@id":"https:\/\/amedis.es\/tienda\/#\/schema\/logo\/image\/"}}]}},"brands":[{"id":2398,"name":"BADER","slug":"bader"}],"_links":{"self":[{"href":"https:\/\/amedis.es\/tienda\/wp-json\/wp\/v2\/product\/35350","targetHints":{"allow":["GET"]}}],"collection":[{"href":"https:\/\/amedis.es\/tienda\/wp-json\/wp\/v2\/product"}],"about":[{"href":"https:\/\/amedis.es\/tienda\/wp-json\/wp\/v2\/types\/product"}],"wp:featuredmedia":[{"embeddable":true,"href":"https:\/\/amedis.es\/tienda\/wp-json\/wp\/v2\/media\/35385"}],"wp:attachment":[{"href":"https:\/\/amedis.es\/tienda\/wp-json\/wp\/v2\/media?parent=35350"}],"wp:term":[{"taxonomy":"pwb-brand","embeddable":true,"href":"https:\/\/amedis.es\/tienda\/wp-json\/wp\/v2\/pwb-brand?post=35350"},{"taxonomy":"product_brand","embeddable":true,"href":"https:\/\/amedis.es\/tienda\/wp-json\/wp\/v2\/product_brand?post=35350"},{"taxonomy":"product_cat","embeddable":true,"href":"https:\/\/amedis.es\/tienda\/wp-json\/wp\/v2\/product_cat?post=35350"},{"taxonomy":"product_tag","embeddable":true,"href":"https:\/\/amedis.es\/tienda\/wp-json\/wp\/v2\/product_tag?post=35350"}],"curies":[{"name":"wp","href":"https:\/\/api.w.org\/{rel}","templated":true}]}}