{"id":35258,"date":"2025-10-01T18:57:32","date_gmt":"2025-10-01T18:57:32","guid":{"rendered":"https:\/\/amedis.es\/tienda\/?post_type=product&#038;p=35258"},"modified":"2025-10-01T18:58:30","modified_gmt":"2025-10-01T18:58:30","slug":"scaler-neumatico-ti-max-s970l-conexion-multiflex","status":"publish","type":"product","link":"https:\/\/amedis.es\/tienda\/producto\/scaler-neumatico-ti-max-s970l-conexion-multiflex\/","title":{"rendered":"SCALER NEUMATICO TI-MAX S970L CONEXI\u00d3N MULTIFLEX"},"content":{"rendered":"<p>El escariador neum\u00e1tico S970 ofrece una amplia gama de potencias, con f\u00e1cil ajuste giratorio de potencia y una amplia gama de Puntas para una gran variedad de aplicaciones, que van desde el escariado general, canales de riego y procedimientos m\u00ednimamente invasivos. El amplio rango de aplicaciones, confortable agarre y f\u00e1cil mantenimiento hacen del escariador neum\u00e1tico S970 el instrumento de elecci\u00f3n para los dentistas e higienistas por igual. Un cuerpo de Titanio de dise\u00f1o elegante, sin fisuras, hacen del S970 muy agradable al tacto, incluso durante largos procedimientos, mientras que proporciona una excelente visibilidad del sitio de operaciones en todo momento.<\/p>\n","protected":false},"excerpt":{"rendered":"<p>CONTENIDO: 1 unidad.<\/p>\n","protected":false},"featured_media":35259,"template":"","meta":[],"pwb-brand":[2401],"product_brand":[],"product_cat":[2527,283,498],"product_tag":[],"class_list":{"0":"post-35258","1":"product","2":"type-product","3":"status-publish","4":"has-post-thumbnail","6":"pwb-brand-nsk","7":"product_cat-cavitadores-subsonicos-con-luz","8":"product_cat-equipamiento","9":"product_cat-profilaxis","11":"first","12":"onbackorder","13":"sale","14":"taxable","15":"shipping-taxable","16":"purchasable","17":"product-type-simple"},"yoast_head":"<!-- This site is optimized with the Yoast SEO plugin v27.4 - https:\/\/yoast.com\/product\/yoast-seo-wordpress\/ -->\n<title>SCALER NEUMATICO TI-MAX S970L CONEXI\u00d3N MULTIFLEX | Amedis<\/title>\n<meta name=\"description\" content=\"El escariador neum\u00e1tico S970 ofrece una amplia gama de potencias, con f\u00e1cil ajuste giratorio de potencia y una amplia gama de Puntas para una gran variedad de aplicaciones\" \/>\n<meta name=\"robots\" content=\"index, follow, max-snippet:-1, max-image-preview:large, max-video-preview:-1\" \/>\n<link rel=\"canonical\" href=\"https:\/\/amedis.es\/tienda\/producto\/scaler-neumatico-ti-max-s970l-conexion-multiflex\/\" \/>\n<meta property=\"og:locale\" content=\"es_ES\" \/>\n<meta property=\"og:type\" content=\"article\" \/>\n<meta property=\"og:title\" content=\"SCALER NEUMATICO TI-MAX S970L CONEXI\u00d3N MULTIFLEX | Amedis\" \/>\n<meta property=\"og:description\" content=\"El escariador neum\u00e1tico S970 ofrece una amplia gama de potencias, con f\u00e1cil ajuste giratorio de potencia y una amplia gama de Puntas para una gran variedad de aplicaciones\" \/>\n<meta property=\"og:url\" content=\"https:\/\/amedis.es\/tienda\/producto\/scaler-neumatico-ti-max-s970l-conexion-multiflex\/\" \/>\n<meta property=\"og:site_name\" content=\"Amedis\" \/>\n<meta property=\"article:modified_time\" content=\"2025-10-01T18:58:30+00:00\" \/>\n<meta property=\"og:image\" content=\"https:\/\/amedis.es\/tienda\/wp-content\/uploads\/2025\/10\/SCALER-NEUMATICO-TI-MAX-S970L-CONEXION-PARA-KAVO-MULTIFLEX.jpg\" \/>\n\t<meta property=\"og:image:width\" content=\"600\" \/>\n\t<meta property=\"og:image:height\" content=\"600\" \/>\n\t<meta property=\"og:image:type\" content=\"image\/jpeg\" \/>\n<meta name=\"twitter:card\" content=\"summary_large_image\" \/>\n<meta name=\"twitter:label1\" content=\"Tiempo de lectura\" \/>\n\t<meta name=\"twitter:data1\" content=\"1 minuto\" \/>\n<script type=\"application\/ld+json\" class=\"yoast-schema-graph\">{\"@context\":\"https:\\\/\\\/schema.org\",\"@graph\":[{\"@type\":\"WebPage\",\"@id\":\"https:\\\/\\\/amedis.es\\\/tienda\\\/producto\\\/scaler-neumatico-ti-max-s970l-conexion-multiflex\\\/\",\"url\":\"https:\\\/\\\/amedis.es\\\/tienda\\\/producto\\\/scaler-neumatico-ti-max-s970l-conexion-multiflex\\\/\",\"name\":\"SCALER NEUMATICO TI-MAX S970L CONEXI\u00d3N MULTIFLEX | Amedis\",\"isPartOf\":{\"@id\":\"https:\\\/\\\/amedis.es\\\/tienda\\\/#website\"},\"primaryImageOfPage\":{\"@id\":\"https:\\\/\\\/amedis.es\\\/tienda\\\/producto\\\/scaler-neumatico-ti-max-s970l-conexion-multiflex\\\/#primaryimage\"},\"image\":{\"@id\":\"https:\\\/\\\/amedis.es\\\/tienda\\\/producto\\\/scaler-neumatico-ti-max-s970l-conexion-multiflex\\\/#primaryimage\"},\"thumbnailUrl\":\"https:\\\/\\\/amedis.es\\\/tienda\\\/wp-content\\\/uploads\\\/2025\\\/10\\\/SCALER-NEUMATICO-TI-MAX-S970L-CONEXION-PARA-KAVO-MULTIFLEX.jpg\",\"datePublished\":\"2025-10-01T18:57:32+00:00\",\"dateModified\":\"2025-10-01T18:58:30+00:00\",\"description\":\"El escariador neum\u00e1tico S970 ofrece una amplia gama de potencias, con f\u00e1cil ajuste giratorio de potencia y una amplia gama de Puntas para una gran variedad de aplicaciones\",\"breadcrumb\":{\"@id\":\"https:\\\/\\\/amedis.es\\\/tienda\\\/producto\\\/scaler-neumatico-ti-max-s970l-conexion-multiflex\\\/#breadcrumb\"},\"inLanguage\":\"es\",\"potentialAction\":[{\"@type\":\"ReadAction\",\"target\":[\"https:\\\/\\\/amedis.es\\\/tienda\\\/producto\\\/scaler-neumatico-ti-max-s970l-conexion-multiflex\\\/\"]}]},{\"@type\":\"ImageObject\",\"inLanguage\":\"es\",\"@id\":\"https:\\\/\\\/amedis.es\\\/tienda\\\/producto\\\/scaler-neumatico-ti-max-s970l-conexion-multiflex\\\/#primaryimage\",\"url\":\"https:\\\/\\\/amedis.es\\\/tienda\\\/wp-content\\\/uploads\\\/2025\\\/10\\\/SCALER-NEUMATICO-TI-MAX-S970L-CONEXION-PARA-KAVO-MULTIFLEX.jpg\",\"contentUrl\":\"https:\\\/\\\/amedis.es\\\/tienda\\\/wp-content\\\/uploads\\\/2025\\\/10\\\/SCALER-NEUMATICO-TI-MAX-S970L-CONEXION-PARA-KAVO-MULTIFLEX.jpg\",\"width\":600,\"height\":600,\"caption\":\"Amedis SCALER NEUMATICO TI-MAX S970L CONEXI\u00d3N PARA KAVO MULTIFLEX\"},{\"@type\":\"BreadcrumbList\",\"@id\":\"https:\\\/\\\/amedis.es\\\/tienda\\\/producto\\\/scaler-neumatico-ti-max-s970l-conexion-multiflex\\\/#breadcrumb\",\"itemListElement\":[{\"@type\":\"ListItem\",\"position\":1,\"name\":\"Portada\",\"item\":\"https:\\\/\\\/amedis.es\\\/tienda\\\/\"},{\"@type\":\"ListItem\",\"position\":2,\"name\":\"Amedis | Suministros M\u00e9dicos y Dentales | Tienda\",\"item\":\"https:\\\/\\\/amedis.es\\\/tienda\\\/suministros-medicos-y-dentales\\\/\"},{\"@type\":\"ListItem\",\"position\":3,\"name\":\"SCALER NEUMATICO TI-MAX S970L CONEXI\u00d3N MULTIFLEX\"}]},{\"@type\":\"WebSite\",\"@id\":\"https:\\\/\\\/amedis.es\\\/tienda\\\/#website\",\"url\":\"https:\\\/\\\/amedis.es\\\/tienda\\\/\",\"name\":\"Amedis\",\"description\":\"Suministros M\u00e9dicos y Dentales\",\"publisher\":{\"@id\":\"https:\\\/\\\/amedis.es\\\/tienda\\\/#organization\"},\"potentialAction\":[{\"@type\":\"SearchAction\",\"target\":{\"@type\":\"EntryPoint\",\"urlTemplate\":\"https:\\\/\\\/amedis.es\\\/tienda\\\/?s={search_term_string}\"},\"query-input\":{\"@type\":\"PropertyValueSpecification\",\"valueRequired\":true,\"valueName\":\"search_term_string\"}}],\"inLanguage\":\"es\"},{\"@type\":\"Organization\",\"@id\":\"https:\\\/\\\/amedis.es\\\/tienda\\\/#organization\",\"name\":\"Amedis | Suministros M\u00e9dicos y Dentales\",\"url\":\"https:\\\/\\\/amedis.es\\\/tienda\\\/\",\"logo\":{\"@type\":\"ImageObject\",\"inLanguage\":\"es\",\"@id\":\"https:\\\/\\\/amedis.es\\\/tienda\\\/#\\\/schema\\\/logo\\\/image\\\/\",\"url\":\"https:\\\/\\\/amedis.es\\\/tienda\\\/wp-content\\\/uploads\\\/2020\\\/05\\\/logo-1.png\",\"contentUrl\":\"https:\\\/\\\/amedis.es\\\/tienda\\\/wp-content\\\/uploads\\\/2020\\\/05\\\/logo-1.png\",\"width\":191,\"height\":80,\"caption\":\"Amedis | Suministros M\u00e9dicos y Dentales\"},\"image\":{\"@id\":\"https:\\\/\\\/amedis.es\\\/tienda\\\/#\\\/schema\\\/logo\\\/image\\\/\"}}]}<\/script>\n<!-- \/ Yoast SEO plugin. -->","yoast_head_json":{"title":"SCALER NEUMATICO TI-MAX S970L CONEXI\u00d3N MULTIFLEX | Amedis","description":"El escariador neum\u00e1tico S970 ofrece una amplia gama de potencias, con f\u00e1cil ajuste giratorio de potencia y una amplia gama de Puntas para una gran variedad de aplicaciones","robots":{"index":"index","follow":"follow","max-snippet":"max-snippet:-1","max-image-preview":"max-image-preview:large","max-video-preview":"max-video-preview:-1"},"canonical":"https:\/\/amedis.es\/tienda\/producto\/scaler-neumatico-ti-max-s970l-conexion-multiflex\/","og_locale":"es_ES","og_type":"article","og_title":"SCALER NEUMATICO TI-MAX S970L CONEXI\u00d3N MULTIFLEX | Amedis","og_description":"El escariador neum\u00e1tico S970 ofrece una amplia gama de potencias, con f\u00e1cil ajuste giratorio de potencia y una amplia gama de Puntas para una gran variedad de aplicaciones","og_url":"https:\/\/amedis.es\/tienda\/producto\/scaler-neumatico-ti-max-s970l-conexion-multiflex\/","og_site_name":"Amedis","article_modified_time":"2025-10-01T18:58:30+00:00","og_image":[{"width":600,"height":600,"url":"https:\/\/amedis.es\/tienda\/wp-content\/uploads\/2025\/10\/SCALER-NEUMATICO-TI-MAX-S970L-CONEXION-PARA-KAVO-MULTIFLEX.jpg","type":"image\/jpeg"}],"twitter_card":"summary_large_image","twitter_misc":{"Tiempo de lectura":"1 minuto"},"schema":{"@context":"https:\/\/schema.org","@graph":[{"@type":"WebPage","@id":"https:\/\/amedis.es\/tienda\/producto\/scaler-neumatico-ti-max-s970l-conexion-multiflex\/","url":"https:\/\/amedis.es\/tienda\/producto\/scaler-neumatico-ti-max-s970l-conexion-multiflex\/","name":"SCALER NEUMATICO TI-MAX S970L CONEXI\u00d3N MULTIFLEX | Amedis","isPartOf":{"@id":"https:\/\/amedis.es\/tienda\/#website"},"primaryImageOfPage":{"@id":"https:\/\/amedis.es\/tienda\/producto\/scaler-neumatico-ti-max-s970l-conexion-multiflex\/#primaryimage"},"image":{"@id":"https:\/\/amedis.es\/tienda\/producto\/scaler-neumatico-ti-max-s970l-conexion-multiflex\/#primaryimage"},"thumbnailUrl":"https:\/\/amedis.es\/tienda\/wp-content\/uploads\/2025\/10\/SCALER-NEUMATICO-TI-MAX-S970L-CONEXION-PARA-KAVO-MULTIFLEX.jpg","datePublished":"2025-10-01T18:57:32+00:00","dateModified":"2025-10-01T18:58:30+00:00","description":"El escariador neum\u00e1tico S970 ofrece una amplia gama de potencias, con f\u00e1cil ajuste giratorio de potencia y una amplia gama de Puntas para una gran variedad de aplicaciones","breadcrumb":{"@id":"https:\/\/amedis.es\/tienda\/producto\/scaler-neumatico-ti-max-s970l-conexion-multiflex\/#breadcrumb"},"inLanguage":"es","potentialAction":[{"@type":"ReadAction","target":["https:\/\/amedis.es\/tienda\/producto\/scaler-neumatico-ti-max-s970l-conexion-multiflex\/"]}]},{"@type":"ImageObject","inLanguage":"es","@id":"https:\/\/amedis.es\/tienda\/producto\/scaler-neumatico-ti-max-s970l-conexion-multiflex\/#primaryimage","url":"https:\/\/amedis.es\/tienda\/wp-content\/uploads\/2025\/10\/SCALER-NEUMATICO-TI-MAX-S970L-CONEXION-PARA-KAVO-MULTIFLEX.jpg","contentUrl":"https:\/\/amedis.es\/tienda\/wp-content\/uploads\/2025\/10\/SCALER-NEUMATICO-TI-MAX-S970L-CONEXION-PARA-KAVO-MULTIFLEX.jpg","width":600,"height":600,"caption":"Amedis SCALER NEUMATICO TI-MAX S970L CONEXI\u00d3N PARA KAVO MULTIFLEX"},{"@type":"BreadcrumbList","@id":"https:\/\/amedis.es\/tienda\/producto\/scaler-neumatico-ti-max-s970l-conexion-multiflex\/#breadcrumb","itemListElement":[{"@type":"ListItem","position":1,"name":"Portada","item":"https:\/\/amedis.es\/tienda\/"},{"@type":"ListItem","position":2,"name":"Amedis | Suministros M\u00e9dicos y Dentales | Tienda","item":"https:\/\/amedis.es\/tienda\/suministros-medicos-y-dentales\/"},{"@type":"ListItem","position":3,"name":"SCALER NEUMATICO TI-MAX S970L CONEXI\u00d3N MULTIFLEX"}]},{"@type":"WebSite","@id":"https:\/\/amedis.es\/tienda\/#website","url":"https:\/\/amedis.es\/tienda\/","name":"Amedis","description":"Suministros M\u00e9dicos y Dentales","publisher":{"@id":"https:\/\/amedis.es\/tienda\/#organization"},"potentialAction":[{"@type":"SearchAction","target":{"@type":"EntryPoint","urlTemplate":"https:\/\/amedis.es\/tienda\/?s={search_term_string}"},"query-input":{"@type":"PropertyValueSpecification","valueRequired":true,"valueName":"search_term_string"}}],"inLanguage":"es"},{"@type":"Organization","@id":"https:\/\/amedis.es\/tienda\/#organization","name":"Amedis | Suministros M\u00e9dicos y Dentales","url":"https:\/\/amedis.es\/tienda\/","logo":{"@type":"ImageObject","inLanguage":"es","@id":"https:\/\/amedis.es\/tienda\/#\/schema\/logo\/image\/","url":"https:\/\/amedis.es\/tienda\/wp-content\/uploads\/2020\/05\/logo-1.png","contentUrl":"https:\/\/amedis.es\/tienda\/wp-content\/uploads\/2020\/05\/logo-1.png","width":191,"height":80,"caption":"Amedis | Suministros M\u00e9dicos y Dentales"},"image":{"@id":"https:\/\/amedis.es\/tienda\/#\/schema\/logo\/image\/"}}]}},"brands":[{"id":2401,"name":"NSK","slug":"nsk"}],"_links":{"self":[{"href":"https:\/\/amedis.es\/tienda\/wp-json\/wp\/v2\/product\/35258","targetHints":{"allow":["GET"]}}],"collection":[{"href":"https:\/\/amedis.es\/tienda\/wp-json\/wp\/v2\/product"}],"about":[{"href":"https:\/\/amedis.es\/tienda\/wp-json\/wp\/v2\/types\/product"}],"wp:featuredmedia":[{"embeddable":true,"href":"https:\/\/amedis.es\/tienda\/wp-json\/wp\/v2\/media\/35259"}],"wp:attachment":[{"href":"https:\/\/amedis.es\/tienda\/wp-json\/wp\/v2\/media?parent=35258"}],"wp:term":[{"taxonomy":"pwb-brand","embeddable":true,"href":"https:\/\/amedis.es\/tienda\/wp-json\/wp\/v2\/pwb-brand?post=35258"},{"taxonomy":"product_brand","embeddable":true,"href":"https:\/\/amedis.es\/tienda\/wp-json\/wp\/v2\/product_brand?post=35258"},{"taxonomy":"product_cat","embeddable":true,"href":"https:\/\/amedis.es\/tienda\/wp-json\/wp\/v2\/product_cat?post=35258"},{"taxonomy":"product_tag","embeddable":true,"href":"https:\/\/amedis.es\/tienda\/wp-json\/wp\/v2\/product_tag?post=35258"}],"curies":[{"name":"wp","href":"https:\/\/api.w.org\/{rel}","templated":true}]}}