{"id":35212,"date":"2025-09-23T08:45:08","date_gmt":"2025-09-23T08:45:08","guid":{"rendered":"https:\/\/amedis.es\/tienda\/?post_type=product&#038;p=35212"},"modified":"2025-09-23T08:50:42","modified_gmt":"2025-09-23T08:50:42","slug":"electrobisturi-servotome","status":"publish","type":"product","link":"https:\/\/amedis.es\/tienda\/producto\/electrobisturi-servotome\/","title":{"rendered":"ELECTROBISTURI SERVOTOME"},"content":{"rendered":"<p>Servotome, un nuevo impulso. El electrobistur\u00ed Servotome ha sido modificado para adaptarse a la Norma IEC 60601-2-2 que regula los dispositivos de electrocirug\u00eda. Esta norma estipula que estos dispositivos deben incorporar una placa conductora que est\u00e9 en contacto directo con la piel del paciente. Teniendo en cuenta esta reglamentaci\u00f3n, y pensando en la seguridad y comodidad del paciente, SATELEC ha optado por un sistema de brazalete, f\u00e1cil de colocar y desinfectar, que mejora la conductividad y evita la concentraci\u00f3n del calor. Este brazalete debe posicionarse necesariamente en la mu\u00f1eca derecha del paciente. La adaptaci\u00f3n del Servotome a la comentada norma, nos ha permitido disminuir la potencia del equipo de 50W a 30W. Estos30W ofrecen, en la pr\u00e1ctica, un mejor rendimiento que el anterior modelo. Recordamos adem\u00e1s que el Servotome es el \u00fanico electrobistur\u00ed Alta Frecuencia que permite ajustar la profundidad de corte y la coagulaci\u00f3n de manera independiente y simult\u00e1nea.<\/p>\n","protected":false},"excerpt":{"rendered":"<p>CONTENIDO: 1 pedal de activaci\u00f3n con su cord\u00f3n + 1 Cord\u00f3n de alimentaci\u00f3n + 1 portaelectrodo ligero, desconectable y esterilizable + 1 Cord\u00f3n de silicona desconectable + 1 Caja de 10 electrodos esterilizables + 1 Brazalete conductor + 1 Manual.<\/p>\n","protected":false},"featured_media":35213,"template":"","meta":[],"pwb-brand":[2364],"product_brand":[],"product_cat":[2002,2671,283],"product_tag":[],"class_list":{"0":"post-35212","1":"product","2":"type-product","3":"status-publish","4":"has-post-thumbnail","6":"pwb-brand-acteon","7":"product_cat-cirugia-e-implantes","8":"product_cat-electrobisturis","9":"product_cat-equipamiento","11":"first","12":"onbackorder","13":"sale","14":"taxable","15":"shipping-taxable","16":"purchasable","17":"product-type-simple"},"yoast_head":"<!-- This site is optimized with the Yoast SEO plugin v27.4 - https:\/\/yoast.com\/product\/yoast-seo-wordpress\/ -->\n<title>ELECTROBISTURI SERVOTOME | Amedis<\/title>\n<meta name=\"description\" content=\"Servotome, un nuevo impulso. El electrobistur\u00ed Servotome ha sido modificado para adaptarse a la Norma IEC 60601-2-2 que regula los dispositivos de electrocirug\u00eda.\" \/>\n<meta name=\"robots\" content=\"index, follow, max-snippet:-1, max-image-preview:large, max-video-preview:-1\" \/>\n<link rel=\"canonical\" href=\"https:\/\/amedis.es\/tienda\/producto\/electrobisturi-servotome\/\" \/>\n<meta property=\"og:locale\" content=\"es_ES\" \/>\n<meta property=\"og:type\" content=\"article\" \/>\n<meta property=\"og:title\" content=\"ELECTROBISTURI SERVOTOME | Amedis\" \/>\n<meta property=\"og:description\" content=\"Servotome, un nuevo impulso. El electrobistur\u00ed Servotome ha sido modificado para adaptarse a la Norma IEC 60601-2-2 que regula los dispositivos de electrocirug\u00eda.\" \/>\n<meta property=\"og:url\" content=\"https:\/\/amedis.es\/tienda\/producto\/electrobisturi-servotome\/\" \/>\n<meta property=\"og:site_name\" content=\"Amedis\" \/>\n<meta property=\"article:modified_time\" content=\"2025-09-23T08:50:42+00:00\" \/>\n<meta property=\"og:image\" content=\"https:\/\/amedis.es\/tienda\/wp-content\/uploads\/2025\/09\/ELECTROBISTURI-SERVOTOME.jpg\" \/>\n\t<meta property=\"og:image:width\" content=\"600\" \/>\n\t<meta property=\"og:image:height\" content=\"600\" \/>\n\t<meta property=\"og:image:type\" content=\"image\/jpeg\" \/>\n<meta name=\"twitter:card\" content=\"summary_large_image\" \/>\n<meta name=\"twitter:label1\" content=\"Tiempo de lectura\" \/>\n\t<meta name=\"twitter:data1\" content=\"1 minuto\" \/>\n<script type=\"application\/ld+json\" class=\"yoast-schema-graph\">{\"@context\":\"https:\\\/\\\/schema.org\",\"@graph\":[{\"@type\":\"WebPage\",\"@id\":\"https:\\\/\\\/amedis.es\\\/tienda\\\/producto\\\/electrobisturi-servotome\\\/\",\"url\":\"https:\\\/\\\/amedis.es\\\/tienda\\\/producto\\\/electrobisturi-servotome\\\/\",\"name\":\"ELECTROBISTURI SERVOTOME | Amedis\",\"isPartOf\":{\"@id\":\"https:\\\/\\\/amedis.es\\\/tienda\\\/#website\"},\"primaryImageOfPage\":{\"@id\":\"https:\\\/\\\/amedis.es\\\/tienda\\\/producto\\\/electrobisturi-servotome\\\/#primaryimage\"},\"image\":{\"@id\":\"https:\\\/\\\/amedis.es\\\/tienda\\\/producto\\\/electrobisturi-servotome\\\/#primaryimage\"},\"thumbnailUrl\":\"https:\\\/\\\/amedis.es\\\/tienda\\\/wp-content\\\/uploads\\\/2025\\\/09\\\/ELECTROBISTURI-SERVOTOME.jpg\",\"datePublished\":\"2025-09-23T08:45:08+00:00\",\"dateModified\":\"2025-09-23T08:50:42+00:00\",\"description\":\"Servotome, un nuevo impulso. El electrobistur\u00ed Servotome ha sido modificado para adaptarse a la Norma IEC 60601-2-2 que regula los dispositivos de electrocirug\u00eda.\",\"breadcrumb\":{\"@id\":\"https:\\\/\\\/amedis.es\\\/tienda\\\/producto\\\/electrobisturi-servotome\\\/#breadcrumb\"},\"inLanguage\":\"es\",\"potentialAction\":[{\"@type\":\"ReadAction\",\"target\":[\"https:\\\/\\\/amedis.es\\\/tienda\\\/producto\\\/electrobisturi-servotome\\\/\"]}]},{\"@type\":\"ImageObject\",\"inLanguage\":\"es\",\"@id\":\"https:\\\/\\\/amedis.es\\\/tienda\\\/producto\\\/electrobisturi-servotome\\\/#primaryimage\",\"url\":\"https:\\\/\\\/amedis.es\\\/tienda\\\/wp-content\\\/uploads\\\/2025\\\/09\\\/ELECTROBISTURI-SERVOTOME.jpg\",\"contentUrl\":\"https:\\\/\\\/amedis.es\\\/tienda\\\/wp-content\\\/uploads\\\/2025\\\/09\\\/ELECTROBISTURI-SERVOTOME.jpg\",\"width\":600,\"height\":600,\"caption\":\"Amedis ELECTROBISTURI SERVOTOME\"},{\"@type\":\"BreadcrumbList\",\"@id\":\"https:\\\/\\\/amedis.es\\\/tienda\\\/producto\\\/electrobisturi-servotome\\\/#breadcrumb\",\"itemListElement\":[{\"@type\":\"ListItem\",\"position\":1,\"name\":\"Portada\",\"item\":\"https:\\\/\\\/amedis.es\\\/tienda\\\/\"},{\"@type\":\"ListItem\",\"position\":2,\"name\":\"Amedis | Suministros M\u00e9dicos y Dentales | Tienda\",\"item\":\"https:\\\/\\\/amedis.es\\\/tienda\\\/suministros-medicos-y-dentales\\\/\"},{\"@type\":\"ListItem\",\"position\":3,\"name\":\"ELECTROBISTURI SERVOTOME\"}]},{\"@type\":\"WebSite\",\"@id\":\"https:\\\/\\\/amedis.es\\\/tienda\\\/#website\",\"url\":\"https:\\\/\\\/amedis.es\\\/tienda\\\/\",\"name\":\"Amedis\",\"description\":\"Suministros M\u00e9dicos y Dentales\",\"publisher\":{\"@id\":\"https:\\\/\\\/amedis.es\\\/tienda\\\/#organization\"},\"potentialAction\":[{\"@type\":\"SearchAction\",\"target\":{\"@type\":\"EntryPoint\",\"urlTemplate\":\"https:\\\/\\\/amedis.es\\\/tienda\\\/?s={search_term_string}\"},\"query-input\":{\"@type\":\"PropertyValueSpecification\",\"valueRequired\":true,\"valueName\":\"search_term_string\"}}],\"inLanguage\":\"es\"},{\"@type\":\"Organization\",\"@id\":\"https:\\\/\\\/amedis.es\\\/tienda\\\/#organization\",\"name\":\"Amedis | Suministros M\u00e9dicos y Dentales\",\"url\":\"https:\\\/\\\/amedis.es\\\/tienda\\\/\",\"logo\":{\"@type\":\"ImageObject\",\"inLanguage\":\"es\",\"@id\":\"https:\\\/\\\/amedis.es\\\/tienda\\\/#\\\/schema\\\/logo\\\/image\\\/\",\"url\":\"https:\\\/\\\/amedis.es\\\/tienda\\\/wp-content\\\/uploads\\\/2020\\\/05\\\/logo-1.png\",\"contentUrl\":\"https:\\\/\\\/amedis.es\\\/tienda\\\/wp-content\\\/uploads\\\/2020\\\/05\\\/logo-1.png\",\"width\":191,\"height\":80,\"caption\":\"Amedis | Suministros M\u00e9dicos y Dentales\"},\"image\":{\"@id\":\"https:\\\/\\\/amedis.es\\\/tienda\\\/#\\\/schema\\\/logo\\\/image\\\/\"}}]}<\/script>\n<!-- \/ Yoast SEO plugin. -->","yoast_head_json":{"title":"ELECTROBISTURI SERVOTOME | Amedis","description":"Servotome, un nuevo impulso. El electrobistur\u00ed Servotome ha sido modificado para adaptarse a la Norma IEC 60601-2-2 que regula los dispositivos de electrocirug\u00eda.","robots":{"index":"index","follow":"follow","max-snippet":"max-snippet:-1","max-image-preview":"max-image-preview:large","max-video-preview":"max-video-preview:-1"},"canonical":"https:\/\/amedis.es\/tienda\/producto\/electrobisturi-servotome\/","og_locale":"es_ES","og_type":"article","og_title":"ELECTROBISTURI SERVOTOME | Amedis","og_description":"Servotome, un nuevo impulso. El electrobistur\u00ed Servotome ha sido modificado para adaptarse a la Norma IEC 60601-2-2 que regula los dispositivos de electrocirug\u00eda.","og_url":"https:\/\/amedis.es\/tienda\/producto\/electrobisturi-servotome\/","og_site_name":"Amedis","article_modified_time":"2025-09-23T08:50:42+00:00","og_image":[{"width":600,"height":600,"url":"https:\/\/amedis.es\/tienda\/wp-content\/uploads\/2025\/09\/ELECTROBISTURI-SERVOTOME.jpg","type":"image\/jpeg"}],"twitter_card":"summary_large_image","twitter_misc":{"Tiempo de lectura":"1 minuto"},"schema":{"@context":"https:\/\/schema.org","@graph":[{"@type":"WebPage","@id":"https:\/\/amedis.es\/tienda\/producto\/electrobisturi-servotome\/","url":"https:\/\/amedis.es\/tienda\/producto\/electrobisturi-servotome\/","name":"ELECTROBISTURI SERVOTOME | Amedis","isPartOf":{"@id":"https:\/\/amedis.es\/tienda\/#website"},"primaryImageOfPage":{"@id":"https:\/\/amedis.es\/tienda\/producto\/electrobisturi-servotome\/#primaryimage"},"image":{"@id":"https:\/\/amedis.es\/tienda\/producto\/electrobisturi-servotome\/#primaryimage"},"thumbnailUrl":"https:\/\/amedis.es\/tienda\/wp-content\/uploads\/2025\/09\/ELECTROBISTURI-SERVOTOME.jpg","datePublished":"2025-09-23T08:45:08+00:00","dateModified":"2025-09-23T08:50:42+00:00","description":"Servotome, un nuevo impulso. El electrobistur\u00ed Servotome ha sido modificado para adaptarse a la Norma IEC 60601-2-2 que regula los dispositivos de electrocirug\u00eda.","breadcrumb":{"@id":"https:\/\/amedis.es\/tienda\/producto\/electrobisturi-servotome\/#breadcrumb"},"inLanguage":"es","potentialAction":[{"@type":"ReadAction","target":["https:\/\/amedis.es\/tienda\/producto\/electrobisturi-servotome\/"]}]},{"@type":"ImageObject","inLanguage":"es","@id":"https:\/\/amedis.es\/tienda\/producto\/electrobisturi-servotome\/#primaryimage","url":"https:\/\/amedis.es\/tienda\/wp-content\/uploads\/2025\/09\/ELECTROBISTURI-SERVOTOME.jpg","contentUrl":"https:\/\/amedis.es\/tienda\/wp-content\/uploads\/2025\/09\/ELECTROBISTURI-SERVOTOME.jpg","width":600,"height":600,"caption":"Amedis ELECTROBISTURI SERVOTOME"},{"@type":"BreadcrumbList","@id":"https:\/\/amedis.es\/tienda\/producto\/electrobisturi-servotome\/#breadcrumb","itemListElement":[{"@type":"ListItem","position":1,"name":"Portada","item":"https:\/\/amedis.es\/tienda\/"},{"@type":"ListItem","position":2,"name":"Amedis | Suministros M\u00e9dicos y Dentales | Tienda","item":"https:\/\/amedis.es\/tienda\/suministros-medicos-y-dentales\/"},{"@type":"ListItem","position":3,"name":"ELECTROBISTURI SERVOTOME"}]},{"@type":"WebSite","@id":"https:\/\/amedis.es\/tienda\/#website","url":"https:\/\/amedis.es\/tienda\/","name":"Amedis","description":"Suministros M\u00e9dicos y Dentales","publisher":{"@id":"https:\/\/amedis.es\/tienda\/#organization"},"potentialAction":[{"@type":"SearchAction","target":{"@type":"EntryPoint","urlTemplate":"https:\/\/amedis.es\/tienda\/?s={search_term_string}"},"query-input":{"@type":"PropertyValueSpecification","valueRequired":true,"valueName":"search_term_string"}}],"inLanguage":"es"},{"@type":"Organization","@id":"https:\/\/amedis.es\/tienda\/#organization","name":"Amedis | Suministros M\u00e9dicos y Dentales","url":"https:\/\/amedis.es\/tienda\/","logo":{"@type":"ImageObject","inLanguage":"es","@id":"https:\/\/amedis.es\/tienda\/#\/schema\/logo\/image\/","url":"https:\/\/amedis.es\/tienda\/wp-content\/uploads\/2020\/05\/logo-1.png","contentUrl":"https:\/\/amedis.es\/tienda\/wp-content\/uploads\/2020\/05\/logo-1.png","width":191,"height":80,"caption":"Amedis | Suministros M\u00e9dicos y Dentales"},"image":{"@id":"https:\/\/amedis.es\/tienda\/#\/schema\/logo\/image\/"}}]}},"brands":[{"id":2364,"name":"ACTEON","slug":"acteon"}],"_links":{"self":[{"href":"https:\/\/amedis.es\/tienda\/wp-json\/wp\/v2\/product\/35212","targetHints":{"allow":["GET"]}}],"collection":[{"href":"https:\/\/amedis.es\/tienda\/wp-json\/wp\/v2\/product"}],"about":[{"href":"https:\/\/amedis.es\/tienda\/wp-json\/wp\/v2\/types\/product"}],"wp:featuredmedia":[{"embeddable":true,"href":"https:\/\/amedis.es\/tienda\/wp-json\/wp\/v2\/media\/35213"}],"wp:attachment":[{"href":"https:\/\/amedis.es\/tienda\/wp-json\/wp\/v2\/media?parent=35212"}],"wp:term":[{"taxonomy":"pwb-brand","embeddable":true,"href":"https:\/\/amedis.es\/tienda\/wp-json\/wp\/v2\/pwb-brand?post=35212"},{"taxonomy":"product_brand","embeddable":true,"href":"https:\/\/amedis.es\/tienda\/wp-json\/wp\/v2\/product_brand?post=35212"},{"taxonomy":"product_cat","embeddable":true,"href":"https:\/\/amedis.es\/tienda\/wp-json\/wp\/v2\/product_cat?post=35212"},{"taxonomy":"product_tag","embeddable":true,"href":"https:\/\/amedis.es\/tienda\/wp-json\/wp\/v2\/product_tag?post=35212"}],"curies":[{"name":"wp","href":"https:\/\/api.w.org\/{rel}","templated":true}]}}