{"id":35196,"date":"2025-09-19T08:42:53","date_gmt":"2025-09-19T08:42:53","guid":{"rendered":"https:\/\/amedis.es\/tienda\/?post_type=product&#038;p=35196"},"modified":"2025-09-19T08:45:22","modified_gmt":"2025-09-19T08:45:22","slug":"venus-pearl-pure-shades-kit-plt","status":"publish","type":"product","link":"https:\/\/amedis.es\/tienda\/producto\/venus-pearl-pure-shades-kit-plt\/","title":{"rendered":"VENUS PEARL PURE SHADES KIT PLT"},"content":{"rendered":"<p>Composite nanoh\u00edbrido fotopolimerizable. Excelente radiopacidad. Indicado para restauraciones anteriores y posteriores. Propiedades f\u00edsicas excepcionales, la innovadora matriz de Venus Pearl ofrece una incre\u00edble resistencia a la flexi\u00f3n y un m\u00ednimo estr\u00e9s de contracci\u00f3n, esto se traduce en menos chippings, desgastes y caries secundarias de forma duradera. Manejo f\u00e1cil y c\u00f3modo gracias a su consistencia cremosa y estable. No se pega al instrumento. Ofrece un tiempo de trabajo prolongado y un pulido de alto brillo. Libre de BPA.<br \/>\nVenus Pearl Pure Shades: La belleza de la sencillez.<\/p>\n<p>Para restauraciones diarias de dientes anteriores y posteriores. La sencilla selecci\u00f3n de cuatro colores simplifica el procedimiento y consigue excelentes resultados con estratificaci\u00f3n monocrom\u00e1tica. Tambi\u00e9n reduce el estr\u00e9s y los errores en la selecci\u00f3n de color. Correspondencia de colores Pure con colores Vita:<\/p>\n<p>LIGHT: A1, B1, B2, C1, D2<br \/>\nMEDIUM: A2, A3, B3, C2, C3, C4, D3, D4<br \/>\nDARK: A3.5, A4, B4<br \/>\nBLEACH: BXL, BL<\/p>\n","protected":false},"excerpt":{"rendered":"<p>CONTENIDO: 40 c\u00e1psulas de 0,20 gr. de Venus Pearl Pure Shades (20 und. de cada color: LIGHT + MEDIUM) + 1 jeringa de 2 gr. Venus Bulk Flow ONE + 1 botella de 2 ml iBOND Universal + 5 puntas para Bulk Flow + tabla de equivalencias + tarjet\u00f3n ilustrativo iBOND Universal + instrucciones de uso.<\/p>\n","protected":false},"featured_media":35197,"template":"","meta":[],"pwb-brand":[2357],"product_brand":[],"product_cat":[27,272,262],"product_tag":[],"class_list":{"0":"post-35196","1":"product","2":"type-product","3":"status-publish","4":"has-post-thumbnail","6":"pwb-brand-kulzer","7":"product_cat-clinica","8":"product_cat-composites-universales","9":"product_cat-restauracion","11":"first","12":"instock","13":"sale","14":"taxable","15":"shipping-taxable","16":"purchasable","17":"product-type-simple"},"yoast_head":"<!-- This site is optimized with the Yoast SEO plugin v27.4 - https:\/\/yoast.com\/product\/yoast-seo-wordpress\/ -->\n<title>VENUS PEARL PURE SHADES KIT PLT | Amedis<\/title>\n<meta name=\"description\" content=\"Composite nanoh\u00edbrido fotopolimerizable. Excelente radiopacidad. Indicado para restauraciones anteriores y posteriores.\" \/>\n<meta name=\"robots\" content=\"index, follow, max-snippet:-1, max-image-preview:large, max-video-preview:-1\" \/>\n<link rel=\"canonical\" href=\"https:\/\/amedis.es\/tienda\/producto\/venus-pearl-pure-shades-kit-plt\/\" \/>\n<meta property=\"og:locale\" content=\"es_ES\" \/>\n<meta property=\"og:type\" content=\"article\" \/>\n<meta property=\"og:title\" content=\"VENUS PEARL PURE SHADES KIT PLT | Amedis\" \/>\n<meta property=\"og:description\" content=\"Composite nanoh\u00edbrido fotopolimerizable. Excelente radiopacidad. Indicado para restauraciones anteriores y posteriores.\" \/>\n<meta property=\"og:url\" content=\"https:\/\/amedis.es\/tienda\/producto\/venus-pearl-pure-shades-kit-plt\/\" \/>\n<meta property=\"og:site_name\" content=\"Amedis\" \/>\n<meta property=\"article:modified_time\" content=\"2025-09-19T08:45:22+00:00\" \/>\n<meta property=\"og:image\" content=\"https:\/\/amedis.es\/tienda\/wp-content\/uploads\/2025\/09\/VENUS-PEARL-PURE-SHADES-KIT-PLT.jpg\" \/>\n\t<meta property=\"og:image:width\" content=\"600\" \/>\n\t<meta property=\"og:image:height\" content=\"600\" \/>\n\t<meta property=\"og:image:type\" content=\"image\/jpeg\" \/>\n<meta name=\"twitter:card\" content=\"summary_large_image\" \/>\n<meta name=\"twitter:label1\" content=\"Tiempo de lectura\" \/>\n\t<meta name=\"twitter:data1\" content=\"1 minuto\" \/>\n<script type=\"application\/ld+json\" class=\"yoast-schema-graph\">{\"@context\":\"https:\\\/\\\/schema.org\",\"@graph\":[{\"@type\":\"WebPage\",\"@id\":\"https:\\\/\\\/amedis.es\\\/tienda\\\/producto\\\/venus-pearl-pure-shades-kit-plt\\\/\",\"url\":\"https:\\\/\\\/amedis.es\\\/tienda\\\/producto\\\/venus-pearl-pure-shades-kit-plt\\\/\",\"name\":\"VENUS PEARL PURE SHADES KIT PLT | Amedis\",\"isPartOf\":{\"@id\":\"https:\\\/\\\/amedis.es\\\/tienda\\\/#website\"},\"primaryImageOfPage\":{\"@id\":\"https:\\\/\\\/amedis.es\\\/tienda\\\/producto\\\/venus-pearl-pure-shades-kit-plt\\\/#primaryimage\"},\"image\":{\"@id\":\"https:\\\/\\\/amedis.es\\\/tienda\\\/producto\\\/venus-pearl-pure-shades-kit-plt\\\/#primaryimage\"},\"thumbnailUrl\":\"https:\\\/\\\/amedis.es\\\/tienda\\\/wp-content\\\/uploads\\\/2025\\\/09\\\/VENUS-PEARL-PURE-SHADES-KIT-PLT.jpg\",\"datePublished\":\"2025-09-19T08:42:53+00:00\",\"dateModified\":\"2025-09-19T08:45:22+00:00\",\"description\":\"Composite nanoh\u00edbrido fotopolimerizable. Excelente radiopacidad. Indicado para restauraciones anteriores y posteriores.\",\"breadcrumb\":{\"@id\":\"https:\\\/\\\/amedis.es\\\/tienda\\\/producto\\\/venus-pearl-pure-shades-kit-plt\\\/#breadcrumb\"},\"inLanguage\":\"es\",\"potentialAction\":[{\"@type\":\"ReadAction\",\"target\":[\"https:\\\/\\\/amedis.es\\\/tienda\\\/producto\\\/venus-pearl-pure-shades-kit-plt\\\/\"]}]},{\"@type\":\"ImageObject\",\"inLanguage\":\"es\",\"@id\":\"https:\\\/\\\/amedis.es\\\/tienda\\\/producto\\\/venus-pearl-pure-shades-kit-plt\\\/#primaryimage\",\"url\":\"https:\\\/\\\/amedis.es\\\/tienda\\\/wp-content\\\/uploads\\\/2025\\\/09\\\/VENUS-PEARL-PURE-SHADES-KIT-PLT.jpg\",\"contentUrl\":\"https:\\\/\\\/amedis.es\\\/tienda\\\/wp-content\\\/uploads\\\/2025\\\/09\\\/VENUS-PEARL-PURE-SHADES-KIT-PLT.jpg\",\"width\":600,\"height\":600,\"caption\":\"Amedis VENUS PEARL PURE SHADES KIT PLT\"},{\"@type\":\"BreadcrumbList\",\"@id\":\"https:\\\/\\\/amedis.es\\\/tienda\\\/producto\\\/venus-pearl-pure-shades-kit-plt\\\/#breadcrumb\",\"itemListElement\":[{\"@type\":\"ListItem\",\"position\":1,\"name\":\"Portada\",\"item\":\"https:\\\/\\\/amedis.es\\\/tienda\\\/\"},{\"@type\":\"ListItem\",\"position\":2,\"name\":\"Amedis | Suministros M\u00e9dicos y Dentales | Tienda\",\"item\":\"https:\\\/\\\/amedis.es\\\/tienda\\\/suministros-medicos-y-dentales\\\/\"},{\"@type\":\"ListItem\",\"position\":3,\"name\":\"VENUS PEARL PURE SHADES KIT PLT\"}]},{\"@type\":\"WebSite\",\"@id\":\"https:\\\/\\\/amedis.es\\\/tienda\\\/#website\",\"url\":\"https:\\\/\\\/amedis.es\\\/tienda\\\/\",\"name\":\"Amedis\",\"description\":\"Suministros M\u00e9dicos y Dentales\",\"publisher\":{\"@id\":\"https:\\\/\\\/amedis.es\\\/tienda\\\/#organization\"},\"potentialAction\":[{\"@type\":\"SearchAction\",\"target\":{\"@type\":\"EntryPoint\",\"urlTemplate\":\"https:\\\/\\\/amedis.es\\\/tienda\\\/?s={search_term_string}\"},\"query-input\":{\"@type\":\"PropertyValueSpecification\",\"valueRequired\":true,\"valueName\":\"search_term_string\"}}],\"inLanguage\":\"es\"},{\"@type\":\"Organization\",\"@id\":\"https:\\\/\\\/amedis.es\\\/tienda\\\/#organization\",\"name\":\"Amedis | Suministros M\u00e9dicos y Dentales\",\"url\":\"https:\\\/\\\/amedis.es\\\/tienda\\\/\",\"logo\":{\"@type\":\"ImageObject\",\"inLanguage\":\"es\",\"@id\":\"https:\\\/\\\/amedis.es\\\/tienda\\\/#\\\/schema\\\/logo\\\/image\\\/\",\"url\":\"https:\\\/\\\/amedis.es\\\/tienda\\\/wp-content\\\/uploads\\\/2020\\\/05\\\/logo-1.png\",\"contentUrl\":\"https:\\\/\\\/amedis.es\\\/tienda\\\/wp-content\\\/uploads\\\/2020\\\/05\\\/logo-1.png\",\"width\":191,\"height\":80,\"caption\":\"Amedis | Suministros M\u00e9dicos y Dentales\"},\"image\":{\"@id\":\"https:\\\/\\\/amedis.es\\\/tienda\\\/#\\\/schema\\\/logo\\\/image\\\/\"}}]}<\/script>\n<!-- \/ Yoast SEO plugin. -->","yoast_head_json":{"title":"VENUS PEARL PURE SHADES KIT PLT | Amedis","description":"Composite nanoh\u00edbrido fotopolimerizable. Excelente radiopacidad. Indicado para restauraciones anteriores y posteriores.","robots":{"index":"index","follow":"follow","max-snippet":"max-snippet:-1","max-image-preview":"max-image-preview:large","max-video-preview":"max-video-preview:-1"},"canonical":"https:\/\/amedis.es\/tienda\/producto\/venus-pearl-pure-shades-kit-plt\/","og_locale":"es_ES","og_type":"article","og_title":"VENUS PEARL PURE SHADES KIT PLT | Amedis","og_description":"Composite nanoh\u00edbrido fotopolimerizable. Excelente radiopacidad. Indicado para restauraciones anteriores y posteriores.","og_url":"https:\/\/amedis.es\/tienda\/producto\/venus-pearl-pure-shades-kit-plt\/","og_site_name":"Amedis","article_modified_time":"2025-09-19T08:45:22+00:00","og_image":[{"width":600,"height":600,"url":"https:\/\/amedis.es\/tienda\/wp-content\/uploads\/2025\/09\/VENUS-PEARL-PURE-SHADES-KIT-PLT.jpg","type":"image\/jpeg"}],"twitter_card":"summary_large_image","twitter_misc":{"Tiempo de lectura":"1 minuto"},"schema":{"@context":"https:\/\/schema.org","@graph":[{"@type":"WebPage","@id":"https:\/\/amedis.es\/tienda\/producto\/venus-pearl-pure-shades-kit-plt\/","url":"https:\/\/amedis.es\/tienda\/producto\/venus-pearl-pure-shades-kit-plt\/","name":"VENUS PEARL PURE SHADES KIT PLT | Amedis","isPartOf":{"@id":"https:\/\/amedis.es\/tienda\/#website"},"primaryImageOfPage":{"@id":"https:\/\/amedis.es\/tienda\/producto\/venus-pearl-pure-shades-kit-plt\/#primaryimage"},"image":{"@id":"https:\/\/amedis.es\/tienda\/producto\/venus-pearl-pure-shades-kit-plt\/#primaryimage"},"thumbnailUrl":"https:\/\/amedis.es\/tienda\/wp-content\/uploads\/2025\/09\/VENUS-PEARL-PURE-SHADES-KIT-PLT.jpg","datePublished":"2025-09-19T08:42:53+00:00","dateModified":"2025-09-19T08:45:22+00:00","description":"Composite nanoh\u00edbrido fotopolimerizable. Excelente radiopacidad. Indicado para restauraciones anteriores y posteriores.","breadcrumb":{"@id":"https:\/\/amedis.es\/tienda\/producto\/venus-pearl-pure-shades-kit-plt\/#breadcrumb"},"inLanguage":"es","potentialAction":[{"@type":"ReadAction","target":["https:\/\/amedis.es\/tienda\/producto\/venus-pearl-pure-shades-kit-plt\/"]}]},{"@type":"ImageObject","inLanguage":"es","@id":"https:\/\/amedis.es\/tienda\/producto\/venus-pearl-pure-shades-kit-plt\/#primaryimage","url":"https:\/\/amedis.es\/tienda\/wp-content\/uploads\/2025\/09\/VENUS-PEARL-PURE-SHADES-KIT-PLT.jpg","contentUrl":"https:\/\/amedis.es\/tienda\/wp-content\/uploads\/2025\/09\/VENUS-PEARL-PURE-SHADES-KIT-PLT.jpg","width":600,"height":600,"caption":"Amedis VENUS PEARL PURE SHADES KIT PLT"},{"@type":"BreadcrumbList","@id":"https:\/\/amedis.es\/tienda\/producto\/venus-pearl-pure-shades-kit-plt\/#breadcrumb","itemListElement":[{"@type":"ListItem","position":1,"name":"Portada","item":"https:\/\/amedis.es\/tienda\/"},{"@type":"ListItem","position":2,"name":"Amedis | Suministros M\u00e9dicos y Dentales | Tienda","item":"https:\/\/amedis.es\/tienda\/suministros-medicos-y-dentales\/"},{"@type":"ListItem","position":3,"name":"VENUS PEARL PURE SHADES KIT PLT"}]},{"@type":"WebSite","@id":"https:\/\/amedis.es\/tienda\/#website","url":"https:\/\/amedis.es\/tienda\/","name":"Amedis","description":"Suministros M\u00e9dicos y Dentales","publisher":{"@id":"https:\/\/amedis.es\/tienda\/#organization"},"potentialAction":[{"@type":"SearchAction","target":{"@type":"EntryPoint","urlTemplate":"https:\/\/amedis.es\/tienda\/?s={search_term_string}"},"query-input":{"@type":"PropertyValueSpecification","valueRequired":true,"valueName":"search_term_string"}}],"inLanguage":"es"},{"@type":"Organization","@id":"https:\/\/amedis.es\/tienda\/#organization","name":"Amedis | Suministros M\u00e9dicos y Dentales","url":"https:\/\/amedis.es\/tienda\/","logo":{"@type":"ImageObject","inLanguage":"es","@id":"https:\/\/amedis.es\/tienda\/#\/schema\/logo\/image\/","url":"https:\/\/amedis.es\/tienda\/wp-content\/uploads\/2020\/05\/logo-1.png","contentUrl":"https:\/\/amedis.es\/tienda\/wp-content\/uploads\/2020\/05\/logo-1.png","width":191,"height":80,"caption":"Amedis | Suministros M\u00e9dicos y Dentales"},"image":{"@id":"https:\/\/amedis.es\/tienda\/#\/schema\/logo\/image\/"}}]}},"brands":[{"id":2357,"name":"KULZER","slug":"kulzer"}],"_links":{"self":[{"href":"https:\/\/amedis.es\/tienda\/wp-json\/wp\/v2\/product\/35196","targetHints":{"allow":["GET"]}}],"collection":[{"href":"https:\/\/amedis.es\/tienda\/wp-json\/wp\/v2\/product"}],"about":[{"href":"https:\/\/amedis.es\/tienda\/wp-json\/wp\/v2\/types\/product"}],"wp:featuredmedia":[{"embeddable":true,"href":"https:\/\/amedis.es\/tienda\/wp-json\/wp\/v2\/media\/35197"}],"wp:attachment":[{"href":"https:\/\/amedis.es\/tienda\/wp-json\/wp\/v2\/media?parent=35196"}],"wp:term":[{"taxonomy":"pwb-brand","embeddable":true,"href":"https:\/\/amedis.es\/tienda\/wp-json\/wp\/v2\/pwb-brand?post=35196"},{"taxonomy":"product_brand","embeddable":true,"href":"https:\/\/amedis.es\/tienda\/wp-json\/wp\/v2\/product_brand?post=35196"},{"taxonomy":"product_cat","embeddable":true,"href":"https:\/\/amedis.es\/tienda\/wp-json\/wp\/v2\/product_cat?post=35196"},{"taxonomy":"product_tag","embeddable":true,"href":"https:\/\/amedis.es\/tienda\/wp-json\/wp\/v2\/product_tag?post=35196"}],"curies":[{"name":"wp","href":"https:\/\/api.w.org\/{rel}","templated":true}]}}