{"id":35167,"date":"2025-09-17T12:04:44","date_gmt":"2025-09-17T12:04:44","guid":{"rendered":"https:\/\/amedis.es\/tienda\/?post_type=product&#038;p=35167"},"modified":"2025-09-19T07:40:25","modified_gmt":"2025-09-19T07:40:25","slug":"brilliant-everglow-jeringa","status":"publish","type":"product","link":"https:\/\/amedis.es\/tienda\/producto\/brilliant-everglow-jeringa\/","title":{"rendered":"BRILLIANT EVERGLOW JERINGA"},"content":{"rendered":"<p>Brilliant EverGlow es un composite H\u00edbrido Submicr\u00f3nico Universal Est\u00e9tico para restauraciones anteriores y posteriores. Es f\u00e1cil de pulir mantiene el brillo de manera excepcional tiene un excelente manejo y una suave consistencia. Gracias a las sobresalientes caracter\u00edsticas de las mezclas de su relleno se logra f\u00e1cilmente obtener restauraciones altamente est\u00e9ticas con la aplicaci\u00f3n de una sola tonalidad. Nuestro concepto. Duo-Shade que combina dos tonos Vita en un \u00fanico color BRILLIANT EverGlow permite reducir el n\u00famero total de colores evitando grandes cantidades de jeringas de diferentes colores siendo adem\u00e1s m\u00e1s econ\u00f3mico de gestionar. Con BRILLIANT EverGlow COLTENE introduce una nueva jeringa. Resulta llamativa la funda de vidrio acr\u00edlico que presenta la jeringa en un dise\u00f1o moderno y elegante pero su finalidad es la de poder limpiar y desinfectar las jeringas sin alterar la informaci\u00f3n de la etiqueta.<\/p>\n<p>&nbsp;<\/p>\n","protected":false},"excerpt":{"rendered":"<p>CONTENIDO: 1 jeringa de 3 gr.<\/p>\n","protected":false},"featured_media":10623,"template":"","meta":[],"pwb-brand":[2350],"product_brand":[],"product_cat":[27,272,262],"product_tag":[],"class_list":{"0":"post-35167","1":"product","2":"type-product","3":"status-publish","4":"has-post-thumbnail","6":"pwb-brand-coltene","7":"product_cat-clinica","8":"product_cat-composites-universales","9":"product_cat-restauracion","11":"first","12":"instock","13":"sale","14":"taxable","15":"shipping-taxable","16":"purchasable","17":"product-type-variable"},"yoast_head":"<!-- This site is optimized with the Yoast SEO plugin v27.3 - https:\/\/yoast.com\/product\/yoast-seo-wordpress\/ -->\n<title>BRILLIANT EVERGLOW JERINGA | Amedis<\/title>\n<meta name=\"description\" content=\"Brilliant EverGlow es un composite H\u00edbrido Submicr\u00f3nico Universal Est\u00e9tico para restauraciones anteriores y posteriores\" \/>\n<meta name=\"robots\" content=\"index, follow, max-snippet:-1, max-image-preview:large, max-video-preview:-1\" \/>\n<link rel=\"canonical\" href=\"https:\/\/amedis.es\/tienda\/producto\/brilliant-everglow-jeringa\/\" \/>\n<meta property=\"og:locale\" content=\"es_ES\" \/>\n<meta property=\"og:type\" content=\"article\" \/>\n<meta property=\"og:title\" content=\"BRILLIANT EVERGLOW JERINGA | Amedis\" \/>\n<meta property=\"og:description\" content=\"Brilliant EverGlow es un composite H\u00edbrido Submicr\u00f3nico Universal Est\u00e9tico para restauraciones anteriores y posteriores\" \/>\n<meta property=\"og:url\" content=\"https:\/\/amedis.es\/tienda\/producto\/brilliant-everglow-jeringa\/\" \/>\n<meta property=\"og:site_name\" content=\"Amedis\" \/>\n<meta property=\"article:modified_time\" content=\"2025-09-19T07:40:25+00:00\" \/>\n<meta property=\"og:image\" content=\"https:\/\/amedis.es\/tienda\/wp-content\/uploads\/2021\/07\/BRILLIANT-EVERGLOW-JERINGA.jpg\" \/>\n\t<meta property=\"og:image:width\" content=\"600\" \/>\n\t<meta property=\"og:image:height\" content=\"600\" \/>\n\t<meta property=\"og:image:type\" content=\"image\/jpeg\" \/>\n<meta name=\"twitter:card\" content=\"summary_large_image\" \/>\n<meta name=\"twitter:label1\" content=\"Tiempo de lectura\" \/>\n\t<meta name=\"twitter:data1\" content=\"1 minuto\" \/>\n<script type=\"application\/ld+json\" class=\"yoast-schema-graph\">{\"@context\":\"https:\\\/\\\/schema.org\",\"@graph\":[{\"@type\":\"WebPage\",\"@id\":\"https:\\\/\\\/amedis.es\\\/tienda\\\/producto\\\/brilliant-everglow-jeringa\\\/\",\"url\":\"https:\\\/\\\/amedis.es\\\/tienda\\\/producto\\\/brilliant-everglow-jeringa\\\/\",\"name\":\"BRILLIANT EVERGLOW JERINGA | Amedis\",\"isPartOf\":{\"@id\":\"https:\\\/\\\/amedis.es\\\/tienda\\\/#website\"},\"primaryImageOfPage\":{\"@id\":\"https:\\\/\\\/amedis.es\\\/tienda\\\/producto\\\/brilliant-everglow-jeringa\\\/#primaryimage\"},\"image\":{\"@id\":\"https:\\\/\\\/amedis.es\\\/tienda\\\/producto\\\/brilliant-everglow-jeringa\\\/#primaryimage\"},\"thumbnailUrl\":\"https:\\\/\\\/amedis.es\\\/tienda\\\/wp-content\\\/uploads\\\/2021\\\/07\\\/BRILLIANT-EVERGLOW-JERINGA.jpg\",\"datePublished\":\"2025-09-17T12:04:44+00:00\",\"dateModified\":\"2025-09-19T07:40:25+00:00\",\"description\":\"Brilliant EverGlow es un composite H\u00edbrido Submicr\u00f3nico Universal Est\u00e9tico para restauraciones anteriores y posteriores\",\"breadcrumb\":{\"@id\":\"https:\\\/\\\/amedis.es\\\/tienda\\\/producto\\\/brilliant-everglow-jeringa\\\/#breadcrumb\"},\"inLanguage\":\"es\",\"potentialAction\":[{\"@type\":\"ReadAction\",\"target\":[\"https:\\\/\\\/amedis.es\\\/tienda\\\/producto\\\/brilliant-everglow-jeringa\\\/\"]}]},{\"@type\":\"ImageObject\",\"inLanguage\":\"es\",\"@id\":\"https:\\\/\\\/amedis.es\\\/tienda\\\/producto\\\/brilliant-everglow-jeringa\\\/#primaryimage\",\"url\":\"https:\\\/\\\/amedis.es\\\/tienda\\\/wp-content\\\/uploads\\\/2021\\\/07\\\/BRILLIANT-EVERGLOW-JERINGA.jpg\",\"contentUrl\":\"https:\\\/\\\/amedis.es\\\/tienda\\\/wp-content\\\/uploads\\\/2021\\\/07\\\/BRILLIANT-EVERGLOW-JERINGA.jpg\",\"width\":600,\"height\":600,\"caption\":\"Amedis BRILLIANT EVERGLOW JERINGA\"},{\"@type\":\"BreadcrumbList\",\"@id\":\"https:\\\/\\\/amedis.es\\\/tienda\\\/producto\\\/brilliant-everglow-jeringa\\\/#breadcrumb\",\"itemListElement\":[{\"@type\":\"ListItem\",\"position\":1,\"name\":\"Portada\",\"item\":\"https:\\\/\\\/amedis.es\\\/tienda\\\/\"},{\"@type\":\"ListItem\",\"position\":2,\"name\":\"Amedis | Suministros M\u00e9dicos y Dentales | Tienda\",\"item\":\"https:\\\/\\\/amedis.es\\\/tienda\\\/suministros-medicos-y-dentales\\\/\"},{\"@type\":\"ListItem\",\"position\":3,\"name\":\"BRILLIANT EVERGLOW JERINGA\"}]},{\"@type\":\"WebSite\",\"@id\":\"https:\\\/\\\/amedis.es\\\/tienda\\\/#website\",\"url\":\"https:\\\/\\\/amedis.es\\\/tienda\\\/\",\"name\":\"Amedis\",\"description\":\"Suministros M\u00e9dicos y Dentales\",\"publisher\":{\"@id\":\"https:\\\/\\\/amedis.es\\\/tienda\\\/#organization\"},\"potentialAction\":[{\"@type\":\"SearchAction\",\"target\":{\"@type\":\"EntryPoint\",\"urlTemplate\":\"https:\\\/\\\/amedis.es\\\/tienda\\\/?s={search_term_string}\"},\"query-input\":{\"@type\":\"PropertyValueSpecification\",\"valueRequired\":true,\"valueName\":\"search_term_string\"}}],\"inLanguage\":\"es\"},{\"@type\":\"Organization\",\"@id\":\"https:\\\/\\\/amedis.es\\\/tienda\\\/#organization\",\"name\":\"Amedis | Suministros M\u00e9dicos y Dentales\",\"url\":\"https:\\\/\\\/amedis.es\\\/tienda\\\/\",\"logo\":{\"@type\":\"ImageObject\",\"inLanguage\":\"es\",\"@id\":\"https:\\\/\\\/amedis.es\\\/tienda\\\/#\\\/schema\\\/logo\\\/image\\\/\",\"url\":\"https:\\\/\\\/amedis.es\\\/tienda\\\/wp-content\\\/uploads\\\/2020\\\/05\\\/logo-1.png\",\"contentUrl\":\"https:\\\/\\\/amedis.es\\\/tienda\\\/wp-content\\\/uploads\\\/2020\\\/05\\\/logo-1.png\",\"width\":191,\"height\":80,\"caption\":\"Amedis | Suministros M\u00e9dicos y Dentales\"},\"image\":{\"@id\":\"https:\\\/\\\/amedis.es\\\/tienda\\\/#\\\/schema\\\/logo\\\/image\\\/\"}}]}<\/script>\n<!-- \/ Yoast SEO plugin. -->","yoast_head_json":{"title":"BRILLIANT EVERGLOW JERINGA | Amedis","description":"Brilliant EverGlow es un composite H\u00edbrido Submicr\u00f3nico Universal Est\u00e9tico para restauraciones anteriores y posteriores","robots":{"index":"index","follow":"follow","max-snippet":"max-snippet:-1","max-image-preview":"max-image-preview:large","max-video-preview":"max-video-preview:-1"},"canonical":"https:\/\/amedis.es\/tienda\/producto\/brilliant-everglow-jeringa\/","og_locale":"es_ES","og_type":"article","og_title":"BRILLIANT EVERGLOW JERINGA | Amedis","og_description":"Brilliant EverGlow es un composite H\u00edbrido Submicr\u00f3nico Universal Est\u00e9tico para restauraciones anteriores y posteriores","og_url":"https:\/\/amedis.es\/tienda\/producto\/brilliant-everglow-jeringa\/","og_site_name":"Amedis","article_modified_time":"2025-09-19T07:40:25+00:00","og_image":[{"width":600,"height":600,"url":"https:\/\/amedis.es\/tienda\/wp-content\/uploads\/2021\/07\/BRILLIANT-EVERGLOW-JERINGA.jpg","type":"image\/jpeg"}],"twitter_card":"summary_large_image","twitter_misc":{"Tiempo de lectura":"1 minuto"},"schema":{"@context":"https:\/\/schema.org","@graph":[{"@type":"WebPage","@id":"https:\/\/amedis.es\/tienda\/producto\/brilliant-everglow-jeringa\/","url":"https:\/\/amedis.es\/tienda\/producto\/brilliant-everglow-jeringa\/","name":"BRILLIANT EVERGLOW JERINGA | Amedis","isPartOf":{"@id":"https:\/\/amedis.es\/tienda\/#website"},"primaryImageOfPage":{"@id":"https:\/\/amedis.es\/tienda\/producto\/brilliant-everglow-jeringa\/#primaryimage"},"image":{"@id":"https:\/\/amedis.es\/tienda\/producto\/brilliant-everglow-jeringa\/#primaryimage"},"thumbnailUrl":"https:\/\/amedis.es\/tienda\/wp-content\/uploads\/2021\/07\/BRILLIANT-EVERGLOW-JERINGA.jpg","datePublished":"2025-09-17T12:04:44+00:00","dateModified":"2025-09-19T07:40:25+00:00","description":"Brilliant EverGlow es un composite H\u00edbrido Submicr\u00f3nico Universal Est\u00e9tico para restauraciones anteriores y posteriores","breadcrumb":{"@id":"https:\/\/amedis.es\/tienda\/producto\/brilliant-everglow-jeringa\/#breadcrumb"},"inLanguage":"es","potentialAction":[{"@type":"ReadAction","target":["https:\/\/amedis.es\/tienda\/producto\/brilliant-everglow-jeringa\/"]}]},{"@type":"ImageObject","inLanguage":"es","@id":"https:\/\/amedis.es\/tienda\/producto\/brilliant-everglow-jeringa\/#primaryimage","url":"https:\/\/amedis.es\/tienda\/wp-content\/uploads\/2021\/07\/BRILLIANT-EVERGLOW-JERINGA.jpg","contentUrl":"https:\/\/amedis.es\/tienda\/wp-content\/uploads\/2021\/07\/BRILLIANT-EVERGLOW-JERINGA.jpg","width":600,"height":600,"caption":"Amedis BRILLIANT EVERGLOW JERINGA"},{"@type":"BreadcrumbList","@id":"https:\/\/amedis.es\/tienda\/producto\/brilliant-everglow-jeringa\/#breadcrumb","itemListElement":[{"@type":"ListItem","position":1,"name":"Portada","item":"https:\/\/amedis.es\/tienda\/"},{"@type":"ListItem","position":2,"name":"Amedis | Suministros M\u00e9dicos y Dentales | Tienda","item":"https:\/\/amedis.es\/tienda\/suministros-medicos-y-dentales\/"},{"@type":"ListItem","position":3,"name":"BRILLIANT EVERGLOW JERINGA"}]},{"@type":"WebSite","@id":"https:\/\/amedis.es\/tienda\/#website","url":"https:\/\/amedis.es\/tienda\/","name":"Amedis","description":"Suministros M\u00e9dicos y Dentales","publisher":{"@id":"https:\/\/amedis.es\/tienda\/#organization"},"potentialAction":[{"@type":"SearchAction","target":{"@type":"EntryPoint","urlTemplate":"https:\/\/amedis.es\/tienda\/?s={search_term_string}"},"query-input":{"@type":"PropertyValueSpecification","valueRequired":true,"valueName":"search_term_string"}}],"inLanguage":"es"},{"@type":"Organization","@id":"https:\/\/amedis.es\/tienda\/#organization","name":"Amedis | Suministros M\u00e9dicos y Dentales","url":"https:\/\/amedis.es\/tienda\/","logo":{"@type":"ImageObject","inLanguage":"es","@id":"https:\/\/amedis.es\/tienda\/#\/schema\/logo\/image\/","url":"https:\/\/amedis.es\/tienda\/wp-content\/uploads\/2020\/05\/logo-1.png","contentUrl":"https:\/\/amedis.es\/tienda\/wp-content\/uploads\/2020\/05\/logo-1.png","width":191,"height":80,"caption":"Amedis | Suministros M\u00e9dicos y Dentales"},"image":{"@id":"https:\/\/amedis.es\/tienda\/#\/schema\/logo\/image\/"}}]}},"brands":[{"id":2350,"name":"COLTENE","slug":"coltene"}],"_links":{"self":[{"href":"https:\/\/amedis.es\/tienda\/wp-json\/wp\/v2\/product\/35167","targetHints":{"allow":["GET"]}}],"collection":[{"href":"https:\/\/amedis.es\/tienda\/wp-json\/wp\/v2\/product"}],"about":[{"href":"https:\/\/amedis.es\/tienda\/wp-json\/wp\/v2\/types\/product"}],"wp:featuredmedia":[{"embeddable":true,"href":"https:\/\/amedis.es\/tienda\/wp-json\/wp\/v2\/media\/10623"}],"wp:attachment":[{"href":"https:\/\/amedis.es\/tienda\/wp-json\/wp\/v2\/media?parent=35167"}],"wp:term":[{"taxonomy":"pwb-brand","embeddable":true,"href":"https:\/\/amedis.es\/tienda\/wp-json\/wp\/v2\/pwb-brand?post=35167"},{"taxonomy":"product_brand","embeddable":true,"href":"https:\/\/amedis.es\/tienda\/wp-json\/wp\/v2\/product_brand?post=35167"},{"taxonomy":"product_cat","embeddable":true,"href":"https:\/\/amedis.es\/tienda\/wp-json\/wp\/v2\/product_cat?post=35167"},{"taxonomy":"product_tag","embeddable":true,"href":"https:\/\/amedis.es\/tienda\/wp-json\/wp\/v2\/product_tag?post=35167"}],"curies":[{"name":"wp","href":"https:\/\/api.w.org\/{rel}","templated":true}]}}