{"id":35017,"date":"2025-09-15T19:39:21","date_gmt":"2025-09-15T19:39:21","guid":{"rendered":"https:\/\/amedis.es\/tienda\/?post_type=product&#038;p=35017"},"modified":"2025-09-17T10:42:52","modified_gmt":"2025-09-17T10:42:52","slug":"herculite-ultra-kit-standard-jeringa-6-jeringas","status":"publish","type":"product","link":"https:\/\/amedis.es\/tienda\/producto\/herculite-ultra-kit-standard-jeringa-6-jeringas\/","title":{"rendered":"HERCULITE ULTRA KIT STANDARD JERINGA (6 JERINGAS)"},"content":{"rendered":"<p>Herculite ultra kit ha sido la referencia en composites para la industria dental durante 20 a\u00f1os. Fieles a nuestro legado de innovaci\u00f3n en el desarrollo de materiales dentales de calidad KERR HAWE hace historia de nuevo con el lanzamiento de un nuevo miembro en la familia de los composites de KERR HAWE: HERCULITE XRV Ultra Composite nano-h\u00edbrido. Basado en la \u00faltima tecnolog\u00eda sobre nano-rellenos ofrece adem\u00e1s una mejorada manipulaci\u00f3n pulido y resistencia al desgaste. El nuevo HERCULITE XRV Ultra ha mejorado la apariencia de vitalidad de las restauraciones replicando la opalescencia y la fluorescencia del diente natural.<\/p>\n","protected":false},"excerpt":{"rendered":"<p>CONTENIDO: 6 jeringas de 4 gr. de los colores: \u2013 Esmalte: A1, A2, A3, A3.5, B2, B3, C2, D2 \u2013 Dentina: A3 + 1 jeringa PREMISE Flowable + 10 Puntas para Flowable + 1 OPTIBOND Solo plus (5ml) + 1 Jeringa de gel grabador (3gr) + 1 Kit OPTIDISC con 15 discos de cada tama\u00f1o (Extra-Grueso, Medio-Grueso, Fino y Extra-Fino) de 12,6 mm. y 2 mandriles + 25 pocillos de mezcla + 50 puntas de aplicaci\u00f3n + 10 puntas para gel.<\/p>\n","protected":false},"featured_media":10769,"template":"","meta":[],"pwb-brand":[2356],"product_brand":[],"product_cat":[27,272,89,262],"product_tag":[],"class_list":{"0":"post-35017","1":"product","2":"type-product","3":"status-publish","4":"has-post-thumbnail","6":"pwb-brand-kerr","7":"product_cat-clinica","8":"product_cat-composites-universales","9":"product_cat-desechables","10":"product_cat-restauracion","12":"first","13":"onbackorder","14":"sale","15":"taxable","16":"shipping-taxable","17":"purchasable","18":"product-type-simple"},"yoast_head":"<!-- This site is optimized with the Yoast SEO plugin v27.4 - https:\/\/yoast.com\/product\/yoast-seo-wordpress\/ -->\n<title>HERCULITE ULTRA KIT STANDARD JERINGA (6 JERINGAS) | Amedis<\/title>\n<meta name=\"description\" content=\"Herculite ultra kit ha sido la referencia en composites para la industria dental durante 20 a\u00f1os. Fieles a nuestro legado de innovaci\u00f3n\" \/>\n<meta name=\"robots\" content=\"index, follow, max-snippet:-1, max-image-preview:large, max-video-preview:-1\" \/>\n<link rel=\"canonical\" href=\"https:\/\/amedis.es\/tienda\/producto\/herculite-ultra-kit-standard-jeringa-6-jeringas\/\" \/>\n<meta property=\"og:locale\" content=\"es_ES\" \/>\n<meta property=\"og:type\" content=\"article\" \/>\n<meta property=\"og:title\" content=\"HERCULITE ULTRA KIT STANDARD JERINGA (6 JERINGAS) | Amedis\" \/>\n<meta property=\"og:description\" content=\"Herculite ultra kit ha sido la referencia en composites para la industria dental durante 20 a\u00f1os. Fieles a nuestro legado de innovaci\u00f3n\" \/>\n<meta property=\"og:url\" content=\"https:\/\/amedis.es\/tienda\/producto\/herculite-ultra-kit-standard-jeringa-6-jeringas\/\" \/>\n<meta property=\"og:site_name\" content=\"Amedis\" \/>\n<meta property=\"article:modified_time\" content=\"2025-09-17T10:42:52+00:00\" \/>\n<meta property=\"og:image\" content=\"https:\/\/amedis.es\/tienda\/wp-content\/uploads\/2021\/07\/HERCULITE-ULTRA-KIT-STANDARD-JERINGA-6-JERINGAS.jpg\" \/>\n\t<meta property=\"og:image:width\" content=\"600\" \/>\n\t<meta property=\"og:image:height\" content=\"600\" \/>\n\t<meta property=\"og:image:type\" content=\"image\/jpeg\" \/>\n<meta name=\"twitter:card\" content=\"summary_large_image\" \/>\n<meta name=\"twitter:label1\" content=\"Tiempo de lectura\" \/>\n\t<meta name=\"twitter:data1\" content=\"1 minuto\" \/>\n<script type=\"application\/ld+json\" class=\"yoast-schema-graph\">{\"@context\":\"https:\\\/\\\/schema.org\",\"@graph\":[{\"@type\":\"WebPage\",\"@id\":\"https:\\\/\\\/amedis.es\\\/tienda\\\/producto\\\/herculite-ultra-kit-standard-jeringa-6-jeringas\\\/\",\"url\":\"https:\\\/\\\/amedis.es\\\/tienda\\\/producto\\\/herculite-ultra-kit-standard-jeringa-6-jeringas\\\/\",\"name\":\"HERCULITE ULTRA KIT STANDARD JERINGA (6 JERINGAS) | Amedis\",\"isPartOf\":{\"@id\":\"https:\\\/\\\/amedis.es\\\/tienda\\\/#website\"},\"primaryImageOfPage\":{\"@id\":\"https:\\\/\\\/amedis.es\\\/tienda\\\/producto\\\/herculite-ultra-kit-standard-jeringa-6-jeringas\\\/#primaryimage\"},\"image\":{\"@id\":\"https:\\\/\\\/amedis.es\\\/tienda\\\/producto\\\/herculite-ultra-kit-standard-jeringa-6-jeringas\\\/#primaryimage\"},\"thumbnailUrl\":\"https:\\\/\\\/amedis.es\\\/tienda\\\/wp-content\\\/uploads\\\/2021\\\/07\\\/HERCULITE-ULTRA-KIT-STANDARD-JERINGA-6-JERINGAS.jpg\",\"datePublished\":\"2025-09-15T19:39:21+00:00\",\"dateModified\":\"2025-09-17T10:42:52+00:00\",\"description\":\"Herculite ultra kit ha sido la referencia en composites para la industria dental durante 20 a\u00f1os. Fieles a nuestro legado de innovaci\u00f3n\",\"breadcrumb\":{\"@id\":\"https:\\\/\\\/amedis.es\\\/tienda\\\/producto\\\/herculite-ultra-kit-standard-jeringa-6-jeringas\\\/#breadcrumb\"},\"inLanguage\":\"es\",\"potentialAction\":[{\"@type\":\"ReadAction\",\"target\":[\"https:\\\/\\\/amedis.es\\\/tienda\\\/producto\\\/herculite-ultra-kit-standard-jeringa-6-jeringas\\\/\"]}]},{\"@type\":\"ImageObject\",\"inLanguage\":\"es\",\"@id\":\"https:\\\/\\\/amedis.es\\\/tienda\\\/producto\\\/herculite-ultra-kit-standard-jeringa-6-jeringas\\\/#primaryimage\",\"url\":\"https:\\\/\\\/amedis.es\\\/tienda\\\/wp-content\\\/uploads\\\/2021\\\/07\\\/HERCULITE-ULTRA-KIT-STANDARD-JERINGA-6-JERINGAS.jpg\",\"contentUrl\":\"https:\\\/\\\/amedis.es\\\/tienda\\\/wp-content\\\/uploads\\\/2021\\\/07\\\/HERCULITE-ULTRA-KIT-STANDARD-JERINGA-6-JERINGAS.jpg\",\"width\":600,\"height\":600,\"caption\":\"Amedis HERCULITE ULTRA KIT STANDARD JERINGA (6 JERINGAS)\"},{\"@type\":\"BreadcrumbList\",\"@id\":\"https:\\\/\\\/amedis.es\\\/tienda\\\/producto\\\/herculite-ultra-kit-standard-jeringa-6-jeringas\\\/#breadcrumb\",\"itemListElement\":[{\"@type\":\"ListItem\",\"position\":1,\"name\":\"Portada\",\"item\":\"https:\\\/\\\/amedis.es\\\/tienda\\\/\"},{\"@type\":\"ListItem\",\"position\":2,\"name\":\"Amedis | Suministros M\u00e9dicos y Dentales | Tienda\",\"item\":\"https:\\\/\\\/amedis.es\\\/tienda\\\/suministros-medicos-y-dentales\\\/\"},{\"@type\":\"ListItem\",\"position\":3,\"name\":\"HERCULITE ULTRA KIT STANDARD JERINGA (6 JERINGAS)\"}]},{\"@type\":\"WebSite\",\"@id\":\"https:\\\/\\\/amedis.es\\\/tienda\\\/#website\",\"url\":\"https:\\\/\\\/amedis.es\\\/tienda\\\/\",\"name\":\"Amedis\",\"description\":\"Suministros M\u00e9dicos y Dentales\",\"publisher\":{\"@id\":\"https:\\\/\\\/amedis.es\\\/tienda\\\/#organization\"},\"potentialAction\":[{\"@type\":\"SearchAction\",\"target\":{\"@type\":\"EntryPoint\",\"urlTemplate\":\"https:\\\/\\\/amedis.es\\\/tienda\\\/?s={search_term_string}\"},\"query-input\":{\"@type\":\"PropertyValueSpecification\",\"valueRequired\":true,\"valueName\":\"search_term_string\"}}],\"inLanguage\":\"es\"},{\"@type\":\"Organization\",\"@id\":\"https:\\\/\\\/amedis.es\\\/tienda\\\/#organization\",\"name\":\"Amedis | Suministros M\u00e9dicos y Dentales\",\"url\":\"https:\\\/\\\/amedis.es\\\/tienda\\\/\",\"logo\":{\"@type\":\"ImageObject\",\"inLanguage\":\"es\",\"@id\":\"https:\\\/\\\/amedis.es\\\/tienda\\\/#\\\/schema\\\/logo\\\/image\\\/\",\"url\":\"https:\\\/\\\/amedis.es\\\/tienda\\\/wp-content\\\/uploads\\\/2020\\\/05\\\/logo-1.png\",\"contentUrl\":\"https:\\\/\\\/amedis.es\\\/tienda\\\/wp-content\\\/uploads\\\/2020\\\/05\\\/logo-1.png\",\"width\":191,\"height\":80,\"caption\":\"Amedis | Suministros M\u00e9dicos y Dentales\"},\"image\":{\"@id\":\"https:\\\/\\\/amedis.es\\\/tienda\\\/#\\\/schema\\\/logo\\\/image\\\/\"}}]}<\/script>\n<!-- \/ Yoast SEO plugin. -->","yoast_head_json":{"title":"HERCULITE ULTRA KIT STANDARD JERINGA (6 JERINGAS) | Amedis","description":"Herculite ultra kit ha sido la referencia en composites para la industria dental durante 20 a\u00f1os. Fieles a nuestro legado de innovaci\u00f3n","robots":{"index":"index","follow":"follow","max-snippet":"max-snippet:-1","max-image-preview":"max-image-preview:large","max-video-preview":"max-video-preview:-1"},"canonical":"https:\/\/amedis.es\/tienda\/producto\/herculite-ultra-kit-standard-jeringa-6-jeringas\/","og_locale":"es_ES","og_type":"article","og_title":"HERCULITE ULTRA KIT STANDARD JERINGA (6 JERINGAS) | Amedis","og_description":"Herculite ultra kit ha sido la referencia en composites para la industria dental durante 20 a\u00f1os. Fieles a nuestro legado de innovaci\u00f3n","og_url":"https:\/\/amedis.es\/tienda\/producto\/herculite-ultra-kit-standard-jeringa-6-jeringas\/","og_site_name":"Amedis","article_modified_time":"2025-09-17T10:42:52+00:00","og_image":[{"width":600,"height":600,"url":"https:\/\/amedis.es\/tienda\/wp-content\/uploads\/2021\/07\/HERCULITE-ULTRA-KIT-STANDARD-JERINGA-6-JERINGAS.jpg","type":"image\/jpeg"}],"twitter_card":"summary_large_image","twitter_misc":{"Tiempo de lectura":"1 minuto"},"schema":{"@context":"https:\/\/schema.org","@graph":[{"@type":"WebPage","@id":"https:\/\/amedis.es\/tienda\/producto\/herculite-ultra-kit-standard-jeringa-6-jeringas\/","url":"https:\/\/amedis.es\/tienda\/producto\/herculite-ultra-kit-standard-jeringa-6-jeringas\/","name":"HERCULITE ULTRA KIT STANDARD JERINGA (6 JERINGAS) | Amedis","isPartOf":{"@id":"https:\/\/amedis.es\/tienda\/#website"},"primaryImageOfPage":{"@id":"https:\/\/amedis.es\/tienda\/producto\/herculite-ultra-kit-standard-jeringa-6-jeringas\/#primaryimage"},"image":{"@id":"https:\/\/amedis.es\/tienda\/producto\/herculite-ultra-kit-standard-jeringa-6-jeringas\/#primaryimage"},"thumbnailUrl":"https:\/\/amedis.es\/tienda\/wp-content\/uploads\/2021\/07\/HERCULITE-ULTRA-KIT-STANDARD-JERINGA-6-JERINGAS.jpg","datePublished":"2025-09-15T19:39:21+00:00","dateModified":"2025-09-17T10:42:52+00:00","description":"Herculite ultra kit ha sido la referencia en composites para la industria dental durante 20 a\u00f1os. Fieles a nuestro legado de innovaci\u00f3n","breadcrumb":{"@id":"https:\/\/amedis.es\/tienda\/producto\/herculite-ultra-kit-standard-jeringa-6-jeringas\/#breadcrumb"},"inLanguage":"es","potentialAction":[{"@type":"ReadAction","target":["https:\/\/amedis.es\/tienda\/producto\/herculite-ultra-kit-standard-jeringa-6-jeringas\/"]}]},{"@type":"ImageObject","inLanguage":"es","@id":"https:\/\/amedis.es\/tienda\/producto\/herculite-ultra-kit-standard-jeringa-6-jeringas\/#primaryimage","url":"https:\/\/amedis.es\/tienda\/wp-content\/uploads\/2021\/07\/HERCULITE-ULTRA-KIT-STANDARD-JERINGA-6-JERINGAS.jpg","contentUrl":"https:\/\/amedis.es\/tienda\/wp-content\/uploads\/2021\/07\/HERCULITE-ULTRA-KIT-STANDARD-JERINGA-6-JERINGAS.jpg","width":600,"height":600,"caption":"Amedis HERCULITE ULTRA KIT STANDARD JERINGA (6 JERINGAS)"},{"@type":"BreadcrumbList","@id":"https:\/\/amedis.es\/tienda\/producto\/herculite-ultra-kit-standard-jeringa-6-jeringas\/#breadcrumb","itemListElement":[{"@type":"ListItem","position":1,"name":"Portada","item":"https:\/\/amedis.es\/tienda\/"},{"@type":"ListItem","position":2,"name":"Amedis | Suministros M\u00e9dicos y Dentales | Tienda","item":"https:\/\/amedis.es\/tienda\/suministros-medicos-y-dentales\/"},{"@type":"ListItem","position":3,"name":"HERCULITE ULTRA KIT STANDARD JERINGA (6 JERINGAS)"}]},{"@type":"WebSite","@id":"https:\/\/amedis.es\/tienda\/#website","url":"https:\/\/amedis.es\/tienda\/","name":"Amedis","description":"Suministros M\u00e9dicos y Dentales","publisher":{"@id":"https:\/\/amedis.es\/tienda\/#organization"},"potentialAction":[{"@type":"SearchAction","target":{"@type":"EntryPoint","urlTemplate":"https:\/\/amedis.es\/tienda\/?s={search_term_string}"},"query-input":{"@type":"PropertyValueSpecification","valueRequired":true,"valueName":"search_term_string"}}],"inLanguage":"es"},{"@type":"Organization","@id":"https:\/\/amedis.es\/tienda\/#organization","name":"Amedis | Suministros M\u00e9dicos y Dentales","url":"https:\/\/amedis.es\/tienda\/","logo":{"@type":"ImageObject","inLanguage":"es","@id":"https:\/\/amedis.es\/tienda\/#\/schema\/logo\/image\/","url":"https:\/\/amedis.es\/tienda\/wp-content\/uploads\/2020\/05\/logo-1.png","contentUrl":"https:\/\/amedis.es\/tienda\/wp-content\/uploads\/2020\/05\/logo-1.png","width":191,"height":80,"caption":"Amedis | Suministros M\u00e9dicos y Dentales"},"image":{"@id":"https:\/\/amedis.es\/tienda\/#\/schema\/logo\/image\/"}}]}},"brands":[{"id":2356,"name":"KERR","slug":"kerr"}],"_links":{"self":[{"href":"https:\/\/amedis.es\/tienda\/wp-json\/wp\/v2\/product\/35017","targetHints":{"allow":["GET"]}}],"collection":[{"href":"https:\/\/amedis.es\/tienda\/wp-json\/wp\/v2\/product"}],"about":[{"href":"https:\/\/amedis.es\/tienda\/wp-json\/wp\/v2\/types\/product"}],"wp:featuredmedia":[{"embeddable":true,"href":"https:\/\/amedis.es\/tienda\/wp-json\/wp\/v2\/media\/10769"}],"wp:attachment":[{"href":"https:\/\/amedis.es\/tienda\/wp-json\/wp\/v2\/media?parent=35017"}],"wp:term":[{"taxonomy":"pwb-brand","embeddable":true,"href":"https:\/\/amedis.es\/tienda\/wp-json\/wp\/v2\/pwb-brand?post=35017"},{"taxonomy":"product_brand","embeddable":true,"href":"https:\/\/amedis.es\/tienda\/wp-json\/wp\/v2\/product_brand?post=35017"},{"taxonomy":"product_cat","embeddable":true,"href":"https:\/\/amedis.es\/tienda\/wp-json\/wp\/v2\/product_cat?post=35017"},{"taxonomy":"product_tag","embeddable":true,"href":"https:\/\/amedis.es\/tienda\/wp-json\/wp\/v2\/product_tag?post=35017"}],"curies":[{"name":"wp","href":"https:\/\/api.w.org\/{rel}","templated":true}]}}