{"id":35015,"date":"2025-09-15T19:36:16","date_gmt":"2025-09-15T19:36:16","guid":{"rendered":"https:\/\/amedis.es\/tienda\/?post_type=product&#038;p=35015"},"modified":"2025-09-17T10:45:36","modified_gmt":"2025-09-17T10:45:36","slug":"harmonize-kit-intro-jeringas","status":"publish","type":"product","link":"https:\/\/amedis.es\/tienda\/producto\/harmonize-kit-intro-jeringas\/","title":{"rendered":"HARMONIZE KIT INTRO JERINGAS"},"content":{"rendered":"<p>Harmonize kit intro. Composite nanoh\u00edbrido universal. Aporta la tecnolog\u00eda de respuesta adaptativa (ART) una red de relleno de nanopart\u00edculas que facilita m\u00e1s que nunca las restauraciones de aspecto natural mejores capacidades de mezcla y una mayor integridad estructural para asegurar que sus restauraciones tengan una fuerza excepcional y una est\u00e9tica sin igual. Es todo lo que se busca en un compuesto universal y m\u00e1s incluyendo: Mezcla superior y efecto camale\u00f3n gracias a las part\u00edculas de relleno \u00fanicas que refractan y difunden la luz de manera que se asemeja m\u00e1s al esmalte en comparaci\u00f3n con otros materiales. Retenci\u00f3n de brillo. Manejo excepcional del modificador reol\u00f3gico que hace que el composite sea suave y altamente moldeable sin pegajosidad. Mejor polimerizaci\u00f3n mayor integraci\u00f3n con la resina resistencia y durabilidad.<\/p>\n","protected":false},"excerpt":{"rendered":"<p>CONTENIDO: 4 jeringas de 4gr (Dentina A3-A3.5, Esmalte A2-A3), instrucciones.<\/p>\n","protected":false},"featured_media":10763,"template":"","meta":[],"pwb-brand":[2356],"product_brand":[],"product_cat":[27,272,262],"product_tag":[],"class_list":{"0":"post-35015","1":"product","2":"type-product","3":"status-publish","4":"has-post-thumbnail","6":"pwb-brand-kerr","7":"product_cat-clinica","8":"product_cat-composites-universales","9":"product_cat-restauracion","11":"first","12":"onbackorder","13":"sale","14":"taxable","15":"shipping-taxable","16":"purchasable","17":"product-type-simple"},"yoast_head":"<!-- This site is optimized with the Yoast SEO plugin v27.4 - https:\/\/yoast.com\/product\/yoast-seo-wordpress\/ -->\n<title>HARMONIZE KIT INTRO JERINGAS | Amedis<\/title>\n<meta name=\"description\" content=\"Harmonize kit intro. Composite nanoh\u00edbrido universal. Aporta la tecnolog\u00eda de respuesta adaptativa (ART) una red de relleno de nanopart\u00edculas\" \/>\n<meta name=\"robots\" content=\"index, follow, max-snippet:-1, max-image-preview:large, max-video-preview:-1\" \/>\n<link rel=\"canonical\" href=\"https:\/\/amedis.es\/tienda\/producto\/harmonize-kit-intro-jeringas\/\" \/>\n<meta property=\"og:locale\" content=\"es_ES\" \/>\n<meta property=\"og:type\" content=\"article\" \/>\n<meta property=\"og:title\" content=\"HARMONIZE KIT INTRO JERINGAS | Amedis\" \/>\n<meta property=\"og:description\" content=\"Harmonize kit intro. Composite nanoh\u00edbrido universal. Aporta la tecnolog\u00eda de respuesta adaptativa (ART) una red de relleno de nanopart\u00edculas\" \/>\n<meta property=\"og:url\" content=\"https:\/\/amedis.es\/tienda\/producto\/harmonize-kit-intro-jeringas\/\" \/>\n<meta property=\"og:site_name\" content=\"Amedis\" \/>\n<meta property=\"article:modified_time\" content=\"2025-09-17T10:45:36+00:00\" \/>\n<meta property=\"og:image\" content=\"https:\/\/amedis.es\/tienda\/wp-content\/uploads\/2021\/07\/HARMONIZE-KIT-INTRO-JERINGAS.jpg\" \/>\n\t<meta property=\"og:image:width\" content=\"600\" \/>\n\t<meta property=\"og:image:height\" content=\"600\" \/>\n\t<meta property=\"og:image:type\" content=\"image\/jpeg\" \/>\n<meta name=\"twitter:card\" content=\"summary_large_image\" \/>\n<meta name=\"twitter:label1\" content=\"Tiempo de lectura\" \/>\n\t<meta name=\"twitter:data1\" content=\"1 minuto\" \/>\n<script type=\"application\/ld+json\" class=\"yoast-schema-graph\">{\"@context\":\"https:\\\/\\\/schema.org\",\"@graph\":[{\"@type\":\"WebPage\",\"@id\":\"https:\\\/\\\/amedis.es\\\/tienda\\\/producto\\\/harmonize-kit-intro-jeringas\\\/\",\"url\":\"https:\\\/\\\/amedis.es\\\/tienda\\\/producto\\\/harmonize-kit-intro-jeringas\\\/\",\"name\":\"HARMONIZE KIT INTRO JERINGAS | Amedis\",\"isPartOf\":{\"@id\":\"https:\\\/\\\/amedis.es\\\/tienda\\\/#website\"},\"primaryImageOfPage\":{\"@id\":\"https:\\\/\\\/amedis.es\\\/tienda\\\/producto\\\/harmonize-kit-intro-jeringas\\\/#primaryimage\"},\"image\":{\"@id\":\"https:\\\/\\\/amedis.es\\\/tienda\\\/producto\\\/harmonize-kit-intro-jeringas\\\/#primaryimage\"},\"thumbnailUrl\":\"https:\\\/\\\/amedis.es\\\/tienda\\\/wp-content\\\/uploads\\\/2021\\\/07\\\/HARMONIZE-KIT-INTRO-JERINGAS.jpg\",\"datePublished\":\"2025-09-15T19:36:16+00:00\",\"dateModified\":\"2025-09-17T10:45:36+00:00\",\"description\":\"Harmonize kit intro. Composite nanoh\u00edbrido universal. Aporta la tecnolog\u00eda de respuesta adaptativa (ART) una red de relleno de nanopart\u00edculas\",\"breadcrumb\":{\"@id\":\"https:\\\/\\\/amedis.es\\\/tienda\\\/producto\\\/harmonize-kit-intro-jeringas\\\/#breadcrumb\"},\"inLanguage\":\"es\",\"potentialAction\":[{\"@type\":\"ReadAction\",\"target\":[\"https:\\\/\\\/amedis.es\\\/tienda\\\/producto\\\/harmonize-kit-intro-jeringas\\\/\"]}]},{\"@type\":\"ImageObject\",\"inLanguage\":\"es\",\"@id\":\"https:\\\/\\\/amedis.es\\\/tienda\\\/producto\\\/harmonize-kit-intro-jeringas\\\/#primaryimage\",\"url\":\"https:\\\/\\\/amedis.es\\\/tienda\\\/wp-content\\\/uploads\\\/2021\\\/07\\\/HARMONIZE-KIT-INTRO-JERINGAS.jpg\",\"contentUrl\":\"https:\\\/\\\/amedis.es\\\/tienda\\\/wp-content\\\/uploads\\\/2021\\\/07\\\/HARMONIZE-KIT-INTRO-JERINGAS.jpg\",\"width\":600,\"height\":600,\"caption\":\"Amedis HARMONIZE KIT INTRO JERINGAS\"},{\"@type\":\"BreadcrumbList\",\"@id\":\"https:\\\/\\\/amedis.es\\\/tienda\\\/producto\\\/harmonize-kit-intro-jeringas\\\/#breadcrumb\",\"itemListElement\":[{\"@type\":\"ListItem\",\"position\":1,\"name\":\"Portada\",\"item\":\"https:\\\/\\\/amedis.es\\\/tienda\\\/\"},{\"@type\":\"ListItem\",\"position\":2,\"name\":\"Amedis | Suministros M\u00e9dicos y Dentales | Tienda\",\"item\":\"https:\\\/\\\/amedis.es\\\/tienda\\\/suministros-medicos-y-dentales\\\/\"},{\"@type\":\"ListItem\",\"position\":3,\"name\":\"HARMONIZE KIT INTRO JERINGAS\"}]},{\"@type\":\"WebSite\",\"@id\":\"https:\\\/\\\/amedis.es\\\/tienda\\\/#website\",\"url\":\"https:\\\/\\\/amedis.es\\\/tienda\\\/\",\"name\":\"Amedis\",\"description\":\"Suministros M\u00e9dicos y Dentales\",\"publisher\":{\"@id\":\"https:\\\/\\\/amedis.es\\\/tienda\\\/#organization\"},\"potentialAction\":[{\"@type\":\"SearchAction\",\"target\":{\"@type\":\"EntryPoint\",\"urlTemplate\":\"https:\\\/\\\/amedis.es\\\/tienda\\\/?s={search_term_string}\"},\"query-input\":{\"@type\":\"PropertyValueSpecification\",\"valueRequired\":true,\"valueName\":\"search_term_string\"}}],\"inLanguage\":\"es\"},{\"@type\":\"Organization\",\"@id\":\"https:\\\/\\\/amedis.es\\\/tienda\\\/#organization\",\"name\":\"Amedis | Suministros M\u00e9dicos y Dentales\",\"url\":\"https:\\\/\\\/amedis.es\\\/tienda\\\/\",\"logo\":{\"@type\":\"ImageObject\",\"inLanguage\":\"es\",\"@id\":\"https:\\\/\\\/amedis.es\\\/tienda\\\/#\\\/schema\\\/logo\\\/image\\\/\",\"url\":\"https:\\\/\\\/amedis.es\\\/tienda\\\/wp-content\\\/uploads\\\/2020\\\/05\\\/logo-1.png\",\"contentUrl\":\"https:\\\/\\\/amedis.es\\\/tienda\\\/wp-content\\\/uploads\\\/2020\\\/05\\\/logo-1.png\",\"width\":191,\"height\":80,\"caption\":\"Amedis | Suministros M\u00e9dicos y Dentales\"},\"image\":{\"@id\":\"https:\\\/\\\/amedis.es\\\/tienda\\\/#\\\/schema\\\/logo\\\/image\\\/\"}}]}<\/script>\n<!-- \/ Yoast SEO plugin. -->","yoast_head_json":{"title":"HARMONIZE KIT INTRO JERINGAS | Amedis","description":"Harmonize kit intro. Composite nanoh\u00edbrido universal. Aporta la tecnolog\u00eda de respuesta adaptativa (ART) una red de relleno de nanopart\u00edculas","robots":{"index":"index","follow":"follow","max-snippet":"max-snippet:-1","max-image-preview":"max-image-preview:large","max-video-preview":"max-video-preview:-1"},"canonical":"https:\/\/amedis.es\/tienda\/producto\/harmonize-kit-intro-jeringas\/","og_locale":"es_ES","og_type":"article","og_title":"HARMONIZE KIT INTRO JERINGAS | Amedis","og_description":"Harmonize kit intro. Composite nanoh\u00edbrido universal. Aporta la tecnolog\u00eda de respuesta adaptativa (ART) una red de relleno de nanopart\u00edculas","og_url":"https:\/\/amedis.es\/tienda\/producto\/harmonize-kit-intro-jeringas\/","og_site_name":"Amedis","article_modified_time":"2025-09-17T10:45:36+00:00","og_image":[{"width":600,"height":600,"url":"https:\/\/amedis.es\/tienda\/wp-content\/uploads\/2021\/07\/HARMONIZE-KIT-INTRO-JERINGAS.jpg","type":"image\/jpeg"}],"twitter_card":"summary_large_image","twitter_misc":{"Tiempo de lectura":"1 minuto"},"schema":{"@context":"https:\/\/schema.org","@graph":[{"@type":"WebPage","@id":"https:\/\/amedis.es\/tienda\/producto\/harmonize-kit-intro-jeringas\/","url":"https:\/\/amedis.es\/tienda\/producto\/harmonize-kit-intro-jeringas\/","name":"HARMONIZE KIT INTRO JERINGAS | Amedis","isPartOf":{"@id":"https:\/\/amedis.es\/tienda\/#website"},"primaryImageOfPage":{"@id":"https:\/\/amedis.es\/tienda\/producto\/harmonize-kit-intro-jeringas\/#primaryimage"},"image":{"@id":"https:\/\/amedis.es\/tienda\/producto\/harmonize-kit-intro-jeringas\/#primaryimage"},"thumbnailUrl":"https:\/\/amedis.es\/tienda\/wp-content\/uploads\/2021\/07\/HARMONIZE-KIT-INTRO-JERINGAS.jpg","datePublished":"2025-09-15T19:36:16+00:00","dateModified":"2025-09-17T10:45:36+00:00","description":"Harmonize kit intro. Composite nanoh\u00edbrido universal. Aporta la tecnolog\u00eda de respuesta adaptativa (ART) una red de relleno de nanopart\u00edculas","breadcrumb":{"@id":"https:\/\/amedis.es\/tienda\/producto\/harmonize-kit-intro-jeringas\/#breadcrumb"},"inLanguage":"es","potentialAction":[{"@type":"ReadAction","target":["https:\/\/amedis.es\/tienda\/producto\/harmonize-kit-intro-jeringas\/"]}]},{"@type":"ImageObject","inLanguage":"es","@id":"https:\/\/amedis.es\/tienda\/producto\/harmonize-kit-intro-jeringas\/#primaryimage","url":"https:\/\/amedis.es\/tienda\/wp-content\/uploads\/2021\/07\/HARMONIZE-KIT-INTRO-JERINGAS.jpg","contentUrl":"https:\/\/amedis.es\/tienda\/wp-content\/uploads\/2021\/07\/HARMONIZE-KIT-INTRO-JERINGAS.jpg","width":600,"height":600,"caption":"Amedis HARMONIZE KIT INTRO JERINGAS"},{"@type":"BreadcrumbList","@id":"https:\/\/amedis.es\/tienda\/producto\/harmonize-kit-intro-jeringas\/#breadcrumb","itemListElement":[{"@type":"ListItem","position":1,"name":"Portada","item":"https:\/\/amedis.es\/tienda\/"},{"@type":"ListItem","position":2,"name":"Amedis | Suministros M\u00e9dicos y Dentales | Tienda","item":"https:\/\/amedis.es\/tienda\/suministros-medicos-y-dentales\/"},{"@type":"ListItem","position":3,"name":"HARMONIZE KIT INTRO JERINGAS"}]},{"@type":"WebSite","@id":"https:\/\/amedis.es\/tienda\/#website","url":"https:\/\/amedis.es\/tienda\/","name":"Amedis","description":"Suministros M\u00e9dicos y Dentales","publisher":{"@id":"https:\/\/amedis.es\/tienda\/#organization"},"potentialAction":[{"@type":"SearchAction","target":{"@type":"EntryPoint","urlTemplate":"https:\/\/amedis.es\/tienda\/?s={search_term_string}"},"query-input":{"@type":"PropertyValueSpecification","valueRequired":true,"valueName":"search_term_string"}}],"inLanguage":"es"},{"@type":"Organization","@id":"https:\/\/amedis.es\/tienda\/#organization","name":"Amedis | Suministros M\u00e9dicos y Dentales","url":"https:\/\/amedis.es\/tienda\/","logo":{"@type":"ImageObject","inLanguage":"es","@id":"https:\/\/amedis.es\/tienda\/#\/schema\/logo\/image\/","url":"https:\/\/amedis.es\/tienda\/wp-content\/uploads\/2020\/05\/logo-1.png","contentUrl":"https:\/\/amedis.es\/tienda\/wp-content\/uploads\/2020\/05\/logo-1.png","width":191,"height":80,"caption":"Amedis | Suministros M\u00e9dicos y Dentales"},"image":{"@id":"https:\/\/amedis.es\/tienda\/#\/schema\/logo\/image\/"}}]}},"brands":[{"id":2356,"name":"KERR","slug":"kerr"}],"_links":{"self":[{"href":"https:\/\/amedis.es\/tienda\/wp-json\/wp\/v2\/product\/35015","targetHints":{"allow":["GET"]}}],"collection":[{"href":"https:\/\/amedis.es\/tienda\/wp-json\/wp\/v2\/product"}],"about":[{"href":"https:\/\/amedis.es\/tienda\/wp-json\/wp\/v2\/types\/product"}],"wp:featuredmedia":[{"embeddable":true,"href":"https:\/\/amedis.es\/tienda\/wp-json\/wp\/v2\/media\/10763"}],"wp:attachment":[{"href":"https:\/\/amedis.es\/tienda\/wp-json\/wp\/v2\/media?parent=35015"}],"wp:term":[{"taxonomy":"pwb-brand","embeddable":true,"href":"https:\/\/amedis.es\/tienda\/wp-json\/wp\/v2\/pwb-brand?post=35015"},{"taxonomy":"product_brand","embeddable":true,"href":"https:\/\/amedis.es\/tienda\/wp-json\/wp\/v2\/product_brand?post=35015"},{"taxonomy":"product_cat","embeddable":true,"href":"https:\/\/amedis.es\/tienda\/wp-json\/wp\/v2\/product_cat?post=35015"},{"taxonomy":"product_tag","embeddable":true,"href":"https:\/\/amedis.es\/tienda\/wp-json\/wp\/v2\/product_tag?post=35015"}],"curies":[{"name":"wp","href":"https:\/\/api.w.org\/{rel}","templated":true}]}}