{"id":34852,"date":"2025-09-06T15:53:50","date_gmt":"2025-09-06T15:53:50","guid":{"rendered":"https:\/\/amedis.es\/tienda\/?post_type=product&#038;p=34852"},"modified":"2025-09-06T15:56:28","modified_gmt":"2025-09-06T15:56:28","slug":"acrifix-bonding","status":"publish","type":"product","link":"https:\/\/amedis.es\/tienda\/producto\/acrifix-bonding\/","title":{"rendered":"ACRIFIX BONDING"},"content":{"rendered":"<p>Acrifix es una resina antial\u00e9rgica fotopolimerizable de precisi\u00f3n, libre de metacrilato de metilo para laboratorio y cl\u00ednica. Es un producto sanitario de clase IIa certificado para la utilizaci\u00f3n en boca. Apto para resina 3D, fresadas y acr\u00edlicas.<\/p>\n<p>Es estable, no se deforma y f\u00e1cil de aplicar por ser un \u00fanico componente. Endurece mediante l\u00e1mparas de luz entre 360 y 420 nm. Debido a su forma compacta se puede repasar con facilidad y lograndose un acabado muy brillante. Existe en colores A3 o rosa.<\/p>\n<p class=\"resalte\"><em>Indicaciones<\/em><\/p>\n<ul>\n<li>Correcciones de peque\u00f1os defectos (poros, grietas) y terminaciones en general<\/li>\n<li>Composturas en toda clase de removibles<\/li>\n<li>Sellado de orificios oclusales de pr\u00f3tesis atornilladas sobre implantes<\/li>\n<li>Confecci\u00f3n de parciales sin llave de silicona<\/li>\n<li>Provisionales<\/li>\n<li>Aumento de la dimensi\u00f3n vertical del diente<\/li>\n<li>Dise\u00f1o de papilas<\/li>\n<li>Fijaci\u00f3n de ataches y dientes<\/li>\n<\/ul>\n","protected":false},"excerpt":{"rendered":"<p>CONTENIDO: 1 Frasco de 5 ml.<\/p>\n","protected":false},"featured_media":34853,"template":"","meta":[],"pwb-brand":[2668],"product_brand":[],"product_cat":[2604,2011,34],"product_tag":[],"class_list":{"0":"post-34852","1":"product","2":"type-product","3":"status-publish","4":"has-post-thumbnail","6":"pwb-brand-kuss","7":"product_cat-acrilicos-fotopolimerizables","8":"product_cat-acrilicos-resinas","9":"product_cat-laboratorio","11":"first","12":"instock","13":"sale","14":"taxable","15":"shipping-taxable","16":"purchasable","17":"product-type-simple"},"yoast_head":"<!-- This site is optimized with the Yoast SEO plugin v27.4 - https:\/\/yoast.com\/product\/yoast-seo-wordpress\/ -->\n<title>ACRIFIX BONDING | Amedis<\/title>\n<meta name=\"description\" content=\"Acrifix es una resina antial\u00e9rgica fotopolimerizable de precisi\u00f3n, libre de metacrilato de metilo para laboratorio y cl\u00ednica. Es un producto sanitario de clase IIa.\" \/>\n<meta name=\"robots\" content=\"index, follow, max-snippet:-1, max-image-preview:large, max-video-preview:-1\" \/>\n<link rel=\"canonical\" href=\"https:\/\/amedis.es\/tienda\/producto\/acrifix-bonding\/\" \/>\n<meta property=\"og:locale\" content=\"es_ES\" \/>\n<meta property=\"og:type\" content=\"article\" \/>\n<meta property=\"og:title\" content=\"ACRIFIX BONDING | Amedis\" \/>\n<meta property=\"og:description\" content=\"Acrifix es una resina antial\u00e9rgica fotopolimerizable de precisi\u00f3n, libre de metacrilato de metilo para laboratorio y cl\u00ednica. Es un producto sanitario de clase IIa.\" \/>\n<meta property=\"og:url\" content=\"https:\/\/amedis.es\/tienda\/producto\/acrifix-bonding\/\" \/>\n<meta property=\"og:site_name\" content=\"Amedis\" \/>\n<meta property=\"article:modified_time\" content=\"2025-09-06T15:56:28+00:00\" \/>\n<meta property=\"og:image\" content=\"https:\/\/amedis.es\/tienda\/wp-content\/uploads\/2025\/09\/ACRIFIX.jpg\" \/>\n\t<meta property=\"og:image:width\" content=\"600\" \/>\n\t<meta property=\"og:image:height\" content=\"600\" \/>\n\t<meta property=\"og:image:type\" content=\"image\/jpeg\" \/>\n<meta name=\"twitter:card\" content=\"summary_large_image\" \/>\n<meta name=\"twitter:label1\" content=\"Tiempo de lectura\" \/>\n\t<meta name=\"twitter:data1\" content=\"1 minuto\" \/>\n<script type=\"application\/ld+json\" class=\"yoast-schema-graph\">{\"@context\":\"https:\\\/\\\/schema.org\",\"@graph\":[{\"@type\":\"WebPage\",\"@id\":\"https:\\\/\\\/amedis.es\\\/tienda\\\/producto\\\/acrifix-bonding\\\/\",\"url\":\"https:\\\/\\\/amedis.es\\\/tienda\\\/producto\\\/acrifix-bonding\\\/\",\"name\":\"ACRIFIX BONDING | Amedis\",\"isPartOf\":{\"@id\":\"https:\\\/\\\/amedis.es\\\/tienda\\\/#website\"},\"primaryImageOfPage\":{\"@id\":\"https:\\\/\\\/amedis.es\\\/tienda\\\/producto\\\/acrifix-bonding\\\/#primaryimage\"},\"image\":{\"@id\":\"https:\\\/\\\/amedis.es\\\/tienda\\\/producto\\\/acrifix-bonding\\\/#primaryimage\"},\"thumbnailUrl\":\"https:\\\/\\\/amedis.es\\\/tienda\\\/wp-content\\\/uploads\\\/2025\\\/09\\\/ACRIFIX.jpg\",\"datePublished\":\"2025-09-06T15:53:50+00:00\",\"dateModified\":\"2025-09-06T15:56:28+00:00\",\"description\":\"Acrifix es una resina antial\u00e9rgica fotopolimerizable de precisi\u00f3n, libre de metacrilato de metilo para laboratorio y cl\u00ednica. Es un producto sanitario de clase IIa.\",\"breadcrumb\":{\"@id\":\"https:\\\/\\\/amedis.es\\\/tienda\\\/producto\\\/acrifix-bonding\\\/#breadcrumb\"},\"inLanguage\":\"es\",\"potentialAction\":[{\"@type\":\"ReadAction\",\"target\":[\"https:\\\/\\\/amedis.es\\\/tienda\\\/producto\\\/acrifix-bonding\\\/\"]}]},{\"@type\":\"ImageObject\",\"inLanguage\":\"es\",\"@id\":\"https:\\\/\\\/amedis.es\\\/tienda\\\/producto\\\/acrifix-bonding\\\/#primaryimage\",\"url\":\"https:\\\/\\\/amedis.es\\\/tienda\\\/wp-content\\\/uploads\\\/2025\\\/09\\\/ACRIFIX.jpg\",\"contentUrl\":\"https:\\\/\\\/amedis.es\\\/tienda\\\/wp-content\\\/uploads\\\/2025\\\/09\\\/ACRIFIX.jpg\",\"width\":600,\"height\":600,\"caption\":\"Amedis ACRIFIX\"},{\"@type\":\"BreadcrumbList\",\"@id\":\"https:\\\/\\\/amedis.es\\\/tienda\\\/producto\\\/acrifix-bonding\\\/#breadcrumb\",\"itemListElement\":[{\"@type\":\"ListItem\",\"position\":1,\"name\":\"Portada\",\"item\":\"https:\\\/\\\/amedis.es\\\/tienda\\\/\"},{\"@type\":\"ListItem\",\"position\":2,\"name\":\"Amedis | Suministros M\u00e9dicos y Dentales | Tienda\",\"item\":\"https:\\\/\\\/amedis.es\\\/tienda\\\/suministros-medicos-y-dentales\\\/\"},{\"@type\":\"ListItem\",\"position\":3,\"name\":\"ACRIFIX BONDING\"}]},{\"@type\":\"WebSite\",\"@id\":\"https:\\\/\\\/amedis.es\\\/tienda\\\/#website\",\"url\":\"https:\\\/\\\/amedis.es\\\/tienda\\\/\",\"name\":\"Amedis\",\"description\":\"Suministros M\u00e9dicos y Dentales\",\"publisher\":{\"@id\":\"https:\\\/\\\/amedis.es\\\/tienda\\\/#organization\"},\"potentialAction\":[{\"@type\":\"SearchAction\",\"target\":{\"@type\":\"EntryPoint\",\"urlTemplate\":\"https:\\\/\\\/amedis.es\\\/tienda\\\/?s={search_term_string}\"},\"query-input\":{\"@type\":\"PropertyValueSpecification\",\"valueRequired\":true,\"valueName\":\"search_term_string\"}}],\"inLanguage\":\"es\"},{\"@type\":\"Organization\",\"@id\":\"https:\\\/\\\/amedis.es\\\/tienda\\\/#organization\",\"name\":\"Amedis | Suministros M\u00e9dicos y Dentales\",\"url\":\"https:\\\/\\\/amedis.es\\\/tienda\\\/\",\"logo\":{\"@type\":\"ImageObject\",\"inLanguage\":\"es\",\"@id\":\"https:\\\/\\\/amedis.es\\\/tienda\\\/#\\\/schema\\\/logo\\\/image\\\/\",\"url\":\"https:\\\/\\\/amedis.es\\\/tienda\\\/wp-content\\\/uploads\\\/2020\\\/05\\\/logo-1.png\",\"contentUrl\":\"https:\\\/\\\/amedis.es\\\/tienda\\\/wp-content\\\/uploads\\\/2020\\\/05\\\/logo-1.png\",\"width\":191,\"height\":80,\"caption\":\"Amedis | Suministros M\u00e9dicos y Dentales\"},\"image\":{\"@id\":\"https:\\\/\\\/amedis.es\\\/tienda\\\/#\\\/schema\\\/logo\\\/image\\\/\"}}]}<\/script>\n<!-- \/ Yoast SEO plugin. -->","yoast_head_json":{"title":"ACRIFIX BONDING | Amedis","description":"Acrifix es una resina antial\u00e9rgica fotopolimerizable de precisi\u00f3n, libre de metacrilato de metilo para laboratorio y cl\u00ednica. Es un producto sanitario de clase IIa.","robots":{"index":"index","follow":"follow","max-snippet":"max-snippet:-1","max-image-preview":"max-image-preview:large","max-video-preview":"max-video-preview:-1"},"canonical":"https:\/\/amedis.es\/tienda\/producto\/acrifix-bonding\/","og_locale":"es_ES","og_type":"article","og_title":"ACRIFIX BONDING | Amedis","og_description":"Acrifix es una resina antial\u00e9rgica fotopolimerizable de precisi\u00f3n, libre de metacrilato de metilo para laboratorio y cl\u00ednica. Es un producto sanitario de clase IIa.","og_url":"https:\/\/amedis.es\/tienda\/producto\/acrifix-bonding\/","og_site_name":"Amedis","article_modified_time":"2025-09-06T15:56:28+00:00","og_image":[{"width":600,"height":600,"url":"https:\/\/amedis.es\/tienda\/wp-content\/uploads\/2025\/09\/ACRIFIX.jpg","type":"image\/jpeg"}],"twitter_card":"summary_large_image","twitter_misc":{"Tiempo de lectura":"1 minuto"},"schema":{"@context":"https:\/\/schema.org","@graph":[{"@type":"WebPage","@id":"https:\/\/amedis.es\/tienda\/producto\/acrifix-bonding\/","url":"https:\/\/amedis.es\/tienda\/producto\/acrifix-bonding\/","name":"ACRIFIX BONDING | Amedis","isPartOf":{"@id":"https:\/\/amedis.es\/tienda\/#website"},"primaryImageOfPage":{"@id":"https:\/\/amedis.es\/tienda\/producto\/acrifix-bonding\/#primaryimage"},"image":{"@id":"https:\/\/amedis.es\/tienda\/producto\/acrifix-bonding\/#primaryimage"},"thumbnailUrl":"https:\/\/amedis.es\/tienda\/wp-content\/uploads\/2025\/09\/ACRIFIX.jpg","datePublished":"2025-09-06T15:53:50+00:00","dateModified":"2025-09-06T15:56:28+00:00","description":"Acrifix es una resina antial\u00e9rgica fotopolimerizable de precisi\u00f3n, libre de metacrilato de metilo para laboratorio y cl\u00ednica. Es un producto sanitario de clase IIa.","breadcrumb":{"@id":"https:\/\/amedis.es\/tienda\/producto\/acrifix-bonding\/#breadcrumb"},"inLanguage":"es","potentialAction":[{"@type":"ReadAction","target":["https:\/\/amedis.es\/tienda\/producto\/acrifix-bonding\/"]}]},{"@type":"ImageObject","inLanguage":"es","@id":"https:\/\/amedis.es\/tienda\/producto\/acrifix-bonding\/#primaryimage","url":"https:\/\/amedis.es\/tienda\/wp-content\/uploads\/2025\/09\/ACRIFIX.jpg","contentUrl":"https:\/\/amedis.es\/tienda\/wp-content\/uploads\/2025\/09\/ACRIFIX.jpg","width":600,"height":600,"caption":"Amedis ACRIFIX"},{"@type":"BreadcrumbList","@id":"https:\/\/amedis.es\/tienda\/producto\/acrifix-bonding\/#breadcrumb","itemListElement":[{"@type":"ListItem","position":1,"name":"Portada","item":"https:\/\/amedis.es\/tienda\/"},{"@type":"ListItem","position":2,"name":"Amedis | Suministros M\u00e9dicos y Dentales | Tienda","item":"https:\/\/amedis.es\/tienda\/suministros-medicos-y-dentales\/"},{"@type":"ListItem","position":3,"name":"ACRIFIX BONDING"}]},{"@type":"WebSite","@id":"https:\/\/amedis.es\/tienda\/#website","url":"https:\/\/amedis.es\/tienda\/","name":"Amedis","description":"Suministros M\u00e9dicos y Dentales","publisher":{"@id":"https:\/\/amedis.es\/tienda\/#organization"},"potentialAction":[{"@type":"SearchAction","target":{"@type":"EntryPoint","urlTemplate":"https:\/\/amedis.es\/tienda\/?s={search_term_string}"},"query-input":{"@type":"PropertyValueSpecification","valueRequired":true,"valueName":"search_term_string"}}],"inLanguage":"es"},{"@type":"Organization","@id":"https:\/\/amedis.es\/tienda\/#organization","name":"Amedis | Suministros M\u00e9dicos y Dentales","url":"https:\/\/amedis.es\/tienda\/","logo":{"@type":"ImageObject","inLanguage":"es","@id":"https:\/\/amedis.es\/tienda\/#\/schema\/logo\/image\/","url":"https:\/\/amedis.es\/tienda\/wp-content\/uploads\/2020\/05\/logo-1.png","contentUrl":"https:\/\/amedis.es\/tienda\/wp-content\/uploads\/2020\/05\/logo-1.png","width":191,"height":80,"caption":"Amedis | Suministros M\u00e9dicos y Dentales"},"image":{"@id":"https:\/\/amedis.es\/tienda\/#\/schema\/logo\/image\/"}}]}},"brands":[{"id":2668,"name":"KUSS","slug":"kuss"}],"_links":{"self":[{"href":"https:\/\/amedis.es\/tienda\/wp-json\/wp\/v2\/product\/34852","targetHints":{"allow":["GET"]}}],"collection":[{"href":"https:\/\/amedis.es\/tienda\/wp-json\/wp\/v2\/product"}],"about":[{"href":"https:\/\/amedis.es\/tienda\/wp-json\/wp\/v2\/types\/product"}],"wp:featuredmedia":[{"embeddable":true,"href":"https:\/\/amedis.es\/tienda\/wp-json\/wp\/v2\/media\/34853"}],"wp:attachment":[{"href":"https:\/\/amedis.es\/tienda\/wp-json\/wp\/v2\/media?parent=34852"}],"wp:term":[{"taxonomy":"pwb-brand","embeddable":true,"href":"https:\/\/amedis.es\/tienda\/wp-json\/wp\/v2\/pwb-brand?post=34852"},{"taxonomy":"product_brand","embeddable":true,"href":"https:\/\/amedis.es\/tienda\/wp-json\/wp\/v2\/product_brand?post=34852"},{"taxonomy":"product_cat","embeddable":true,"href":"https:\/\/amedis.es\/tienda\/wp-json\/wp\/v2\/product_cat?post=34852"},{"taxonomy":"product_tag","embeddable":true,"href":"https:\/\/amedis.es\/tienda\/wp-json\/wp\/v2\/product_tag?post=34852"}],"curies":[{"name":"wp","href":"https:\/\/api.w.org\/{rel}","templated":true}]}}